{"id":17753,"date":"2024-03-01T16:49:04","date_gmt":"2024-03-01T15:49:04","guid":{"rendered":"https:\/\/u15jnbdpoq.preview.infomaniak.website\/produit\/100-beutel-mit-suesswaren-boden-aus-karton-perle-120-x-275-mm\/"},"modified":"2026-03-12T16:42:32","modified_gmt":"2026-03-12T15:42:32","slug":"100-beutel-mit-suesswaren-boden-aus-karton-perle-120-x-275-mm","status":"publish","type":"product","link":"https:\/\/www.csj-emballages.com\/de\/produit\/100-beutel-mit-suesswaren-boden-aus-karton-perle-120-x-275-mm\/","title":{"rendered":"S\u00fc\u00dfwarenbeutel Perle 120 x 275 mm pro 100"},"content":{"rendered":"<h2 class=\"p1\">S\u00fc\u00dfwarenbeutel<\/h2>\n<hr>\n<h3>Beschreibung von unserem S\u00fc\u00dfwarenbeutel Perle 120 x 275 mm pro 100<\/h3>\n<p><!--more--><\/p>\n<p data-start=\"0\" data-end=\"598\">Verleihen Sie Ihren Pr\u00e4sentationen einen Hauch von <strong data-start=\"60\" data-end=\"83\">festlichem Genuss<\/strong> mit dem <strong data-start=\"112\" data-end=\"153\">S\u00fc\u00dfwarenbeutel Perle 120 x 275 mm,<\/strong> der im <strong>100er-Pack<\/strong> verkauft wird. Das <strong data-start=\"180\" data-end=\"206\">fr\u00f6hliche und farbenfrohe Motiv<\/strong> zieht die Blicke auf sich und bringt Ihre s\u00fc\u00dfen Kreationen sofort zur Geltung. Dank des <strong data-start=\"291\" data-end=\"305\">geformten Bodens<\/strong> steht der <strong>Beutel<\/strong> sicher und <strong data-start=\"328\" data-end=\"350\">stabil<\/strong> und ist ideal f\u00fcr die Pr\u00e4sentation von <strong data-start=\"376\" data-end=\"388\">Keksen<\/strong>, <strong data-start=\"390\" data-end=\"403\" data-is-only-node=\"\">Schokolade<\/strong>, <strong data-start=\"405\" data-end=\"416\">Dragees<\/strong>, <strong data-start=\"418\" data-end=\"429\">Nougat<\/strong> oder zartem Geb\u00e4ck. Der feste Boden sorgt daf\u00fcr, dass der Beutel gerade bleibt, damit Sie ihn im Regal auslegen oder als Geschenk verpacken k\u00f6nnen.   <\/p>\n<p data-start=\"600\" data-end=\"1050\">Ein weiterer wichtiger Vorteil ist, dass der Boden nicht mehr aus Karton, sondern aus <strong data-start=\"657\" data-end=\"674\">Polypropylen<\/strong> besteht. Diese kluge Entscheidung macht die Verpackung zu <strong data-start=\"708\" data-end=\"724\">einem Monomaterial<\/strong> und damit <strong data-start=\"731\" data-end=\"751\">zu 100 % recycelbar<\/strong>. Mit einem einzigen Handgriff erf\u00fcllen Sie die <strong data-start=\"789\" data-end=\"812\">AGEC 2025-Anforderungen<\/strong> und zeigen Ihr Engagement f\u00fcr eine <strong data-start=\"861\" data-end=\"875\">umweltfreundliche<\/strong> Verpackung, die dem <strong data-start=\"894\" data-end=\"921\">Umweltgesetzbuch<\/strong> entspricht. Au\u00dferdem ist jeder <strong>Plastikbeutel<\/strong> <strong data-start=\"950\" data-end=\"981\">f\u00fcr den Kontakt mit Lebensmitteln geeignet<\/strong>, was eine sichere und hygienische Aufbewahrung Ihrer S\u00fc\u00dfigkeiten garantiert.   <\/p>\n<p data-start=\"1052\" data-end=\"1469\">Dieses praktische Format von <strong>120 x 275 mm<\/strong> wurde f\u00fcr Profis entwickelt und eignet sich sowohl f\u00fcr <strong data-start=\"1146\" data-end=\"1161\">Keks-<\/strong> und <strong data-start=\"1163\" data-end=\"1179\">Schokoladenhersteller<\/strong> als auch f\u00fcr <strong data-start=\"1235\" data-end=\"1249\">Konditoren<\/strong>, <strong data-start=\"1181\" data-end=\"1195\">Confiseure<\/strong>, <strong data-start=\"1197\" data-end=\"1211\">Drageehersteller<\/strong>, <strong data-start=\"1213\" data-end=\"1227\">Nougathersteller<\/strong> und <strong data-start=\"1253\" data-end=\"1268\">Keksb\u00e4cker<\/strong>. Die leicht mit farbigen Perlen belebte Transparenz bringt die Textur und die Farben Ihrer S\u00fc\u00dfwaren zur Geltung und bietet gleichzeitig eine elegante Pr\u00e4sentation, die Ihre Kunden auf den ersten Blick begeistern wird. <\/p>\n<p data-start=\"1471\" data-end=\"1836\">Zusammenfassend l\u00e4sst sich sagen, dass dieser <strong data-start=\"1485\" data-end=\"1513\">S\u00fc\u00dfwarenbeutel Perle<\/strong> der perfekte Verb\u00fcndete ist, wenn es darum geht, <strong data-start=\"1548\" data-end=\"1562\">\u00c4sthetik<\/strong>, <strong data-start=\"1564\" data-end=\"1577\">Praktikabilit\u00e4t<\/strong> und <strong data-start=\"1581\" data-end=\"1595\">Haltbarkeit<\/strong> zu kombinieren. Er eignet sich sowohl f\u00fcr den Verkauf in Gesch\u00e4ften als auch f\u00fcr festliche Anl\u00e4sse wie Hochzeiten, Geburtstage oder Weihnachtsfeiern. Bieten Sie Ihren Kreationen eine <strong data-start=\"1770\" data-end=\"1783\">attraktive<\/strong>, <strong data-start=\"1785\" data-end=\"1795\">robuste<\/strong> und <strong data-start=\"1799\" data-end=\"1833\">umweltfreundliche<\/strong> H\u00fclle.  <\/p>\n<p data-start=\"1367\" data-end=\"1669\"><!--more--><\/p>\n<h4 data-start=\"1367\" data-end=\"1669\">Vorteile :<\/h4>\n<ul>\n<li data-start=\"1367\" data-end=\"1669\"><strong data-start=\"2048\" data-end=\"2074\">Fr\u00f6hliches, farbenfrohes Muster<\/strong>, das die Blicke auf sich zieht und Ihre Kreationen veredelt.<\/li>\n<li data-start=\"1367\" data-end=\"1669\"><strong data-start=\"2122\" data-end=\"2143\">Starrer geformter Boden<\/strong> f\u00fcr optimale Stabilit\u00e4t ohne Unterst\u00fctzung.<\/li>\n<li data-start=\"1367\" data-end=\"1669\"><strong data-start=\"2190\" data-end=\"2223\">Monomaterial aus Polypropylen<\/strong>, vollst\u00e4ndig recycelbar und <strong data-start=\"2260\" data-end=\"2273\">AGEC 2025-konform<\/strong>.<\/li>\n<li data-start=\"1367\" data-end=\"1669\"><strong data-start=\"2279\" data-end=\"2310\">Garantierter Lebensmittelkontakt<\/strong>, ideal f\u00fcr Chocolatiers, Konditoren und Patissiers.<\/li>\n<li data-start=\"1367\" data-end=\"1669\">Praktisches Format im <strong data-start=\"2386\" data-end=\"2400\">100er-Pack<\/strong> f\u00fcr den professionellen Einsatz.<\/li>\n<\/ul>\n<p>&nbsp;<\/p>\n<p><!--more--><\/p>\n<h4>Weitere Informationen :<\/h4>\n<ul>\n<li><strong>Verpackung<\/strong>: Packung mit 100 St\u00fcck<\/li>\n<li><strong>Ma\u00dfe<\/strong>: 120 x 275 mm<\/li>\n<li><strong>Farbe<\/strong>: Transparent \/ Bunt<\/li>\n<li><strong>Material<\/strong>: OPP<\/li>\n<li><strong>Dicke<\/strong>: 35 Mikron<\/li>\n<\/ul>\n<p>&nbsp;<\/p>\n<p><!--more--><\/p>\n<p>Dieser Plastikbeutel ist in einer kleineren Gr\u00f6\u00dfe erh\u00e4ltlich : <span style=\"color: #d12727;\"><a style=\"color: #d12727;\" href=\"https:\/\/www.csj-emballages.com\/de\/produit\/100-beutel-mit-suesswaren-boden-aus-karton-perle-100-x-220-mm\/\">100 x 220 mm<\/a><\/span><\/p>\n<p>&nbsp;<\/p>\n<p><!--more--><\/p>\n<p><a href=\"https:\/\/www.csj-emballages.com\/de\/categorie-produit\/lebensmittelverpackungen\/backerei-und-konditorei\/sacke-beutel-und-papier\/beutel-fur-suswaren\/themenbeutel\/klassische-beutel\/\">Sehen Sie sich den Rest unseres Sortiments an klassischen S\u00fc\u00dfwarenbeuteln an<\/a><\/p>\n","protected":false},"excerpt":{"rendered":"<p>S\u00fc\u00dfwarenbeutel Beschreibung von unserem S\u00fc\u00dfwarenbeutel Perle 120 x 275 mm pro 100<\/p>\n","protected":false},"featured_media":243536,"template":"","meta":{"_acf_changed":false},"product_brand":[],"product_cat":[1137,1171,1678,1692,1691],"product_tag":[],"class_list":{"0":"post-17753","1":"product","2":"type-product","3":"status-publish","4":"has-post-thumbnail","6":"product_cat-lebensmittelverpackungen","7":"product_cat-backerei-und-konditorei","8":"product_cat-beutel-fur-suswaren","9":"product_cat-klassische-beutel","10":"product_cat-osterbeutel","12":"first","13":"instock","14":"taxable","15":"shipping-taxable","16":"purchasable","17":"product-type-simple"},"acf":[],"yoast_head":"<!-- This site is optimized with the Yoast SEO Premium plugin v26.6 (Yoast SEO v26.6) - https:\/\/yoast.com\/wordpress\/plugins\/seo\/ -->\n<title>S\u00fc\u00dfwarenbeutel Perle 120 x 275 mm pro 100<\/title>\n<meta name=\"description\" content=\"S\u00fc\u00dfwarenbeutel Perle 120 x 275 mm: fester Boden, buntes Motiv, 100 % recycelbar, ideal f\u00fcr Schokolade, Kekse und Dragees.\" \/>\n<meta name=\"robots\" content=\"index, follow, max-snippet:-1, max-image-preview:large, max-video-preview:-1\" \/>\n<link rel=\"canonical\" href=\"https:\/\/www.csj-emballages.com\/de\/produit\/100-beutel-mit-suesswaren-boden-aus-karton-perle-120-x-275-mm\/\" \/>\n<meta property=\"og:locale\" content=\"de_DE\" \/>\n<meta property=\"og:type\" content=\"article\" \/>\n<meta property=\"og:title\" content=\"S\u00fc\u00dfwarenbeutel Perle 120 x 275 mm pro 100\" \/>\n<meta property=\"og:description\" content=\"S\u00fc\u00dfwarenbeutel Perle 120 x 275 mm: fester Boden, buntes Motiv, 100 % recycelbar, ideal f\u00fcr Schokolade, Kekse und Dragees.\" \/>\n<meta property=\"og:url\" content=\"https:\/\/www.csj-emballages.com\/de\/produit\/100-beutel-mit-suesswaren-boden-aus-karton-perle-120-x-275-mm\/\" \/>\n<meta property=\"og:site_name\" content=\"CSJ Emballages\" \/>\n<meta property=\"article:publisher\" content=\"https:\/\/www.facebook.com\/csjemballages\" \/>\n<meta property=\"article:modified_time\" content=\"2026-03-12T15:42:32+00:00\" \/>\n<meta property=\"og:image\" content=\"https:\/\/www.csj-emballages.com\/wp-content\/uploads\/2024\/03\/Sachet-confiseries.webp\" \/>\n\t<meta property=\"og:image:width\" content=\"800\" \/>\n\t<meta property=\"og:image:height\" content=\"800\" \/>\n\t<meta property=\"og:image:type\" content=\"image\/webp\" \/>\n<meta name=\"twitter:card\" content=\"summary_large_image\" \/>\n<meta name=\"twitter:label1\" content=\"Gesch\u00e4tzte Lesezeit\" \/>\n\t<meta name=\"twitter:data1\" content=\"2 Minuten\" \/>\n<script type=\"application\/ld+json\" class=\"yoast-schema-graph\">{\"@context\":\"https:\/\/schema.org\",\"@graph\":[{\"@type\":\"WebPage\",\"@id\":\"https:\/\/www.csj-emballages.com\/de\/produit\/100-beutel-mit-suesswaren-boden-aus-karton-perle-120-x-275-mm\/\",\"url\":\"https:\/\/www.csj-emballages.com\/de\/produit\/100-beutel-mit-suesswaren-boden-aus-karton-perle-120-x-275-mm\/\",\"name\":\"S\u00fc\u00dfwarenbeutel Perle 120 x 275 mm pro 100\",\"isPartOf\":{\"@id\":\"https:\/\/www.csj-emballages.com\/de\/#website\"},\"primaryImageOfPage\":{\"@id\":\"https:\/\/www.csj-emballages.com\/de\/produit\/100-beutel-mit-suesswaren-boden-aus-karton-perle-120-x-275-mm\/#primaryimage\"},\"image\":{\"@id\":\"https:\/\/www.csj-emballages.com\/de\/produit\/100-beutel-mit-suesswaren-boden-aus-karton-perle-120-x-275-mm\/#primaryimage\"},\"thumbnailUrl\":\"https:\/\/www.csj-emballages.com\/wp-content\/uploads\/2024\/03\/Sachet-confiseries.webp\",\"datePublished\":\"2024-03-01T15:49:04+00:00\",\"dateModified\":\"2026-03-12T15:42:32+00:00\",\"description\":\"S\u00fc\u00dfwarenbeutel Perle 120 x 275 mm: fester Boden, buntes Motiv, 100 % recycelbar, ideal f\u00fcr Schokolade, Kekse und Dragees.\",\"breadcrumb\":{\"@id\":\"https:\/\/www.csj-emballages.com\/de\/produit\/100-beutel-mit-suesswaren-boden-aus-karton-perle-120-x-275-mm\/#breadcrumb\"},\"inLanguage\":\"de\",\"potentialAction\":[{\"@type\":\"ReadAction\",\"target\":[\"https:\/\/www.csj-emballages.com\/de\/produit\/100-beutel-mit-suesswaren-boden-aus-karton-perle-120-x-275-mm\/\"]}]},{\"@type\":\"ImageObject\",\"inLanguage\":\"de\",\"@id\":\"https:\/\/www.csj-emballages.com\/de\/produit\/100-beutel-mit-suesswaren-boden-aus-karton-perle-120-x-275-mm\/#primaryimage\",\"url\":\"https:\/\/www.csj-emballages.com\/wp-content\/uploads\/2024\/03\/Sachet-confiseries.webp\",\"contentUrl\":\"https:\/\/www.csj-emballages.com\/wp-content\/uploads\/2024\/03\/Sachet-confiseries.webp\",\"width\":800,\"height\":800,\"caption\":\"Sachet confiseries\"},{\"@type\":\"BreadcrumbList\",\"@id\":\"https:\/\/www.csj-emballages.com\/de\/produit\/100-beutel-mit-suesswaren-boden-aus-karton-perle-120-x-275-mm\/#breadcrumb\",\"itemListElement\":[{\"@type\":\"ListItem\",\"position\":1,\"name\":\"Accueil\",\"item\":\"https:\/\/www.csj-emballages.com\/de\/universum-lebensmittelverpackungen\/\"},{\"@type\":\"ListItem\",\"position\":2,\"name\":\"Shop\",\"item\":\"https:\/\/www.csj-emballages.com\/shop\/\"},{\"@type\":\"ListItem\",\"position\":3,\"name\":\"S\u00fc\u00dfwarenbeutel Perle 120 x 275 mm pro 100\"}]},{\"@type\":\"WebSite\",\"@id\":\"https:\/\/www.csj-emballages.com\/de\/#website\",\"url\":\"https:\/\/www.csj-emballages.com\/de\/\",\"name\":\"CSJ Emballages\",\"description\":\"\",\"publisher\":{\"@id\":\"https:\/\/www.csj-emballages.com\/de\/#organization\"},\"potentialAction\":[{\"@type\":\"SearchAction\",\"target\":{\"@type\":\"EntryPoint\",\"urlTemplate\":\"https:\/\/www.csj-emballages.com\/de\/?s={search_term_string}\"},\"query-input\":{\"@type\":\"PropertyValueSpecification\",\"valueRequired\":true,\"valueName\":\"search_term_string\"}}],\"inLanguage\":\"de\"},{\"@type\":\"Organization\",\"@id\":\"https:\/\/www.csj-emballages.com\/de\/#Organization\/\",\"name\":\"CSJ Emballages\",\"url\":\"https:\/\/www.csj-emballages.com\/de\/\",\"logo\":{\"@type\":\"ImageObject\",\"inLanguage\":\"de\",\"@id\":\"https:\/\/www.csj-emballages.com\/de\/#\/schema\/logo\/image\/\",\"url\":\"https:\/\/www.csj-emballages.com\/wp-content\/uploads\/2023\/10\/logo_csj.webp\",\"contentUrl\":\"https:\/\/www.csj-emballages.com\/wp-content\/uploads\/2023\/10\/logo_csj.webp\",\"width\":250,\"height\":95,\"caption\":\"CSJ Emballages\"},\"image\":{\"@id\":\"https:\/\/www.csj-emballages.com\/de\/#\/schema\/logo\/image\/\"},\"sameAs\":[\"https:\/\/www.facebook.com\/csjemballages\"],\"address\":{\"@type\":\"PostalAddress\",\"streetAddress\":\"ZI La Lechere\",\"addressLocality\":\"Patornay\",\"postalCode\":\"39130\",\"addressCountry\":\"FR\"},\"contactPoint\":[{\"@type\":\"ContactPoint\",\"contactType\":\"Service client\",\"telephone\":\"0384254272\",\"email\":\"contact@csj-emballages.com\"}]}]}<\/script>\n<!-- \/ Yoast SEO Premium plugin. -->","yoast_head_json":{"title":"S\u00fc\u00dfwarenbeutel Perle 120 x 275 mm pro 100","description":"S\u00fc\u00dfwarenbeutel Perle 120 x 275 mm: fester Boden, buntes Motiv, 100 % recycelbar, ideal f\u00fcr Schokolade, Kekse und Dragees.","robots":{"index":"index","follow":"follow","max-snippet":"max-snippet:-1","max-image-preview":"max-image-preview:large","max-video-preview":"max-video-preview:-1"},"canonical":"https:\/\/www.csj-emballages.com\/de\/produit\/100-beutel-mit-suesswaren-boden-aus-karton-perle-120-x-275-mm\/","og_locale":"de_DE","og_type":"article","og_title":"S\u00fc\u00dfwarenbeutel Perle 120 x 275 mm pro 100","og_description":"S\u00fc\u00dfwarenbeutel Perle 120 x 275 mm: fester Boden, buntes Motiv, 100 % recycelbar, ideal f\u00fcr Schokolade, Kekse und Dragees.","og_url":"https:\/\/www.csj-emballages.com\/de\/produit\/100-beutel-mit-suesswaren-boden-aus-karton-perle-120-x-275-mm\/","og_site_name":"CSJ Emballages","article_publisher":"https:\/\/www.facebook.com\/csjemballages","article_modified_time":"2026-03-12T15:42:32+00:00","og_image":[{"width":800,"height":800,"url":"https:\/\/www.csj-emballages.com\/wp-content\/uploads\/2024\/03\/Sachet-confiseries.webp","type":"image\/webp"}],"twitter_card":"summary_large_image","twitter_misc":{"Gesch\u00e4tzte Lesezeit":"2 Minuten"},"schema":{"@context":"https:\/\/schema.org","@graph":[{"@type":"WebPage","@id":"https:\/\/www.csj-emballages.com\/de\/produit\/100-beutel-mit-suesswaren-boden-aus-karton-perle-120-x-275-mm\/","url":"https:\/\/www.csj-emballages.com\/de\/produit\/100-beutel-mit-suesswaren-boden-aus-karton-perle-120-x-275-mm\/","name":"S\u00fc\u00dfwarenbeutel Perle 120 x 275 mm pro 100","isPartOf":{"@id":"https:\/\/www.csj-emballages.com\/de\/#website"},"primaryImageOfPage":{"@id":"https:\/\/www.csj-emballages.com\/de\/produit\/100-beutel-mit-suesswaren-boden-aus-karton-perle-120-x-275-mm\/#primaryimage"},"image":{"@id":"https:\/\/www.csj-emballages.com\/de\/produit\/100-beutel-mit-suesswaren-boden-aus-karton-perle-120-x-275-mm\/#primaryimage"},"thumbnailUrl":"https:\/\/www.csj-emballages.com\/wp-content\/uploads\/2024\/03\/Sachet-confiseries.webp","datePublished":"2024-03-01T15:49:04+00:00","dateModified":"2026-03-12T15:42:32+00:00","description":"S\u00fc\u00dfwarenbeutel Perle 120 x 275 mm: fester Boden, buntes Motiv, 100 % recycelbar, ideal f\u00fcr Schokolade, Kekse und Dragees.","breadcrumb":{"@id":"https:\/\/www.csj-emballages.com\/de\/produit\/100-beutel-mit-suesswaren-boden-aus-karton-perle-120-x-275-mm\/#breadcrumb"},"inLanguage":"de","potentialAction":[{"@type":"ReadAction","target":["https:\/\/www.csj-emballages.com\/de\/produit\/100-beutel-mit-suesswaren-boden-aus-karton-perle-120-x-275-mm\/"]}]},{"@type":"ImageObject","inLanguage":"de","@id":"https:\/\/www.csj-emballages.com\/de\/produit\/100-beutel-mit-suesswaren-boden-aus-karton-perle-120-x-275-mm\/#primaryimage","url":"https:\/\/www.csj-emballages.com\/wp-content\/uploads\/2024\/03\/Sachet-confiseries.webp","contentUrl":"https:\/\/www.csj-emballages.com\/wp-content\/uploads\/2024\/03\/Sachet-confiseries.webp","width":800,"height":800,"caption":"Sachet confiseries"},{"@type":"BreadcrumbList","@id":"https:\/\/www.csj-emballages.com\/de\/produit\/100-beutel-mit-suesswaren-boden-aus-karton-perle-120-x-275-mm\/#breadcrumb","itemListElement":[{"@type":"ListItem","position":1,"name":"Accueil","item":"https:\/\/www.csj-emballages.com\/de\/universum-lebensmittelverpackungen\/"},{"@type":"ListItem","position":2,"name":"Shop","item":"https:\/\/www.csj-emballages.com\/shop\/"},{"@type":"ListItem","position":3,"name":"S\u00fc\u00dfwarenbeutel Perle 120 x 275 mm pro 100"}]},{"@type":"WebSite","@id":"https:\/\/www.csj-emballages.com\/de\/#website","url":"https:\/\/www.csj-emballages.com\/de\/","name":"CSJ Emballages","description":"","publisher":{"@id":"https:\/\/www.csj-emballages.com\/de\/#organization"},"potentialAction":[{"@type":"SearchAction","target":{"@type":"EntryPoint","urlTemplate":"https:\/\/www.csj-emballages.com\/de\/?s={search_term_string}"},"query-input":{"@type":"PropertyValueSpecification","valueRequired":true,"valueName":"search_term_string"}}],"inLanguage":"de"},{"@type":"Organization","@id":"https:\/\/www.csj-emballages.com\/de\/#Organization\/","name":"CSJ Emballages","url":"https:\/\/www.csj-emballages.com\/de\/","logo":{"@type":"ImageObject","inLanguage":"de","@id":"https:\/\/www.csj-emballages.com\/de\/#\/schema\/logo\/image\/","url":"https:\/\/www.csj-emballages.com\/wp-content\/uploads\/2023\/10\/logo_csj.webp","contentUrl":"https:\/\/www.csj-emballages.com\/wp-content\/uploads\/2023\/10\/logo_csj.webp","width":250,"height":95,"caption":"CSJ Emballages"},"image":{"@id":"https:\/\/www.csj-emballages.com\/de\/#\/schema\/logo\/image\/"},"sameAs":["https:\/\/www.facebook.com\/csjemballages"],"address":{"@type":"PostalAddress","streetAddress":"ZI La Lechere","addressLocality":"Patornay","postalCode":"39130","addressCountry":"FR"},"contactPoint":[{"@type":"ContactPoint","contactType":"Service client","telephone":"0384254272","email":"contact@csj-emballages.com"}]}]}},"df_price":20.34,"df_sale_price":"","df_regular_price":20.34,"df_image_link":"https:\/\/www.csj-emballages.com\/wp-content\/uploads\/2024\/03\/Sachet-confiseries-300x300.webp","tiered_pricing_type":"fixed","tiered_pricing_fixed_rules":[],"tiered_pricing_percentage_rules":[],"tiered_pricing_minimum":1,"tiered_pricing_roles_data":[],"_links":{"self":[{"href":"https:\/\/www.csj-emballages.com\/de\/wp-json\/wp\/v2\/product\/17753","targetHints":{"allow":["GET"]}}],"collection":[{"href":"https:\/\/www.csj-emballages.com\/de\/wp-json\/wp\/v2\/product"}],"about":[{"href":"https:\/\/www.csj-emballages.com\/de\/wp-json\/wp\/v2\/types\/product"}],"wp:featuredmedia":[{"embeddable":true,"href":"https:\/\/www.csj-emballages.com\/de\/wp-json\/wp\/v2\/media\/243536"}],"wp:attachment":[{"href":"https:\/\/www.csj-emballages.com\/de\/wp-json\/wp\/v2\/media?parent=17753"}],"wp:term":[{"taxonomy":"product_brand","embeddable":true,"href":"https:\/\/www.csj-emballages.com\/de\/wp-json\/wp\/v2\/product_brand?post=17753"},{"taxonomy":"product_cat","embeddable":true,"href":"https:\/\/www.csj-emballages.com\/de\/wp-json\/wp\/v2\/product_cat?post=17753"},{"taxonomy":"product_tag","embeddable":true,"href":"https:\/\/www.csj-emballages.com\/de\/wp-json\/wp\/v2\/product_tag?post=17753"}],"curies":[{"name":"wp","href":"https:\/\/api.w.org\/{rel}","templated":true}]}}