{"id":17735,"date":"2024-03-01T16:49:04","date_gmt":"2024-03-01T15:49:04","guid":{"rendered":"https:\/\/u15jnbdpoq.preview.infomaniak.website\/produit\/250-transparente-spitzenbeutel-fuer-suesswaren-180-x-370-mm\/"},"modified":"2026-03-12T16:42:29","modified_gmt":"2026-03-12T15:42:29","slug":"250-transparente-spitzenbeutel-fuer-suesswaren-180-x-370-mm","status":"publish","type":"product","link":"https:\/\/www.csj-emballages.com\/de\/produit\/250-transparente-spitzenbeutel-fuer-suesswaren-180-x-370-mm\/","title":{"rendered":"Durchsichtiger Spitzbeutel f\u00fcr S\u00fc\u00dfwaren 180 x 370 mm pro 250"},"content":{"rendered":"<div style=\"box-sizing: inherit; font-family: Roboto, sans-serif;\">\n<div style=\"box-sizing: inherit; font-family: Roboto, sans-serif;\">\n<div style=\"box-sizing: inherit; font-family: Roboto, sans-serif;\">\n<div style=\"box-sizing: inherit; font-family: Roboto, sans-serif;\">\n<div style=\"box-sizing: inherit; font-family: Roboto, sans-serif;\">\n<div style=\"box-sizing: inherit; font-family: Roboto, sans-serif;\">\n<div style=\"box-sizing: inherit; font-family: Roboto, sans-serif;\">\n<div style=\"box-sizing: inherit; font-family: Roboto, sans-serif;\">\n<div style=\"box-sizing: inherit; font-family: Roboto, sans-serif;\">\n<div style=\"box-sizing: inherit; font-family: Roboto, sans-serif;\">\n<div style=\"box-sizing: inherit; font-family: Roboto, sans-serif;\">\n<div style=\"box-sizing: inherit; font-family: Roboto, sans-serif;\">\n<div style=\"box-sizing: inherit; font-family: Roboto, sans-serif;\">\n<div class=\"flex flex-grow flex-col max-w-full\">\n<div class=\"min-h-[20px] text-message flex flex-col items-start whitespace-pre-wrap break-words [.text-message+&amp;]:mt-5 juice:w-full juice:items-end overflow-x-auto gap-2\" dir=\"auto\" data-message-author-role=\"assistant\" data-message-id=\"2034782e-88f9-44ef-b4dc-07dd7bf0115f\">\n<div class=\"flex w-full flex-col gap-1 juice:empty:hidden juice:first:pt-[3px]\">\n<div class=\"markdown prose w-full break-words dark:prose-invert light\">\n<div style=\"box-sizing: inherit; font-family: Roboto, sans-serif;\">\n<div style=\"box-sizing: inherit; font-family: Roboto, sans-serif;\">\n<div style=\"box-sizing: inherit; font-family: Roboto, sans-serif;\">\n<div style=\"box-sizing: inherit; font-family: Roboto, sans-serif;\">\n<div style=\"box-sizing: inherit; font-family: Roboto, sans-serif;\">\n<div style=\"box-sizing: inherit; font-family: Roboto, sans-serif;\">\n<h2>Spitzbeutel<\/h2>\n<div style=\"box-sizing: inherit; font-family: Roboto, sans-serif;\">\n<div style=\"box-sizing: inherit; font-family: Roboto, sans-serif;\">\n<div style=\"box-sizing: inherit; font-family: Roboto, sans-serif;\">\n<div style=\"text-align: center;\">\n<div style=\"box-sizing: inherit; font-family: Roboto, sans-serif;\">\n<div style=\"box-sizing: inherit; font-family: Roboto, sans-serif;\">\n<div style=\"box-sizing: inherit; font-family: Roboto, sans-serif;\">\n<div style=\"box-sizing: inherit; font-family: Roboto, sans-serif;\">\n<div style=\"box-sizing: inherit; font-family: Roboto, sans-serif;\">\n<div style=\"box-sizing: inherit; font-family: Roboto, sans-serif; text-align: left;\">\n<hr>\n<h3 style=\"text-align: left;\">Beschreibung unseres transparenten Spitzenbeutels f\u00fcr S\u00fc\u00dfwaren 180 x 370 mm pro 250 St\u00fcck<\/h3>\n<h3 style=\"text-align: left;\"><!--more--><\/h3>\n<\/div>\n<\/div>\n<\/div>\n<\/div>\n<\/div>\n<\/div>\n<\/div>\n<\/div>\n<\/div>\n<\/div>\n<\/div>\n<\/div>\n<\/div>\n<\/div>\n<\/div>\n<\/div>\n<\/div>\n<\/div>\n<\/div>\n<\/div>\n<\/div>\n<\/div>\n<\/div>\n<\/div>\n<\/div>\n<\/div>\n<\/div>\n<\/div>\n<\/div>\n<\/div>\n<\/div>\n<\/div>\n<\/div>\n<div style=\"box-sizing: inherit; font-family: Roboto, sans-serif;\">\n<div style=\"box-sizing: inherit; font-family: Roboto, sans-serif;\">\n<div style=\"box-sizing: inherit; font-family: Roboto, sans-serif;\">\n<div style=\"box-sizing: inherit; font-family: Roboto, sans-serif;\">\n<div style=\"box-sizing: inherit; font-family: Roboto, sans-serif;\">\n<div style=\"box-sizing: inherit; font-family: Roboto, sans-serif;\">\n<div style=\"box-sizing: inherit; font-family: Roboto, sans-serif;\">\n<div style=\"box-sizing: inherit; font-family: Roboto, sans-serif;\">\n<div style=\"box-sizing: inherit; font-family: Roboto, sans-serif;\">\n<div style=\"box-sizing: inherit; font-family: Roboto, sans-serif;\">\n<div style=\"box-sizing: inherit; font-family: Roboto, sans-serif;\">\n<div style=\"box-sizing: inherit; font-family: Roboto, sans-serif;\">\n<div style=\"box-sizing: inherit; font-family: Roboto, sans-serif;\">\n<div class=\"flex flex-grow flex-col max-w-full\">\n<div class=\"min-h-[20px] text-message flex flex-col items-start whitespace-pre-wrap break-words [.text-message+&amp;]:mt-5 juice:w-full juice:items-end overflow-x-auto gap-2\" dir=\"auto\" data-message-author-role=\"assistant\" data-message-id=\"2034782e-88f9-44ef-b4dc-07dd7bf0115f\">\n<div class=\"flex w-full flex-col gap-1 juice:empty:hidden juice:first:pt-[3px]\">\n<div class=\"markdown prose w-full break-words dark:prose-invert light\">\n<div style=\"box-sizing: inherit; font-family: Roboto, sans-serif;\">\n<div style=\"box-sizing: inherit; font-family: Roboto, sans-serif;\">\n<div style=\"box-sizing: inherit; font-family: Roboto, sans-serif;\">\n<div style=\"box-sizing: inherit; font-family: Roboto, sans-serif;\">\n<div style=\"box-sizing: inherit; font-family: Roboto, sans-serif;\">\n<div style=\"box-sizing: inherit; font-family: Roboto, sans-serif;\">\n<p data-start=\"0\" data-end=\"592\">Verleihen Sie Ihren s\u00fc\u00dfen Zubereitungen mit unserem <strong data-start=\"132\" data-end=\"164\">transparenten Spitzenbeutel<\/strong> <strong>180 x 370 mm<\/strong> einen Hauch von <strong data-start=\"60\" data-end=\"75\">Genuss<\/strong> und<strong data-start=\"81\" data-end=\"93\">Eleganz<\/strong>. Er wurde f\u00fcr <strong data-start=\"194\" data-end=\"209\">S\u00fc\u00dfwaren<\/strong> entwickelt, hebt Ihre Kreationen hervor und bietet gleichzeitig einen guten Schutz. Dank seiner <strong data-start=\"301\" data-end=\"312\">konischen<\/strong> Form eignet sich der <strong>Spitzbeutel<\/strong> perfekt f\u00fcr die Pr\u00e4sentation von Bonbons, Popcorn, Schokolade oder auch Dragees auf Hochzeiten, Geburtstagen oder Firmenveranstaltungen. Das <strong data-start=\"483\" data-end=\"497\">kristallklare<\/strong> Design zieht die Blicke auf sich und l\u00e4sst die Farbe und Textur Ihrer S\u00fc\u00dfigkeiten sofort erkennen.   <\/p>\n<p data-start=\"594\" data-end=\"960\">Dieser aus <strong data-start=\"606\" data-end=\"653\">faserverst\u00e4rktem Polypropylen (CPP) 45 \u00b5<\/strong> hergestellte <strong>Spitzbeutel<\/strong> vereint <strong data-start=\"673\" data-end=\"687\">St\u00e4rke<\/strong> und <strong data-start=\"691\" data-end=\"704\">Flexibilit\u00e4t<\/strong>. Selbst mit unregelm\u00e4\u00dfig geformten S\u00fc\u00dfwaren gef\u00fcllt, rei\u00dft er nicht so leicht ein. Dar\u00fcber hinaus hebt seine <strong data-start=\"803\" data-end=\"819\">Transparenz<\/strong> Ihre Produkte hervor und sch\u00fctzt sie gleichzeitig vor Feuchtigkeit und Spritzern. So bleiben Ihre S\u00fc\u00dfigkeiten l\u00e4nger frisch.   <\/p>\n<p data-start=\"962\" data-end=\"1346\">Dar\u00fcber hinaus passt sich dieser <strong data-start=\"975\" data-end=\"990\">konische Beutel<\/strong> all Ihren kreativen Ideen an. Ob <strong data-start=\"1045\" data-end=\"1058\">Konditor<\/strong>, Eventveranstalter oder Einzelh\u00e4ndler, Sie k\u00f6nnen ihn mit einem h\u00fcbschen Band, einem bunten Band oder einem individuellen Aufkleber verschlie\u00dfen und so f\u00fcr ein gepflegtes Finish sorgen. Die Gr\u00f6\u00dfe <strong>180 x 370 mm<\/strong> bietet das ideale Volumen f\u00fcr gro\u00dfz\u00fcgige Portionen und ist gleichzeitig praktisch in der Handhabung und beim Transport.  <\/p>\n<p data-start=\"1348\" data-end=\"1749\">Mit der Wahl dieses <strong>spitzen S\u00fc\u00dfwarenbeutels<\/strong> entscheiden Sie sich f\u00fcr eine <strong data-start=\"1403\" data-end=\"1415\">praktische<\/strong>, <strong data-start=\"1417\" data-end=\"1431\">\u00e4sthetische<\/strong> und <strong data-start=\"1435\" data-end=\"1454\">professionelle<\/strong> L\u00f6sung. Ob f\u00fcr einen Stand auf einem Jahrmarkt, einen Handwerksladen oder eine private Feier, er sorgt f\u00fcr eine gepflegte Pr\u00e4sentation, die das Auge verf\u00fchrt, noch bevor sie den Gaumen erfreut. Mit diesem spitzen Beutel werden Ihre S\u00fc\u00dfwaren zu echten visuellen Geschenken, die sofort verzehrt werden k\u00f6nnen.  <\/p>\n<p data-start=\"1348\" data-end=\"1749\">\n<p><!--more--><\/p>\n<h4 style=\"text-align: left;\">Vorteile :<\/h4>\n<ul style=\"text-align: left;\">\n<li><strong data-start=\"1968\" data-end=\"1996\">Kristallklare Transparenz,<\/strong> um Ihre S\u00fc\u00dfwaren in den Vordergrund zu stellen.<\/li>\n<li><strong data-start=\"2039\" data-end=\"2070\">Verst\u00e4rktes Polypropylen 45 \u00b5<\/strong>: Festigkeit und Schutz vor Feuchtigkeit.<\/li>\n<li><strong data-start=\"2119\" data-end=\"2145\">Praktische konische Form<\/strong> f\u00fcr Bonbons, Popcorn, Schokolade oder Dragees.<\/li>\n<li><strong data-start=\"2196\" data-end=\"2225\">Individuell gestaltbarer Verschluss<\/strong> mit dekorativem Band oder Link.<\/li>\n<li>Ideal f\u00fcr <strong data-start=\"2271\" data-end=\"2298\">Partys, Hochzeiten, St\u00e4nde<\/strong> oder Handwerksl\u00e4den.<\/li>\n<\/ul>\n<\/div>\n<\/div>\n<\/div>\n<\/div>\n<\/div>\n<\/div>\n<\/div>\n<\/div>\n<\/div>\n<\/div>\n<\/div>\n<\/div>\n<p>&nbsp;<\/p>\n<\/div>\n<\/div>\n<\/div>\n<\/div>\n<\/div>\n<\/div>\n<\/div>\n<\/div>\n<\/div>\n<\/div>\n<\/div>\n<p><!--more--><\/p>\n<h4>Weitere Informationen :<\/h4>\n<ul style=\"box-sizing: inherit; font-family: Roboto, sans-serif;\">\n<li><strong>Verpackung<\/strong>: Packung mit 250<\/li>\n<li><span style=\"font-weight: bold;\">Ma\u00dfe<\/span>: 180 x 370 mm<\/li>\n<li><strong>Material<\/strong>: faserverst\u00e4rktes Polypropylen (CPP)<\/li>\n<li><strong>Farbe<\/strong>: Transparent<\/li>\n<li><strong>Widerstand<\/strong>: 45\u00b5<\/li>\n<\/ul>\n<div style=\"box-sizing: inherit; font-family: Roboto, sans-serif;\">\n<div style=\"box-sizing: inherit; font-family: Roboto, sans-serif;\">\n<div style=\"box-sizing: inherit; font-family: Roboto, sans-serif;\">\n<div style=\"box-sizing: inherit; font-family: Roboto, sans-serif;\">\n<div style=\"box-sizing: inherit; font-family: Roboto, sans-serif;\">\n<div style=\"box-sizing: inherit; font-family: Roboto, sans-serif;\">\n<p>&nbsp;<\/p>\n<p><!--more--><\/p>\n<p><a href=\"https:\/\/www.csj-emballages.com\/de\/categorie-produit\/lebensmittelverpackungen\/backerei-und-konditorei\/sacke-beutel-und-papier\/beutel-fur-suswaren\/beutel-ohne-boden-de\/spitzbeutel\/\">Sehen Sie sich den Rest unseres Sortiments an Spitzbeuteln an<\/a><\/p>\n<\/div>\n<\/div>\n<\/div>\n<\/div>\n<\/div>\n<\/div>\n","protected":false},"excerpt":{"rendered":"<p>Spitzbeutel Beschreibung unseres transparenten Spitzenbeutels f\u00fcr S\u00fc\u00dfwaren 180 x 370 mm pro 250 St\u00fcck<\/p>\n","protected":false},"featured_media":243783,"template":"","meta":{"_acf_changed":false},"product_brand":[],"product_cat":[1137,1171,1678,1679,1487],"product_tag":[],"class_list":{"0":"post-17735","1":"product","2":"type-product","3":"status-publish","4":"has-post-thumbnail","6":"product_cat-lebensmittelverpackungen","7":"product_cat-backerei-und-konditorei","8":"product_cat-beutel-fur-suswaren","9":"product_cat-spitzbeutel","10":"product_cat-boutique-und-geschaft","12":"first","13":"instock","14":"taxable","15":"shipping-taxable","16":"purchasable","17":"product-type-simple"},"acf":[],"yoast_head":"<!-- This site is optimized with the Yoast SEO Premium plugin v26.6 (Yoast SEO v26.6) - https:\/\/yoast.com\/wordpress\/plugins\/seo\/ -->\n<title>Transparenter Spitzbeutel f\u00fcr S\u00fc\u00dfwaren 180 x 370 mm<\/title>\n<meta name=\"description\" content=\"Transparenter Spitzenbeutel 180 x 370 mm aus CPP 45 \u00b5, ideal f\u00fcr S\u00fc\u00dfigkeiten, Bonbons oder Popcorn. Widerstandsf\u00e4hig, \u00e4sthetisch und praktisch.\" \/>\n<meta name=\"robots\" content=\"index, follow, max-snippet:-1, max-image-preview:large, max-video-preview:-1\" \/>\n<link rel=\"canonical\" href=\"https:\/\/www.csj-emballages.com\/de\/produit\/250-transparente-spitzenbeutel-fuer-suesswaren-180-x-370-mm\/\" \/>\n<meta property=\"og:locale\" content=\"de_DE\" \/>\n<meta property=\"og:type\" content=\"article\" \/>\n<meta property=\"og:title\" content=\"Durchsichtiger Spitzbeutel f\u00fcr S\u00fc\u00dfwaren 180 x 370 mm pro 250\" \/>\n<meta property=\"og:description\" content=\"Transparenter Spitzenbeutel 180 x 370 mm aus CPP 45 \u00b5, ideal f\u00fcr S\u00fc\u00dfigkeiten, Bonbons oder Popcorn. Widerstandsf\u00e4hig, \u00e4sthetisch und praktisch.\" \/>\n<meta property=\"og:url\" content=\"https:\/\/www.csj-emballages.com\/de\/produit\/250-transparente-spitzenbeutel-fuer-suesswaren-180-x-370-mm\/\" \/>\n<meta property=\"og:site_name\" content=\"CSJ Emballages\" \/>\n<meta property=\"article:publisher\" content=\"https:\/\/www.facebook.com\/csjemballages\" \/>\n<meta property=\"article:modified_time\" content=\"2026-03-12T15:42:29+00:00\" \/>\n<meta property=\"og:image\" content=\"https:\/\/www.csj-emballages.com\/wp-content\/uploads\/2024\/03\/SPC18.webp\" \/>\n\t<meta property=\"og:image:width\" content=\"800\" \/>\n\t<meta property=\"og:image:height\" content=\"800\" \/>\n\t<meta property=\"og:image:type\" content=\"image\/webp\" \/>\n<meta name=\"twitter:card\" content=\"summary_large_image\" \/>\n<meta name=\"twitter:label1\" content=\"Gesch\u00e4tzte Lesezeit\" \/>\n\t<meta name=\"twitter:data1\" content=\"2 Minuten\" \/>\n<script type=\"application\/ld+json\" class=\"yoast-schema-graph\">{\"@context\":\"https:\/\/schema.org\",\"@graph\":[{\"@type\":\"WebPage\",\"@id\":\"https:\/\/www.csj-emballages.com\/de\/produit\/250-transparente-spitzenbeutel-fuer-suesswaren-180-x-370-mm\/\",\"url\":\"https:\/\/www.csj-emballages.com\/de\/produit\/250-transparente-spitzenbeutel-fuer-suesswaren-180-x-370-mm\/\",\"name\":\"Transparenter Spitzbeutel f\u00fcr S\u00fc\u00dfwaren 180 x 370 mm\",\"isPartOf\":{\"@id\":\"https:\/\/www.csj-emballages.com\/de\/#website\"},\"primaryImageOfPage\":{\"@id\":\"https:\/\/www.csj-emballages.com\/de\/produit\/250-transparente-spitzenbeutel-fuer-suesswaren-180-x-370-mm\/#primaryimage\"},\"image\":{\"@id\":\"https:\/\/www.csj-emballages.com\/de\/produit\/250-transparente-spitzenbeutel-fuer-suesswaren-180-x-370-mm\/#primaryimage\"},\"thumbnailUrl\":\"https:\/\/www.csj-emballages.com\/wp-content\/uploads\/2024\/03\/SPC18.webp\",\"datePublished\":\"2024-03-01T15:49:04+00:00\",\"dateModified\":\"2026-03-12T15:42:29+00:00\",\"description\":\"Transparenter Spitzenbeutel 180 x 370 mm aus CPP 45 \u00b5, ideal f\u00fcr S\u00fc\u00dfigkeiten, Bonbons oder Popcorn. Widerstandsf\u00e4hig, \u00e4sthetisch und praktisch.\",\"breadcrumb\":{\"@id\":\"https:\/\/www.csj-emballages.com\/de\/produit\/250-transparente-spitzenbeutel-fuer-suesswaren-180-x-370-mm\/#breadcrumb\"},\"inLanguage\":\"de\",\"potentialAction\":[{\"@type\":\"ReadAction\",\"target\":[\"https:\/\/www.csj-emballages.com\/de\/produit\/250-transparente-spitzenbeutel-fuer-suesswaren-180-x-370-mm\/\"]}]},{\"@type\":\"ImageObject\",\"inLanguage\":\"de\",\"@id\":\"https:\/\/www.csj-emballages.com\/de\/produit\/250-transparente-spitzenbeutel-fuer-suesswaren-180-x-370-mm\/#primaryimage\",\"url\":\"https:\/\/www.csj-emballages.com\/wp-content\/uploads\/2024\/03\/SPC18.webp\",\"contentUrl\":\"https:\/\/www.csj-emballages.com\/wp-content\/uploads\/2024\/03\/SPC18.webp\",\"width\":800,\"height\":800,\"caption\":\"Sachet en pointe\"},{\"@type\":\"BreadcrumbList\",\"@id\":\"https:\/\/www.csj-emballages.com\/de\/produit\/250-transparente-spitzenbeutel-fuer-suesswaren-180-x-370-mm\/#breadcrumb\",\"itemListElement\":[{\"@type\":\"ListItem\",\"position\":1,\"name\":\"Accueil\",\"item\":\"https:\/\/www.csj-emballages.com\/de\/universum-lebensmittelverpackungen\/\"},{\"@type\":\"ListItem\",\"position\":2,\"name\":\"Shop\",\"item\":\"https:\/\/www.csj-emballages.com\/shop\/\"},{\"@type\":\"ListItem\",\"position\":3,\"name\":\"Durchsichtiger Spitzbeutel f\u00fcr S\u00fc\u00dfwaren 180 x 370 mm pro 250\"}]},{\"@type\":\"WebSite\",\"@id\":\"https:\/\/www.csj-emballages.com\/de\/#website\",\"url\":\"https:\/\/www.csj-emballages.com\/de\/\",\"name\":\"CSJ Emballages\",\"description\":\"\",\"publisher\":{\"@id\":\"https:\/\/www.csj-emballages.com\/de\/#organization\"},\"potentialAction\":[{\"@type\":\"SearchAction\",\"target\":{\"@type\":\"EntryPoint\",\"urlTemplate\":\"https:\/\/www.csj-emballages.com\/de\/?s={search_term_string}\"},\"query-input\":{\"@type\":\"PropertyValueSpecification\",\"valueRequired\":true,\"valueName\":\"search_term_string\"}}],\"inLanguage\":\"de\"},{\"@type\":\"Organization\",\"@id\":\"https:\/\/www.csj-emballages.com\/de\/#Organization\/\",\"name\":\"CSJ Emballages\",\"url\":\"https:\/\/www.csj-emballages.com\/de\/\",\"logo\":{\"@type\":\"ImageObject\",\"inLanguage\":\"de\",\"@id\":\"https:\/\/www.csj-emballages.com\/de\/#\/schema\/logo\/image\/\",\"url\":\"https:\/\/www.csj-emballages.com\/wp-content\/uploads\/2023\/10\/logo_csj.webp\",\"contentUrl\":\"https:\/\/www.csj-emballages.com\/wp-content\/uploads\/2023\/10\/logo_csj.webp\",\"width\":250,\"height\":95,\"caption\":\"CSJ Emballages\"},\"image\":{\"@id\":\"https:\/\/www.csj-emballages.com\/de\/#\/schema\/logo\/image\/\"},\"sameAs\":[\"https:\/\/www.facebook.com\/csjemballages\"],\"address\":{\"@type\":\"PostalAddress\",\"streetAddress\":\"ZI La Lechere\",\"addressLocality\":\"Patornay\",\"postalCode\":\"39130\",\"addressCountry\":\"FR\"},\"contactPoint\":[{\"@type\":\"ContactPoint\",\"contactType\":\"Service client\",\"telephone\":\"0384254272\",\"email\":\"contact@csj-emballages.com\"}]}]}<\/script>\n<!-- \/ Yoast SEO Premium plugin. -->","yoast_head_json":{"title":"Transparenter Spitzbeutel f\u00fcr S\u00fc\u00dfwaren 180 x 370 mm","description":"Transparenter Spitzenbeutel 180 x 370 mm aus CPP 45 \u00b5, ideal f\u00fcr S\u00fc\u00dfigkeiten, Bonbons oder Popcorn. Widerstandsf\u00e4hig, \u00e4sthetisch und praktisch.","robots":{"index":"index","follow":"follow","max-snippet":"max-snippet:-1","max-image-preview":"max-image-preview:large","max-video-preview":"max-video-preview:-1"},"canonical":"https:\/\/www.csj-emballages.com\/de\/produit\/250-transparente-spitzenbeutel-fuer-suesswaren-180-x-370-mm\/","og_locale":"de_DE","og_type":"article","og_title":"Durchsichtiger Spitzbeutel f\u00fcr S\u00fc\u00dfwaren 180 x 370 mm pro 250","og_description":"Transparenter Spitzenbeutel 180 x 370 mm aus CPP 45 \u00b5, ideal f\u00fcr S\u00fc\u00dfigkeiten, Bonbons oder Popcorn. Widerstandsf\u00e4hig, \u00e4sthetisch und praktisch.","og_url":"https:\/\/www.csj-emballages.com\/de\/produit\/250-transparente-spitzenbeutel-fuer-suesswaren-180-x-370-mm\/","og_site_name":"CSJ Emballages","article_publisher":"https:\/\/www.facebook.com\/csjemballages","article_modified_time":"2026-03-12T15:42:29+00:00","og_image":[{"width":800,"height":800,"url":"https:\/\/www.csj-emballages.com\/wp-content\/uploads\/2024\/03\/SPC18.webp","type":"image\/webp"}],"twitter_card":"summary_large_image","twitter_misc":{"Gesch\u00e4tzte Lesezeit":"2 Minuten"},"schema":{"@context":"https:\/\/schema.org","@graph":[{"@type":"WebPage","@id":"https:\/\/www.csj-emballages.com\/de\/produit\/250-transparente-spitzenbeutel-fuer-suesswaren-180-x-370-mm\/","url":"https:\/\/www.csj-emballages.com\/de\/produit\/250-transparente-spitzenbeutel-fuer-suesswaren-180-x-370-mm\/","name":"Transparenter Spitzbeutel f\u00fcr S\u00fc\u00dfwaren 180 x 370 mm","isPartOf":{"@id":"https:\/\/www.csj-emballages.com\/de\/#website"},"primaryImageOfPage":{"@id":"https:\/\/www.csj-emballages.com\/de\/produit\/250-transparente-spitzenbeutel-fuer-suesswaren-180-x-370-mm\/#primaryimage"},"image":{"@id":"https:\/\/www.csj-emballages.com\/de\/produit\/250-transparente-spitzenbeutel-fuer-suesswaren-180-x-370-mm\/#primaryimage"},"thumbnailUrl":"https:\/\/www.csj-emballages.com\/wp-content\/uploads\/2024\/03\/SPC18.webp","datePublished":"2024-03-01T15:49:04+00:00","dateModified":"2026-03-12T15:42:29+00:00","description":"Transparenter Spitzenbeutel 180 x 370 mm aus CPP 45 \u00b5, ideal f\u00fcr S\u00fc\u00dfigkeiten, Bonbons oder Popcorn. Widerstandsf\u00e4hig, \u00e4sthetisch und praktisch.","breadcrumb":{"@id":"https:\/\/www.csj-emballages.com\/de\/produit\/250-transparente-spitzenbeutel-fuer-suesswaren-180-x-370-mm\/#breadcrumb"},"inLanguage":"de","potentialAction":[{"@type":"ReadAction","target":["https:\/\/www.csj-emballages.com\/de\/produit\/250-transparente-spitzenbeutel-fuer-suesswaren-180-x-370-mm\/"]}]},{"@type":"ImageObject","inLanguage":"de","@id":"https:\/\/www.csj-emballages.com\/de\/produit\/250-transparente-spitzenbeutel-fuer-suesswaren-180-x-370-mm\/#primaryimage","url":"https:\/\/www.csj-emballages.com\/wp-content\/uploads\/2024\/03\/SPC18.webp","contentUrl":"https:\/\/www.csj-emballages.com\/wp-content\/uploads\/2024\/03\/SPC18.webp","width":800,"height":800,"caption":"Sachet en pointe"},{"@type":"BreadcrumbList","@id":"https:\/\/www.csj-emballages.com\/de\/produit\/250-transparente-spitzenbeutel-fuer-suesswaren-180-x-370-mm\/#breadcrumb","itemListElement":[{"@type":"ListItem","position":1,"name":"Accueil","item":"https:\/\/www.csj-emballages.com\/de\/universum-lebensmittelverpackungen\/"},{"@type":"ListItem","position":2,"name":"Shop","item":"https:\/\/www.csj-emballages.com\/shop\/"},{"@type":"ListItem","position":3,"name":"Durchsichtiger Spitzbeutel f\u00fcr S\u00fc\u00dfwaren 180 x 370 mm pro 250"}]},{"@type":"WebSite","@id":"https:\/\/www.csj-emballages.com\/de\/#website","url":"https:\/\/www.csj-emballages.com\/de\/","name":"CSJ Emballages","description":"","publisher":{"@id":"https:\/\/www.csj-emballages.com\/de\/#organization"},"potentialAction":[{"@type":"SearchAction","target":{"@type":"EntryPoint","urlTemplate":"https:\/\/www.csj-emballages.com\/de\/?s={search_term_string}"},"query-input":{"@type":"PropertyValueSpecification","valueRequired":true,"valueName":"search_term_string"}}],"inLanguage":"de"},{"@type":"Organization","@id":"https:\/\/www.csj-emballages.com\/de\/#Organization\/","name":"CSJ Emballages","url":"https:\/\/www.csj-emballages.com\/de\/","logo":{"@type":"ImageObject","inLanguage":"de","@id":"https:\/\/www.csj-emballages.com\/de\/#\/schema\/logo\/image\/","url":"https:\/\/www.csj-emballages.com\/wp-content\/uploads\/2023\/10\/logo_csj.webp","contentUrl":"https:\/\/www.csj-emballages.com\/wp-content\/uploads\/2023\/10\/logo_csj.webp","width":250,"height":95,"caption":"CSJ Emballages"},"image":{"@id":"https:\/\/www.csj-emballages.com\/de\/#\/schema\/logo\/image\/"},"sameAs":["https:\/\/www.facebook.com\/csjemballages"],"address":{"@type":"PostalAddress","streetAddress":"ZI La Lechere","addressLocality":"Patornay","postalCode":"39130","addressCountry":"FR"},"contactPoint":[{"@type":"ContactPoint","contactType":"Service client","telephone":"0384254272","email":"contact@csj-emballages.com"}]}]}},"df_price":9.7,"df_sale_price":"","df_regular_price":9.7,"df_image_link":"https:\/\/www.csj-emballages.com\/wp-content\/uploads\/2024\/03\/SPC18-300x300.webp","tiered_pricing_type":"fixed","tiered_pricing_fixed_rules":[],"tiered_pricing_percentage_rules":[],"tiered_pricing_minimum":1,"tiered_pricing_roles_data":[],"_links":{"self":[{"href":"https:\/\/www.csj-emballages.com\/de\/wp-json\/wp\/v2\/product\/17735","targetHints":{"allow":["GET"]}}],"collection":[{"href":"https:\/\/www.csj-emballages.com\/de\/wp-json\/wp\/v2\/product"}],"about":[{"href":"https:\/\/www.csj-emballages.com\/de\/wp-json\/wp\/v2\/types\/product"}],"wp:featuredmedia":[{"embeddable":true,"href":"https:\/\/www.csj-emballages.com\/de\/wp-json\/wp\/v2\/media\/243783"}],"wp:attachment":[{"href":"https:\/\/www.csj-emballages.com\/de\/wp-json\/wp\/v2\/media?parent=17735"}],"wp:term":[{"taxonomy":"product_brand","embeddable":true,"href":"https:\/\/www.csj-emballages.com\/de\/wp-json\/wp\/v2\/product_brand?post=17735"},{"taxonomy":"product_cat","embeddable":true,"href":"https:\/\/www.csj-emballages.com\/de\/wp-json\/wp\/v2\/product_cat?post=17735"},{"taxonomy":"product_tag","embeddable":true,"href":"https:\/\/www.csj-emballages.com\/de\/wp-json\/wp\/v2\/product_tag?post=17735"}],"curies":[{"name":"wp","href":"https:\/\/api.w.org\/{rel}","templated":true}]}}