{"id":17729,"date":"2024-03-01T16:49:03","date_gmt":"2024-03-01T15:49:03","guid":{"rendered":"https:\/\/u15jnbdpoq.preview.infomaniak.website\/produit\/500-weisse-snack-servietten-aus-einwegpapier-1-lagig-30-x-30-cm\/"},"modified":"2026-04-27T02:13:33","modified_gmt":"2026-04-27T00:13:33","slug":"500-weisse-snack-servietten-aus-einwegpapier-1-lagig-30-x-30-cm","status":"publish","type":"product","link":"https:\/\/www.csj-emballages.com\/de\/produit\/500-weisse-snack-servietten-aus-einwegpapier-1-lagig-30-x-30-cm\/","title":{"rendered":"Wei\u00dfe Serviette 1-lagig Papier 30 x 30 cm pro 500"},"content":{"rendered":"<h2>Besteckmappe<\/h2>\n<hr>\n<h3><span style=\"font-weight: bold;\">Entdecken Sie unsere wei\u00dfen 1-lagigen Servietten 30 x 30 cm pro 500<\/span><\/h3>\n<p><!--more--><\/p>\n<p>Die <strong>wei\u00dfe Serviette<\/strong> <strong>1-lagig 30 x 30 cm \u00e0 500<\/strong> ist ein einfaches und praktisches Produkt, das sich ideal f\u00fcr den t\u00e4glichen Bedarf eignet. Seine Verwendung eignet sich f\u00fcr verschiedene Arten von Veranstaltungen, von Mahlzeiten zu Hause bis hin zu gro\u00dfen Empf\u00e4ngen. Dieses Produkt wurde entwickelt, um eine effektive und hygienische L\u00f6sung zum Abtrocknen von H\u00e4nden oder Reinigen von Oberfl\u00e4chen zu bieten.  <\/p>\n<h3><\/h3>\n<p><!--more--><\/p>\n<h3>Eigenschaften der wei\u00dfen Serviette 1-lagig<\/h3>\n<p>Jede <strong>1-lagige Serviette<\/strong> misst <strong>30 x 30 cm,<\/strong> eine praktische Gr\u00f6\u00dfe f\u00fcr einen schnellen und einfachen Gebrauch. Tats\u00e4chlich erm\u00f6glicht die Gr\u00f6\u00dfe eine gute Abdeckung, w\u00e4hrend sie gleichzeitig kompakt und einfach zu verwenden ist. Die <strong>1-lagige<\/strong> Struktur sorgt au\u00dferdem f\u00fcr eine sparsamere Nutzung, w\u00e4hrend sie f\u00fcr einfache Aufgaben effektiv bleibt. Die <g id=\"gid_3\">wei\u00dfe Serviette<\/g> besteht aus weichem <g id=\"gid_4\">Papier<\/g>, was eine angenehme Nutzung ohne Irritationen erm\u00f6glicht. Dank ihres Formats von <strong>30 x 30<\/strong> ist diese <strong>Serviette 30 x 30<\/strong> gro\u00df genug, um die H\u00e4nde nach einer Mahlzeit abzuwischen oder bei einer Veranstaltung zu servieren. Sie eignet sich perfekt f\u00fcr informelle Mahlzeiten oder Momente, in denen es einfach sein soll. Au\u00dferdem ist <strong>Wei\u00df<\/strong> eine neutrale Farbe, die sich leicht in jede Einrichtung einf\u00fcgt, egal ob klassisch oder modern.      <\/p>\n<p>Das verwendete <strong>Papier<\/strong> ist so konzipiert, dass es sowohl saugf\u00e4hig als auch robust ist, sodass Sie ein praktisches Nutzungserlebnis haben, ohne sich Sorgen machen zu m\u00fcssen, dass das Produkt schnell rei\u00dft oder br\u00fcchig wird. Diese Herstellungsqualit\u00e4t hilft auch, Verschwendung zu vermeiden, indem sichergestellt wird, dass jedes <strong>wei\u00dfe Handtuch<\/strong> sein volles Potenzial ausnutzt. <\/p>\n<p>&nbsp;<\/p>\n<p><!--more--><\/p>\n<h4>Praktische und g\u00fcnstige Handt\u00fccher<\/h4>\n<p>Die Packung enth\u00e4lt <strong>500<\/strong> <strong>Servietten 30 x 30 und<\/strong> bietet damit ein gutes Preis-Leistungs-Verh\u00e4ltnis. Dieses gro\u00dfe Format eignet sich perfekt f\u00fcr den hohen Bedarf in B\u00fcros, bei Veranstaltungen oder sogar in Restaurants. Mit diesem Produkt entscheiden Sie sich f\u00fcr eine praktische und kosteng\u00fcnstige Wahl, die den Grundbedarf an Papierservietten deckt.  <\/p>\n<p>Zusammenfassend l\u00e4sst sich sagen, dass die <strong>wei\u00dfe<\/strong> <strong>1-lagige<\/strong> <strong>Serviette<\/strong> <strong>30 x 30 cm von 500<\/strong> ein wesentliches, einfaches und effektives Produkt f\u00fcr Ihren t\u00e4glichen Bedarf ist. Die ideale <strong>Handtuchgr\u00f6\u00dfe<\/strong> von <strong>30 x 30<\/strong> erm\u00f6glicht eine vielseitige Verwendung, ob zu Hause oder bei Besprechungen. Sie k\u00f6nnen sich auf die Weichheit und Festigkeit dieser Handt\u00fccher verlassen, die eine hygienische und angenehme Nutzung erm\u00f6glichen.  <\/p>\n<p>&nbsp;<\/p>\n<p><!--more--><\/p>\n<h4>Ihre Vorteile :<\/h4>\n<ul>\n<li><strong>Praktisch<\/strong>: Gr\u00f6\u00dfe von <strong>30 x 30 cm<\/strong> ideal f\u00fcr eine schnelle und einfache Verwendung.<\/li>\n<li><strong>Vielseitig<\/strong> einsetzbar : Geeignet f\u00fcr verschiedene Arten von Veranstaltungen, von informellen Mahlzeiten bis hin zu Empf\u00e4ngen.<\/li>\n<li><strong>Hygienisch<\/strong>: Jedes <strong>wei\u00dfe Handtuch<\/strong> wird aus weichem, saugf\u00e4higem Papier hergestellt.<\/li>\n<li><strong>Gro\u00dfe Mengen<\/strong>: Die Packung mit 500 <strong>1-lagigen Servietten<\/strong> bietet ein gutes Preis-Leistungs-Verh\u00e4ltnis f\u00fcr den regelm\u00e4\u00dfigen Verbrauch.<\/li>\n<\/ul>\n<p>&nbsp;<\/p>\n<p><!--more--><\/p>\n<h4>Weitere Informationen :<\/h4>\n<ul>\n<li><strong>Verpackung<\/strong>: Packung mit 500 St\u00fcck<\/li>\n<li><strong>Farbe<\/strong>: Wei\u00df<\/li>\n<li><strong>Ma\u00dfe<\/strong>: 30 x 30 cm aufgeklappt<\/li>\n<li><strong>Material<\/strong>: Papier<\/li>\n<\/ul>\n<p>&nbsp;<\/p>\n<p><!--more--><\/p>\n<p><a href=\"https:\/\/www.csj-emballages.com\/de\/categorie-produit\/lebensmittelverpackungen\/restauration-de\/servietten-tischsets-tischdecken\/handtucher\/\">Sehen Sie sich den Rest unseres Sortiments an Handt\u00fcchern an<\/a><\/p>\n","protected":false},"excerpt":{"rendered":"<p>Besteckmappe Entdecken Sie unsere wei\u00dfen 1-lagigen Servietten 30 x 30 cm pro 500<\/p>\n","protected":false},"featured_media":202365,"template":"","meta":{"_acf_changed":false},"product_brand":[],"product_cat":[1137,1134,1135,1251,1674],"product_tag":[],"class_list":{"0":"post-17729","1":"product","2":"type-product","3":"status-publish","4":"has-post-thumbnail","6":"product_cat-lebensmittelverpackungen","7":"product_cat-restauration-de","8":"product_cat-servietten-tischsets-tischdecken","9":"product_cat-handtucher","10":"product_cat-servietten-1-lagig","12":"first","13":"instock","14":"taxable","15":"shipping-taxable","16":"purchasable","17":"product-type-simple"},"acf":[],"yoast_head":"<!-- This site is optimized with the Yoast SEO Premium plugin v26.6 (Yoast SEO v26.6) - https:\/\/yoast.com\/wordpress\/plugins\/seo\/ -->\n<title>Wei\u00dfe Serviette, 1-lagig, aus Papier - 30 x 30 cm<\/title>\n<meta name=\"description\" content=\"Entdecken Sie unsere wei\u00dfe 1-lagige Serviette 30 x 30 cm von 500. Sie ist praktisch, preiswert und hygienisch und eignet sich f\u00fcr alle Ihre t\u00e4glichen Bed\u00fcrfnisse.\" \/>\n<meta name=\"robots\" content=\"index, follow, max-snippet:-1, max-image-preview:large, max-video-preview:-1\" \/>\n<link rel=\"canonical\" href=\"https:\/\/www.csj-emballages.com\/de\/produit\/500-weisse-snack-servietten-aus-einwegpapier-1-lagig-30-x-30-cm\/\" \/>\n<meta property=\"og:locale\" content=\"de_DE\" \/>\n<meta property=\"og:type\" content=\"article\" \/>\n<meta property=\"og:title\" content=\"Wei\u00dfe Serviette 1-lagig Papier 30 x 30 cm pro 500\" \/>\n<meta property=\"og:description\" content=\"Entdecken Sie unsere wei\u00dfe 1-lagige Serviette 30 x 30 cm von 500. Sie ist praktisch, preiswert und hygienisch und eignet sich f\u00fcr alle Ihre t\u00e4glichen Bed\u00fcrfnisse.\" \/>\n<meta property=\"og:url\" content=\"https:\/\/www.csj-emballages.com\/de\/produit\/500-weisse-snack-servietten-aus-einwegpapier-1-lagig-30-x-30-cm\/\" \/>\n<meta property=\"og:site_name\" content=\"CSJ Emballages\" \/>\n<meta property=\"article:publisher\" content=\"https:\/\/www.facebook.com\/csjemballages\" \/>\n<meta property=\"article:modified_time\" content=\"2026-04-27T00:13:33+00:00\" \/>\n<meta property=\"og:image\" content=\"https:\/\/www.csj-emballages.com\/wp-content\/uploads\/2024\/03\/SR30AL.webp\" \/>\n\t<meta property=\"og:image:width\" content=\"800\" \/>\n\t<meta property=\"og:image:height\" content=\"800\" \/>\n\t<meta property=\"og:image:type\" content=\"image\/webp\" \/>\n<meta name=\"twitter:card\" content=\"summary_large_image\" \/>\n<meta name=\"twitter:label1\" content=\"Gesch\u00e4tzte Lesezeit\" \/>\n\t<meta name=\"twitter:data1\" content=\"2 Minuten\" \/>\n<script type=\"application\/ld+json\" class=\"yoast-schema-graph\">{\"@context\":\"https:\/\/schema.org\",\"@graph\":[{\"@type\":\"WebPage\",\"@id\":\"https:\/\/www.csj-emballages.com\/de\/produit\/500-weisse-snack-servietten-aus-einwegpapier-1-lagig-30-x-30-cm\/\",\"url\":\"https:\/\/www.csj-emballages.com\/de\/produit\/500-weisse-snack-servietten-aus-einwegpapier-1-lagig-30-x-30-cm\/\",\"name\":\"Wei\u00dfe Serviette, 1-lagig, aus Papier - 30 x 30 cm\",\"isPartOf\":{\"@id\":\"https:\/\/www.csj-emballages.com\/de\/#website\"},\"primaryImageOfPage\":{\"@id\":\"https:\/\/www.csj-emballages.com\/de\/produit\/500-weisse-snack-servietten-aus-einwegpapier-1-lagig-30-x-30-cm\/#primaryimage\"},\"image\":{\"@id\":\"https:\/\/www.csj-emballages.com\/de\/produit\/500-weisse-snack-servietten-aus-einwegpapier-1-lagig-30-x-30-cm\/#primaryimage\"},\"thumbnailUrl\":\"https:\/\/www.csj-emballages.com\/wp-content\/uploads\/2024\/03\/SR30AL.webp\",\"datePublished\":\"2024-03-01T15:49:03+00:00\",\"dateModified\":\"2026-04-27T00:13:33+00:00\",\"description\":\"Entdecken Sie unsere wei\u00dfe 1-lagige Serviette 30 x 30 cm von 500. Sie ist praktisch, preiswert und hygienisch und eignet sich f\u00fcr alle Ihre t\u00e4glichen Bed\u00fcrfnisse.\",\"breadcrumb\":{\"@id\":\"https:\/\/www.csj-emballages.com\/de\/produit\/500-weisse-snack-servietten-aus-einwegpapier-1-lagig-30-x-30-cm\/#breadcrumb\"},\"inLanguage\":\"de\",\"potentialAction\":[{\"@type\":\"ReadAction\",\"target\":[\"https:\/\/www.csj-emballages.com\/de\/produit\/500-weisse-snack-servietten-aus-einwegpapier-1-lagig-30-x-30-cm\/\"]}]},{\"@type\":\"ImageObject\",\"inLanguage\":\"de\",\"@id\":\"https:\/\/www.csj-emballages.com\/de\/produit\/500-weisse-snack-servietten-aus-einwegpapier-1-lagig-30-x-30-cm\/#primaryimage\",\"url\":\"https:\/\/www.csj-emballages.com\/wp-content\/uploads\/2024\/03\/SR30AL.webp\",\"contentUrl\":\"https:\/\/www.csj-emballages.com\/wp-content\/uploads\/2024\/03\/SR30AL.webp\",\"width\":800,\"height\":800,\"caption\":\"Serviette 1 pli\"},{\"@type\":\"BreadcrumbList\",\"@id\":\"https:\/\/www.csj-emballages.com\/de\/produit\/500-weisse-snack-servietten-aus-einwegpapier-1-lagig-30-x-30-cm\/#breadcrumb\",\"itemListElement\":[{\"@type\":\"ListItem\",\"position\":1,\"name\":\"Accueil\",\"item\":\"https:\/\/www.csj-emballages.com\/de\/universum-lebensmittelverpackungen\/\"},{\"@type\":\"ListItem\",\"position\":2,\"name\":\"Shop\",\"item\":\"https:\/\/www.csj-emballages.com\/shop\/\"},{\"@type\":\"ListItem\",\"position\":3,\"name\":\"Wei\u00dfe Serviette 1-lagig Papier 30 x 30 cm pro 500\"}]},{\"@type\":\"WebSite\",\"@id\":\"https:\/\/www.csj-emballages.com\/de\/#website\",\"url\":\"https:\/\/www.csj-emballages.com\/de\/\",\"name\":\"CSJ Emballages\",\"description\":\"\",\"publisher\":{\"@id\":\"https:\/\/www.csj-emballages.com\/de\/#organization\"},\"potentialAction\":[{\"@type\":\"SearchAction\",\"target\":{\"@type\":\"EntryPoint\",\"urlTemplate\":\"https:\/\/www.csj-emballages.com\/de\/?s={search_term_string}\"},\"query-input\":{\"@type\":\"PropertyValueSpecification\",\"valueRequired\":true,\"valueName\":\"search_term_string\"}}],\"inLanguage\":\"de\"},{\"@type\":\"Organization\",\"@id\":\"https:\/\/www.csj-emballages.com\/de\/#Organization\/\",\"name\":\"CSJ Emballages\",\"url\":\"https:\/\/www.csj-emballages.com\/de\/\",\"logo\":{\"@type\":\"ImageObject\",\"inLanguage\":\"de\",\"@id\":\"https:\/\/www.csj-emballages.com\/de\/#\/schema\/logo\/image\/\",\"url\":\"https:\/\/www.csj-emballages.com\/wp-content\/uploads\/2023\/10\/logo_csj.webp\",\"contentUrl\":\"https:\/\/www.csj-emballages.com\/wp-content\/uploads\/2023\/10\/logo_csj.webp\",\"width\":250,\"height\":95,\"caption\":\"CSJ Emballages\"},\"image\":{\"@id\":\"https:\/\/www.csj-emballages.com\/de\/#\/schema\/logo\/image\/\"},\"sameAs\":[\"https:\/\/www.facebook.com\/csjemballages\"],\"address\":{\"@type\":\"PostalAddress\",\"streetAddress\":\"ZI La Lechere\",\"addressLocality\":\"Patornay\",\"postalCode\":\"39130\",\"addressCountry\":\"FR\"},\"contactPoint\":[{\"@type\":\"ContactPoint\",\"contactType\":\"Service client\",\"telephone\":\"0384254272\",\"email\":\"contact@csj-emballages.com\"}]}]}<\/script>\n<!-- \/ Yoast SEO Premium plugin. -->","yoast_head_json":{"title":"Wei\u00dfe Serviette, 1-lagig, aus Papier - 30 x 30 cm","description":"Entdecken Sie unsere wei\u00dfe 1-lagige Serviette 30 x 30 cm von 500. Sie ist praktisch, preiswert und hygienisch und eignet sich f\u00fcr alle Ihre t\u00e4glichen Bed\u00fcrfnisse.","robots":{"index":"index","follow":"follow","max-snippet":"max-snippet:-1","max-image-preview":"max-image-preview:large","max-video-preview":"max-video-preview:-1"},"canonical":"https:\/\/www.csj-emballages.com\/de\/produit\/500-weisse-snack-servietten-aus-einwegpapier-1-lagig-30-x-30-cm\/","og_locale":"de_DE","og_type":"article","og_title":"Wei\u00dfe Serviette 1-lagig Papier 30 x 30 cm pro 500","og_description":"Entdecken Sie unsere wei\u00dfe 1-lagige Serviette 30 x 30 cm von 500. Sie ist praktisch, preiswert und hygienisch und eignet sich f\u00fcr alle Ihre t\u00e4glichen Bed\u00fcrfnisse.","og_url":"https:\/\/www.csj-emballages.com\/de\/produit\/500-weisse-snack-servietten-aus-einwegpapier-1-lagig-30-x-30-cm\/","og_site_name":"CSJ Emballages","article_publisher":"https:\/\/www.facebook.com\/csjemballages","article_modified_time":"2026-04-27T00:13:33+00:00","og_image":[{"width":800,"height":800,"url":"https:\/\/www.csj-emballages.com\/wp-content\/uploads\/2024\/03\/SR30AL.webp","type":"image\/webp"}],"twitter_card":"summary_large_image","twitter_misc":{"Gesch\u00e4tzte Lesezeit":"2 Minuten"},"schema":{"@context":"https:\/\/schema.org","@graph":[{"@type":"WebPage","@id":"https:\/\/www.csj-emballages.com\/de\/produit\/500-weisse-snack-servietten-aus-einwegpapier-1-lagig-30-x-30-cm\/","url":"https:\/\/www.csj-emballages.com\/de\/produit\/500-weisse-snack-servietten-aus-einwegpapier-1-lagig-30-x-30-cm\/","name":"Wei\u00dfe Serviette, 1-lagig, aus Papier - 30 x 30 cm","isPartOf":{"@id":"https:\/\/www.csj-emballages.com\/de\/#website"},"primaryImageOfPage":{"@id":"https:\/\/www.csj-emballages.com\/de\/produit\/500-weisse-snack-servietten-aus-einwegpapier-1-lagig-30-x-30-cm\/#primaryimage"},"image":{"@id":"https:\/\/www.csj-emballages.com\/de\/produit\/500-weisse-snack-servietten-aus-einwegpapier-1-lagig-30-x-30-cm\/#primaryimage"},"thumbnailUrl":"https:\/\/www.csj-emballages.com\/wp-content\/uploads\/2024\/03\/SR30AL.webp","datePublished":"2024-03-01T15:49:03+00:00","dateModified":"2026-04-27T00:13:33+00:00","description":"Entdecken Sie unsere wei\u00dfe 1-lagige Serviette 30 x 30 cm von 500. Sie ist praktisch, preiswert und hygienisch und eignet sich f\u00fcr alle Ihre t\u00e4glichen Bed\u00fcrfnisse.","breadcrumb":{"@id":"https:\/\/www.csj-emballages.com\/de\/produit\/500-weisse-snack-servietten-aus-einwegpapier-1-lagig-30-x-30-cm\/#breadcrumb"},"inLanguage":"de","potentialAction":[{"@type":"ReadAction","target":["https:\/\/www.csj-emballages.com\/de\/produit\/500-weisse-snack-servietten-aus-einwegpapier-1-lagig-30-x-30-cm\/"]}]},{"@type":"ImageObject","inLanguage":"de","@id":"https:\/\/www.csj-emballages.com\/de\/produit\/500-weisse-snack-servietten-aus-einwegpapier-1-lagig-30-x-30-cm\/#primaryimage","url":"https:\/\/www.csj-emballages.com\/wp-content\/uploads\/2024\/03\/SR30AL.webp","contentUrl":"https:\/\/www.csj-emballages.com\/wp-content\/uploads\/2024\/03\/SR30AL.webp","width":800,"height":800,"caption":"Serviette 1 pli"},{"@type":"BreadcrumbList","@id":"https:\/\/www.csj-emballages.com\/de\/produit\/500-weisse-snack-servietten-aus-einwegpapier-1-lagig-30-x-30-cm\/#breadcrumb","itemListElement":[{"@type":"ListItem","position":1,"name":"Accueil","item":"https:\/\/www.csj-emballages.com\/de\/universum-lebensmittelverpackungen\/"},{"@type":"ListItem","position":2,"name":"Shop","item":"https:\/\/www.csj-emballages.com\/shop\/"},{"@type":"ListItem","position":3,"name":"Wei\u00dfe Serviette 1-lagig Papier 30 x 30 cm pro 500"}]},{"@type":"WebSite","@id":"https:\/\/www.csj-emballages.com\/de\/#website","url":"https:\/\/www.csj-emballages.com\/de\/","name":"CSJ Emballages","description":"","publisher":{"@id":"https:\/\/www.csj-emballages.com\/de\/#organization"},"potentialAction":[{"@type":"SearchAction","target":{"@type":"EntryPoint","urlTemplate":"https:\/\/www.csj-emballages.com\/de\/?s={search_term_string}"},"query-input":{"@type":"PropertyValueSpecification","valueRequired":true,"valueName":"search_term_string"}}],"inLanguage":"de"},{"@type":"Organization","@id":"https:\/\/www.csj-emballages.com\/de\/#Organization\/","name":"CSJ Emballages","url":"https:\/\/www.csj-emballages.com\/de\/","logo":{"@type":"ImageObject","inLanguage":"de","@id":"https:\/\/www.csj-emballages.com\/de\/#\/schema\/logo\/image\/","url":"https:\/\/www.csj-emballages.com\/wp-content\/uploads\/2023\/10\/logo_csj.webp","contentUrl":"https:\/\/www.csj-emballages.com\/wp-content\/uploads\/2023\/10\/logo_csj.webp","width":250,"height":95,"caption":"CSJ Emballages"},"image":{"@id":"https:\/\/www.csj-emballages.com\/de\/#\/schema\/logo\/image\/"},"sameAs":["https:\/\/www.facebook.com\/csjemballages"],"address":{"@type":"PostalAddress","streetAddress":"ZI La Lechere","addressLocality":"Patornay","postalCode":"39130","addressCountry":"FR"},"contactPoint":[{"@type":"ContactPoint","contactType":"Service client","telephone":"0384254272","email":"contact@csj-emballages.com"}]}]}},"df_price":3.95,"df_sale_price":"","df_regular_price":3.95,"df_image_link":"https:\/\/www.csj-emballages.com\/wp-content\/uploads\/2024\/03\/SR30AL-300x300.webp","tiered_pricing_type":"fixed","tiered_pricing_fixed_rules":[],"tiered_pricing_percentage_rules":[],"tiered_pricing_minimum":1,"tiered_pricing_roles_data":[],"_links":{"self":[{"href":"https:\/\/www.csj-emballages.com\/de\/wp-json\/wp\/v2\/product\/17729","targetHints":{"allow":["GET"]}}],"collection":[{"href":"https:\/\/www.csj-emballages.com\/de\/wp-json\/wp\/v2\/product"}],"about":[{"href":"https:\/\/www.csj-emballages.com\/de\/wp-json\/wp\/v2\/types\/product"}],"wp:featuredmedia":[{"embeddable":true,"href":"https:\/\/www.csj-emballages.com\/de\/wp-json\/wp\/v2\/media\/202365"}],"wp:attachment":[{"href":"https:\/\/www.csj-emballages.com\/de\/wp-json\/wp\/v2\/media?parent=17729"}],"wp:term":[{"taxonomy":"product_brand","embeddable":true,"href":"https:\/\/www.csj-emballages.com\/de\/wp-json\/wp\/v2\/product_brand?post=17729"},{"taxonomy":"product_cat","embeddable":true,"href":"https:\/\/www.csj-emballages.com\/de\/wp-json\/wp\/v2\/product_cat?post=17729"},{"taxonomy":"product_tag","embeddable":true,"href":"https:\/\/www.csj-emballages.com\/de\/wp-json\/wp\/v2\/product_tag?post=17729"}],"curies":[{"name":"wp","href":"https:\/\/api.w.org\/{rel}","templated":true}]}}