{"id":17689,"date":"2024-03-01T16:47:46","date_gmt":"2024-03-01T15:47:46","guid":{"rendered":"https:\/\/u15jnbdpoq.preview.infomaniak.website\/produit\/100-glatte-vakuumbeutel-zur-aufbewahrung-15-x-27-cm-90-%c2%b5\/"},"modified":"2026-04-28T09:02:27","modified_gmt":"2026-04-28T07:02:27","slug":"100-glatte-vakuumbeutel-zur-aufbewahrung-15-x-27-cm-90-%c2%b5","status":"publish","type":"product","link":"https:\/\/www.csj-emballages.com\/de\/produit\/100-glatte-vakuumbeutel-zur-aufbewahrung-15-x-27-cm-90-%c2%b5\/","title":{"rendered":"Vakuumbeutel Glatte Konservierung 15 x 27 cm 90 \u00b5 pro 100"},"content":{"rendered":"<div class=\"flex flex-grow flex-col max-w-full\">\n<div class=\"min-h-[20px] text-message flex flex-col items-start whitespace-pre-wrap break-words [.text-message+&amp;]:mt-5 juice:w-full juice:items-end overflow-x-auto gap-2\" dir=\"auto\" data-message-author-role=\"assistant\" data-message-id=\"2034782e-88f9-44ef-b4dc-07dd7bf0115f\">\n<div class=\"flex w-full flex-col gap-1 juice:empty:hidden juice:first:pt-[3px]\">\n<div class=\"markdown prose w-full break-words dark:prose-invert light\">\n<div style=\"font-family: Roboto, sans-serif;\">\n<div style=\"font-family: Roboto, sans-serif;\">\n<div style=\"font-family: Roboto, sans-serif;\">\n<div style=\"font-family: Roboto, sans-serif;\">\n<div style=\"font-family: Roboto, sans-serif;\">\n<div style=\"font-family: Roboto, sans-serif;\">\n<div style=\"font-family: Roboto, sans-serif;\">\n<div style=\"font-family: Roboto, sans-serif;\">\n<div style=\"font-family: Roboto, sans-serif;\">\n<div style=\"font-family: Roboto, sans-serif;\">\n<div style=\"font-family: Roboto, sans-serif;\">\n<div style=\"font-family: Roboto, sans-serif;\">\n<h2><strong style=\"font-family: Roboto, sans-serif;\">Vakuumbeutel<br \/>\n<\/strong><\/h2>\n<div style=\"font-family: Roboto, sans-serif;\">\n<div style=\"font-family: Roboto, sans-serif;\">\n<div style=\"font-family: Roboto, sans-serif;\">\n<div style=\"text-align: center;\">\n<div style=\"font-family: Roboto, sans-serif;\">\n<div style=\"font-family: Roboto, sans-serif;\">\n<div style=\"font-family: Roboto, sans-serif;\">\n<div style=\"font-family: Roboto, sans-serif;\">\n<div style=\"font-family: Roboto, sans-serif;\">\n<div style=\"font-family: Roboto, sans-serif; text-align: left;\">\n<hr>\n<h3 style=\"text-align: left;\">Beschreibung von Vakuumbeutel Glatte Konservierung 15 x 27 cm 90 \u00b5 per 100<\/h3>\n<p><!--more--><\/p>\n<p>Entdecken Sie unsere <strong>glatten<\/strong> <strong>Vakuum-Aufbewahrungsbeutel<\/strong> <strong>15 x 27 cm<\/strong> mit einer St\u00e4rke von <strong>90\u00b5<\/strong>, die ideal sind, um Ihre Lebensmittel l\u00e4nger frisch zu halten. Dank ihres reliefartigen Designs eignen sie sich f\u00fcr professionelle Maschinen. So profitieren Sie von einer vielseitigen und kosteng\u00fcnstigen Aufbewahrungsl\u00f6sung. Dar\u00fcber hinaus sorgt das strapazierf\u00e4hige Material f\u00fcr eine effektive Barriere gegen Feuchtigkeit, Luft und Ger\u00fcche. Daher bieten diese <strong>Beutel<\/strong> einen optimalen Schutz f\u00fcr Ihre Lebensmittel.    <\/p>\n<p>Mit anderen Worten: Ihre Produkte bleiben schmackhaft und behalten ihre N\u00e4hrwerte bei. Dar\u00fcber hinaus eignen sie sich hervorragend zum Einfrieren und zur langfristigen Lagerung. Ob f\u00fcr den t\u00e4glichen Gebrauch oder f\u00fcr die Arbeit, diese <strong>Beutel<\/strong> machen Ihnen das Leben leichter.  <\/p>\n<p>Zusammenfassend l\u00e4sst sich sagen, dass unsere <strong>15 x 27 cm<\/strong> <strong>Vakuumbeutel<\/strong> Ihr Verb\u00fcndeter f\u00fcr eine optimale Aufbewahrung und ein intelligentes Management von Lebensmitteln sind.<\/p>\n<p>&nbsp;<\/p>\n<\/div>\n<\/div>\n<\/div>\n<\/div>\n<\/div>\n<\/div>\n<\/div>\n<\/div>\n<\/div>\n<\/div>\n<p><!--more--><\/p>\n<p style=\"text-align: left;\"><strong>Ihre Vorteile :<\/strong><\/p>\n<ul style=\"text-align: left;\">\n<li><strong>L\u00e4ngere Haltbarkeit<\/strong>: Verhindert das Wachstum von Bakterien und h\u00e4lt Lebensmittel l\u00e4nger frisch.<\/li>\n<li><strong>Platzsparend<\/strong>: Kompaktes Format, ideal f\u00fcr die effiziente Organisation von K\u00fchl- und Gefrierschr\u00e4nken.<\/li>\n<li><strong>Perfekte Abdichtung<\/strong>: Optimaler Schutz vor unerw\u00fcnschter Luft, Feuchtigkeit und Ger\u00fcchen.<\/li>\n<li><strong>Vielseitig<\/strong> einsetzbar: Diese Vakuumbeutel eignen sich f\u00fcr die Aufbewahrung von frischen oder gefrorenen Lebensmitteln.<\/li>\n<li><strong>Robustes Material<\/strong>: <strong>90\u00b5<\/strong> Dicke bietet erh\u00f6hte Haltbarkeit und Durchsto\u00dffestigkeit<\/li>\n<\/ul>\n<\/div>\n<div style=\"font-family: Roboto, sans-serif;\"><\/div>\n<\/div>\n<\/div>\n<\/div>\n<\/div>\n<\/div>\n<p><!--more--><\/p>\n<div style=\"font-family: Roboto, sans-serif;\">\n<div style=\"font-family: Roboto, sans-serif;\">\n<div style=\"font-family: Roboto, sans-serif;\">\n<h4>Weitere Informationen :<\/h4>\n<ul>\n<li><strong>Verpackung<\/strong>: Packung mit 100 St\u00fcck<\/li>\n<li><strong>Abmessungen<\/strong>: 15 x 27 cm<\/li>\n<li><strong>Hei\u00dfsiegelbar<\/strong>: Ja<\/li>\n<li><strong>Schrumpfbar<\/strong>: Nein<\/li>\n<li><strong>Art<\/strong>: Glatt<\/li>\n<li><strong>Widerstand<\/strong>: 90 Mikron<\/li>\n<li><strong>Schwei\u00dfen<\/strong>: 3 Seiten<\/li>\n<li><strong>Betriebstemperatur<\/strong>: -50 \u00b0C \/ +70 \u00b0C<\/li>\n<\/ul>\n<\/div>\n<p>&nbsp;<\/p>\n<p><!--more--><\/p>\n<p>Dieses Produkt gibt es in verschiedenen Gr\u00f6\u00dfen: <span style=\"color: #d12727;\"><a style=\"color: #d12727;\" href=\"https:\/\/www.csj-emballages.com\/de\/produit\/100-vakuumbeutel-zur-aufbewahrung-glatt-17-x-17-cm-90-%c2%b5\/\">17 x 17 cm<\/a><\/span> \/ <span style=\"color: #d12727;\"><a style=\"color: #d12727;\" href=\"https:\/\/www.csj-emballages.com\/de\/produit\/100-vakuumbeutel-zur-aufbewahrung-glatt-15-x-20-cm-90-%c2%b5\/\">15 x 20 cm<\/a><\/span> \/ <span style=\"color: #d12727;\"><a style=\"color: #d12727;\" href=\"https:\/\/www.csj-emballages.com\/de\/produit\/100-vakuumbeutel-zur-aufbewahrung-glatt-17-x-25-cm-90-%c2%b5\/\">17 x 25 cm<\/a><\/span> \/ <span style=\"color: #d12727;\"><a style=\"color: #d12727;\" href=\"https:\/\/www.csj-emballages.com\/de\/produit\/100-vakuumbeutel-zur-aufbewahrung-glatt-15-x-30-cm-90-%c2%b5\/\">15 x 30 cm<\/a><\/span> \/ <span style=\"color: #d12727;\"><a style=\"color: #d12727;\" href=\"https:\/\/www.csj-emballages.com\/de\/produit\/100-vakuumbeutel-zur-aufbewahrung-glatt-20-x-20-cm-90-%c2%b5\/\">20 x 20 cm<\/a><\/span> \/ <span style=\"color: #d12727;\"><a style=\"color: #d12727;\" href=\"https:\/\/www.csj-emballages.com\/de\/produit\/100-vakuumbeutel-zur-aufbewahrung-glatt-20-x-25-cm-90-%c2%b5\/\">20 x 25 cm<\/a><\/span> \/ <span style=\"color: #d12727;\"><a style=\"color: #d12727;\" href=\"https:\/\/www.csj-emballages.com\/de\/produit\/100-vakuumbeutel-zur-aufbewahrung-glatt-25-x-25-cm-90-%c2%b5\/\">25 x 25 cm<\/a><\/span><\/p>\n<p>&nbsp;<\/p>\n<\/div>\n<\/div>\n<\/div>\n<\/div>\n<p><!--more--><\/p>\n<p>Hier finden Sie unsere Goldplatte, die mit diesen Vakuumbeuteln kompatibel ist : <span style=\"color: #d12727;\"><a style=\"color: #d12727;\" href=\"https:\/\/www.csj-emballages.com\/produit\/plaque-or-sac-sous-vide-bords-arrondis-120-x-200-mm-par-200\/\">PLAQ1220<\/a><\/span><\/p>\n<div style=\"font-family: Roboto, sans-serif;\">\n<div style=\"font-family: Roboto, sans-serif;\">\n<div style=\"font-family: Roboto, sans-serif;\">\n<div style=\"font-family: Roboto, sans-serif;\">\n<p>&nbsp;<\/p>\n<div style=\"font-family: Roboto, sans-serif;\">\n<p><!--more--><\/p>\n<p><a href=\"\/?product_cat=sacs-sous-vide-lisses-90-\u03bcm\">Sehen Sie sich den Rest unseres Sortiments an glatten Vakuumbeuteln an<\/a><\/p>\n<\/div>\n<\/div>\n<\/div>\n<\/div>\n<\/div>\n<\/div>\n<\/div>\n<\/div>\n<\/div>\n<\/div>\n<\/div>\n<\/div>\n<\/div>\n","protected":false},"excerpt":{"rendered":"<p>Vakuumbeutel Beschreibung von Vakuumbeutel Glatte Konservierung 15 x 27 cm 90 \u00b5 per 100<\/p>\n","protected":false},"featured_media":227337,"template":"","meta":{"_acf_changed":false},"product_brand":[],"product_cat":[1137,1170,1235,1236,1237],"product_tag":[],"class_list":{"0":"post-17689","1":"product","2":"type-product","3":"status-publish","4":"has-post-thumbnail","6":"product_cat-lebensmittelverpackungen","7":"product_cat-metzgerei-und-feinkostgeschaft","8":"product_cat-vakuumbeutel","9":"product_cat-glatte-vakuumbeutel","10":"product_cat-glatte-vakuumbeutel-90-m","12":"first","13":"instock","14":"taxable","15":"shipping-taxable","16":"purchasable","17":"product-type-simple"},"acf":[],"yoast_head":"<!-- This site is optimized with the Yoast SEO Premium plugin v26.6 (Yoast SEO v26.6) - https:\/\/yoast.com\/wordpress\/plugins\/seo\/ -->\n<title>Vakuumbeutel Glatte Aufbewahrung 15 x 27 cm 90 \u00b5 pro 100<\/title>\n<meta name=\"description\" content=\"Optimieren Sie die Aufbewahrung Ihrer Lebensmittel mit unserem glatten Vakuumbeutel 15 x 27 cm - 90 \u00b5 (per 100). Hohe Festigkeit und perfekte Abdichtung.\" \/>\n<meta name=\"robots\" content=\"index, follow, max-snippet:-1, max-image-preview:large, max-video-preview:-1\" \/>\n<link rel=\"canonical\" href=\"https:\/\/www.csj-emballages.com\/de\/produit\/100-glatte-vakuumbeutel-zur-aufbewahrung-15-x-27-cm-90-%c2%b5\/\" \/>\n<meta property=\"og:locale\" content=\"de_DE\" \/>\n<meta property=\"og:type\" content=\"article\" \/>\n<meta property=\"og:title\" content=\"Vakuumbeutel Glatte Konservierung 15 x 27 cm 90 \u00b5 pro 100\" \/>\n<meta property=\"og:description\" content=\"Optimieren Sie die Aufbewahrung Ihrer Lebensmittel mit unserem glatten Vakuumbeutel 15 x 27 cm - 90 \u00b5 (per 100). Hohe Festigkeit und perfekte Abdichtung.\" \/>\n<meta property=\"og:url\" content=\"https:\/\/www.csj-emballages.com\/de\/produit\/100-glatte-vakuumbeutel-zur-aufbewahrung-15-x-27-cm-90-%c2%b5\/\" \/>\n<meta property=\"og:site_name\" content=\"CSJ Emballages\" \/>\n<meta property=\"article:publisher\" content=\"https:\/\/www.facebook.com\/csjemballages\" \/>\n<meta property=\"article:modified_time\" content=\"2026-04-28T07:02:27+00:00\" \/>\n<meta property=\"og:image\" content=\"https:\/\/www.csj-emballages.com\/wp-content\/uploads\/2024\/03\/sac-cuisson-sous-vide-800x800-viande-2.webp\" \/>\n\t<meta property=\"og:image:width\" content=\"800\" \/>\n\t<meta property=\"og:image:height\" content=\"800\" \/>\n\t<meta property=\"og:image:type\" content=\"image\/jpeg\" \/>\n<meta name=\"twitter:card\" content=\"summary_large_image\" \/>\n<meta name=\"twitter:label1\" content=\"Gesch\u00e4tzte Lesezeit\" \/>\n\t<meta name=\"twitter:data1\" content=\"1\u00a0Minute\" \/>\n<script type=\"application\/ld+json\" class=\"yoast-schema-graph\">{\"@context\":\"https:\/\/schema.org\",\"@graph\":[{\"@type\":\"WebPage\",\"@id\":\"https:\/\/www.csj-emballages.com\/de\/produit\/100-glatte-vakuumbeutel-zur-aufbewahrung-15-x-27-cm-90-%c2%b5\/\",\"url\":\"https:\/\/www.csj-emballages.com\/de\/produit\/100-glatte-vakuumbeutel-zur-aufbewahrung-15-x-27-cm-90-%c2%b5\/\",\"name\":\"Vakuumbeutel Glatte Aufbewahrung 15 x 27 cm 90 \u00b5 pro 100\",\"isPartOf\":{\"@id\":\"https:\/\/www.csj-emballages.com\/de\/#website\"},\"primaryImageOfPage\":{\"@id\":\"https:\/\/www.csj-emballages.com\/de\/produit\/100-glatte-vakuumbeutel-zur-aufbewahrung-15-x-27-cm-90-%c2%b5\/#primaryimage\"},\"image\":{\"@id\":\"https:\/\/www.csj-emballages.com\/de\/produit\/100-glatte-vakuumbeutel-zur-aufbewahrung-15-x-27-cm-90-%c2%b5\/#primaryimage\"},\"thumbnailUrl\":\"https:\/\/www.csj-emballages.com\/wp-content\/uploads\/2024\/03\/sac-cuisson-sous-vide-800x800-viande-2.webp\",\"datePublished\":\"2024-03-01T15:47:46+00:00\",\"dateModified\":\"2026-04-28T07:02:27+00:00\",\"description\":\"Optimieren Sie die Aufbewahrung Ihrer Lebensmittel mit unserem glatten Vakuumbeutel 15 x 27 cm - 90 \u00b5 (per 100). Hohe Festigkeit und perfekte Abdichtung.\",\"breadcrumb\":{\"@id\":\"https:\/\/www.csj-emballages.com\/de\/produit\/100-glatte-vakuumbeutel-zur-aufbewahrung-15-x-27-cm-90-%c2%b5\/#breadcrumb\"},\"inLanguage\":\"de\",\"potentialAction\":[{\"@type\":\"ReadAction\",\"target\":[\"https:\/\/www.csj-emballages.com\/de\/produit\/100-glatte-vakuumbeutel-zur-aufbewahrung-15-x-27-cm-90-%c2%b5\/\"]}]},{\"@type\":\"ImageObject\",\"inLanguage\":\"de\",\"@id\":\"https:\/\/www.csj-emballages.com\/de\/produit\/100-glatte-vakuumbeutel-zur-aufbewahrung-15-x-27-cm-90-%c2%b5\/#primaryimage\",\"url\":\"https:\/\/www.csj-emballages.com\/wp-content\/uploads\/2024\/03\/sac-cuisson-sous-vide-800x800-viande-2.webp\",\"contentUrl\":\"https:\/\/www.csj-emballages.com\/wp-content\/uploads\/2024\/03\/sac-cuisson-sous-vide-800x800-viande-2.webp\",\"width\":800,\"height\":800,\"caption\":\"sac sous vide\"},{\"@type\":\"BreadcrumbList\",\"@id\":\"https:\/\/www.csj-emballages.com\/de\/produit\/100-glatte-vakuumbeutel-zur-aufbewahrung-15-x-27-cm-90-%c2%b5\/#breadcrumb\",\"itemListElement\":[{\"@type\":\"ListItem\",\"position\":1,\"name\":\"Accueil\",\"item\":\"https:\/\/www.csj-emballages.com\/de\/universum-lebensmittelverpackungen\/\"},{\"@type\":\"ListItem\",\"position\":2,\"name\":\"Shop\",\"item\":\"https:\/\/www.csj-emballages.com\/shop\/\"},{\"@type\":\"ListItem\",\"position\":3,\"name\":\"Vakuumbeutel Glatte Konservierung 15 x 27 cm 90 \u00b5 pro 100\"}]},{\"@type\":\"WebSite\",\"@id\":\"https:\/\/www.csj-emballages.com\/de\/#website\",\"url\":\"https:\/\/www.csj-emballages.com\/de\/\",\"name\":\"CSJ Emballages\",\"description\":\"\",\"publisher\":{\"@id\":\"https:\/\/www.csj-emballages.com\/de\/#organization\"},\"potentialAction\":[{\"@type\":\"SearchAction\",\"target\":{\"@type\":\"EntryPoint\",\"urlTemplate\":\"https:\/\/www.csj-emballages.com\/de\/?s={search_term_string}\"},\"query-input\":{\"@type\":\"PropertyValueSpecification\",\"valueRequired\":true,\"valueName\":\"search_term_string\"}}],\"inLanguage\":\"de\"},{\"@type\":\"Organization\",\"@id\":\"https:\/\/www.csj-emballages.com\/de\/#Organization\/\",\"name\":\"CSJ Emballages\",\"url\":\"https:\/\/www.csj-emballages.com\/de\/\",\"logo\":{\"@type\":\"ImageObject\",\"inLanguage\":\"de\",\"@id\":\"https:\/\/www.csj-emballages.com\/de\/#\/schema\/logo\/image\/\",\"url\":\"https:\/\/www.csj-emballages.com\/wp-content\/uploads\/2023\/10\/logo_csj.webp\",\"contentUrl\":\"https:\/\/www.csj-emballages.com\/wp-content\/uploads\/2023\/10\/logo_csj.webp\",\"width\":250,\"height\":95,\"caption\":\"CSJ Emballages\"},\"image\":{\"@id\":\"https:\/\/www.csj-emballages.com\/de\/#\/schema\/logo\/image\/\"},\"sameAs\":[\"https:\/\/www.facebook.com\/csjemballages\"],\"address\":{\"@type\":\"PostalAddress\",\"streetAddress\":\"ZI La Lechere\",\"addressLocality\":\"Patornay\",\"postalCode\":\"39130\",\"addressCountry\":\"FR\"},\"contactPoint\":[{\"@type\":\"ContactPoint\",\"contactType\":\"Service client\",\"telephone\":\"0384254272\",\"email\":\"contact@csj-emballages.com\"}]}]}<\/script>\n<!-- \/ Yoast SEO Premium plugin. -->","yoast_head_json":{"title":"Vakuumbeutel Glatte Aufbewahrung 15 x 27 cm 90 \u00b5 pro 100","description":"Optimieren Sie die Aufbewahrung Ihrer Lebensmittel mit unserem glatten Vakuumbeutel 15 x 27 cm - 90 \u00b5 (per 100). Hohe Festigkeit und perfekte Abdichtung.","robots":{"index":"index","follow":"follow","max-snippet":"max-snippet:-1","max-image-preview":"max-image-preview:large","max-video-preview":"max-video-preview:-1"},"canonical":"https:\/\/www.csj-emballages.com\/de\/produit\/100-glatte-vakuumbeutel-zur-aufbewahrung-15-x-27-cm-90-%c2%b5\/","og_locale":"de_DE","og_type":"article","og_title":"Vakuumbeutel Glatte Konservierung 15 x 27 cm 90 \u00b5 pro 100","og_description":"Optimieren Sie die Aufbewahrung Ihrer Lebensmittel mit unserem glatten Vakuumbeutel 15 x 27 cm - 90 \u00b5 (per 100). Hohe Festigkeit und perfekte Abdichtung.","og_url":"https:\/\/www.csj-emballages.com\/de\/produit\/100-glatte-vakuumbeutel-zur-aufbewahrung-15-x-27-cm-90-%c2%b5\/","og_site_name":"CSJ Emballages","article_publisher":"https:\/\/www.facebook.com\/csjemballages","article_modified_time":"2026-04-28T07:02:27+00:00","og_image":[{"width":800,"height":800,"url":"https:\/\/www.csj-emballages.com\/wp-content\/uploads\/2024\/03\/sac-cuisson-sous-vide-800x800-viande-2.webp","type":"image\/jpeg"}],"twitter_card":"summary_large_image","twitter_misc":{"Gesch\u00e4tzte Lesezeit":"1\u00a0Minute"},"schema":{"@context":"https:\/\/schema.org","@graph":[{"@type":"WebPage","@id":"https:\/\/www.csj-emballages.com\/de\/produit\/100-glatte-vakuumbeutel-zur-aufbewahrung-15-x-27-cm-90-%c2%b5\/","url":"https:\/\/www.csj-emballages.com\/de\/produit\/100-glatte-vakuumbeutel-zur-aufbewahrung-15-x-27-cm-90-%c2%b5\/","name":"Vakuumbeutel Glatte Aufbewahrung 15 x 27 cm 90 \u00b5 pro 100","isPartOf":{"@id":"https:\/\/www.csj-emballages.com\/de\/#website"},"primaryImageOfPage":{"@id":"https:\/\/www.csj-emballages.com\/de\/produit\/100-glatte-vakuumbeutel-zur-aufbewahrung-15-x-27-cm-90-%c2%b5\/#primaryimage"},"image":{"@id":"https:\/\/www.csj-emballages.com\/de\/produit\/100-glatte-vakuumbeutel-zur-aufbewahrung-15-x-27-cm-90-%c2%b5\/#primaryimage"},"thumbnailUrl":"https:\/\/www.csj-emballages.com\/wp-content\/uploads\/2024\/03\/sac-cuisson-sous-vide-800x800-viande-2.webp","datePublished":"2024-03-01T15:47:46+00:00","dateModified":"2026-04-28T07:02:27+00:00","description":"Optimieren Sie die Aufbewahrung Ihrer Lebensmittel mit unserem glatten Vakuumbeutel 15 x 27 cm - 90 \u00b5 (per 100). Hohe Festigkeit und perfekte Abdichtung.","breadcrumb":{"@id":"https:\/\/www.csj-emballages.com\/de\/produit\/100-glatte-vakuumbeutel-zur-aufbewahrung-15-x-27-cm-90-%c2%b5\/#breadcrumb"},"inLanguage":"de","potentialAction":[{"@type":"ReadAction","target":["https:\/\/www.csj-emballages.com\/de\/produit\/100-glatte-vakuumbeutel-zur-aufbewahrung-15-x-27-cm-90-%c2%b5\/"]}]},{"@type":"ImageObject","inLanguage":"de","@id":"https:\/\/www.csj-emballages.com\/de\/produit\/100-glatte-vakuumbeutel-zur-aufbewahrung-15-x-27-cm-90-%c2%b5\/#primaryimage","url":"https:\/\/www.csj-emballages.com\/wp-content\/uploads\/2024\/03\/sac-cuisson-sous-vide-800x800-viande-2.webp","contentUrl":"https:\/\/www.csj-emballages.com\/wp-content\/uploads\/2024\/03\/sac-cuisson-sous-vide-800x800-viande-2.webp","width":800,"height":800,"caption":"sac sous vide"},{"@type":"BreadcrumbList","@id":"https:\/\/www.csj-emballages.com\/de\/produit\/100-glatte-vakuumbeutel-zur-aufbewahrung-15-x-27-cm-90-%c2%b5\/#breadcrumb","itemListElement":[{"@type":"ListItem","position":1,"name":"Accueil","item":"https:\/\/www.csj-emballages.com\/de\/universum-lebensmittelverpackungen\/"},{"@type":"ListItem","position":2,"name":"Shop","item":"https:\/\/www.csj-emballages.com\/shop\/"},{"@type":"ListItem","position":3,"name":"Vakuumbeutel Glatte Konservierung 15 x 27 cm 90 \u00b5 pro 100"}]},{"@type":"WebSite","@id":"https:\/\/www.csj-emballages.com\/de\/#website","url":"https:\/\/www.csj-emballages.com\/de\/","name":"CSJ Emballages","description":"","publisher":{"@id":"https:\/\/www.csj-emballages.com\/de\/#organization"},"potentialAction":[{"@type":"SearchAction","target":{"@type":"EntryPoint","urlTemplate":"https:\/\/www.csj-emballages.com\/de\/?s={search_term_string}"},"query-input":{"@type":"PropertyValueSpecification","valueRequired":true,"valueName":"search_term_string"}}],"inLanguage":"de"},{"@type":"Organization","@id":"https:\/\/www.csj-emballages.com\/de\/#Organization\/","name":"CSJ Emballages","url":"https:\/\/www.csj-emballages.com\/de\/","logo":{"@type":"ImageObject","inLanguage":"de","@id":"https:\/\/www.csj-emballages.com\/de\/#\/schema\/logo\/image\/","url":"https:\/\/www.csj-emballages.com\/wp-content\/uploads\/2023\/10\/logo_csj.webp","contentUrl":"https:\/\/www.csj-emballages.com\/wp-content\/uploads\/2023\/10\/logo_csj.webp","width":250,"height":95,"caption":"CSJ Emballages"},"image":{"@id":"https:\/\/www.csj-emballages.com\/de\/#\/schema\/logo\/image\/"},"sameAs":["https:\/\/www.facebook.com\/csjemballages"],"address":{"@type":"PostalAddress","streetAddress":"ZI La Lechere","addressLocality":"Patornay","postalCode":"39130","addressCountry":"FR"},"contactPoint":[{"@type":"ContactPoint","contactType":"Service client","telephone":"0384254272","email":"contact@csj-emballages.com"}]}]}},"df_price":4.37,"df_sale_price":"","df_regular_price":4.37,"df_image_link":"https:\/\/www.csj-emballages.com\/wp-content\/uploads\/2024\/03\/sac-cuisson-sous-vide-800x800-viande-2-300x300.webp","tiered_pricing_type":"fixed","tiered_pricing_fixed_rules":[],"tiered_pricing_percentage_rules":[],"tiered_pricing_minimum":1,"tiered_pricing_roles_data":[],"_links":{"self":[{"href":"https:\/\/www.csj-emballages.com\/de\/wp-json\/wp\/v2\/product\/17689","targetHints":{"allow":["GET"]}}],"collection":[{"href":"https:\/\/www.csj-emballages.com\/de\/wp-json\/wp\/v2\/product"}],"about":[{"href":"https:\/\/www.csj-emballages.com\/de\/wp-json\/wp\/v2\/types\/product"}],"wp:featuredmedia":[{"embeddable":true,"href":"https:\/\/www.csj-emballages.com\/de\/wp-json\/wp\/v2\/media\/227337"}],"wp:attachment":[{"href":"https:\/\/www.csj-emballages.com\/de\/wp-json\/wp\/v2\/media?parent=17689"}],"wp:term":[{"taxonomy":"product_brand","embeddable":true,"href":"https:\/\/www.csj-emballages.com\/de\/wp-json\/wp\/v2\/product_brand?post=17689"},{"taxonomy":"product_cat","embeddable":true,"href":"https:\/\/www.csj-emballages.com\/de\/wp-json\/wp\/v2\/product_cat?post=17689"},{"taxonomy":"product_tag","embeddable":true,"href":"https:\/\/www.csj-emballages.com\/de\/wp-json\/wp\/v2\/product_tag?post=17689"}],"curies":[{"name":"wp","href":"https:\/\/api.w.org\/{rel}","templated":true}]}}