{"id":17634,"date":"2024-03-01T16:46:30","date_gmt":"2024-03-01T15:46:30","guid":{"rendered":"https:\/\/u15jnbdpoq.preview.infomaniak.website\/produit\/100-neutrale-beutel-bd-druckverschluss-250-x-350-mm\/"},"modified":"2026-04-18T02:17:39","modified_gmt":"2026-04-18T00:17:39","slug":"100-neutrale-beutel-bd-druckverschluss-250-x-350-mm","status":"publish","type":"product","link":"https:\/\/www.csj-emballages.com\/de\/produit\/100-neutrale-beutel-bd-druckverschluss-250-x-350-mm\/","title":{"rendered":"Neutraler BD-Zip-Beutel mit Druckverschluss 250 x 350 mm, 100 St\u00fcck"},"content":{"rendered":"<h2>Zip-Beutel<\/h2>\n<hr>\n<h3>Beschreibung unseres neutralen BD-Druckverschlussbeutels 180 x 250 mm, 100 St\u00fcck<\/h3>\n<p><!--more--><\/p>\n<p data-start=\"231\" data-end=\"658\">Wenn gr\u00f6\u00dfere Gegenst\u00e4nde gesch\u00fctzt werden m\u00fcssen, ohne sie in eine starre Verpackung einzuschlie\u00dfen, wird der <strong data-start=\"328\" data-end=\"365\">neutrale BD-Zip-Beutel 250 x 350 mm<\/strong> zu einer wirklich praktischen L\u00f6sung. Sein gro\u00dfes Format erm\u00f6glicht das einfache Gruppieren von Dokumenten, Teilen, Zubeh\u00f6r oder verschiedenen Produkten bei voller Sichtbarkeit des Inhalts. Dank seines <strong data-start=\"571\" data-end=\"595\">Druckverschlusses<\/strong> bleibt alles gut verschlossen, selbst bei wiederholtem Gebrauch.  <\/p>\n<p data-start=\"660\" data-end=\"1056\">Dieser <strong>Zip-Beutel<\/strong> zeichnet sich durch seine Transparenz aus, die eine sofortige Identifizierung erleichtert. Sie erkennen schnell, was er enth\u00e4lt, ohne ihn \u00f6ffnen zu m\u00fcssen oder Zeit zu verlieren. Zus\u00e4tzlich erm\u00f6glichen die <strong data-start=\"835\" data-end=\"864\">integrierten wei\u00dfen Streifen<\/strong>, eine Referenz, einen Namen, ein Datum oder andere n\u00fctzliche Informationen klar zu kennzeichnen. Ergebnis: eine klarere und effizientere Organisation, selbst bei steigendem Volumen.   <\/p>\n<p data-start=\"1058\" data-end=\"1420\">Mit seinen Ma\u00dfen von <strong data-start=\"1078\" data-end=\"1094\">250 x 350 mm<\/strong> eignet sich dieses Modell perfekt zur Aufbewahrung von <strong>gefalteten A4-Dokumenten<\/strong>, <strong>Anleitungen, leichter Kleidung, Teiles\u00e4tzen, technischen Produkten oder sperrigeren Mustern<\/strong>. Der Kunststoff ist flexibel, aber dick genug, um Reibung standzuhalten und den Inhalt vor Staub, Spritzern und leichter Feuchtigkeit zu sch\u00fctzen. <\/p>\n<p data-start=\"1422\" data-end=\"1637\">Verpackt <strong data-start=\"1434\" data-end=\"1452\">im 100er-Pack<\/strong>, ist dieser Beutel ideal f\u00fcr Profis, die t\u00e4glich eine zuverl\u00e4ssige Verpackung ben\u00f6tigen, sowie f\u00fcr den pers\u00f6nlichen Gebrauch zur sauberen und unkomplizierten Lagerung.<\/p>\n<p data-start=\"1639\" data-end=\"1794\">Zusammenfassend kombiniert dieser <strong>Zip-Beutel<\/strong> im Gro\u00dfformat Platz, Einfachheit und Effizienz f\u00fcr eine saubere, \u00fcbersichtliche und leicht zu verwaltende Aufbewahrung, selbst in gro\u00dfem Umfang.<\/p>\n<p data-start=\"1630\" data-end=\"1760\"><!--more--><\/p>\n<h4 data-start=\"1608\" data-end=\"1777\">Vorteile :<\/h4>\n<ul>\n<li data-start=\"1788\" data-end=\"1844\"><strong>Neues LDPE<\/strong>, flexibel und widerstandsf\u00e4hig.<\/li>\n<li data-start=\"1847\" data-end=\"1897\"><strong>Zuverl\u00e4ssiger Druckverschluss<\/strong> und einfach zu handhaben.<\/li>\n<li data-start=\"1900\" data-end=\"1935\">Kompaktes Format f\u00fcr kleine Gegenst\u00e4nde.<\/li>\n<li data-start=\"1938\" data-end=\"1976\">Transparenz f\u00fcr schnelle Identifizierung.<\/li>\n<li data-start=\"1979\" data-end=\"2016\"><strong>50 \u00b5 St\u00e4rke<\/strong> f\u00fcr gute Stabilit\u00e4t.<\/li>\n<li data-start=\"2019\" data-end=\"2054\">Praktisches und kosteng\u00fcnstiges <strong>100er-Set<\/strong>.<\/li>\n<\/ul>\n<p>&nbsp;<\/p>\n<p><!--more--><\/p>\n<h4>Weitere Informationen :<\/h4>\n<ul>\n<li><strong>Verpackung<\/strong>: Packung mit 100 St\u00fcck<\/li>\n<li><strong>Ma\u00dfe<\/strong>: 250 x 350 mm<\/li>\n<li><strong>Farbe<\/strong>: Farblos<\/li>\n<li><strong>St\u00e4rke<\/strong>: 50 \u00b5<\/li>\n<li><b>Material<\/b>: Neues LDPE<\/li>\n<\/ul>\n<p>&nbsp;<\/p>\n<p><!--more--><\/p>\n<p>Dieser Zip-Beutel ist in verschiedenen Gr\u00f6\u00dfen erh\u00e4ltlich: <span style=\"color: #d12727;\"><a style=\"color: #d12727;\" href=\"https:\/\/www.csj-emballages.com\/es\/produit\/100-bolsas-neutras-bd-con-cierre-a-presion-40-x-60-mm\/\">40 x 60 mm<\/a><\/span> \/ <span style=\"color: #d12727;\"><a style=\"color: #d12727;\" href=\"https:\/\/www.csj-emballages.com\/es\/produit\/100-bolsas-neutras-bd-con-cierre-a-presion-60-x-80-mm\/\">60 x 80 mm<\/a><\/span> \/ <span style=\"color: #d12727;\"><a style=\"color: #d12727;\" href=\"https:\/\/www.csj-emballages.com\/es\/produit\/100-bolsas-neutras-bd-con-cierre-a-presion-80-x-120-mm\/\">80 x 120 mm<\/a><\/span> \/ <span style=\"color: #d12727;\"><a style=\"color: #d12727;\" href=\"https:\/\/www.csj-emballages.com\/es\/produit\/100-bolsas-neutras-bd-con-cierre-a-presion-100-x-150-mm\/\">100 x 150 mm<\/a><\/span> \/ <span style=\"color: #d12727;\"><a style=\"color: #d12727;\" href=\"https:\/\/www.csj-emballages.com\/es\/produit\/100-bolsas-neutras-bd-con-cierre-a-presion-180-x-250-mm\/\">180 x 250 mm<\/a><\/span><\/p>\n<p>&nbsp;<\/p>\n<p><!--more--><\/p>\n<p><a href=\"https:\/\/www.csj-emballages.com\/de\/categorie-produit\/lebensmittelverpackungen\/boutique-und-geschaft\/sacke-beutel\/zip-druckverschlussbeutel\/\">Entdecken Sie unser gesamtes Sortiment an ZIP-Druckverschlussbeuteln<\/a><\/p>\n<p>&nbsp;<\/p>\n<p>&nbsp;<\/p>\n","protected":false},"excerpt":{"rendered":"<p>Zip-Beutel Beschreibung unseres neutralen BD-Druckverschlussbeutels 180 x 250 mm, 100 St\u00fcck<\/p>\n","protected":false},"featured_media":260504,"template":"","meta":{"_acf_changed":false},"product_brand":[],"product_cat":[1487,1489],"product_tag":[],"class_list":{"0":"post-17634","1":"product","2":"type-product","3":"status-publish","4":"has-post-thumbnail","6":"product_cat-boutique-und-geschaft","7":"product_cat-zip-druckverschlussbeutel","9":"first","10":"instock","11":"taxable","12":"shipping-taxable","13":"purchasable","14":"product-type-simple"},"acf":[],"yoast_head":"<!-- This site is optimized with the Yoast SEO Premium plugin v26.6 (Yoast SEO v26.6) - https:\/\/yoast.com\/wordpress\/plugins\/seo\/ -->\n<title>Neutraler BD-Zip-Beutel mit Druckverschluss 250 x 350 mm, 100 St\u00fcck<\/title>\n<meta name=\"description\" content=\"Neutraler BD-Zip-Beutel 250 x 350 mm mit wei\u00dfen Streifen, 100 St\u00fcck. Praktisches Gro\u00dfformat zum effizienten Verstauen und Sch\u00fctzen Ihrer Produkte.\" \/>\n<meta name=\"robots\" content=\"index, follow, max-snippet:-1, max-image-preview:large, max-video-preview:-1\" \/>\n<link rel=\"canonical\" href=\"https:\/\/www.csj-emballages.com\/de\/produit\/100-neutrale-beutel-bd-druckverschluss-250-x-350-mm\/\" \/>\n<meta property=\"og:locale\" content=\"de_DE\" \/>\n<meta property=\"og:type\" content=\"article\" \/>\n<meta property=\"og:title\" content=\"Neutraler BD-Zip-Beutel mit Druckverschluss 250 x 350 mm, 100 St\u00fcck\" \/>\n<meta property=\"og:description\" content=\"Neutraler BD-Zip-Beutel 250 x 350 mm mit wei\u00dfen Streifen, 100 St\u00fcck. Praktisches Gro\u00dfformat zum effizienten Verstauen und Sch\u00fctzen Ihrer Produkte.\" \/>\n<meta property=\"og:url\" content=\"https:\/\/www.csj-emballages.com\/de\/produit\/100-neutrale-beutel-bd-druckverschluss-250-x-350-mm\/\" \/>\n<meta property=\"og:site_name\" content=\"CSJ Emballages\" \/>\n<meta property=\"article:publisher\" content=\"https:\/\/www.facebook.com\/csjemballages\" \/>\n<meta property=\"article:modified_time\" content=\"2026-04-18T00:17:39+00:00\" \/>\n<meta property=\"og:image\" content=\"https:\/\/www.csj-emballages.com\/wp-content\/uploads\/2024\/03\/ZIP181.webp\" \/>\n\t<meta property=\"og:image:width\" content=\"800\" \/>\n\t<meta property=\"og:image:height\" content=\"800\" \/>\n\t<meta property=\"og:image:type\" content=\"image\/webp\" \/>\n<meta name=\"twitter:card\" content=\"summary_large_image\" \/>\n<meta name=\"twitter:label1\" content=\"Gesch\u00e4tzte Lesezeit\" \/>\n\t<meta name=\"twitter:data1\" content=\"2 Minuten\" \/>\n<script type=\"application\/ld+json\" class=\"yoast-schema-graph\">{\"@context\":\"https:\/\/schema.org\",\"@graph\":[{\"@type\":\"WebPage\",\"@id\":\"https:\/\/www.csj-emballages.com\/de\/produit\/100-neutrale-beutel-bd-druckverschluss-250-x-350-mm\/\",\"url\":\"https:\/\/www.csj-emballages.com\/de\/produit\/100-neutrale-beutel-bd-druckverschluss-250-x-350-mm\/\",\"name\":\"Neutraler BD-Zip-Beutel mit Druckverschluss 250 x 350 mm, 100 St\u00fcck\",\"isPartOf\":{\"@id\":\"https:\/\/www.csj-emballages.com\/de\/#website\"},\"primaryImageOfPage\":{\"@id\":\"https:\/\/www.csj-emballages.com\/de\/produit\/100-neutrale-beutel-bd-druckverschluss-250-x-350-mm\/#primaryimage\"},\"image\":{\"@id\":\"https:\/\/www.csj-emballages.com\/de\/produit\/100-neutrale-beutel-bd-druckverschluss-250-x-350-mm\/#primaryimage\"},\"thumbnailUrl\":\"https:\/\/www.csj-emballages.com\/wp-content\/uploads\/2024\/03\/ZIP181.webp\",\"datePublished\":\"2024-03-01T15:46:30+00:00\",\"dateModified\":\"2026-04-18T00:17:39+00:00\",\"description\":\"Neutraler BD-Zip-Beutel 250 x 350 mm mit wei\u00dfen Streifen, 100 St\u00fcck. Praktisches Gro\u00dfformat zum effizienten Verstauen und Sch\u00fctzen Ihrer Produkte.\",\"breadcrumb\":{\"@id\":\"https:\/\/www.csj-emballages.com\/de\/produit\/100-neutrale-beutel-bd-druckverschluss-250-x-350-mm\/#breadcrumb\"},\"inLanguage\":\"de\",\"potentialAction\":[{\"@type\":\"ReadAction\",\"target\":[\"https:\/\/www.csj-emballages.com\/de\/produit\/100-neutrale-beutel-bd-druckverschluss-250-x-350-mm\/\"]}]},{\"@type\":\"ImageObject\",\"inLanguage\":\"de\",\"@id\":\"https:\/\/www.csj-emballages.com\/de\/produit\/100-neutrale-beutel-bd-druckverschluss-250-x-350-mm\/#primaryimage\",\"url\":\"https:\/\/www.csj-emballages.com\/wp-content\/uploads\/2024\/03\/ZIP181.webp\",\"contentUrl\":\"https:\/\/www.csj-emballages.com\/wp-content\/uploads\/2024\/03\/ZIP181.webp\",\"width\":800,\"height\":800,\"caption\":\"Sachet zip\"},{\"@type\":\"BreadcrumbList\",\"@id\":\"https:\/\/www.csj-emballages.com\/de\/produit\/100-neutrale-beutel-bd-druckverschluss-250-x-350-mm\/#breadcrumb\",\"itemListElement\":[{\"@type\":\"ListItem\",\"position\":1,\"name\":\"Accueil\",\"item\":\"https:\/\/www.csj-emballages.com\/de\/universum-lebensmittelverpackungen\/\"},{\"@type\":\"ListItem\",\"position\":2,\"name\":\"Shop\",\"item\":\"https:\/\/www.csj-emballages.com\/shop\/\"},{\"@type\":\"ListItem\",\"position\":3,\"name\":\"Neutraler BD-Zip-Beutel mit Druckverschluss 250 x 350 mm, 100 St\u00fcck\"}]},{\"@type\":\"WebSite\",\"@id\":\"https:\/\/www.csj-emballages.com\/de\/#website\",\"url\":\"https:\/\/www.csj-emballages.com\/de\/\",\"name\":\"CSJ Emballages\",\"description\":\"\",\"publisher\":{\"@id\":\"https:\/\/www.csj-emballages.com\/de\/#organization\"},\"potentialAction\":[{\"@type\":\"SearchAction\",\"target\":{\"@type\":\"EntryPoint\",\"urlTemplate\":\"https:\/\/www.csj-emballages.com\/de\/?s={search_term_string}\"},\"query-input\":{\"@type\":\"PropertyValueSpecification\",\"valueRequired\":true,\"valueName\":\"search_term_string\"}}],\"inLanguage\":\"de\"},{\"@type\":\"Organization\",\"@id\":\"https:\/\/www.csj-emballages.com\/de\/#Organization\/\",\"name\":\"CSJ Emballages\",\"url\":\"https:\/\/www.csj-emballages.com\/de\/\",\"logo\":{\"@type\":\"ImageObject\",\"inLanguage\":\"de\",\"@id\":\"https:\/\/www.csj-emballages.com\/de\/#\/schema\/logo\/image\/\",\"url\":\"https:\/\/www.csj-emballages.com\/wp-content\/uploads\/2023\/10\/logo_csj.webp\",\"contentUrl\":\"https:\/\/www.csj-emballages.com\/wp-content\/uploads\/2023\/10\/logo_csj.webp\",\"width\":250,\"height\":95,\"caption\":\"CSJ Emballages\"},\"image\":{\"@id\":\"https:\/\/www.csj-emballages.com\/de\/#\/schema\/logo\/image\/\"},\"sameAs\":[\"https:\/\/www.facebook.com\/csjemballages\"],\"address\":{\"@type\":\"PostalAddress\",\"streetAddress\":\"ZI La Lechere\",\"addressLocality\":\"Patornay\",\"postalCode\":\"39130\",\"addressCountry\":\"FR\"},\"contactPoint\":[{\"@type\":\"ContactPoint\",\"contactType\":\"Service client\",\"telephone\":\"0384254272\",\"email\":\"contact@csj-emballages.com\"}]}]}<\/script>\n<!-- \/ Yoast SEO Premium plugin. -->","yoast_head_json":{"title":"Neutraler BD-Zip-Beutel mit Druckverschluss 250 x 350 mm, 100 St\u00fcck","description":"Neutraler BD-Zip-Beutel 250 x 350 mm mit wei\u00dfen Streifen, 100 St\u00fcck. Praktisches Gro\u00dfformat zum effizienten Verstauen und Sch\u00fctzen Ihrer Produkte.","robots":{"index":"index","follow":"follow","max-snippet":"max-snippet:-1","max-image-preview":"max-image-preview:large","max-video-preview":"max-video-preview:-1"},"canonical":"https:\/\/www.csj-emballages.com\/de\/produit\/100-neutrale-beutel-bd-druckverschluss-250-x-350-mm\/","og_locale":"de_DE","og_type":"article","og_title":"Neutraler BD-Zip-Beutel mit Druckverschluss 250 x 350 mm, 100 St\u00fcck","og_description":"Neutraler BD-Zip-Beutel 250 x 350 mm mit wei\u00dfen Streifen, 100 St\u00fcck. Praktisches Gro\u00dfformat zum effizienten Verstauen und Sch\u00fctzen Ihrer Produkte.","og_url":"https:\/\/www.csj-emballages.com\/de\/produit\/100-neutrale-beutel-bd-druckverschluss-250-x-350-mm\/","og_site_name":"CSJ Emballages","article_publisher":"https:\/\/www.facebook.com\/csjemballages","article_modified_time":"2026-04-18T00:17:39+00:00","og_image":[{"width":800,"height":800,"url":"https:\/\/www.csj-emballages.com\/wp-content\/uploads\/2024\/03\/ZIP181.webp","type":"image\/webp"}],"twitter_card":"summary_large_image","twitter_misc":{"Gesch\u00e4tzte Lesezeit":"2 Minuten"},"schema":{"@context":"https:\/\/schema.org","@graph":[{"@type":"WebPage","@id":"https:\/\/www.csj-emballages.com\/de\/produit\/100-neutrale-beutel-bd-druckverschluss-250-x-350-mm\/","url":"https:\/\/www.csj-emballages.com\/de\/produit\/100-neutrale-beutel-bd-druckverschluss-250-x-350-mm\/","name":"Neutraler BD-Zip-Beutel mit Druckverschluss 250 x 350 mm, 100 St\u00fcck","isPartOf":{"@id":"https:\/\/www.csj-emballages.com\/de\/#website"},"primaryImageOfPage":{"@id":"https:\/\/www.csj-emballages.com\/de\/produit\/100-neutrale-beutel-bd-druckverschluss-250-x-350-mm\/#primaryimage"},"image":{"@id":"https:\/\/www.csj-emballages.com\/de\/produit\/100-neutrale-beutel-bd-druckverschluss-250-x-350-mm\/#primaryimage"},"thumbnailUrl":"https:\/\/www.csj-emballages.com\/wp-content\/uploads\/2024\/03\/ZIP181.webp","datePublished":"2024-03-01T15:46:30+00:00","dateModified":"2026-04-18T00:17:39+00:00","description":"Neutraler BD-Zip-Beutel 250 x 350 mm mit wei\u00dfen Streifen, 100 St\u00fcck. Praktisches Gro\u00dfformat zum effizienten Verstauen und Sch\u00fctzen Ihrer Produkte.","breadcrumb":{"@id":"https:\/\/www.csj-emballages.com\/de\/produit\/100-neutrale-beutel-bd-druckverschluss-250-x-350-mm\/#breadcrumb"},"inLanguage":"de","potentialAction":[{"@type":"ReadAction","target":["https:\/\/www.csj-emballages.com\/de\/produit\/100-neutrale-beutel-bd-druckverschluss-250-x-350-mm\/"]}]},{"@type":"ImageObject","inLanguage":"de","@id":"https:\/\/www.csj-emballages.com\/de\/produit\/100-neutrale-beutel-bd-druckverschluss-250-x-350-mm\/#primaryimage","url":"https:\/\/www.csj-emballages.com\/wp-content\/uploads\/2024\/03\/ZIP181.webp","contentUrl":"https:\/\/www.csj-emballages.com\/wp-content\/uploads\/2024\/03\/ZIP181.webp","width":800,"height":800,"caption":"Sachet zip"},{"@type":"BreadcrumbList","@id":"https:\/\/www.csj-emballages.com\/de\/produit\/100-neutrale-beutel-bd-druckverschluss-250-x-350-mm\/#breadcrumb","itemListElement":[{"@type":"ListItem","position":1,"name":"Accueil","item":"https:\/\/www.csj-emballages.com\/de\/universum-lebensmittelverpackungen\/"},{"@type":"ListItem","position":2,"name":"Shop","item":"https:\/\/www.csj-emballages.com\/shop\/"},{"@type":"ListItem","position":3,"name":"Neutraler BD-Zip-Beutel mit Druckverschluss 250 x 350 mm, 100 St\u00fcck"}]},{"@type":"WebSite","@id":"https:\/\/www.csj-emballages.com\/de\/#website","url":"https:\/\/www.csj-emballages.com\/de\/","name":"CSJ Emballages","description":"","publisher":{"@id":"https:\/\/www.csj-emballages.com\/de\/#organization"},"potentialAction":[{"@type":"SearchAction","target":{"@type":"EntryPoint","urlTemplate":"https:\/\/www.csj-emballages.com\/de\/?s={search_term_string}"},"query-input":{"@type":"PropertyValueSpecification","valueRequired":true,"valueName":"search_term_string"}}],"inLanguage":"de"},{"@type":"Organization","@id":"https:\/\/www.csj-emballages.com\/de\/#Organization\/","name":"CSJ Emballages","url":"https:\/\/www.csj-emballages.com\/de\/","logo":{"@type":"ImageObject","inLanguage":"de","@id":"https:\/\/www.csj-emballages.com\/de\/#\/schema\/logo\/image\/","url":"https:\/\/www.csj-emballages.com\/wp-content\/uploads\/2023\/10\/logo_csj.webp","contentUrl":"https:\/\/www.csj-emballages.com\/wp-content\/uploads\/2023\/10\/logo_csj.webp","width":250,"height":95,"caption":"CSJ Emballages"},"image":{"@id":"https:\/\/www.csj-emballages.com\/de\/#\/schema\/logo\/image\/"},"sameAs":["https:\/\/www.facebook.com\/csjemballages"],"address":{"@type":"PostalAddress","streetAddress":"ZI La Lechere","addressLocality":"Patornay","postalCode":"39130","addressCountry":"FR"},"contactPoint":[{"@type":"ContactPoint","contactType":"Service client","telephone":"0384254272","email":"contact@csj-emballages.com"}]}]}},"df_price":6.2,"df_sale_price":"","df_regular_price":6.2,"df_image_link":"https:\/\/www.csj-emballages.com\/wp-content\/uploads\/2024\/03\/ZIP181-300x300.webp","tiered_pricing_type":"fixed","tiered_pricing_fixed_rules":[],"tiered_pricing_percentage_rules":[],"tiered_pricing_minimum":1,"tiered_pricing_roles_data":[],"_links":{"self":[{"href":"https:\/\/www.csj-emballages.com\/de\/wp-json\/wp\/v2\/product\/17634","targetHints":{"allow":["GET"]}}],"collection":[{"href":"https:\/\/www.csj-emballages.com\/de\/wp-json\/wp\/v2\/product"}],"about":[{"href":"https:\/\/www.csj-emballages.com\/de\/wp-json\/wp\/v2\/types\/product"}],"wp:featuredmedia":[{"embeddable":true,"href":"https:\/\/www.csj-emballages.com\/de\/wp-json\/wp\/v2\/media\/260504"}],"wp:attachment":[{"href":"https:\/\/www.csj-emballages.com\/de\/wp-json\/wp\/v2\/media?parent=17634"}],"wp:term":[{"taxonomy":"product_brand","embeddable":true,"href":"https:\/\/www.csj-emballages.com\/de\/wp-json\/wp\/v2\/product_brand?post=17634"},{"taxonomy":"product_cat","embeddable":true,"href":"https:\/\/www.csj-emballages.com\/de\/wp-json\/wp\/v2\/product_cat?post=17634"},{"taxonomy":"product_tag","embeddable":true,"href":"https:\/\/www.csj-emballages.com\/de\/wp-json\/wp\/v2\/product_tag?post=17634"}],"curies":[{"name":"wp","href":"https:\/\/api.w.org\/{rel}","templated":true}]}}