{"id":17633,"date":"2024-03-01T16:46:31","date_gmt":"2024-03-01T15:46:31","guid":{"rendered":"https:\/\/u15jnbdpoq.preview.infomaniak.website\/produit\/100-neutrale-beutel-bd-druckverschluss-mit-weissen-streifen-60-x-80-mm\/"},"modified":"2026-03-28T02:16:30","modified_gmt":"2026-03-28T01:16:30","slug":"100-neutrale-beutel-bd-druckverschluss-mit-weissen-streifen-60-x-80-mm","status":"publish","type":"product","link":"https:\/\/www.csj-emballages.com\/de\/produit\/100-neutrale-beutel-bd-druckverschluss-mit-weissen-streifen-60-x-80-mm\/","title":{"rendered":"Neutraler BD-Druckverschlussbeutel mit wei\u00dfem Beschriftungsfeld 60 x 80 mm, 100 St\u00fcck"},"content":{"rendered":"<h2>Zip-Beutel<\/h2>\n<hr>\n<h3>Beschreibung unseres neutralen BD-Druckverschlussbeutels mit wei\u00dfen Streifen, 60 x 80 mm, im 100er-Pack<\/h3>\n<p><!--more--><\/p>\n<p data-start=\"286\" data-end=\"677\">Klein in der Gr\u00f6\u00dfe, aber \u00e4u\u00dferst praktisch, ist dieser <strong data-start=\"334\" data-end=\"369\">neutrale BD-Zip-Beutel 60 x 80 mm<\/strong> ein Produkt, das man t\u00e4glich unbewusst benutzt. Er erm\u00f6glicht das Aufbewahren, Sch\u00fctzen und <strong>einfache Kennzeichnen kleiner Gegenst\u00e4nde<\/strong>, w\u00e4hrend er einfach in der Handhabung bleibt. Dank seines <strong data-start=\"564\" data-end=\"588\">Druckverschlusses<\/strong> \u00f6ffnen und <strong>schlie\u00dfen Sie den Beutel mit einer Handbewegung<\/strong>, ohne dass der Inhalt entweichen kann.  <\/p>\n<p data-start=\"679\" data-end=\"1104\">Tats\u00e4chlich ist seine <strong>Transparenz<\/strong> ein echter Vorteil: Mit einem Blick sehen Sie, was er enth\u00e4lt. Sie m\u00fcssen nicht mehr suchen oder mehrere Beutel \u00f6ffnen, um das richtige Teil zu finden. Ebenso k\u00f6nnen Sie mit seinen <strong data-start=\"861\" data-end=\"890\">integrierten wei\u00dfen Streifen<\/strong> direkt darauf schreiben, um <strong>eine Referenz<\/strong>, <strong>eine Nummer, ein Datum oder einen Namen<\/strong> zu vermerken. Das ist besonders n\u00fctzlich, um eine klare Organisation zu gew\u00e4hrleisten, sei es im beruflichen Umfeld oder zu Hause.   <\/p>\n<p data-start=\"1106\" data-end=\"1388\">Dieses Format von <strong data-start=\"1116\" data-end=\"1130\">60 x 80 mm<\/strong> eignet sich perfekt f\u00fcr <strong>Kleinteile<\/strong>, Schrauben, Schmuck, elektronische Bauteile, Muster oder Zubeh\u00f6r. Der <strong>Zip-Beutel<\/strong> bleibt flexibel, ist aber widerstandsf\u00e4hig genug, um den Inhalt vor Staub, leichter Feuchtigkeit und wiederholtem Gebrauch zu sch\u00fctzen. <\/p>\n<p data-start=\"1390\" data-end=\"1676\">Verkauft <strong data-start=\"1396\" data-end=\"1414\">im 100er-Pack<\/strong>, bietet er stets eine griffbereite Aufbewahrungsl\u00f6sung, ohne den Lagerplatz zu \u00fcberlasten. Ob Sie in der Industrie, im Handel, in der Logistik, im medizinischen Bereich oder sogar f\u00fcr den pers\u00f6nlichen Gebrauch t\u00e4tig sind, dieser Beutel passt sich leicht Ihren Bed\u00fcrfnissen an. <\/p>\n<p data-start=\"1678\" data-end=\"1824\">Zusammenfassend l\u00e4sst sich sagen, er ist ein diskreter, zuverl\u00e4ssiger und effizienter Helfer, der den Alltag vereinfacht und alles ohne Komplikationen gut organisiert h\u00e4lt.<\/p>\n<p data-start=\"1630\" data-end=\"1760\"><!--more--><\/p>\n<h4 data-start=\"1608\" data-end=\"1777\">Vorteile :<\/h4>\n<ul>\n<li data-start=\"1852\" data-end=\"1889\"><strong>Druckverschluss<\/strong> praktisch und sicher.<\/li>\n<li data-start=\"1892\" data-end=\"1936\">Wei\u00dfe Streifen zur einfachen Kennzeichnung.<\/li>\n<li data-start=\"1939\" data-end=\"1972\">Ideales Format f\u00fcr <strong>kleine Gegenst\u00e4nde.<\/strong><\/li>\n<li data-start=\"1975\" data-end=\"2023\">Transparent, um den Inhalt schnell zu erkennen.<\/li>\n<li data-start=\"2026\" data-end=\"2057\">Sparpack mit <strong>100 Beuteln<\/strong>.<\/li>\n<\/ul>\n<p>&nbsp;<\/p>\n<p><!--more--><\/p>\n<h4>Weitere Informationen :<\/h4>\n<ul>\n<li><strong>Verpackung<\/strong>: Packung mit 100 St\u00fcck<\/li>\n<li><strong>Abmessungen<\/strong>: 60 x 80 mm<\/li>\n<li><strong>Farbe<\/strong> : Farblos \/ Wei\u00df<\/li>\n<li><strong>St\u00e4rke<\/strong>: 50 \u00b5<\/li>\n<li><b>Material<\/b>: Neues LDPE<\/li>\n<\/ul>\n<p>&nbsp;<\/p>\n<p><!--more--><\/p>\n<p><a href=\"https:\/\/www.csj-emballages.com\/de\/categorie-produit\/lebensmittelverpackungen\/boutique-und-geschaft\/sacke-beutel\/zip-druckverschlussbeutel\/\">Entdecken Sie unser gesamtes Sortiment an Druckverschlussbeuteln<\/a><\/p>\n<p>&nbsp;<\/p>\n<p>&nbsp;<\/p>\n","protected":false},"excerpt":{"rendered":"<p>Zip-Beutel Beschreibung unseres neutralen BD-Druckverschlussbeutels mit wei\u00dfen Streifen, 60 x 80 mm, im 100er-Pack<\/p>\n","protected":false},"featured_media":260481,"template":"","meta":{"_acf_changed":false},"product_brand":[],"product_cat":[1487,1489,1265],"product_tag":[],"class_list":{"0":"post-17633","1":"product","2":"type-product","3":"status-publish","4":"has-post-thumbnail","6":"product_cat-boutique-und-geschaft","7":"product_cat-zip-druckverschlussbeutel","8":"product_cat-lagerbestande-promotion","10":"first","11":"instock","12":"sale","13":"taxable","14":"shipping-taxable","15":"purchasable","16":"product-type-simple"},"acf":[],"yoast_head":"<!-- This site is optimized with the Yoast SEO Premium plugin v26.6 (Yoast SEO v26.6) - https:\/\/yoast.com\/wordpress\/plugins\/seo\/ -->\n<title>Zip-Druckverschlussbeutel mit wei\u00dfen Streifen, 60 x 80 mm<\/title>\n<meta name=\"description\" content=\"Neutraler BD-Zip-Beutel, 60x80 mm, mit wei\u00dfen Streifen, im 100er-Pack. Praktisch, transparent und ideal zum Aufbewahren und Kennzeichnen kleiner Gegenst\u00e4nde.\" \/>\n<meta name=\"robots\" content=\"index, follow, max-snippet:-1, max-image-preview:large, max-video-preview:-1\" \/>\n<link rel=\"canonical\" href=\"https:\/\/www.csj-emballages.com\/de\/produit\/100-neutrale-beutel-bd-druckverschluss-mit-weissen-streifen-60-x-80-mm\/\" \/>\n<meta property=\"og:locale\" content=\"de_DE\" \/>\n<meta property=\"og:type\" content=\"article\" \/>\n<meta property=\"og:title\" content=\"Neutraler BD-Druckverschlussbeutel mit wei\u00dfem Beschriftungsfeld 60 x 80 mm, 100 St\u00fcck\" \/>\n<meta property=\"og:description\" content=\"Neutraler BD-Zip-Beutel, 60x80 mm, mit wei\u00dfen Streifen, im 100er-Pack. Praktisch, transparent und ideal zum Aufbewahren und Kennzeichnen kleiner Gegenst\u00e4nde.\" \/>\n<meta property=\"og:url\" content=\"https:\/\/www.csj-emballages.com\/de\/produit\/100-neutrale-beutel-bd-druckverschluss-mit-weissen-streifen-60-x-80-mm\/\" \/>\n<meta property=\"og:site_name\" content=\"CSJ Emballages\" \/>\n<meta property=\"article:publisher\" content=\"https:\/\/www.facebook.com\/csjemballages\" \/>\n<meta property=\"article:modified_time\" content=\"2026-03-28T01:16:30+00:00\" \/>\n<meta property=\"og:image\" content=\"https:\/\/www.csj-emballages.com\/wp-content\/uploads\/2024\/03\/PZIP04.webp\" \/>\n\t<meta property=\"og:image:width\" content=\"800\" \/>\n\t<meta property=\"og:image:height\" content=\"800\" \/>\n\t<meta property=\"og:image:type\" content=\"image\/webp\" \/>\n<meta name=\"twitter:card\" content=\"summary_large_image\" \/>\n<meta name=\"twitter:label1\" content=\"Gesch\u00e4tzte Lesezeit\" \/>\n\t<meta name=\"twitter:data1\" content=\"2 Minuten\" \/>\n<script type=\"application\/ld+json\" class=\"yoast-schema-graph\">{\"@context\":\"https:\/\/schema.org\",\"@graph\":[{\"@type\":\"WebPage\",\"@id\":\"https:\/\/www.csj-emballages.com\/de\/produit\/100-neutrale-beutel-bd-druckverschluss-mit-weissen-streifen-60-x-80-mm\/\",\"url\":\"https:\/\/www.csj-emballages.com\/de\/produit\/100-neutrale-beutel-bd-druckverschluss-mit-weissen-streifen-60-x-80-mm\/\",\"name\":\"Zip-Druckverschlussbeutel mit wei\u00dfen Streifen, 60 x 80 mm\",\"isPartOf\":{\"@id\":\"https:\/\/www.csj-emballages.com\/de\/#website\"},\"primaryImageOfPage\":{\"@id\":\"https:\/\/www.csj-emballages.com\/de\/produit\/100-neutrale-beutel-bd-druckverschluss-mit-weissen-streifen-60-x-80-mm\/#primaryimage\"},\"image\":{\"@id\":\"https:\/\/www.csj-emballages.com\/de\/produit\/100-neutrale-beutel-bd-druckverschluss-mit-weissen-streifen-60-x-80-mm\/#primaryimage\"},\"thumbnailUrl\":\"https:\/\/www.csj-emballages.com\/wp-content\/uploads\/2024\/03\/PZIP04.webp\",\"datePublished\":\"2024-03-01T15:46:31+00:00\",\"dateModified\":\"2026-03-28T01:16:30+00:00\",\"description\":\"Neutraler BD-Zip-Beutel, 60x80 mm, mit wei\u00dfen Streifen, im 100er-Pack. Praktisch, transparent und ideal zum Aufbewahren und Kennzeichnen kleiner Gegenst\u00e4nde.\",\"breadcrumb\":{\"@id\":\"https:\/\/www.csj-emballages.com\/de\/produit\/100-neutrale-beutel-bd-druckverschluss-mit-weissen-streifen-60-x-80-mm\/#breadcrumb\"},\"inLanguage\":\"de\",\"potentialAction\":[{\"@type\":\"ReadAction\",\"target\":[\"https:\/\/www.csj-emballages.com\/de\/produit\/100-neutrale-beutel-bd-druckverschluss-mit-weissen-streifen-60-x-80-mm\/\"]}]},{\"@type\":\"ImageObject\",\"inLanguage\":\"de\",\"@id\":\"https:\/\/www.csj-emballages.com\/de\/produit\/100-neutrale-beutel-bd-druckverschluss-mit-weissen-streifen-60-x-80-mm\/#primaryimage\",\"url\":\"https:\/\/www.csj-emballages.com\/wp-content\/uploads\/2024\/03\/PZIP04.webp\",\"contentUrl\":\"https:\/\/www.csj-emballages.com\/wp-content\/uploads\/2024\/03\/PZIP04.webp\",\"width\":800,\"height\":800,\"caption\":\"Sachet zip\"},{\"@type\":\"BreadcrumbList\",\"@id\":\"https:\/\/www.csj-emballages.com\/de\/produit\/100-neutrale-beutel-bd-druckverschluss-mit-weissen-streifen-60-x-80-mm\/#breadcrumb\",\"itemListElement\":[{\"@type\":\"ListItem\",\"position\":1,\"name\":\"Accueil\",\"item\":\"https:\/\/www.csj-emballages.com\/de\/universum-lebensmittelverpackungen\/\"},{\"@type\":\"ListItem\",\"position\":2,\"name\":\"Shop\",\"item\":\"https:\/\/www.csj-emballages.com\/shop\/\"},{\"@type\":\"ListItem\",\"position\":3,\"name\":\"Neutraler BD-Druckverschlussbeutel mit wei\u00dfem Beschriftungsfeld 60 x 80 mm, 100 St\u00fcck\"}]},{\"@type\":\"WebSite\",\"@id\":\"https:\/\/www.csj-emballages.com\/de\/#website\",\"url\":\"https:\/\/www.csj-emballages.com\/de\/\",\"name\":\"CSJ Emballages\",\"description\":\"\",\"publisher\":{\"@id\":\"https:\/\/www.csj-emballages.com\/de\/#organization\"},\"potentialAction\":[{\"@type\":\"SearchAction\",\"target\":{\"@type\":\"EntryPoint\",\"urlTemplate\":\"https:\/\/www.csj-emballages.com\/de\/?s={search_term_string}\"},\"query-input\":{\"@type\":\"PropertyValueSpecification\",\"valueRequired\":true,\"valueName\":\"search_term_string\"}}],\"inLanguage\":\"de\"},{\"@type\":\"Organization\",\"@id\":\"https:\/\/www.csj-emballages.com\/de\/#Organization\/\",\"name\":\"CSJ Emballages\",\"url\":\"https:\/\/www.csj-emballages.com\/de\/\",\"logo\":{\"@type\":\"ImageObject\",\"inLanguage\":\"de\",\"@id\":\"https:\/\/www.csj-emballages.com\/de\/#\/schema\/logo\/image\/\",\"url\":\"https:\/\/www.csj-emballages.com\/wp-content\/uploads\/2023\/10\/logo_csj.webp\",\"contentUrl\":\"https:\/\/www.csj-emballages.com\/wp-content\/uploads\/2023\/10\/logo_csj.webp\",\"width\":250,\"height\":95,\"caption\":\"CSJ Emballages\"},\"image\":{\"@id\":\"https:\/\/www.csj-emballages.com\/de\/#\/schema\/logo\/image\/\"},\"sameAs\":[\"https:\/\/www.facebook.com\/csjemballages\"],\"address\":{\"@type\":\"PostalAddress\",\"streetAddress\":\"ZI La Lechere\",\"addressLocality\":\"Patornay\",\"postalCode\":\"39130\",\"addressCountry\":\"FR\"},\"contactPoint\":[{\"@type\":\"ContactPoint\",\"contactType\":\"Service client\",\"telephone\":\"0384254272\",\"email\":\"contact@csj-emballages.com\"}]}]}<\/script>\n<!-- \/ Yoast SEO Premium plugin. -->","yoast_head_json":{"title":"Zip-Druckverschlussbeutel mit wei\u00dfen Streifen, 60 x 80 mm","description":"Neutraler BD-Zip-Beutel, 60x80 mm, mit wei\u00dfen Streifen, im 100er-Pack. Praktisch, transparent und ideal zum Aufbewahren und Kennzeichnen kleiner Gegenst\u00e4nde.","robots":{"index":"index","follow":"follow","max-snippet":"max-snippet:-1","max-image-preview":"max-image-preview:large","max-video-preview":"max-video-preview:-1"},"canonical":"https:\/\/www.csj-emballages.com\/de\/produit\/100-neutrale-beutel-bd-druckverschluss-mit-weissen-streifen-60-x-80-mm\/","og_locale":"de_DE","og_type":"article","og_title":"Neutraler BD-Druckverschlussbeutel mit wei\u00dfem Beschriftungsfeld 60 x 80 mm, 100 St\u00fcck","og_description":"Neutraler BD-Zip-Beutel, 60x80 mm, mit wei\u00dfen Streifen, im 100er-Pack. Praktisch, transparent und ideal zum Aufbewahren und Kennzeichnen kleiner Gegenst\u00e4nde.","og_url":"https:\/\/www.csj-emballages.com\/de\/produit\/100-neutrale-beutel-bd-druckverschluss-mit-weissen-streifen-60-x-80-mm\/","og_site_name":"CSJ Emballages","article_publisher":"https:\/\/www.facebook.com\/csjemballages","article_modified_time":"2026-03-28T01:16:30+00:00","og_image":[{"width":800,"height":800,"url":"https:\/\/www.csj-emballages.com\/wp-content\/uploads\/2024\/03\/PZIP04.webp","type":"image\/webp"}],"twitter_card":"summary_large_image","twitter_misc":{"Gesch\u00e4tzte Lesezeit":"2 Minuten"},"schema":{"@context":"https:\/\/schema.org","@graph":[{"@type":"WebPage","@id":"https:\/\/www.csj-emballages.com\/de\/produit\/100-neutrale-beutel-bd-druckverschluss-mit-weissen-streifen-60-x-80-mm\/","url":"https:\/\/www.csj-emballages.com\/de\/produit\/100-neutrale-beutel-bd-druckverschluss-mit-weissen-streifen-60-x-80-mm\/","name":"Zip-Druckverschlussbeutel mit wei\u00dfen Streifen, 60 x 80 mm","isPartOf":{"@id":"https:\/\/www.csj-emballages.com\/de\/#website"},"primaryImageOfPage":{"@id":"https:\/\/www.csj-emballages.com\/de\/produit\/100-neutrale-beutel-bd-druckverschluss-mit-weissen-streifen-60-x-80-mm\/#primaryimage"},"image":{"@id":"https:\/\/www.csj-emballages.com\/de\/produit\/100-neutrale-beutel-bd-druckverschluss-mit-weissen-streifen-60-x-80-mm\/#primaryimage"},"thumbnailUrl":"https:\/\/www.csj-emballages.com\/wp-content\/uploads\/2024\/03\/PZIP04.webp","datePublished":"2024-03-01T15:46:31+00:00","dateModified":"2026-03-28T01:16:30+00:00","description":"Neutraler BD-Zip-Beutel, 60x80 mm, mit wei\u00dfen Streifen, im 100er-Pack. Praktisch, transparent und ideal zum Aufbewahren und Kennzeichnen kleiner Gegenst\u00e4nde.","breadcrumb":{"@id":"https:\/\/www.csj-emballages.com\/de\/produit\/100-neutrale-beutel-bd-druckverschluss-mit-weissen-streifen-60-x-80-mm\/#breadcrumb"},"inLanguage":"de","potentialAction":[{"@type":"ReadAction","target":["https:\/\/www.csj-emballages.com\/de\/produit\/100-neutrale-beutel-bd-druckverschluss-mit-weissen-streifen-60-x-80-mm\/"]}]},{"@type":"ImageObject","inLanguage":"de","@id":"https:\/\/www.csj-emballages.com\/de\/produit\/100-neutrale-beutel-bd-druckverschluss-mit-weissen-streifen-60-x-80-mm\/#primaryimage","url":"https:\/\/www.csj-emballages.com\/wp-content\/uploads\/2024\/03\/PZIP04.webp","contentUrl":"https:\/\/www.csj-emballages.com\/wp-content\/uploads\/2024\/03\/PZIP04.webp","width":800,"height":800,"caption":"Sachet zip"},{"@type":"BreadcrumbList","@id":"https:\/\/www.csj-emballages.com\/de\/produit\/100-neutrale-beutel-bd-druckverschluss-mit-weissen-streifen-60-x-80-mm\/#breadcrumb","itemListElement":[{"@type":"ListItem","position":1,"name":"Accueil","item":"https:\/\/www.csj-emballages.com\/de\/universum-lebensmittelverpackungen\/"},{"@type":"ListItem","position":2,"name":"Shop","item":"https:\/\/www.csj-emballages.com\/shop\/"},{"@type":"ListItem","position":3,"name":"Neutraler BD-Druckverschlussbeutel mit wei\u00dfem Beschriftungsfeld 60 x 80 mm, 100 St\u00fcck"}]},{"@type":"WebSite","@id":"https:\/\/www.csj-emballages.com\/de\/#website","url":"https:\/\/www.csj-emballages.com\/de\/","name":"CSJ Emballages","description":"","publisher":{"@id":"https:\/\/www.csj-emballages.com\/de\/#organization"},"potentialAction":[{"@type":"SearchAction","target":{"@type":"EntryPoint","urlTemplate":"https:\/\/www.csj-emballages.com\/de\/?s={search_term_string}"},"query-input":{"@type":"PropertyValueSpecification","valueRequired":true,"valueName":"search_term_string"}}],"inLanguage":"de"},{"@type":"Organization","@id":"https:\/\/www.csj-emballages.com\/de\/#Organization\/","name":"CSJ Emballages","url":"https:\/\/www.csj-emballages.com\/de\/","logo":{"@type":"ImageObject","inLanguage":"de","@id":"https:\/\/www.csj-emballages.com\/de\/#\/schema\/logo\/image\/","url":"https:\/\/www.csj-emballages.com\/wp-content\/uploads\/2023\/10\/logo_csj.webp","contentUrl":"https:\/\/www.csj-emballages.com\/wp-content\/uploads\/2023\/10\/logo_csj.webp","width":250,"height":95,"caption":"CSJ Emballages"},"image":{"@id":"https:\/\/www.csj-emballages.com\/de\/#\/schema\/logo\/image\/"},"sameAs":["https:\/\/www.facebook.com\/csjemballages"],"address":{"@type":"PostalAddress","streetAddress":"ZI La Lechere","addressLocality":"Patornay","postalCode":"39130","addressCountry":"FR"},"contactPoint":[{"@type":"ContactPoint","contactType":"Service client","telephone":"0384254272","email":"contact@csj-emballages.com"}]}]}},"df_price":0.34,"df_sale_price":0.34,"df_regular_price":0.67,"df_image_link":"https:\/\/www.csj-emballages.com\/wp-content\/uploads\/2024\/03\/PZIP04-300x300.webp","tiered_pricing_type":"fixed","tiered_pricing_fixed_rules":[],"tiered_pricing_percentage_rules":[],"tiered_pricing_minimum":1,"tiered_pricing_roles_data":[],"_links":{"self":[{"href":"https:\/\/www.csj-emballages.com\/de\/wp-json\/wp\/v2\/product\/17633","targetHints":{"allow":["GET"]}}],"collection":[{"href":"https:\/\/www.csj-emballages.com\/de\/wp-json\/wp\/v2\/product"}],"about":[{"href":"https:\/\/www.csj-emballages.com\/de\/wp-json\/wp\/v2\/types\/product"}],"wp:featuredmedia":[{"embeddable":true,"href":"https:\/\/www.csj-emballages.com\/de\/wp-json\/wp\/v2\/media\/260481"}],"wp:attachment":[{"href":"https:\/\/www.csj-emballages.com\/de\/wp-json\/wp\/v2\/media?parent=17633"}],"wp:term":[{"taxonomy":"product_brand","embeddable":true,"href":"https:\/\/www.csj-emballages.com\/de\/wp-json\/wp\/v2\/product_brand?post=17633"},{"taxonomy":"product_cat","embeddable":true,"href":"https:\/\/www.csj-emballages.com\/de\/wp-json\/wp\/v2\/product_cat?post=17633"},{"taxonomy":"product_tag","embeddable":true,"href":"https:\/\/www.csj-emballages.com\/de\/wp-json\/wp\/v2\/product_tag?post=17633"}],"curies":[{"name":"wp","href":"https:\/\/api.w.org\/{rel}","templated":true}]}}