{"id":17618,"date":"2024-03-01T16:46:31","date_gmt":"2024-03-01T15:46:31","guid":{"rendered":"https:\/\/u15jnbdpoq.preview.infomaniak.website\/produit\/50-becher-whizz-pommes-frites-im-karton-480-ml\/"},"modified":"2026-05-07T02:21:54","modified_gmt":"2026-05-07T00:21:54","slug":"50-becher-whizz-pommes-frites-im-karton-480-ml","status":"publish","type":"product","link":"https:\/\/www.csj-emballages.com\/de\/produit\/50-becher-whizz-pommes-frites-im-karton-480-ml\/","title":{"rendered":"Topf Pommes frites \/ whizz Karton 480 ml pro 50"},"content":{"rendered":"<h2>Pommes frites<\/h2>\n<hr>\n<h3>Entdecken Sie unseren Topf Pommes frites \/ Whizz Karton 480 ml pro 50<\/h3>\n<p><!--more--><\/p>\n<p class=\"\" data-start=\"142\" data-end=\"526\">Der <strong data-start=\"145\" data-end=\"184\">Whizz Pommes frites-Becher aus Karton mit einem Fassungsverm\u00f6gen von 480 ml<\/strong> ist eine unverzichtbare Verpackung f\u00fcr Schnellrestaurants, Food Trucks, Imbissbuden oder auch Open-Air-Veranstaltungen. Er wurde entwickelt, um Zweckm\u00e4\u00dfigkeit, Stabilit\u00e4t und \u00c4sthetik zu vereinen, und erm\u00f6glicht es Ihnen, Ihre Pommes <strong>frites<\/strong>, <strong>Potatoes<\/strong>, <strong>Donuts<\/strong> oder andere Beilagen sauber und elegant zu servieren. <\/p>\n<p class=\"\" data-start=\"528\" data-end=\"832\">Dieser <strong>Whizz-Topf<\/strong> aus <strong data-start=\"540\" data-end=\"580\">festem, lebensmittelechtem Karton<\/strong> ist absolut hitze-, feuchtigkeits- und fettbest\u00e4ndig und liegt f\u00fcr Ihre Kunden gut in der Hand. Dank seiner ergonomischen Form l\u00e4sst sich der Topf leicht halten, was ihn zu einer idealen Wahl f\u00fcr den Verzehr unterwegs macht. <\/p>\n<p class=\"\" data-start=\"834\" data-end=\"1085\">In Packungen zu <strong>50<\/strong> St\u00fcck verpackt, ist es perfekt f\u00fcr Profis, die einen praktischen Vorrat zu einem g\u00fcnstigen Preis haben m\u00f6chten. Dieses Einzelformat sorgt f\u00fcr eine <strong data-start=\"998\" data-end=\"1022\">sorgf\u00e4ltige Pr\u00e4sentation<\/strong> Ihrer Portionen und optimiert den Verkostungskomfort. <\/p>\n<p class=\"\" data-start=\"1087\" data-end=\"1270\">Dieser Pommes <strong>frites-Topf<\/strong> ist auch eine verantwortungsbewusstere Alternative zu Plastikverpackungen, mit einem <strong data-start=\"1185\" data-end=\"1199\">recycelbaren<\/strong> Material, das den Erwartungen umweltbewusster Verbraucher entspricht.<\/p>\n<p>&nbsp;<\/p>\n<p><!--more--><\/p>\n<h4>Ihre Vorteile :<\/h4>\n<ul>\n<li>Hergestellt aus <strong data-start=\"1313\" data-end=\"1330\">festem Karton<\/strong>, fett- und hitzebest\u00e4ndig.<\/li>\n<li><strong data-start=\"1375\" data-end=\"1392\">Format 480 ml<\/strong> ideal f\u00fcr Pommes frites, Snacks, Tapas oder Donuts.<\/li>\n<li>Schlichtes und professionelles Design, das Ihr Markenimage aufwertet.<\/li>\n<li><strong data-start=\"1592\" data-end=\"1614\">Verpackt zu 50 St\u00fcck<\/strong>, praktisch f\u00fcr den t\u00e4glichen Gebrauch.<\/li>\n<li><strong data-start=\"1653\" data-end=\"1667\">Recycelbar<\/strong>, umweltfreundlich.<\/li>\n<\/ul>\n<p>&nbsp;<\/p>\n<p><!--more--><\/p>\n<h4>Weitere Informationen :<\/h4>\n<ul>\n<li><strong>Verpackung<\/strong>: Packung mit 50 St\u00fcck<\/li>\n<li><strong>Unterer Durchmesser<\/strong>: 61 mm<\/li>\n<li><strong>Durchmesser oben<\/strong>: 86 mm<\/li>\n<li><strong>Gesamth\u00f6he<\/strong>: 173 mm<\/li>\n<li><strong>H\u00f6he zusammengeklappt<\/strong>: 131 mm<\/li>\n<li><strong>Volumen<\/strong>: 480 ml<\/li>\n<li><strong>Farbe<\/strong>: Braun<\/li>\n<li><strong>Material<\/strong>: Karton<\/li>\n<\/ul>\n<p>&nbsp;<\/p>\n<p><!--more--><\/p>\n<p>Dieses Produkt ist in verschiedenen Gr\u00f6\u00dfen erh\u00e4ltlich : <span style=\"color: #d12727\"><a style=\"color: #d12727\" href=\"https:\/\/www.csj-emballages.com\/de\/produit\/50-becher-whizz-pommes-frites-im-karton-325-ml\/\">WHIZZ325<\/a><\/span> \/ <span style=\"color: #d12727\"><a style=\"color: #d12727\" href=\"https:\/\/www.csj-emballages.com\/de\/produit\/50-glaeser-whizz-pommes-frites-aus-karton-160-x-60-mm\/\">WHIZZ16<\/a><\/span><\/p>\n<h2><\/h2>\n<p><!--more--><\/p>\n<p><a href=\"https:\/\/www.csj-emballages.com\/de\/categorie-produit\/lebensmittelverpackungen\/restauration-de\/dosen-schalen-beutel-konen\/kegel-und-topfe-fur-pasta-wraps-corn\/frittierkegel\/\">Sehen Sie sich den Rest unseres Sortiments an Pommes frites-Kegeln an<\/a><\/p>\n","protected":false},"excerpt":{"rendered":"<p>Pommes frites Entdecken Sie unseren Topf Pommes frites \/ Whizz Karton 480 ml pro 50<\/p>\n","protected":false},"featured_media":230510,"template":"","meta":{"_acf_changed":false},"product_brand":[],"product_cat":[1137,1134,1474,1475],"product_tag":[],"class_list":{"0":"post-17618","1":"product","2":"type-product","3":"status-publish","4":"has-post-thumbnail","6":"product_cat-lebensmittelverpackungen","7":"product_cat-restauration-de","8":"product_cat-schalen-kartons","9":"product_cat-frittierkegel","11":"first","12":"instock","13":"taxable","14":"shipping-taxable","15":"purchasable","16":"product-type-simple"},"acf":[],"yoast_head":"<!-- This site is optimized with the Yoast SEO Premium plugin v26.6 (Yoast SEO v26.6) - https:\/\/yoast.com\/wordpress\/plugins\/seo\/ -->\n<title>Becher Pommes frites \/ Whizz Karton 480 ml per 50<\/title>\n<meta name=\"description\" content=\"Whizz Pommes Frites Becher aus Karton 480 ml - praktisch, robust und recycelbar. Es ist ideal f\u00fcr Snacks und Fastfood. Los von 50.\" \/>\n<meta name=\"robots\" content=\"index, follow, max-snippet:-1, max-image-preview:large, max-video-preview:-1\" \/>\n<link rel=\"canonical\" href=\"https:\/\/www.csj-emballages.com\/de\/produit\/50-becher-whizz-pommes-frites-im-karton-480-ml\/\" \/>\n<meta property=\"og:locale\" content=\"de_DE\" \/>\n<meta property=\"og:type\" content=\"article\" \/>\n<meta property=\"og:title\" content=\"Topf Pommes frites \/ whizz Karton 480 ml pro 50\" \/>\n<meta property=\"og:description\" content=\"Whizz Pommes Frites Becher aus Karton 480 ml - praktisch, robust und recycelbar. Es ist ideal f\u00fcr Snacks und Fastfood. Los von 50.\" \/>\n<meta property=\"og:url\" content=\"https:\/\/www.csj-emballages.com\/de\/produit\/50-becher-whizz-pommes-frites-im-karton-480-ml\/\" \/>\n<meta property=\"og:site_name\" content=\"CSJ Emballages\" \/>\n<meta property=\"article:publisher\" content=\"https:\/\/www.facebook.com\/csjemballages\" \/>\n<meta property=\"article:modified_time\" content=\"2026-05-07T00:21:54+00:00\" \/>\n<meta property=\"og:image\" content=\"https:\/\/www.csj-emballages.com\/wp-content\/uploads\/2024\/03\/POT-WHIZZ-500-1-1.webp\" \/>\n\t<meta property=\"og:image:width\" content=\"800\" \/>\n\t<meta property=\"og:image:height\" content=\"800\" \/>\n\t<meta property=\"og:image:type\" content=\"image\/webp\" \/>\n<meta name=\"twitter:card\" content=\"summary_large_image\" \/>\n<meta name=\"twitter:label1\" content=\"Gesch\u00e4tzte Lesezeit\" \/>\n\t<meta name=\"twitter:data1\" content=\"1\u00a0Minute\" \/>\n<script type=\"application\/ld+json\" class=\"yoast-schema-graph\">{\"@context\":\"https:\/\/schema.org\",\"@graph\":[{\"@type\":\"WebPage\",\"@id\":\"https:\/\/www.csj-emballages.com\/de\/produit\/50-becher-whizz-pommes-frites-im-karton-480-ml\/\",\"url\":\"https:\/\/www.csj-emballages.com\/de\/produit\/50-becher-whizz-pommes-frites-im-karton-480-ml\/\",\"name\":\"Becher Pommes frites \/ Whizz Karton 480 ml per 50\",\"isPartOf\":{\"@id\":\"https:\/\/www.csj-emballages.com\/de\/#website\"},\"primaryImageOfPage\":{\"@id\":\"https:\/\/www.csj-emballages.com\/de\/produit\/50-becher-whizz-pommes-frites-im-karton-480-ml\/#primaryimage\"},\"image\":{\"@id\":\"https:\/\/www.csj-emballages.com\/de\/produit\/50-becher-whizz-pommes-frites-im-karton-480-ml\/#primaryimage\"},\"thumbnailUrl\":\"https:\/\/www.csj-emballages.com\/wp-content\/uploads\/2024\/03\/POT-WHIZZ-500-1-1.webp\",\"datePublished\":\"2024-03-01T15:46:31+00:00\",\"dateModified\":\"2026-05-07T00:21:54+00:00\",\"description\":\"Whizz Pommes Frites Becher aus Karton 480 ml - praktisch, robust und recycelbar. Es ist ideal f\u00fcr Snacks und Fastfood. Los von 50.\",\"breadcrumb\":{\"@id\":\"https:\/\/www.csj-emballages.com\/de\/produit\/50-becher-whizz-pommes-frites-im-karton-480-ml\/#breadcrumb\"},\"inLanguage\":\"de\",\"potentialAction\":[{\"@type\":\"ReadAction\",\"target\":[\"https:\/\/www.csj-emballages.com\/de\/produit\/50-becher-whizz-pommes-frites-im-karton-480-ml\/\"]}]},{\"@type\":\"ImageObject\",\"inLanguage\":\"de\",\"@id\":\"https:\/\/www.csj-emballages.com\/de\/produit\/50-becher-whizz-pommes-frites-im-karton-480-ml\/#primaryimage\",\"url\":\"https:\/\/www.csj-emballages.com\/wp-content\/uploads\/2024\/03\/POT-WHIZZ-500-1-1.webp\",\"contentUrl\":\"https:\/\/www.csj-emballages.com\/wp-content\/uploads\/2024\/03\/POT-WHIZZ-500-1-1.webp\",\"width\":800,\"height\":800,\"caption\":\"Pot frites\"},{\"@type\":\"BreadcrumbList\",\"@id\":\"https:\/\/www.csj-emballages.com\/de\/produit\/50-becher-whizz-pommes-frites-im-karton-480-ml\/#breadcrumb\",\"itemListElement\":[{\"@type\":\"ListItem\",\"position\":1,\"name\":\"Accueil\",\"item\":\"https:\/\/www.csj-emballages.com\/de\/universum-lebensmittelverpackungen\/\"},{\"@type\":\"ListItem\",\"position\":2,\"name\":\"Shop\",\"item\":\"https:\/\/www.csj-emballages.com\/shop\/\"},{\"@type\":\"ListItem\",\"position\":3,\"name\":\"Topf Pommes frites \/ whizz Karton 480 ml pro 50\"}]},{\"@type\":\"WebSite\",\"@id\":\"https:\/\/www.csj-emballages.com\/de\/#website\",\"url\":\"https:\/\/www.csj-emballages.com\/de\/\",\"name\":\"CSJ Emballages\",\"description\":\"\",\"publisher\":{\"@id\":\"https:\/\/www.csj-emballages.com\/de\/#organization\"},\"potentialAction\":[{\"@type\":\"SearchAction\",\"target\":{\"@type\":\"EntryPoint\",\"urlTemplate\":\"https:\/\/www.csj-emballages.com\/de\/?s={search_term_string}\"},\"query-input\":{\"@type\":\"PropertyValueSpecification\",\"valueRequired\":true,\"valueName\":\"search_term_string\"}}],\"inLanguage\":\"de\"},{\"@type\":\"Organization\",\"@id\":\"https:\/\/www.csj-emballages.com\/de\/#Organization\/\",\"name\":\"CSJ Emballages\",\"url\":\"https:\/\/www.csj-emballages.com\/de\/\",\"logo\":{\"@type\":\"ImageObject\",\"inLanguage\":\"de\",\"@id\":\"https:\/\/www.csj-emballages.com\/de\/#\/schema\/logo\/image\/\",\"url\":\"https:\/\/www.csj-emballages.com\/wp-content\/uploads\/2023\/10\/logo_csj.webp\",\"contentUrl\":\"https:\/\/www.csj-emballages.com\/wp-content\/uploads\/2023\/10\/logo_csj.webp\",\"width\":250,\"height\":95,\"caption\":\"CSJ Emballages\"},\"image\":{\"@id\":\"https:\/\/www.csj-emballages.com\/de\/#\/schema\/logo\/image\/\"},\"sameAs\":[\"https:\/\/www.facebook.com\/csjemballages\"],\"address\":{\"@type\":\"PostalAddress\",\"streetAddress\":\"ZI La Lechere\",\"addressLocality\":\"Patornay\",\"postalCode\":\"39130\",\"addressCountry\":\"FR\"},\"contactPoint\":[{\"@type\":\"ContactPoint\",\"contactType\":\"Service client\",\"telephone\":\"0384254272\",\"email\":\"contact@csj-emballages.com\"}]}]}<\/script>\n<!-- \/ Yoast SEO Premium plugin. -->","yoast_head_json":{"title":"Becher Pommes frites \/ Whizz Karton 480 ml per 50","description":"Whizz Pommes Frites Becher aus Karton 480 ml - praktisch, robust und recycelbar. Es ist ideal f\u00fcr Snacks und Fastfood. Los von 50.","robots":{"index":"index","follow":"follow","max-snippet":"max-snippet:-1","max-image-preview":"max-image-preview:large","max-video-preview":"max-video-preview:-1"},"canonical":"https:\/\/www.csj-emballages.com\/de\/produit\/50-becher-whizz-pommes-frites-im-karton-480-ml\/","og_locale":"de_DE","og_type":"article","og_title":"Topf Pommes frites \/ whizz Karton 480 ml pro 50","og_description":"Whizz Pommes Frites Becher aus Karton 480 ml - praktisch, robust und recycelbar. Es ist ideal f\u00fcr Snacks und Fastfood. Los von 50.","og_url":"https:\/\/www.csj-emballages.com\/de\/produit\/50-becher-whizz-pommes-frites-im-karton-480-ml\/","og_site_name":"CSJ Emballages","article_publisher":"https:\/\/www.facebook.com\/csjemballages","article_modified_time":"2026-05-07T00:21:54+00:00","og_image":[{"width":800,"height":800,"url":"https:\/\/www.csj-emballages.com\/wp-content\/uploads\/2024\/03\/POT-WHIZZ-500-1-1.webp","type":"image\/webp"}],"twitter_card":"summary_large_image","twitter_misc":{"Gesch\u00e4tzte Lesezeit":"1\u00a0Minute"},"schema":{"@context":"https:\/\/schema.org","@graph":[{"@type":"WebPage","@id":"https:\/\/www.csj-emballages.com\/de\/produit\/50-becher-whizz-pommes-frites-im-karton-480-ml\/","url":"https:\/\/www.csj-emballages.com\/de\/produit\/50-becher-whizz-pommes-frites-im-karton-480-ml\/","name":"Becher Pommes frites \/ Whizz Karton 480 ml per 50","isPartOf":{"@id":"https:\/\/www.csj-emballages.com\/de\/#website"},"primaryImageOfPage":{"@id":"https:\/\/www.csj-emballages.com\/de\/produit\/50-becher-whizz-pommes-frites-im-karton-480-ml\/#primaryimage"},"image":{"@id":"https:\/\/www.csj-emballages.com\/de\/produit\/50-becher-whizz-pommes-frites-im-karton-480-ml\/#primaryimage"},"thumbnailUrl":"https:\/\/www.csj-emballages.com\/wp-content\/uploads\/2024\/03\/POT-WHIZZ-500-1-1.webp","datePublished":"2024-03-01T15:46:31+00:00","dateModified":"2026-05-07T00:21:54+00:00","description":"Whizz Pommes Frites Becher aus Karton 480 ml - praktisch, robust und recycelbar. Es ist ideal f\u00fcr Snacks und Fastfood. Los von 50.","breadcrumb":{"@id":"https:\/\/www.csj-emballages.com\/de\/produit\/50-becher-whizz-pommes-frites-im-karton-480-ml\/#breadcrumb"},"inLanguage":"de","potentialAction":[{"@type":"ReadAction","target":["https:\/\/www.csj-emballages.com\/de\/produit\/50-becher-whizz-pommes-frites-im-karton-480-ml\/"]}]},{"@type":"ImageObject","inLanguage":"de","@id":"https:\/\/www.csj-emballages.com\/de\/produit\/50-becher-whizz-pommes-frites-im-karton-480-ml\/#primaryimage","url":"https:\/\/www.csj-emballages.com\/wp-content\/uploads\/2024\/03\/POT-WHIZZ-500-1-1.webp","contentUrl":"https:\/\/www.csj-emballages.com\/wp-content\/uploads\/2024\/03\/POT-WHIZZ-500-1-1.webp","width":800,"height":800,"caption":"Pot frites"},{"@type":"BreadcrumbList","@id":"https:\/\/www.csj-emballages.com\/de\/produit\/50-becher-whizz-pommes-frites-im-karton-480-ml\/#breadcrumb","itemListElement":[{"@type":"ListItem","position":1,"name":"Accueil","item":"https:\/\/www.csj-emballages.com\/de\/universum-lebensmittelverpackungen\/"},{"@type":"ListItem","position":2,"name":"Shop","item":"https:\/\/www.csj-emballages.com\/shop\/"},{"@type":"ListItem","position":3,"name":"Topf Pommes frites \/ whizz Karton 480 ml pro 50"}]},{"@type":"WebSite","@id":"https:\/\/www.csj-emballages.com\/de\/#website","url":"https:\/\/www.csj-emballages.com\/de\/","name":"CSJ Emballages","description":"","publisher":{"@id":"https:\/\/www.csj-emballages.com\/de\/#organization"},"potentialAction":[{"@type":"SearchAction","target":{"@type":"EntryPoint","urlTemplate":"https:\/\/www.csj-emballages.com\/de\/?s={search_term_string}"},"query-input":{"@type":"PropertyValueSpecification","valueRequired":true,"valueName":"search_term_string"}}],"inLanguage":"de"},{"@type":"Organization","@id":"https:\/\/www.csj-emballages.com\/de\/#Organization\/","name":"CSJ Emballages","url":"https:\/\/www.csj-emballages.com\/de\/","logo":{"@type":"ImageObject","inLanguage":"de","@id":"https:\/\/www.csj-emballages.com\/de\/#\/schema\/logo\/image\/","url":"https:\/\/www.csj-emballages.com\/wp-content\/uploads\/2023\/10\/logo_csj.webp","contentUrl":"https:\/\/www.csj-emballages.com\/wp-content\/uploads\/2023\/10\/logo_csj.webp","width":250,"height":95,"caption":"CSJ Emballages"},"image":{"@id":"https:\/\/www.csj-emballages.com\/de\/#\/schema\/logo\/image\/"},"sameAs":["https:\/\/www.facebook.com\/csjemballages"],"address":{"@type":"PostalAddress","streetAddress":"ZI La Lechere","addressLocality":"Patornay","postalCode":"39130","addressCountry":"FR"},"contactPoint":[{"@type":"ContactPoint","contactType":"Service client","telephone":"0384254272","email":"contact@csj-emballages.com"}]}]}},"df_price":5.18,"df_sale_price":"","df_regular_price":5.18,"df_image_link":"https:\/\/www.csj-emballages.com\/wp-content\/uploads\/2024\/03\/POT-WHIZZ-500-1-1-300x300.webp","tiered_pricing_type":"fixed","tiered_pricing_fixed_rules":[],"tiered_pricing_percentage_rules":[],"tiered_pricing_minimum":1,"tiered_pricing_roles_data":[],"_links":{"self":[{"href":"https:\/\/www.csj-emballages.com\/de\/wp-json\/wp\/v2\/product\/17618","targetHints":{"allow":["GET"]}}],"collection":[{"href":"https:\/\/www.csj-emballages.com\/de\/wp-json\/wp\/v2\/product"}],"about":[{"href":"https:\/\/www.csj-emballages.com\/de\/wp-json\/wp\/v2\/types\/product"}],"wp:featuredmedia":[{"embeddable":true,"href":"https:\/\/www.csj-emballages.com\/de\/wp-json\/wp\/v2\/media\/230510"}],"wp:attachment":[{"href":"https:\/\/www.csj-emballages.com\/de\/wp-json\/wp\/v2\/media?parent=17618"}],"wp:term":[{"taxonomy":"product_brand","embeddable":true,"href":"https:\/\/www.csj-emballages.com\/de\/wp-json\/wp\/v2\/product_brand?post=17618"},{"taxonomy":"product_cat","embeddable":true,"href":"https:\/\/www.csj-emballages.com\/de\/wp-json\/wp\/v2\/product_cat?post=17618"},{"taxonomy":"product_tag","embeddable":true,"href":"https:\/\/www.csj-emballages.com\/de\/wp-json\/wp\/v2\/product_tag?post=17618"}],"curies":[{"name":"wp","href":"https:\/\/api.w.org\/{rel}","templated":true}]}}