{"id":17604,"date":"2024-03-01T16:46:30","date_gmt":"2024-03-01T15:46:30","guid":{"rendered":"https:\/\/u15jnbdpoq.preview.infomaniak.website\/produit\/100-neutrale-beutel-bd-druckverschluss-180-x-250-mm\/"},"modified":"2026-04-21T02:18:41","modified_gmt":"2026-04-21T00:18:41","slug":"100-neutrale-beutel-bd-druckverschluss-180-x-250-mm","status":"publish","type":"product","link":"https:\/\/www.csj-emballages.com\/de\/produit\/100-neutrale-beutel-bd-druckverschluss-180-x-250-mm\/","title":{"rendered":"Neutraler BD-Druckverschlussbeutel 180 x 250 mm, 100 St\u00fcck"},"content":{"rendered":"<h2>Zip-Beutel<\/h2>\n<hr>\n<h3>Beschreibung unseres neutralen BD-Druckverschlussbeutels 180 x 250 mm, 100 St\u00fcck<\/h3>\n<p><!--more--><\/p>\n<p data-start=\"233\" data-end=\"583\">Wenn das Format etwas gr\u00f6\u00dfer wird, erweitern sich auch die M\u00f6glichkeiten. Der <strong data-start=\"303\" data-end=\"340\">neutrale BD-Zip-Beutel 180 x 250 mm<\/strong> ist ideal, um <strong>mittelgro\u00dfe Gegenst\u00e4nde<\/strong> zu sammeln, zu sch\u00fctzen und zu organisieren, ohne an Einfachheit einzub\u00fc\u00dfen. Dank seines <strong data-start=\"456\" data-end=\"480\">Druckverschlusses<\/strong> bleibt der Inhalt sicher an seinem Platz und ist dennoch leicht zug\u00e4nglich. Einfach \u00f6ffnen, schlie\u00dfen \u2013 fertig.   <\/p>\n<p data-start=\"585\" data-end=\"979\">Seine <strong>Transparenz<\/strong> erm\u00f6glicht es, den Inhalt sofort zu erkennen, was im Alltag Zeit spart. Keine komplizierten Etiketten oder unn\u00f6tigen Handgriffe mehr. Und um die Organisation noch weiter zu optimieren.  <\/p>\n<p data-start=\"981\" data-end=\"1329\">Mit seinen Ma\u00dfen von <strong>180 x 250 mm<\/strong> eignet sich dieser <strong>Zip-Beutel<\/strong> perfekt f\u00fcr <strong>Ersatzteile, Zubeh\u00f6r, gefaltete Dokumente, Muster, technische Produkte oder Kleinartikel f\u00fcr den Vertrieb<\/strong>. Der Kunststoff ist flexibel, aber robust genug, um wiederholter Handhabung standzuhalten und den Inhalt vor Staub und leichten Verschmutzungen zu sch\u00fctzen. <\/p>\n<p data-start=\"1331\" data-end=\"1565\"><strong data-start=\"1337\" data-end=\"1355\">Im 100er-Pack<\/strong> verkauft, l\u00e4sst er sich leicht in professionelle wie auch private Organisationen integrieren. Ob in Werkst\u00e4tten, Lagern, B\u00fcros, Laboren oder sogar zu Hause \u2013 er findet schnell seinen Platz \u00fcberall dort, wo Ordnung unerl\u00e4sslich ist. <\/p>\n<p data-start=\"1567\" data-end=\"1740\">Kurz gesagt, ist dieser <strong>Zip-Beutel<\/strong> eine einfache, effiziente und vielseitige L\u00f6sung, um Ihre Produkte gut gesch\u00fctzt und perfekt gekennzeichnet zu halten, ohne Zeit oder Energie zu verschwenden.<\/p>\n<p data-start=\"1630\" data-end=\"1760\"><!--more--><\/p>\n<h4 data-start=\"1608\" data-end=\"1777\">Vorteile :<\/h4>\n<ul>\n<li data-start=\"1788\" data-end=\"1844\"><strong>Neues LDPE<\/strong>, flexibel und widerstandsf\u00e4hig.<\/li>\n<li data-start=\"1847\" data-end=\"1897\"><strong>Zuverl\u00e4ssiger Druckverschluss<\/strong> und einfach zu handhaben.<\/li>\n<li data-start=\"1900\" data-end=\"1935\">Kompaktes Format f\u00fcr kleine Gegenst\u00e4nde.<\/li>\n<li data-start=\"1938\" data-end=\"1976\">Transparenz f\u00fcr schnelle Identifizierung.<\/li>\n<li data-start=\"1979\" data-end=\"2016\"><strong>50 \u00b5 St\u00e4rke<\/strong> f\u00fcr gute Stabilit\u00e4t.<\/li>\n<li data-start=\"2019\" data-end=\"2054\">Praktisches und kosteng\u00fcnstiges <strong>100er-Set<\/strong>.<\/li>\n<\/ul>\n<p>&nbsp;<\/p>\n<p><!--more--><\/p>\n<h4>Weitere Informationen :<\/h4>\n<ul>\n<li><strong>Verpackung<\/strong>: Packung mit 100 St\u00fcck<\/li>\n<li><strong>Ma\u00dfe<\/strong>: 180 x 250 mm<\/li>\n<li><strong>Farbe<\/strong>: Farblos<\/li>\n<li><strong>St\u00e4rke<\/strong>: 50 \u00b5<\/li>\n<li><b>Material<\/b>: Neues LDPE<\/li>\n<\/ul>\n<p>&nbsp;<\/p>\n<p><!--more--><\/p>\n<p>Dieser Zip-Beutel ist in verschiedenen Gr\u00f6\u00dfen erh\u00e4ltlich: <span style=\"color: #d12727;\"><a style=\"color: #d12727;\" href=\"https:\/\/www.csj-emballages.com\/pt-pt\/produit\/100-sacos-neutros-bd-com-fecho-de-pressao-40-x-60-mm\/\">40 x 60 mm<\/a><\/span> \/ <span style=\"color: #d12727;\"><a style=\"color: #d12727;\" href=\"https:\/\/www.csj-emballages.com\/pt-pt\/produit\/100-sacos-neutros-bd-com-fecho-de-pressao-60-x-80-mm\/\">60 x 80 mm<\/a><\/span> \/ <span style=\"color: #d12727;\"><a style=\"color: #d12727;\" href=\"https:\/\/www.csj-emballages.com\/pt-pt\/produit\/100-sacos-neutros-bd-com-fecho-de-pressao-80-x-120-mm\/\">80 x 120 mm<\/a><\/span> \/ <span style=\"color: #d12727;\"><a style=\"color: #d12727;\" href=\"https:\/\/www.csj-emballages.com\/pt-pt\/produit\/100-sacos-neutros-bd-com-fecho-de-pressao-100-x-150-mm\/\">100 x 150 mm<\/a><\/span> \/ <span style=\"color: #d12727;\"><a style=\"color: #d12727;\" href=\"https:\/\/www.csj-emballages.com\/pt-pt\/produit\/100-sacos-neutros-bd-com-fecho-de-pressao-250-x-350-mm\/\">250 x 350 mm<\/a><\/span><\/p>\n<p>&nbsp;<\/p>\n<p><!--more--><\/p>\n<p><a href=\"https:\/\/www.csj-emballages.com\/de\/categorie-produit\/lebensmittelverpackungen\/boutique-und-geschaft\/sacke-beutel\/zip-druckverschlussbeutel\/\">Entdecken Sie unser gesamtes Sortiment an ZIP-Druckverschlussbeuteln<\/a><\/p>\n<p>&nbsp;<\/p>\n<p>&nbsp;<\/p>\n","protected":false},"excerpt":{"rendered":"<p>Zip-Beutel Beschreibung unseres neutralen BD-Druckverschlussbeutels 180 x 250 mm, 100 St\u00fcck<\/p>\n","protected":false},"featured_media":260498,"template":"","meta":{"_acf_changed":false},"product_brand":[],"product_cat":[1487,1489],"product_tag":[],"class_list":{"0":"post-17604","1":"product","2":"type-product","3":"status-publish","4":"has-post-thumbnail","6":"product_cat-boutique-und-geschaft","7":"product_cat-zip-druckverschlussbeutel","9":"first","10":"instock","11":"taxable","12":"shipping-taxable","13":"purchasable","14":"product-type-simple"},"acf":[],"yoast_head":"<!-- This site is optimized with the Yoast SEO Premium plugin v26.6 (Yoast SEO v26.6) - https:\/\/yoast.com\/wordpress\/plugins\/seo\/ -->\n<title>Neutraler BD-Zip-Beutel mit Druckverschluss 180 x 250 mm, 100 St\u00fcck<\/title>\n<meta name=\"description\" content=\"Neutraler BD-Zip-Beutel 180x250 mm mit wei\u00dfen Streifen, 100 St\u00fcck. Praktische L\u00f6sung zum einfachen Verstauen, Sch\u00fctzen und Kennzeichnen Ihrer Gegenst\u00e4nde.\" \/>\n<meta name=\"robots\" content=\"index, follow, max-snippet:-1, max-image-preview:large, max-video-preview:-1\" \/>\n<link rel=\"canonical\" href=\"https:\/\/www.csj-emballages.com\/de\/produit\/100-neutrale-beutel-bd-druckverschluss-180-x-250-mm\/\" \/>\n<meta property=\"og:locale\" content=\"de_DE\" \/>\n<meta property=\"og:type\" content=\"article\" \/>\n<meta property=\"og:title\" content=\"Neutraler BD-Druckverschlussbeutel 180 x 250 mm, 100 St\u00fcck\" \/>\n<meta property=\"og:description\" content=\"Neutraler BD-Zip-Beutel 180x250 mm mit wei\u00dfen Streifen, 100 St\u00fcck. Praktische L\u00f6sung zum einfachen Verstauen, Sch\u00fctzen und Kennzeichnen Ihrer Gegenst\u00e4nde.\" \/>\n<meta property=\"og:url\" content=\"https:\/\/www.csj-emballages.com\/de\/produit\/100-neutrale-beutel-bd-druckverschluss-180-x-250-mm\/\" \/>\n<meta property=\"og:site_name\" content=\"CSJ Emballages\" \/>\n<meta property=\"article:publisher\" content=\"https:\/\/www.facebook.com\/csjemballages\" \/>\n<meta property=\"article:modified_time\" content=\"2026-04-21T00:18:41+00:00\" \/>\n<meta property=\"og:image\" content=\"https:\/\/www.csj-emballages.com\/wp-content\/uploads\/2024\/03\/ZIP16.webp\" \/>\n\t<meta property=\"og:image:width\" content=\"800\" \/>\n\t<meta property=\"og:image:height\" content=\"800\" \/>\n\t<meta property=\"og:image:type\" content=\"image\/webp\" \/>\n<meta name=\"twitter:card\" content=\"summary_large_image\" \/>\n<meta name=\"twitter:label1\" content=\"Gesch\u00e4tzte Lesezeit\" \/>\n\t<meta name=\"twitter:data1\" content=\"2 Minuten\" \/>\n<script type=\"application\/ld+json\" class=\"yoast-schema-graph\">{\"@context\":\"https:\/\/schema.org\",\"@graph\":[{\"@type\":\"WebPage\",\"@id\":\"https:\/\/www.csj-emballages.com\/de\/produit\/100-neutrale-beutel-bd-druckverschluss-180-x-250-mm\/\",\"url\":\"https:\/\/www.csj-emballages.com\/de\/produit\/100-neutrale-beutel-bd-druckverschluss-180-x-250-mm\/\",\"name\":\"Neutraler BD-Zip-Beutel mit Druckverschluss 180 x 250 mm, 100 St\u00fcck\",\"isPartOf\":{\"@id\":\"https:\/\/www.csj-emballages.com\/de\/#website\"},\"primaryImageOfPage\":{\"@id\":\"https:\/\/www.csj-emballages.com\/de\/produit\/100-neutrale-beutel-bd-druckverschluss-180-x-250-mm\/#primaryimage\"},\"image\":{\"@id\":\"https:\/\/www.csj-emballages.com\/de\/produit\/100-neutrale-beutel-bd-druckverschluss-180-x-250-mm\/#primaryimage\"},\"thumbnailUrl\":\"https:\/\/www.csj-emballages.com\/wp-content\/uploads\/2024\/03\/ZIP16.webp\",\"datePublished\":\"2024-03-01T15:46:30+00:00\",\"dateModified\":\"2026-04-21T00:18:41+00:00\",\"description\":\"Neutraler BD-Zip-Beutel 180x250 mm mit wei\u00dfen Streifen, 100 St\u00fcck. Praktische L\u00f6sung zum einfachen Verstauen, Sch\u00fctzen und Kennzeichnen Ihrer Gegenst\u00e4nde.\",\"breadcrumb\":{\"@id\":\"https:\/\/www.csj-emballages.com\/de\/produit\/100-neutrale-beutel-bd-druckverschluss-180-x-250-mm\/#breadcrumb\"},\"inLanguage\":\"de\",\"potentialAction\":[{\"@type\":\"ReadAction\",\"target\":[\"https:\/\/www.csj-emballages.com\/de\/produit\/100-neutrale-beutel-bd-druckverschluss-180-x-250-mm\/\"]}]},{\"@type\":\"ImageObject\",\"inLanguage\":\"de\",\"@id\":\"https:\/\/www.csj-emballages.com\/de\/produit\/100-neutrale-beutel-bd-druckverschluss-180-x-250-mm\/#primaryimage\",\"url\":\"https:\/\/www.csj-emballages.com\/wp-content\/uploads\/2024\/03\/ZIP16.webp\",\"contentUrl\":\"https:\/\/www.csj-emballages.com\/wp-content\/uploads\/2024\/03\/ZIP16.webp\",\"width\":800,\"height\":800,\"caption\":\"Sachet zip\"},{\"@type\":\"BreadcrumbList\",\"@id\":\"https:\/\/www.csj-emballages.com\/de\/produit\/100-neutrale-beutel-bd-druckverschluss-180-x-250-mm\/#breadcrumb\",\"itemListElement\":[{\"@type\":\"ListItem\",\"position\":1,\"name\":\"Accueil\",\"item\":\"https:\/\/www.csj-emballages.com\/de\/universum-lebensmittelverpackungen\/\"},{\"@type\":\"ListItem\",\"position\":2,\"name\":\"Shop\",\"item\":\"https:\/\/www.csj-emballages.com\/shop\/\"},{\"@type\":\"ListItem\",\"position\":3,\"name\":\"Neutraler BD-Druckverschlussbeutel 180 x 250 mm, 100 St\u00fcck\"}]},{\"@type\":\"WebSite\",\"@id\":\"https:\/\/www.csj-emballages.com\/de\/#website\",\"url\":\"https:\/\/www.csj-emballages.com\/de\/\",\"name\":\"CSJ Emballages\",\"description\":\"\",\"publisher\":{\"@id\":\"https:\/\/www.csj-emballages.com\/de\/#organization\"},\"potentialAction\":[{\"@type\":\"SearchAction\",\"target\":{\"@type\":\"EntryPoint\",\"urlTemplate\":\"https:\/\/www.csj-emballages.com\/de\/?s={search_term_string}\"},\"query-input\":{\"@type\":\"PropertyValueSpecification\",\"valueRequired\":true,\"valueName\":\"search_term_string\"}}],\"inLanguage\":\"de\"},{\"@type\":\"Organization\",\"@id\":\"https:\/\/www.csj-emballages.com\/de\/#Organization\/\",\"name\":\"CSJ Emballages\",\"url\":\"https:\/\/www.csj-emballages.com\/de\/\",\"logo\":{\"@type\":\"ImageObject\",\"inLanguage\":\"de\",\"@id\":\"https:\/\/www.csj-emballages.com\/de\/#\/schema\/logo\/image\/\",\"url\":\"https:\/\/www.csj-emballages.com\/wp-content\/uploads\/2023\/10\/logo_csj.webp\",\"contentUrl\":\"https:\/\/www.csj-emballages.com\/wp-content\/uploads\/2023\/10\/logo_csj.webp\",\"width\":250,\"height\":95,\"caption\":\"CSJ Emballages\"},\"image\":{\"@id\":\"https:\/\/www.csj-emballages.com\/de\/#\/schema\/logo\/image\/\"},\"sameAs\":[\"https:\/\/www.facebook.com\/csjemballages\"],\"address\":{\"@type\":\"PostalAddress\",\"streetAddress\":\"ZI La Lechere\",\"addressLocality\":\"Patornay\",\"postalCode\":\"39130\",\"addressCountry\":\"FR\"},\"contactPoint\":[{\"@type\":\"ContactPoint\",\"contactType\":\"Service client\",\"telephone\":\"0384254272\",\"email\":\"contact@csj-emballages.com\"}]}]}<\/script>\n<!-- \/ Yoast SEO Premium plugin. -->","yoast_head_json":{"title":"Neutraler BD-Zip-Beutel mit Druckverschluss 180 x 250 mm, 100 St\u00fcck","description":"Neutraler BD-Zip-Beutel 180x250 mm mit wei\u00dfen Streifen, 100 St\u00fcck. Praktische L\u00f6sung zum einfachen Verstauen, Sch\u00fctzen und Kennzeichnen Ihrer Gegenst\u00e4nde.","robots":{"index":"index","follow":"follow","max-snippet":"max-snippet:-1","max-image-preview":"max-image-preview:large","max-video-preview":"max-video-preview:-1"},"canonical":"https:\/\/www.csj-emballages.com\/de\/produit\/100-neutrale-beutel-bd-druckverschluss-180-x-250-mm\/","og_locale":"de_DE","og_type":"article","og_title":"Neutraler BD-Druckverschlussbeutel 180 x 250 mm, 100 St\u00fcck","og_description":"Neutraler BD-Zip-Beutel 180x250 mm mit wei\u00dfen Streifen, 100 St\u00fcck. Praktische L\u00f6sung zum einfachen Verstauen, Sch\u00fctzen und Kennzeichnen Ihrer Gegenst\u00e4nde.","og_url":"https:\/\/www.csj-emballages.com\/de\/produit\/100-neutrale-beutel-bd-druckverschluss-180-x-250-mm\/","og_site_name":"CSJ Emballages","article_publisher":"https:\/\/www.facebook.com\/csjemballages","article_modified_time":"2026-04-21T00:18:41+00:00","og_image":[{"width":800,"height":800,"url":"https:\/\/www.csj-emballages.com\/wp-content\/uploads\/2024\/03\/ZIP16.webp","type":"image\/webp"}],"twitter_card":"summary_large_image","twitter_misc":{"Gesch\u00e4tzte Lesezeit":"2 Minuten"},"schema":{"@context":"https:\/\/schema.org","@graph":[{"@type":"WebPage","@id":"https:\/\/www.csj-emballages.com\/de\/produit\/100-neutrale-beutel-bd-druckverschluss-180-x-250-mm\/","url":"https:\/\/www.csj-emballages.com\/de\/produit\/100-neutrale-beutel-bd-druckverschluss-180-x-250-mm\/","name":"Neutraler BD-Zip-Beutel mit Druckverschluss 180 x 250 mm, 100 St\u00fcck","isPartOf":{"@id":"https:\/\/www.csj-emballages.com\/de\/#website"},"primaryImageOfPage":{"@id":"https:\/\/www.csj-emballages.com\/de\/produit\/100-neutrale-beutel-bd-druckverschluss-180-x-250-mm\/#primaryimage"},"image":{"@id":"https:\/\/www.csj-emballages.com\/de\/produit\/100-neutrale-beutel-bd-druckverschluss-180-x-250-mm\/#primaryimage"},"thumbnailUrl":"https:\/\/www.csj-emballages.com\/wp-content\/uploads\/2024\/03\/ZIP16.webp","datePublished":"2024-03-01T15:46:30+00:00","dateModified":"2026-04-21T00:18:41+00:00","description":"Neutraler BD-Zip-Beutel 180x250 mm mit wei\u00dfen Streifen, 100 St\u00fcck. Praktische L\u00f6sung zum einfachen Verstauen, Sch\u00fctzen und Kennzeichnen Ihrer Gegenst\u00e4nde.","breadcrumb":{"@id":"https:\/\/www.csj-emballages.com\/de\/produit\/100-neutrale-beutel-bd-druckverschluss-180-x-250-mm\/#breadcrumb"},"inLanguage":"de","potentialAction":[{"@type":"ReadAction","target":["https:\/\/www.csj-emballages.com\/de\/produit\/100-neutrale-beutel-bd-druckverschluss-180-x-250-mm\/"]}]},{"@type":"ImageObject","inLanguage":"de","@id":"https:\/\/www.csj-emballages.com\/de\/produit\/100-neutrale-beutel-bd-druckverschluss-180-x-250-mm\/#primaryimage","url":"https:\/\/www.csj-emballages.com\/wp-content\/uploads\/2024\/03\/ZIP16.webp","contentUrl":"https:\/\/www.csj-emballages.com\/wp-content\/uploads\/2024\/03\/ZIP16.webp","width":800,"height":800,"caption":"Sachet zip"},{"@type":"BreadcrumbList","@id":"https:\/\/www.csj-emballages.com\/de\/produit\/100-neutrale-beutel-bd-druckverschluss-180-x-250-mm\/#breadcrumb","itemListElement":[{"@type":"ListItem","position":1,"name":"Accueil","item":"https:\/\/www.csj-emballages.com\/de\/universum-lebensmittelverpackungen\/"},{"@type":"ListItem","position":2,"name":"Shop","item":"https:\/\/www.csj-emballages.com\/shop\/"},{"@type":"ListItem","position":3,"name":"Neutraler BD-Druckverschlussbeutel 180 x 250 mm, 100 St\u00fcck"}]},{"@type":"WebSite","@id":"https:\/\/www.csj-emballages.com\/de\/#website","url":"https:\/\/www.csj-emballages.com\/de\/","name":"CSJ Emballages","description":"","publisher":{"@id":"https:\/\/www.csj-emballages.com\/de\/#organization"},"potentialAction":[{"@type":"SearchAction","target":{"@type":"EntryPoint","urlTemplate":"https:\/\/www.csj-emballages.com\/de\/?s={search_term_string}"},"query-input":{"@type":"PropertyValueSpecification","valueRequired":true,"valueName":"search_term_string"}}],"inLanguage":"de"},{"@type":"Organization","@id":"https:\/\/www.csj-emballages.com\/de\/#Organization\/","name":"CSJ Emballages","url":"https:\/\/www.csj-emballages.com\/de\/","logo":{"@type":"ImageObject","inLanguage":"de","@id":"https:\/\/www.csj-emballages.com\/de\/#\/schema\/logo\/image\/","url":"https:\/\/www.csj-emballages.com\/wp-content\/uploads\/2023\/10\/logo_csj.webp","contentUrl":"https:\/\/www.csj-emballages.com\/wp-content\/uploads\/2023\/10\/logo_csj.webp","width":250,"height":95,"caption":"CSJ Emballages"},"image":{"@id":"https:\/\/www.csj-emballages.com\/de\/#\/schema\/logo\/image\/"},"sameAs":["https:\/\/www.facebook.com\/csjemballages"],"address":{"@type":"PostalAddress","streetAddress":"ZI La Lechere","addressLocality":"Patornay","postalCode":"39130","addressCountry":"FR"},"contactPoint":[{"@type":"ContactPoint","contactType":"Service client","telephone":"0384254272","email":"contact@csj-emballages.com"}]}]}},"df_price":3.36,"df_sale_price":"","df_regular_price":3.36,"df_image_link":"https:\/\/www.csj-emballages.com\/wp-content\/uploads\/2024\/03\/ZIP16-300x300.webp","tiered_pricing_type":"fixed","tiered_pricing_fixed_rules":[],"tiered_pricing_percentage_rules":[],"tiered_pricing_minimum":1,"tiered_pricing_roles_data":[],"_links":{"self":[{"href":"https:\/\/www.csj-emballages.com\/de\/wp-json\/wp\/v2\/product\/17604","targetHints":{"allow":["GET"]}}],"collection":[{"href":"https:\/\/www.csj-emballages.com\/de\/wp-json\/wp\/v2\/product"}],"about":[{"href":"https:\/\/www.csj-emballages.com\/de\/wp-json\/wp\/v2\/types\/product"}],"wp:featuredmedia":[{"embeddable":true,"href":"https:\/\/www.csj-emballages.com\/de\/wp-json\/wp\/v2\/media\/260498"}],"wp:attachment":[{"href":"https:\/\/www.csj-emballages.com\/de\/wp-json\/wp\/v2\/media?parent=17604"}],"wp:term":[{"taxonomy":"product_brand","embeddable":true,"href":"https:\/\/www.csj-emballages.com\/de\/wp-json\/wp\/v2\/product_brand?post=17604"},{"taxonomy":"product_cat","embeddable":true,"href":"https:\/\/www.csj-emballages.com\/de\/wp-json\/wp\/v2\/product_cat?post=17604"},{"taxonomy":"product_tag","embeddable":true,"href":"https:\/\/www.csj-emballages.com\/de\/wp-json\/wp\/v2\/product_tag?post=17604"}],"curies":[{"name":"wp","href":"https:\/\/api.w.org\/{rel}","templated":true}]}}