{"id":17593,"date":"2024-03-01T16:46:31","date_gmt":"2024-03-01T15:46:31","guid":{"rendered":"https:\/\/u15jnbdpoq.preview.infomaniak.website\/produit\/100-neutrale-beutel-bd-druckverschluss-60-x-80-mm\/"},"modified":"2026-04-03T02:23:35","modified_gmt":"2026-04-03T00:23:35","slug":"100-neutrale-beutel-bd-druckverschluss-60-x-80-mm","status":"publish","type":"product","link":"https:\/\/www.csj-emballages.com\/de\/produit\/100-neutrale-beutel-bd-druckverschluss-60-x-80-mm\/","title":{"rendered":"Neutraler BD-Druckverschlussbeutel 60 x 80 mm, 100 St\u00fcck"},"content":{"rendered":"<h2>Zip-Beutel<\/h2>\n<hr>\n<h3>Beschreibung unseres neutralen BD-Druckverschlussbeutels 60 x 80 mm, 100 St\u00fcck<\/h3>\n<p><!--more--><\/p>\n<p data-start=\"255\" data-end=\"627\">Wenn Sie kleine Gegenst\u00e4nde unkompliziert sch\u00fctzen m\u00f6chten, ist dieser <strong data-start=\"334\" data-end=\"366\">neutrale Zip-Beutel 60 x 80 mm<\/strong> die ideale L\u00f6sung. Hergestellt aus <strong data-start=\"403\" data-end=\"440\">jungfr\u00e4ulichem Polyethylen niedriger Dichte<\/strong>, bietet er gute Flexibilit\u00e4t und ist gleichzeitig widerstandsf\u00e4hig genug f\u00fcr den t\u00e4glichen Gebrauch. Sie k\u00f6nnen ihn mehrfach handhaben, \u00f6ffnen und wieder verschlie\u00dfen, ohne dass er rei\u00dft.  <\/p>\n<p data-start=\"629\" data-end=\"1015\">Dank seines <strong data-start=\"640\" data-end=\"664\">Druckverschlusses<\/strong> bleibt der Inhalt sicher an seinem Platz. Ein einfacher Druck gen\u00fcgt, um ihn korrekt zu verschlie\u00dfen, was sehr praktisch ist, wenn Sie schnell arbeiten oder eine zuverl\u00e4ssige Verpackung ohne zus\u00e4tzliches Zubeh\u00f6r ben\u00f6tigen. Ebenso erm\u00f6glicht seine <strong data-start=\"896\" data-end=\"912\">Transparenz<\/strong>, den Inhalt sofort zu identifizieren, was Fehler vermeidet und Zeit spart.  <\/p>\n<p data-start=\"1017\" data-end=\"1376\">Sein <strong data-start=\"1021\" data-end=\"1050\">kompaktes Format von 60 x 80 mm<\/strong> ist ideal zum Verpacken kleiner Teile wie <strong>Schrauben, elektronische Bauteile, Schmuck, Perlen, Muster oder trockene Produkte<\/strong> in <strong>kleinen Mengen<\/strong>. Die <strong data-start=\"1206\" data-end=\"1233\">St\u00e4rke von 50 Mikron<\/strong> bietet eine gute Balance zwischen Leichtigkeit und Robustheit, wodurch der Beutel sowohl f\u00fcr den professionellen als auch f\u00fcr den privaten Gebrauch geeignet ist. <\/p>\n<p data-start=\"1378\" data-end=\"1628\">Verkauft <strong data-start=\"1384\" data-end=\"1402\">im 100er-Pack<\/strong>, erm\u00f6glicht er eine einfache Organisation, ohne den Lagerplatz zu \u00fcberladen. Diskret, <strong>neutral und vielseitig<\/strong>, eignet sich dieser <strong>Zip-Beutel<\/strong> f\u00fcr viele Branchen: Handel, Werkstatt, Labor, Logistik oder die einfache t\u00e4gliche Aufbewahrung. <\/p>\n<p data-start=\"1630\" data-end=\"1760\">Zusammenfassend ist er ein kleines, einfaches, aber unverzichtbares Zubeh\u00f6r, das die Organisation erleichtert und Ihre Produkte m\u00fchelos sichert.<\/p>\n<p data-start=\"1630\" data-end=\"1760\"><!--more--><\/p>\n<h4 data-start=\"1608\" data-end=\"1777\">Vorteile :<\/h4>\n<ul>\n<li data-start=\"1788\" data-end=\"1844\"><strong>Neues LDPE<\/strong>, flexibel und widerstandsf\u00e4hig.<\/li>\n<li data-start=\"1847\" data-end=\"1897\"><strong>Zuverl\u00e4ssiger Druckverschluss<\/strong> und einfach zu handhaben.<\/li>\n<li data-start=\"1900\" data-end=\"1935\">Kompaktes Format f\u00fcr kleine Gegenst\u00e4nde.<\/li>\n<li data-start=\"1938\" data-end=\"1976\">Transparenz f\u00fcr schnelle Identifizierung.<\/li>\n<li data-start=\"1979\" data-end=\"2016\"><strong>50 \u00b5 St\u00e4rke<\/strong> f\u00fcr gute Stabilit\u00e4t.<\/li>\n<li data-start=\"2019\" data-end=\"2054\">Praktisches und kosteng\u00fcnstiges <strong>100er-Set<\/strong>.<\/li>\n<\/ul>\n<p>&nbsp;<\/p>\n<p><!--more--><\/p>\n<h4>Weitere Informationen :<\/h4>\n<ul>\n<li><strong>Verpackung<\/strong>: Packung mit 100 St\u00fcck<\/li>\n<li><strong>Abmessungen<\/strong>: 60 x 80 mm<\/li>\n<li><strong>Farbe<\/strong>: Farblos<\/li>\n<li><strong>St\u00e4rke<\/strong>: 50 \u00b5<\/li>\n<li><b>Material<\/b>: Neues LDPE<\/li>\n<\/ul>\n<p>&nbsp;<\/p>\n<p><!--more--><\/p>\n<p>Dieser Zip-Beutel ist in verschiedenen Gr\u00f6\u00dfen erh\u00e4ltlich: <span style=\"color: #d12727;\"><a style=\"color: #d12727;\" href=\"https:\/\/www.csj-emballages.com\/es\/produit\/100-bolsas-neutras-bd-con-cierre-a-presion-40-x-60-mm\/\">40 x 60 mm<\/a><\/span> \/ <span style=\"color: #d12727;\"><a style=\"color: #d12727;\" href=\"https:\/\/www.csj-emballages.com\/es\/produit\/100-bolsas-neutras-bd-con-cierre-a-presion-80-x-120-mm\/\">80 x 120 mm<\/a><\/span> \/ <span style=\"color: #d12727;\"><a style=\"color: #d12727;\" href=\"https:\/\/www.csj-emballages.com\/es\/produit\/100-bolsas-neutras-bd-con-cierre-a-presion-100-x-150-mm\/\">100 x 150 mm<\/a><\/span> \/ <span style=\"color: #d12727;\"><a style=\"color: #d12727;\" href=\"https:\/\/www.csj-emballages.com\/es\/produit\/100-bolsas-neutras-bd-con-cierre-a-presion-180-x-250-mm\/\">180 x 250 mm<\/a><\/span> \/ <span style=\"color: #d12727;\"><a style=\"color: #d12727;\" href=\"https:\/\/www.csj-emballages.com\/es\/produit\/100-bolsas-neutras-bd-con-cierre-a-presion-250-x-350-mm\/\">250 x 350 mm<\/a><\/span><\/p>\n<p>&nbsp;<\/p>\n<p><!--more--><\/p>\n<p><a href=\"https:\/\/www.csj-emballages.com\/de\/categorie-produit\/lebensmittelverpackungen\/boutique-und-geschaft\/sacke-beutel\/zip-druckverschlussbeutel\/\">Entdecken Sie unser gesamtes Sortiment an ZIP-Druckverschlussbeuteln<\/a><\/p>\n<p>&nbsp;<\/p>\n<p>&nbsp;<\/p>\n","protected":false},"excerpt":{"rendered":"<p>Zip-Beutel Beschreibung unseres neutralen BD-Druckverschlussbeutels 60 x 80 mm, 100 St\u00fcck<\/p>\n","protected":false},"featured_media":260476,"template":"","meta":{"_acf_changed":false},"product_brand":[],"product_cat":[1487,1489],"product_tag":[],"class_list":{"0":"post-17593","1":"product","2":"type-product","3":"status-publish","4":"has-post-thumbnail","6":"product_cat-boutique-und-geschaft","7":"product_cat-zip-druckverschlussbeutel","9":"first","10":"instock","11":"taxable","12":"shipping-taxable","13":"purchasable","14":"product-type-simple"},"acf":[],"yoast_head":"<!-- This site is optimized with the Yoast SEO Premium plugin v26.6 (Yoast SEO v26.6) - https:\/\/yoast.com\/wordpress\/plugins\/seo\/ -->\n<title>Neutraler BD-Druckverschlussbeutel 60 x 80 mm, 100 St\u00fcck<\/title>\n<meta name=\"description\" content=\"Neutraler Zip-Beutel 60x80 mm aus jungfr\u00e4ulichem BD-Polyethylen, 50 \u00b5m stark. Mit zuverl\u00e4ssigem Druckverschluss, im 100er-Pack f\u00fcr einfache und effiziente Lagerung.\" \/>\n<meta name=\"robots\" content=\"index, follow, max-snippet:-1, max-image-preview:large, max-video-preview:-1\" \/>\n<link rel=\"canonical\" href=\"https:\/\/www.csj-emballages.com\/de\/produit\/100-neutrale-beutel-bd-druckverschluss-60-x-80-mm\/\" \/>\n<meta property=\"og:locale\" content=\"de_DE\" \/>\n<meta property=\"og:type\" content=\"article\" \/>\n<meta property=\"og:title\" content=\"Neutraler BD-Druckverschlussbeutel 60 x 80 mm, 100 St\u00fcck\" \/>\n<meta property=\"og:description\" content=\"Neutraler Zip-Beutel 60x80 mm aus jungfr\u00e4ulichem BD-Polyethylen, 50 \u00b5m stark. Mit zuverl\u00e4ssigem Druckverschluss, im 100er-Pack f\u00fcr einfache und effiziente Lagerung.\" \/>\n<meta property=\"og:url\" content=\"https:\/\/www.csj-emballages.com\/de\/produit\/100-neutrale-beutel-bd-druckverschluss-60-x-80-mm\/\" \/>\n<meta property=\"og:site_name\" content=\"CSJ Emballages\" \/>\n<meta property=\"article:publisher\" content=\"https:\/\/www.facebook.com\/csjemballages\" \/>\n<meta property=\"article:modified_time\" content=\"2026-04-03T00:23:35+00:00\" \/>\n<meta property=\"og:image\" content=\"https:\/\/www.csj-emballages.com\/wp-content\/uploads\/2024\/03\/ZIP04.webp\" \/>\n\t<meta property=\"og:image:width\" content=\"800\" \/>\n\t<meta property=\"og:image:height\" content=\"800\" \/>\n\t<meta property=\"og:image:type\" content=\"image\/webp\" \/>\n<meta name=\"twitter:card\" content=\"summary_large_image\" \/>\n<meta name=\"twitter:label1\" content=\"Gesch\u00e4tzte Lesezeit\" \/>\n\t<meta name=\"twitter:data1\" content=\"2 Minuten\" \/>\n<script type=\"application\/ld+json\" class=\"yoast-schema-graph\">{\"@context\":\"https:\/\/schema.org\",\"@graph\":[{\"@type\":\"WebPage\",\"@id\":\"https:\/\/www.csj-emballages.com\/de\/produit\/100-neutrale-beutel-bd-druckverschluss-60-x-80-mm\/\",\"url\":\"https:\/\/www.csj-emballages.com\/de\/produit\/100-neutrale-beutel-bd-druckverschluss-60-x-80-mm\/\",\"name\":\"Neutraler BD-Druckverschlussbeutel 60 x 80 mm, 100 St\u00fcck\",\"isPartOf\":{\"@id\":\"https:\/\/www.csj-emballages.com\/de\/#website\"},\"primaryImageOfPage\":{\"@id\":\"https:\/\/www.csj-emballages.com\/de\/produit\/100-neutrale-beutel-bd-druckverschluss-60-x-80-mm\/#primaryimage\"},\"image\":{\"@id\":\"https:\/\/www.csj-emballages.com\/de\/produit\/100-neutrale-beutel-bd-druckverschluss-60-x-80-mm\/#primaryimage\"},\"thumbnailUrl\":\"https:\/\/www.csj-emballages.com\/wp-content\/uploads\/2024\/03\/ZIP04.webp\",\"datePublished\":\"2024-03-01T15:46:31+00:00\",\"dateModified\":\"2026-04-03T00:23:35+00:00\",\"description\":\"Neutraler Zip-Beutel 60x80 mm aus jungfr\u00e4ulichem BD-Polyethylen, 50 \u00b5m stark. Mit zuverl\u00e4ssigem Druckverschluss, im 100er-Pack f\u00fcr einfache und effiziente Lagerung.\",\"breadcrumb\":{\"@id\":\"https:\/\/www.csj-emballages.com\/de\/produit\/100-neutrale-beutel-bd-druckverschluss-60-x-80-mm\/#breadcrumb\"},\"inLanguage\":\"de\",\"potentialAction\":[{\"@type\":\"ReadAction\",\"target\":[\"https:\/\/www.csj-emballages.com\/de\/produit\/100-neutrale-beutel-bd-druckverschluss-60-x-80-mm\/\"]}]},{\"@type\":\"ImageObject\",\"inLanguage\":\"de\",\"@id\":\"https:\/\/www.csj-emballages.com\/de\/produit\/100-neutrale-beutel-bd-druckverschluss-60-x-80-mm\/#primaryimage\",\"url\":\"https:\/\/www.csj-emballages.com\/wp-content\/uploads\/2024\/03\/ZIP04.webp\",\"contentUrl\":\"https:\/\/www.csj-emballages.com\/wp-content\/uploads\/2024\/03\/ZIP04.webp\",\"width\":800,\"height\":800,\"caption\":\"Sachet zip\"},{\"@type\":\"BreadcrumbList\",\"@id\":\"https:\/\/www.csj-emballages.com\/de\/produit\/100-neutrale-beutel-bd-druckverschluss-60-x-80-mm\/#breadcrumb\",\"itemListElement\":[{\"@type\":\"ListItem\",\"position\":1,\"name\":\"Accueil\",\"item\":\"https:\/\/www.csj-emballages.com\/de\/universum-lebensmittelverpackungen\/\"},{\"@type\":\"ListItem\",\"position\":2,\"name\":\"Shop\",\"item\":\"https:\/\/www.csj-emballages.com\/shop\/\"},{\"@type\":\"ListItem\",\"position\":3,\"name\":\"Neutraler BD-Druckverschlussbeutel 60 x 80 mm, 100 St\u00fcck\"}]},{\"@type\":\"WebSite\",\"@id\":\"https:\/\/www.csj-emballages.com\/de\/#website\",\"url\":\"https:\/\/www.csj-emballages.com\/de\/\",\"name\":\"CSJ Emballages\",\"description\":\"\",\"publisher\":{\"@id\":\"https:\/\/www.csj-emballages.com\/de\/#organization\"},\"potentialAction\":[{\"@type\":\"SearchAction\",\"target\":{\"@type\":\"EntryPoint\",\"urlTemplate\":\"https:\/\/www.csj-emballages.com\/de\/?s={search_term_string}\"},\"query-input\":{\"@type\":\"PropertyValueSpecification\",\"valueRequired\":true,\"valueName\":\"search_term_string\"}}],\"inLanguage\":\"de\"},{\"@type\":\"Organization\",\"@id\":\"https:\/\/www.csj-emballages.com\/de\/#Organization\/\",\"name\":\"CSJ Emballages\",\"url\":\"https:\/\/www.csj-emballages.com\/de\/\",\"logo\":{\"@type\":\"ImageObject\",\"inLanguage\":\"de\",\"@id\":\"https:\/\/www.csj-emballages.com\/de\/#\/schema\/logo\/image\/\",\"url\":\"https:\/\/www.csj-emballages.com\/wp-content\/uploads\/2023\/10\/logo_csj.webp\",\"contentUrl\":\"https:\/\/www.csj-emballages.com\/wp-content\/uploads\/2023\/10\/logo_csj.webp\",\"width\":250,\"height\":95,\"caption\":\"CSJ Emballages\"},\"image\":{\"@id\":\"https:\/\/www.csj-emballages.com\/de\/#\/schema\/logo\/image\/\"},\"sameAs\":[\"https:\/\/www.facebook.com\/csjemballages\"],\"address\":{\"@type\":\"PostalAddress\",\"streetAddress\":\"ZI La Lechere\",\"addressLocality\":\"Patornay\",\"postalCode\":\"39130\",\"addressCountry\":\"FR\"},\"contactPoint\":[{\"@type\":\"ContactPoint\",\"contactType\":\"Service client\",\"telephone\":\"0384254272\",\"email\":\"contact@csj-emballages.com\"}]}]}<\/script>\n<!-- \/ Yoast SEO Premium plugin. -->","yoast_head_json":{"title":"Neutraler BD-Druckverschlussbeutel 60 x 80 mm, 100 St\u00fcck","description":"Neutraler Zip-Beutel 60x80 mm aus jungfr\u00e4ulichem BD-Polyethylen, 50 \u00b5m stark. Mit zuverl\u00e4ssigem Druckverschluss, im 100er-Pack f\u00fcr einfache und effiziente Lagerung.","robots":{"index":"index","follow":"follow","max-snippet":"max-snippet:-1","max-image-preview":"max-image-preview:large","max-video-preview":"max-video-preview:-1"},"canonical":"https:\/\/www.csj-emballages.com\/de\/produit\/100-neutrale-beutel-bd-druckverschluss-60-x-80-mm\/","og_locale":"de_DE","og_type":"article","og_title":"Neutraler BD-Druckverschlussbeutel 60 x 80 mm, 100 St\u00fcck","og_description":"Neutraler Zip-Beutel 60x80 mm aus jungfr\u00e4ulichem BD-Polyethylen, 50 \u00b5m stark. Mit zuverl\u00e4ssigem Druckverschluss, im 100er-Pack f\u00fcr einfache und effiziente Lagerung.","og_url":"https:\/\/www.csj-emballages.com\/de\/produit\/100-neutrale-beutel-bd-druckverschluss-60-x-80-mm\/","og_site_name":"CSJ Emballages","article_publisher":"https:\/\/www.facebook.com\/csjemballages","article_modified_time":"2026-04-03T00:23:35+00:00","og_image":[{"width":800,"height":800,"url":"https:\/\/www.csj-emballages.com\/wp-content\/uploads\/2024\/03\/ZIP04.webp","type":"image\/webp"}],"twitter_card":"summary_large_image","twitter_misc":{"Gesch\u00e4tzte Lesezeit":"2 Minuten"},"schema":{"@context":"https:\/\/schema.org","@graph":[{"@type":"WebPage","@id":"https:\/\/www.csj-emballages.com\/de\/produit\/100-neutrale-beutel-bd-druckverschluss-60-x-80-mm\/","url":"https:\/\/www.csj-emballages.com\/de\/produit\/100-neutrale-beutel-bd-druckverschluss-60-x-80-mm\/","name":"Neutraler BD-Druckverschlussbeutel 60 x 80 mm, 100 St\u00fcck","isPartOf":{"@id":"https:\/\/www.csj-emballages.com\/de\/#website"},"primaryImageOfPage":{"@id":"https:\/\/www.csj-emballages.com\/de\/produit\/100-neutrale-beutel-bd-druckverschluss-60-x-80-mm\/#primaryimage"},"image":{"@id":"https:\/\/www.csj-emballages.com\/de\/produit\/100-neutrale-beutel-bd-druckverschluss-60-x-80-mm\/#primaryimage"},"thumbnailUrl":"https:\/\/www.csj-emballages.com\/wp-content\/uploads\/2024\/03\/ZIP04.webp","datePublished":"2024-03-01T15:46:31+00:00","dateModified":"2026-04-03T00:23:35+00:00","description":"Neutraler Zip-Beutel 60x80 mm aus jungfr\u00e4ulichem BD-Polyethylen, 50 \u00b5m stark. Mit zuverl\u00e4ssigem Druckverschluss, im 100er-Pack f\u00fcr einfache und effiziente Lagerung.","breadcrumb":{"@id":"https:\/\/www.csj-emballages.com\/de\/produit\/100-neutrale-beutel-bd-druckverschluss-60-x-80-mm\/#breadcrumb"},"inLanguage":"de","potentialAction":[{"@type":"ReadAction","target":["https:\/\/www.csj-emballages.com\/de\/produit\/100-neutrale-beutel-bd-druckverschluss-60-x-80-mm\/"]}]},{"@type":"ImageObject","inLanguage":"de","@id":"https:\/\/www.csj-emballages.com\/de\/produit\/100-neutrale-beutel-bd-druckverschluss-60-x-80-mm\/#primaryimage","url":"https:\/\/www.csj-emballages.com\/wp-content\/uploads\/2024\/03\/ZIP04.webp","contentUrl":"https:\/\/www.csj-emballages.com\/wp-content\/uploads\/2024\/03\/ZIP04.webp","width":800,"height":800,"caption":"Sachet zip"},{"@type":"BreadcrumbList","@id":"https:\/\/www.csj-emballages.com\/de\/produit\/100-neutrale-beutel-bd-druckverschluss-60-x-80-mm\/#breadcrumb","itemListElement":[{"@type":"ListItem","position":1,"name":"Accueil","item":"https:\/\/www.csj-emballages.com\/de\/universum-lebensmittelverpackungen\/"},{"@type":"ListItem","position":2,"name":"Shop","item":"https:\/\/www.csj-emballages.com\/shop\/"},{"@type":"ListItem","position":3,"name":"Neutraler BD-Druckverschlussbeutel 60 x 80 mm, 100 St\u00fcck"}]},{"@type":"WebSite","@id":"https:\/\/www.csj-emballages.com\/de\/#website","url":"https:\/\/www.csj-emballages.com\/de\/","name":"CSJ Emballages","description":"","publisher":{"@id":"https:\/\/www.csj-emballages.com\/de\/#organization"},"potentialAction":[{"@type":"SearchAction","target":{"@type":"EntryPoint","urlTemplate":"https:\/\/www.csj-emballages.com\/de\/?s={search_term_string}"},"query-input":{"@type":"PropertyValueSpecification","valueRequired":true,"valueName":"search_term_string"}}],"inLanguage":"de"},{"@type":"Organization","@id":"https:\/\/www.csj-emballages.com\/de\/#Organization\/","name":"CSJ Emballages","url":"https:\/\/www.csj-emballages.com\/de\/","logo":{"@type":"ImageObject","inLanguage":"de","@id":"https:\/\/www.csj-emballages.com\/de\/#\/schema\/logo\/image\/","url":"https:\/\/www.csj-emballages.com\/wp-content\/uploads\/2023\/10\/logo_csj.webp","contentUrl":"https:\/\/www.csj-emballages.com\/wp-content\/uploads\/2023\/10\/logo_csj.webp","width":250,"height":95,"caption":"CSJ Emballages"},"image":{"@id":"https:\/\/www.csj-emballages.com\/de\/#\/schema\/logo\/image\/"},"sameAs":["https:\/\/www.facebook.com\/csjemballages"],"address":{"@type":"PostalAddress","streetAddress":"ZI La Lechere","addressLocality":"Patornay","postalCode":"39130","addressCountry":"FR"},"contactPoint":[{"@type":"ContactPoint","contactType":"Service client","telephone":"0384254272","email":"contact@csj-emballages.com"}]}]}},"df_price":0.54,"df_sale_price":"","df_regular_price":0.54,"df_image_link":"https:\/\/www.csj-emballages.com\/wp-content\/uploads\/2024\/03\/ZIP04-300x300.webp","tiered_pricing_type":"fixed","tiered_pricing_fixed_rules":[],"tiered_pricing_percentage_rules":[],"tiered_pricing_minimum":1,"tiered_pricing_roles_data":[],"_links":{"self":[{"href":"https:\/\/www.csj-emballages.com\/de\/wp-json\/wp\/v2\/product\/17593","targetHints":{"allow":["GET"]}}],"collection":[{"href":"https:\/\/www.csj-emballages.com\/de\/wp-json\/wp\/v2\/product"}],"about":[{"href":"https:\/\/www.csj-emballages.com\/de\/wp-json\/wp\/v2\/types\/product"}],"wp:featuredmedia":[{"embeddable":true,"href":"https:\/\/www.csj-emballages.com\/de\/wp-json\/wp\/v2\/media\/260476"}],"wp:attachment":[{"href":"https:\/\/www.csj-emballages.com\/de\/wp-json\/wp\/v2\/media?parent=17593"}],"wp:term":[{"taxonomy":"product_brand","embeddable":true,"href":"https:\/\/www.csj-emballages.com\/de\/wp-json\/wp\/v2\/product_brand?post=17593"},{"taxonomy":"product_cat","embeddable":true,"href":"https:\/\/www.csj-emballages.com\/de\/wp-json\/wp\/v2\/product_cat?post=17593"},{"taxonomy":"product_tag","embeddable":true,"href":"https:\/\/www.csj-emballages.com\/de\/wp-json\/wp\/v2\/product_tag?post=17593"}],"curies":[{"name":"wp","href":"https:\/\/api.w.org\/{rel}","templated":true}]}}