{"id":17560,"date":"2024-03-01T16:46:32","date_gmt":"2024-03-01T15:46:32","guid":{"rendered":"https:\/\/u15jnbdpoq.preview.infomaniak.website\/produit\/layer-cake-boxen-25-4-x-25-4-x-30-5-cm-2\/"},"modified":"2026-04-18T13:00:22","modified_gmt":"2026-04-18T11:00:22","slug":"layer-cake-boxen-25-4-x-25-4-x-30-5-cm-2","status":"publish","type":"product","link":"https:\/\/www.csj-emballages.com\/de\/produit\/layer-cake-boxen-25-4-x-25-4-x-30-5-cm-2\/","title":{"rendered":"Layer Cake Box aus farbigem Karton 25.4 x 25.4 x 30.5 cm"},"content":{"rendered":"<h2 class=\"p1 ai-optimize-27 ai-optimize-introduction\">Layer Cake Box<\/h2>\n<hr>\n<h3 class=\"ai-optimize-28 ai-optimize-introduction\">Beschreibung unserer Layer Cake Box aus farbigem Karton 25.4 x 25.4 x 30.5 cm<\/h3>\n<p><!--more--><\/p>\n<p class=\"ai-optimize-31 ai-optimize-introduction\" data-start=\"287\" data-end=\"617\">Sch\u00fctzen und transportieren Sie Ihre <strong>Layer Cakes<\/strong> auf elegante Weise mit dieser <strong data-start=\"355\" data-end=\"382\">farbenfrohen Layer Cake Box aus Karton<\/strong>, die speziell f\u00fcr hohe Kuchen entwickelt wurde, die oft zerbrechlich zu handhaben sind. Die gro\u00dfz\u00fcgigen Abmessungen von <strong>325,4 x 25,4 x 30,5 cm<\/strong> erm\u00f6glichen die einfache Unterbringung einer mehrst\u00f6ckigen Torte und sorgen gleichzeitig f\u00fcr einen ausgezeichneten Halt w\u00e4hrend des Transports. <\/p>\n<p class=\"ai-optimize-32\" data-start=\"619\" data-end=\"1062\">Diese aus <strong data-start=\"632\" data-end=\"649\">festem Karton<\/strong> hergestellte <strong>Schachtel<\/strong> vereint <strong data-start=\"669\" data-end=\"695\">Stabilit\u00e4t und \u00c4sthetik<\/strong>. Sie bietet eine zuverl\u00e4ssige Struktur, die den Kuchen auch bei langen oder hektischen Fahrten sicher an seinem Platz h\u00e4lt. Sie ist ideal f\u00fcr professionelle Konditoren, Caterer oder auch f\u00fcr Privatpersonen, die sich f\u00fcr Cake Design begeistern. Ihr <strong data-start=\"929\" data-end=\"946\">farbenfrohes Design<\/strong> verleiht ihr eine festliche Note und eignet sich perfekt f\u00fcr Hochzeiten, Geburtstage, Babyshowers oder andere Gourmetveranstaltungen.   <\/p>\n<p class=\"ai-optimize-33\" data-start=\"1064\" data-end=\"1313\">Sie ist leicht zu montieren und l\u00e4sst sich dank der <strong data-start=\"1129\" data-end=\"1151\">durchdachten Klappen und des Deckels<\/strong> schnell zusammenfalten und schlie\u00dfen, was in der K\u00fcche <strong data-start=\"1165\" data-end=\"1182\">Zeit spart<\/strong>. Das Innere ist neutral und f\u00fcr den Kontakt mit Lebensmitteln geeignet, wodurch die Hygienestandards eingehalten werden, ohne die \u00c4sthetik zu beeintr\u00e4chtigen. Sie ist au\u00dferdem recycelbar und biologisch abbaubar.  <\/p>\n<p class=\"ai-optimize-34\" data-start=\"1315\" data-end=\"1571\">Ob Sie nun ein Konditor oder ein Hobbyb\u00e4cker sind, diese <strong data-start=\"355\" data-end=\"382\">farbenfrohe Layer-Cake-Box aus Karton<\/strong> ist der ideale Verb\u00fcndete, um Ihre Kreationen zu veredeln und zu sichern. Diese <strong>hohe Tortenschachtel<\/strong> erm\u00f6glicht nicht nur einen vertrauensvollen Transport, sondern wertet Ihre Torten schon beim \u00d6ffnen optisch auf. <\/p>\n<p>&nbsp;<\/p>\n<p><!--more--><\/p>\n<h4 class=\"ai-optimize-29 ai-optimize-introduction\">Seine Vorteile :<\/h4>\n<ul>\n<li class=\"ai-optimize-35\">Abmessungen f\u00fcr hohe Layer Cakes geeignet.<\/li>\n<li class=\"ai-optimize-36\">Starker, fester Karton.<\/li>\n<li class=\"ai-optimize-37\">Farbige \u00c4sthetik f\u00fcr eine gepflegte Pr\u00e4sentation.<\/li>\n<li class=\"ai-optimize-38\">Einfach zu montieren und wieder zu verschlie\u00dfen.<\/li>\n<li class=\"ai-optimize-39\">Geeignet f\u00fcr Berufst\u00e4tige und Privatpersonen.<\/li>\n<\/ul>\n<p>&nbsp;<\/p>\n<p><!--more--><\/p>\n<h4 class=\"ai-optimize-30\">Weitere Informationen :<\/h4>\n<ul>\n<li class=\"ai-optimize-40\"><strong>Verpackung<\/strong>: Einzeln<\/li>\n<li class=\"ai-optimize-41\"><strong>Ma\u00dfe<\/strong>: 25.4 x 25.4 x 30.5 (L x B x H in cm)<\/li>\n<li class=\"ai-optimize-42\"><strong>Material<\/strong>: Karton<\/li>\n<li class=\"ai-optimize-42\"><strong>Gewicht<\/strong>: 330 g\/m\u00b2<\/li>\n<li class=\"ai-optimize-43\"><strong>Farbe<\/strong>: Wei\u00df \/ Dekor<\/li>\n<\/ul>\n<p>&nbsp;<\/p>\n<p><!--more--><\/p>\n<p class=\"ai-optimize-47\">Diese Box ist auch in einer gr\u00f6\u00dferen Gr\u00f6\u00dfe erh\u00e4ltlich 35.6 x 35.6 x 30.5 cm : <span style=\"color: #d12727;\"><a style=\"color: #d12727;\" href=\"https:\/\/www.csj-emballages.com\/es\/produit\/cajas-para-tartas-de-capas-254-x-254-x-305-cm\/\">WB3530<\/a><\/span><\/p>\n<p>&nbsp;<\/p>\n<p><!--more--><\/p>\n<p class=\"ai-optimize-48\"><a href=\"https:\/\/www.csj-emballages.com\/de\/categorie-produit\/lebensmittelverpackungen\/backerei-und-konditorei\/schachteln-und-etuis\/layer-cake-boxen\/\">Sehen Sie sich den Rest unseres Sortiments an Layer Cake Boxen an<\/a><\/p>\n","protected":false},"excerpt":{"rendered":"<p>Layer Cake Box Beschreibung unserer Layer Cake Box aus farbigem Karton 25.4 x 25.4 x 30.5 cm<\/p>\n","protected":false},"featured_media":236846,"template":"","meta":{"_acf_changed":false},"product_brand":[],"product_cat":[1137,1171,3964,10130],"product_tag":[],"class_list":{"0":"post-17560","1":"product","2":"type-product","3":"status-publish","4":"has-post-thumbnail","6":"product_cat-lebensmittelverpackungen","7":"product_cat-backerei-und-konditorei","8":"product_cat-schachteln-und-etuis","9":"product_cat-layer-cake-boxen","11":"first","12":"instock","13":"taxable","14":"shipping-taxable","15":"purchasable","16":"product-type-simple"},"acf":[],"yoast_head":"<!-- This site is optimized with the Yoast SEO Premium plugin v26.6 (Yoast SEO v26.6) - https:\/\/yoast.com\/wordpress\/plugins\/seo\/ -->\n<title>Layer Cake Box Karton Farbig 25.4 x 25.4 x 30.5 cm<\/title>\n<meta name=\"description\" content=\"Layer Cake Box aus farbigem Karton 25.4 x 25.4 x 30.5 cm f\u00fcr Layer Cake. Perfekt, um Ihre hohen Kuchen elegant und sicher zu transportieren.\" \/>\n<meta name=\"robots\" content=\"index, follow, max-snippet:-1, max-image-preview:large, max-video-preview:-1\" \/>\n<link rel=\"canonical\" href=\"https:\/\/www.csj-emballages.com\/de\/produit\/layer-cake-boxen-25-4-x-25-4-x-30-5-cm-2\/\" \/>\n<meta property=\"og:locale\" content=\"de_DE\" \/>\n<meta property=\"og:type\" content=\"article\" \/>\n<meta property=\"og:title\" content=\"Layer Cake Box aus farbigem Karton 25.4 x 25.4 x 30.5 cm\" \/>\n<meta property=\"og:description\" content=\"Layer Cake Box aus farbigem Karton 25.4 x 25.4 x 30.5 cm f\u00fcr Layer Cake. Perfekt, um Ihre hohen Kuchen elegant und sicher zu transportieren.\" \/>\n<meta property=\"og:url\" content=\"https:\/\/www.csj-emballages.com\/de\/produit\/layer-cake-boxen-25-4-x-25-4-x-30-5-cm-2\/\" \/>\n<meta property=\"og:site_name\" content=\"CSJ Emballages\" \/>\n<meta property=\"article:publisher\" content=\"https:\/\/www.facebook.com\/csjemballages\" \/>\n<meta property=\"article:modified_time\" content=\"2026-04-18T11:00:22+00:00\" \/>\n<meta property=\"og:image\" content=\"https:\/\/www.csj-emballages.com\/wp-content\/uploads\/2024\/03\/WB2530.webp\" \/>\n\t<meta property=\"og:image:width\" content=\"800\" \/>\n\t<meta property=\"og:image:height\" content=\"800\" \/>\n\t<meta property=\"og:image:type\" content=\"image\/png\" \/>\n<meta name=\"twitter:card\" content=\"summary_large_image\" \/>\n<meta name=\"twitter:label1\" content=\"Gesch\u00e4tzte Lesezeit\" \/>\n\t<meta name=\"twitter:data1\" content=\"2 Minuten\" \/>\n<script type=\"application\/ld+json\" class=\"yoast-schema-graph\">{\"@context\":\"https:\/\/schema.org\",\"@graph\":[{\"@type\":\"WebPage\",\"@id\":\"https:\/\/www.csj-emballages.com\/de\/produit\/layer-cake-boxen-25-4-x-25-4-x-30-5-cm-2\/\",\"url\":\"https:\/\/www.csj-emballages.com\/de\/produit\/layer-cake-boxen-25-4-x-25-4-x-30-5-cm-2\/\",\"name\":\"Layer Cake Box Karton Farbig 25.4 x 25.4 x 30.5 cm\",\"isPartOf\":{\"@id\":\"https:\/\/www.csj-emballages.com\/de\/#website\"},\"primaryImageOfPage\":{\"@id\":\"https:\/\/www.csj-emballages.com\/de\/produit\/layer-cake-boxen-25-4-x-25-4-x-30-5-cm-2\/#primaryimage\"},\"image\":{\"@id\":\"https:\/\/www.csj-emballages.com\/de\/produit\/layer-cake-boxen-25-4-x-25-4-x-30-5-cm-2\/#primaryimage\"},\"thumbnailUrl\":\"https:\/\/www.csj-emballages.com\/wp-content\/uploads\/2024\/03\/WB2530.webp\",\"datePublished\":\"2024-03-01T15:46:32+00:00\",\"dateModified\":\"2026-04-18T11:00:22+00:00\",\"description\":\"Layer Cake Box aus farbigem Karton 25.4 x 25.4 x 30.5 cm f\u00fcr Layer Cake. Perfekt, um Ihre hohen Kuchen elegant und sicher zu transportieren.\",\"breadcrumb\":{\"@id\":\"https:\/\/www.csj-emballages.com\/de\/produit\/layer-cake-boxen-25-4-x-25-4-x-30-5-cm-2\/#breadcrumb\"},\"inLanguage\":\"de\",\"potentialAction\":[{\"@type\":\"ReadAction\",\"target\":[\"https:\/\/www.csj-emballages.com\/de\/produit\/layer-cake-boxen-25-4-x-25-4-x-30-5-cm-2\/\"]}]},{\"@type\":\"ImageObject\",\"inLanguage\":\"de\",\"@id\":\"https:\/\/www.csj-emballages.com\/de\/produit\/layer-cake-boxen-25-4-x-25-4-x-30-5-cm-2\/#primaryimage\",\"url\":\"https:\/\/www.csj-emballages.com\/wp-content\/uploads\/2024\/03\/WB2530.webp\",\"contentUrl\":\"https:\/\/www.csj-emballages.com\/wp-content\/uploads\/2024\/03\/WB2530.webp\",\"width\":800,\"height\":800,\"caption\":\"Boite layer cake\"},{\"@type\":\"BreadcrumbList\",\"@id\":\"https:\/\/www.csj-emballages.com\/de\/produit\/layer-cake-boxen-25-4-x-25-4-x-30-5-cm-2\/#breadcrumb\",\"itemListElement\":[{\"@type\":\"ListItem\",\"position\":1,\"name\":\"Accueil\",\"item\":\"https:\/\/www.csj-emballages.com\/de\/universum-lebensmittelverpackungen\/\"},{\"@type\":\"ListItem\",\"position\":2,\"name\":\"Shop\",\"item\":\"https:\/\/www.csj-emballages.com\/shop\/\"},{\"@type\":\"ListItem\",\"position\":3,\"name\":\"Layer Cake Box aus farbigem Karton 25.4 x 25.4 x 30.5 cm\"}]},{\"@type\":\"WebSite\",\"@id\":\"https:\/\/www.csj-emballages.com\/de\/#website\",\"url\":\"https:\/\/www.csj-emballages.com\/de\/\",\"name\":\"CSJ Emballages\",\"description\":\"\",\"publisher\":{\"@id\":\"https:\/\/www.csj-emballages.com\/de\/#organization\"},\"potentialAction\":[{\"@type\":\"SearchAction\",\"target\":{\"@type\":\"EntryPoint\",\"urlTemplate\":\"https:\/\/www.csj-emballages.com\/de\/?s={search_term_string}\"},\"query-input\":{\"@type\":\"PropertyValueSpecification\",\"valueRequired\":true,\"valueName\":\"search_term_string\"}}],\"inLanguage\":\"de\"},{\"@type\":\"Organization\",\"@id\":\"https:\/\/www.csj-emballages.com\/de\/#Organization\/\",\"name\":\"CSJ Emballages\",\"url\":\"https:\/\/www.csj-emballages.com\/de\/\",\"logo\":{\"@type\":\"ImageObject\",\"inLanguage\":\"de\",\"@id\":\"https:\/\/www.csj-emballages.com\/de\/#\/schema\/logo\/image\/\",\"url\":\"https:\/\/www.csj-emballages.com\/wp-content\/uploads\/2023\/10\/logo_csj.webp\",\"contentUrl\":\"https:\/\/www.csj-emballages.com\/wp-content\/uploads\/2023\/10\/logo_csj.webp\",\"width\":250,\"height\":95,\"caption\":\"CSJ Emballages\"},\"image\":{\"@id\":\"https:\/\/www.csj-emballages.com\/de\/#\/schema\/logo\/image\/\"},\"sameAs\":[\"https:\/\/www.facebook.com\/csjemballages\"],\"address\":{\"@type\":\"PostalAddress\",\"streetAddress\":\"ZI La Lechere\",\"addressLocality\":\"Patornay\",\"postalCode\":\"39130\",\"addressCountry\":\"FR\"},\"contactPoint\":[{\"@type\":\"ContactPoint\",\"contactType\":\"Service client\",\"telephone\":\"0384254272\",\"email\":\"contact@csj-emballages.com\"}]}]}<\/script>\n<!-- \/ Yoast SEO Premium plugin. -->","yoast_head_json":{"title":"Layer Cake Box Karton Farbig 25.4 x 25.4 x 30.5 cm","description":"Layer Cake Box aus farbigem Karton 25.4 x 25.4 x 30.5 cm f\u00fcr Layer Cake. Perfekt, um Ihre hohen Kuchen elegant und sicher zu transportieren.","robots":{"index":"index","follow":"follow","max-snippet":"max-snippet:-1","max-image-preview":"max-image-preview:large","max-video-preview":"max-video-preview:-1"},"canonical":"https:\/\/www.csj-emballages.com\/de\/produit\/layer-cake-boxen-25-4-x-25-4-x-30-5-cm-2\/","og_locale":"de_DE","og_type":"article","og_title":"Layer Cake Box aus farbigem Karton 25.4 x 25.4 x 30.5 cm","og_description":"Layer Cake Box aus farbigem Karton 25.4 x 25.4 x 30.5 cm f\u00fcr Layer Cake. Perfekt, um Ihre hohen Kuchen elegant und sicher zu transportieren.","og_url":"https:\/\/www.csj-emballages.com\/de\/produit\/layer-cake-boxen-25-4-x-25-4-x-30-5-cm-2\/","og_site_name":"CSJ Emballages","article_publisher":"https:\/\/www.facebook.com\/csjemballages","article_modified_time":"2026-04-18T11:00:22+00:00","og_image":[{"width":800,"height":800,"url":"https:\/\/www.csj-emballages.com\/wp-content\/uploads\/2024\/03\/WB2530.webp","type":"image\/png"}],"twitter_card":"summary_large_image","twitter_misc":{"Gesch\u00e4tzte Lesezeit":"2 Minuten"},"schema":{"@context":"https:\/\/schema.org","@graph":[{"@type":"WebPage","@id":"https:\/\/www.csj-emballages.com\/de\/produit\/layer-cake-boxen-25-4-x-25-4-x-30-5-cm-2\/","url":"https:\/\/www.csj-emballages.com\/de\/produit\/layer-cake-boxen-25-4-x-25-4-x-30-5-cm-2\/","name":"Layer Cake Box Karton Farbig 25.4 x 25.4 x 30.5 cm","isPartOf":{"@id":"https:\/\/www.csj-emballages.com\/de\/#website"},"primaryImageOfPage":{"@id":"https:\/\/www.csj-emballages.com\/de\/produit\/layer-cake-boxen-25-4-x-25-4-x-30-5-cm-2\/#primaryimage"},"image":{"@id":"https:\/\/www.csj-emballages.com\/de\/produit\/layer-cake-boxen-25-4-x-25-4-x-30-5-cm-2\/#primaryimage"},"thumbnailUrl":"https:\/\/www.csj-emballages.com\/wp-content\/uploads\/2024\/03\/WB2530.webp","datePublished":"2024-03-01T15:46:32+00:00","dateModified":"2026-04-18T11:00:22+00:00","description":"Layer Cake Box aus farbigem Karton 25.4 x 25.4 x 30.5 cm f\u00fcr Layer Cake. Perfekt, um Ihre hohen Kuchen elegant und sicher zu transportieren.","breadcrumb":{"@id":"https:\/\/www.csj-emballages.com\/de\/produit\/layer-cake-boxen-25-4-x-25-4-x-30-5-cm-2\/#breadcrumb"},"inLanguage":"de","potentialAction":[{"@type":"ReadAction","target":["https:\/\/www.csj-emballages.com\/de\/produit\/layer-cake-boxen-25-4-x-25-4-x-30-5-cm-2\/"]}]},{"@type":"ImageObject","inLanguage":"de","@id":"https:\/\/www.csj-emballages.com\/de\/produit\/layer-cake-boxen-25-4-x-25-4-x-30-5-cm-2\/#primaryimage","url":"https:\/\/www.csj-emballages.com\/wp-content\/uploads\/2024\/03\/WB2530.webp","contentUrl":"https:\/\/www.csj-emballages.com\/wp-content\/uploads\/2024\/03\/WB2530.webp","width":800,"height":800,"caption":"Boite layer cake"},{"@type":"BreadcrumbList","@id":"https:\/\/www.csj-emballages.com\/de\/produit\/layer-cake-boxen-25-4-x-25-4-x-30-5-cm-2\/#breadcrumb","itemListElement":[{"@type":"ListItem","position":1,"name":"Accueil","item":"https:\/\/www.csj-emballages.com\/de\/universum-lebensmittelverpackungen\/"},{"@type":"ListItem","position":2,"name":"Shop","item":"https:\/\/www.csj-emballages.com\/shop\/"},{"@type":"ListItem","position":3,"name":"Layer Cake Box aus farbigem Karton 25.4 x 25.4 x 30.5 cm"}]},{"@type":"WebSite","@id":"https:\/\/www.csj-emballages.com\/de\/#website","url":"https:\/\/www.csj-emballages.com\/de\/","name":"CSJ Emballages","description":"","publisher":{"@id":"https:\/\/www.csj-emballages.com\/de\/#organization"},"potentialAction":[{"@type":"SearchAction","target":{"@type":"EntryPoint","urlTemplate":"https:\/\/www.csj-emballages.com\/de\/?s={search_term_string}"},"query-input":{"@type":"PropertyValueSpecification","valueRequired":true,"valueName":"search_term_string"}}],"inLanguage":"de"},{"@type":"Organization","@id":"https:\/\/www.csj-emballages.com\/de\/#Organization\/","name":"CSJ Emballages","url":"https:\/\/www.csj-emballages.com\/de\/","logo":{"@type":"ImageObject","inLanguage":"de","@id":"https:\/\/www.csj-emballages.com\/de\/#\/schema\/logo\/image\/","url":"https:\/\/www.csj-emballages.com\/wp-content\/uploads\/2023\/10\/logo_csj.webp","contentUrl":"https:\/\/www.csj-emballages.com\/wp-content\/uploads\/2023\/10\/logo_csj.webp","width":250,"height":95,"caption":"CSJ Emballages"},"image":{"@id":"https:\/\/www.csj-emballages.com\/de\/#\/schema\/logo\/image\/"},"sameAs":["https:\/\/www.facebook.com\/csjemballages"],"address":{"@type":"PostalAddress","streetAddress":"ZI La Lechere","addressLocality":"Patornay","postalCode":"39130","addressCountry":"FR"},"contactPoint":[{"@type":"ContactPoint","contactType":"Service client","telephone":"0384254272","email":"contact@csj-emballages.com"}]}]}},"df_price":1.79,"df_sale_price":"","df_regular_price":1.79,"df_image_link":"https:\/\/www.csj-emballages.com\/wp-content\/uploads\/2024\/03\/WB2530-300x300.webp","tiered_pricing_type":"fixed","tiered_pricing_fixed_rules":[],"tiered_pricing_percentage_rules":[],"tiered_pricing_minimum":1,"tiered_pricing_roles_data":[],"_links":{"self":[{"href":"https:\/\/www.csj-emballages.com\/de\/wp-json\/wp\/v2\/product\/17560","targetHints":{"allow":["GET"]}}],"collection":[{"href":"https:\/\/www.csj-emballages.com\/de\/wp-json\/wp\/v2\/product"}],"about":[{"href":"https:\/\/www.csj-emballages.com\/de\/wp-json\/wp\/v2\/types\/product"}],"wp:featuredmedia":[{"embeddable":true,"href":"https:\/\/www.csj-emballages.com\/de\/wp-json\/wp\/v2\/media\/236846"}],"wp:attachment":[{"href":"https:\/\/www.csj-emballages.com\/de\/wp-json\/wp\/v2\/media?parent=17560"}],"wp:term":[{"taxonomy":"product_brand","embeddable":true,"href":"https:\/\/www.csj-emballages.com\/de\/wp-json\/wp\/v2\/product_brand?post=17560"},{"taxonomy":"product_cat","embeddable":true,"href":"https:\/\/www.csj-emballages.com\/de\/wp-json\/wp\/v2\/product_cat?post=17560"},{"taxonomy":"product_tag","embeddable":true,"href":"https:\/\/www.csj-emballages.com\/de\/wp-json\/wp\/v2\/product_tag?post=17560"}],"curies":[{"name":"wp","href":"https:\/\/api.w.org\/{rel}","templated":true}]}}