{"id":17550,"date":"2024-03-01T16:46:32","date_gmt":"2024-03-01T15:46:32","guid":{"rendered":"https:\/\/u15jnbdpoq.preview.infomaniak.website\/produit\/layer-cake-boxen-25-4-x-25-4-x-30-5-cm\/"},"modified":"2026-04-30T02:17:39","modified_gmt":"2026-04-30T00:17:39","slug":"layer-cake-boxen-25-4-x-25-4-x-30-5-cm","status":"publish","type":"product","link":"https:\/\/www.csj-emballages.com\/de\/produit\/layer-cake-boxen-25-4-x-25-4-x-30-5-cm\/","title":{"rendered":"Layer Cake Box aus farbigem Karton 35.6 x 35.6 x 30.5 cm"},"content":{"rendered":"<h2 class=\"p1 ai-optimize-27 ai-optimize-introduction\">Layer Cake Box<\/h2>\n<hr>\n<h3 class=\"ai-optimize-28 ai-optimize-introduction\">Beschreibung unserer Layer Cake Box aus farbigem Karton 35.6 x 35.6 x 30.5 cm<\/h3>\n<p><!--more--><\/p>\n<p class=\"ai-optimize-31 ai-optimize-introduction\" data-start=\"287\" data-end=\"617\">Sch\u00fctzen und transportieren Sie Ihre <strong>Layer Cakes<\/strong> stilvoll mit dieser <strong data-start=\"355\" data-end=\"382\">farbigen Layer-Cake-Kartonbox<\/strong>, speziell f\u00fcr hohe Kuchen konzipiert, die oft empfindlich in der Handhabung sind. Ihre gro\u00dfz\u00fcgigen Ma\u00dfe von <strong>35,6 x 35,6 x 30,5 cm<\/strong> erm\u00f6glichen es, einen Etagenkuchen problemlos unterzubringen und gew\u00e4hrleisten gleichzeitig einen hervorragenden Halt w\u00e4hrend des Transports.<\/p>\n<p class=\"ai-optimize-32\" data-start=\"619\" data-end=\"1062\">Hergestellt aus <strong data-start=\"632\" data-end=\"649\">stabilem Karton<\/strong>, vereint diese <strong>Box<\/strong> <strong data-start=\"669\" data-end=\"695\">Stabilit\u00e4t und \u00c4sthetik<\/strong>. Sie bietet eine zuverl\u00e4ssige Struktur, die den Kuchen sicher an Ort und Stelle h\u00e4lt, selbst auf langen oder unruhigen Fahrten. Sie ist ideal f\u00fcr professionelle Konditoren, Caterer oder sogar passionierte Cake-Designer. Ihr <strong data-start=\"929\" data-end=\"946\">farbenfrohes Design<\/strong> verleiht eine festliche Note, perfekt f\u00fcr Hochzeiten, Geburtstage, Babypartys oder andere festliche Anl\u00e4sse.<\/p>\n<p class=\"ai-optimize-33\" data-start=\"1064\" data-end=\"1313\">Einfach zu montieren, l\u00e4sst sie sich dank ihrer <strong data-start=\"1129\" data-end=\"1151\">gut durchdachten Laschen und ihres Deckels<\/strong> schnell falten und schlie\u00dfen, was eine <strong data-start=\"1165\" data-end=\"1182\">Zeitersparnis<\/strong> in der K\u00fcche gew\u00e4hrleistet. Das Innere ist neutral und lebensmittelecht, entspricht den Hygienestandards, ohne die \u00c4sthetik zu beeintr\u00e4chtigen. Sie ist zudem recycelbar und biologisch abbaubar.<\/p>\n<p class=\"ai-optimize-34\" data-start=\"1315\" data-end=\"1571\">Ob Sie ein Konditorhandwerker oder ein erfahrener Amateur sind, diese <strong data-start=\"355\" data-end=\"382\">farbige Layer-Cake-Kartonbox<\/strong> ist der ideale Partner, um Ihre Kreationen zu veredeln und zu sichern. Diese <strong>hohe Kuchenbox<\/strong> erm\u00f6glicht nicht nur einen sicheren Transport, sondern wertet Ihre Kuchen auch optisch schon beim \u00d6ffnen auf.<\/p>\n<p>&nbsp;<\/p>\n<p><!--more--><\/p>\n<h4 class=\"ai-optimize-29 ai-optimize-introduction\">Seine Vorteile :<\/h4>\n<ul>\n<li class=\"ai-optimize-35\">Abmessungen f\u00fcr hohe Layer Cakes geeignet.<\/li>\n<li class=\"ai-optimize-36\">Starker, fester Karton.<\/li>\n<li class=\"ai-optimize-37\">Farbige \u00c4sthetik f\u00fcr eine gepflegte Pr\u00e4sentation.<\/li>\n<li class=\"ai-optimize-38\">Einfach zu montieren und wieder zu verschlie\u00dfen.<\/li>\n<li class=\"ai-optimize-39\">Geeignet f\u00fcr Berufst\u00e4tige und Privatpersonen.<\/li>\n<\/ul>\n<p>&nbsp;<\/p>\n<p><!--more--><\/p>\n<h4 class=\"ai-optimize-30\">Weitere Informationen :<\/h4>\n<ul>\n<li class=\"ai-optimize-40\"><strong>Verpackung<\/strong>: Einzeln<\/li>\n<li class=\"ai-optimize-41\"><strong>Ma\u00dfe<\/strong>: 35.6 x 35.6 x 30.5 (L x B x H in cm)<\/li>\n<li class=\"ai-optimize-42\"><strong>Material<\/strong>: Karton<\/li>\n<li class=\"ai-optimize-42\"><strong>Gewicht<\/strong>: 330 g\/m\u00b2<\/li>\n<li class=\"ai-optimize-43\"><strong>Farbe<\/strong>: Wei\u00df \/ Dekor<\/li>\n<\/ul>\n<p>&nbsp;<\/p>\n<p><!--more--><\/p>\n<p class=\"ai-optimize-47\">Diese Schachtel ist auch in einer kleineren Gr\u00f6\u00dfe erh\u00e4ltlich 25,4 x 25,4 x 30,5 cm : <span style=\"color: #d12727;\"><a style=\"color: #d12727;\" href=\"https:\/\/www.csj-emballages.com\/es\/produit\/cajas-para-tartas-de-capas-254-x-254-x-305-cm-2\/\">WB2530<\/a><\/span><\/p>\n<p>&nbsp;<\/p>\n<p><!--more--><\/p>\n<p class=\"ai-optimize-48\"><a href=\"https:\/\/www.csj-emballages.com\/de\/categorie-produit\/lebensmittelverpackungen\/backerei-und-konditorei\/schachteln-und-etuis\/layer-cake-boxen\/\">Sehen Sie sich den Rest unseres Sortiments an Layer Cake Boxen an<\/a><\/p>\n","protected":false},"excerpt":{"rendered":"<p>Layer Cake Box Beschreibung unserer Layer Cake Box aus farbigem Karton 35.6 x 35.6 x 30.5 cm<\/p>\n","protected":false},"featured_media":236835,"template":"","meta":{"_acf_changed":false},"product_brand":[],"product_cat":[1137,1171,3964,10130],"product_tag":[],"class_list":{"0":"post-17550","1":"product","2":"type-product","3":"status-publish","4":"has-post-thumbnail","6":"product_cat-lebensmittelverpackungen","7":"product_cat-backerei-und-konditorei","8":"product_cat-schachteln-und-etuis","9":"product_cat-layer-cake-boxen","11":"first","12":"instock","13":"taxable","14":"shipping-taxable","15":"purchasable","16":"product-type-simple"},"acf":[],"yoast_head":"<!-- This site is optimized with the Yoast SEO Premium plugin v26.6 (Yoast SEO v26.6) - https:\/\/yoast.com\/wordpress\/plugins\/seo\/ -->\n<title>Layer Cake Box Karton Farbig 35.6 x 35.6 x 30.5 cm<\/title>\n<meta name=\"description\" content=\"Layer Cake Box aus farbigem Karton 35,6 x 35,6 x 30,5 cm. Perfekt, um Ihre hohen Kuchen elegant und sicher zu transportieren.\" \/>\n<meta name=\"robots\" content=\"index, follow, max-snippet:-1, max-image-preview:large, max-video-preview:-1\" \/>\n<link rel=\"canonical\" href=\"https:\/\/www.csj-emballages.com\/de\/produit\/layer-cake-boxen-25-4-x-25-4-x-30-5-cm\/\" \/>\n<meta property=\"og:locale\" content=\"de_DE\" \/>\n<meta property=\"og:type\" content=\"article\" \/>\n<meta property=\"og:title\" content=\"Layer Cake Box aus farbigem Karton 35.6 x 35.6 x 30.5 cm\" \/>\n<meta property=\"og:description\" content=\"Layer Cake Box aus farbigem Karton 35,6 x 35,6 x 30,5 cm. Perfekt, um Ihre hohen Kuchen elegant und sicher zu transportieren.\" \/>\n<meta property=\"og:url\" content=\"https:\/\/www.csj-emballages.com\/de\/produit\/layer-cake-boxen-25-4-x-25-4-x-30-5-cm\/\" \/>\n<meta property=\"og:site_name\" content=\"CSJ Emballages\" \/>\n<meta property=\"article:publisher\" content=\"https:\/\/www.facebook.com\/csjemballages\" \/>\n<meta property=\"article:modified_time\" content=\"2026-04-30T00:17:39+00:00\" \/>\n<meta property=\"og:image\" content=\"https:\/\/www.csj-emballages.com\/wp-content\/uploads\/2024\/03\/WB3530.webp\" \/>\n\t<meta property=\"og:image:width\" content=\"800\" \/>\n\t<meta property=\"og:image:height\" content=\"800\" \/>\n\t<meta property=\"og:image:type\" content=\"image\/png\" \/>\n<meta name=\"twitter:card\" content=\"summary_large_image\" \/>\n<meta name=\"twitter:label1\" content=\"Gesch\u00e4tzte Lesezeit\" \/>\n\t<meta name=\"twitter:data1\" content=\"2 Minuten\" \/>\n<script type=\"application\/ld+json\" class=\"yoast-schema-graph\">{\"@context\":\"https:\/\/schema.org\",\"@graph\":[{\"@type\":\"WebPage\",\"@id\":\"https:\/\/www.csj-emballages.com\/de\/produit\/layer-cake-boxen-25-4-x-25-4-x-30-5-cm\/\",\"url\":\"https:\/\/www.csj-emballages.com\/de\/produit\/layer-cake-boxen-25-4-x-25-4-x-30-5-cm\/\",\"name\":\"Layer Cake Box Karton Farbig 35.6 x 35.6 x 30.5 cm\",\"isPartOf\":{\"@id\":\"https:\/\/www.csj-emballages.com\/de\/#website\"},\"primaryImageOfPage\":{\"@id\":\"https:\/\/www.csj-emballages.com\/de\/produit\/layer-cake-boxen-25-4-x-25-4-x-30-5-cm\/#primaryimage\"},\"image\":{\"@id\":\"https:\/\/www.csj-emballages.com\/de\/produit\/layer-cake-boxen-25-4-x-25-4-x-30-5-cm\/#primaryimage\"},\"thumbnailUrl\":\"https:\/\/www.csj-emballages.com\/wp-content\/uploads\/2024\/03\/WB3530.webp\",\"datePublished\":\"2024-03-01T15:46:32+00:00\",\"dateModified\":\"2026-04-30T00:17:39+00:00\",\"description\":\"Layer Cake Box aus farbigem Karton 35,6 x 35,6 x 30,5 cm. Perfekt, um Ihre hohen Kuchen elegant und sicher zu transportieren.\",\"breadcrumb\":{\"@id\":\"https:\/\/www.csj-emballages.com\/de\/produit\/layer-cake-boxen-25-4-x-25-4-x-30-5-cm\/#breadcrumb\"},\"inLanguage\":\"de\",\"potentialAction\":[{\"@type\":\"ReadAction\",\"target\":[\"https:\/\/www.csj-emballages.com\/de\/produit\/layer-cake-boxen-25-4-x-25-4-x-30-5-cm\/\"]}]},{\"@type\":\"ImageObject\",\"inLanguage\":\"de\",\"@id\":\"https:\/\/www.csj-emballages.com\/de\/produit\/layer-cake-boxen-25-4-x-25-4-x-30-5-cm\/#primaryimage\",\"url\":\"https:\/\/www.csj-emballages.com\/wp-content\/uploads\/2024\/03\/WB3530.webp\",\"contentUrl\":\"https:\/\/www.csj-emballages.com\/wp-content\/uploads\/2024\/03\/WB3530.webp\",\"width\":800,\"height\":800,\"caption\":\"Boite layer cake\"},{\"@type\":\"BreadcrumbList\",\"@id\":\"https:\/\/www.csj-emballages.com\/de\/produit\/layer-cake-boxen-25-4-x-25-4-x-30-5-cm\/#breadcrumb\",\"itemListElement\":[{\"@type\":\"ListItem\",\"position\":1,\"name\":\"Accueil\",\"item\":\"https:\/\/www.csj-emballages.com\/de\/universum-lebensmittelverpackungen\/\"},{\"@type\":\"ListItem\",\"position\":2,\"name\":\"Shop\",\"item\":\"https:\/\/www.csj-emballages.com\/shop\/\"},{\"@type\":\"ListItem\",\"position\":3,\"name\":\"Layer Cake Box aus farbigem Karton 35.6 x 35.6 x 30.5 cm\"}]},{\"@type\":\"WebSite\",\"@id\":\"https:\/\/www.csj-emballages.com\/de\/#website\",\"url\":\"https:\/\/www.csj-emballages.com\/de\/\",\"name\":\"CSJ Emballages\",\"description\":\"\",\"publisher\":{\"@id\":\"https:\/\/www.csj-emballages.com\/de\/#organization\"},\"potentialAction\":[{\"@type\":\"SearchAction\",\"target\":{\"@type\":\"EntryPoint\",\"urlTemplate\":\"https:\/\/www.csj-emballages.com\/de\/?s={search_term_string}\"},\"query-input\":{\"@type\":\"PropertyValueSpecification\",\"valueRequired\":true,\"valueName\":\"search_term_string\"}}],\"inLanguage\":\"de\"},{\"@type\":\"Organization\",\"@id\":\"https:\/\/www.csj-emballages.com\/de\/#Organization\/\",\"name\":\"CSJ Emballages\",\"url\":\"https:\/\/www.csj-emballages.com\/de\/\",\"logo\":{\"@type\":\"ImageObject\",\"inLanguage\":\"de\",\"@id\":\"https:\/\/www.csj-emballages.com\/de\/#\/schema\/logo\/image\/\",\"url\":\"https:\/\/www.csj-emballages.com\/wp-content\/uploads\/2023\/10\/logo_csj.webp\",\"contentUrl\":\"https:\/\/www.csj-emballages.com\/wp-content\/uploads\/2023\/10\/logo_csj.webp\",\"width\":250,\"height\":95,\"caption\":\"CSJ Emballages\"},\"image\":{\"@id\":\"https:\/\/www.csj-emballages.com\/de\/#\/schema\/logo\/image\/\"},\"sameAs\":[\"https:\/\/www.facebook.com\/csjemballages\"],\"address\":{\"@type\":\"PostalAddress\",\"streetAddress\":\"ZI La Lechere\",\"addressLocality\":\"Patornay\",\"postalCode\":\"39130\",\"addressCountry\":\"FR\"},\"contactPoint\":[{\"@type\":\"ContactPoint\",\"contactType\":\"Service client\",\"telephone\":\"0384254272\",\"email\":\"contact@csj-emballages.com\"}]}]}<\/script>\n<!-- \/ Yoast SEO Premium plugin. -->","yoast_head_json":{"title":"Layer Cake Box Karton Farbig 35.6 x 35.6 x 30.5 cm","description":"Layer Cake Box aus farbigem Karton 35,6 x 35,6 x 30,5 cm. Perfekt, um Ihre hohen Kuchen elegant und sicher zu transportieren.","robots":{"index":"index","follow":"follow","max-snippet":"max-snippet:-1","max-image-preview":"max-image-preview:large","max-video-preview":"max-video-preview:-1"},"canonical":"https:\/\/www.csj-emballages.com\/de\/produit\/layer-cake-boxen-25-4-x-25-4-x-30-5-cm\/","og_locale":"de_DE","og_type":"article","og_title":"Layer Cake Box aus farbigem Karton 35.6 x 35.6 x 30.5 cm","og_description":"Layer Cake Box aus farbigem Karton 35,6 x 35,6 x 30,5 cm. Perfekt, um Ihre hohen Kuchen elegant und sicher zu transportieren.","og_url":"https:\/\/www.csj-emballages.com\/de\/produit\/layer-cake-boxen-25-4-x-25-4-x-30-5-cm\/","og_site_name":"CSJ Emballages","article_publisher":"https:\/\/www.facebook.com\/csjemballages","article_modified_time":"2026-04-30T00:17:39+00:00","og_image":[{"width":800,"height":800,"url":"https:\/\/www.csj-emballages.com\/wp-content\/uploads\/2024\/03\/WB3530.webp","type":"image\/png"}],"twitter_card":"summary_large_image","twitter_misc":{"Gesch\u00e4tzte Lesezeit":"2 Minuten"},"schema":{"@context":"https:\/\/schema.org","@graph":[{"@type":"WebPage","@id":"https:\/\/www.csj-emballages.com\/de\/produit\/layer-cake-boxen-25-4-x-25-4-x-30-5-cm\/","url":"https:\/\/www.csj-emballages.com\/de\/produit\/layer-cake-boxen-25-4-x-25-4-x-30-5-cm\/","name":"Layer Cake Box Karton Farbig 35.6 x 35.6 x 30.5 cm","isPartOf":{"@id":"https:\/\/www.csj-emballages.com\/de\/#website"},"primaryImageOfPage":{"@id":"https:\/\/www.csj-emballages.com\/de\/produit\/layer-cake-boxen-25-4-x-25-4-x-30-5-cm\/#primaryimage"},"image":{"@id":"https:\/\/www.csj-emballages.com\/de\/produit\/layer-cake-boxen-25-4-x-25-4-x-30-5-cm\/#primaryimage"},"thumbnailUrl":"https:\/\/www.csj-emballages.com\/wp-content\/uploads\/2024\/03\/WB3530.webp","datePublished":"2024-03-01T15:46:32+00:00","dateModified":"2026-04-30T00:17:39+00:00","description":"Layer Cake Box aus farbigem Karton 35,6 x 35,6 x 30,5 cm. Perfekt, um Ihre hohen Kuchen elegant und sicher zu transportieren.","breadcrumb":{"@id":"https:\/\/www.csj-emballages.com\/de\/produit\/layer-cake-boxen-25-4-x-25-4-x-30-5-cm\/#breadcrumb"},"inLanguage":"de","potentialAction":[{"@type":"ReadAction","target":["https:\/\/www.csj-emballages.com\/de\/produit\/layer-cake-boxen-25-4-x-25-4-x-30-5-cm\/"]}]},{"@type":"ImageObject","inLanguage":"de","@id":"https:\/\/www.csj-emballages.com\/de\/produit\/layer-cake-boxen-25-4-x-25-4-x-30-5-cm\/#primaryimage","url":"https:\/\/www.csj-emballages.com\/wp-content\/uploads\/2024\/03\/WB3530.webp","contentUrl":"https:\/\/www.csj-emballages.com\/wp-content\/uploads\/2024\/03\/WB3530.webp","width":800,"height":800,"caption":"Boite layer cake"},{"@type":"BreadcrumbList","@id":"https:\/\/www.csj-emballages.com\/de\/produit\/layer-cake-boxen-25-4-x-25-4-x-30-5-cm\/#breadcrumb","itemListElement":[{"@type":"ListItem","position":1,"name":"Accueil","item":"https:\/\/www.csj-emballages.com\/de\/universum-lebensmittelverpackungen\/"},{"@type":"ListItem","position":2,"name":"Shop","item":"https:\/\/www.csj-emballages.com\/shop\/"},{"@type":"ListItem","position":3,"name":"Layer Cake Box aus farbigem Karton 35.6 x 35.6 x 30.5 cm"}]},{"@type":"WebSite","@id":"https:\/\/www.csj-emballages.com\/de\/#website","url":"https:\/\/www.csj-emballages.com\/de\/","name":"CSJ Emballages","description":"","publisher":{"@id":"https:\/\/www.csj-emballages.com\/de\/#organization"},"potentialAction":[{"@type":"SearchAction","target":{"@type":"EntryPoint","urlTemplate":"https:\/\/www.csj-emballages.com\/de\/?s={search_term_string}"},"query-input":{"@type":"PropertyValueSpecification","valueRequired":true,"valueName":"search_term_string"}}],"inLanguage":"de"},{"@type":"Organization","@id":"https:\/\/www.csj-emballages.com\/de\/#Organization\/","name":"CSJ Emballages","url":"https:\/\/www.csj-emballages.com\/de\/","logo":{"@type":"ImageObject","inLanguage":"de","@id":"https:\/\/www.csj-emballages.com\/de\/#\/schema\/logo\/image\/","url":"https:\/\/www.csj-emballages.com\/wp-content\/uploads\/2023\/10\/logo_csj.webp","contentUrl":"https:\/\/www.csj-emballages.com\/wp-content\/uploads\/2023\/10\/logo_csj.webp","width":250,"height":95,"caption":"CSJ Emballages"},"image":{"@id":"https:\/\/www.csj-emballages.com\/de\/#\/schema\/logo\/image\/"},"sameAs":["https:\/\/www.facebook.com\/csjemballages"],"address":{"@type":"PostalAddress","streetAddress":"ZI La Lechere","addressLocality":"Patornay","postalCode":"39130","addressCountry":"FR"},"contactPoint":[{"@type":"ContactPoint","contactType":"Service client","telephone":"0384254272","email":"contact@csj-emballages.com"}]}]}},"df_price":2.42,"df_sale_price":"","df_regular_price":2.42,"df_image_link":"https:\/\/www.csj-emballages.com\/wp-content\/uploads\/2024\/03\/WB3530-300x300.webp","tiered_pricing_type":"fixed","tiered_pricing_fixed_rules":[],"tiered_pricing_percentage_rules":[],"tiered_pricing_minimum":1,"tiered_pricing_roles_data":[],"_links":{"self":[{"href":"https:\/\/www.csj-emballages.com\/de\/wp-json\/wp\/v2\/product\/17550","targetHints":{"allow":["GET"]}}],"collection":[{"href":"https:\/\/www.csj-emballages.com\/de\/wp-json\/wp\/v2\/product"}],"about":[{"href":"https:\/\/www.csj-emballages.com\/de\/wp-json\/wp\/v2\/types\/product"}],"wp:featuredmedia":[{"embeddable":true,"href":"https:\/\/www.csj-emballages.com\/de\/wp-json\/wp\/v2\/media\/236835"}],"wp:attachment":[{"href":"https:\/\/www.csj-emballages.com\/de\/wp-json\/wp\/v2\/media?parent=17550"}],"wp:term":[{"taxonomy":"product_brand","embeddable":true,"href":"https:\/\/www.csj-emballages.com\/de\/wp-json\/wp\/v2\/product_brand?post=17550"},{"taxonomy":"product_cat","embeddable":true,"href":"https:\/\/www.csj-emballages.com\/de\/wp-json\/wp\/v2\/product_cat?post=17550"},{"taxonomy":"product_tag","embeddable":true,"href":"https:\/\/www.csj-emballages.com\/de\/wp-json\/wp\/v2\/product_tag?post=17550"}],"curies":[{"name":"wp","href":"https:\/\/api.w.org\/{rel}","templated":true}]}}