{"id":17521,"date":"2024-03-01T16:47:19","date_gmt":"2024-03-01T15:47:19","guid":{"rendered":"https:\/\/u15jnbdpoq.preview.infomaniak.website\/produit\/4-mikrowellengeeignete-kokot-glaeser-aus-kunststoff-30-cl\/"},"modified":"2026-04-03T02:23:10","modified_gmt":"2026-04-03T00:23:10","slug":"4-mikrowellengeeignete-kokot-glaeser-aus-kunststoff-30-cl","status":"publish","type":"product","link":"https:\/\/www.csj-emballages.com\/de\/produit\/4-mikrowellengeeignete-kokot-glaeser-aus-kunststoff-30-cl\/","title":{"rendered":"Plastikgl\u00e4ser kokot mikrowellengeeignet 30 cl pro 4"},"content":{"rendered":"<div style=\"box-sizing: inherit; font-family: Roboto, sans-serif;\">\n<div style=\"box-sizing: inherit; font-family: Roboto, sans-serif;\">\n<div style=\"box-sizing: inherit; font-family: Roboto, sans-serif;\">\n<div style=\"box-sizing: inherit; font-family: Roboto, sans-serif;\">\n<div style=\"box-sizing: inherit; font-family: Roboto, sans-serif;\">\n<div style=\"box-sizing: inherit; font-family: Roboto, sans-serif;\">\n<div style=\"box-sizing: inherit; font-family: Roboto, sans-serif;\">\n<div style=\"box-sizing: inherit; font-family: Roboto, sans-serif;\">\n<div style=\"box-sizing: inherit; font-family: Roboto, sans-serif;\">\n<div style=\"box-sizing: inherit; font-family: Roboto, sans-serif;\">\n<div style=\"box-sizing: inherit; font-family: Roboto, sans-serif;\">\n<div style=\"box-sizing: inherit; font-family: Roboto, sans-serif;\">\n<div style=\"box-sizing: inherit; font-family: Roboto, sans-serif;\">\n<div class=\"flex flex-grow flex-col max-w-full\">\n<div class=\"min-h-[20px] text-message flex flex-col items-start whitespace-pre-wrap break-words [.text-message+&amp;]:mt-5 juice:w-full juice:items-end overflow-x-auto gap-2\" dir=\"auto\" data-message-author-role=\"assistant\" data-message-id=\"2034782e-88f9-44ef-b4dc-07dd7bf0115f\">\n<div class=\"flex w-full flex-col gap-1 juice:empty:hidden juice:first:pt-[3px]\">\n<div class=\"markdown prose w-full break-words dark:prose-invert light\">\n<div style=\"box-sizing: inherit; font-family: Roboto, sans-serif;\">\n<div style=\"box-sizing: inherit; font-family: Roboto, sans-serif;\">\n<div style=\"box-sizing: inherit; font-family: Roboto, sans-serif;\">\n<div style=\"box-sizing: inherit; font-family: Roboto, sans-serif;\">\n<div style=\"box-sizing: inherit; font-family: Roboto, sans-serif;\">\n<div style=\"box-sizing: inherit; font-family: Roboto, sans-serif;\">\n<h2>Plastikglas<\/h2>\n<div style=\"box-sizing: inherit; font-family: Roboto, sans-serif;\">\n<div style=\"box-sizing: inherit; font-family: Roboto, sans-serif;\">\n<div style=\"box-sizing: inherit; font-family: Roboto, sans-serif;\">\n<div style=\"text-align: center;\">\n<div style=\"box-sizing: inherit; font-family: Roboto, sans-serif;\">\n<div style=\"box-sizing: inherit; font-family: Roboto, sans-serif;\">\n<div style=\"box-sizing: inherit; font-family: Roboto, sans-serif;\">\n<div style=\"box-sizing: inherit; font-family: Roboto, sans-serif;\">\n<div style=\"box-sizing: inherit; font-family: Roboto, sans-serif;\">\n<div style=\"box-sizing: inherit; font-family: Roboto, sans-serif; text-align: left;\">\n<hr>\n<h3 style=\"text-align: left;\">Beschreibung unserer Plastikgl\u00e4ser Kokot mikrowellengeeignet 30 cl pro 4 St\u00fcck<!--more--><\/h3>\n<\/div>\n<\/div>\n<\/div>\n<\/div>\n<\/div>\n<\/div>\n<\/div>\n<\/div>\n<\/div>\n<\/div>\n<\/div>\n<\/div>\n<\/div>\n<\/div>\n<\/div>\n<\/div>\n<\/div>\n<\/div>\n<\/div>\n<\/div>\n<div class=\"flex flex-grow flex-col max-w-full\">\n<div class=\"min-h-[20px] text-message flex flex-col items-start whitespace-pre-wrap break-words [.text-message+&amp;]:mt-5 juice:w-full juice:items-end overflow-x-auto gap-2\" dir=\"auto\" data-message-author-role=\"assistant\" data-message-id=\"2034782e-88f9-44ef-b4dc-07dd7bf0115f\">\n<div class=\"flex w-full flex-col gap-1 juice:empty:hidden juice:first:pt-[3px]\">\n<div class=\"markdown prose w-full break-words dark:prose-invert light\">\n<div style=\"box-sizing: inherit; font-family: Roboto, sans-serif;\">\n<div style=\"box-sizing: inherit; font-family: Roboto, sans-serif;\">\n<div style=\"box-sizing: inherit; font-family: Roboto, sans-serif;\">\n<div style=\"box-sizing: inherit; font-family: Roboto, sans-serif;\">\n<div style=\"box-sizing: inherit; font-family: Roboto, sans-serif;\">\n<div style=\"box-sizing: inherit; font-family: Roboto, sans-serif;\"><span style=\"font-family: Georgia, 'Times New Roman', 'Bitstream Charter', Times, serif;\">Die <\/span><strong style=\"font-family: Georgia, 'Times New Roman', 'Bitstream Charter', Times, serif;\">Plastikgl\u00e4ser Cocotte schwarz<\/strong> <strong>30<\/strong><strong style=\"font-family: Georgia, 'Times New Roman', 'Bitstream Charter', Times, serif;\"> cl<\/strong> <strong style=\"font-family: Georgia, 'Times New Roman', 'Bitstream Charter', Times, serif;\">mikrowellengeeignet<\/strong><span style=\"font-family: Georgia, 'Times New Roman', 'Bitstream Charter', Times, serif;\">, verkauft in <\/span><strong style=\"font-family: Georgia, 'Times New Roman', 'Bitstream Charter', Times, serif;\">4er-Set<\/strong><span style=\"font-family: Georgia, 'Times New Roman', 'Bitstream Charter', Times, serif;\">sind ein Muss f\u00fcr professionelle Gastronomen und Liebhaber eleganter kulinarischer Pr\u00e4sentationen. Diese kleinen   <\/span><strong style=\"font-family: Georgia, 'Times New Roman', 'Bitstream Charter', Times, serif;\">Kokotten<\/strong><span style=\"font-family: Georgia, 'Times New Roman', 'Bitstream Charter', Times, serif;\">  vereinen Zweckm\u00e4\u00dfigkeit und modernes Design und bieten so die perfekte L\u00f6sung f\u00fcr das Servieren von Einzelportionen, w\u00e4hrend sie gleichzeitig die \u00c4sthetik Ihrer Gerichte hervorheben. Ihr einzigartiges Design in Form von   <\/span><strong style=\"font-family: Georgia, 'Times New Roman', 'Bitstream Charter', Times, serif;\">Kokotte<\/strong><span style=\"font-family: Georgia, 'Times New Roman', 'Bitstream Charter', Times, serif;\"> bringt einen Hauch von Originalit\u00e4t mit sich, der Ihre G\u00e4ste oder Kunden mit Sicherheit begeistern wird.<\/span><\/div>\n<\/div>\n<\/div>\n<\/div>\n<\/div>\n<\/div>\n<\/div>\n<\/div>\n<\/div>\n<\/div>\n<\/div>\n<\/div>\n<\/div>\n<\/div>\n<\/div>\n<\/div>\n<\/div>\n<\/div>\n<\/div>\n<\/div>\n<\/div>\n<\/div>\n<\/div>\n<p>Zun\u00e4chst einmal zeichnet sich das Rohmaterial dieser <strong>Kunststoffgl\u00e4ser Cocotte schwarz<\/strong> durch seine Widerstandsf\u00e4higkeit aus. Da sie aus Kunststoff gefertigt sind, sind sie n\u00e4mlich robust genug, um einen intensiven t\u00e4glichen Gebrauch zu \u00fcberstehen, ohne sich zu verformen. Sie sind hitzebest\u00e4ndig und <strong>mikrowellengeeignet<\/strong>, was sie besonders geeignet macht, um Zubereitungen direkt im Gef\u00e4\u00df zu erw\u00e4rmen. Dank dieser Funktionalit\u00e4t k\u00f6nnen Profis in der Gastronomie Zeit sparen und gleichzeitig eine gepflegte Pr\u00e4sentation gew\u00e4hrleisten.   <\/p>\n<p><strong><span style=\"color: #ff0000;\">Achtung, dieses Glas wird nicht mit Deckel verkauft*.<\/span><\/strong><\/p>\n<p>&nbsp;<\/p>\n<p><!--more--><\/p>\n<h4>Warum sollten Sie unsere <strong>Plastikgl\u00e4ser<\/strong> verwenden?<\/h4>\n<p>Zweitens geht der praktische Aspekt dieser <strong>schwarzen Kunststoffgl\u00e4ser aus Cocotte<\/strong> noch weiter. Ihr Fassungsverm\u00f6gen von <strong>30<\/strong><strong> cl<\/strong> ist ideal f\u00fcr Einzelportionen, egal ob es sich um Desserts, Vorspeisen oder Beilagen handelt. Dar\u00fcber hinaus erm\u00f6glicht ihr geringes Gewicht einen einfachen und sicheren Transport, insbesondere bei gro\u00dfen Veranstaltungen wie Empf\u00e4ngen, Cocktailpartys oder Buffets. Ihr kompaktes und stapelbares Design erleichtert auch die Aufbewahrung, wodurch der Platz in gewerblichen oder privaten K\u00fcchen optimiert wird.   <\/p>\n<p>Ihre elegante <strong>schwarze<\/strong> Farbe verleiht all Ihren kulinarischen Kreationen einen Hauch von Raffinesse. Ob Sie nun Appetith\u00e4ppchen, <strong>Obstgl\u00e4ser<\/strong> oder warme Gerichte servieren, die <strong>schwarzen Kunststoffgl\u00e4ser Cocotte<\/strong> heben Ihre Zubereitungen dank ihres \u00e4sthetischen Aussehens hervor. Im Gegensatz zu durchsichtigen Gl\u00e4sern bieten diese Cocottes einen starken Kontrast zu den leuchtenden Farben der Speisen, was sie besonders attraktiv bei der Pr\u00e4sentation auf Festtafeln oder Buffets macht.  <\/p>\n<p>&nbsp;<\/p>\n<p><!--more--><\/p>\n<div style=\"box-sizing: inherit; font-family: Roboto, sans-serif;\">\n<div style=\"box-sizing: inherit; font-family: Roboto, sans-serif;\">\n<div style=\"box-sizing: inherit; font-family: Roboto, sans-serif;\">\n<div style=\"box-sizing: inherit; font-family: Roboto, sans-serif;\">\n<div style=\"box-sizing: inherit; font-family: Roboto, sans-serif;\">\n<div style=\"box-sizing: inherit; font-family: Roboto, sans-serif;\">\n<div style=\"box-sizing: inherit; font-family: Roboto, sans-serif;\">\n<div style=\"box-sizing: inherit; font-family: Roboto, sans-serif;\">\n<div style=\"box-sizing: inherit; font-family: Roboto, sans-serif;\">\n<div style=\"box-sizing: inherit; font-family: Roboto, sans-serif;\">\n<div style=\"box-sizing: inherit; font-family: Roboto, sans-serif;\">\n<div style=\"box-sizing: inherit; font-family: Roboto, sans-serif;\">\n<div style=\"box-sizing: inherit; font-family: Roboto, sans-serif;\">\n<div class=\"flex flex-grow flex-col max-w-full\">\n<div class=\"min-h-[20px] text-message flex flex-col items-start whitespace-pre-wrap break-words [.text-message+&amp;]:mt-5 juice:w-full juice:items-end overflow-x-auto gap-2\" dir=\"auto\" data-message-author-role=\"assistant\" data-message-id=\"2034782e-88f9-44ef-b4dc-07dd7bf0115f\">\n<div class=\"flex w-full flex-col gap-1 juice:empty:hidden juice:first:pt-[3px]\">\n<div class=\"markdown prose w-full break-words dark:prose-invert light\">\n<div style=\"box-sizing: inherit; font-family: Roboto, sans-serif;\">\n<div style=\"box-sizing: inherit; font-family: Roboto, sans-serif;\">\n<div style=\"box-sizing: inherit; font-family: Roboto, sans-serif;\">\n<div style=\"box-sizing: inherit; font-family: Roboto, sans-serif;\">\n<div style=\"box-sizing: inherit; font-family: Roboto, sans-serif;\">\n<div style=\"box-sizing: inherit; font-family: Roboto, sans-serif;\">\n<p>Au\u00dferdem macht die Vielseitigkeit dieser <strong>schwarzen Kunststoffgl\u00e4ser aus Cocotte<\/strong> sie zu einer unverzichtbaren Wahl f\u00fcr alle m\u00f6glichen Gelegenheiten. Ihre Hitzebest\u00e4ndigkeit macht sie f\u00fcr kalte und warme Speisen gleicherma\u00dfen geeignet. Ob Sie nun eine erfrischende Gazpacho oder ein leckeres Gratin zubereiten, diese Gl\u00e4ser werden Ihre Erwartungen voll und ganz erf\u00fcllen. Ihr Format eignet sich sowohl f\u00fcr den professionellen Einsatz in Restaurants, Hotels und Cateringbetrieben als auch f\u00fcr den eher pers\u00f6nlichen Gebrauch bei privaten Empf\u00e4ngen oder Partys.   <\/p>\n<p>Schlie\u00dflich sind diese <strong>schwarzen Cocotte-Plastikgl\u00e4ser<\/strong> eine ausgezeichnete Wahl f\u00fcr umweltbewusste Unternehmen, da sie aus recycelbarem Kunststoff hergestellt werden. Wenn Sie sich also f\u00fcr dieses Produkt entscheiden, tragen Sie zur Abfallvermeidung bei und bieten gleichzeitig eine anspruchsvolle und funktionale Pr\u00e4sentation. <\/p>\n<p>Zusammenfassend l\u00e4sst sich sagen, dass die <strong>mikrowellengeeigneten<\/strong> <strong>Kunststoffgl\u00e4ser Cocotte schwarz<\/strong> <strong>30<\/strong><strong> cl<\/strong> im <strong> <strong style=\"font-family: Georgia, 'Times New Roman', 'Bitstream Charter', Times, serif;\">4er-Set<\/strong><\/strong> eine praktische, elegante und dauerhafte L\u00f6sung f\u00fcr alle Ihre kulinarischen Pr\u00e4sentationen sind.<\/p>\n<p>&nbsp;<\/p>\n<p><!--more--><\/p>\n<h4 style=\"text-align: left;\"><strong>Die Vorteile von Plastikgl\u00e4sern Cocotte 300 ml :<\/strong><\/h4>\n<ul style=\"text-align: left;\">\n<li><strong>Elegantes und originelles Design<\/strong>: Die <strong>Cocotte-Form<\/strong><b> <\/b>verleihen Ihren kulinarischen Pr\u00e4sentationen eine moderne und originelle Note. Sie verleihen Ihren Kreationen eine einzigartige visuelle Dimension, die die Aufmerksamkeit Ihrer G\u00e4ste auf sich zieht und Ihre Kreationen aufwertet. <\/li>\n<li><strong>Vielseitigkeit<\/strong>: Sie eignen sich f\u00fcr eine Vielzahl von Zubereitungen, sowohl f\u00fcr s\u00fc\u00dfe als auch f\u00fcr herzhafte Gerichte.<\/li>\n<li><strong>Praktische<\/strong> Handhabung: Diese leichten und einfach zu handhabenden <strong>Gl\u00e4ser<\/strong> sind so konzipiert, dass sie praktisch zu verwenden sind.<\/li>\n<li><strong>Qualit\u00e4t und Haltbarkeit<\/strong>: Hergestellt aus PP, sind sie robust, elegant und wiederverwendbar.<\/li>\n<\/ul>\n<\/div>\n<\/div>\n<\/div>\n<\/div>\n<\/div>\n<\/div>\n<\/div>\n<\/div>\n<\/div>\n<\/div>\n<\/div>\n<\/div>\n<p>&nbsp;<\/p>\n<\/div>\n<\/div>\n<\/div>\n<\/div>\n<\/div>\n<\/div>\n<\/div>\n<\/div>\n<\/div>\n<\/div>\n<\/div>\n<p><!--more--><\/p>\n<h4>Weitere Informationen :<\/h4>\n<ul style=\"box-sizing: inherit; font-family: Roboto, sans-serif;\">\n<li><strong>Verpackung<\/strong>: Packung mit 4 St\u00fcck<\/li>\n<li><strong>Wirtschaftlich: <\/strong>Diese Gl\u00e4ser sind wiederverwendbar.<\/li>\n<li><span style=\"font-weight: bold;\">Gr\u00f6\u00dfe<\/span>: 110 x 72 x 42 ( L x B x H in mm)<\/li>\n<li><strong>Volumen<\/strong>: 30 cl<\/li>\n<li><strong>Material<\/strong>: PP (Polypropylen)<\/li>\n<\/ul>\n<p>&nbsp;<\/p>\n<p><!--more--><\/p>\n<p>Hier finden Sie die kleinere Gr\u00f6\u00dfe dieses Produkts : <span style=\"color: #d12727;\"><a style=\"color: #d12727;\" href=\"https:\/\/www.csj-emballages.com\/de\/produit\/6-glaeser-kokot-mikrowellengeeignet-kunststoff-8-cl\/\">VERKOKOT8<\/a><\/span><\/p>\n<p>&nbsp;<\/p>\n<p style=\"text-align: left;\"><!--more--><\/p>\n<p><a href=\"https:\/\/www.csj-emballages.com\/de\/categorie-produit\/lebensmittelverpackungen\/metzgerei-und-feinkostgeschaft\/schalen-topfe-glaser\/glaser\/glaser-de\/\">Sehen Sie sich den Rest unseres Sortiments an Gl\u00e4sern an.<\/a><\/p>\n","protected":false},"excerpt":{"rendered":"<p>Plastikglas Beschreibung unserer Plastikgl\u00e4ser Kokot mikrowellengeeignet 30 cl pro 4 St\u00fcck<\/p>\n","protected":false},"featured_media":215567,"template":"","meta":{"_acf_changed":false},"product_brand":[],"product_cat":[1137,1170,1279,1464],"product_tag":[],"class_list":{"0":"post-17521","1":"product","2":"type-product","3":"status-publish","4":"has-post-thumbnail","6":"product_cat-lebensmittelverpackungen","7":"product_cat-metzgerei-und-feinkostgeschaft","8":"product_cat-schalen-topfe-glaser","9":"product_cat-dessertschalen","11":"first","12":"instock","13":"taxable","14":"shipping-taxable","15":"purchasable","16":"product-type-simple"},"acf":[],"yoast_head":"<!-- This site is optimized with the Yoast SEO Premium plugin v26.6 (Yoast SEO v26.6) - https:\/\/yoast.com\/wordpress\/plugins\/seo\/ -->\n<title>Mikrowellengeeignetes Kokot-Plastikglas - 30 cl<\/title>\n<meta name=\"description\" content=\"Entdecken Sie unser mikrowellengeeignetes Kunststoffglas Cocotte schwarz 8 cl, das Originalit\u00e4t, Praktikabilit\u00e4t und Widerstandsf\u00e4higkeit vereint. Ideal f\u00fcr Ihre individuellen Portionen.\" \/>\n<meta name=\"robots\" content=\"index, follow, max-snippet:-1, max-image-preview:large, max-video-preview:-1\" \/>\n<link rel=\"canonical\" href=\"https:\/\/www.csj-emballages.com\/de\/produit\/4-mikrowellengeeignete-kokot-glaeser-aus-kunststoff-30-cl\/\" \/>\n<meta property=\"og:locale\" content=\"de_DE\" \/>\n<meta property=\"og:type\" content=\"article\" \/>\n<meta property=\"og:title\" content=\"Plastikgl\u00e4ser kokot mikrowellengeeignet 30 cl pro 4\" \/>\n<meta property=\"og:description\" content=\"Entdecken Sie unser mikrowellengeeignetes Kunststoffglas Cocotte schwarz 8 cl, das Originalit\u00e4t, Praktikabilit\u00e4t und Widerstandsf\u00e4higkeit vereint. Ideal f\u00fcr Ihre individuellen Portionen.\" \/>\n<meta property=\"og:url\" content=\"https:\/\/www.csj-emballages.com\/de\/produit\/4-mikrowellengeeignete-kokot-glaeser-aus-kunststoff-30-cl\/\" \/>\n<meta property=\"og:site_name\" content=\"CSJ Emballages\" \/>\n<meta property=\"article:publisher\" content=\"https:\/\/www.facebook.com\/csjemballages\" \/>\n<meta property=\"article:modified_time\" content=\"2026-04-03T00:23:10+00:00\" \/>\n<meta property=\"og:image\" content=\"https:\/\/www.csj-emballages.com\/wp-content\/uploads\/2024\/03\/kokot-1.webp\" \/>\n\t<meta property=\"og:image:width\" content=\"800\" \/>\n\t<meta property=\"og:image:height\" content=\"800\" \/>\n\t<meta property=\"og:image:type\" content=\"image\/webp\" \/>\n<meta name=\"twitter:card\" content=\"summary_large_image\" \/>\n<meta name=\"twitter:label1\" content=\"Gesch\u00e4tzte Lesezeit\" \/>\n\t<meta name=\"twitter:data1\" content=\"3 Minuten\" \/>\n<script type=\"application\/ld+json\" class=\"yoast-schema-graph\">{\"@context\":\"https:\/\/schema.org\",\"@graph\":[{\"@type\":\"WebPage\",\"@id\":\"https:\/\/www.csj-emballages.com\/de\/produit\/4-mikrowellengeeignete-kokot-glaeser-aus-kunststoff-30-cl\/\",\"url\":\"https:\/\/www.csj-emballages.com\/de\/produit\/4-mikrowellengeeignete-kokot-glaeser-aus-kunststoff-30-cl\/\",\"name\":\"Mikrowellengeeignetes Kokot-Plastikglas - 30 cl\",\"isPartOf\":{\"@id\":\"https:\/\/www.csj-emballages.com\/de\/#website\"},\"primaryImageOfPage\":{\"@id\":\"https:\/\/www.csj-emballages.com\/de\/produit\/4-mikrowellengeeignete-kokot-glaeser-aus-kunststoff-30-cl\/#primaryimage\"},\"image\":{\"@id\":\"https:\/\/www.csj-emballages.com\/de\/produit\/4-mikrowellengeeignete-kokot-glaeser-aus-kunststoff-30-cl\/#primaryimage\"},\"thumbnailUrl\":\"https:\/\/www.csj-emballages.com\/wp-content\/uploads\/2024\/03\/kokot-1.webp\",\"datePublished\":\"2024-03-01T15:47:19+00:00\",\"dateModified\":\"2026-04-03T00:23:10+00:00\",\"description\":\"Entdecken Sie unser mikrowellengeeignetes Kunststoffglas Cocotte schwarz 8 cl, das Originalit\u00e4t, Praktikabilit\u00e4t und Widerstandsf\u00e4higkeit vereint. Ideal f\u00fcr Ihre individuellen Portionen.\",\"breadcrumb\":{\"@id\":\"https:\/\/www.csj-emballages.com\/de\/produit\/4-mikrowellengeeignete-kokot-glaeser-aus-kunststoff-30-cl\/#breadcrumb\"},\"inLanguage\":\"de\",\"potentialAction\":[{\"@type\":\"ReadAction\",\"target\":[\"https:\/\/www.csj-emballages.com\/de\/produit\/4-mikrowellengeeignete-kokot-glaeser-aus-kunststoff-30-cl\/\"]}]},{\"@type\":\"ImageObject\",\"inLanguage\":\"de\",\"@id\":\"https:\/\/www.csj-emballages.com\/de\/produit\/4-mikrowellengeeignete-kokot-glaeser-aus-kunststoff-30-cl\/#primaryimage\",\"url\":\"https:\/\/www.csj-emballages.com\/wp-content\/uploads\/2024\/03\/kokot-1.webp\",\"contentUrl\":\"https:\/\/www.csj-emballages.com\/wp-content\/uploads\/2024\/03\/kokot-1.webp\",\"width\":800,\"height\":800,\"caption\":\"Verrine plastique\"},{\"@type\":\"BreadcrumbList\",\"@id\":\"https:\/\/www.csj-emballages.com\/de\/produit\/4-mikrowellengeeignete-kokot-glaeser-aus-kunststoff-30-cl\/#breadcrumb\",\"itemListElement\":[{\"@type\":\"ListItem\",\"position\":1,\"name\":\"Accueil\",\"item\":\"https:\/\/www.csj-emballages.com\/de\/universum-lebensmittelverpackungen\/\"},{\"@type\":\"ListItem\",\"position\":2,\"name\":\"Shop\",\"item\":\"https:\/\/www.csj-emballages.com\/shop\/\"},{\"@type\":\"ListItem\",\"position\":3,\"name\":\"Plastikgl\u00e4ser kokot mikrowellengeeignet 30 cl pro 4\"}]},{\"@type\":\"WebSite\",\"@id\":\"https:\/\/www.csj-emballages.com\/de\/#website\",\"url\":\"https:\/\/www.csj-emballages.com\/de\/\",\"name\":\"CSJ Emballages\",\"description\":\"\",\"publisher\":{\"@id\":\"https:\/\/www.csj-emballages.com\/de\/#organization\"},\"potentialAction\":[{\"@type\":\"SearchAction\",\"target\":{\"@type\":\"EntryPoint\",\"urlTemplate\":\"https:\/\/www.csj-emballages.com\/de\/?s={search_term_string}\"},\"query-input\":{\"@type\":\"PropertyValueSpecification\",\"valueRequired\":true,\"valueName\":\"search_term_string\"}}],\"inLanguage\":\"de\"},{\"@type\":\"Organization\",\"@id\":\"https:\/\/www.csj-emballages.com\/de\/#Organization\/\",\"name\":\"CSJ Emballages\",\"url\":\"https:\/\/www.csj-emballages.com\/de\/\",\"logo\":{\"@type\":\"ImageObject\",\"inLanguage\":\"de\",\"@id\":\"https:\/\/www.csj-emballages.com\/de\/#\/schema\/logo\/image\/\",\"url\":\"https:\/\/www.csj-emballages.com\/wp-content\/uploads\/2023\/10\/logo_csj.webp\",\"contentUrl\":\"https:\/\/www.csj-emballages.com\/wp-content\/uploads\/2023\/10\/logo_csj.webp\",\"width\":250,\"height\":95,\"caption\":\"CSJ Emballages\"},\"image\":{\"@id\":\"https:\/\/www.csj-emballages.com\/de\/#\/schema\/logo\/image\/\"},\"sameAs\":[\"https:\/\/www.facebook.com\/csjemballages\"],\"address\":{\"@type\":\"PostalAddress\",\"streetAddress\":\"ZI La Lechere\",\"addressLocality\":\"Patornay\",\"postalCode\":\"39130\",\"addressCountry\":\"FR\"},\"contactPoint\":[{\"@type\":\"ContactPoint\",\"contactType\":\"Service client\",\"telephone\":\"0384254272\",\"email\":\"contact@csj-emballages.com\"}]}]}<\/script>\n<!-- \/ Yoast SEO Premium plugin. -->","yoast_head_json":{"title":"Mikrowellengeeignetes Kokot-Plastikglas - 30 cl","description":"Entdecken Sie unser mikrowellengeeignetes Kunststoffglas Cocotte schwarz 8 cl, das Originalit\u00e4t, Praktikabilit\u00e4t und Widerstandsf\u00e4higkeit vereint. Ideal f\u00fcr Ihre individuellen Portionen.","robots":{"index":"index","follow":"follow","max-snippet":"max-snippet:-1","max-image-preview":"max-image-preview:large","max-video-preview":"max-video-preview:-1"},"canonical":"https:\/\/www.csj-emballages.com\/de\/produit\/4-mikrowellengeeignete-kokot-glaeser-aus-kunststoff-30-cl\/","og_locale":"de_DE","og_type":"article","og_title":"Plastikgl\u00e4ser kokot mikrowellengeeignet 30 cl pro 4","og_description":"Entdecken Sie unser mikrowellengeeignetes Kunststoffglas Cocotte schwarz 8 cl, das Originalit\u00e4t, Praktikabilit\u00e4t und Widerstandsf\u00e4higkeit vereint. Ideal f\u00fcr Ihre individuellen Portionen.","og_url":"https:\/\/www.csj-emballages.com\/de\/produit\/4-mikrowellengeeignete-kokot-glaeser-aus-kunststoff-30-cl\/","og_site_name":"CSJ Emballages","article_publisher":"https:\/\/www.facebook.com\/csjemballages","article_modified_time":"2026-04-03T00:23:10+00:00","og_image":[{"width":800,"height":800,"url":"https:\/\/www.csj-emballages.com\/wp-content\/uploads\/2024\/03\/kokot-1.webp","type":"image\/webp"}],"twitter_card":"summary_large_image","twitter_misc":{"Gesch\u00e4tzte Lesezeit":"3 Minuten"},"schema":{"@context":"https:\/\/schema.org","@graph":[{"@type":"WebPage","@id":"https:\/\/www.csj-emballages.com\/de\/produit\/4-mikrowellengeeignete-kokot-glaeser-aus-kunststoff-30-cl\/","url":"https:\/\/www.csj-emballages.com\/de\/produit\/4-mikrowellengeeignete-kokot-glaeser-aus-kunststoff-30-cl\/","name":"Mikrowellengeeignetes Kokot-Plastikglas - 30 cl","isPartOf":{"@id":"https:\/\/www.csj-emballages.com\/de\/#website"},"primaryImageOfPage":{"@id":"https:\/\/www.csj-emballages.com\/de\/produit\/4-mikrowellengeeignete-kokot-glaeser-aus-kunststoff-30-cl\/#primaryimage"},"image":{"@id":"https:\/\/www.csj-emballages.com\/de\/produit\/4-mikrowellengeeignete-kokot-glaeser-aus-kunststoff-30-cl\/#primaryimage"},"thumbnailUrl":"https:\/\/www.csj-emballages.com\/wp-content\/uploads\/2024\/03\/kokot-1.webp","datePublished":"2024-03-01T15:47:19+00:00","dateModified":"2026-04-03T00:23:10+00:00","description":"Entdecken Sie unser mikrowellengeeignetes Kunststoffglas Cocotte schwarz 8 cl, das Originalit\u00e4t, Praktikabilit\u00e4t und Widerstandsf\u00e4higkeit vereint. Ideal f\u00fcr Ihre individuellen Portionen.","breadcrumb":{"@id":"https:\/\/www.csj-emballages.com\/de\/produit\/4-mikrowellengeeignete-kokot-glaeser-aus-kunststoff-30-cl\/#breadcrumb"},"inLanguage":"de","potentialAction":[{"@type":"ReadAction","target":["https:\/\/www.csj-emballages.com\/de\/produit\/4-mikrowellengeeignete-kokot-glaeser-aus-kunststoff-30-cl\/"]}]},{"@type":"ImageObject","inLanguage":"de","@id":"https:\/\/www.csj-emballages.com\/de\/produit\/4-mikrowellengeeignete-kokot-glaeser-aus-kunststoff-30-cl\/#primaryimage","url":"https:\/\/www.csj-emballages.com\/wp-content\/uploads\/2024\/03\/kokot-1.webp","contentUrl":"https:\/\/www.csj-emballages.com\/wp-content\/uploads\/2024\/03\/kokot-1.webp","width":800,"height":800,"caption":"Verrine plastique"},{"@type":"BreadcrumbList","@id":"https:\/\/www.csj-emballages.com\/de\/produit\/4-mikrowellengeeignete-kokot-glaeser-aus-kunststoff-30-cl\/#breadcrumb","itemListElement":[{"@type":"ListItem","position":1,"name":"Accueil","item":"https:\/\/www.csj-emballages.com\/de\/universum-lebensmittelverpackungen\/"},{"@type":"ListItem","position":2,"name":"Shop","item":"https:\/\/www.csj-emballages.com\/shop\/"},{"@type":"ListItem","position":3,"name":"Plastikgl\u00e4ser kokot mikrowellengeeignet 30 cl pro 4"}]},{"@type":"WebSite","@id":"https:\/\/www.csj-emballages.com\/de\/#website","url":"https:\/\/www.csj-emballages.com\/de\/","name":"CSJ Emballages","description":"","publisher":{"@id":"https:\/\/www.csj-emballages.com\/de\/#organization"},"potentialAction":[{"@type":"SearchAction","target":{"@type":"EntryPoint","urlTemplate":"https:\/\/www.csj-emballages.com\/de\/?s={search_term_string}"},"query-input":{"@type":"PropertyValueSpecification","valueRequired":true,"valueName":"search_term_string"}}],"inLanguage":"de"},{"@type":"Organization","@id":"https:\/\/www.csj-emballages.com\/de\/#Organization\/","name":"CSJ Emballages","url":"https:\/\/www.csj-emballages.com\/de\/","logo":{"@type":"ImageObject","inLanguage":"de","@id":"https:\/\/www.csj-emballages.com\/de\/#\/schema\/logo\/image\/","url":"https:\/\/www.csj-emballages.com\/wp-content\/uploads\/2023\/10\/logo_csj.webp","contentUrl":"https:\/\/www.csj-emballages.com\/wp-content\/uploads\/2023\/10\/logo_csj.webp","width":250,"height":95,"caption":"CSJ Emballages"},"image":{"@id":"https:\/\/www.csj-emballages.com\/de\/#\/schema\/logo\/image\/"},"sameAs":["https:\/\/www.facebook.com\/csjemballages"],"address":{"@type":"PostalAddress","streetAddress":"ZI La Lechere","addressLocality":"Patornay","postalCode":"39130","addressCountry":"FR"},"contactPoint":[{"@type":"ContactPoint","contactType":"Service client","telephone":"0384254272","email":"contact@csj-emballages.com"}]}]}},"df_price":4.21,"df_sale_price":"","df_regular_price":4.21,"df_image_link":"https:\/\/www.csj-emballages.com\/wp-content\/uploads\/2024\/03\/kokot-1-300x300.webp","tiered_pricing_type":"fixed","tiered_pricing_fixed_rules":[],"tiered_pricing_percentage_rules":[],"tiered_pricing_minimum":1,"tiered_pricing_roles_data":[],"_links":{"self":[{"href":"https:\/\/www.csj-emballages.com\/de\/wp-json\/wp\/v2\/product\/17521","targetHints":{"allow":["GET"]}}],"collection":[{"href":"https:\/\/www.csj-emballages.com\/de\/wp-json\/wp\/v2\/product"}],"about":[{"href":"https:\/\/www.csj-emballages.com\/de\/wp-json\/wp\/v2\/types\/product"}],"wp:featuredmedia":[{"embeddable":true,"href":"https:\/\/www.csj-emballages.com\/de\/wp-json\/wp\/v2\/media\/215567"}],"wp:attachment":[{"href":"https:\/\/www.csj-emballages.com\/de\/wp-json\/wp\/v2\/media?parent=17521"}],"wp:term":[{"taxonomy":"product_brand","embeddable":true,"href":"https:\/\/www.csj-emballages.com\/de\/wp-json\/wp\/v2\/product_brand?post=17521"},{"taxonomy":"product_cat","embeddable":true,"href":"https:\/\/www.csj-emballages.com\/de\/wp-json\/wp\/v2\/product_cat?post=17521"},{"taxonomy":"product_tag","embeddable":true,"href":"https:\/\/www.csj-emballages.com\/de\/wp-json\/wp\/v2\/product_tag?post=17521"}],"curies":[{"name":"wp","href":"https:\/\/api.w.org\/{rel}","templated":true}]}}