{"id":17519,"date":"2024-03-01T16:47:18","date_gmt":"2024-03-01T15:47:18","guid":{"rendered":"https:\/\/u15jnbdpoq.preview.infomaniak.website\/produit\/12-glaeser-glas-strohhalm-kristall-kunststoff-60-ml\/"},"modified":"2026-03-31T02:19:31","modified_gmt":"2026-03-31T00:19:31","slug":"12-glaeser-glas-strohhalm-kristall-kunststoff-60-ml","status":"publish","type":"product","link":"https:\/\/www.csj-emballages.com\/de\/produit\/12-glaeser-glas-strohhalm-kristall-kunststoff-60-ml\/","title":{"rendered":"Plastikgl\u00e4ser mit Strohhalm 60 ml &#8211; 12er Pack"},"content":{"rendered":"<div style=\"box-sizing: inherit; font-family: Roboto, sans-serif;\">\n<div style=\"box-sizing: inherit; font-family: Roboto, sans-serif;\">\n<div style=\"box-sizing: inherit; font-family: Roboto, sans-serif;\">\n<div style=\"box-sizing: inherit; font-family: Roboto, sans-serif;\">\n<div style=\"box-sizing: inherit; font-family: Roboto, sans-serif;\">\n<div style=\"box-sizing: inherit; font-family: Roboto, sans-serif;\">\n<div style=\"box-sizing: inherit; font-family: Roboto, sans-serif;\">\n<div style=\"box-sizing: inherit; font-family: Roboto, sans-serif;\">\n<div style=\"box-sizing: inherit; font-family: Roboto, sans-serif;\">\n<div style=\"box-sizing: inherit; font-family: Roboto, sans-serif;\">\n<div style=\"box-sizing: inherit; font-family: Roboto, sans-serif;\">\n<div style=\"box-sizing: inherit; font-family: Roboto, sans-serif;\">\n<div style=\"box-sizing: inherit; font-family: Roboto, sans-serif;\">\n<div class=\"flex flex-grow flex-col max-w-full\">\n<div class=\"min-h-[20px] text-message flex flex-col items-start whitespace-pre-wrap break-words [.text-message+&amp;]:mt-5 juice:w-full juice:items-end overflow-x-auto gap-2\" dir=\"auto\" data-message-author-role=\"assistant\" data-message-id=\"2034782e-88f9-44ef-b4dc-07dd7bf0115f\">\n<div class=\"flex w-full flex-col gap-1 juice:empty:hidden juice:first:pt-[3px]\">\n<div class=\"markdown prose w-full break-words dark:prose-invert light\">\n<div style=\"box-sizing: inherit; font-family: Roboto, sans-serif;\">\n<div style=\"box-sizing: inherit; font-family: Roboto, sans-serif;\">\n<div style=\"box-sizing: inherit; font-family: Roboto, sans-serif;\">\n<div style=\"box-sizing: inherit; font-family: Roboto, sans-serif;\">\n<div style=\"box-sizing: inherit; font-family: Roboto, sans-serif;\">\n<div style=\"box-sizing: inherit; font-family: Roboto, sans-serif;\">\n<h2>Plastikgl\u00e4ser<\/h2>\n<div style=\"box-sizing: inherit; font-family: Roboto, sans-serif;\">\n<div style=\"box-sizing: inherit; font-family: Roboto, sans-serif;\">\n<div style=\"box-sizing: inherit; font-family: Roboto, sans-serif;\">\n<div style=\"text-align: center;\">\n<div style=\"box-sizing: inherit; font-family: Roboto, sans-serif;\">\n<div style=\"box-sizing: inherit; font-family: Roboto, sans-serif;\">\n<div style=\"box-sizing: inherit; font-family: Roboto, sans-serif;\">\n<div style=\"box-sizing: inherit; font-family: Roboto, sans-serif;\">\n<div style=\"box-sizing: inherit; font-family: Roboto, sans-serif;\">\n<div style=\"box-sizing: inherit; font-family: Roboto, sans-serif; text-align: left;\">\n<hr>\n<h3 style=\"text-align: left;\">Beschreibung unserer Plastikgl\u00e4ser Strohhalm<!--more--><\/h3>\n<\/div>\n<\/div>\n<\/div>\n<\/div>\n<\/div>\n<\/div>\n<\/div>\n<\/div>\n<\/div>\n<\/div>\n<\/div>\n<\/div>\n<\/div>\n<\/div>\n<\/div>\n<\/div>\n<\/div>\n<\/div>\n<\/div>\n<\/div>\n<div class=\"flex flex-grow flex-col max-w-full\">\n<div class=\"min-h-[20px] text-message flex flex-col items-start whitespace-pre-wrap break-words [.text-message+&amp;]:mt-5 juice:w-full juice:items-end overflow-x-auto gap-2\" dir=\"auto\" data-message-author-role=\"assistant\" data-message-id=\"2034782e-88f9-44ef-b4dc-07dd7bf0115f\">\n<div class=\"flex w-full flex-col gap-1 juice:empty:hidden juice:first:pt-[3px]\">\n<div class=\"markdown prose w-full break-words dark:prose-invert light\">\n<div style=\"box-sizing: inherit; font-family: Roboto, sans-serif;\">\n<div style=\"box-sizing: inherit; font-family: Roboto, sans-serif;\">\n<div style=\"box-sizing: inherit; font-family: Roboto, sans-serif;\">\n<div style=\"box-sizing: inherit; font-family: Roboto, sans-serif;\">\n<div style=\"box-sizing: inherit; font-family: Roboto, sans-serif;\">\n<div style=\"box-sizing: inherit; font-family: Roboto, sans-serif;\">\n<p>Die <strong>Kunststoffgl\u00e4ser Strohhalm 60 ml<\/strong> im <strong>12er-Set<\/strong> sind ein Muss f\u00fcr jeden erfolgreichen Empfang. Diese eleganten und praktischen <strong>Aperitifgl\u00e4ser<\/strong> sind so konzipiert, dass sie Ihre gastronomischen Pr\u00e4sentationen hervorheben und gleichzeitig einfach zu benutzen sind. Mit einem idealen Fassungsverm\u00f6gen von <strong>60<\/strong><strong> ml<\/strong> sind sie perfekt geeignet, um einzelne Portionen Ihrer Lieblingsspeisen zu servieren, egal ob s\u00fc\u00df oder herzhaft. Das Design mit <strong>Strohhalm<\/strong> verleiht Ihrem Buffet einen originellen und modernen Touch. Zun\u00e4chst einmal reflektieren diese <strong>Gl\u00e4ser<\/strong> das Licht und pr\u00e4sentieren Ihre Gerichte in einer kristallklaren Ausf\u00fchrung<em>, <\/em>die jede Schicht Ihrer kulinarischen Kreationen hervorhebt. Ob f\u00fcr eine gesch\u00e4ftliche Veranstaltung, ein Cocktail-Essen oder einen Familienempfang, diese <strong>Gl\u00e4ser<\/strong> sind die perfekte Wahl, um Ihre G\u00e4ste zu beeindrucken und gleichzeitig ein praktisches und raffiniertes Erlebnis zu garantieren.  <\/p>\n<\/div>\n<\/div>\n<\/div>\n<\/div>\n<\/div>\n<\/div>\n<\/div>\n<\/div>\n<\/div>\n<\/div>\n<\/div>\n<\/div>\n<\/div>\n<\/div>\n<\/div>\n<\/div>\n<\/div>\n<\/div>\n<\/div>\n<\/div>\n<\/div>\n<\/div>\n<\/div>\n<p><!--more--><\/p>\n<h4>Warum sollten Sie unsere <strong>Plastikgl\u00e4ser<\/strong> verwenden?<\/h4>\n<p>Einer der Hauptvorteile dieser Aperitifgl\u00e4ser ist ihr Material aus PS. Sie sind nicht nur wiederverwendbar, sondern auch leicht und robust, was eine nachhaltige und umweltfreundliche L\u00f6sung darstellt. Im Gegensatz zu Glas besteht bei diesen Gl\u00e4sern keine Bruchgefahr, so dass sie perfekt f\u00fcr den Gebrauch im Freien geeignet sind.  <\/p>\n<div style=\"box-sizing: inherit; font-family: Roboto, sans-serif;\">\n<div style=\"box-sizing: inherit; font-family: Roboto, sans-serif;\">\n<div style=\"box-sizing: inherit; font-family: Roboto, sans-serif;\">\n<div style=\"box-sizing: inherit; font-family: Roboto, sans-serif;\">\n<div style=\"box-sizing: inherit; font-family: Roboto, sans-serif;\">\n<div style=\"box-sizing: inherit; font-family: Roboto, sans-serif;\">\n<div style=\"box-sizing: inherit; font-family: Roboto, sans-serif;\">\n<div style=\"box-sizing: inherit; font-family: Roboto, sans-serif;\">\n<div style=\"box-sizing: inherit; font-family: Roboto, sans-serif;\">\n<div style=\"box-sizing: inherit; font-family: Roboto, sans-serif;\">\n<div style=\"box-sizing: inherit; font-family: Roboto, sans-serif;\">\n<div style=\"box-sizing: inherit; font-family: Roboto, sans-serif;\">\n<div style=\"box-sizing: inherit; font-family: Roboto, sans-serif;\">\n<div class=\"flex flex-grow flex-col max-w-full\">\n<div class=\"min-h-[20px] text-message flex flex-col items-start whitespace-pre-wrap break-words [.text-message+&amp;]:mt-5 juice:w-full juice:items-end overflow-x-auto gap-2\" dir=\"auto\" data-message-author-role=\"assistant\" data-message-id=\"2034782e-88f9-44ef-b4dc-07dd7bf0115f\">\n<div class=\"flex w-full flex-col gap-1 juice:empty:hidden juice:first:pt-[3px]\">\n<div class=\"markdown prose w-full break-words dark:prose-invert light\">\n<div style=\"box-sizing: inherit; font-family: Roboto, sans-serif;\">\n<div style=\"box-sizing: inherit; font-family: Roboto, sans-serif;\">\n<div style=\"box-sizing: inherit; font-family: Roboto, sans-serif;\">\n<div style=\"box-sizing: inherit; font-family: Roboto, sans-serif;\">\n<div style=\"box-sizing: inherit; font-family: Roboto, sans-serif;\">\n<div style=\"box-sizing: inherit; font-family: Roboto, sans-serif;\">Die <strong>60<\/strong><strong> ml<\/strong> <strong>Plastik-Strohhalmgl\u00e4ser<\/strong> sind stapelbar, so dass Sie Platz sparen k\u00f6nnen. Nach der Veranstaltung lassen sie sich leicht reinigen und ersparen Ihnen so das l\u00e4stige und zeitraubende Abwaschen. So k\u00f6nnen Sie sie immer wieder f\u00fcr verschiedene Arten von Veranstaltungen verwenden. Das Fassungsverm\u00f6gen von <strong>60<\/strong><strong> ml<\/strong> ist perfekt kalibriert f\u00fcr H\u00e4ppchen, Tapas, <strong>Dessertgl\u00e4ser<\/strong> oder sogar Minisalate, was eine Vielzahl von Verwendungsm\u00f6glichkeiten bietet.   <\/div>\n<\/div>\n<div style=\"box-sizing: inherit; font-family: Roboto, sans-serif;\">\n<div style=\"box-sizing: inherit; font-family: Roboto, sans-serif;\">\n<p>&nbsp;<\/p>\n<\/div>\n<\/div>\n<\/div>\n<\/div>\n<\/div>\n<\/div>\n<\/div>\n<\/div>\n<\/div>\n<\/div>\n<\/div>\n<\/div>\n<\/div>\n<\/div>\n<\/div>\n<\/div>\n<\/div>\n<\/div>\n<\/div>\n<\/div>\n<\/div>\n<\/div>\n<\/div>\n<p><!--more--><\/p>\n<div style=\"box-sizing: inherit; font-family: Roboto, sans-serif;\">\n<div style=\"box-sizing: inherit; font-family: Roboto, sans-serif;\">\n<div style=\"box-sizing: inherit; font-family: Roboto, sans-serif;\">\n<div style=\"box-sizing: inherit; font-family: Roboto, sans-serif;\">\n<div style=\"box-sizing: inherit; font-family: Roboto, sans-serif;\">\n<div style=\"box-sizing: inherit; font-family: Roboto, sans-serif;\">\n<div style=\"box-sizing: inherit; font-family: Roboto, sans-serif;\">\n<div style=\"box-sizing: inherit; font-family: Roboto, sans-serif;\">\n<div style=\"box-sizing: inherit; font-family: Roboto, sans-serif;\">\n<div style=\"box-sizing: inherit; font-family: Roboto, sans-serif;\">\n<div style=\"box-sizing: inherit; font-family: Roboto, sans-serif;\">\n<div style=\"box-sizing: inherit; font-family: Roboto, sans-serif;\">\n<div style=\"box-sizing: inherit; font-family: Roboto, sans-serif;\">\n<div class=\"flex flex-grow flex-col max-w-full\">\n<div class=\"min-h-[20px] text-message flex flex-col items-start whitespace-pre-wrap break-words [.text-message+&amp;]:mt-5 juice:w-full juice:items-end overflow-x-auto gap-2\" dir=\"auto\" data-message-author-role=\"assistant\" data-message-id=\"2034782e-88f9-44ef-b4dc-07dd7bf0115f\">\n<div class=\"flex w-full flex-col gap-1 juice:empty:hidden juice:first:pt-[3px]\">\n<div class=\"markdown prose w-full break-words dark:prose-invert light\">\n<div style=\"box-sizing: inherit; font-family: Roboto, sans-serif;\">\n<div style=\"box-sizing: inherit; font-family: Roboto, sans-serif;\">\n<div style=\"box-sizing: inherit; font-family: Roboto, sans-serif;\">\n<div style=\"box-sizing: inherit; font-family: Roboto, sans-serif;\">\n<div style=\"box-sizing: inherit; font-family: Roboto, sans-serif;\">\n<div style=\"box-sizing: inherit; font-family: Roboto, sans-serif;\">\n<p>Das kompakte und praktische Format eignet sich sowohl f\u00fcr die professionelle Gastronomie als auch f\u00fcr den privaten Gebrauch. Insbesondere Caterer werden die Vielseitigkeit dieser <strong>Gl\u00e4ser<\/strong> zu sch\u00e4tzen wissen, da sie \u00e4sthetisch ansprechende Appetith\u00e4ppchen herstellen und gleichzeitig das Servieren und den Transport der Speisen erleichtern. Wenn Sie also nach originellen und praktischen Beh\u00e4ltern f\u00fcr Ihre <strong>Aperitifs<\/strong>, Buffets oder Desserts suchen, sollten Sie sich f\u00fcr diese<strong> 60 ml<\/strong> <strong>Aperitifgl\u00e4ser<\/strong><strong> aus Kunststoff mit<\/strong> <strong>Strohhalm<\/strong> entscheiden. Sie vereinen Design, Haltbarkeit und Funktionalit\u00e4t und bieten Ihnen die M\u00f6glichkeit, Ihre Beh\u00e4lter f\u00fcr mehrere Gelegenheiten wiederzuverwenden. <\/p>\n<p>&nbsp;<\/p>\n<p><!--more--><\/p>\n<h4 style=\"text-align: left;\"><strong>Die Vorteile der Kunststoffgl\u00e4ser Strohhalm 60 ml :<\/strong><\/h4>\n<ul style=\"text-align: left;\">\n<li><strong>Elegantes und originelles Design<\/strong>: Die<b> Strohhalmform<\/b> verleiht Ihren kulinarischen Pr\u00e4sentationen einen modernen und raffinierten Touch. Sie bieten eine elegante visuelle Dimension, die die Aufmerksamkeit Ihrer G\u00e4ste auf sich zieht und Ihre Kreationen aufwertet. <\/li>\n<li><strong>Vielseitigkeit<\/strong>: Sie eignen sich f\u00fcr eine Vielzahl von Zubereitungen, sowohl f\u00fcr s\u00fc\u00dfe als auch f\u00fcr herzhafte Gerichte.<\/li>\n<li><strong>Praktisch<\/strong>: Diese leichten und einfach zu handhabenden <strong>Gl\u00e4ser f\u00fcr Feinkost<\/strong> wurden f\u00fcr eine praktische Verwendung entwickelt.<\/li>\n<li><strong>Qualit\u00e4t und Haltbarkeit<\/strong>: Hergestellt aus PS, sind sie robust, elegant und wiederverwendbar.<\/li>\n<\/ul>\n<\/div>\n<\/div>\n<\/div>\n<\/div>\n<\/div>\n<\/div>\n<\/div>\n<\/div>\n<\/div>\n<\/div>\n<\/div>\n<\/div>\n<p>&nbsp;<\/p>\n<\/div>\n<\/div>\n<\/div>\n<\/div>\n<\/div>\n<\/div>\n<\/div>\n<\/div>\n<\/div>\n<\/div>\n<\/div>\n<p><!--more--><\/p>\n<h4>Weitere Informationen zu diesem Produkt :<\/h4>\n<ul style=\"box-sizing: inherit; font-family: Roboto, sans-serif;\">\n<li><strong>Verpackung<\/strong>: Packung mit 12 St\u00fcck<\/li>\n<li><strong>Wirtschaftlich: <\/strong>Diese <strong>Gl\u00e4ser<\/strong> sind wiederverwendbar.<\/li>\n<li><span style=\"font-weight: bold;\">Gr\u00f6\u00dfe<\/span>: 35-53 x 50 (\u00d8 x H in mm)<\/li>\n<\/ul>\n<p>&nbsp;<\/p>\n<p style=\"text-align: left;\"><!--more--><\/p>\n<p><a href=\"https:\/\/www.csj-emballages.com\/de\/categorie-produit\/lebensmittelverpackungen\/metzgerei-und-feinkostgeschaft\/schalen-topfe-glaser\/glaser\/glaser-de\/\">Sehen Sie sich den Rest unseres Sortiments an Gl\u00e4sern an.<\/a><\/p>\n<p>&nbsp;<\/p>\n","protected":false},"excerpt":{"rendered":"<p>Plastikgl\u00e4ser Beschreibung unserer Plastikgl\u00e4ser Strohhalm<\/p>\n","protected":false},"featured_media":209640,"template":"","meta":{"_acf_changed":false},"product_brand":[],"product_cat":[1170,1279,1281,1283],"product_tag":[],"class_list":{"0":"post-17519","1":"product","2":"type-product","3":"status-publish","4":"has-post-thumbnail","6":"product_cat-metzgerei-und-feinkostgeschaft","7":"product_cat-schalen-topfe-glaser","8":"product_cat-glaser","9":"product_cat-glaser-de","11":"first","12":"instock","13":"taxable","14":"shipping-taxable","15":"purchasable","16":"product-type-simple"},"acf":[],"yoast_head":"<!-- This site is optimized with the Yoast SEO Premium plugin v26.6 (Yoast SEO v26.6) - https:\/\/yoast.com\/wordpress\/plugins\/seo\/ -->\n<title>Plastikgl\u00e4ser - Strohhalm 60 ml<\/title>\n<meta name=\"description\" content=\"Entdecken Sie die Kunststoffgl\u00e4ser Tulpe 77 ml, elegant und praktisch f\u00fcr Ihr Buffet. Diese Gl\u00e4ser sind wiederverwendbar und werden in einem Set von 12 St\u00fcck verkauft.\" \/>\n<meta name=\"robots\" content=\"index, follow, max-snippet:-1, max-image-preview:large, max-video-preview:-1\" \/>\n<link rel=\"canonical\" href=\"https:\/\/www.csj-emballages.com\/de\/produit\/12-glaeser-glas-strohhalm-kristall-kunststoff-60-ml\/\" \/>\n<meta property=\"og:locale\" content=\"de_DE\" \/>\n<meta property=\"og:type\" content=\"article\" \/>\n<meta property=\"og:title\" content=\"Plastikgl\u00e4ser - Strohhalm 60 ml\" \/>\n<meta property=\"og:description\" content=\"Entdecken Sie die Kunststoffgl\u00e4ser Tulpe 77 ml, elegant und praktisch f\u00fcr Ihr Buffet. Diese Gl\u00e4ser sind wiederverwendbar und werden in einem Set von 12 St\u00fcck verkauft.\" \/>\n<meta property=\"og:url\" content=\"https:\/\/www.csj-emballages.com\/de\/produit\/12-glaeser-glas-strohhalm-kristall-kunststoff-60-ml\/\" \/>\n<meta property=\"og:site_name\" content=\"CSJ Emballages\" \/>\n<meta property=\"article:publisher\" content=\"https:\/\/www.facebook.com\/csjemballages\" \/>\n<meta property=\"article:modified_time\" content=\"2026-03-31T00:19:31+00:00\" \/>\n<meta property=\"og:image\" content=\"https:\/\/www.csj-emballages.com\/wp-content\/uploads\/2024\/03\/e-amande-6.png\" \/>\n\t<meta property=\"og:image:width\" content=\"300\" \/>\n\t<meta property=\"og:image:height\" content=\"300\" \/>\n\t<meta property=\"og:image:type\" content=\"image\/png\" \/>\n<meta name=\"twitter:card\" content=\"summary_large_image\" \/>\n<meta name=\"twitter:title\" content=\"Plastikgl\u00e4ser - Strohhalm 60 ml\" \/>\n<meta name=\"twitter:description\" content=\"Entdecken Sie die Kunststoffgl\u00e4ser Tulpe 77 ml, elegant und praktisch f\u00fcr Ihr Buffet. Diese Gl\u00e4ser sind wiederverwendbar und werden in einem Set von 12 St\u00fcck verkauft.\" \/>\n<meta name=\"twitter:label1\" content=\"Gesch\u00e4tzte Lesezeit\" \/>\n\t<meta name=\"twitter:data1\" content=\"3 Minuten\" \/>\n<script type=\"application\/ld+json\" class=\"yoast-schema-graph\">{\"@context\":\"https:\/\/schema.org\",\"@graph\":[{\"@type\":\"WebPage\",\"@id\":\"https:\/\/www.csj-emballages.com\/de\/produit\/12-glaeser-glas-strohhalm-kristall-kunststoff-60-ml\/\",\"url\":\"https:\/\/www.csj-emballages.com\/de\/produit\/12-glaeser-glas-strohhalm-kristall-kunststoff-60-ml\/\",\"name\":\"Plastikgl\u00e4ser - Strohhalm 60 ml\",\"isPartOf\":{\"@id\":\"https:\/\/www.csj-emballages.com\/de\/#website\"},\"primaryImageOfPage\":{\"@id\":\"https:\/\/www.csj-emballages.com\/de\/produit\/12-glaeser-glas-strohhalm-kristall-kunststoff-60-ml\/#primaryimage\"},\"image\":{\"@id\":\"https:\/\/www.csj-emballages.com\/de\/produit\/12-glaeser-glas-strohhalm-kristall-kunststoff-60-ml\/#primaryimage\"},\"thumbnailUrl\":\"https:\/\/www.csj-emballages.com\/wp-content\/uploads\/2024\/03\/paille.webp\",\"datePublished\":\"2024-03-01T15:47:18+00:00\",\"dateModified\":\"2026-03-31T00:19:31+00:00\",\"description\":\"Entdecken Sie die Kunststoffgl\u00e4ser Tulpe 77 ml, elegant und praktisch f\u00fcr Ihr Buffet. Diese Gl\u00e4ser sind wiederverwendbar und werden in einem Set von 12 St\u00fcck verkauft.\",\"breadcrumb\":{\"@id\":\"https:\/\/www.csj-emballages.com\/de\/produit\/12-glaeser-glas-strohhalm-kristall-kunststoff-60-ml\/#breadcrumb\"},\"inLanguage\":\"de\",\"potentialAction\":[{\"@type\":\"ReadAction\",\"target\":[\"https:\/\/www.csj-emballages.com\/de\/produit\/12-glaeser-glas-strohhalm-kristall-kunststoff-60-ml\/\"]}]},{\"@type\":\"ImageObject\",\"inLanguage\":\"de\",\"@id\":\"https:\/\/www.csj-emballages.com\/de\/produit\/12-glaeser-glas-strohhalm-kristall-kunststoff-60-ml\/#primaryimage\",\"url\":\"https:\/\/www.csj-emballages.com\/wp-content\/uploads\/2024\/03\/paille.webp\",\"contentUrl\":\"https:\/\/www.csj-emballages.com\/wp-content\/uploads\/2024\/03\/paille.webp\",\"width\":800,\"height\":800,\"caption\":\"verrines plastique\"},{\"@type\":\"BreadcrumbList\",\"@id\":\"https:\/\/www.csj-emballages.com\/de\/produit\/12-glaeser-glas-strohhalm-kristall-kunststoff-60-ml\/#breadcrumb\",\"itemListElement\":[{\"@type\":\"ListItem\",\"position\":1,\"name\":\"Accueil\",\"item\":\"https:\/\/www.csj-emballages.com\/de\/universum-lebensmittelverpackungen\/\"},{\"@type\":\"ListItem\",\"position\":2,\"name\":\"Shop\",\"item\":\"https:\/\/www.csj-emballages.com\/shop\/\"},{\"@type\":\"ListItem\",\"position\":3,\"name\":\"Plastikgl\u00e4ser mit Strohhalm 60 ml &#8211; 12er Pack\"}]},{\"@type\":\"WebSite\",\"@id\":\"https:\/\/www.csj-emballages.com\/de\/#website\",\"url\":\"https:\/\/www.csj-emballages.com\/de\/\",\"name\":\"CSJ Emballages\",\"description\":\"\",\"publisher\":{\"@id\":\"https:\/\/www.csj-emballages.com\/de\/#organization\"},\"potentialAction\":[{\"@type\":\"SearchAction\",\"target\":{\"@type\":\"EntryPoint\",\"urlTemplate\":\"https:\/\/www.csj-emballages.com\/de\/?s={search_term_string}\"},\"query-input\":{\"@type\":\"PropertyValueSpecification\",\"valueRequired\":true,\"valueName\":\"search_term_string\"}}],\"inLanguage\":\"de\"},{\"@type\":\"Organization\",\"@id\":\"https:\/\/www.csj-emballages.com\/de\/#Organization\/\",\"name\":\"CSJ Emballages\",\"url\":\"https:\/\/www.csj-emballages.com\/de\/\",\"logo\":{\"@type\":\"ImageObject\",\"inLanguage\":\"de\",\"@id\":\"https:\/\/www.csj-emballages.com\/de\/#\/schema\/logo\/image\/\",\"url\":\"https:\/\/www.csj-emballages.com\/wp-content\/uploads\/2023\/10\/logo_csj.webp\",\"contentUrl\":\"https:\/\/www.csj-emballages.com\/wp-content\/uploads\/2023\/10\/logo_csj.webp\",\"width\":250,\"height\":95,\"caption\":\"CSJ Emballages\"},\"image\":{\"@id\":\"https:\/\/www.csj-emballages.com\/de\/#\/schema\/logo\/image\/\"},\"sameAs\":[\"https:\/\/www.facebook.com\/csjemballages\"],\"address\":{\"@type\":\"PostalAddress\",\"streetAddress\":\"ZI La Lechere\",\"addressLocality\":\"Patornay\",\"postalCode\":\"39130\",\"addressCountry\":\"FR\"},\"contactPoint\":[{\"@type\":\"ContactPoint\",\"contactType\":\"Service client\",\"telephone\":\"0384254272\",\"email\":\"contact@csj-emballages.com\"}]}]}<\/script>\n<!-- \/ Yoast SEO Premium plugin. -->","yoast_head_json":{"title":"Plastikgl\u00e4ser - Strohhalm 60 ml","description":"Entdecken Sie die Kunststoffgl\u00e4ser Tulpe 77 ml, elegant und praktisch f\u00fcr Ihr Buffet. Diese Gl\u00e4ser sind wiederverwendbar und werden in einem Set von 12 St\u00fcck verkauft.","robots":{"index":"index","follow":"follow","max-snippet":"max-snippet:-1","max-image-preview":"max-image-preview:large","max-video-preview":"max-video-preview:-1"},"canonical":"https:\/\/www.csj-emballages.com\/de\/produit\/12-glaeser-glas-strohhalm-kristall-kunststoff-60-ml\/","og_locale":"de_DE","og_type":"article","og_title":"Plastikgl\u00e4ser - Strohhalm 60 ml","og_description":"Entdecken Sie die Kunststoffgl\u00e4ser Tulpe 77 ml, elegant und praktisch f\u00fcr Ihr Buffet. Diese Gl\u00e4ser sind wiederverwendbar und werden in einem Set von 12 St\u00fcck verkauft.","og_url":"https:\/\/www.csj-emballages.com\/de\/produit\/12-glaeser-glas-strohhalm-kristall-kunststoff-60-ml\/","og_site_name":"CSJ Emballages","article_publisher":"https:\/\/www.facebook.com\/csjemballages","article_modified_time":"2026-03-31T00:19:31+00:00","og_image":[{"width":300,"height":300,"url":"https:\/\/www.csj-emballages.com\/wp-content\/uploads\/2024\/03\/e-amande-6.png","type":"image\/png"}],"twitter_card":"summary_large_image","twitter_title":"Plastikgl\u00e4ser - Strohhalm 60 ml","twitter_description":"Entdecken Sie die Kunststoffgl\u00e4ser Tulpe 77 ml, elegant und praktisch f\u00fcr Ihr Buffet. Diese Gl\u00e4ser sind wiederverwendbar und werden in einem Set von 12 St\u00fcck verkauft.","twitter_misc":{"Gesch\u00e4tzte Lesezeit":"3 Minuten"},"schema":{"@context":"https:\/\/schema.org","@graph":[{"@type":"WebPage","@id":"https:\/\/www.csj-emballages.com\/de\/produit\/12-glaeser-glas-strohhalm-kristall-kunststoff-60-ml\/","url":"https:\/\/www.csj-emballages.com\/de\/produit\/12-glaeser-glas-strohhalm-kristall-kunststoff-60-ml\/","name":"Plastikgl\u00e4ser - Strohhalm 60 ml","isPartOf":{"@id":"https:\/\/www.csj-emballages.com\/de\/#website"},"primaryImageOfPage":{"@id":"https:\/\/www.csj-emballages.com\/de\/produit\/12-glaeser-glas-strohhalm-kristall-kunststoff-60-ml\/#primaryimage"},"image":{"@id":"https:\/\/www.csj-emballages.com\/de\/produit\/12-glaeser-glas-strohhalm-kristall-kunststoff-60-ml\/#primaryimage"},"thumbnailUrl":"https:\/\/www.csj-emballages.com\/wp-content\/uploads\/2024\/03\/paille.webp","datePublished":"2024-03-01T15:47:18+00:00","dateModified":"2026-03-31T00:19:31+00:00","description":"Entdecken Sie die Kunststoffgl\u00e4ser Tulpe 77 ml, elegant und praktisch f\u00fcr Ihr Buffet. Diese Gl\u00e4ser sind wiederverwendbar und werden in einem Set von 12 St\u00fcck verkauft.","breadcrumb":{"@id":"https:\/\/www.csj-emballages.com\/de\/produit\/12-glaeser-glas-strohhalm-kristall-kunststoff-60-ml\/#breadcrumb"},"inLanguage":"de","potentialAction":[{"@type":"ReadAction","target":["https:\/\/www.csj-emballages.com\/de\/produit\/12-glaeser-glas-strohhalm-kristall-kunststoff-60-ml\/"]}]},{"@type":"ImageObject","inLanguage":"de","@id":"https:\/\/www.csj-emballages.com\/de\/produit\/12-glaeser-glas-strohhalm-kristall-kunststoff-60-ml\/#primaryimage","url":"https:\/\/www.csj-emballages.com\/wp-content\/uploads\/2024\/03\/paille.webp","contentUrl":"https:\/\/www.csj-emballages.com\/wp-content\/uploads\/2024\/03\/paille.webp","width":800,"height":800,"caption":"verrines plastique"},{"@type":"BreadcrumbList","@id":"https:\/\/www.csj-emballages.com\/de\/produit\/12-glaeser-glas-strohhalm-kristall-kunststoff-60-ml\/#breadcrumb","itemListElement":[{"@type":"ListItem","position":1,"name":"Accueil","item":"https:\/\/www.csj-emballages.com\/de\/universum-lebensmittelverpackungen\/"},{"@type":"ListItem","position":2,"name":"Shop","item":"https:\/\/www.csj-emballages.com\/shop\/"},{"@type":"ListItem","position":3,"name":"Plastikgl\u00e4ser mit Strohhalm 60 ml &#8211; 12er Pack"}]},{"@type":"WebSite","@id":"https:\/\/www.csj-emballages.com\/de\/#website","url":"https:\/\/www.csj-emballages.com\/de\/","name":"CSJ Emballages","description":"","publisher":{"@id":"https:\/\/www.csj-emballages.com\/de\/#organization"},"potentialAction":[{"@type":"SearchAction","target":{"@type":"EntryPoint","urlTemplate":"https:\/\/www.csj-emballages.com\/de\/?s={search_term_string}"},"query-input":{"@type":"PropertyValueSpecification","valueRequired":true,"valueName":"search_term_string"}}],"inLanguage":"de"},{"@type":"Organization","@id":"https:\/\/www.csj-emballages.com\/de\/#Organization\/","name":"CSJ Emballages","url":"https:\/\/www.csj-emballages.com\/de\/","logo":{"@type":"ImageObject","inLanguage":"de","@id":"https:\/\/www.csj-emballages.com\/de\/#\/schema\/logo\/image\/","url":"https:\/\/www.csj-emballages.com\/wp-content\/uploads\/2023\/10\/logo_csj.webp","contentUrl":"https:\/\/www.csj-emballages.com\/wp-content\/uploads\/2023\/10\/logo_csj.webp","width":250,"height":95,"caption":"CSJ Emballages"},"image":{"@id":"https:\/\/www.csj-emballages.com\/de\/#\/schema\/logo\/image\/"},"sameAs":["https:\/\/www.facebook.com\/csjemballages"],"address":{"@type":"PostalAddress","streetAddress":"ZI La Lechere","addressLocality":"Patornay","postalCode":"39130","addressCountry":"FR"},"contactPoint":[{"@type":"ContactPoint","contactType":"Service client","telephone":"0384254272","email":"contact@csj-emballages.com"}]}]}},"df_price":3.85,"df_sale_price":"","df_regular_price":3.85,"df_image_link":"https:\/\/www.csj-emballages.com\/wp-content\/uploads\/2024\/03\/paille-300x300.webp","tiered_pricing_type":"fixed","tiered_pricing_fixed_rules":[],"tiered_pricing_percentage_rules":[],"tiered_pricing_minimum":1,"tiered_pricing_roles_data":[],"_links":{"self":[{"href":"https:\/\/www.csj-emballages.com\/de\/wp-json\/wp\/v2\/product\/17519","targetHints":{"allow":["GET"]}}],"collection":[{"href":"https:\/\/www.csj-emballages.com\/de\/wp-json\/wp\/v2\/product"}],"about":[{"href":"https:\/\/www.csj-emballages.com\/de\/wp-json\/wp\/v2\/types\/product"}],"wp:featuredmedia":[{"embeddable":true,"href":"https:\/\/www.csj-emballages.com\/de\/wp-json\/wp\/v2\/media\/209640"}],"wp:attachment":[{"href":"https:\/\/www.csj-emballages.com\/de\/wp-json\/wp\/v2\/media?parent=17519"}],"wp:term":[{"taxonomy":"product_brand","embeddable":true,"href":"https:\/\/www.csj-emballages.com\/de\/wp-json\/wp\/v2\/product_brand?post=17519"},{"taxonomy":"product_cat","embeddable":true,"href":"https:\/\/www.csj-emballages.com\/de\/wp-json\/wp\/v2\/product_cat?post=17519"},{"taxonomy":"product_tag","embeddable":true,"href":"https:\/\/www.csj-emballages.com\/de\/wp-json\/wp\/v2\/product_tag?post=17519"}],"curies":[{"name":"wp","href":"https:\/\/api.w.org\/{rel}","templated":true}]}}