{"id":17473,"date":"2024-03-01T16:47:22","date_gmt":"2024-03-01T15:47:22","guid":{"rendered":"https:\/\/u15jnbdpoq.preview.infomaniak.website\/produit\/20-dessertschalen-coadry20-aus-kunststoff-200-ml\/"},"modified":"2026-03-17T02:19:55","modified_gmt":"2026-03-17T01:19:55","slug":"20-dessertschalen-coadry20-aus-kunststoff-200-ml","status":"publish","type":"product","link":"https:\/\/www.csj-emballages.com\/de\/produit\/20-dessertschalen-coadry20-aus-kunststoff-200-ml\/","title":{"rendered":"Plastikglas &#8222;coadry20&#8220; 200 ml pro 20 St\u00fcck"},"content":{"rendered":"<h2>Plastikglas<\/h2>\n<hr>\n<h3>Beschreibung unseres Plastikglases &#8222;coadry20&#8220; 200 ml pro 20 St\u00fcck<\/h3>\n<p><!--more--><\/p>\n<p data-start=\"277\" data-end=\"590\">Der <strong>Kunststoff-Dessertbecher \u201eCoadry20\u201c 200 ml<\/strong> ist eine elegante und praktische L\u00f6sung f\u00fcr die Pr\u00e4sentation <strong>individueller, s\u00fc\u00dfer wie herzhafter<\/strong> Speisen. Sein modernes Design mit geraden und <strong>transparenten<\/strong> Linien betont die Texturen und Farben der Rezepte und sorgt f\u00fcr ein gepflegtes und professionelles Erscheinungsbild. <\/p>\n<p data-start=\"592\" data-end=\"1024\">Hergestellt aus lebensmittelechtem, <strong>transparentem Kunststoff<\/strong>, bietet dieser Becher eine hervorragende Sicht auf den Inhalt und gew\u00e4hrleistet gleichzeitig eine gute Widerstandsf\u00e4higkeit im Gebrauch. Sein <strong>Fassungsverm\u00f6gen von 200 ml<\/strong> ist ideal f\u00fcr die Pr\u00e4sentation von <strong>kalten Vorspeisen, Aperitif-Verrines, Desserts, Mousses, Cremes, Tartars oder Saucen mit Beilagen<\/strong>. Er eignet sich gleicherma\u00dfen f\u00fcr Buffets, Cocktails, Empf\u00e4nge und Cateringservices.  <\/p>\n<p data-start=\"1026\" data-end=\"1367\">Dank seiner stabilen Form und des flachen Bodens l\u00e4sst sich der <strong>Dessertbecher \u201eCoadry20\u201c<\/strong> leicht auf Tischen und Tabletts platzieren, ohne dass die Gefahr des Umkippens besteht. Leicht und angenehm zu handhaben, erleichtert er den Service und den Genuss f\u00fcr Ihre G\u00e4ste. Er ist besonders beliebt bei Veranstaltungen, wo \u00c4sthetik und Praktikabilit\u00e4t entscheidend sind.  <\/p>\n<p data-start=\"1369\" data-end=\"1637\">Verpackt als <strong>20er-Set<\/strong>, ist dieser <strong>Dessertbecher<\/strong> ideal f\u00fcr kleine Empf\u00e4nge, einmalige Veranstaltungen oder anspruchsvolle Pr\u00e4sentationen in der professionellen Gastronomie. Er spart Zeit und sorgt gleichzeitig f\u00fcr eine elegante und homogene Inszenierung. <\/p>\n<p>&nbsp;<\/p>\n<p><!--more--><\/p>\n<h4>Vorteile :<\/h4>\n<ul>\n<li data-start=\"1675\" data-end=\"1729\">Fassungsverm\u00f6gen <strong>200 ml<\/strong>, geeignet f\u00fcr individuelle Dessertbecher.<\/li>\n<li data-start=\"1732\" data-end=\"1783\"><strong>Transparenter<\/strong> Kunststoff, lebensmittelecht.<\/li>\n<li data-start=\"1840\" data-end=\"1880\">Gute Stabilit\u00e4t auf Tischen und Tabletts.<\/li>\n<li data-start=\"1883\" data-end=\"1927\">Geeignet f\u00fcr s\u00fc\u00dfe und herzhafte Zubereitungen.<\/li>\n<li data-start=\"1963\" data-end=\"2009\">Ideal f\u00fcr Buffets, Cocktails und Veranstaltungen.<\/li>\n<li data-start=\"2012\" data-end=\"2054\">Praktische Verpackung im <strong>20er-Set<\/strong>.<\/li>\n<\/ul>\n<p>&nbsp;<\/p>\n<p><!--more--><\/p>\n<h4>Weitere Informationen :<\/h4>\n<ul>\n<li><strong>Abmessungen<\/strong>: 70 x 70 x 73 ( L x B x H in mm).<\/li>\n<li><strong>Verpackung<\/strong>: Packungen zu 20<\/li>\n<li><strong>Volumen<\/strong>: 20 cl<\/li>\n<li><strong>Material<\/strong>: PET<\/li>\n<li><strong>Betriebstemperatur<\/strong>: -40\u00b0C \/ +60\u00b0C<\/li>\n<\/ul>\n<p>&nbsp;<\/p>\n<p><!--more--><\/p>\n<p>Finden Sie hier den passenden Deckel f\u00fcr dieses Produkt. <span style=\"color: #d12727;\"><a style=\"color: #d12727;\" href=\"https:\/\/www.csj-emballages.com\/produit\/20-couvercles-plastique-pour-ref-coadry20\/\"><span style=\"color: #d12727;\">COUVERVERCOADRY20<\/span><\/a><\/span><\/p>\n<p>&nbsp;<\/p>\n<p><!--more--><\/p>\n<p><a href=\"https:\/\/www.csj-emballages.com\/de\/categorie-produit\/lebensmittelverpackungen\/metzgerei-und-feinkostgeschaft\/schalen-topfe-glaser\/dessertschalen\/\">Entdecken Sie den Rest unseres Sortiments an Dessertschalen<\/a><\/p>\n","protected":false},"excerpt":{"rendered":"<p>Plastikglas Beschreibung unseres Plastikglases &#8222;coadry20&#8220; 200 ml pro 20 St\u00fcck<\/p>\n","protected":false},"featured_media":218683,"template":"","meta":{"_acf_changed":false},"product_brand":[],"product_cat":[1137,1170,1279,1464],"product_tag":[],"class_list":{"0":"post-17473","1":"product","2":"type-product","3":"status-publish","4":"has-post-thumbnail","6":"product_cat-lebensmittelverpackungen","7":"product_cat-metzgerei-und-feinkostgeschaft","8":"product_cat-schalen-topfe-glaser","9":"product_cat-dessertschalen","11":"first","12":"instock","13":"taxable","14":"shipping-taxable","15":"purchasable","16":"product-type-simple"},"acf":[],"yoast_head":"<!-- This site is optimized with the Yoast SEO Premium plugin v26.6 (Yoast SEO v26.6) - https:\/\/yoast.com\/wordpress\/plugins\/seo\/ -->\n<title>Plastikglas &quot;Coadry20&quot; - 200 ml<\/title>\n<meta name=\"description\" content=\"Kunststoffbecher, entworfen, um Ihre Kreationen perfekt in Szene zu setzen. Solide und praktisch, garantiert eine gepflegte Pr\u00e4sentation und einen sicheren Transport.\" \/>\n<meta name=\"robots\" content=\"index, follow, max-snippet:-1, max-image-preview:large, max-video-preview:-1\" \/>\n<link rel=\"canonical\" href=\"https:\/\/www.csj-emballages.com\/de\/produit\/20-dessertschalen-coadry20-aus-kunststoff-200-ml\/\" \/>\n<meta property=\"og:locale\" content=\"de_DE\" \/>\n<meta property=\"og:type\" content=\"article\" \/>\n<meta property=\"og:title\" content=\"Plastikglas &quot;coadry20&quot; 200 ml pro 20 St\u00fcck\" \/>\n<meta property=\"og:description\" content=\"Kunststoffbecher, entworfen, um Ihre Kreationen perfekt in Szene zu setzen. Solide und praktisch, garantiert eine gepflegte Pr\u00e4sentation und einen sicheren Transport.\" \/>\n<meta property=\"og:url\" content=\"https:\/\/www.csj-emballages.com\/de\/produit\/20-dessertschalen-coadry20-aus-kunststoff-200-ml\/\" \/>\n<meta property=\"og:site_name\" content=\"CSJ Emballages\" \/>\n<meta property=\"article:publisher\" content=\"https:\/\/www.facebook.com\/csjemballages\" \/>\n<meta property=\"article:modified_time\" content=\"2026-03-17T01:19:55+00:00\" \/>\n<meta property=\"og:image\" content=\"https:\/\/www.csj-emballages.com\/wp-content\/uploads\/2024\/03\/Coadry20.webp\" \/>\n\t<meta property=\"og:image:width\" content=\"800\" \/>\n\t<meta property=\"og:image:height\" content=\"800\" \/>\n\t<meta property=\"og:image:type\" content=\"image\/webp\" \/>\n<meta name=\"twitter:card\" content=\"summary_large_image\" \/>\n<meta name=\"twitter:label1\" content=\"Gesch\u00e4tzte Lesezeit\" \/>\n\t<meta name=\"twitter:data1\" content=\"1\u00a0Minute\" \/>\n<script type=\"application\/ld+json\" class=\"yoast-schema-graph\">{\"@context\":\"https:\/\/schema.org\",\"@graph\":[{\"@type\":\"WebPage\",\"@id\":\"https:\/\/www.csj-emballages.com\/de\/produit\/20-dessertschalen-coadry20-aus-kunststoff-200-ml\/\",\"url\":\"https:\/\/www.csj-emballages.com\/de\/produit\/20-dessertschalen-coadry20-aus-kunststoff-200-ml\/\",\"name\":\"Plastikglas \\\"Coadry20\\\" - 200 ml\",\"isPartOf\":{\"@id\":\"https:\/\/www.csj-emballages.com\/de\/#website\"},\"primaryImageOfPage\":{\"@id\":\"https:\/\/www.csj-emballages.com\/de\/produit\/20-dessertschalen-coadry20-aus-kunststoff-200-ml\/#primaryimage\"},\"image\":{\"@id\":\"https:\/\/www.csj-emballages.com\/de\/produit\/20-dessertschalen-coadry20-aus-kunststoff-200-ml\/#primaryimage\"},\"thumbnailUrl\":\"https:\/\/www.csj-emballages.com\/wp-content\/uploads\/2024\/03\/Coadry20.webp\",\"datePublished\":\"2024-03-01T15:47:22+00:00\",\"dateModified\":\"2026-03-17T01:19:55+00:00\",\"description\":\"Kunststoffbecher, entworfen, um Ihre Kreationen perfekt in Szene zu setzen. Solide und praktisch, garantiert eine gepflegte Pr\u00e4sentation und einen sicheren Transport.\",\"breadcrumb\":{\"@id\":\"https:\/\/www.csj-emballages.com\/de\/produit\/20-dessertschalen-coadry20-aus-kunststoff-200-ml\/#breadcrumb\"},\"inLanguage\":\"de\",\"potentialAction\":[{\"@type\":\"ReadAction\",\"target\":[\"https:\/\/www.csj-emballages.com\/de\/produit\/20-dessertschalen-coadry20-aus-kunststoff-200-ml\/\"]}]},{\"@type\":\"ImageObject\",\"inLanguage\":\"de\",\"@id\":\"https:\/\/www.csj-emballages.com\/de\/produit\/20-dessertschalen-coadry20-aus-kunststoff-200-ml\/#primaryimage\",\"url\":\"https:\/\/www.csj-emballages.com\/wp-content\/uploads\/2024\/03\/Coadry20.webp\",\"contentUrl\":\"https:\/\/www.csj-emballages.com\/wp-content\/uploads\/2024\/03\/Coadry20.webp\",\"width\":800,\"height\":800,\"caption\":\"Verrine plastique\"},{\"@type\":\"BreadcrumbList\",\"@id\":\"https:\/\/www.csj-emballages.com\/de\/produit\/20-dessertschalen-coadry20-aus-kunststoff-200-ml\/#breadcrumb\",\"itemListElement\":[{\"@type\":\"ListItem\",\"position\":1,\"name\":\"Accueil\",\"item\":\"https:\/\/www.csj-emballages.com\/de\/universum-lebensmittelverpackungen\/\"},{\"@type\":\"ListItem\",\"position\":2,\"name\":\"Shop\",\"item\":\"https:\/\/www.csj-emballages.com\/shop\/\"},{\"@type\":\"ListItem\",\"position\":3,\"name\":\"Plastikglas \u00ab\u00a0coadry20\u00a0\u00bb 200 ml pro 20 St\u00fcck\"}]},{\"@type\":\"WebSite\",\"@id\":\"https:\/\/www.csj-emballages.com\/de\/#website\",\"url\":\"https:\/\/www.csj-emballages.com\/de\/\",\"name\":\"CSJ Emballages\",\"description\":\"\",\"publisher\":{\"@id\":\"https:\/\/www.csj-emballages.com\/de\/#organization\"},\"potentialAction\":[{\"@type\":\"SearchAction\",\"target\":{\"@type\":\"EntryPoint\",\"urlTemplate\":\"https:\/\/www.csj-emballages.com\/de\/?s={search_term_string}\"},\"query-input\":{\"@type\":\"PropertyValueSpecification\",\"valueRequired\":true,\"valueName\":\"search_term_string\"}}],\"inLanguage\":\"de\"},{\"@type\":\"Organization\",\"@id\":\"https:\/\/www.csj-emballages.com\/de\/#Organization\/\",\"name\":\"CSJ Emballages\",\"url\":\"https:\/\/www.csj-emballages.com\/de\/\",\"logo\":{\"@type\":\"ImageObject\",\"inLanguage\":\"de\",\"@id\":\"https:\/\/www.csj-emballages.com\/de\/#\/schema\/logo\/image\/\",\"url\":\"https:\/\/www.csj-emballages.com\/wp-content\/uploads\/2023\/10\/logo_csj.webp\",\"contentUrl\":\"https:\/\/www.csj-emballages.com\/wp-content\/uploads\/2023\/10\/logo_csj.webp\",\"width\":250,\"height\":95,\"caption\":\"CSJ Emballages\"},\"image\":{\"@id\":\"https:\/\/www.csj-emballages.com\/de\/#\/schema\/logo\/image\/\"},\"sameAs\":[\"https:\/\/www.facebook.com\/csjemballages\"],\"address\":{\"@type\":\"PostalAddress\",\"streetAddress\":\"ZI La Lechere\",\"addressLocality\":\"Patornay\",\"postalCode\":\"39130\",\"addressCountry\":\"FR\"},\"contactPoint\":[{\"@type\":\"ContactPoint\",\"contactType\":\"Service client\",\"telephone\":\"0384254272\",\"email\":\"contact@csj-emballages.com\"}]}]}<\/script>\n<!-- \/ Yoast SEO Premium plugin. -->","yoast_head_json":{"title":"Plastikglas \"Coadry20\" - 200 ml","description":"Kunststoffbecher, entworfen, um Ihre Kreationen perfekt in Szene zu setzen. Solide und praktisch, garantiert eine gepflegte Pr\u00e4sentation und einen sicheren Transport.","robots":{"index":"index","follow":"follow","max-snippet":"max-snippet:-1","max-image-preview":"max-image-preview:large","max-video-preview":"max-video-preview:-1"},"canonical":"https:\/\/www.csj-emballages.com\/de\/produit\/20-dessertschalen-coadry20-aus-kunststoff-200-ml\/","og_locale":"de_DE","og_type":"article","og_title":"Plastikglas \"coadry20\" 200 ml pro 20 St\u00fcck","og_description":"Kunststoffbecher, entworfen, um Ihre Kreationen perfekt in Szene zu setzen. Solide und praktisch, garantiert eine gepflegte Pr\u00e4sentation und einen sicheren Transport.","og_url":"https:\/\/www.csj-emballages.com\/de\/produit\/20-dessertschalen-coadry20-aus-kunststoff-200-ml\/","og_site_name":"CSJ Emballages","article_publisher":"https:\/\/www.facebook.com\/csjemballages","article_modified_time":"2026-03-17T01:19:55+00:00","og_image":[{"width":800,"height":800,"url":"https:\/\/www.csj-emballages.com\/wp-content\/uploads\/2024\/03\/Coadry20.webp","type":"image\/webp"}],"twitter_card":"summary_large_image","twitter_misc":{"Gesch\u00e4tzte Lesezeit":"1\u00a0Minute"},"schema":{"@context":"https:\/\/schema.org","@graph":[{"@type":"WebPage","@id":"https:\/\/www.csj-emballages.com\/de\/produit\/20-dessertschalen-coadry20-aus-kunststoff-200-ml\/","url":"https:\/\/www.csj-emballages.com\/de\/produit\/20-dessertschalen-coadry20-aus-kunststoff-200-ml\/","name":"Plastikglas \"Coadry20\" - 200 ml","isPartOf":{"@id":"https:\/\/www.csj-emballages.com\/de\/#website"},"primaryImageOfPage":{"@id":"https:\/\/www.csj-emballages.com\/de\/produit\/20-dessertschalen-coadry20-aus-kunststoff-200-ml\/#primaryimage"},"image":{"@id":"https:\/\/www.csj-emballages.com\/de\/produit\/20-dessertschalen-coadry20-aus-kunststoff-200-ml\/#primaryimage"},"thumbnailUrl":"https:\/\/www.csj-emballages.com\/wp-content\/uploads\/2024\/03\/Coadry20.webp","datePublished":"2024-03-01T15:47:22+00:00","dateModified":"2026-03-17T01:19:55+00:00","description":"Kunststoffbecher, entworfen, um Ihre Kreationen perfekt in Szene zu setzen. Solide und praktisch, garantiert eine gepflegte Pr\u00e4sentation und einen sicheren Transport.","breadcrumb":{"@id":"https:\/\/www.csj-emballages.com\/de\/produit\/20-dessertschalen-coadry20-aus-kunststoff-200-ml\/#breadcrumb"},"inLanguage":"de","potentialAction":[{"@type":"ReadAction","target":["https:\/\/www.csj-emballages.com\/de\/produit\/20-dessertschalen-coadry20-aus-kunststoff-200-ml\/"]}]},{"@type":"ImageObject","inLanguage":"de","@id":"https:\/\/www.csj-emballages.com\/de\/produit\/20-dessertschalen-coadry20-aus-kunststoff-200-ml\/#primaryimage","url":"https:\/\/www.csj-emballages.com\/wp-content\/uploads\/2024\/03\/Coadry20.webp","contentUrl":"https:\/\/www.csj-emballages.com\/wp-content\/uploads\/2024\/03\/Coadry20.webp","width":800,"height":800,"caption":"Verrine plastique"},{"@type":"BreadcrumbList","@id":"https:\/\/www.csj-emballages.com\/de\/produit\/20-dessertschalen-coadry20-aus-kunststoff-200-ml\/#breadcrumb","itemListElement":[{"@type":"ListItem","position":1,"name":"Accueil","item":"https:\/\/www.csj-emballages.com\/de\/universum-lebensmittelverpackungen\/"},{"@type":"ListItem","position":2,"name":"Shop","item":"https:\/\/www.csj-emballages.com\/shop\/"},{"@type":"ListItem","position":3,"name":"Plastikglas \u00ab\u00a0coadry20\u00a0\u00bb 200 ml pro 20 St\u00fcck"}]},{"@type":"WebSite","@id":"https:\/\/www.csj-emballages.com\/de\/#website","url":"https:\/\/www.csj-emballages.com\/de\/","name":"CSJ Emballages","description":"","publisher":{"@id":"https:\/\/www.csj-emballages.com\/de\/#organization"},"potentialAction":[{"@type":"SearchAction","target":{"@type":"EntryPoint","urlTemplate":"https:\/\/www.csj-emballages.com\/de\/?s={search_term_string}"},"query-input":{"@type":"PropertyValueSpecification","valueRequired":true,"valueName":"search_term_string"}}],"inLanguage":"de"},{"@type":"Organization","@id":"https:\/\/www.csj-emballages.com\/de\/#Organization\/","name":"CSJ Emballages","url":"https:\/\/www.csj-emballages.com\/de\/","logo":{"@type":"ImageObject","inLanguage":"de","@id":"https:\/\/www.csj-emballages.com\/de\/#\/schema\/logo\/image\/","url":"https:\/\/www.csj-emballages.com\/wp-content\/uploads\/2023\/10\/logo_csj.webp","contentUrl":"https:\/\/www.csj-emballages.com\/wp-content\/uploads\/2023\/10\/logo_csj.webp","width":250,"height":95,"caption":"CSJ Emballages"},"image":{"@id":"https:\/\/www.csj-emballages.com\/de\/#\/schema\/logo\/image\/"},"sameAs":["https:\/\/www.facebook.com\/csjemballages"],"address":{"@type":"PostalAddress","streetAddress":"ZI La Lechere","addressLocality":"Patornay","postalCode":"39130","addressCountry":"FR"},"contactPoint":[{"@type":"ContactPoint","contactType":"Service client","telephone":"0384254272","email":"contact@csj-emballages.com"}]}]}},"df_price":3.84,"df_sale_price":"","df_regular_price":3.84,"df_image_link":"https:\/\/www.csj-emballages.com\/wp-content\/uploads\/2024\/03\/Coadry20-300x300.webp","tiered_pricing_type":"fixed","tiered_pricing_fixed_rules":[],"tiered_pricing_percentage_rules":[],"tiered_pricing_minimum":1,"tiered_pricing_roles_data":[],"_links":{"self":[{"href":"https:\/\/www.csj-emballages.com\/de\/wp-json\/wp\/v2\/product\/17473","targetHints":{"allow":["GET"]}}],"collection":[{"href":"https:\/\/www.csj-emballages.com\/de\/wp-json\/wp\/v2\/product"}],"about":[{"href":"https:\/\/www.csj-emballages.com\/de\/wp-json\/wp\/v2\/types\/product"}],"wp:featuredmedia":[{"embeddable":true,"href":"https:\/\/www.csj-emballages.com\/de\/wp-json\/wp\/v2\/media\/218683"}],"wp:attachment":[{"href":"https:\/\/www.csj-emballages.com\/de\/wp-json\/wp\/v2\/media?parent=17473"}],"wp:term":[{"taxonomy":"product_brand","embeddable":true,"href":"https:\/\/www.csj-emballages.com\/de\/wp-json\/wp\/v2\/product_brand?post=17473"},{"taxonomy":"product_cat","embeddable":true,"href":"https:\/\/www.csj-emballages.com\/de\/wp-json\/wp\/v2\/product_cat?post=17473"},{"taxonomy":"product_tag","embeddable":true,"href":"https:\/\/www.csj-emballages.com\/de\/wp-json\/wp\/v2\/product_tag?post=17473"}],"curies":[{"name":"wp","href":"https:\/\/api.w.org\/{rel}","templated":true}]}}