{"id":17430,"date":"2024-03-01T16:59:43","date_gmt":"2024-03-01T15:59:43","guid":{"rendered":"https:\/\/u15jnbdpoq.preview.infomaniak.website\/produit\/kurkuma-rhizom-madras-gemahlen-1-kg\/"},"modified":"2026-04-28T02:10:42","modified_gmt":"2026-04-28T00:10:42","slug":"kurkuma-rhizom-madras-gemahlen-1-kg","status":"publish","type":"product","link":"https:\/\/www.csj-emballages.com\/de\/produit\/kurkuma-rhizom-madras-gemahlen-1-kg\/","title":{"rendered":"Kurkuma Rhizom Madras gemahlen 1 kg"},"content":{"rendered":"<h2>Kurkuma<\/h2>\n<div style=\"font-family: Roboto, sans-serif;\">\n<div style=\"font-family: Roboto, sans-serif;\">\n<div style=\"font-family: Roboto, sans-serif;\">\n<div style=\"font-family: Roboto, sans-serif;\">\n<div style=\"font-family: Roboto, sans-serif;\">\n<div style=\"font-family: Roboto, sans-serif;\">\n<hr>\n<h3>Beschreibung von Kurkuma-Rhizom Madras gemahlen 1 kg<\/h3>\n<p><!--more--><\/p>\n<\/div>\n<\/div>\n<\/div>\n<\/div>\n<\/div>\n<\/div>\n<p data-start=\"217\" data-end=\"602\">Das <strong>gemahlene Kurkuma-Rhizom Madras<\/strong> ist ein Muss f\u00fcr alle, die gerne mit charaktervollen Gew\u00fcrzen kochen. Aus sorgf\u00e4ltig ausgew\u00e4hlten <strong>Rhizomen<\/strong> gewonnen, zeichnet sich dieses <strong>Kurkuma<\/strong> durch seine <strong>intensive gelbe Farbe<\/strong> und seinen warmen, leicht pfeffrigen Geschmack mit einer gut ausbalancierten erdigen Note aus. Schon beim \u00d6ffnen der Packung offenbart sein Duft einen wahren Aromareichtum.  <\/p>\n<p data-start=\"604\" data-end=\"998\">Dank seiner <strong>feinen Mahlung<\/strong> l\u00e4sst es sich leicht in alle Arten von Zubereitungen integrieren. Ob zum Verfeinern eines Schmorgerichts, zum Aromatisieren von Reis, zum Veredeln einer Sauce oder um einer Marinade eine sonnige Note zu verleihen \u2013 es findet seinen nat\u00fcrlichen Platz in der K\u00fcche. Zudem verleiht ihm seine Madras-Herkunft einen authentischen Geschmack, der in indischen, asiatischen oder vegetarischen Rezepten sehr gesch\u00e4tzt wird.  <\/p>\n<p data-start=\"1000\" data-end=\"1340\">Verpackt im <strong data-start=\"1015\" data-end=\"1030\">1-kg-Format<\/strong> ist dieses Kurkuma perfekt f\u00fcr den professionellen Einsatz geeignet. Restaurants, Caterer, Gro\u00dfk\u00fcchen oder Verarbeitungsbetriebe k\u00f6nnen es t\u00e4glich verwenden, ohne sich um zu h\u00e4ufige Nachbestellungen k\u00fcmmern zu m\u00fcssen. Diese Gro\u00dfpackung hilft zudem, Kosten zu kontrollieren und gleichzeitig eine gleichbleibende Qualit\u00e4t zu gew\u00e4hrleisten.  <\/p>\n<p data-start=\"1342\" data-end=\"1614\">Dar\u00fcber hinaus ist <strong>Kurkuma<\/strong> f\u00fcr seine Vielseitigkeit bekannt. Es beschr\u00e4nkt sich nicht auf herzhafte Gerichte: Es kann auch Bestandteil von Hei\u00dfgetr\u00e4nken, Gew\u00fcrzmischungen oder Wellness-Rezepten sein. Seine nat\u00fcrliche Farbe sorgt f\u00fcr eine appetitliche Optik, ganz ohne k\u00fcnstliche Zus\u00e4tze.  <\/p>\n<p data-start=\"1616\" data-end=\"1821\">Zusammenfassend vereint dieses <strong>gemahlene Kurkuma-Rhizom Madras<\/strong> Intensit\u00e4t, Authentizit\u00e4t und Praktikabilit\u00e4t. Es ist ein zuverl\u00e4ssiges, einfach zu verarbeitendes Gew\u00fcrz, das Rezepte bereichert und gleichzeitig kulinarische Traditionen respektiert. <\/p>\n<p><!--more--><\/p>\n<div style=\"font-family: Roboto, sans-serif;\">\n<div style=\"font-family: Roboto, sans-serif;\">\n<div style=\"font-family: Roboto, sans-serif;\">\n<div style=\"font-family: Roboto, sans-serif;\">\n<div style=\"font-family: Roboto, sans-serif;\">\n<div style=\"font-family: Roboto, sans-serif;\">\n<p><strong>Vorteile :<\/strong><\/p>\n<ul>\n<li data-start=\"1849\" data-end=\"1879\">Warmer und ausgewogener Geschmack.<\/li>\n<li data-start=\"1882\" data-end=\"1919\">Intensive und nat\u00fcrliche gelbe Farbe.<\/li>\n<li data-start=\"1922\" data-end=\"1958\"><strong>Feine Mahlung<\/strong>, leicht einzuarbeiten.<\/li>\n<li data-start=\"1961\" data-end=\"1989\">Wirtschaftliches <strong>1-kg-Format<\/strong>.<\/li>\n<li data-start=\"1992\" data-end=\"2026\">F\u00fcr den professionellen Einsatz geeignet.<\/li>\n<li data-start=\"2029\" data-end=\"2070\">Vielseitig in herzhafter K\u00fcche und Wellness.<\/li>\n<\/ul>\n<\/div>\n<\/div>\n<p>&nbsp;<\/p>\n<\/div>\n<\/div>\n<\/div>\n<\/div>\n<p><!--more--><\/p>\n<h4>Weitere Informationen :<\/h4>\n<ul>\n<li><strong>Verpackung<\/strong>: Packung mit 1kg<\/li>\n<li><strong>Format<\/strong> : Gemahlen<\/li>\n<\/ul>\n<p>&nbsp;<\/p>\n<p><!--more--><\/p>\n<p><a href=\"https:\/\/www.csj-emballages.com\/de\/categorie-produit\/lebensmittel\/gewurze\/einfache-gewurze\/\">Sehen Sie sich hier den Rest unseres Sortiments an einfachen Gew\u00fcrzen an.<\/a><\/p>\n","protected":false},"excerpt":{"rendered":"<p>Kurkuma Beschreibung von Kurkuma-Rhizom Madras gemahlen 1 kg<\/p>\n","protected":false},"featured_media":261306,"template":"","meta":{"_acf_changed":false},"product_brand":[],"product_cat":[1144,1441,1442],"product_tag":[],"class_list":{"0":"post-17430","1":"product","2":"type-product","3":"status-publish","4":"has-post-thumbnail","6":"product_cat-lebensmittel","7":"product_cat-gewurze","8":"product_cat-einfache-gewurze","10":"first","11":"instock","12":"taxable","13":"shipping-taxable","14":"purchasable","15":"product-type-simple"},"acf":[],"yoast_head":"<!-- This site is optimized with the Yoast SEO Premium plugin v26.6 (Yoast SEO v26.6) - https:\/\/yoast.com\/wordpress\/plugins\/seo\/ -->\n<title>Kurkuma-Rhizom Madras gemahlen 1 kg<\/title>\n<meta name=\"description\" content=\"Kurkuma-Rhizom Madras gemahlen 1 kg: intensives und aromatisches Gew\u00fcrz, ideal f\u00fcr den professionellen Einsatz in K\u00fcche, Saucen, Gerichten und Gew\u00fcrzmischungen.\" \/>\n<meta name=\"robots\" content=\"index, follow, max-snippet:-1, max-image-preview:large, max-video-preview:-1\" \/>\n<link rel=\"canonical\" href=\"https:\/\/www.csj-emballages.com\/de\/produit\/kurkuma-rhizom-madras-gemahlen-1-kg\/\" \/>\n<meta property=\"og:locale\" content=\"de_DE\" \/>\n<meta property=\"og:type\" content=\"article\" \/>\n<meta property=\"og:title\" content=\"Kurkuma Rhizom Madras gemahlen 1 kg\" \/>\n<meta property=\"og:description\" content=\"Kurkuma-Rhizom Madras gemahlen 1 kg: intensives und aromatisches Gew\u00fcrz, ideal f\u00fcr den professionellen Einsatz in K\u00fcche, Saucen, Gerichten und Gew\u00fcrzmischungen.\" \/>\n<meta property=\"og:url\" content=\"https:\/\/www.csj-emballages.com\/de\/produit\/kurkuma-rhizom-madras-gemahlen-1-kg\/\" \/>\n<meta property=\"og:site_name\" content=\"CSJ Emballages\" \/>\n<meta property=\"article:publisher\" content=\"https:\/\/www.facebook.com\/csjemballages\" \/>\n<meta property=\"article:modified_time\" content=\"2026-04-28T00:10:42+00:00\" \/>\n<meta property=\"og:image\" content=\"https:\/\/www.csj-emballages.com\/wp-content\/uploads\/2024\/03\/curcuma-rhizome-madras-moulu.webp\" \/>\n\t<meta property=\"og:image:width\" content=\"800\" \/>\n\t<meta property=\"og:image:height\" content=\"800\" \/>\n\t<meta property=\"og:image:type\" content=\"image\/webp\" \/>\n<meta name=\"twitter:card\" content=\"summary_large_image\" \/>\n<meta name=\"twitter:label1\" content=\"Gesch\u00e4tzte Lesezeit\" \/>\n\t<meta name=\"twitter:data1\" content=\"2 Minuten\" \/>\n<script type=\"application\/ld+json\" class=\"yoast-schema-graph\">{\"@context\":\"https:\/\/schema.org\",\"@graph\":[{\"@type\":\"WebPage\",\"@id\":\"https:\/\/www.csj-emballages.com\/de\/produit\/kurkuma-rhizom-madras-gemahlen-1-kg\/\",\"url\":\"https:\/\/www.csj-emballages.com\/de\/produit\/kurkuma-rhizom-madras-gemahlen-1-kg\/\",\"name\":\"Kurkuma-Rhizom Madras gemahlen 1 kg\",\"isPartOf\":{\"@id\":\"https:\/\/www.csj-emballages.com\/de\/#website\"},\"primaryImageOfPage\":{\"@id\":\"https:\/\/www.csj-emballages.com\/de\/produit\/kurkuma-rhizom-madras-gemahlen-1-kg\/#primaryimage\"},\"image\":{\"@id\":\"https:\/\/www.csj-emballages.com\/de\/produit\/kurkuma-rhizom-madras-gemahlen-1-kg\/#primaryimage\"},\"thumbnailUrl\":\"https:\/\/www.csj-emballages.com\/wp-content\/uploads\/2024\/03\/curcuma-rhizome-madras-moulu.webp\",\"datePublished\":\"2024-03-01T15:59:43+00:00\",\"dateModified\":\"2026-04-28T00:10:42+00:00\",\"description\":\"Kurkuma-Rhizom Madras gemahlen 1 kg: intensives und aromatisches Gew\u00fcrz, ideal f\u00fcr den professionellen Einsatz in K\u00fcche, Saucen, Gerichten und Gew\u00fcrzmischungen.\",\"breadcrumb\":{\"@id\":\"https:\/\/www.csj-emballages.com\/de\/produit\/kurkuma-rhizom-madras-gemahlen-1-kg\/#breadcrumb\"},\"inLanguage\":\"de\",\"potentialAction\":[{\"@type\":\"ReadAction\",\"target\":[\"https:\/\/www.csj-emballages.com\/de\/produit\/kurkuma-rhizom-madras-gemahlen-1-kg\/\"]}]},{\"@type\":\"ImageObject\",\"inLanguage\":\"de\",\"@id\":\"https:\/\/www.csj-emballages.com\/de\/produit\/kurkuma-rhizom-madras-gemahlen-1-kg\/#primaryimage\",\"url\":\"https:\/\/www.csj-emballages.com\/wp-content\/uploads\/2024\/03\/curcuma-rhizome-madras-moulu.webp\",\"contentUrl\":\"https:\/\/www.csj-emballages.com\/wp-content\/uploads\/2024\/03\/curcuma-rhizome-madras-moulu.webp\",\"width\":800,\"height\":800,\"caption\":\"Curcuma\"},{\"@type\":\"BreadcrumbList\",\"@id\":\"https:\/\/www.csj-emballages.com\/de\/produit\/kurkuma-rhizom-madras-gemahlen-1-kg\/#breadcrumb\",\"itemListElement\":[{\"@type\":\"ListItem\",\"position\":1,\"name\":\"Accueil\",\"item\":\"https:\/\/www.csj-emballages.com\/de\/universum-lebensmittelverpackungen\/\"},{\"@type\":\"ListItem\",\"position\":2,\"name\":\"Shop\",\"item\":\"https:\/\/www.csj-emballages.com\/shop\/\"},{\"@type\":\"ListItem\",\"position\":3,\"name\":\"Kurkuma Rhizom Madras gemahlen 1 kg\"}]},{\"@type\":\"WebSite\",\"@id\":\"https:\/\/www.csj-emballages.com\/de\/#website\",\"url\":\"https:\/\/www.csj-emballages.com\/de\/\",\"name\":\"CSJ Emballages\",\"description\":\"\",\"publisher\":{\"@id\":\"https:\/\/www.csj-emballages.com\/de\/#organization\"},\"potentialAction\":[{\"@type\":\"SearchAction\",\"target\":{\"@type\":\"EntryPoint\",\"urlTemplate\":\"https:\/\/www.csj-emballages.com\/de\/?s={search_term_string}\"},\"query-input\":{\"@type\":\"PropertyValueSpecification\",\"valueRequired\":true,\"valueName\":\"search_term_string\"}}],\"inLanguage\":\"de\"},{\"@type\":\"Organization\",\"@id\":\"https:\/\/www.csj-emballages.com\/de\/#Organization\/\",\"name\":\"CSJ Emballages\",\"url\":\"https:\/\/www.csj-emballages.com\/de\/\",\"logo\":{\"@type\":\"ImageObject\",\"inLanguage\":\"de\",\"@id\":\"https:\/\/www.csj-emballages.com\/de\/#\/schema\/logo\/image\/\",\"url\":\"https:\/\/www.csj-emballages.com\/wp-content\/uploads\/2023\/10\/logo_csj.webp\",\"contentUrl\":\"https:\/\/www.csj-emballages.com\/wp-content\/uploads\/2023\/10\/logo_csj.webp\",\"width\":250,\"height\":95,\"caption\":\"CSJ Emballages\"},\"image\":{\"@id\":\"https:\/\/www.csj-emballages.com\/de\/#\/schema\/logo\/image\/\"},\"sameAs\":[\"https:\/\/www.facebook.com\/csjemballages\"],\"address\":{\"@type\":\"PostalAddress\",\"streetAddress\":\"ZI La Lechere\",\"addressLocality\":\"Patornay\",\"postalCode\":\"39130\",\"addressCountry\":\"FR\"},\"contactPoint\":[{\"@type\":\"ContactPoint\",\"contactType\":\"Service client\",\"telephone\":\"0384254272\",\"email\":\"contact@csj-emballages.com\"}]}]}<\/script>\n<!-- \/ Yoast SEO Premium plugin. -->","yoast_head_json":{"title":"Kurkuma-Rhizom Madras gemahlen 1 kg","description":"Kurkuma-Rhizom Madras gemahlen 1 kg: intensives und aromatisches Gew\u00fcrz, ideal f\u00fcr den professionellen Einsatz in K\u00fcche, Saucen, Gerichten und Gew\u00fcrzmischungen.","robots":{"index":"index","follow":"follow","max-snippet":"max-snippet:-1","max-image-preview":"max-image-preview:large","max-video-preview":"max-video-preview:-1"},"canonical":"https:\/\/www.csj-emballages.com\/de\/produit\/kurkuma-rhizom-madras-gemahlen-1-kg\/","og_locale":"de_DE","og_type":"article","og_title":"Kurkuma Rhizom Madras gemahlen 1 kg","og_description":"Kurkuma-Rhizom Madras gemahlen 1 kg: intensives und aromatisches Gew\u00fcrz, ideal f\u00fcr den professionellen Einsatz in K\u00fcche, Saucen, Gerichten und Gew\u00fcrzmischungen.","og_url":"https:\/\/www.csj-emballages.com\/de\/produit\/kurkuma-rhizom-madras-gemahlen-1-kg\/","og_site_name":"CSJ Emballages","article_publisher":"https:\/\/www.facebook.com\/csjemballages","article_modified_time":"2026-04-28T00:10:42+00:00","og_image":[{"width":800,"height":800,"url":"https:\/\/www.csj-emballages.com\/wp-content\/uploads\/2024\/03\/curcuma-rhizome-madras-moulu.webp","type":"image\/webp"}],"twitter_card":"summary_large_image","twitter_misc":{"Gesch\u00e4tzte Lesezeit":"2 Minuten"},"schema":{"@context":"https:\/\/schema.org","@graph":[{"@type":"WebPage","@id":"https:\/\/www.csj-emballages.com\/de\/produit\/kurkuma-rhizom-madras-gemahlen-1-kg\/","url":"https:\/\/www.csj-emballages.com\/de\/produit\/kurkuma-rhizom-madras-gemahlen-1-kg\/","name":"Kurkuma-Rhizom Madras gemahlen 1 kg","isPartOf":{"@id":"https:\/\/www.csj-emballages.com\/de\/#website"},"primaryImageOfPage":{"@id":"https:\/\/www.csj-emballages.com\/de\/produit\/kurkuma-rhizom-madras-gemahlen-1-kg\/#primaryimage"},"image":{"@id":"https:\/\/www.csj-emballages.com\/de\/produit\/kurkuma-rhizom-madras-gemahlen-1-kg\/#primaryimage"},"thumbnailUrl":"https:\/\/www.csj-emballages.com\/wp-content\/uploads\/2024\/03\/curcuma-rhizome-madras-moulu.webp","datePublished":"2024-03-01T15:59:43+00:00","dateModified":"2026-04-28T00:10:42+00:00","description":"Kurkuma-Rhizom Madras gemahlen 1 kg: intensives und aromatisches Gew\u00fcrz, ideal f\u00fcr den professionellen Einsatz in K\u00fcche, Saucen, Gerichten und Gew\u00fcrzmischungen.","breadcrumb":{"@id":"https:\/\/www.csj-emballages.com\/de\/produit\/kurkuma-rhizom-madras-gemahlen-1-kg\/#breadcrumb"},"inLanguage":"de","potentialAction":[{"@type":"ReadAction","target":["https:\/\/www.csj-emballages.com\/de\/produit\/kurkuma-rhizom-madras-gemahlen-1-kg\/"]}]},{"@type":"ImageObject","inLanguage":"de","@id":"https:\/\/www.csj-emballages.com\/de\/produit\/kurkuma-rhizom-madras-gemahlen-1-kg\/#primaryimage","url":"https:\/\/www.csj-emballages.com\/wp-content\/uploads\/2024\/03\/curcuma-rhizome-madras-moulu.webp","contentUrl":"https:\/\/www.csj-emballages.com\/wp-content\/uploads\/2024\/03\/curcuma-rhizome-madras-moulu.webp","width":800,"height":800,"caption":"Curcuma"},{"@type":"BreadcrumbList","@id":"https:\/\/www.csj-emballages.com\/de\/produit\/kurkuma-rhizom-madras-gemahlen-1-kg\/#breadcrumb","itemListElement":[{"@type":"ListItem","position":1,"name":"Accueil","item":"https:\/\/www.csj-emballages.com\/de\/universum-lebensmittelverpackungen\/"},{"@type":"ListItem","position":2,"name":"Shop","item":"https:\/\/www.csj-emballages.com\/shop\/"},{"@type":"ListItem","position":3,"name":"Kurkuma Rhizom Madras gemahlen 1 kg"}]},{"@type":"WebSite","@id":"https:\/\/www.csj-emballages.com\/de\/#website","url":"https:\/\/www.csj-emballages.com\/de\/","name":"CSJ Emballages","description":"","publisher":{"@id":"https:\/\/www.csj-emballages.com\/de\/#organization"},"potentialAction":[{"@type":"SearchAction","target":{"@type":"EntryPoint","urlTemplate":"https:\/\/www.csj-emballages.com\/de\/?s={search_term_string}"},"query-input":{"@type":"PropertyValueSpecification","valueRequired":true,"valueName":"search_term_string"}}],"inLanguage":"de"},{"@type":"Organization","@id":"https:\/\/www.csj-emballages.com\/de\/#Organization\/","name":"CSJ Emballages","url":"https:\/\/www.csj-emballages.com\/de\/","logo":{"@type":"ImageObject","inLanguage":"de","@id":"https:\/\/www.csj-emballages.com\/de\/#\/schema\/logo\/image\/","url":"https:\/\/www.csj-emballages.com\/wp-content\/uploads\/2023\/10\/logo_csj.webp","contentUrl":"https:\/\/www.csj-emballages.com\/wp-content\/uploads\/2023\/10\/logo_csj.webp","width":250,"height":95,"caption":"CSJ Emballages"},"image":{"@id":"https:\/\/www.csj-emballages.com\/de\/#\/schema\/logo\/image\/"},"sameAs":["https:\/\/www.facebook.com\/csjemballages"],"address":{"@type":"PostalAddress","streetAddress":"ZI La Lechere","addressLocality":"Patornay","postalCode":"39130","addressCountry":"FR"},"contactPoint":[{"@type":"ContactPoint","contactType":"Service client","telephone":"0384254272","email":"contact@csj-emballages.com"}]}]}},"df_price":9.18,"df_sale_price":"","df_regular_price":9.18,"df_image_link":"https:\/\/www.csj-emballages.com\/wp-content\/uploads\/2024\/03\/curcuma-rhizome-madras-moulu-300x300.webp","tiered_pricing_type":"fixed","tiered_pricing_fixed_rules":[],"tiered_pricing_percentage_rules":[],"tiered_pricing_minimum":1,"tiered_pricing_roles_data":[],"_links":{"self":[{"href":"https:\/\/www.csj-emballages.com\/de\/wp-json\/wp\/v2\/product\/17430","targetHints":{"allow":["GET"]}}],"collection":[{"href":"https:\/\/www.csj-emballages.com\/de\/wp-json\/wp\/v2\/product"}],"about":[{"href":"https:\/\/www.csj-emballages.com\/de\/wp-json\/wp\/v2\/types\/product"}],"wp:featuredmedia":[{"embeddable":true,"href":"https:\/\/www.csj-emballages.com\/de\/wp-json\/wp\/v2\/media\/261306"}],"wp:attachment":[{"href":"https:\/\/www.csj-emballages.com\/de\/wp-json\/wp\/v2\/media?parent=17430"}],"wp:term":[{"taxonomy":"product_brand","embeddable":true,"href":"https:\/\/www.csj-emballages.com\/de\/wp-json\/wp\/v2\/product_brand?post=17430"},{"taxonomy":"product_cat","embeddable":true,"href":"https:\/\/www.csj-emballages.com\/de\/wp-json\/wp\/v2\/product_cat?post=17430"},{"taxonomy":"product_tag","embeddable":true,"href":"https:\/\/www.csj-emballages.com\/de\/wp-json\/wp\/v2\/product_tag?post=17430"}],"curies":[{"name":"wp","href":"https:\/\/api.w.org\/{rel}","templated":true}]}}