{"id":17427,"date":"2024-03-01T16:59:42","date_gmt":"2024-03-01T15:59:42","guid":{"rendered":"https:\/\/u15jnbdpoq.preview.infomaniak.website\/produit\/gemahlener-ingwer-1-kg\/"},"modified":"2026-01-16T13:47:53","modified_gmt":"2026-01-16T12:47:53","slug":"gemahlener-ingwer-1-kg","status":"publish","type":"product","link":"https:\/\/www.csj-emballages.com\/de\/produit\/gemahlener-ingwer-1-kg\/","title":{"rendered":"Gemahlener Ingwer 1 kg"},"content":{"rendered":"<h2>Gemahlener Ingwer<\/h2>\n<hr>\n<h3>Beschreibung von unserem Ingwer gemahlen 1kg<\/h3>\n<p><!--more--><\/p>\n<p data-start=\"163\" data-end=\"555\">Der <strong>gemahlene Ingwer<\/strong> ist ein Muss f\u00fcr alle, die ihren Rezepten Charakter verleihen m\u00f6chten. Mit diesem <strong data-start=\"277\" data-end=\"285\">1 kg<\/strong> Format haben Sie ein intensives, duftendes und vielseitiges Gew\u00fcrz zur Hand, das sich sowohl in herzhaften als auch in s\u00fc\u00dfen Gerichten hervorragend macht. Schon beim \u00d6ffnen entfaltet sich sein warmes und leicht zitroniges Aroma, das einen Geschmack ank\u00fcndigt, der Zubereitungen sofort belebt.  <\/p>\n<p data-start=\"557\" data-end=\"947\">Leicht zu dosieren, der <strong>gemahlene Ingwer<\/strong> ist t\u00e4glich einsetzbar. Er verfeinert eine So\u00dfe, verleiht einer Marinade Pfiff oder verwandelt ein einfaches Gem\u00fcsegericht in ein Rezept voller Pers\u00f6nlichkeit. Doch das ist nicht alles. Er findet auch perfekt seinen Platz in der Patisserie, in Keksen, Lebkuchen, Kuchen oder exotischen Desserts. Eine kleine Prise gen\u00fcgt, um Tiefe und W\u00e4rme zu verleihen.    <\/p>\n<p data-start=\"949\" data-end=\"1324\">Dieses <strong>professionelle 1 kg Format<\/strong> eignet sich sowohl f\u00fcr Gastronomen, Caterer, Handwerker als auch f\u00fcr Hobbyk\u00f6che, die gerne mit Qualit\u00e4tsprodukten arbeiten. Es erm\u00f6glicht uneingeschr\u00e4nktes Kochen, wobei bei jeder Anwendung eine gleichbleibende Geschmacksqualit\u00e4t gew\u00e4hrleistet ist. Zudem l\u00e4sst sich der <strong>gemahlene Ingwer<\/strong> leicht lagern und bleibt auch w\u00e4hrend des Betriebs praktisch in der Anwendung.  <\/p>\n<p data-start=\"1326\" data-end=\"1542\">Dar\u00fcber hinaus wird <strong>Ingwer<\/strong> f\u00fcr seine stimulierende und wohltuende Wirkung gesch\u00e4tzt. Er findet auch Verwendung in Aufg\u00fcssen, Hei\u00dfgetr\u00e4nken oder Wellness-Rezepten, was ihn zu einem ebenso k\u00f6stlichen wie vielseitigen Gew\u00fcrz macht. <\/p>\n<p data-start=\"1544\" data-end=\"1707\">Zusammenfassend ist dieser <strong>gemahlene Ingwer 1 kg<\/strong> eine sichere Wahl, um Ihre Rezepte zu bereichern, an Effizienz zu gewinnen und Ihrer K\u00fcche eine echte aromatische Note zu verleihen.<\/p>\n<p data-start=\"1544\" data-end=\"1707\">\n<p data-start=\"85\" data-end=\"473\"><!--more--><\/p>\n<h4 data-start=\"85\" data-end=\"473\">Vorteile :<\/h4>\n<ul>\n<li>Perfekt f\u00fcr Fertiggerichte, Geb\u00e4ck und Aufg\u00fcsse.<\/li>\n<li><strong>Kr\u00e4ftiges Aroma<\/strong>, um Ihre Rezepte zu verfeinern.<\/li>\n<li>Pr\u00e4zise Dosierung dank seiner feinen Textur.<\/li>\n<li>Bekannt f\u00fcr seine verdauungsf\u00f6rdernden und energiespendenden Eigenschaften.<\/li>\n<li><strong>1kg Beutel<\/strong> ideal f\u00fcr den professionellen oder famili\u00e4ren Gebrauch.<\/li>\n<\/ul>\n<p>&nbsp;<\/p>\n<p><!--more--><\/p>\n<h4>Weitere Informationen :<\/h4>\n<ul>\n<li><strong>Verpackung<\/strong>: Packung mit 1kg<\/li>\n<li><strong>Format<\/strong> : Gemahlen<\/li>\n<\/ul>\n<p>&nbsp;<\/p>\n<p><!--more--><\/p>\n<p data-start=\"475\" data-end=\"496\"><a href=\"https:\/\/www.csj-emballages.com\/de\/categorie-produit\/lebensmittel\/gewurze\/einfache-gewurze\/\">Sehen Sie sich den Rest unseres Sortiments an einfachen Gew\u00fcrzen an  <\/a><\/p>\n","protected":false},"excerpt":{"rendered":"<p>Gemahlener Ingwer Beschreibung von unserem Ingwer gemahlen 1kg<\/p>\n","protected":false},"featured_media":261457,"template":"","meta":{"_acf_changed":false},"product_brand":[],"product_cat":[1144,1441,1442],"product_tag":[],"class_list":{"0":"post-17427","1":"product","2":"type-product","3":"status-publish","4":"has-post-thumbnail","6":"product_cat-lebensmittel","7":"product_cat-gewurze","8":"product_cat-einfache-gewurze","10":"first","11":"outofstock","12":"taxable","13":"shipping-taxable","14":"purchasable","15":"product-type-simple"},"acf":[],"yoast_head":"<!-- This site is optimized with the Yoast SEO Premium plugin v26.6 (Yoast SEO v26.6) - https:\/\/yoast.com\/wordpress\/plugins\/seo\/ -->\n<title>Gemahlener Ingwer 1 kg<\/title>\n<meta name=\"description\" content=\"Entdecken Sie den gemahlenen Ingwer 1kg, ein Gew\u00fcrz mit kr\u00e4ftigen Aromen, ideal, um Ihre herzhaften und s\u00fc\u00dfen Gerichte zu verfeinern. Perfekt f\u00fcr die K\u00fcche und Aufg\u00fcsse&lt;;\" \/>\n<meta name=\"robots\" content=\"index, follow, max-snippet:-1, max-image-preview:large, max-video-preview:-1\" \/>\n<link rel=\"canonical\" href=\"https:\/\/www.csj-emballages.com\/de\/produit\/gemahlener-ingwer-1-kg\/\" \/>\n<meta property=\"og:locale\" content=\"de_DE\" \/>\n<meta property=\"og:type\" content=\"article\" \/>\n<meta property=\"og:title\" content=\"Gemahlener Ingwer 1 kg\" \/>\n<meta property=\"og:description\" content=\"Entdecken Sie den gemahlenen Ingwer 1kg, ein Gew\u00fcrz mit kr\u00e4ftigen Aromen, ideal, um Ihre herzhaften und s\u00fc\u00dfen Gerichte zu verfeinern. Perfekt f\u00fcr die K\u00fcche und Aufg\u00fcsse&lt;;\" \/>\n<meta property=\"og:url\" content=\"https:\/\/www.csj-emballages.com\/de\/produit\/gemahlener-ingwer-1-kg\/\" \/>\n<meta property=\"og:site_name\" content=\"CSJ Emballages\" \/>\n<meta property=\"article:publisher\" content=\"https:\/\/www.facebook.com\/csjemballages\" \/>\n<meta property=\"article:modified_time\" content=\"2026-01-16T12:47:53+00:00\" \/>\n<meta property=\"og:image\" content=\"https:\/\/www.csj-emballages.com\/wp-content\/uploads\/2024\/03\/Gingembre-moulu.webp\" \/>\n\t<meta property=\"og:image:width\" content=\"799\" \/>\n\t<meta property=\"og:image:height\" content=\"800\" \/>\n\t<meta property=\"og:image:type\" content=\"image\/webp\" \/>\n<meta name=\"twitter:card\" content=\"summary_large_image\" \/>\n<meta name=\"twitter:label1\" content=\"Gesch\u00e4tzte Lesezeit\" \/>\n\t<meta name=\"twitter:data1\" content=\"2 Minuten\" \/>\n<script type=\"application\/ld+json\" class=\"yoast-schema-graph\">{\"@context\":\"https:\/\/schema.org\",\"@graph\":[{\"@type\":\"WebPage\",\"@id\":\"https:\/\/www.csj-emballages.com\/de\/produit\/gemahlener-ingwer-1-kg\/\",\"url\":\"https:\/\/www.csj-emballages.com\/de\/produit\/gemahlener-ingwer-1-kg\/\",\"name\":\"Gemahlener Ingwer 1 kg\",\"isPartOf\":{\"@id\":\"https:\/\/www.csj-emballages.com\/de\/#website\"},\"primaryImageOfPage\":{\"@id\":\"https:\/\/www.csj-emballages.com\/de\/produit\/gemahlener-ingwer-1-kg\/#primaryimage\"},\"image\":{\"@id\":\"https:\/\/www.csj-emballages.com\/de\/produit\/gemahlener-ingwer-1-kg\/#primaryimage\"},\"thumbnailUrl\":\"https:\/\/www.csj-emballages.com\/wp-content\/uploads\/2024\/03\/Gingembre-moulu.webp\",\"datePublished\":\"2024-03-01T15:59:42+00:00\",\"dateModified\":\"2026-01-16T12:47:53+00:00\",\"description\":\"Entdecken Sie den gemahlenen Ingwer 1kg, ein Gew\u00fcrz mit kr\u00e4ftigen Aromen, ideal, um Ihre herzhaften und s\u00fc\u00dfen Gerichte zu verfeinern. Perfekt f\u00fcr die K\u00fcche und Aufg\u00fcsse&lt;;\",\"breadcrumb\":{\"@id\":\"https:\/\/www.csj-emballages.com\/de\/produit\/gemahlener-ingwer-1-kg\/#breadcrumb\"},\"inLanguage\":\"de\",\"potentialAction\":[{\"@type\":\"ReadAction\",\"target\":[\"https:\/\/www.csj-emballages.com\/de\/produit\/gemahlener-ingwer-1-kg\/\"]}]},{\"@type\":\"ImageObject\",\"inLanguage\":\"de\",\"@id\":\"https:\/\/www.csj-emballages.com\/de\/produit\/gemahlener-ingwer-1-kg\/#primaryimage\",\"url\":\"https:\/\/www.csj-emballages.com\/wp-content\/uploads\/2024\/03\/Gingembre-moulu.webp\",\"contentUrl\":\"https:\/\/www.csj-emballages.com\/wp-content\/uploads\/2024\/03\/Gingembre-moulu.webp\",\"width\":799,\"height\":800,\"caption\":\"Gingembre moulu\"},{\"@type\":\"BreadcrumbList\",\"@id\":\"https:\/\/www.csj-emballages.com\/de\/produit\/gemahlener-ingwer-1-kg\/#breadcrumb\",\"itemListElement\":[{\"@type\":\"ListItem\",\"position\":1,\"name\":\"Accueil\",\"item\":\"https:\/\/www.csj-emballages.com\/de\/universum-lebensmittelverpackungen\/\"},{\"@type\":\"ListItem\",\"position\":2,\"name\":\"Shop\",\"item\":\"https:\/\/www.csj-emballages.com\/shop\/\"},{\"@type\":\"ListItem\",\"position\":3,\"name\":\"Gemahlener Ingwer 1 kg\"}]},{\"@type\":\"WebSite\",\"@id\":\"https:\/\/www.csj-emballages.com\/de\/#website\",\"url\":\"https:\/\/www.csj-emballages.com\/de\/\",\"name\":\"CSJ Emballages\",\"description\":\"\",\"publisher\":{\"@id\":\"https:\/\/www.csj-emballages.com\/de\/#organization\"},\"potentialAction\":[{\"@type\":\"SearchAction\",\"target\":{\"@type\":\"EntryPoint\",\"urlTemplate\":\"https:\/\/www.csj-emballages.com\/de\/?s={search_term_string}\"},\"query-input\":{\"@type\":\"PropertyValueSpecification\",\"valueRequired\":true,\"valueName\":\"search_term_string\"}}],\"inLanguage\":\"de\"},{\"@type\":\"Organization\",\"@id\":\"https:\/\/www.csj-emballages.com\/de\/#Organization\/\",\"name\":\"CSJ Emballages\",\"url\":\"https:\/\/www.csj-emballages.com\/de\/\",\"logo\":{\"@type\":\"ImageObject\",\"inLanguage\":\"de\",\"@id\":\"https:\/\/www.csj-emballages.com\/de\/#\/schema\/logo\/image\/\",\"url\":\"https:\/\/www.csj-emballages.com\/wp-content\/uploads\/2023\/10\/logo_csj.webp\",\"contentUrl\":\"https:\/\/www.csj-emballages.com\/wp-content\/uploads\/2023\/10\/logo_csj.webp\",\"width\":250,\"height\":95,\"caption\":\"CSJ Emballages\"},\"image\":{\"@id\":\"https:\/\/www.csj-emballages.com\/de\/#\/schema\/logo\/image\/\"},\"sameAs\":[\"https:\/\/www.facebook.com\/csjemballages\"],\"address\":{\"@type\":\"PostalAddress\",\"streetAddress\":\"ZI La Lechere\",\"addressLocality\":\"Patornay\",\"postalCode\":\"39130\",\"addressCountry\":\"FR\"},\"contactPoint\":[{\"@type\":\"ContactPoint\",\"contactType\":\"Service client\",\"telephone\":\"0384254272\",\"email\":\"contact@csj-emballages.com\"}]}]}<\/script>\n<!-- \/ Yoast SEO Premium plugin. -->","yoast_head_json":{"title":"Gemahlener Ingwer 1 kg","description":"Entdecken Sie den gemahlenen Ingwer 1kg, ein Gew\u00fcrz mit kr\u00e4ftigen Aromen, ideal, um Ihre herzhaften und s\u00fc\u00dfen Gerichte zu verfeinern. Perfekt f\u00fcr die K\u00fcche und Aufg\u00fcsse&lt;;","robots":{"index":"index","follow":"follow","max-snippet":"max-snippet:-1","max-image-preview":"max-image-preview:large","max-video-preview":"max-video-preview:-1"},"canonical":"https:\/\/www.csj-emballages.com\/de\/produit\/gemahlener-ingwer-1-kg\/","og_locale":"de_DE","og_type":"article","og_title":"Gemahlener Ingwer 1 kg","og_description":"Entdecken Sie den gemahlenen Ingwer 1kg, ein Gew\u00fcrz mit kr\u00e4ftigen Aromen, ideal, um Ihre herzhaften und s\u00fc\u00dfen Gerichte zu verfeinern. Perfekt f\u00fcr die K\u00fcche und Aufg\u00fcsse&lt;;","og_url":"https:\/\/www.csj-emballages.com\/de\/produit\/gemahlener-ingwer-1-kg\/","og_site_name":"CSJ Emballages","article_publisher":"https:\/\/www.facebook.com\/csjemballages","article_modified_time":"2026-01-16T12:47:53+00:00","og_image":[{"width":799,"height":800,"url":"https:\/\/www.csj-emballages.com\/wp-content\/uploads\/2024\/03\/Gingembre-moulu.webp","type":"image\/webp"}],"twitter_card":"summary_large_image","twitter_misc":{"Gesch\u00e4tzte Lesezeit":"2 Minuten"},"schema":{"@context":"https:\/\/schema.org","@graph":[{"@type":"WebPage","@id":"https:\/\/www.csj-emballages.com\/de\/produit\/gemahlener-ingwer-1-kg\/","url":"https:\/\/www.csj-emballages.com\/de\/produit\/gemahlener-ingwer-1-kg\/","name":"Gemahlener Ingwer 1 kg","isPartOf":{"@id":"https:\/\/www.csj-emballages.com\/de\/#website"},"primaryImageOfPage":{"@id":"https:\/\/www.csj-emballages.com\/de\/produit\/gemahlener-ingwer-1-kg\/#primaryimage"},"image":{"@id":"https:\/\/www.csj-emballages.com\/de\/produit\/gemahlener-ingwer-1-kg\/#primaryimage"},"thumbnailUrl":"https:\/\/www.csj-emballages.com\/wp-content\/uploads\/2024\/03\/Gingembre-moulu.webp","datePublished":"2024-03-01T15:59:42+00:00","dateModified":"2026-01-16T12:47:53+00:00","description":"Entdecken Sie den gemahlenen Ingwer 1kg, ein Gew\u00fcrz mit kr\u00e4ftigen Aromen, ideal, um Ihre herzhaften und s\u00fc\u00dfen Gerichte zu verfeinern. Perfekt f\u00fcr die K\u00fcche und Aufg\u00fcsse&lt;;","breadcrumb":{"@id":"https:\/\/www.csj-emballages.com\/de\/produit\/gemahlener-ingwer-1-kg\/#breadcrumb"},"inLanguage":"de","potentialAction":[{"@type":"ReadAction","target":["https:\/\/www.csj-emballages.com\/de\/produit\/gemahlener-ingwer-1-kg\/"]}]},{"@type":"ImageObject","inLanguage":"de","@id":"https:\/\/www.csj-emballages.com\/de\/produit\/gemahlener-ingwer-1-kg\/#primaryimage","url":"https:\/\/www.csj-emballages.com\/wp-content\/uploads\/2024\/03\/Gingembre-moulu.webp","contentUrl":"https:\/\/www.csj-emballages.com\/wp-content\/uploads\/2024\/03\/Gingembre-moulu.webp","width":799,"height":800,"caption":"Gingembre moulu"},{"@type":"BreadcrumbList","@id":"https:\/\/www.csj-emballages.com\/de\/produit\/gemahlener-ingwer-1-kg\/#breadcrumb","itemListElement":[{"@type":"ListItem","position":1,"name":"Accueil","item":"https:\/\/www.csj-emballages.com\/de\/universum-lebensmittelverpackungen\/"},{"@type":"ListItem","position":2,"name":"Shop","item":"https:\/\/www.csj-emballages.com\/shop\/"},{"@type":"ListItem","position":3,"name":"Gemahlener Ingwer 1 kg"}]},{"@type":"WebSite","@id":"https:\/\/www.csj-emballages.com\/de\/#website","url":"https:\/\/www.csj-emballages.com\/de\/","name":"CSJ Emballages","description":"","publisher":{"@id":"https:\/\/www.csj-emballages.com\/de\/#organization"},"potentialAction":[{"@type":"SearchAction","target":{"@type":"EntryPoint","urlTemplate":"https:\/\/www.csj-emballages.com\/de\/?s={search_term_string}"},"query-input":{"@type":"PropertyValueSpecification","valueRequired":true,"valueName":"search_term_string"}}],"inLanguage":"de"},{"@type":"Organization","@id":"https:\/\/www.csj-emballages.com\/de\/#Organization\/","name":"CSJ Emballages","url":"https:\/\/www.csj-emballages.com\/de\/","logo":{"@type":"ImageObject","inLanguage":"de","@id":"https:\/\/www.csj-emballages.com\/de\/#\/schema\/logo\/image\/","url":"https:\/\/www.csj-emballages.com\/wp-content\/uploads\/2023\/10\/logo_csj.webp","contentUrl":"https:\/\/www.csj-emballages.com\/wp-content\/uploads\/2023\/10\/logo_csj.webp","width":250,"height":95,"caption":"CSJ Emballages"},"image":{"@id":"https:\/\/www.csj-emballages.com\/de\/#\/schema\/logo\/image\/"},"sameAs":["https:\/\/www.facebook.com\/csjemballages"],"address":{"@type":"PostalAddress","streetAddress":"ZI La Lechere","addressLocality":"Patornay","postalCode":"39130","addressCountry":"FR"},"contactPoint":[{"@type":"ContactPoint","contactType":"Service client","telephone":"0384254272","email":"contact@csj-emballages.com"}]}]}},"df_price":11.39,"df_sale_price":"","df_regular_price":11.39,"df_image_link":"https:\/\/www.csj-emballages.com\/wp-content\/uploads\/2024\/03\/Gingembre-moulu-300x300.webp","tiered_pricing_type":"fixed","tiered_pricing_fixed_rules":[],"tiered_pricing_percentage_rules":[],"tiered_pricing_minimum":1,"tiered_pricing_roles_data":[],"_links":{"self":[{"href":"https:\/\/www.csj-emballages.com\/de\/wp-json\/wp\/v2\/product\/17427","targetHints":{"allow":["GET"]}}],"collection":[{"href":"https:\/\/www.csj-emballages.com\/de\/wp-json\/wp\/v2\/product"}],"about":[{"href":"https:\/\/www.csj-emballages.com\/de\/wp-json\/wp\/v2\/types\/product"}],"wp:featuredmedia":[{"embeddable":true,"href":"https:\/\/www.csj-emballages.com\/de\/wp-json\/wp\/v2\/media\/261457"}],"wp:attachment":[{"href":"https:\/\/www.csj-emballages.com\/de\/wp-json\/wp\/v2\/media?parent=17427"}],"wp:term":[{"taxonomy":"product_brand","embeddable":true,"href":"https:\/\/www.csj-emballages.com\/de\/wp-json\/wp\/v2\/product_brand?post=17427"},{"taxonomy":"product_cat","embeddable":true,"href":"https:\/\/www.csj-emballages.com\/de\/wp-json\/wp\/v2\/product_cat?post=17427"},{"taxonomy":"product_tag","embeddable":true,"href":"https:\/\/www.csj-emballages.com\/de\/wp-json\/wp\/v2\/product_tag?post=17427"}],"curies":[{"name":"wp","href":"https:\/\/api.w.org\/{rel}","templated":true}]}}