{"id":17417,"date":"2024-03-01T16:59:43","date_gmt":"2024-03-01T15:59:43","guid":{"rendered":"https:\/\/u15jnbdpoq.preview.infomaniak.website\/produit\/muskatnuss-1-kg\/"},"modified":"2026-04-29T02:10:42","modified_gmt":"2026-04-29T00:10:42","slug":"muskatnuss-1-kg","status":"publish","type":"product","link":"https:\/\/www.csj-emballages.com\/de\/produit\/muskatnuss-1-kg\/","title":{"rendered":"Gemahlene Muskatnuss 1 kg"},"content":{"rendered":"<h2>Muskatnuss<\/h2>\n<div style=\"font-family: Roboto, sans-serif;\">\n<div style=\"font-family: Roboto, sans-serif;\">\n<div style=\"font-family: Roboto, sans-serif;\">\n<div style=\"font-family: Roboto, sans-serif;\">\n<div style=\"font-family: Roboto, sans-serif;\">\n<div style=\"font-family: Roboto, sans-serif;\">\n<hr>\n<h3>Beschreibung unserer gemahlenen Muskatnuss 1 kg<\/h3>\n<p><!--more--><\/p>\n<p data-start=\"189\" data-end=\"562\">Unverzichtbar in der K\u00fcche, verleiht die <strong data-start=\"218\" data-end=\"244\">gemahlene Muskatnuss<\/strong> eine warme, aromatische Note, die den Unterschied macht. Mit diesem <strong data-start=\"324\" data-end=\"332\">1-kg<\/strong>-Format haben Sie immer ein gebrauchsfertiges Gew\u00fcrz zur Hand, ideal f\u00fcr den regelm\u00e4\u00dfigen oder intensiven Gebrauch. Kein Reiben oder Dosieren im letzten Moment mehr n\u00f6tig: Sie l\u00e4sst sich leicht verwenden und perfekt in Ihre Zubereitungen mischen.  <\/p>\n<p data-start=\"564\" data-end=\"923\">Schon beim \u00d6ffnen verbreitet sich ihr <strong>intensives Aroma<\/strong> und erinnert sofort an Hausmannskost. Sie verfeinert Gerichte, ohne sie zu \u00fcberdecken, und verleiht sowohl herzhaften als auch s\u00fc\u00dfen Rezepten Tiefe. Ob zum W\u00fcrzen von <strong>P\u00fcree, B\u00e9chamelsauce, Gratins, Suppen oder sogar bestimmten Backwaren<\/strong>, sie findet ihren nat\u00fcrlichen Platz in Ihrer K\u00fcche.  <\/p>\n<p data-start=\"925\" data-end=\"1235\">Dank ihrer <strong>feinen Mahlung<\/strong> verteilt sich die <strong>Muskatnuss<\/strong> gleichm\u00e4\u00dfig. So bleibt in jedem Bissen das Geschmacksgleichgewicht erhalten, ohne zu dominieren. Dieses gro\u00dfz\u00fcgige Format eignet sich perfekt f\u00fcr Gastronomen, Caterer, Gro\u00dfk\u00fcchen oder Zentralk\u00fcchen, die t\u00e4glich ein zuverl\u00e4ssiges und konstantes Produkt suchen.  <\/p>\n<p data-start=\"1237\" data-end=\"1515\">Dar\u00fcber hinaus erm\u00f6glicht die <strong data-start=\"1273\" data-end=\"1281\">1-kg<\/strong>-Verpackung eine einfachere Lagerverwaltung. Sie sparen Zeit, reduzieren Engp\u00e4sse und kontrollieren Ihre Kosten besser. Es ist eine praktische L\u00f6sung, um effizient zu arbeiten und gleichzeitig eine stabile aromatische Qualit\u00e4t zu gew\u00e4hrleisten.  <\/p>\n<p data-start=\"1517\" data-end=\"1744\">Zusammenfassend l\u00e4sst sich sagen, dass diese <strong>gemahlene Muskatnuss<\/strong> ein diskreter, aber unverzichtbarer Verb\u00fcndeter ist. Sie veredelt Ihre Rezepte, verleiht Gerichten F\u00fclle und f\u00fcgt sich leicht in alle K\u00fcchen ein, von den traditionellsten bis zu den kreativsten. <\/p>\n<p data-start=\"1517\" data-end=\"1744\">\n<\/div>\n<p data-start=\"1517\" data-end=\"1744\"><!--more--><\/p>\n<p data-start=\"1517\" data-end=\"1744\"><strong><span style=\"color: #ff0000;\">Mindesthaltbarkeitsdatum (MHD) \u00fcberschritten 02\/2025<\/span><\/strong><\/p>\n<p data-start=\"1517\" data-end=\"1744\">\n<div style=\"font-family: Roboto, sans-serif;\">\n<p><!--more--><\/p>\n<p><strong>Vorteile :<\/strong><\/p>\n<ul>\n<li data-start=\"1772\" data-end=\"1801\">Warmer und ausgewogener Geschmack.<\/li>\n<li data-start=\"1804\" data-end=\"1834\">Feine Mahlung, leicht zu dosieren.<\/li>\n<li data-start=\"1837\" data-end=\"1855\">Gebrauchsfertig.<\/li>\n<li data-start=\"1858\" data-end=\"1885\">Wirtschaftliches <strong>1-kg-Format<\/strong>.<\/li>\n<li data-start=\"1888\" data-end=\"1921\">Ideal f\u00fcr den professionellen Gebrauch.<\/li>\n<\/ul>\n<\/div>\n<\/div>\n<div style=\"font-family: Roboto, sans-serif;\">\n<div style=\"font-family: Roboto, sans-serif;\">\n<p>&nbsp;<\/p>\n<\/div>\n<\/div>\n<\/div>\n<\/div>\n<\/div>\n<\/div>\n<p>&nbsp;<\/p>\n<p><!--more--><\/p>\n<h4>Weitere Informationen :<\/h4>\n<ul>\n<li><strong>Verpackung<\/strong>: Packung mit 1kg<\/li>\n<li><strong>Format<\/strong> : Gemahlen<\/li>\n<\/ul>\n<p>&nbsp;<\/p>\n<p><!--more--><\/p>\n<p><a href=\"https:\/\/www.csj-emballages.com\/de\/categorie-produit\/lebensmittel\/gewurze\/einfache-gewurze\/\">Sehen Sie sich hier den Rest unseres Sortiments an einfachen Gew\u00fcrzen an.<\/a><\/p>\n","protected":false},"excerpt":{"rendered":"<p><strong><span style=\"color: #ff0000;\">Abgelaufen: 02\/2025<\/span><\/strong><\/p>\n","protected":false},"featured_media":261479,"template":"","meta":{"_acf_changed":false},"product_brand":[],"product_cat":[10243,1144,1441,1442,11576],"product_tag":[],"class_list":{"0":"post-17417","1":"product","2":"type-product","3":"status-publish","4":"has-post-thumbnail","6":"product_cat-anti-verschwendung","7":"product_cat-lebensmittel","8":"product_cat-gewurze","9":"product_cat-einfache-gewurze","10":"product_cat-lagerbestand","12":"first","13":"outofstock","14":"sale","15":"taxable","16":"shipping-taxable","17":"purchasable","18":"product-type-simple"},"acf":[],"yoast_head":"<!-- This site is optimized with the Yoast SEO Premium plugin v26.6 (Yoast SEO v26.6) - https:\/\/yoast.com\/wordpress\/plugins\/seo\/ -->\n<title>Gemahlene Muskatnuss 1 kg<\/title>\n<meta name=\"description\" content=\"Muskatnuss 1kg - Entdecken Sie die preiswerte und vielseitige lose Muskatnuss, die perfekt ist, um Ihre s\u00fc\u00dfen und herzhaften Gerichte zu bereichern!\" \/>\n<meta name=\"robots\" content=\"index, follow, max-snippet:-1, max-image-preview:large, max-video-preview:-1\" \/>\n<link rel=\"canonical\" href=\"https:\/\/www.csj-emballages.com\/de\/produit\/muskatnuss-1-kg\/\" \/>\n<meta property=\"og:locale\" content=\"de_DE\" \/>\n<meta property=\"og:type\" content=\"article\" \/>\n<meta property=\"og:title\" content=\"Gemahlene Muskatnuss 1 kg\" \/>\n<meta property=\"og:description\" content=\"Muskatnuss 1kg - Entdecken Sie die preiswerte und vielseitige lose Muskatnuss, die perfekt ist, um Ihre s\u00fc\u00dfen und herzhaften Gerichte zu bereichern!\" \/>\n<meta property=\"og:url\" content=\"https:\/\/www.csj-emballages.com\/de\/produit\/muskatnuss-1-kg\/\" \/>\n<meta property=\"og:site_name\" content=\"CSJ Emballages\" \/>\n<meta property=\"article:publisher\" content=\"https:\/\/www.facebook.com\/csjemballages\" \/>\n<meta property=\"article:modified_time\" content=\"2026-04-29T00:10:42+00:00\" \/>\n<meta property=\"og:image\" content=\"https:\/\/www.csj-emballages.com\/wp-content\/uploads\/2024\/03\/Noix-de-muscade-moulu.webp\" \/>\n\t<meta property=\"og:image:width\" content=\"800\" \/>\n\t<meta property=\"og:image:height\" content=\"800\" \/>\n\t<meta property=\"og:image:type\" content=\"image\/webp\" \/>\n<meta name=\"twitter:card\" content=\"summary_large_image\" \/>\n<meta name=\"twitter:label1\" content=\"Gesch\u00e4tzte Lesezeit\" \/>\n\t<meta name=\"twitter:data1\" content=\"1\u00a0Minute\" \/>\n<script type=\"application\/ld+json\" class=\"yoast-schema-graph\">{\"@context\":\"https:\/\/schema.org\",\"@graph\":[{\"@type\":\"WebPage\",\"@id\":\"https:\/\/www.csj-emballages.com\/de\/produit\/muskatnuss-1-kg\/\",\"url\":\"https:\/\/www.csj-emballages.com\/de\/produit\/muskatnuss-1-kg\/\",\"name\":\"Gemahlene Muskatnuss 1 kg\",\"isPartOf\":{\"@id\":\"https:\/\/www.csj-emballages.com\/de\/#website\"},\"primaryImageOfPage\":{\"@id\":\"https:\/\/www.csj-emballages.com\/de\/produit\/muskatnuss-1-kg\/#primaryimage\"},\"image\":{\"@id\":\"https:\/\/www.csj-emballages.com\/de\/produit\/muskatnuss-1-kg\/#primaryimage\"},\"thumbnailUrl\":\"https:\/\/www.csj-emballages.com\/wp-content\/uploads\/2024\/03\/Noix-de-muscade-moulu.webp\",\"datePublished\":\"2024-03-01T15:59:43+00:00\",\"dateModified\":\"2026-04-29T00:10:42+00:00\",\"description\":\"Muskatnuss 1kg - Entdecken Sie die preiswerte und vielseitige lose Muskatnuss, die perfekt ist, um Ihre s\u00fc\u00dfen und herzhaften Gerichte zu bereichern!\",\"breadcrumb\":{\"@id\":\"https:\/\/www.csj-emballages.com\/de\/produit\/muskatnuss-1-kg\/#breadcrumb\"},\"inLanguage\":\"de\",\"potentialAction\":[{\"@type\":\"ReadAction\",\"target\":[\"https:\/\/www.csj-emballages.com\/de\/produit\/muskatnuss-1-kg\/\"]}]},{\"@type\":\"ImageObject\",\"inLanguage\":\"de\",\"@id\":\"https:\/\/www.csj-emballages.com\/de\/produit\/muskatnuss-1-kg\/#primaryimage\",\"url\":\"https:\/\/www.csj-emballages.com\/wp-content\/uploads\/2024\/03\/Noix-de-muscade-moulu.webp\",\"contentUrl\":\"https:\/\/www.csj-emballages.com\/wp-content\/uploads\/2024\/03\/Noix-de-muscade-moulu.webp\",\"width\":800,\"height\":800,\"caption\":\"Noix de muscade moulu\"},{\"@type\":\"BreadcrumbList\",\"@id\":\"https:\/\/www.csj-emballages.com\/de\/produit\/muskatnuss-1-kg\/#breadcrumb\",\"itemListElement\":[{\"@type\":\"ListItem\",\"position\":1,\"name\":\"Accueil\",\"item\":\"https:\/\/www.csj-emballages.com\/de\/universum-lebensmittelverpackungen\/\"},{\"@type\":\"ListItem\",\"position\":2,\"name\":\"Shop\",\"item\":\"https:\/\/www.csj-emballages.com\/shop\/\"},{\"@type\":\"ListItem\",\"position\":3,\"name\":\"Gemahlene Muskatnuss 1 kg\"}]},{\"@type\":\"WebSite\",\"@id\":\"https:\/\/www.csj-emballages.com\/de\/#website\",\"url\":\"https:\/\/www.csj-emballages.com\/de\/\",\"name\":\"CSJ Emballages\",\"description\":\"\",\"publisher\":{\"@id\":\"https:\/\/www.csj-emballages.com\/de\/#organization\"},\"potentialAction\":[{\"@type\":\"SearchAction\",\"target\":{\"@type\":\"EntryPoint\",\"urlTemplate\":\"https:\/\/www.csj-emballages.com\/de\/?s={search_term_string}\"},\"query-input\":{\"@type\":\"PropertyValueSpecification\",\"valueRequired\":true,\"valueName\":\"search_term_string\"}}],\"inLanguage\":\"de\"},{\"@type\":\"Organization\",\"@id\":\"https:\/\/www.csj-emballages.com\/de\/#Organization\/\",\"name\":\"CSJ Emballages\",\"url\":\"https:\/\/www.csj-emballages.com\/de\/\",\"logo\":{\"@type\":\"ImageObject\",\"inLanguage\":\"de\",\"@id\":\"https:\/\/www.csj-emballages.com\/de\/#\/schema\/logo\/image\/\",\"url\":\"https:\/\/www.csj-emballages.com\/wp-content\/uploads\/2023\/10\/logo_csj.webp\",\"contentUrl\":\"https:\/\/www.csj-emballages.com\/wp-content\/uploads\/2023\/10\/logo_csj.webp\",\"width\":250,\"height\":95,\"caption\":\"CSJ Emballages\"},\"image\":{\"@id\":\"https:\/\/www.csj-emballages.com\/de\/#\/schema\/logo\/image\/\"},\"sameAs\":[\"https:\/\/www.facebook.com\/csjemballages\"],\"address\":{\"@type\":\"PostalAddress\",\"streetAddress\":\"ZI La Lechere\",\"addressLocality\":\"Patornay\",\"postalCode\":\"39130\",\"addressCountry\":\"FR\"},\"contactPoint\":[{\"@type\":\"ContactPoint\",\"contactType\":\"Service client\",\"telephone\":\"0384254272\",\"email\":\"contact@csj-emballages.com\"}]}]}<\/script>\n<!-- \/ Yoast SEO Premium plugin. -->","yoast_head_json":{"title":"Gemahlene Muskatnuss 1 kg","description":"Muskatnuss 1kg - Entdecken Sie die preiswerte und vielseitige lose Muskatnuss, die perfekt ist, um Ihre s\u00fc\u00dfen und herzhaften Gerichte zu bereichern!","robots":{"index":"index","follow":"follow","max-snippet":"max-snippet:-1","max-image-preview":"max-image-preview:large","max-video-preview":"max-video-preview:-1"},"canonical":"https:\/\/www.csj-emballages.com\/de\/produit\/muskatnuss-1-kg\/","og_locale":"de_DE","og_type":"article","og_title":"Gemahlene Muskatnuss 1 kg","og_description":"Muskatnuss 1kg - Entdecken Sie die preiswerte und vielseitige lose Muskatnuss, die perfekt ist, um Ihre s\u00fc\u00dfen und herzhaften Gerichte zu bereichern!","og_url":"https:\/\/www.csj-emballages.com\/de\/produit\/muskatnuss-1-kg\/","og_site_name":"CSJ Emballages","article_publisher":"https:\/\/www.facebook.com\/csjemballages","article_modified_time":"2026-04-29T00:10:42+00:00","og_image":[{"width":800,"height":800,"url":"https:\/\/www.csj-emballages.com\/wp-content\/uploads\/2024\/03\/Noix-de-muscade-moulu.webp","type":"image\/webp"}],"twitter_card":"summary_large_image","twitter_misc":{"Gesch\u00e4tzte Lesezeit":"1\u00a0Minute"},"schema":{"@context":"https:\/\/schema.org","@graph":[{"@type":"WebPage","@id":"https:\/\/www.csj-emballages.com\/de\/produit\/muskatnuss-1-kg\/","url":"https:\/\/www.csj-emballages.com\/de\/produit\/muskatnuss-1-kg\/","name":"Gemahlene Muskatnuss 1 kg","isPartOf":{"@id":"https:\/\/www.csj-emballages.com\/de\/#website"},"primaryImageOfPage":{"@id":"https:\/\/www.csj-emballages.com\/de\/produit\/muskatnuss-1-kg\/#primaryimage"},"image":{"@id":"https:\/\/www.csj-emballages.com\/de\/produit\/muskatnuss-1-kg\/#primaryimage"},"thumbnailUrl":"https:\/\/www.csj-emballages.com\/wp-content\/uploads\/2024\/03\/Noix-de-muscade-moulu.webp","datePublished":"2024-03-01T15:59:43+00:00","dateModified":"2026-04-29T00:10:42+00:00","description":"Muskatnuss 1kg - Entdecken Sie die preiswerte und vielseitige lose Muskatnuss, die perfekt ist, um Ihre s\u00fc\u00dfen und herzhaften Gerichte zu bereichern!","breadcrumb":{"@id":"https:\/\/www.csj-emballages.com\/de\/produit\/muskatnuss-1-kg\/#breadcrumb"},"inLanguage":"de","potentialAction":[{"@type":"ReadAction","target":["https:\/\/www.csj-emballages.com\/de\/produit\/muskatnuss-1-kg\/"]}]},{"@type":"ImageObject","inLanguage":"de","@id":"https:\/\/www.csj-emballages.com\/de\/produit\/muskatnuss-1-kg\/#primaryimage","url":"https:\/\/www.csj-emballages.com\/wp-content\/uploads\/2024\/03\/Noix-de-muscade-moulu.webp","contentUrl":"https:\/\/www.csj-emballages.com\/wp-content\/uploads\/2024\/03\/Noix-de-muscade-moulu.webp","width":800,"height":800,"caption":"Noix de muscade moulu"},{"@type":"BreadcrumbList","@id":"https:\/\/www.csj-emballages.com\/de\/produit\/muskatnuss-1-kg\/#breadcrumb","itemListElement":[{"@type":"ListItem","position":1,"name":"Accueil","item":"https:\/\/www.csj-emballages.com\/de\/universum-lebensmittelverpackungen\/"},{"@type":"ListItem","position":2,"name":"Shop","item":"https:\/\/www.csj-emballages.com\/shop\/"},{"@type":"ListItem","position":3,"name":"Gemahlene Muskatnuss 1 kg"}]},{"@type":"WebSite","@id":"https:\/\/www.csj-emballages.com\/de\/#website","url":"https:\/\/www.csj-emballages.com\/de\/","name":"CSJ Emballages","description":"","publisher":{"@id":"https:\/\/www.csj-emballages.com\/de\/#organization"},"potentialAction":[{"@type":"SearchAction","target":{"@type":"EntryPoint","urlTemplate":"https:\/\/www.csj-emballages.com\/de\/?s={search_term_string}"},"query-input":{"@type":"PropertyValueSpecification","valueRequired":true,"valueName":"search_term_string"}}],"inLanguage":"de"},{"@type":"Organization","@id":"https:\/\/www.csj-emballages.com\/de\/#Organization\/","name":"CSJ Emballages","url":"https:\/\/www.csj-emballages.com\/de\/","logo":{"@type":"ImageObject","inLanguage":"de","@id":"https:\/\/www.csj-emballages.com\/de\/#\/schema\/logo\/image\/","url":"https:\/\/www.csj-emballages.com\/wp-content\/uploads\/2023\/10\/logo_csj.webp","contentUrl":"https:\/\/www.csj-emballages.com\/wp-content\/uploads\/2023\/10\/logo_csj.webp","width":250,"height":95,"caption":"CSJ Emballages"},"image":{"@id":"https:\/\/www.csj-emballages.com\/de\/#\/schema\/logo\/image\/"},"sameAs":["https:\/\/www.facebook.com\/csjemballages"],"address":{"@type":"PostalAddress","streetAddress":"ZI La Lechere","addressLocality":"Patornay","postalCode":"39130","addressCountry":"FR"},"contactPoint":[{"@type":"ContactPoint","contactType":"Service client","telephone":"0384254272","email":"contact@csj-emballages.com"}]}]}},"df_price":19.73,"df_sale_price":19.73,"df_regular_price":28.18,"df_image_link":"https:\/\/www.csj-emballages.com\/wp-content\/uploads\/2024\/03\/Noix-de-muscade-moulu-300x300.webp","tiered_pricing_type":"fixed","tiered_pricing_fixed_rules":[],"tiered_pricing_percentage_rules":[],"tiered_pricing_minimum":1,"tiered_pricing_roles_data":[],"_links":{"self":[{"href":"https:\/\/www.csj-emballages.com\/de\/wp-json\/wp\/v2\/product\/17417","targetHints":{"allow":["GET"]}}],"collection":[{"href":"https:\/\/www.csj-emballages.com\/de\/wp-json\/wp\/v2\/product"}],"about":[{"href":"https:\/\/www.csj-emballages.com\/de\/wp-json\/wp\/v2\/types\/product"}],"wp:featuredmedia":[{"embeddable":true,"href":"https:\/\/www.csj-emballages.com\/de\/wp-json\/wp\/v2\/media\/261479"}],"wp:attachment":[{"href":"https:\/\/www.csj-emballages.com\/de\/wp-json\/wp\/v2\/media?parent=17417"}],"wp:term":[{"taxonomy":"product_brand","embeddable":true,"href":"https:\/\/www.csj-emballages.com\/de\/wp-json\/wp\/v2\/product_brand?post=17417"},{"taxonomy":"product_cat","embeddable":true,"href":"https:\/\/www.csj-emballages.com\/de\/wp-json\/wp\/v2\/product_cat?post=17417"},{"taxonomy":"product_tag","embeddable":true,"href":"https:\/\/www.csj-emballages.com\/de\/wp-json\/wp\/v2\/product_tag?post=17417"}],"curies":[{"name":"wp","href":"https:\/\/api.w.org\/{rel}","templated":true}]}}