{"id":17415,"date":"2024-03-01T16:59:43","date_gmt":"2024-03-01T15:59:43","guid":{"rendered":"https:\/\/u15jnbdpoq.preview.infomaniak.website\/produit\/gewuerznelke-madagaskar-korn-1-kg\/"},"modified":"2026-03-12T16:02:07","modified_gmt":"2026-03-12T15:02:07","slug":"gewuerznelke-madagaskar-korn-1-kg","status":"publish","type":"product","link":"https:\/\/www.csj-emballages.com\/de\/produit\/gewuerznelke-madagaskar-korn-1-kg\/","title":{"rendered":"Madagaskar Nelken ganz 500 g"},"content":{"rendered":"<h2>Gew\u00fcrznelke<\/h2>\n<div style=\"font-family: Roboto, sans-serif;\">\n<div style=\"font-family: Roboto, sans-serif;\">\n<div style=\"font-family: Roboto, sans-serif;\">\n<div style=\"font-family: Roboto, sans-serif;\">\n<div style=\"font-family: Roboto, sans-serif;\">\n<div style=\"font-family: Roboto, sans-serif;\">\n<hr>\n<h3>Beschreibung des Produkts<\/h3>\n<p><!--more--><\/p>\n<p>Entdecken Sie unsere exklusive Auswahl an <strong>Ganzen Nelken aus Madagaskar<\/strong>, erh\u00e4ltlich in <strong>500-g-Packungen<\/strong>. In der Tat sind diese exquisiten Gew\u00fcrze f\u00fcr ihre hohe Qualit\u00e4t und ihr unvergleichliches Aroma bekannt. Jede Charge wird sorgf\u00e4ltig ausgew\u00e4hlt, um einen authentischen Geschmack und optimale Frische zu gew\u00e4hrleisten.<\/p>\n<p>Die <strong>Nelken aus Madagaskar<\/strong> werden unter idealen Bedingungen angebaut, was ihr einzigartiges Geschmacksprofil bereichert. Die tiefbraune Farbe und die charakteristische Form sorgen f\u00fcr ein fesselndes visuelles Erlebnis in Ihrer K\u00fcche. Diese Gew\u00fcrznelken werden seit Jahrhunderten wegen ihrer aromatischen Eigenschaften verwendet und verleihen verschiedenen Gerichten eine besondere Note.<\/p>\n<p>Zudem sind sie, ob f\u00fcr die <strong>K\u00fcche, zum Backen oder f\u00fcr Aufg\u00fcsse<\/strong>, vielseitig und einfach in Ihren kulinarischen Alltag zu integrieren. Die sichere Verpackung bewahrt die Frische und Unversehrtheit der Produkte bis zu ihrer Verwendung. Als vertrauensw\u00fcrdiger Lieferant garantieren wir, dass unsere Produkte frei von Zusatz- und Konservierungsstoffen sind. Erkunden Sie unser Sortiment an Gew\u00fcrznelken aus Madagaskar in K\u00f6rnern zu 500 g, um Ihre kulinarischen Kreationen mit einer w\u00fcrzigen und warmen Note zu bereichern.<\/p>\n<p>Ob Sie nun ein professioneller Koch oder ein begeisterter Hobbykoch sind, unsere Auswahl wird Ihren Anspr\u00fcchen an Qualit\u00e4t und Geschmack gerecht.<\/p>\n<p>&nbsp;<\/p>\n<p><!--more--><\/p>\n<\/div>\n<\/div>\n<p><strong><span style=\"color: #ff0000;\">MHD \u00fcberschritten: 05\/2025<\/span><\/strong><\/p>\n<\/div>\n<\/div>\n<p>&nbsp;<\/p>\n<div style=\"font-family: Roboto, sans-serif;\">\n<div style=\"font-family: Roboto, sans-serif;\">\n<div style=\"font-family: Roboto, sans-serif;\">\n<div style=\"font-family: Roboto, sans-serif;\">\n<p><!--more--><\/p>\n<p><strong>Vorteile :<\/strong><\/p>\n<ul>\n<li>Ihre Verwendung in der K\u00fcche wird besonders gesch\u00e4tzt f\u00fcr ihre F\u00e4higkeit, den Geschmack von Gerichten zu verfeinern.<\/li>\n<li>Ob Sie ein professioneller Koch oder ein leidenschaftlicher Hobbykoch sind, unsere Nelken erf\u00fcllen all Ihre Bed\u00fcrfnisse.<\/li>\n<\/ul>\n<\/div>\n<\/div>\n<p>&nbsp;<\/p>\n<\/div>\n<\/div>\n<\/div>\n<\/div>\n<p><!--more--><\/p>\n<p><strong>Weitere Informationen<\/strong>:<\/p>\n<ul>\n<li><strong>Verpackung<\/strong>: 500-g-Packung<\/li>\n<li><strong>Format<\/strong>: K\u00f6rner<\/li>\n<\/ul>\n<p>&nbsp;<\/p>\n<p><!--more--><\/p>\n<p>Erh\u00e4ltlich auch in <span style=\"color: #d12727;\"><span style=\"color: #d12727;\"><a style=\"color: #d12727;\" href=\"https:\/\/www.csj-emballages.com\/es\/produit\/clavo-de-madagascar-molido-1-kg\/\">Madagaskar Nelken, gemahlen<\/a><\/span> <\/span> <\/p>\n<p>&nbsp;<\/p>\n<p><!--more--><\/p>\n<p><a href=\"https:\/\/www.csj-emballages.com\/de\/categorie-produit\/lebensmittel\/gewurze\/einfache-gewurze\/\">Sehen Sie sich hier den Rest unseres Sortiments an einfachen Gew\u00fcrzen an.<\/a><\/p>\n","protected":false},"excerpt":{"rendered":"<p><strong><span style=\"color: #ff0000;\">Abgelaufen 05.2025<\/span><\/strong><\/p>\n","protected":false},"featured_media":261408,"template":"","meta":{"_acf_changed":false},"product_brand":[],"product_cat":[10243,1144,1441,1442,11576],"product_tag":[],"class_list":{"0":"post-17415","1":"product","2":"type-product","3":"status-publish","4":"has-post-thumbnail","6":"product_cat-anti-verschwendung","7":"product_cat-lebensmittel","8":"product_cat-gewurze","9":"product_cat-einfache-gewurze","10":"product_cat-lagerbestand","12":"first","13":"instock","14":"sale","15":"taxable","16":"shipping-taxable","17":"purchasable","18":"product-type-simple"},"acf":[],"yoast_head":"<!-- This site is optimized with the Yoast SEO Premium plugin v26.6 (Yoast SEO v26.6) - https:\/\/yoast.com\/wordpress\/plugins\/seo\/ -->\n<title>Gew\u00fcrznelke Madagaskar Korn 500 g<\/title>\n<meta name=\"description\" content=\"Gew\u00fcrznelke Madagaskar Korn 500 g. Sie sind f\u00fcr ihren intensiven Geschmack bekannt. Ideal, um Ihre Gerichte mit einer exotischen und aromatischen Note zu bereichern.\" \/>\n<meta name=\"robots\" content=\"index, follow, max-snippet:-1, max-image-preview:large, max-video-preview:-1\" \/>\n<link rel=\"canonical\" href=\"https:\/\/www.csj-emballages.com\/de\/produit\/gewuerznelke-madagaskar-korn-1-kg\/\" \/>\n<meta property=\"og:locale\" content=\"de_DE\" \/>\n<meta property=\"og:type\" content=\"article\" \/>\n<meta property=\"og:title\" content=\"Madagaskar Nelken ganz 500 g\" \/>\n<meta property=\"og:description\" content=\"Gew\u00fcrznelke Madagaskar Korn 500 g. Sie sind f\u00fcr ihren intensiven Geschmack bekannt. Ideal, um Ihre Gerichte mit einer exotischen und aromatischen Note zu bereichern.\" \/>\n<meta property=\"og:url\" content=\"https:\/\/www.csj-emballages.com\/de\/produit\/gewuerznelke-madagaskar-korn-1-kg\/\" \/>\n<meta property=\"og:site_name\" content=\"CSJ Emballages\" \/>\n<meta property=\"article:publisher\" content=\"https:\/\/www.facebook.com\/csjemballages\" \/>\n<meta property=\"article:modified_time\" content=\"2026-03-12T15:02:07+00:00\" \/>\n<meta property=\"og:image\" content=\"https:\/\/www.csj-emballages.com\/wp-content\/uploads\/2024\/03\/Clou-de-girofle-grains.webp\" \/>\n\t<meta property=\"og:image:width\" content=\"800\" \/>\n\t<meta property=\"og:image:height\" content=\"800\" \/>\n\t<meta property=\"og:image:type\" content=\"image\/webp\" \/>\n<meta name=\"twitter:card\" content=\"summary_large_image\" \/>\n<meta name=\"twitter:label1\" content=\"Gesch\u00e4tzte Lesezeit\" \/>\n\t<meta name=\"twitter:data1\" content=\"1\u00a0Minute\" \/>\n<script type=\"application\/ld+json\" class=\"yoast-schema-graph\">{\"@context\":\"https:\/\/schema.org\",\"@graph\":[{\"@type\":\"WebPage\",\"@id\":\"https:\/\/www.csj-emballages.com\/de\/produit\/gewuerznelke-madagaskar-korn-1-kg\/\",\"url\":\"https:\/\/www.csj-emballages.com\/de\/produit\/gewuerznelke-madagaskar-korn-1-kg\/\",\"name\":\"Gew\u00fcrznelke Madagaskar Korn 500 g\",\"isPartOf\":{\"@id\":\"https:\/\/www.csj-emballages.com\/de\/#website\"},\"primaryImageOfPage\":{\"@id\":\"https:\/\/www.csj-emballages.com\/de\/produit\/gewuerznelke-madagaskar-korn-1-kg\/#primaryimage\"},\"image\":{\"@id\":\"https:\/\/www.csj-emballages.com\/de\/produit\/gewuerznelke-madagaskar-korn-1-kg\/#primaryimage\"},\"thumbnailUrl\":\"https:\/\/www.csj-emballages.com\/wp-content\/uploads\/2024\/03\/Clou-de-girofle-grains.webp\",\"datePublished\":\"2024-03-01T15:59:43+00:00\",\"dateModified\":\"2026-03-12T15:02:07+00:00\",\"description\":\"Gew\u00fcrznelke Madagaskar Korn 500 g. Sie sind f\u00fcr ihren intensiven Geschmack bekannt. Ideal, um Ihre Gerichte mit einer exotischen und aromatischen Note zu bereichern.\",\"breadcrumb\":{\"@id\":\"https:\/\/www.csj-emballages.com\/de\/produit\/gewuerznelke-madagaskar-korn-1-kg\/#breadcrumb\"},\"inLanguage\":\"de\",\"potentialAction\":[{\"@type\":\"ReadAction\",\"target\":[\"https:\/\/www.csj-emballages.com\/de\/produit\/gewuerznelke-madagaskar-korn-1-kg\/\"]}]},{\"@type\":\"ImageObject\",\"inLanguage\":\"de\",\"@id\":\"https:\/\/www.csj-emballages.com\/de\/produit\/gewuerznelke-madagaskar-korn-1-kg\/#primaryimage\",\"url\":\"https:\/\/www.csj-emballages.com\/wp-content\/uploads\/2024\/03\/Clou-de-girofle-grains.webp\",\"contentUrl\":\"https:\/\/www.csj-emballages.com\/wp-content\/uploads\/2024\/03\/Clou-de-girofle-grains.webp\",\"width\":800,\"height\":800,\"caption\":\"Clou de girofle\"},{\"@type\":\"BreadcrumbList\",\"@id\":\"https:\/\/www.csj-emballages.com\/de\/produit\/gewuerznelke-madagaskar-korn-1-kg\/#breadcrumb\",\"itemListElement\":[{\"@type\":\"ListItem\",\"position\":1,\"name\":\"Accueil\",\"item\":\"https:\/\/www.csj-emballages.com\/de\/universum-lebensmittelverpackungen\/\"},{\"@type\":\"ListItem\",\"position\":2,\"name\":\"Shop\",\"item\":\"https:\/\/www.csj-emballages.com\/shop\/\"},{\"@type\":\"ListItem\",\"position\":3,\"name\":\"Madagaskar Nelken ganz 500 g\"}]},{\"@type\":\"WebSite\",\"@id\":\"https:\/\/www.csj-emballages.com\/de\/#website\",\"url\":\"https:\/\/www.csj-emballages.com\/de\/\",\"name\":\"CSJ Emballages\",\"description\":\"\",\"publisher\":{\"@id\":\"https:\/\/www.csj-emballages.com\/de\/#organization\"},\"potentialAction\":[{\"@type\":\"SearchAction\",\"target\":{\"@type\":\"EntryPoint\",\"urlTemplate\":\"https:\/\/www.csj-emballages.com\/de\/?s={search_term_string}\"},\"query-input\":{\"@type\":\"PropertyValueSpecification\",\"valueRequired\":true,\"valueName\":\"search_term_string\"}}],\"inLanguage\":\"de\"},{\"@type\":\"Organization\",\"@id\":\"https:\/\/www.csj-emballages.com\/de\/#Organization\/\",\"name\":\"CSJ Emballages\",\"url\":\"https:\/\/www.csj-emballages.com\/de\/\",\"logo\":{\"@type\":\"ImageObject\",\"inLanguage\":\"de\",\"@id\":\"https:\/\/www.csj-emballages.com\/de\/#\/schema\/logo\/image\/\",\"url\":\"https:\/\/www.csj-emballages.com\/wp-content\/uploads\/2023\/10\/logo_csj.webp\",\"contentUrl\":\"https:\/\/www.csj-emballages.com\/wp-content\/uploads\/2023\/10\/logo_csj.webp\",\"width\":250,\"height\":95,\"caption\":\"CSJ Emballages\"},\"image\":{\"@id\":\"https:\/\/www.csj-emballages.com\/de\/#\/schema\/logo\/image\/\"},\"sameAs\":[\"https:\/\/www.facebook.com\/csjemballages\"],\"address\":{\"@type\":\"PostalAddress\",\"streetAddress\":\"ZI La Lechere\",\"addressLocality\":\"Patornay\",\"postalCode\":\"39130\",\"addressCountry\":\"FR\"},\"contactPoint\":[{\"@type\":\"ContactPoint\",\"contactType\":\"Service client\",\"telephone\":\"0384254272\",\"email\":\"contact@csj-emballages.com\"}]}]}<\/script>\n<!-- \/ Yoast SEO Premium plugin. -->","yoast_head_json":{"title":"Gew\u00fcrznelke Madagaskar Korn 500 g","description":"Gew\u00fcrznelke Madagaskar Korn 500 g. Sie sind f\u00fcr ihren intensiven Geschmack bekannt. Ideal, um Ihre Gerichte mit einer exotischen und aromatischen Note zu bereichern.","robots":{"index":"index","follow":"follow","max-snippet":"max-snippet:-1","max-image-preview":"max-image-preview:large","max-video-preview":"max-video-preview:-1"},"canonical":"https:\/\/www.csj-emballages.com\/de\/produit\/gewuerznelke-madagaskar-korn-1-kg\/","og_locale":"de_DE","og_type":"article","og_title":"Madagaskar Nelken ganz 500 g","og_description":"Gew\u00fcrznelke Madagaskar Korn 500 g. Sie sind f\u00fcr ihren intensiven Geschmack bekannt. Ideal, um Ihre Gerichte mit einer exotischen und aromatischen Note zu bereichern.","og_url":"https:\/\/www.csj-emballages.com\/de\/produit\/gewuerznelke-madagaskar-korn-1-kg\/","og_site_name":"CSJ Emballages","article_publisher":"https:\/\/www.facebook.com\/csjemballages","article_modified_time":"2026-03-12T15:02:07+00:00","og_image":[{"width":800,"height":800,"url":"https:\/\/www.csj-emballages.com\/wp-content\/uploads\/2024\/03\/Clou-de-girofle-grains.webp","type":"image\/webp"}],"twitter_card":"summary_large_image","twitter_misc":{"Gesch\u00e4tzte Lesezeit":"1\u00a0Minute"},"schema":{"@context":"https:\/\/schema.org","@graph":[{"@type":"WebPage","@id":"https:\/\/www.csj-emballages.com\/de\/produit\/gewuerznelke-madagaskar-korn-1-kg\/","url":"https:\/\/www.csj-emballages.com\/de\/produit\/gewuerznelke-madagaskar-korn-1-kg\/","name":"Gew\u00fcrznelke Madagaskar Korn 500 g","isPartOf":{"@id":"https:\/\/www.csj-emballages.com\/de\/#website"},"primaryImageOfPage":{"@id":"https:\/\/www.csj-emballages.com\/de\/produit\/gewuerznelke-madagaskar-korn-1-kg\/#primaryimage"},"image":{"@id":"https:\/\/www.csj-emballages.com\/de\/produit\/gewuerznelke-madagaskar-korn-1-kg\/#primaryimage"},"thumbnailUrl":"https:\/\/www.csj-emballages.com\/wp-content\/uploads\/2024\/03\/Clou-de-girofle-grains.webp","datePublished":"2024-03-01T15:59:43+00:00","dateModified":"2026-03-12T15:02:07+00:00","description":"Gew\u00fcrznelke Madagaskar Korn 500 g. Sie sind f\u00fcr ihren intensiven Geschmack bekannt. Ideal, um Ihre Gerichte mit einer exotischen und aromatischen Note zu bereichern.","breadcrumb":{"@id":"https:\/\/www.csj-emballages.com\/de\/produit\/gewuerznelke-madagaskar-korn-1-kg\/#breadcrumb"},"inLanguage":"de","potentialAction":[{"@type":"ReadAction","target":["https:\/\/www.csj-emballages.com\/de\/produit\/gewuerznelke-madagaskar-korn-1-kg\/"]}]},{"@type":"ImageObject","inLanguage":"de","@id":"https:\/\/www.csj-emballages.com\/de\/produit\/gewuerznelke-madagaskar-korn-1-kg\/#primaryimage","url":"https:\/\/www.csj-emballages.com\/wp-content\/uploads\/2024\/03\/Clou-de-girofle-grains.webp","contentUrl":"https:\/\/www.csj-emballages.com\/wp-content\/uploads\/2024\/03\/Clou-de-girofle-grains.webp","width":800,"height":800,"caption":"Clou de girofle"},{"@type":"BreadcrumbList","@id":"https:\/\/www.csj-emballages.com\/de\/produit\/gewuerznelke-madagaskar-korn-1-kg\/#breadcrumb","itemListElement":[{"@type":"ListItem","position":1,"name":"Accueil","item":"https:\/\/www.csj-emballages.com\/de\/universum-lebensmittelverpackungen\/"},{"@type":"ListItem","position":2,"name":"Shop","item":"https:\/\/www.csj-emballages.com\/shop\/"},{"@type":"ListItem","position":3,"name":"Madagaskar Nelken ganz 500 g"}]},{"@type":"WebSite","@id":"https:\/\/www.csj-emballages.com\/de\/#website","url":"https:\/\/www.csj-emballages.com\/de\/","name":"CSJ Emballages","description":"","publisher":{"@id":"https:\/\/www.csj-emballages.com\/de\/#organization"},"potentialAction":[{"@type":"SearchAction","target":{"@type":"EntryPoint","urlTemplate":"https:\/\/www.csj-emballages.com\/de\/?s={search_term_string}"},"query-input":{"@type":"PropertyValueSpecification","valueRequired":true,"valueName":"search_term_string"}}],"inLanguage":"de"},{"@type":"Organization","@id":"https:\/\/www.csj-emballages.com\/de\/#Organization\/","name":"CSJ Emballages","url":"https:\/\/www.csj-emballages.com\/de\/","logo":{"@type":"ImageObject","inLanguage":"de","@id":"https:\/\/www.csj-emballages.com\/de\/#\/schema\/logo\/image\/","url":"https:\/\/www.csj-emballages.com\/wp-content\/uploads\/2023\/10\/logo_csj.webp","contentUrl":"https:\/\/www.csj-emballages.com\/wp-content\/uploads\/2023\/10\/logo_csj.webp","width":250,"height":95,"caption":"CSJ Emballages"},"image":{"@id":"https:\/\/www.csj-emballages.com\/de\/#\/schema\/logo\/image\/"},"sameAs":["https:\/\/www.facebook.com\/csjemballages"],"address":{"@type":"PostalAddress","streetAddress":"ZI La Lechere","addressLocality":"Patornay","postalCode":"39130","addressCountry":"FR"},"contactPoint":[{"@type":"ContactPoint","contactType":"Service client","telephone":"0384254272","email":"contact@csj-emballages.com"}]}]}},"df_price":12.69,"df_sale_price":12.69,"df_regular_price":18.12,"df_image_link":"https:\/\/www.csj-emballages.com\/wp-content\/uploads\/2024\/03\/Clou-de-girofle-grains-300x300.webp","tiered_pricing_type":"fixed","tiered_pricing_fixed_rules":[],"tiered_pricing_percentage_rules":[],"tiered_pricing_minimum":1,"tiered_pricing_roles_data":[],"_links":{"self":[{"href":"https:\/\/www.csj-emballages.com\/de\/wp-json\/wp\/v2\/product\/17415","targetHints":{"allow":["GET"]}}],"collection":[{"href":"https:\/\/www.csj-emballages.com\/de\/wp-json\/wp\/v2\/product"}],"about":[{"href":"https:\/\/www.csj-emballages.com\/de\/wp-json\/wp\/v2\/types\/product"}],"wp:featuredmedia":[{"embeddable":true,"href":"https:\/\/www.csj-emballages.com\/de\/wp-json\/wp\/v2\/media\/261408"}],"wp:attachment":[{"href":"https:\/\/www.csj-emballages.com\/de\/wp-json\/wp\/v2\/media?parent=17415"}],"wp:term":[{"taxonomy":"product_brand","embeddable":true,"href":"https:\/\/www.csj-emballages.com\/de\/wp-json\/wp\/v2\/product_brand?post=17415"},{"taxonomy":"product_cat","embeddable":true,"href":"https:\/\/www.csj-emballages.com\/de\/wp-json\/wp\/v2\/product_cat?post=17415"},{"taxonomy":"product_tag","embeddable":true,"href":"https:\/\/www.csj-emballages.com\/de\/wp-json\/wp\/v2\/product_tag?post=17415"}],"curies":[{"name":"wp","href":"https:\/\/api.w.org\/{rel}","templated":true}]}}