{"id":17409,"date":"2024-03-01T16:59:43","date_gmt":"2024-03-01T15:59:43","guid":{"rendered":"https:\/\/u15jnbdpoq.preview.infomaniak.website\/produit\/gemahlener-schwarzer-pfeffer-1-kg\/"},"modified":"2026-04-03T02:10:35","modified_gmt":"2026-04-03T00:10:35","slug":"gemahlener-schwarzer-pfeffer-1-kg","status":"publish","type":"product","link":"https:\/\/www.csj-emballages.com\/de\/produit\/gemahlener-schwarzer-pfeffer-1-kg\/","title":{"rendered":"Gemahlener schwarzer Pfeffer 1 kg"},"content":{"rendered":"<h2>Gemahlener schwarzer Pfeffer<\/h2>\n<div style=\"font-family: Roboto, sans-serif;\">\n<div style=\"font-family: Roboto, sans-serif;\">\n<div style=\"font-family: Roboto, sans-serif;\">\n<div style=\"font-family: Roboto, sans-serif;\">\n<div style=\"font-family: Roboto, sans-serif;\">\n<div style=\"font-family: Roboto, sans-serif;\">\n<hr>\n<h3>Beschreibung unseres gemahlenen schwarzen Pfeffers<\/h3>\n<p><!--more--><\/p>\n<p>Der gemahlene schwarze Pfeffer 1kg ist ein unverzichtbares Gew\u00fcrz, um alle Ihre Gerichte zu verfeinern. Sein intensives Aroma und sein leicht scharfer Geschmack verleihen Ihren Rezepten eine besondere Note. Au\u00dferdem ist es ideal zum W\u00fcrzen von Fleisch, Fisch, Gem\u00fcse und So\u00dfen, um den nat\u00fcrlichen Geschmack zu verst\u00e4rken. Au\u00dferdem beh\u00e4lt er dank seiner Frische alle seine geschmacklichen und olfaktorischen Eigenschaften. Dar\u00fcber hinaus erm\u00f6glicht die Verpackung in gro\u00dfen Mengen eine l\u00e4ngere Nutzung, wodurch Lieferengp\u00e4sse vermieden werden.<\/p>\n<p>Daher werden professionelle Gastronomen seine Zweckm\u00e4\u00dfigkeit und sein hervorragendes Preis-Leistungs-Verh\u00e4ltnis zu sch\u00e4tzen wissen. Geben Sie ihn direkt in Ihre Zubereitungen, um von einem authentischen und intensiven Geschmack zu profitieren. Sie k\u00f6nnen es auch als Marinade oder zum Schluss verwenden, um den Geschmack zu variieren. Au\u00dferdem l\u00e4sst er sich wunderbar mit anderen Gew\u00fcrzen und Kr\u00e4utern kombinieren und bereichert so Ihre kulinarischen Kreationen.<\/p>\n<p>Schlie\u00dflich ist dieser gemahlene schwarze Pfeffer 1kg ein wertvolles Gut f\u00fcr Hobbyk\u00f6che, die neue Geschmacksdimensionen erkunden m\u00f6chten. Nat\u00fcrlich eignet er sich auch hervorragend f\u00fcr die t\u00e4glichen Mahlzeiten und verwandelt einfache Gerichte in eine wahre Delikatesse.<\/p>\n<p>Probieren Sie es jetzt aus und entdecken Sie den aromatischen Reichtum von 1 kg gemahlenem schwarzem Pfeffer.<\/p>\n<p>&nbsp;<\/p>\n<p><!--more--><\/p>\n<p><strong>Vorteile :<\/strong><\/p>\n<ul>\n<li>Verfeinert all Ihre Gerichte mit seinem intensiven Aroma und seinem leicht pikanten Geschmack.<\/li>\n<li>Perfekt f\u00fcr Marinaden oder zum Abschluss des Kochens, f\u00fcr kulinarische Abwechslung.<\/li>\n<li>Die Gro\u00dfpackung erm\u00f6glicht eine l\u00e4ngere Nutzung und beugt Versorgungsengp\u00e4ssen vor.<\/li>\n<li>Ideal zum W\u00fcrzen von Fleisch, Fisch, Gem\u00fcse und Saucen, um deren nat\u00fcrlichen Geschmack hervorzuheben.<\/li>\n<\/ul>\n<\/div>\n<\/div>\n<\/div>\n<\/div>\n<\/div>\n<\/div>\n<p>&nbsp;<\/p>\n<p><!--more--><\/p>\n<h4>Weitere Informationen :<\/h4>\n<ul>\n<li><strong>Verpackung<\/strong>: Packung mit 1kg<\/li>\n<li><strong>Format<\/strong> : Gemahlen<\/li>\n<\/ul>\n<p>&nbsp;<\/p>\n<p><!--more--><\/p>\n<p>Auch erh\u00e4ltlich in <span style=\"color: #d12727;\"><br \/>\n  <a style=\"color: #d12727;\" href=\"https:\/\/www.csj-emballages.com\/es\/produit\/pimienta-negra-en-grano-1-kg\/\">Schwarze Pfefferk\u00f6rner<\/a><br \/>\n<\/span><\/p>\n<p>&nbsp;<\/p>\n<p><!--more--><\/p>\n<p><a href=\"https:\/\/www.csj-emballages.com\/de\/categorie-produit\/lebensmittel\/gewurze\/einfache-gewurze\/\">Sehen Sie sich hier den Rest unseres Sortiments an einfachen Gew\u00fcrzen an.<\/a><\/p>\n","protected":false},"excerpt":{"rendered":"<p>Gemahlener schwarzer Pfeffer Beschreibung unseres gemahlenen schwarzen Pfeffers<\/p>\n","protected":false},"featured_media":225716,"template":"","meta":{"_acf_changed":false},"product_brand":[],"product_cat":[1144,1441,1442],"product_tag":[],"class_list":{"0":"post-17409","1":"product","2":"type-product","3":"status-publish","4":"has-post-thumbnail","6":"product_cat-lebensmittel","7":"product_cat-gewurze","8":"product_cat-einfache-gewurze","10":"first","11":"instock","12":"taxable","13":"shipping-taxable","14":"purchasable","15":"product-type-simple"},"acf":[],"yoast_head":"<!-- This site is optimized with the Yoast SEO Premium plugin v26.6 (Yoast SEO v26.6) - https:\/\/yoast.com\/wordpress\/plugins\/seo\/ -->\n<title>Gemahlener schwarzer Pfeffer - 1kg<\/title>\n<meta name=\"description\" content=\"Gemahlener schwarzer Pfeffer 1kg, ideal zum Verfeinern von Fleisch, Fisch, Gem\u00fcse und So\u00dfen. Er bereichert Ihre t\u00e4glichen Gerichte und Ihre kulinarischen Kreationen!\" \/>\n<meta name=\"robots\" content=\"index, follow, max-snippet:-1, max-image-preview:large, max-video-preview:-1\" \/>\n<link rel=\"canonical\" href=\"https:\/\/www.csj-emballages.com\/de\/produit\/gemahlener-schwarzer-pfeffer-1-kg\/\" \/>\n<meta property=\"og:locale\" content=\"de_DE\" \/>\n<meta property=\"og:type\" content=\"article\" \/>\n<meta property=\"og:title\" content=\"Gemahlener schwarzer Pfeffer 1 kg\" \/>\n<meta property=\"og:description\" content=\"Gemahlener schwarzer Pfeffer 1kg, ideal zum Verfeinern von Fleisch, Fisch, Gem\u00fcse und So\u00dfen. Er bereichert Ihre t\u00e4glichen Gerichte und Ihre kulinarischen Kreationen!\" \/>\n<meta property=\"og:url\" content=\"https:\/\/www.csj-emballages.com\/de\/produit\/gemahlener-schwarzer-pfeffer-1-kg\/\" \/>\n<meta property=\"og:site_name\" content=\"CSJ Emballages\" \/>\n<meta property=\"article:publisher\" content=\"https:\/\/www.facebook.com\/csjemballages\" \/>\n<meta property=\"article:modified_time\" content=\"2026-04-03T00:10:35+00:00\" \/>\n<meta property=\"og:image\" content=\"https:\/\/www.csj-emballages.com\/wp-content\/uploads\/2024\/03\/poivre-noir-moulu.webp\" \/>\n\t<meta property=\"og:image:width\" content=\"800\" \/>\n\t<meta property=\"og:image:height\" content=\"800\" \/>\n\t<meta property=\"og:image:type\" content=\"image\/webp\" \/>\n<meta name=\"twitter:card\" content=\"summary_large_image\" \/>\n<meta name=\"twitter:label1\" content=\"Gesch\u00e4tzte Lesezeit\" \/>\n\t<meta name=\"twitter:data1\" content=\"2 Minuten\" \/>\n<script type=\"application\/ld+json\" class=\"yoast-schema-graph\">{\"@context\":\"https:\/\/schema.org\",\"@graph\":[{\"@type\":\"WebPage\",\"@id\":\"https:\/\/www.csj-emballages.com\/de\/produit\/gemahlener-schwarzer-pfeffer-1-kg\/\",\"url\":\"https:\/\/www.csj-emballages.com\/de\/produit\/gemahlener-schwarzer-pfeffer-1-kg\/\",\"name\":\"Gemahlener schwarzer Pfeffer - 1kg\",\"isPartOf\":{\"@id\":\"https:\/\/www.csj-emballages.com\/de\/#website\"},\"primaryImageOfPage\":{\"@id\":\"https:\/\/www.csj-emballages.com\/de\/produit\/gemahlener-schwarzer-pfeffer-1-kg\/#primaryimage\"},\"image\":{\"@id\":\"https:\/\/www.csj-emballages.com\/de\/produit\/gemahlener-schwarzer-pfeffer-1-kg\/#primaryimage\"},\"thumbnailUrl\":\"https:\/\/www.csj-emballages.com\/wp-content\/uploads\/2024\/03\/poivre-noir-moulu.webp\",\"datePublished\":\"2024-03-01T15:59:43+00:00\",\"dateModified\":\"2026-04-03T00:10:35+00:00\",\"description\":\"Gemahlener schwarzer Pfeffer 1kg, ideal zum Verfeinern von Fleisch, Fisch, Gem\u00fcse und So\u00dfen. Er bereichert Ihre t\u00e4glichen Gerichte und Ihre kulinarischen Kreationen!\",\"breadcrumb\":{\"@id\":\"https:\/\/www.csj-emballages.com\/de\/produit\/gemahlener-schwarzer-pfeffer-1-kg\/#breadcrumb\"},\"inLanguage\":\"de\",\"potentialAction\":[{\"@type\":\"ReadAction\",\"target\":[\"https:\/\/www.csj-emballages.com\/de\/produit\/gemahlener-schwarzer-pfeffer-1-kg\/\"]}]},{\"@type\":\"ImageObject\",\"inLanguage\":\"de\",\"@id\":\"https:\/\/www.csj-emballages.com\/de\/produit\/gemahlener-schwarzer-pfeffer-1-kg\/#primaryimage\",\"url\":\"https:\/\/www.csj-emballages.com\/wp-content\/uploads\/2024\/03\/poivre-noir-moulu.webp\",\"contentUrl\":\"https:\/\/www.csj-emballages.com\/wp-content\/uploads\/2024\/03\/poivre-noir-moulu.webp\",\"width\":800,\"height\":800,\"caption\":\"Poivre noir moulu\"},{\"@type\":\"BreadcrumbList\",\"@id\":\"https:\/\/www.csj-emballages.com\/de\/produit\/gemahlener-schwarzer-pfeffer-1-kg\/#breadcrumb\",\"itemListElement\":[{\"@type\":\"ListItem\",\"position\":1,\"name\":\"Accueil\",\"item\":\"https:\/\/www.csj-emballages.com\/de\/universum-lebensmittelverpackungen\/\"},{\"@type\":\"ListItem\",\"position\":2,\"name\":\"Shop\",\"item\":\"https:\/\/www.csj-emballages.com\/shop\/\"},{\"@type\":\"ListItem\",\"position\":3,\"name\":\"Gemahlener schwarzer Pfeffer 1 kg\"}]},{\"@type\":\"WebSite\",\"@id\":\"https:\/\/www.csj-emballages.com\/de\/#website\",\"url\":\"https:\/\/www.csj-emballages.com\/de\/\",\"name\":\"CSJ Emballages\",\"description\":\"\",\"publisher\":{\"@id\":\"https:\/\/www.csj-emballages.com\/de\/#organization\"},\"potentialAction\":[{\"@type\":\"SearchAction\",\"target\":{\"@type\":\"EntryPoint\",\"urlTemplate\":\"https:\/\/www.csj-emballages.com\/de\/?s={search_term_string}\"},\"query-input\":{\"@type\":\"PropertyValueSpecification\",\"valueRequired\":true,\"valueName\":\"search_term_string\"}}],\"inLanguage\":\"de\"},{\"@type\":\"Organization\",\"@id\":\"https:\/\/www.csj-emballages.com\/de\/#Organization\/\",\"name\":\"CSJ Emballages\",\"url\":\"https:\/\/www.csj-emballages.com\/de\/\",\"logo\":{\"@type\":\"ImageObject\",\"inLanguage\":\"de\",\"@id\":\"https:\/\/www.csj-emballages.com\/de\/#\/schema\/logo\/image\/\",\"url\":\"https:\/\/www.csj-emballages.com\/wp-content\/uploads\/2023\/10\/logo_csj.webp\",\"contentUrl\":\"https:\/\/www.csj-emballages.com\/wp-content\/uploads\/2023\/10\/logo_csj.webp\",\"width\":250,\"height\":95,\"caption\":\"CSJ Emballages\"},\"image\":{\"@id\":\"https:\/\/www.csj-emballages.com\/de\/#\/schema\/logo\/image\/\"},\"sameAs\":[\"https:\/\/www.facebook.com\/csjemballages\"],\"address\":{\"@type\":\"PostalAddress\",\"streetAddress\":\"ZI La Lechere\",\"addressLocality\":\"Patornay\",\"postalCode\":\"39130\",\"addressCountry\":\"FR\"},\"contactPoint\":[{\"@type\":\"ContactPoint\",\"contactType\":\"Service client\",\"telephone\":\"0384254272\",\"email\":\"contact@csj-emballages.com\"}]}]}<\/script>\n<!-- \/ Yoast SEO Premium plugin. -->","yoast_head_json":{"title":"Gemahlener schwarzer Pfeffer - 1kg","description":"Gemahlener schwarzer Pfeffer 1kg, ideal zum Verfeinern von Fleisch, Fisch, Gem\u00fcse und So\u00dfen. Er bereichert Ihre t\u00e4glichen Gerichte und Ihre kulinarischen Kreationen!","robots":{"index":"index","follow":"follow","max-snippet":"max-snippet:-1","max-image-preview":"max-image-preview:large","max-video-preview":"max-video-preview:-1"},"canonical":"https:\/\/www.csj-emballages.com\/de\/produit\/gemahlener-schwarzer-pfeffer-1-kg\/","og_locale":"de_DE","og_type":"article","og_title":"Gemahlener schwarzer Pfeffer 1 kg","og_description":"Gemahlener schwarzer Pfeffer 1kg, ideal zum Verfeinern von Fleisch, Fisch, Gem\u00fcse und So\u00dfen. Er bereichert Ihre t\u00e4glichen Gerichte und Ihre kulinarischen Kreationen!","og_url":"https:\/\/www.csj-emballages.com\/de\/produit\/gemahlener-schwarzer-pfeffer-1-kg\/","og_site_name":"CSJ Emballages","article_publisher":"https:\/\/www.facebook.com\/csjemballages","article_modified_time":"2026-04-03T00:10:35+00:00","og_image":[{"width":800,"height":800,"url":"https:\/\/www.csj-emballages.com\/wp-content\/uploads\/2024\/03\/poivre-noir-moulu.webp","type":"image\/webp"}],"twitter_card":"summary_large_image","twitter_misc":{"Gesch\u00e4tzte Lesezeit":"2 Minuten"},"schema":{"@context":"https:\/\/schema.org","@graph":[{"@type":"WebPage","@id":"https:\/\/www.csj-emballages.com\/de\/produit\/gemahlener-schwarzer-pfeffer-1-kg\/","url":"https:\/\/www.csj-emballages.com\/de\/produit\/gemahlener-schwarzer-pfeffer-1-kg\/","name":"Gemahlener schwarzer Pfeffer - 1kg","isPartOf":{"@id":"https:\/\/www.csj-emballages.com\/de\/#website"},"primaryImageOfPage":{"@id":"https:\/\/www.csj-emballages.com\/de\/produit\/gemahlener-schwarzer-pfeffer-1-kg\/#primaryimage"},"image":{"@id":"https:\/\/www.csj-emballages.com\/de\/produit\/gemahlener-schwarzer-pfeffer-1-kg\/#primaryimage"},"thumbnailUrl":"https:\/\/www.csj-emballages.com\/wp-content\/uploads\/2024\/03\/poivre-noir-moulu.webp","datePublished":"2024-03-01T15:59:43+00:00","dateModified":"2026-04-03T00:10:35+00:00","description":"Gemahlener schwarzer Pfeffer 1kg, ideal zum Verfeinern von Fleisch, Fisch, Gem\u00fcse und So\u00dfen. Er bereichert Ihre t\u00e4glichen Gerichte und Ihre kulinarischen Kreationen!","breadcrumb":{"@id":"https:\/\/www.csj-emballages.com\/de\/produit\/gemahlener-schwarzer-pfeffer-1-kg\/#breadcrumb"},"inLanguage":"de","potentialAction":[{"@type":"ReadAction","target":["https:\/\/www.csj-emballages.com\/de\/produit\/gemahlener-schwarzer-pfeffer-1-kg\/"]}]},{"@type":"ImageObject","inLanguage":"de","@id":"https:\/\/www.csj-emballages.com\/de\/produit\/gemahlener-schwarzer-pfeffer-1-kg\/#primaryimage","url":"https:\/\/www.csj-emballages.com\/wp-content\/uploads\/2024\/03\/poivre-noir-moulu.webp","contentUrl":"https:\/\/www.csj-emballages.com\/wp-content\/uploads\/2024\/03\/poivre-noir-moulu.webp","width":800,"height":800,"caption":"Poivre noir moulu"},{"@type":"BreadcrumbList","@id":"https:\/\/www.csj-emballages.com\/de\/produit\/gemahlener-schwarzer-pfeffer-1-kg\/#breadcrumb","itemListElement":[{"@type":"ListItem","position":1,"name":"Accueil","item":"https:\/\/www.csj-emballages.com\/de\/universum-lebensmittelverpackungen\/"},{"@type":"ListItem","position":2,"name":"Shop","item":"https:\/\/www.csj-emballages.com\/shop\/"},{"@type":"ListItem","position":3,"name":"Gemahlener schwarzer Pfeffer 1 kg"}]},{"@type":"WebSite","@id":"https:\/\/www.csj-emballages.com\/de\/#website","url":"https:\/\/www.csj-emballages.com\/de\/","name":"CSJ Emballages","description":"","publisher":{"@id":"https:\/\/www.csj-emballages.com\/de\/#organization"},"potentialAction":[{"@type":"SearchAction","target":{"@type":"EntryPoint","urlTemplate":"https:\/\/www.csj-emballages.com\/de\/?s={search_term_string}"},"query-input":{"@type":"PropertyValueSpecification","valueRequired":true,"valueName":"search_term_string"}}],"inLanguage":"de"},{"@type":"Organization","@id":"https:\/\/www.csj-emballages.com\/de\/#Organization\/","name":"CSJ Emballages","url":"https:\/\/www.csj-emballages.com\/de\/","logo":{"@type":"ImageObject","inLanguage":"de","@id":"https:\/\/www.csj-emballages.com\/de\/#\/schema\/logo\/image\/","url":"https:\/\/www.csj-emballages.com\/wp-content\/uploads\/2023\/10\/logo_csj.webp","contentUrl":"https:\/\/www.csj-emballages.com\/wp-content\/uploads\/2023\/10\/logo_csj.webp","width":250,"height":95,"caption":"CSJ Emballages"},"image":{"@id":"https:\/\/www.csj-emballages.com\/de\/#\/schema\/logo\/image\/"},"sameAs":["https:\/\/www.facebook.com\/csjemballages"],"address":{"@type":"PostalAddress","streetAddress":"ZI La Lechere","addressLocality":"Patornay","postalCode":"39130","addressCountry":"FR"},"contactPoint":[{"@type":"ContactPoint","contactType":"Service client","telephone":"0384254272","email":"contact@csj-emballages.com"}]}]}},"df_price":20.15,"df_sale_price":"","df_regular_price":20.15,"df_image_link":"https:\/\/www.csj-emballages.com\/wp-content\/uploads\/2024\/03\/poivre-noir-moulu-300x300.webp","tiered_pricing_type":"fixed","tiered_pricing_fixed_rules":[],"tiered_pricing_percentage_rules":[],"tiered_pricing_minimum":1,"tiered_pricing_roles_data":[],"_links":{"self":[{"href":"https:\/\/www.csj-emballages.com\/de\/wp-json\/wp\/v2\/product\/17409","targetHints":{"allow":["GET"]}}],"collection":[{"href":"https:\/\/www.csj-emballages.com\/de\/wp-json\/wp\/v2\/product"}],"about":[{"href":"https:\/\/www.csj-emballages.com\/de\/wp-json\/wp\/v2\/types\/product"}],"wp:featuredmedia":[{"embeddable":true,"href":"https:\/\/www.csj-emballages.com\/de\/wp-json\/wp\/v2\/media\/225716"}],"wp:attachment":[{"href":"https:\/\/www.csj-emballages.com\/de\/wp-json\/wp\/v2\/media?parent=17409"}],"wp:term":[{"taxonomy":"product_brand","embeddable":true,"href":"https:\/\/www.csj-emballages.com\/de\/wp-json\/wp\/v2\/product_brand?post=17409"},{"taxonomy":"product_cat","embeddable":true,"href":"https:\/\/www.csj-emballages.com\/de\/wp-json\/wp\/v2\/product_cat?post=17409"},{"taxonomy":"product_tag","embeddable":true,"href":"https:\/\/www.csj-emballages.com\/de\/wp-json\/wp\/v2\/product_tag?post=17409"}],"curies":[{"name":"wp","href":"https:\/\/api.w.org\/{rel}","templated":true}]}}