{"id":17405,"date":"2024-03-01T16:59:43","date_gmt":"2024-03-01T15:59:43","guid":{"rendered":"https:\/\/u15jnbdpoq.preview.infomaniak.website\/produit\/extrafeiner-gemahlener-zimt-1-kg\/"},"modified":"2026-03-12T16:02:04","modified_gmt":"2026-03-12T15:02:04","slug":"extrafeiner-gemahlener-zimt-1-kg","status":"publish","type":"product","link":"https:\/\/www.csj-emballages.com\/de\/produit\/extrafeiner-gemahlener-zimt-1-kg\/","title":{"rendered":"Gemahlener Zimt 1 kg"},"content":{"rendered":"<h2>Gemahlener Zimt<\/h2>\n<div style=\"font-family: Roboto, sans-serif;\">\n<div style=\"font-family: Roboto, sans-serif;\">\n<div style=\"font-family: Roboto, sans-serif;\">\n<div style=\"font-family: Roboto, sans-serif;\">\n<div style=\"font-family: Roboto, sans-serif;\">\n<div style=\"font-family: Roboto, sans-serif;\">\n<hr>\n<h3>Beschreibung von unserem Zimt gemahlen 1 kg<\/h3>\n<p><!--more--><\/p>\n<p data-start=\"148\" data-end=\"491\">Der <strong>gemahlene Zimt<\/strong> geh\u00f6rt zu jenen unverzichtbaren Gew\u00fcrzen, die ein Rezept sofort verwandeln. Mit diesem <strong data-start=\"269\" data-end=\"277\">1 kg<\/strong>-Format k\u00f6nnen Sie gro\u00dfz\u00fcgig kochen, experimentieren, kreieren und unbegrenzt w\u00fcrzen. Schon beim \u00d6ffnen verbreitet sich sein warmes und leicht s\u00fc\u00dfliches Aroma, das Zubereitungen voller Charakter und Behaglichkeit ank\u00fcndigt.  <\/p>\n<p data-start=\"493\" data-end=\"876\">Fein und homogen l\u00e4sst sich dieser <strong>gemahlene Zimt<\/strong> leicht in alle Ihre Rezepte integrieren. Er mischt sich m\u00fchelos in <strong>Geb\u00e4ck, Desserts, Hei\u00dfgetr\u00e4nke oder sogar in bestimmte herzhafte Gerichte<\/strong>. Ob Sie also <strong>Kuchen, Kekse, Kompotte, hei\u00dfe Schokolade oder gewagtere Rezepte<\/strong> zubereiten, er verleiht stets jene w\u00fcrzige Note, die den Unterschied macht.  <\/p>\n<p data-start=\"878\" data-end=\"1264\">Zudem ist das professionelle <strong>1 kg<\/strong>-Format besonders praktisch. Es eignet sich hervorragend f\u00fcr B\u00e4ckereien, Restaurants, Caterer oder Handwerker, die Zimt t\u00e4glich verwenden. Sie sparen Zeit, vermeiden Engp\u00e4sse und bewahren eine gleichbleibende Qualit\u00e4t bei Ihren Zubereitungen. Dieses Format ist aber auch ideal f\u00fcr passionierte Hobbyk\u00f6che, die gerne gro\u00dfe Mengen zu Hause zubereiten.   <\/p>\n<p data-start=\"1266\" data-end=\"1540\">Dar\u00fcber hinaus wird <strong>Zimt<\/strong> f\u00fcr seine Vielseitigkeit gesch\u00e4tzt. Er w\u00e4rmt Aromen im Winter, gleicht s\u00fc\u00dfe Rezepte aus und verleiht herzhaften Gerichten eine originelle Note. Es ist ein einfaches, aber kraftvolles Gew\u00fcrz, das Tiefe verleiht, ohne andere Zutaten zu \u00fcberdecken.  <\/p>\n<p data-start=\"1542\" data-end=\"1789\">Zusammenfassend ist dieser <strong>gemahlene Zimt 1 kg<\/strong> ein hervorragender Verb\u00fcndeter f\u00fcr alle, die authentische, gro\u00dfz\u00fcgige und sanfte Aromen sch\u00e4tzen. Ein unverzichtbarer Helfer, den Sie immer zur Hand haben sollten, um Ihrer Kreativit\u00e4t in der K\u00fcche freien Lauf zu lassen. <\/p>\n<p data-start=\"1542\" data-end=\"1789\">\n<\/div>\n<div style=\"font-family: Roboto, sans-serif;\">\n<p><!--more--><\/p>\n<h4><strong>Vorteile :<\/strong><\/h4>\n<ul>\n<li>Pr\u00e4zise gemahlen, um eine feine Konsistenz zu gew\u00e4hrleisten, die sich leicht in Ihre Rezepte einf\u00fcgt.<\/li>\n<li>Ideal zur Bereicherung einer Vielzahl von Gerichten, von Geb\u00e4ck \u00fcber herzhafte Speisen bis hin zu Hei\u00dfgetr\u00e4nken.<\/li>\n<li>Praktisches 1 kg-Format, perfekt f\u00fcr Hobbyk\u00f6che und Profis, die eine regelm\u00e4\u00dfige Menge Zimt ben\u00f6tigen.<\/li>\n<li>Von K\u00f6chen und Kochliebhabern empfohlen f\u00fcr seine konstante Qualit\u00e4t und seinen geschmacklichen Einfluss.<\/li>\n<\/ul>\n<\/div>\n<\/div>\n<div style=\"font-family: Roboto, sans-serif;\">\n<div style=\"font-family: Roboto, sans-serif;\">\n<p>&nbsp;<\/p>\n<\/div>\n<\/div>\n<\/div>\n<\/div>\n<\/div>\n<\/div>\n<p><!--more--><\/p>\n<h4>Weitere Informationen :<\/h4>\n<ul>\n<li><strong>Verpackung<\/strong>: Packung mit 1kg<\/li>\n<li><strong>Format<\/strong> : Gemahlen<\/li>\n<\/ul>\n<p>&nbsp;<\/p>\n<p><!--more--><\/p>\n<p><a href=\"https:\/\/www.csj-emballages.com\/de\/categorie-produit\/lebensmittel\/gewurze\/einfache-gewurze\/\">Sehen Sie sich hier den Rest unseres Sortiments an einfachen Gew\u00fcrzen an.<\/a><\/p>\n","protected":false},"excerpt":{"rendered":"<p>Gemahlener Zimt Beschreibung von unserem Zimt gemahlen 1 kg<\/p>\n","protected":false},"featured_media":261403,"template":"","meta":{"_acf_changed":false},"product_brand":[],"product_cat":[1144,1441,1442],"product_tag":[],"class_list":{"0":"post-17405","1":"product","2":"type-product","3":"status-publish","4":"has-post-thumbnail","6":"product_cat-lebensmittel","7":"product_cat-gewurze","8":"product_cat-einfache-gewurze","10":"first","11":"instock","12":"taxable","13":"shipping-taxable","14":"purchasable","15":"product-type-simple"},"acf":[],"yoast_head":"<!-- This site is optimized with the Yoast SEO Premium plugin v26.6 (Yoast SEO v26.6) - https:\/\/yoast.com\/wordpress\/plugins\/seo\/ -->\n<title>Zimt gemahlen 1kg<\/title>\n<meta name=\"description\" content=\"Gemahlener Zimt 1kg. Entdecken Sie unseren extrafeinen gemahlenen Zimt, um Ihre Rezepte mit seinem intensiven Aroma und seiner feinen Textur zu bereichern.\" \/>\n<meta name=\"robots\" content=\"index, follow, max-snippet:-1, max-image-preview:large, max-video-preview:-1\" \/>\n<link rel=\"canonical\" href=\"https:\/\/www.csj-emballages.com\/de\/produit\/extrafeiner-gemahlener-zimt-1-kg\/\" \/>\n<meta property=\"og:locale\" content=\"de_DE\" \/>\n<meta property=\"og:type\" content=\"article\" \/>\n<meta property=\"og:title\" content=\"Gemahlener Zimt 1 kg\" \/>\n<meta property=\"og:description\" content=\"Gemahlener Zimt 1kg. Entdecken Sie unseren extrafeinen gemahlenen Zimt, um Ihre Rezepte mit seinem intensiven Aroma und seiner feinen Textur zu bereichern.\" \/>\n<meta property=\"og:url\" content=\"https:\/\/www.csj-emballages.com\/de\/produit\/extrafeiner-gemahlener-zimt-1-kg\/\" \/>\n<meta property=\"og:site_name\" content=\"CSJ Emballages\" \/>\n<meta property=\"article:publisher\" content=\"https:\/\/www.facebook.com\/csjemballages\" \/>\n<meta property=\"article:modified_time\" content=\"2026-03-12T15:02:04+00:00\" \/>\n<meta property=\"og:image\" content=\"https:\/\/www.csj-emballages.com\/wp-content\/uploads\/2024\/03\/Cannelle-moulu.webp\" \/>\n\t<meta property=\"og:image:width\" content=\"800\" \/>\n\t<meta property=\"og:image:height\" content=\"800\" \/>\n\t<meta property=\"og:image:type\" content=\"image\/webp\" \/>\n<meta name=\"twitter:card\" content=\"summary_large_image\" \/>\n<meta name=\"twitter:label1\" content=\"Gesch\u00e4tzte Lesezeit\" \/>\n\t<meta name=\"twitter:data1\" content=\"2 Minuten\" \/>\n<script type=\"application\/ld+json\" class=\"yoast-schema-graph\">{\"@context\":\"https:\/\/schema.org\",\"@graph\":[{\"@type\":\"WebPage\",\"@id\":\"https:\/\/www.csj-emballages.com\/de\/produit\/extrafeiner-gemahlener-zimt-1-kg\/\",\"url\":\"https:\/\/www.csj-emballages.com\/de\/produit\/extrafeiner-gemahlener-zimt-1-kg\/\",\"name\":\"Zimt gemahlen 1kg\",\"isPartOf\":{\"@id\":\"https:\/\/www.csj-emballages.com\/de\/#website\"},\"primaryImageOfPage\":{\"@id\":\"https:\/\/www.csj-emballages.com\/de\/produit\/extrafeiner-gemahlener-zimt-1-kg\/#primaryimage\"},\"image\":{\"@id\":\"https:\/\/www.csj-emballages.com\/de\/produit\/extrafeiner-gemahlener-zimt-1-kg\/#primaryimage\"},\"thumbnailUrl\":\"https:\/\/www.csj-emballages.com\/wp-content\/uploads\/2024\/03\/Cannelle-moulu.webp\",\"datePublished\":\"2024-03-01T15:59:43+00:00\",\"dateModified\":\"2026-03-12T15:02:04+00:00\",\"description\":\"Gemahlener Zimt 1kg. Entdecken Sie unseren extrafeinen gemahlenen Zimt, um Ihre Rezepte mit seinem intensiven Aroma und seiner feinen Textur zu bereichern.\",\"breadcrumb\":{\"@id\":\"https:\/\/www.csj-emballages.com\/de\/produit\/extrafeiner-gemahlener-zimt-1-kg\/#breadcrumb\"},\"inLanguage\":\"de\",\"potentialAction\":[{\"@type\":\"ReadAction\",\"target\":[\"https:\/\/www.csj-emballages.com\/de\/produit\/extrafeiner-gemahlener-zimt-1-kg\/\"]}]},{\"@type\":\"ImageObject\",\"inLanguage\":\"de\",\"@id\":\"https:\/\/www.csj-emballages.com\/de\/produit\/extrafeiner-gemahlener-zimt-1-kg\/#primaryimage\",\"url\":\"https:\/\/www.csj-emballages.com\/wp-content\/uploads\/2024\/03\/Cannelle-moulu.webp\",\"contentUrl\":\"https:\/\/www.csj-emballages.com\/wp-content\/uploads\/2024\/03\/Cannelle-moulu.webp\",\"width\":800,\"height\":800,\"caption\":\"Cannelle moulue\"},{\"@type\":\"BreadcrumbList\",\"@id\":\"https:\/\/www.csj-emballages.com\/de\/produit\/extrafeiner-gemahlener-zimt-1-kg\/#breadcrumb\",\"itemListElement\":[{\"@type\":\"ListItem\",\"position\":1,\"name\":\"Accueil\",\"item\":\"https:\/\/www.csj-emballages.com\/de\/universum-lebensmittelverpackungen\/\"},{\"@type\":\"ListItem\",\"position\":2,\"name\":\"Shop\",\"item\":\"https:\/\/www.csj-emballages.com\/shop\/\"},{\"@type\":\"ListItem\",\"position\":3,\"name\":\"Gemahlener Zimt 1 kg\"}]},{\"@type\":\"WebSite\",\"@id\":\"https:\/\/www.csj-emballages.com\/de\/#website\",\"url\":\"https:\/\/www.csj-emballages.com\/de\/\",\"name\":\"CSJ Emballages\",\"description\":\"\",\"publisher\":{\"@id\":\"https:\/\/www.csj-emballages.com\/de\/#organization\"},\"potentialAction\":[{\"@type\":\"SearchAction\",\"target\":{\"@type\":\"EntryPoint\",\"urlTemplate\":\"https:\/\/www.csj-emballages.com\/de\/?s={search_term_string}\"},\"query-input\":{\"@type\":\"PropertyValueSpecification\",\"valueRequired\":true,\"valueName\":\"search_term_string\"}}],\"inLanguage\":\"de\"},{\"@type\":\"Organization\",\"@id\":\"https:\/\/www.csj-emballages.com\/de\/#Organization\/\",\"name\":\"CSJ Emballages\",\"url\":\"https:\/\/www.csj-emballages.com\/de\/\",\"logo\":{\"@type\":\"ImageObject\",\"inLanguage\":\"de\",\"@id\":\"https:\/\/www.csj-emballages.com\/de\/#\/schema\/logo\/image\/\",\"url\":\"https:\/\/www.csj-emballages.com\/wp-content\/uploads\/2023\/10\/logo_csj.webp\",\"contentUrl\":\"https:\/\/www.csj-emballages.com\/wp-content\/uploads\/2023\/10\/logo_csj.webp\",\"width\":250,\"height\":95,\"caption\":\"CSJ Emballages\"},\"image\":{\"@id\":\"https:\/\/www.csj-emballages.com\/de\/#\/schema\/logo\/image\/\"},\"sameAs\":[\"https:\/\/www.facebook.com\/csjemballages\"],\"address\":{\"@type\":\"PostalAddress\",\"streetAddress\":\"ZI La Lechere\",\"addressLocality\":\"Patornay\",\"postalCode\":\"39130\",\"addressCountry\":\"FR\"},\"contactPoint\":[{\"@type\":\"ContactPoint\",\"contactType\":\"Service client\",\"telephone\":\"0384254272\",\"email\":\"contact@csj-emballages.com\"}]}]}<\/script>\n<!-- \/ Yoast SEO Premium plugin. -->","yoast_head_json":{"title":"Zimt gemahlen 1kg","description":"Gemahlener Zimt 1kg. Entdecken Sie unseren extrafeinen gemahlenen Zimt, um Ihre Rezepte mit seinem intensiven Aroma und seiner feinen Textur zu bereichern.","robots":{"index":"index","follow":"follow","max-snippet":"max-snippet:-1","max-image-preview":"max-image-preview:large","max-video-preview":"max-video-preview:-1"},"canonical":"https:\/\/www.csj-emballages.com\/de\/produit\/extrafeiner-gemahlener-zimt-1-kg\/","og_locale":"de_DE","og_type":"article","og_title":"Gemahlener Zimt 1 kg","og_description":"Gemahlener Zimt 1kg. Entdecken Sie unseren extrafeinen gemahlenen Zimt, um Ihre Rezepte mit seinem intensiven Aroma und seiner feinen Textur zu bereichern.","og_url":"https:\/\/www.csj-emballages.com\/de\/produit\/extrafeiner-gemahlener-zimt-1-kg\/","og_site_name":"CSJ Emballages","article_publisher":"https:\/\/www.facebook.com\/csjemballages","article_modified_time":"2026-03-12T15:02:04+00:00","og_image":[{"width":800,"height":800,"url":"https:\/\/www.csj-emballages.com\/wp-content\/uploads\/2024\/03\/Cannelle-moulu.webp","type":"image\/webp"}],"twitter_card":"summary_large_image","twitter_misc":{"Gesch\u00e4tzte Lesezeit":"2 Minuten"},"schema":{"@context":"https:\/\/schema.org","@graph":[{"@type":"WebPage","@id":"https:\/\/www.csj-emballages.com\/de\/produit\/extrafeiner-gemahlener-zimt-1-kg\/","url":"https:\/\/www.csj-emballages.com\/de\/produit\/extrafeiner-gemahlener-zimt-1-kg\/","name":"Zimt gemahlen 1kg","isPartOf":{"@id":"https:\/\/www.csj-emballages.com\/de\/#website"},"primaryImageOfPage":{"@id":"https:\/\/www.csj-emballages.com\/de\/produit\/extrafeiner-gemahlener-zimt-1-kg\/#primaryimage"},"image":{"@id":"https:\/\/www.csj-emballages.com\/de\/produit\/extrafeiner-gemahlener-zimt-1-kg\/#primaryimage"},"thumbnailUrl":"https:\/\/www.csj-emballages.com\/wp-content\/uploads\/2024\/03\/Cannelle-moulu.webp","datePublished":"2024-03-01T15:59:43+00:00","dateModified":"2026-03-12T15:02:04+00:00","description":"Gemahlener Zimt 1kg. Entdecken Sie unseren extrafeinen gemahlenen Zimt, um Ihre Rezepte mit seinem intensiven Aroma und seiner feinen Textur zu bereichern.","breadcrumb":{"@id":"https:\/\/www.csj-emballages.com\/de\/produit\/extrafeiner-gemahlener-zimt-1-kg\/#breadcrumb"},"inLanguage":"de","potentialAction":[{"@type":"ReadAction","target":["https:\/\/www.csj-emballages.com\/de\/produit\/extrafeiner-gemahlener-zimt-1-kg\/"]}]},{"@type":"ImageObject","inLanguage":"de","@id":"https:\/\/www.csj-emballages.com\/de\/produit\/extrafeiner-gemahlener-zimt-1-kg\/#primaryimage","url":"https:\/\/www.csj-emballages.com\/wp-content\/uploads\/2024\/03\/Cannelle-moulu.webp","contentUrl":"https:\/\/www.csj-emballages.com\/wp-content\/uploads\/2024\/03\/Cannelle-moulu.webp","width":800,"height":800,"caption":"Cannelle moulue"},{"@type":"BreadcrumbList","@id":"https:\/\/www.csj-emballages.com\/de\/produit\/extrafeiner-gemahlener-zimt-1-kg\/#breadcrumb","itemListElement":[{"@type":"ListItem","position":1,"name":"Accueil","item":"https:\/\/www.csj-emballages.com\/de\/universum-lebensmittelverpackungen\/"},{"@type":"ListItem","position":2,"name":"Shop","item":"https:\/\/www.csj-emballages.com\/shop\/"},{"@type":"ListItem","position":3,"name":"Gemahlener Zimt 1 kg"}]},{"@type":"WebSite","@id":"https:\/\/www.csj-emballages.com\/de\/#website","url":"https:\/\/www.csj-emballages.com\/de\/","name":"CSJ Emballages","description":"","publisher":{"@id":"https:\/\/www.csj-emballages.com\/de\/#organization"},"potentialAction":[{"@type":"SearchAction","target":{"@type":"EntryPoint","urlTemplate":"https:\/\/www.csj-emballages.com\/de\/?s={search_term_string}"},"query-input":{"@type":"PropertyValueSpecification","valueRequired":true,"valueName":"search_term_string"}}],"inLanguage":"de"},{"@type":"Organization","@id":"https:\/\/www.csj-emballages.com\/de\/#Organization\/","name":"CSJ Emballages","url":"https:\/\/www.csj-emballages.com\/de\/","logo":{"@type":"ImageObject","inLanguage":"de","@id":"https:\/\/www.csj-emballages.com\/de\/#\/schema\/logo\/image\/","url":"https:\/\/www.csj-emballages.com\/wp-content\/uploads\/2023\/10\/logo_csj.webp","contentUrl":"https:\/\/www.csj-emballages.com\/wp-content\/uploads\/2023\/10\/logo_csj.webp","width":250,"height":95,"caption":"CSJ Emballages"},"image":{"@id":"https:\/\/www.csj-emballages.com\/de\/#\/schema\/logo\/image\/"},"sameAs":["https:\/\/www.facebook.com\/csjemballages"],"address":{"@type":"PostalAddress","streetAddress":"ZI La Lechere","addressLocality":"Patornay","postalCode":"39130","addressCountry":"FR"},"contactPoint":[{"@type":"ContactPoint","contactType":"Service client","telephone":"0384254272","email":"contact@csj-emballages.com"}]}]}},"df_price":8.75,"df_sale_price":"","df_regular_price":8.75,"df_image_link":"https:\/\/www.csj-emballages.com\/wp-content\/uploads\/2024\/03\/Cannelle-moulu-300x300.webp","tiered_pricing_type":"fixed","tiered_pricing_fixed_rules":[],"tiered_pricing_percentage_rules":[],"tiered_pricing_minimum":1,"tiered_pricing_roles_data":[],"_links":{"self":[{"href":"https:\/\/www.csj-emballages.com\/de\/wp-json\/wp\/v2\/product\/17405","targetHints":{"allow":["GET"]}}],"collection":[{"href":"https:\/\/www.csj-emballages.com\/de\/wp-json\/wp\/v2\/product"}],"about":[{"href":"https:\/\/www.csj-emballages.com\/de\/wp-json\/wp\/v2\/types\/product"}],"wp:featuredmedia":[{"embeddable":true,"href":"https:\/\/www.csj-emballages.com\/de\/wp-json\/wp\/v2\/media\/261403"}],"wp:attachment":[{"href":"https:\/\/www.csj-emballages.com\/de\/wp-json\/wp\/v2\/media?parent=17405"}],"wp:term":[{"taxonomy":"product_brand","embeddable":true,"href":"https:\/\/www.csj-emballages.com\/de\/wp-json\/wp\/v2\/product_brand?post=17405"},{"taxonomy":"product_cat","embeddable":true,"href":"https:\/\/www.csj-emballages.com\/de\/wp-json\/wp\/v2\/product_cat?post=17405"},{"taxonomy":"product_tag","embeddable":true,"href":"https:\/\/www.csj-emballages.com\/de\/wp-json\/wp\/v2\/product_tag?post=17405"}],"curies":[{"name":"wp","href":"https:\/\/api.w.org\/{rel}","templated":true}]}}