{"id":17389,"date":"2024-03-01T17:00:12","date_gmt":"2024-03-01T16:00:12","guid":{"rendered":"https:\/\/u15jnbdpoq.preview.infomaniak.website\/produit\/25-weisse-durchbrochene-tuecher-50-x-35-cm\/"},"modified":"2026-03-12T16:01:47","modified_gmt":"2026-03-12T15:01:47","slug":"25-weisse-durchbrochene-tuecher-50-x-35-cm","status":"publish","type":"product","link":"https:\/\/www.csj-emballages.com\/de\/produit\/25-weisse-durchbrochene-tuecher-50-x-35-cm\/","title":{"rendered":"Wei\u00dfes Lochtuch 50 x 35 cm im 25er-Pack"},"content":{"rendered":"<h2 class=\"p1\">Wei\u00dfes Lochtuch<\/h2>\n<hr>\n<h3>Entdecken Sie unser wei\u00dfes Lochtuch 50 x 35 cm im 25er-Pack<\/h3>\n<p><!--more--><\/p>\n<p data-start=\"220\" data-end=\"586\">Dieses <strong data-start=\"226\" data-end=\"264\">wei\u00dfe Lochtuch 50 x 35 cm<\/strong> ist die Art von Produkt, die man im Alltag schnell sch\u00e4tzen lernt. Obwohl es einfach aussieht, erweist es sich schon bei den ersten Anwendungen als sehr effektiv. Dank seiner durchbrochenen Textur <strong>nimmt es Schmutz<\/strong>, Fl\u00fcssigkeiten und R\u00fcckst\u00e4nde leicht auf, ohne sie zu verschmieren. Das Ergebnis: Die Reinigung wird schneller und vor allem sauberer.   <\/p>\n<p data-start=\"588\" data-end=\"920\">Sein gro\u00dfz\u00fcgiges Format erm\u00f6glicht es, eine gro\u00dfe Fl\u00e4che in einem Wisch zu bearbeiten. Ob zum Abwischen einer <strong>Arbeitsplatte, zum Reinigen eines Tisches, einer Edelstahloberfl\u00e4che oder von professionellen Ger\u00e4ten<\/strong> \u2013 es erledigt die Arbeit m\u00fchelos. Zudem liegt sein weiches Material angenehm in der Hand und hinterl\u00e4sst nach dem Gebrauch keine l\u00e4stigen Spuren.  <\/p>\n<p data-start=\"922\" data-end=\"1274\">Ein weiterer Pluspunkt: Dieses <strong>Wischtuch<\/strong> h\u00e4lt wiederholtem Gebrauch sehr gut stand. Es kann gesp\u00fclt, mehrfach wiederverwendet werden und beh\u00e4lt seine Form, ohne sich zu verformen. Es ist somit eine zuverl\u00e4ssige L\u00f6sung f\u00fcr Umgebungen, in denen Hygiene wirklich z\u00e4hlt, wie in der Gastronomie, professionellen K\u00fcchen, \u00f6ffentlichen Einrichtungen oder auch in der allgemeinen Reinigung.  <\/p>\n<p data-start=\"1276\" data-end=\"1519\">Die <strong>wei\u00dfe Farbe<\/strong> erm\u00f6glicht es zudem, den Reinigungsgrad leicht zu erkennen. Das ist beruhigend und praktisch, um hohe Hygienestandards zu gew\u00e4hrleisten. Und mit einem <strong data-start=\"1434\" data-end=\"1447\">25er-Pack<\/strong> haben Sie immer genug zur Hand, ohne das Risiko eines Engpasses.  <\/p>\n<p data-start=\"1521\" data-end=\"1693\">Kurz gesagt, dieses <strong>Wischtuch<\/strong> ist unkompliziert. Es konzentriert sich auf das Wesentliche: effektiv zu reinigen, Aufgaben zu vereinfachen und sich nat\u00fcrlich in Ihre Routine einzuf\u00fcgen. <\/p>\n<p data-start=\"1521\" data-end=\"1693\"><!--more--><\/p>\n<h4 data-start=\"1521\" data-end=\"1693\">Vorteile :<\/h4>\n<ul>\n<li data-start=\"1721\" data-end=\"1770\">Durchbrochene Struktur f\u00fcr eine bessere Saugf\u00e4higkeit.<\/li>\n<li data-start=\"1773\" data-end=\"1796\">Praktisches Gro\u00dfformat.<\/li>\n<li data-start=\"1799\" data-end=\"1821\">Angenehm zu handhaben.<\/li>\n<li data-start=\"1824\" data-end=\"1852\">Wiederverwendbar und strapazierf\u00e4hig.<\/li>\n<li data-start=\"1855\" data-end=\"1891\">Ideal f\u00fcr den professionellen Einsatz.<\/li>\n<li data-start=\"1894\" data-end=\"1923\">Sparpack mit <strong>25 St\u00fcck<\/strong>.<\/li>\n<\/ul>\n<p>&nbsp;<\/p>\n<p><!--more--><\/p>\n<h4>Weitere Informationen :<\/h4>\n<ul>\n<li><strong>Verpackung<\/strong>: Packung mit 25 St\u00fcck<\/li>\n<li><strong>Ma\u00dfe<\/strong>: 50 x 35 cm<\/li>\n<li><strong>Farbe<\/strong>: Wei\u00df<\/li>\n<\/ul>\n<p>&nbsp;<\/p>\n<p><!--more--><\/p>\n<p>Dieses wei\u00dfe durchbrochene Reinigungstuch ist in verschiedenen Farben erh\u00e4ltlich: <span style=\"color: #d12727;\"><a style=\"color: #d12727;\" href=\"https:\/\/www.csj-emballages.com\/es\/produit\/25-fregonas-rosas-caladas-50-x-35-cm\/\">Rosa<\/a><\/span> \/ <span style=\"color: #d12727;\"><a style=\"color: #d12727;\" href=\"https:\/\/www.csj-emballages.com\/pt-pt\/produit\/25-esfregonas-azuis-50-x-35-cm\/\">Blau<\/a><\/span> \/ <span style=\"color: #d12727;\"><a style=\"color: #d12727;\" href=\"https:\/\/www.csj-emballages.com\/pt-pt\/produit\/25-mopas-verdes-com-orificios-50-x-35-cm\/\">Gr\u00fcn<\/a><\/span> \/ <span style=\"color: #d12727;\"><a style=\"color: #d12727;\" href=\"https:\/\/www.csj-emballages.com\/pt-pt\/produit\/25-esfregonas-a-ceu-aberto-amarelas-50-x-35-cm\/\">Gelb<\/a><\/span><\/p>\n<p>&nbsp;<\/p>\n<p><!--more--><\/p>\n<p><a href=\"https:\/\/www.csj-emballages.com\/de\/categorie-produit\/hygiene-und-pflege\/schwamme-spultucher-kuchentucher\/lavetten-gazen\/\">Sehen Sie sich den Rest unseres Sortiments an Wischt\u00fcchern \/ Gaze an.<\/a><\/p>\n","protected":false},"excerpt":{"rendered":"<p>Wei\u00dfes Lochtuch Entdecken Sie unser wei\u00dfes Lochtuch 50 x 35 cm im 25er-Pack<\/p>\n","protected":false},"featured_media":11827,"template":"","meta":{"_acf_changed":false},"product_brand":[],"product_cat":[1218,1423,1431,1377,1434],"product_tag":[],"class_list":{"0":"post-17389","1":"product","2":"type-product","3":"status-publish","4":"has-post-thumbnail","6":"product_cat-hygiene-und-pflege","7":"product_cat-schwamme-spultucher-kuchentucher","8":"product_cat-lavetten-gazen","9":"product_cat-wischtucher","10":"product_cat-lavetten","12":"first","13":"instock","14":"taxable","15":"shipping-taxable","16":"purchasable","17":"product-type-simple"},"acf":[],"yoast_head":"<!-- This site is optimized with the Yoast SEO Premium plugin v26.6 (Yoast SEO v26.6) - https:\/\/yoast.com\/wordpress\/plugins\/seo\/ -->\n<title>Wei\u00dfes Lochtuch 50 x 35 cm im 25er-Pack<\/title>\n<meta name=\"description\" content=\"Wei\u00dfes Lochtuch 50x35 cm, verkauft im 25er-Pack. Saugf\u00e4hig, strapazierf\u00e4hig und praktisch f\u00fcr die Reinigung von Oberfl\u00e4chen im professionellen Umfeld.\" \/>\n<meta name=\"robots\" content=\"index, follow, max-snippet:-1, max-image-preview:large, max-video-preview:-1\" \/>\n<link rel=\"canonical\" href=\"https:\/\/www.csj-emballages.com\/de\/produit\/25-weisse-durchbrochene-tuecher-50-x-35-cm\/\" \/>\n<meta property=\"og:locale\" content=\"de_DE\" \/>\n<meta property=\"og:type\" content=\"article\" \/>\n<meta property=\"og:title\" content=\"Wei\u00dfes Lochtuch 50 x 35 cm im 25er-Pack\" \/>\n<meta property=\"og:description\" content=\"Wei\u00dfes Lochtuch 50x35 cm, verkauft im 25er-Pack. Saugf\u00e4hig, strapazierf\u00e4hig und praktisch f\u00fcr die Reinigung von Oberfl\u00e4chen im professionellen Umfeld.\" \/>\n<meta property=\"og:url\" content=\"https:\/\/www.csj-emballages.com\/de\/produit\/25-weisse-durchbrochene-tuecher-50-x-35-cm\/\" \/>\n<meta property=\"og:site_name\" content=\"CSJ Emballages\" \/>\n<meta property=\"article:publisher\" content=\"https:\/\/www.facebook.com\/csjemballages\" \/>\n<meta property=\"article:modified_time\" content=\"2026-03-12T15:01:47+00:00\" \/>\n<meta property=\"og:image\" content=\"https:\/\/www.csj-emballages.com\/wp-content\/uploads\/2024\/03\/Item08EC8251U.png\" \/>\n\t<meta property=\"og:image:width\" content=\"300\" \/>\n\t<meta property=\"og:image:height\" content=\"300\" \/>\n\t<meta property=\"og:image:type\" content=\"image\/png\" \/>\n<meta name=\"twitter:card\" content=\"summary_large_image\" \/>\n<meta name=\"twitter:label1\" content=\"Gesch\u00e4tzte Lesezeit\" \/>\n\t<meta name=\"twitter:data1\" content=\"2 Minuten\" \/>\n<script type=\"application\/ld+json\" class=\"yoast-schema-graph\">{\"@context\":\"https:\/\/schema.org\",\"@graph\":[{\"@type\":\"WebPage\",\"@id\":\"https:\/\/www.csj-emballages.com\/de\/produit\/25-weisse-durchbrochene-tuecher-50-x-35-cm\/\",\"url\":\"https:\/\/www.csj-emballages.com\/de\/produit\/25-weisse-durchbrochene-tuecher-50-x-35-cm\/\",\"name\":\"Wei\u00dfes Lochtuch 50 x 35 cm im 25er-Pack\",\"isPartOf\":{\"@id\":\"https:\/\/www.csj-emballages.com\/de\/#website\"},\"primaryImageOfPage\":{\"@id\":\"https:\/\/www.csj-emballages.com\/de\/produit\/25-weisse-durchbrochene-tuecher-50-x-35-cm\/#primaryimage\"},\"image\":{\"@id\":\"https:\/\/www.csj-emballages.com\/de\/produit\/25-weisse-durchbrochene-tuecher-50-x-35-cm\/#primaryimage\"},\"thumbnailUrl\":\"https:\/\/www.csj-emballages.com\/wp-content\/uploads\/2024\/03\/Item08EC8251U.png\",\"datePublished\":\"2024-03-01T16:00:12+00:00\",\"dateModified\":\"2026-03-12T15:01:47+00:00\",\"description\":\"Wei\u00dfes Lochtuch 50x35 cm, verkauft im 25er-Pack. Saugf\u00e4hig, strapazierf\u00e4hig und praktisch f\u00fcr die Reinigung von Oberfl\u00e4chen im professionellen Umfeld.\",\"breadcrumb\":{\"@id\":\"https:\/\/www.csj-emballages.com\/de\/produit\/25-weisse-durchbrochene-tuecher-50-x-35-cm\/#breadcrumb\"},\"inLanguage\":\"de\",\"potentialAction\":[{\"@type\":\"ReadAction\",\"target\":[\"https:\/\/www.csj-emballages.com\/de\/produit\/25-weisse-durchbrochene-tuecher-50-x-35-cm\/\"]}]},{\"@type\":\"ImageObject\",\"inLanguage\":\"de\",\"@id\":\"https:\/\/www.csj-emballages.com\/de\/produit\/25-weisse-durchbrochene-tuecher-50-x-35-cm\/#primaryimage\",\"url\":\"https:\/\/www.csj-emballages.com\/wp-content\/uploads\/2024\/03\/Item08EC8251U.png\",\"contentUrl\":\"https:\/\/www.csj-emballages.com\/wp-content\/uploads\/2024\/03\/Item08EC8251U.png\",\"width\":300,\"height\":300},{\"@type\":\"BreadcrumbList\",\"@id\":\"https:\/\/www.csj-emballages.com\/de\/produit\/25-weisse-durchbrochene-tuecher-50-x-35-cm\/#breadcrumb\",\"itemListElement\":[{\"@type\":\"ListItem\",\"position\":1,\"name\":\"Accueil\",\"item\":\"https:\/\/www.csj-emballages.com\/de\/universum-lebensmittelverpackungen\/\"},{\"@type\":\"ListItem\",\"position\":2,\"name\":\"Shop\",\"item\":\"https:\/\/www.csj-emballages.com\/shop\/\"},{\"@type\":\"ListItem\",\"position\":3,\"name\":\"Wei\u00dfes Lochtuch 50 x 35 cm im 25er-Pack\"}]},{\"@type\":\"WebSite\",\"@id\":\"https:\/\/www.csj-emballages.com\/de\/#website\",\"url\":\"https:\/\/www.csj-emballages.com\/de\/\",\"name\":\"CSJ Emballages\",\"description\":\"\",\"publisher\":{\"@id\":\"https:\/\/www.csj-emballages.com\/de\/#organization\"},\"potentialAction\":[{\"@type\":\"SearchAction\",\"target\":{\"@type\":\"EntryPoint\",\"urlTemplate\":\"https:\/\/www.csj-emballages.com\/de\/?s={search_term_string}\"},\"query-input\":{\"@type\":\"PropertyValueSpecification\",\"valueRequired\":true,\"valueName\":\"search_term_string\"}}],\"inLanguage\":\"de\"},{\"@type\":\"Organization\",\"@id\":\"https:\/\/www.csj-emballages.com\/de\/#Organization\/\",\"name\":\"CSJ Emballages\",\"url\":\"https:\/\/www.csj-emballages.com\/de\/\",\"logo\":{\"@type\":\"ImageObject\",\"inLanguage\":\"de\",\"@id\":\"https:\/\/www.csj-emballages.com\/de\/#\/schema\/logo\/image\/\",\"url\":\"https:\/\/www.csj-emballages.com\/wp-content\/uploads\/2023\/10\/logo_csj.webp\",\"contentUrl\":\"https:\/\/www.csj-emballages.com\/wp-content\/uploads\/2023\/10\/logo_csj.webp\",\"width\":250,\"height\":95,\"caption\":\"CSJ Emballages\"},\"image\":{\"@id\":\"https:\/\/www.csj-emballages.com\/de\/#\/schema\/logo\/image\/\"},\"sameAs\":[\"https:\/\/www.facebook.com\/csjemballages\"],\"address\":{\"@type\":\"PostalAddress\",\"streetAddress\":\"ZI La Lechere\",\"addressLocality\":\"Patornay\",\"postalCode\":\"39130\",\"addressCountry\":\"FR\"},\"contactPoint\":[{\"@type\":\"ContactPoint\",\"contactType\":\"Service client\",\"telephone\":\"0384254272\",\"email\":\"contact@csj-emballages.com\"}]}]}<\/script>\n<!-- \/ Yoast SEO Premium plugin. -->","yoast_head_json":{"title":"Wei\u00dfes Lochtuch 50 x 35 cm im 25er-Pack","description":"Wei\u00dfes Lochtuch 50x35 cm, verkauft im 25er-Pack. Saugf\u00e4hig, strapazierf\u00e4hig und praktisch f\u00fcr die Reinigung von Oberfl\u00e4chen im professionellen Umfeld.","robots":{"index":"index","follow":"follow","max-snippet":"max-snippet:-1","max-image-preview":"max-image-preview:large","max-video-preview":"max-video-preview:-1"},"canonical":"https:\/\/www.csj-emballages.com\/de\/produit\/25-weisse-durchbrochene-tuecher-50-x-35-cm\/","og_locale":"de_DE","og_type":"article","og_title":"Wei\u00dfes Lochtuch 50 x 35 cm im 25er-Pack","og_description":"Wei\u00dfes Lochtuch 50x35 cm, verkauft im 25er-Pack. Saugf\u00e4hig, strapazierf\u00e4hig und praktisch f\u00fcr die Reinigung von Oberfl\u00e4chen im professionellen Umfeld.","og_url":"https:\/\/www.csj-emballages.com\/de\/produit\/25-weisse-durchbrochene-tuecher-50-x-35-cm\/","og_site_name":"CSJ Emballages","article_publisher":"https:\/\/www.facebook.com\/csjemballages","article_modified_time":"2026-03-12T15:01:47+00:00","og_image":[{"width":300,"height":300,"url":"https:\/\/www.csj-emballages.com\/wp-content\/uploads\/2024\/03\/Item08EC8251U.png","type":"image\/png"}],"twitter_card":"summary_large_image","twitter_misc":{"Gesch\u00e4tzte Lesezeit":"2 Minuten"},"schema":{"@context":"https:\/\/schema.org","@graph":[{"@type":"WebPage","@id":"https:\/\/www.csj-emballages.com\/de\/produit\/25-weisse-durchbrochene-tuecher-50-x-35-cm\/","url":"https:\/\/www.csj-emballages.com\/de\/produit\/25-weisse-durchbrochene-tuecher-50-x-35-cm\/","name":"Wei\u00dfes Lochtuch 50 x 35 cm im 25er-Pack","isPartOf":{"@id":"https:\/\/www.csj-emballages.com\/de\/#website"},"primaryImageOfPage":{"@id":"https:\/\/www.csj-emballages.com\/de\/produit\/25-weisse-durchbrochene-tuecher-50-x-35-cm\/#primaryimage"},"image":{"@id":"https:\/\/www.csj-emballages.com\/de\/produit\/25-weisse-durchbrochene-tuecher-50-x-35-cm\/#primaryimage"},"thumbnailUrl":"https:\/\/www.csj-emballages.com\/wp-content\/uploads\/2024\/03\/Item08EC8251U.png","datePublished":"2024-03-01T16:00:12+00:00","dateModified":"2026-03-12T15:01:47+00:00","description":"Wei\u00dfes Lochtuch 50x35 cm, verkauft im 25er-Pack. Saugf\u00e4hig, strapazierf\u00e4hig und praktisch f\u00fcr die Reinigung von Oberfl\u00e4chen im professionellen Umfeld.","breadcrumb":{"@id":"https:\/\/www.csj-emballages.com\/de\/produit\/25-weisse-durchbrochene-tuecher-50-x-35-cm\/#breadcrumb"},"inLanguage":"de","potentialAction":[{"@type":"ReadAction","target":["https:\/\/www.csj-emballages.com\/de\/produit\/25-weisse-durchbrochene-tuecher-50-x-35-cm\/"]}]},{"@type":"ImageObject","inLanguage":"de","@id":"https:\/\/www.csj-emballages.com\/de\/produit\/25-weisse-durchbrochene-tuecher-50-x-35-cm\/#primaryimage","url":"https:\/\/www.csj-emballages.com\/wp-content\/uploads\/2024\/03\/Item08EC8251U.png","contentUrl":"https:\/\/www.csj-emballages.com\/wp-content\/uploads\/2024\/03\/Item08EC8251U.png","width":300,"height":300},{"@type":"BreadcrumbList","@id":"https:\/\/www.csj-emballages.com\/de\/produit\/25-weisse-durchbrochene-tuecher-50-x-35-cm\/#breadcrumb","itemListElement":[{"@type":"ListItem","position":1,"name":"Accueil","item":"https:\/\/www.csj-emballages.com\/de\/universum-lebensmittelverpackungen\/"},{"@type":"ListItem","position":2,"name":"Shop","item":"https:\/\/www.csj-emballages.com\/shop\/"},{"@type":"ListItem","position":3,"name":"Wei\u00dfes Lochtuch 50 x 35 cm im 25er-Pack"}]},{"@type":"WebSite","@id":"https:\/\/www.csj-emballages.com\/de\/#website","url":"https:\/\/www.csj-emballages.com\/de\/","name":"CSJ Emballages","description":"","publisher":{"@id":"https:\/\/www.csj-emballages.com\/de\/#organization"},"potentialAction":[{"@type":"SearchAction","target":{"@type":"EntryPoint","urlTemplate":"https:\/\/www.csj-emballages.com\/de\/?s={search_term_string}"},"query-input":{"@type":"PropertyValueSpecification","valueRequired":true,"valueName":"search_term_string"}}],"inLanguage":"de"},{"@type":"Organization","@id":"https:\/\/www.csj-emballages.com\/de\/#Organization\/","name":"CSJ Emballages","url":"https:\/\/www.csj-emballages.com\/de\/","logo":{"@type":"ImageObject","inLanguage":"de","@id":"https:\/\/www.csj-emballages.com\/de\/#\/schema\/logo\/image\/","url":"https:\/\/www.csj-emballages.com\/wp-content\/uploads\/2023\/10\/logo_csj.webp","contentUrl":"https:\/\/www.csj-emballages.com\/wp-content\/uploads\/2023\/10\/logo_csj.webp","width":250,"height":95,"caption":"CSJ Emballages"},"image":{"@id":"https:\/\/www.csj-emballages.com\/de\/#\/schema\/logo\/image\/"},"sameAs":["https:\/\/www.facebook.com\/csjemballages"],"address":{"@type":"PostalAddress","streetAddress":"ZI La Lechere","addressLocality":"Patornay","postalCode":"39130","addressCountry":"FR"},"contactPoint":[{"@type":"ContactPoint","contactType":"Service client","telephone":"0384254272","email":"contact@csj-emballages.com"}]}]}},"df_price":4.55,"df_sale_price":"","df_regular_price":4.55,"df_image_link":"https:\/\/www.csj-emballages.com\/wp-content\/uploads\/2024\/03\/Item08EC8251U.png","tiered_pricing_type":"fixed","tiered_pricing_fixed_rules":[],"tiered_pricing_percentage_rules":[],"tiered_pricing_minimum":1,"tiered_pricing_roles_data":[],"_links":{"self":[{"href":"https:\/\/www.csj-emballages.com\/de\/wp-json\/wp\/v2\/product\/17389","targetHints":{"allow":["GET"]}}],"collection":[{"href":"https:\/\/www.csj-emballages.com\/de\/wp-json\/wp\/v2\/product"}],"about":[{"href":"https:\/\/www.csj-emballages.com\/de\/wp-json\/wp\/v2\/types\/product"}],"wp:featuredmedia":[{"embeddable":true,"href":"https:\/\/www.csj-emballages.com\/de\/wp-json\/wp\/v2\/media\/11827"}],"wp:attachment":[{"href":"https:\/\/www.csj-emballages.com\/de\/wp-json\/wp\/v2\/media?parent=17389"}],"wp:term":[{"taxonomy":"product_brand","embeddable":true,"href":"https:\/\/www.csj-emballages.com\/de\/wp-json\/wp\/v2\/product_brand?post=17389"},{"taxonomy":"product_cat","embeddable":true,"href":"https:\/\/www.csj-emballages.com\/de\/wp-json\/wp\/v2\/product_cat?post=17389"},{"taxonomy":"product_tag","embeddable":true,"href":"https:\/\/www.csj-emballages.com\/de\/wp-json\/wp\/v2\/product_tag?post=17389"}],"curies":[{"name":"wp","href":"https:\/\/api.w.org\/{rel}","templated":true}]}}