{"id":17385,"date":"2024-03-01T17:00:13","date_gmt":"2024-03-01T16:00:13","guid":{"rendered":"https:\/\/u15jnbdpoq.preview.infomaniak.website\/produit\/desinfizierender-fettloeser-5-liter\/"},"modified":"2026-04-29T02:10:38","modified_gmt":"2026-04-29T00:10:38","slug":"desinfizierender-fettloeser-5-liter","status":"publish","type":"product","link":"https:\/\/www.csj-emballages.com\/de\/produit\/desinfizierender-fettloeser-5-liter\/","title":{"rendered":"Fettl\u00f6ser und Desinfektionsmittel 5 Liter"},"content":{"rendered":"<h2>Desinfizierender Fettl\u00f6ser<\/h2>\n<hr>\n<h3>Beschreibung unseres Fettl\u00f6sers und Desinfektionsmittels 5 Liter<\/h3>\n<p><!--more--><\/p>\n<p data-start=\"277\" data-end=\"826\">Dieser <strong>Mehrzweck-Fettl\u00f6ser und Desinfektionsmittel<\/strong> im <strong>5-Liter<\/strong>-Format ist ein Muss f\u00fcr Profis in der Gastronomie, im Lebensmittelhandwerk und in der Lebensmittelindustrie. Auf Basis von quart\u00e4ren Ammoniumverbindungen formuliert, vereint er zwei starke Wirkungsweisen. Er entfernt hartn\u00e4ckiges Fett effektiv und neutralisiert gleichzeitig Bakterien, Pilze, Hefen und Viren, einschlie\u00dflich der resistentesten, gem\u00e4\u00df den Normen UNE-EN 13697 (bakterizid-fungizid) und UNE-EN 14476 (viruzid).  <\/p>\n<p data-start=\"828\" data-end=\"1241\">Er ist perfekt f\u00fcr den Einsatz im Lebensmittelbereich geeignet und ideal f\u00fcr die Reinigung und Desinfektion von Maschinen, Arbeitsfl\u00e4chen, K\u00fcchenutensilien, Dunstabzugshauben, B\u00f6den oder W\u00e4nden. Er kann sowohl in Profik\u00fcchen als auch in Verarbeitungsbetrieben eingesetzt werden. Das einfache Absp\u00fclen spart erheblich Zeit und sorgt gleichzeitig f\u00fcr perfekte Hygiene ohne chemische R\u00fcckst\u00e4nde.  <\/p>\n<p data-start=\"1243\" data-end=\"1533\">Ebenso wurde dieses Produkt entwickelt, um Sicherheit, Leistung und Praktikabilit\u00e4t im Alltag zu gew\u00e4hrleisten. Zusammenfassend l\u00e4sst sich sagen: Ob Sie Caterer, Gastronom oder Profi in der Lebensmittelindustrie sind, dieser <strong>Fettl\u00f6ser und Desinfektionsmittel<\/strong> ist ein echter Partner, um Ihre Anlagen nach den strengsten Hygienestandards sauber zu halten. <\/p>\n<p data-start=\"1243\" data-end=\"1533\">\n<p><!--more--><\/p>\n<h4>Vorteile :<\/h4>\n<ul>\n<li>Entfettet stark verschmutzte Oberfl\u00e4chen gr\u00fcndlich.<\/li>\n<li><strong>Desinfiziert<\/strong>: bakterizid, fungizid und viruzid.<\/li>\n<li>Entspricht den professionellen Normen UNE-EN 13697 &amp; 14476.<\/li>\n<li>Dieser Fettl\u00f6ser und Desinfektionsmittel ist f\u00fcr die Lebensmittelindustrie und sensible Umgebungen geeignet.<\/li>\n<li>Wirtschaftliches 5L-Format, ideal f\u00fcr den intensiven Gebrauch.<\/li>\n<\/ul>\n<p>&nbsp;<\/p>\n<p><!--more--><\/p>\n<h4>Weitere Informationen :<\/h4>\n<ul>\n<li><strong>Verpackung<\/strong>: Einzeln<\/li>\n<li><strong>Farbe<\/strong>: Gr\u00fcn<\/li>\n<li><strong>Volumen<\/strong>: 5 Liter<\/li>\n<\/ul>\n<p>&nbsp;<\/p>\n<p><!--more--><\/p>\n<p>Hier finden Sie unseren Fettl\u00f6ser und Desinfektionsmittel in 750 ml: <span style=\"color: #d12727;\"><a style=\"color: #d12727;\" href=\"https:\/\/www.csj-emballages.com\/de\/produit\/desinfizierendes-fettentfernungsspray-750ml\/\">0711750<\/a><\/span><\/p>\n<p>&nbsp;<\/p>\n<p><!--more--><\/p>\n<p><a href=\"https:\/\/www.csj-emballages.com\/de\/categorie-produit\/hygiene-und-pflege\/pflegeprodukte\/kuche\/\">Entdecken Sie unser restliches Sortiment an Reinigungsprodukten f\u00fcr die K\u00fcche<\/a><\/p>\n","protected":false},"excerpt":{"rendered":"<p>Desinfizierender Fettl\u00f6ser Beschreibung unseres Fettl\u00f6sers und Desinfektionsmittels 5 Liter<\/p>\n","protected":false},"featured_media":233194,"template":"","meta":{"_acf_changed":false},"product_brand":[],"product_cat":[1218,1219,1330],"product_tag":[],"class_list":{"0":"post-17385","1":"product","2":"type-product","3":"status-publish","4":"has-post-thumbnail","6":"product_cat-hygiene-und-pflege","7":"product_cat-pflegeprodukte","8":"product_cat-kuche","9":"product_shipping_class-verboten-in-staffeln","11":"first","12":"instock","13":"taxable","14":"shipping-taxable","15":"purchasable","16":"product-type-simple"},"acf":[],"yoast_head":"<!-- This site is optimized with the Yoast SEO Premium plugin v26.6 (Yoast SEO v26.6) - https:\/\/yoast.com\/wordpress\/plugins\/seo\/ -->\n<title>Fettl\u00f6ser und Desinfektionsmittel \u2013 5 Liter<\/title>\n<meta name=\"description\" content=\"Leistungsstarker Mehrzweck-Fettl\u00f6ser und Desinfektionsmittel 5L. Entfernt Fette, Bakterien, Pilze und Viren. Entspricht den Normen EN13697 &amp; EN14476.\" \/>\n<meta name=\"robots\" content=\"index, follow, max-snippet:-1, max-image-preview:large, max-video-preview:-1\" \/>\n<link rel=\"canonical\" href=\"https:\/\/www.csj-emballages.com\/de\/produit\/desinfizierender-fettloeser-5-liter\/\" \/>\n<meta property=\"og:locale\" content=\"de_DE\" \/>\n<meta property=\"og:type\" content=\"article\" \/>\n<meta property=\"og:title\" content=\"Fettl\u00f6ser und Desinfektionsmittel 5 Liter\" \/>\n<meta property=\"og:description\" content=\"Leistungsstarker Mehrzweck-Fettl\u00f6ser und Desinfektionsmittel 5L. Entfernt Fette, Bakterien, Pilze und Viren. Entspricht den Normen EN13697 &amp; EN14476.\" \/>\n<meta property=\"og:url\" content=\"https:\/\/www.csj-emballages.com\/de\/produit\/desinfizierender-fettloeser-5-liter\/\" \/>\n<meta property=\"og:site_name\" content=\"CSJ Emballages\" \/>\n<meta property=\"article:publisher\" content=\"https:\/\/www.facebook.com\/csjemballages\" \/>\n<meta property=\"article:modified_time\" content=\"2026-04-29T00:10:38+00:00\" \/>\n<meta property=\"og:image\" content=\"https:\/\/www.csj-emballages.com\/wp-content\/uploads\/2024\/03\/07125.webp\" \/>\n\t<meta property=\"og:image:width\" content=\"800\" \/>\n\t<meta property=\"og:image:height\" content=\"800\" \/>\n\t<meta property=\"og:image:type\" content=\"image\/webp\" \/>\n<meta name=\"twitter:card\" content=\"summary_large_image\" \/>\n<meta name=\"twitter:label1\" content=\"Gesch\u00e4tzte Lesezeit\" \/>\n\t<meta name=\"twitter:data1\" content=\"1\u00a0Minute\" \/>\n<script type=\"application\/ld+json\" class=\"yoast-schema-graph\">{\"@context\":\"https:\/\/schema.org\",\"@graph\":[{\"@type\":\"WebPage\",\"@id\":\"https:\/\/www.csj-emballages.com\/de\/produit\/desinfizierender-fettloeser-5-liter\/\",\"url\":\"https:\/\/www.csj-emballages.com\/de\/produit\/desinfizierender-fettloeser-5-liter\/\",\"name\":\"Fettl\u00f6ser und Desinfektionsmittel \u2013 5 Liter\",\"isPartOf\":{\"@id\":\"https:\/\/www.csj-emballages.com\/de\/#website\"},\"primaryImageOfPage\":{\"@id\":\"https:\/\/www.csj-emballages.com\/de\/produit\/desinfizierender-fettloeser-5-liter\/#primaryimage\"},\"image\":{\"@id\":\"https:\/\/www.csj-emballages.com\/de\/produit\/desinfizierender-fettloeser-5-liter\/#primaryimage\"},\"thumbnailUrl\":\"https:\/\/www.csj-emballages.com\/wp-content\/uploads\/2024\/03\/07125.webp\",\"datePublished\":\"2024-03-01T16:00:13+00:00\",\"dateModified\":\"2026-04-29T00:10:38+00:00\",\"description\":\"Leistungsstarker Mehrzweck-Fettl\u00f6ser und Desinfektionsmittel 5L. Entfernt Fette, Bakterien, Pilze und Viren. Entspricht den Normen EN13697 & EN14476.\",\"breadcrumb\":{\"@id\":\"https:\/\/www.csj-emballages.com\/de\/produit\/desinfizierender-fettloeser-5-liter\/#breadcrumb\"},\"inLanguage\":\"de\",\"potentialAction\":[{\"@type\":\"ReadAction\",\"target\":[\"https:\/\/www.csj-emballages.com\/de\/produit\/desinfizierender-fettloeser-5-liter\/\"]}]},{\"@type\":\"ImageObject\",\"inLanguage\":\"de\",\"@id\":\"https:\/\/www.csj-emballages.com\/de\/produit\/desinfizierender-fettloeser-5-liter\/#primaryimage\",\"url\":\"https:\/\/www.csj-emballages.com\/wp-content\/uploads\/2024\/03\/07125.webp\",\"contentUrl\":\"https:\/\/www.csj-emballages.com\/wp-content\/uploads\/2024\/03\/07125.webp\",\"width\":800,\"height\":800,\"caption\":\"d\u00e9graissant d\u00e9sinfectant\"},{\"@type\":\"BreadcrumbList\",\"@id\":\"https:\/\/www.csj-emballages.com\/de\/produit\/desinfizierender-fettloeser-5-liter\/#breadcrumb\",\"itemListElement\":[{\"@type\":\"ListItem\",\"position\":1,\"name\":\"Accueil\",\"item\":\"https:\/\/www.csj-emballages.com\/de\/universum-lebensmittelverpackungen\/\"},{\"@type\":\"ListItem\",\"position\":2,\"name\":\"Shop\",\"item\":\"https:\/\/www.csj-emballages.com\/shop\/\"},{\"@type\":\"ListItem\",\"position\":3,\"name\":\"Fettl\u00f6ser und Desinfektionsmittel 5 Liter\"}]},{\"@type\":\"WebSite\",\"@id\":\"https:\/\/www.csj-emballages.com\/de\/#website\",\"url\":\"https:\/\/www.csj-emballages.com\/de\/\",\"name\":\"CSJ Emballages\",\"description\":\"\",\"publisher\":{\"@id\":\"https:\/\/www.csj-emballages.com\/de\/#organization\"},\"potentialAction\":[{\"@type\":\"SearchAction\",\"target\":{\"@type\":\"EntryPoint\",\"urlTemplate\":\"https:\/\/www.csj-emballages.com\/de\/?s={search_term_string}\"},\"query-input\":{\"@type\":\"PropertyValueSpecification\",\"valueRequired\":true,\"valueName\":\"search_term_string\"}}],\"inLanguage\":\"de\"},{\"@type\":\"Organization\",\"@id\":\"https:\/\/www.csj-emballages.com\/de\/#Organization\/\",\"name\":\"CSJ Emballages\",\"url\":\"https:\/\/www.csj-emballages.com\/de\/\",\"logo\":{\"@type\":\"ImageObject\",\"inLanguage\":\"de\",\"@id\":\"https:\/\/www.csj-emballages.com\/de\/#\/schema\/logo\/image\/\",\"url\":\"https:\/\/www.csj-emballages.com\/wp-content\/uploads\/2023\/10\/logo_csj.webp\",\"contentUrl\":\"https:\/\/www.csj-emballages.com\/wp-content\/uploads\/2023\/10\/logo_csj.webp\",\"width\":250,\"height\":95,\"caption\":\"CSJ Emballages\"},\"image\":{\"@id\":\"https:\/\/www.csj-emballages.com\/de\/#\/schema\/logo\/image\/\"},\"sameAs\":[\"https:\/\/www.facebook.com\/csjemballages\"],\"address\":{\"@type\":\"PostalAddress\",\"streetAddress\":\"ZI La Lechere\",\"addressLocality\":\"Patornay\",\"postalCode\":\"39130\",\"addressCountry\":\"FR\"},\"contactPoint\":[{\"@type\":\"ContactPoint\",\"contactType\":\"Service client\",\"telephone\":\"0384254272\",\"email\":\"contact@csj-emballages.com\"}]}]}<\/script>\n<!-- \/ Yoast SEO Premium plugin. -->","yoast_head_json":{"title":"Fettl\u00f6ser und Desinfektionsmittel \u2013 5 Liter","description":"Leistungsstarker Mehrzweck-Fettl\u00f6ser und Desinfektionsmittel 5L. Entfernt Fette, Bakterien, Pilze und Viren. Entspricht den Normen EN13697 & EN14476.","robots":{"index":"index","follow":"follow","max-snippet":"max-snippet:-1","max-image-preview":"max-image-preview:large","max-video-preview":"max-video-preview:-1"},"canonical":"https:\/\/www.csj-emballages.com\/de\/produit\/desinfizierender-fettloeser-5-liter\/","og_locale":"de_DE","og_type":"article","og_title":"Fettl\u00f6ser und Desinfektionsmittel 5 Liter","og_description":"Leistungsstarker Mehrzweck-Fettl\u00f6ser und Desinfektionsmittel 5L. Entfernt Fette, Bakterien, Pilze und Viren. Entspricht den Normen EN13697 & EN14476.","og_url":"https:\/\/www.csj-emballages.com\/de\/produit\/desinfizierender-fettloeser-5-liter\/","og_site_name":"CSJ Emballages","article_publisher":"https:\/\/www.facebook.com\/csjemballages","article_modified_time":"2026-04-29T00:10:38+00:00","og_image":[{"width":800,"height":800,"url":"https:\/\/www.csj-emballages.com\/wp-content\/uploads\/2024\/03\/07125.webp","type":"image\/webp"}],"twitter_card":"summary_large_image","twitter_misc":{"Gesch\u00e4tzte Lesezeit":"1\u00a0Minute"},"schema":{"@context":"https:\/\/schema.org","@graph":[{"@type":"WebPage","@id":"https:\/\/www.csj-emballages.com\/de\/produit\/desinfizierender-fettloeser-5-liter\/","url":"https:\/\/www.csj-emballages.com\/de\/produit\/desinfizierender-fettloeser-5-liter\/","name":"Fettl\u00f6ser und Desinfektionsmittel \u2013 5 Liter","isPartOf":{"@id":"https:\/\/www.csj-emballages.com\/de\/#website"},"primaryImageOfPage":{"@id":"https:\/\/www.csj-emballages.com\/de\/produit\/desinfizierender-fettloeser-5-liter\/#primaryimage"},"image":{"@id":"https:\/\/www.csj-emballages.com\/de\/produit\/desinfizierender-fettloeser-5-liter\/#primaryimage"},"thumbnailUrl":"https:\/\/www.csj-emballages.com\/wp-content\/uploads\/2024\/03\/07125.webp","datePublished":"2024-03-01T16:00:13+00:00","dateModified":"2026-04-29T00:10:38+00:00","description":"Leistungsstarker Mehrzweck-Fettl\u00f6ser und Desinfektionsmittel 5L. Entfernt Fette, Bakterien, Pilze und Viren. Entspricht den Normen EN13697 & EN14476.","breadcrumb":{"@id":"https:\/\/www.csj-emballages.com\/de\/produit\/desinfizierender-fettloeser-5-liter\/#breadcrumb"},"inLanguage":"de","potentialAction":[{"@type":"ReadAction","target":["https:\/\/www.csj-emballages.com\/de\/produit\/desinfizierender-fettloeser-5-liter\/"]}]},{"@type":"ImageObject","inLanguage":"de","@id":"https:\/\/www.csj-emballages.com\/de\/produit\/desinfizierender-fettloeser-5-liter\/#primaryimage","url":"https:\/\/www.csj-emballages.com\/wp-content\/uploads\/2024\/03\/07125.webp","contentUrl":"https:\/\/www.csj-emballages.com\/wp-content\/uploads\/2024\/03\/07125.webp","width":800,"height":800,"caption":"d\u00e9graissant d\u00e9sinfectant"},{"@type":"BreadcrumbList","@id":"https:\/\/www.csj-emballages.com\/de\/produit\/desinfizierender-fettloeser-5-liter\/#breadcrumb","itemListElement":[{"@type":"ListItem","position":1,"name":"Accueil","item":"https:\/\/www.csj-emballages.com\/de\/universum-lebensmittelverpackungen\/"},{"@type":"ListItem","position":2,"name":"Shop","item":"https:\/\/www.csj-emballages.com\/shop\/"},{"@type":"ListItem","position":3,"name":"Fettl\u00f6ser und Desinfektionsmittel 5 Liter"}]},{"@type":"WebSite","@id":"https:\/\/www.csj-emballages.com\/de\/#website","url":"https:\/\/www.csj-emballages.com\/de\/","name":"CSJ Emballages","description":"","publisher":{"@id":"https:\/\/www.csj-emballages.com\/de\/#organization"},"potentialAction":[{"@type":"SearchAction","target":{"@type":"EntryPoint","urlTemplate":"https:\/\/www.csj-emballages.com\/de\/?s={search_term_string}"},"query-input":{"@type":"PropertyValueSpecification","valueRequired":true,"valueName":"search_term_string"}}],"inLanguage":"de"},{"@type":"Organization","@id":"https:\/\/www.csj-emballages.com\/de\/#Organization\/","name":"CSJ Emballages","url":"https:\/\/www.csj-emballages.com\/de\/","logo":{"@type":"ImageObject","inLanguage":"de","@id":"https:\/\/www.csj-emballages.com\/de\/#\/schema\/logo\/image\/","url":"https:\/\/www.csj-emballages.com\/wp-content\/uploads\/2023\/10\/logo_csj.webp","contentUrl":"https:\/\/www.csj-emballages.com\/wp-content\/uploads\/2023\/10\/logo_csj.webp","width":250,"height":95,"caption":"CSJ Emballages"},"image":{"@id":"https:\/\/www.csj-emballages.com\/de\/#\/schema\/logo\/image\/"},"sameAs":["https:\/\/www.facebook.com\/csjemballages"],"address":{"@type":"PostalAddress","streetAddress":"ZI La Lechere","addressLocality":"Patornay","postalCode":"39130","addressCountry":"FR"},"contactPoint":[{"@type":"ContactPoint","contactType":"Service client","telephone":"0384254272","email":"contact@csj-emballages.com"}]}]}},"df_price":13.68,"df_sale_price":"","df_regular_price":13.68,"df_image_link":"https:\/\/www.csj-emballages.com\/wp-content\/uploads\/2024\/03\/07125-300x300.webp","tiered_pricing_type":"fixed","tiered_pricing_fixed_rules":[],"tiered_pricing_percentage_rules":[],"tiered_pricing_minimum":1,"tiered_pricing_roles_data":[],"_links":{"self":[{"href":"https:\/\/www.csj-emballages.com\/de\/wp-json\/wp\/v2\/product\/17385","targetHints":{"allow":["GET"]}}],"collection":[{"href":"https:\/\/www.csj-emballages.com\/de\/wp-json\/wp\/v2\/product"}],"about":[{"href":"https:\/\/www.csj-emballages.com\/de\/wp-json\/wp\/v2\/types\/product"}],"wp:featuredmedia":[{"embeddable":true,"href":"https:\/\/www.csj-emballages.com\/de\/wp-json\/wp\/v2\/media\/233194"}],"wp:attachment":[{"href":"https:\/\/www.csj-emballages.com\/de\/wp-json\/wp\/v2\/media?parent=17385"}],"wp:term":[{"taxonomy":"product_brand","embeddable":true,"href":"https:\/\/www.csj-emballages.com\/de\/wp-json\/wp\/v2\/product_brand?post=17385"},{"taxonomy":"product_cat","embeddable":true,"href":"https:\/\/www.csj-emballages.com\/de\/wp-json\/wp\/v2\/product_cat?post=17385"},{"taxonomy":"product_tag","embeddable":true,"href":"https:\/\/www.csj-emballages.com\/de\/wp-json\/wp\/v2\/product_tag?post=17385"}],"curies":[{"name":"wp","href":"https:\/\/api.w.org\/{rel}","templated":true}]}}