{"id":17377,"date":"2024-03-01T16:59:43","date_gmt":"2024-03-01T15:59:43","guid":{"rendered":"https:\/\/u15jnbdpoq.preview.infomaniak.website\/produit\/schwarze-pfefferkoerner-1-kg\/"},"modified":"2026-03-26T02:10:28","modified_gmt":"2026-03-26T01:10:28","slug":"schwarze-pfefferkoerner-1-kg","status":"publish","type":"product","link":"https:\/\/www.csj-emballages.com\/de\/produit\/schwarze-pfefferkoerner-1-kg\/","title":{"rendered":"Schwarze Pfefferk\u00f6rner 1 kg"},"content":{"rendered":"<h2>Schwarze Pfefferk\u00f6rner<\/h2>\n<div style=\"font-family: Roboto, sans-serif;\">\n<div style=\"font-family: Roboto, sans-serif;\">\n<div style=\"font-family: Roboto, sans-serif;\">\n<div style=\"font-family: Roboto, sans-serif;\">\n<div style=\"font-family: Roboto, sans-serif;\">\n<div style=\"font-family: Roboto, sans-serif;\">\n<hr>\n<h3>Beschreibung unserer schwarzen Pfefferk\u00f6rner<\/h3>\n<p><!--more--><\/p>\n<p data-start=\"178\" data-end=\"510\">Schwarzer <strong>Pfeffer in K\u00f6rnern<\/strong> ist das kleine Detail, das in der K\u00fcche alles ver\u00e4ndert. Mit diesem <strong data-start=\"275\" data-end=\"283\">1 kg<\/strong> Format haben Sie genug, um gro\u00dfz\u00fcgig zu w\u00fcrzen, ohne dass Ihnen jemals der Vorrat ausgeht. Jedes Korn entfaltet beim Zersto\u00dfen ein intensives Aroma, das sowohl einfachen Gerichten als auch aufwendigen Rezepten Charakter verleiht.  <\/p>\n<p data-start=\"512\" data-end=\"877\">Schon beim Mahlen entfalten sich die Aromen: eine leicht pikante Note, ein holziger Hauch und diese W\u00e4rme, die Fleisch, Saucen, Gem\u00fcse oder sogar bestimmte Desserts verfeinert. Im Gegensatz zu bereits gemahlenem <strong>Pfeffer<\/strong> beh\u00e4lt das Korn seine volle Kraft und seinen Geschmack \u00fcber lange Zeit. So steuern Sie die Intensit\u00e4t ganz nach Ihren Vorlieben und Ihrem Kochstil.  <\/p>\n<p data-start=\"879\" data-end=\"1261\">Diese <strong data-start=\"900\" data-end=\"908\">1 kg<\/strong> Packung richtet sich sowohl an Profis als auch an passionierte Hobbyk\u00f6che, die kompromisslos kochen m\u00f6chten. In Restaurantk\u00fcchen, bei Caterern oder in Gro\u00dfk\u00fcchen erm\u00f6glicht sie effizientes Arbeiten bei gleichbleibender Qualit\u00e4t. F\u00fcr zu Hause ist es die ideale L\u00f6sung f\u00fcr alle, die ein langlebiges, wirtschaftliches und stets einsatzbereites Produkt w\u00fcnschen.  <\/p>\n<p data-start=\"1263\" data-end=\"1543\">Dar\u00fcber hinaus f\u00fcgt sich der <strong>schwarze Pfeffer<\/strong> m\u00fchelos in alle kulinarischen Welten ein. Er begleitet traditionelle Gerichte, findet aber auch in moderneren oder kreativen Rezepten seinen Platz. Eine einfache Prise gen\u00fcgt oft, um eine Zubereitung zu beleben und ihr mehr Tiefe zu verleihen.  <\/p>\n<p data-start=\"1545\" data-end=\"1759\">Zusammenfassend ist dieser <strong>schwarze Pfeffer in K\u00f6rnern<\/strong> ein unverzichtbarer Alltagsbegleiter. Er verleiht jedem Gericht Tiefe, W\u00e4rme und eine echte geschmackliche Note, ohne dabei den anderen Zutaten die Show zu stehlen. <\/p>\n<p data-start=\"1545\" data-end=\"1759\">\n<p><!--more--><\/p>\n<p><strong>Vorteile :<\/strong><\/p>\n<ul>\n<li>Schwarzer Pfeffer in K\u00f6rnern bietet ein kr\u00e4ftiges Aroma, das den Geschmack Ihrer Gerichte hervorhebt.<\/li>\n<li>Ideal f\u00fcr Marinaden, Saucen und Gegrilltes verleiht schwarzer Pfeffer in K\u00f6rnern eine unwiderstehliche w\u00fcrzige Note.<\/li>\n<li>Die 1 kg Packung ist perfekt f\u00fcr K\u00f6che, Gastronomen und passionierte Hobbyk\u00f6che.<\/li>\n<li>Dieses Gew\u00fcrz harmoniert perfekt mit Fleisch, Gem\u00fcse und anderen Zutaten.<\/li>\n<\/ul>\n<\/div>\n<\/div>\n<\/div>\n<\/div>\n<\/div>\n<\/div>\n<p>&nbsp;<\/p>\n<p><!--more--><\/p>\n<h4>Weitere Informationen :<\/h4>\n<ul>\n<li><strong>Verpackung<\/strong>: Packung mit 1kg<\/li>\n<li><strong>Format<\/strong>: Korn<\/li>\n<\/ul>\n<p>&nbsp;<\/p>\n<p><!--more--><\/p>\n<p>Auch erh\u00e4ltlich in <span style=\"color: #d12727;\"><br \/>\n  <a style=\"color: #d12727;\" href=\"https:\/\/www.csj-emballages.com\/de\/produit\/gemahlener-schwarzer-pfeffer-1-kg\/\">gemahlener schwarzer Pfeffer<\/a><br \/>\n<\/span><\/p>\n<p>&nbsp;<\/p>\n<p><!--more--><\/p>\n<p><a href=\"https:\/\/www.csj-emballages.com\/de\/categorie-produit\/lebensmittel\/gewurze\/einfache-gewurze\/\">Sehen Sie sich hier den Rest unseres Sortiments an einfachen Gew\u00fcrzen an.<\/a><\/p>\n","protected":false},"excerpt":{"rendered":"<p>Schwarze Pfefferk\u00f6rner Beschreibung unserer schwarzen Pfefferk\u00f6rner<\/p>\n","protected":false},"featured_media":225711,"template":"","meta":{"_acf_changed":false},"product_brand":[],"product_cat":[1144,1441,1442],"product_tag":[],"class_list":{"0":"post-17377","1":"product","2":"type-product","3":"status-publish","4":"has-post-thumbnail","6":"product_cat-lebensmittel","7":"product_cat-gewurze","8":"product_cat-einfache-gewurze","10":"first","11":"instock","12":"taxable","13":"shipping-taxable","14":"purchasable","15":"product-type-simple"},"acf":[],"yoast_head":"<!-- This site is optimized with the Yoast SEO Premium plugin v26.6 (Yoast SEO v26.6) - https:\/\/yoast.com\/wordpress\/plugins\/seo\/ -->\n<title>Schwarzer Pfeffer Korn 1kg \/ CSJ Verpackungen<\/title>\n<meta name=\"description\" content=\"Schwarze Pfefferk\u00f6rner 1kg - In Beuteln verkauft, perfekt f\u00fcr Profis und Hobbyk\u00f6che, verleiht Ihren Gerichten einen intensiven Geschmack.\" \/>\n<meta name=\"robots\" content=\"index, follow, max-snippet:-1, max-image-preview:large, max-video-preview:-1\" \/>\n<link rel=\"canonical\" href=\"https:\/\/www.csj-emballages.com\/de\/produit\/schwarze-pfefferkoerner-1-kg\/\" \/>\n<meta property=\"og:locale\" content=\"de_DE\" \/>\n<meta property=\"og:type\" content=\"article\" \/>\n<meta property=\"og:title\" content=\"Schwarze Pfefferk\u00f6rner 1 kg\" \/>\n<meta property=\"og:description\" content=\"Schwarze Pfefferk\u00f6rner 1kg - In Beuteln verkauft, perfekt f\u00fcr Profis und Hobbyk\u00f6che, verleiht Ihren Gerichten einen intensiven Geschmack.\" \/>\n<meta property=\"og:url\" content=\"https:\/\/www.csj-emballages.com\/de\/produit\/schwarze-pfefferkoerner-1-kg\/\" \/>\n<meta property=\"og:site_name\" content=\"CSJ Emballages\" \/>\n<meta property=\"article:publisher\" content=\"https:\/\/www.facebook.com\/csjemballages\" \/>\n<meta property=\"article:modified_time\" content=\"2026-03-26T01:10:28+00:00\" \/>\n<meta property=\"og:image\" content=\"https:\/\/www.csj-emballages.com\/wp-content\/uploads\/2024\/03\/Poivre-noir-grain.webp\" \/>\n\t<meta property=\"og:image:width\" content=\"800\" \/>\n\t<meta property=\"og:image:height\" content=\"800\" \/>\n\t<meta property=\"og:image:type\" content=\"image\/webp\" \/>\n<meta name=\"twitter:card\" content=\"summary_large_image\" \/>\n<meta name=\"twitter:label1\" content=\"Gesch\u00e4tzte Lesezeit\" \/>\n\t<meta name=\"twitter:data1\" content=\"2 Minuten\" \/>\n<script type=\"application\/ld+json\" class=\"yoast-schema-graph\">{\"@context\":\"https:\/\/schema.org\",\"@graph\":[{\"@type\":\"WebPage\",\"@id\":\"https:\/\/www.csj-emballages.com\/de\/produit\/schwarze-pfefferkoerner-1-kg\/\",\"url\":\"https:\/\/www.csj-emballages.com\/de\/produit\/schwarze-pfefferkoerner-1-kg\/\",\"name\":\"Schwarzer Pfeffer Korn 1kg \/ CSJ Verpackungen\",\"isPartOf\":{\"@id\":\"https:\/\/www.csj-emballages.com\/de\/#website\"},\"primaryImageOfPage\":{\"@id\":\"https:\/\/www.csj-emballages.com\/de\/produit\/schwarze-pfefferkoerner-1-kg\/#primaryimage\"},\"image\":{\"@id\":\"https:\/\/www.csj-emballages.com\/de\/produit\/schwarze-pfefferkoerner-1-kg\/#primaryimage\"},\"thumbnailUrl\":\"https:\/\/www.csj-emballages.com\/wp-content\/uploads\/2024\/03\/Poivre-noir-grain.webp\",\"datePublished\":\"2024-03-01T15:59:43+00:00\",\"dateModified\":\"2026-03-26T01:10:28+00:00\",\"description\":\"Schwarze Pfefferk\u00f6rner 1kg - In Beuteln verkauft, perfekt f\u00fcr Profis und Hobbyk\u00f6che, verleiht Ihren Gerichten einen intensiven Geschmack.\",\"breadcrumb\":{\"@id\":\"https:\/\/www.csj-emballages.com\/de\/produit\/schwarze-pfefferkoerner-1-kg\/#breadcrumb\"},\"inLanguage\":\"de\",\"potentialAction\":[{\"@type\":\"ReadAction\",\"target\":[\"https:\/\/www.csj-emballages.com\/de\/produit\/schwarze-pfefferkoerner-1-kg\/\"]}]},{\"@type\":\"ImageObject\",\"inLanguage\":\"de\",\"@id\":\"https:\/\/www.csj-emballages.com\/de\/produit\/schwarze-pfefferkoerner-1-kg\/#primaryimage\",\"url\":\"https:\/\/www.csj-emballages.com\/wp-content\/uploads\/2024\/03\/Poivre-noir-grain.webp\",\"contentUrl\":\"https:\/\/www.csj-emballages.com\/wp-content\/uploads\/2024\/03\/Poivre-noir-grain.webp\",\"width\":800,\"height\":800,\"caption\":\"Poivre noir grain\"},{\"@type\":\"BreadcrumbList\",\"@id\":\"https:\/\/www.csj-emballages.com\/de\/produit\/schwarze-pfefferkoerner-1-kg\/#breadcrumb\",\"itemListElement\":[{\"@type\":\"ListItem\",\"position\":1,\"name\":\"Accueil\",\"item\":\"https:\/\/www.csj-emballages.com\/de\/universum-lebensmittelverpackungen\/\"},{\"@type\":\"ListItem\",\"position\":2,\"name\":\"Shop\",\"item\":\"https:\/\/www.csj-emballages.com\/shop\/\"},{\"@type\":\"ListItem\",\"position\":3,\"name\":\"Schwarze Pfefferk\u00f6rner 1 kg\"}]},{\"@type\":\"WebSite\",\"@id\":\"https:\/\/www.csj-emballages.com\/de\/#website\",\"url\":\"https:\/\/www.csj-emballages.com\/de\/\",\"name\":\"CSJ Emballages\",\"description\":\"\",\"publisher\":{\"@id\":\"https:\/\/www.csj-emballages.com\/de\/#organization\"},\"potentialAction\":[{\"@type\":\"SearchAction\",\"target\":{\"@type\":\"EntryPoint\",\"urlTemplate\":\"https:\/\/www.csj-emballages.com\/de\/?s={search_term_string}\"},\"query-input\":{\"@type\":\"PropertyValueSpecification\",\"valueRequired\":true,\"valueName\":\"search_term_string\"}}],\"inLanguage\":\"de\"},{\"@type\":\"Organization\",\"@id\":\"https:\/\/www.csj-emballages.com\/de\/#Organization\/\",\"name\":\"CSJ Emballages\",\"url\":\"https:\/\/www.csj-emballages.com\/de\/\",\"logo\":{\"@type\":\"ImageObject\",\"inLanguage\":\"de\",\"@id\":\"https:\/\/www.csj-emballages.com\/de\/#\/schema\/logo\/image\/\",\"url\":\"https:\/\/www.csj-emballages.com\/wp-content\/uploads\/2023\/10\/logo_csj.webp\",\"contentUrl\":\"https:\/\/www.csj-emballages.com\/wp-content\/uploads\/2023\/10\/logo_csj.webp\",\"width\":250,\"height\":95,\"caption\":\"CSJ Emballages\"},\"image\":{\"@id\":\"https:\/\/www.csj-emballages.com\/de\/#\/schema\/logo\/image\/\"},\"sameAs\":[\"https:\/\/www.facebook.com\/csjemballages\"],\"address\":{\"@type\":\"PostalAddress\",\"streetAddress\":\"ZI La Lechere\",\"addressLocality\":\"Patornay\",\"postalCode\":\"39130\",\"addressCountry\":\"FR\"},\"contactPoint\":[{\"@type\":\"ContactPoint\",\"contactType\":\"Service client\",\"telephone\":\"0384254272\",\"email\":\"contact@csj-emballages.com\"}]}]}<\/script>\n<!-- \/ Yoast SEO Premium plugin. -->","yoast_head_json":{"title":"Schwarzer Pfeffer Korn 1kg \/ CSJ Verpackungen","description":"Schwarze Pfefferk\u00f6rner 1kg - In Beuteln verkauft, perfekt f\u00fcr Profis und Hobbyk\u00f6che, verleiht Ihren Gerichten einen intensiven Geschmack.","robots":{"index":"index","follow":"follow","max-snippet":"max-snippet:-1","max-image-preview":"max-image-preview:large","max-video-preview":"max-video-preview:-1"},"canonical":"https:\/\/www.csj-emballages.com\/de\/produit\/schwarze-pfefferkoerner-1-kg\/","og_locale":"de_DE","og_type":"article","og_title":"Schwarze Pfefferk\u00f6rner 1 kg","og_description":"Schwarze Pfefferk\u00f6rner 1kg - In Beuteln verkauft, perfekt f\u00fcr Profis und Hobbyk\u00f6che, verleiht Ihren Gerichten einen intensiven Geschmack.","og_url":"https:\/\/www.csj-emballages.com\/de\/produit\/schwarze-pfefferkoerner-1-kg\/","og_site_name":"CSJ Emballages","article_publisher":"https:\/\/www.facebook.com\/csjemballages","article_modified_time":"2026-03-26T01:10:28+00:00","og_image":[{"width":800,"height":800,"url":"https:\/\/www.csj-emballages.com\/wp-content\/uploads\/2024\/03\/Poivre-noir-grain.webp","type":"image\/webp"}],"twitter_card":"summary_large_image","twitter_misc":{"Gesch\u00e4tzte Lesezeit":"2 Minuten"},"schema":{"@context":"https:\/\/schema.org","@graph":[{"@type":"WebPage","@id":"https:\/\/www.csj-emballages.com\/de\/produit\/schwarze-pfefferkoerner-1-kg\/","url":"https:\/\/www.csj-emballages.com\/de\/produit\/schwarze-pfefferkoerner-1-kg\/","name":"Schwarzer Pfeffer Korn 1kg \/ CSJ Verpackungen","isPartOf":{"@id":"https:\/\/www.csj-emballages.com\/de\/#website"},"primaryImageOfPage":{"@id":"https:\/\/www.csj-emballages.com\/de\/produit\/schwarze-pfefferkoerner-1-kg\/#primaryimage"},"image":{"@id":"https:\/\/www.csj-emballages.com\/de\/produit\/schwarze-pfefferkoerner-1-kg\/#primaryimage"},"thumbnailUrl":"https:\/\/www.csj-emballages.com\/wp-content\/uploads\/2024\/03\/Poivre-noir-grain.webp","datePublished":"2024-03-01T15:59:43+00:00","dateModified":"2026-03-26T01:10:28+00:00","description":"Schwarze Pfefferk\u00f6rner 1kg - In Beuteln verkauft, perfekt f\u00fcr Profis und Hobbyk\u00f6che, verleiht Ihren Gerichten einen intensiven Geschmack.","breadcrumb":{"@id":"https:\/\/www.csj-emballages.com\/de\/produit\/schwarze-pfefferkoerner-1-kg\/#breadcrumb"},"inLanguage":"de","potentialAction":[{"@type":"ReadAction","target":["https:\/\/www.csj-emballages.com\/de\/produit\/schwarze-pfefferkoerner-1-kg\/"]}]},{"@type":"ImageObject","inLanguage":"de","@id":"https:\/\/www.csj-emballages.com\/de\/produit\/schwarze-pfefferkoerner-1-kg\/#primaryimage","url":"https:\/\/www.csj-emballages.com\/wp-content\/uploads\/2024\/03\/Poivre-noir-grain.webp","contentUrl":"https:\/\/www.csj-emballages.com\/wp-content\/uploads\/2024\/03\/Poivre-noir-grain.webp","width":800,"height":800,"caption":"Poivre noir grain"},{"@type":"BreadcrumbList","@id":"https:\/\/www.csj-emballages.com\/de\/produit\/schwarze-pfefferkoerner-1-kg\/#breadcrumb","itemListElement":[{"@type":"ListItem","position":1,"name":"Accueil","item":"https:\/\/www.csj-emballages.com\/de\/universum-lebensmittelverpackungen\/"},{"@type":"ListItem","position":2,"name":"Shop","item":"https:\/\/www.csj-emballages.com\/shop\/"},{"@type":"ListItem","position":3,"name":"Schwarze Pfefferk\u00f6rner 1 kg"}]},{"@type":"WebSite","@id":"https:\/\/www.csj-emballages.com\/de\/#website","url":"https:\/\/www.csj-emballages.com\/de\/","name":"CSJ Emballages","description":"","publisher":{"@id":"https:\/\/www.csj-emballages.com\/de\/#organization"},"potentialAction":[{"@type":"SearchAction","target":{"@type":"EntryPoint","urlTemplate":"https:\/\/www.csj-emballages.com\/de\/?s={search_term_string}"},"query-input":{"@type":"PropertyValueSpecification","valueRequired":true,"valueName":"search_term_string"}}],"inLanguage":"de"},{"@type":"Organization","@id":"https:\/\/www.csj-emballages.com\/de\/#Organization\/","name":"CSJ Emballages","url":"https:\/\/www.csj-emballages.com\/de\/","logo":{"@type":"ImageObject","inLanguage":"de","@id":"https:\/\/www.csj-emballages.com\/de\/#\/schema\/logo\/image\/","url":"https:\/\/www.csj-emballages.com\/wp-content\/uploads\/2023\/10\/logo_csj.webp","contentUrl":"https:\/\/www.csj-emballages.com\/wp-content\/uploads\/2023\/10\/logo_csj.webp","width":250,"height":95,"caption":"CSJ Emballages"},"image":{"@id":"https:\/\/www.csj-emballages.com\/de\/#\/schema\/logo\/image\/"},"sameAs":["https:\/\/www.facebook.com\/csjemballages"],"address":{"@type":"PostalAddress","streetAddress":"ZI La Lechere","addressLocality":"Patornay","postalCode":"39130","addressCountry":"FR"},"contactPoint":[{"@type":"ContactPoint","contactType":"Service client","telephone":"0384254272","email":"contact@csj-emballages.com"}]}]}},"df_price":22.49,"df_sale_price":"","df_regular_price":22.49,"df_image_link":"https:\/\/www.csj-emballages.com\/wp-content\/uploads\/2024\/03\/Poivre-noir-grain-300x300.webp","tiered_pricing_type":"fixed","tiered_pricing_fixed_rules":[],"tiered_pricing_percentage_rules":[],"tiered_pricing_minimum":1,"tiered_pricing_roles_data":[],"_links":{"self":[{"href":"https:\/\/www.csj-emballages.com\/de\/wp-json\/wp\/v2\/product\/17377","targetHints":{"allow":["GET"]}}],"collection":[{"href":"https:\/\/www.csj-emballages.com\/de\/wp-json\/wp\/v2\/product"}],"about":[{"href":"https:\/\/www.csj-emballages.com\/de\/wp-json\/wp\/v2\/types\/product"}],"wp:featuredmedia":[{"embeddable":true,"href":"https:\/\/www.csj-emballages.com\/de\/wp-json\/wp\/v2\/media\/225711"}],"wp:attachment":[{"href":"https:\/\/www.csj-emballages.com\/de\/wp-json\/wp\/v2\/media?parent=17377"}],"wp:term":[{"taxonomy":"product_brand","embeddable":true,"href":"https:\/\/www.csj-emballages.com\/de\/wp-json\/wp\/v2\/product_brand?post=17377"},{"taxonomy":"product_cat","embeddable":true,"href":"https:\/\/www.csj-emballages.com\/de\/wp-json\/wp\/v2\/product_cat?post=17377"},{"taxonomy":"product_tag","embeddable":true,"href":"https:\/\/www.csj-emballages.com\/de\/wp-json\/wp\/v2\/product_tag?post=17377"}],"curies":[{"name":"wp","href":"https:\/\/api.w.org\/{rel}","templated":true}]}}