{"id":17360,"date":"2024-03-01T17:00:13","date_gmt":"2024-03-01T16:00:13","guid":{"rendered":"https:\/\/u15jnbdpoq.preview.infomaniak.website\/produit\/plp-vlies-oberlaken-fuer-1-person-weiss-160-x-240-cm\/"},"modified":"2026-03-12T16:01:45","modified_gmt":"2026-03-12T15:01:45","slug":"plp-vlies-oberlaken-fuer-1-person-weiss-160-x-240-cm","status":"publish","type":"product","link":"https:\/\/www.csj-emballages.com\/de\/produit\/plp-vlies-oberlaken-fuer-1-person-weiss-160-x-240-cm\/","title":{"rendered":"Einweglaken f\u00fcr 1 Person, PLP-Vliesstoff, wei\u00df, 160 x 240 cm"},"content":{"rendered":"<h2>Einweglaken<\/h2>\n<hr>\n<h3>Beschreibung unseres Einweglakens f\u00fcr 1 Person, PLP-Vliesstoff, wei\u00df, 160 x 240 cm<!--more--><\/h3>\n<div class=\"flex max-w-full flex-col flex-grow\">\n<div class=\"min-h-8 text-message flex w-full flex-col items-end gap-2 whitespace-normal break-words text-start [.text-message+&amp;]:mt-5\" dir=\"auto\" data-message-author-role=\"assistant\" data-message-id=\"266ca6f3-5e07-4948-bd20-80ac5e6da4a5\" data-message-model-slug=\"gpt-4o\">\n<div class=\"flex w-full flex-col gap-1 empty:hidden first:pt-[3px]\">\n<div class=\"markdown prose w-full break-words dark:prose-invert dark\">\n<p data-start=\"198\" data-end=\"571\">Dieses <strong data-start=\"201\" data-end=\"230\">Einweglaken f\u00fcr eine Person<\/strong> aus <strong data-start=\"234\" data-end=\"251\">PLP-Vliesstoff<\/strong> ist die ideale L\u00f6sung f\u00fcr makellose Hygiene ohne Aufwand. Leicht, praktisch und angenehm im Griff, erm\u00f6glicht es die schnelle Ausstattung eines Bettes und gew\u00e4hrleistet gleichzeitig einen sauberen und ordentlichen Schutz. Seine <strong data-start=\"462\" data-end=\"481\">wei\u00dfe Farbe<\/strong> vermittelt sofort ein gepflegtes Bild, perfekt f\u00fcr professionelle Umgebungen.  <\/p>\n<p data-start=\"573\" data-end=\"934\">Mit seinen Ma\u00dfen von <strong data-start=\"593\" data-end=\"609\">160 x 240 cm<\/strong> deckt dieses Laken problemlos ein Einzelbett ab und bleibt w\u00e4hrend der Nutzung gut an Ort und Stelle. Es sch\u00fctzt die Bettw\u00e4sche vor Verschmutzungen und bietet gleichzeitig ausreichend Komfort f\u00fcr den gelegentlichen Gebrauch. Der PLP-Vliesstoff bietet eine gute Rei\u00dffestigkeit bei gleichzeitiger Geschmeidigkeit, wodurch der oft unangenehme \u201ePapiereffekt\u201c vermieden wird.  <\/p>\n<p data-start=\"936\" data-end=\"1325\">Dieses Einweglaken findet seinen nat\u00fcrlichen Platz in <strong data-start=\"991\" data-end=\"1101\">Hotels, Pflegezentren, Instituten, Krankenh\u00e4usern, Seniorenheimen, tempor\u00e4ren Unterk\u00fcnften oder bei Veranstaltungen<\/strong>. Es erm\u00f6glicht eine erhebliche Zeitersparnis: kein Waschen, kein B\u00fcgeln, keine W\u00e4scheverwaltung. Nach Gebrauch wird es einfach entfernt und macht Platz f\u00fcr eine saubere Schlafgelegenheit, die bereit ist, den n\u00e4chsten Benutzer aufzunehmen.  <\/p>\n<p data-start=\"1327\" data-end=\"1545\">Zudem tr\u00e4gt sein <strong>Einwegformat<\/strong> dazu bei, ein <strong>hohes Hygieneniveau<\/strong> aufrechtzuerhalten, was besonders an Orten mit hoher Fluktuation gesch\u00e4tzt wird. Es l\u00e4sst sich leicht in die Reinigungs- und Vorbereitungsverfahren der Zimmer integrieren. <\/p>\n<p data-start=\"1547\" data-end=\"1745\">Zusammenfassend kombiniert dieses <strong>Einweglaken f\u00fcr 1 Person<\/strong> Einfachheit, Hygiene und Praktikabilit\u00e4t. Es ist eine effiziente L\u00f6sung, um Schlafgelegenheiten m\u00fchelos zu verwalten und gleichzeitig eine saubere und beruhigende Umgebung zu bieten. <\/p>\n<p data-start=\"1547\" data-end=\"1745\">\n<p><strong>Oberlaken f\u00fcr 1 Person<\/strong><\/p>\n<p>&nbsp;<\/p>\n<\/div>\n<\/div>\n<\/div>\n<\/div>\n<p><!--more--><\/p>\n<h4>Vorteile :<\/h4>\n<ul>\n<li data-start=\"1773\" data-end=\"1810\"><strong>Einweglaken<\/strong> f\u00fcr ein Einzelbett.<\/li>\n<li data-start=\"1813\" data-end=\"1860\"><strong>PLP-Vliesstoff<\/strong>, geschmeidig und widerstandsf\u00e4hig.<\/li>\n<li data-start=\"1863\" data-end=\"1900\">Gro\u00dfz\u00fcgige Ma\u00dfe <strong>160 x 240 cm<\/strong>.<\/li>\n<li data-start=\"1903\" data-end=\"1926\">Schnelles Einrichten.<\/li>\n<li data-start=\"1929\" data-end=\"1960\">Optimale Hygiene ohne Waschen.<\/li>\n<li data-start=\"1963\" data-end=\"1997\">Ideal f\u00fcr den professionellen Einsatz.<\/li>\n<\/ul>\n<p>&nbsp;<\/p>\n<p><!--more--><\/p>\n<h4>Weitere Informationen :<\/h4>\n<ul>\n<li><strong>Verpackung<\/strong>: Einzeln verkauft<\/li>\n<li><strong>Ma\u00dfe<\/strong>: 160 x 240 cm<\/li>\n<li><strong>Material<\/strong>: Polypropylen (PLP) Vliesstoff<\/li>\n<li><strong>Farbe<\/strong>: Wei\u00df<\/li>\n<li><strong>Dicke<\/strong>: 25 gr\/m\u00b2<\/li>\n<\/ul>\n<p>&nbsp;<\/p>\n<p><!--more--><\/p>\n<p><a href=\"https:\/\/www.csj-emballages.com\/de\/categorie-produit\/hygiene-und-pflege\/einmalige-bettwasche\/\">Sehen Sie sich den Rest unseres Sortiments an Einweg-Bettw\u00e4sche an<\/a><\/p>\n","protected":false},"excerpt":{"rendered":"<p>Einweglaken Beschreibung unseres Einweglakens f\u00fcr 1 Person, PLP-Vliesstoff, wei\u00df, 160 x 240 cm<\/p>\n","protected":false},"featured_media":221106,"template":"","meta":{"_acf_changed":false},"product_brand":[],"product_cat":[1218,1424],"product_tag":[],"class_list":{"0":"post-17360","1":"product","2":"type-product","3":"status-publish","4":"has-post-thumbnail","6":"product_cat-hygiene-und-pflege","7":"product_cat-einmalige-bettwasche","9":"first","10":"instock","11":"taxable","12":"shipping-taxable","13":"purchasable","14":"product-type-simple"},"acf":[],"yoast_head":"<!-- This site is optimized with the Yoast SEO Premium plugin v26.6 (Yoast SEO v26.6) - https:\/\/yoast.com\/wordpress\/plugins\/seo\/ -->\n<title>Einweglaken f\u00fcr 1 Person, PLP-Vliesstoff, Wei\u00df - 160 x 240 cm<\/title>\n<meta name=\"description\" content=\"Einweglaken f\u00fcr 1 Person, 160 x 240 cm, aus wei\u00dfem PLP-Vliesstoff. Hygienisch, praktisch und komfortabel, ideal f\u00fcr Krankenh\u00e4user, Spas, Hotels oder den Heimgebrauch.\" \/>\n<meta name=\"robots\" content=\"index, follow, max-snippet:-1, max-image-preview:large, max-video-preview:-1\" \/>\n<link rel=\"canonical\" href=\"https:\/\/www.csj-emballages.com\/de\/produit\/plp-vlies-oberlaken-fuer-1-person-weiss-160-x-240-cm\/\" \/>\n<meta property=\"og:locale\" content=\"de_DE\" \/>\n<meta property=\"og:type\" content=\"article\" \/>\n<meta property=\"og:title\" content=\"Einweglaken f\u00fcr 1 Person, PLP-Vliesstoff, wei\u00df, 160 x 240 cm\" \/>\n<meta property=\"og:description\" content=\"Einweglaken f\u00fcr 1 Person, 160 x 240 cm, aus wei\u00dfem PLP-Vliesstoff. Hygienisch, praktisch und komfortabel, ideal f\u00fcr Krankenh\u00e4user, Spas, Hotels oder den Heimgebrauch.\" \/>\n<meta property=\"og:url\" content=\"https:\/\/www.csj-emballages.com\/de\/produit\/plp-vlies-oberlaken-fuer-1-person-weiss-160-x-240-cm\/\" \/>\n<meta property=\"og:site_name\" content=\"CSJ Emballages\" \/>\n<meta property=\"article:publisher\" content=\"https:\/\/www.facebook.com\/csjemballages\" \/>\n<meta property=\"article:modified_time\" content=\"2026-03-12T15:01:45+00:00\" \/>\n<meta property=\"og:image\" content=\"https:\/\/www.csj-emballages.com\/wp-content\/uploads\/2024\/03\/369582eb-f483-42de-a272-c9a17351ca61.b270d2129f2ddbe7db24f2d78a86fe70.webp\" \/>\n\t<meta property=\"og:image:width\" content=\"1601\" \/>\n\t<meta property=\"og:image:height\" content=\"1601\" \/>\n\t<meta property=\"og:image:type\" content=\"image\/webp\" \/>\n<meta name=\"twitter:card\" content=\"summary_large_image\" \/>\n<meta name=\"twitter:label1\" content=\"Gesch\u00e4tzte Lesezeit\" \/>\n\t<meta name=\"twitter:data1\" content=\"2 Minuten\" \/>\n<script type=\"application\/ld+json\" class=\"yoast-schema-graph\">{\"@context\":\"https:\/\/schema.org\",\"@graph\":[{\"@type\":\"WebPage\",\"@id\":\"https:\/\/www.csj-emballages.com\/de\/produit\/plp-vlies-oberlaken-fuer-1-person-weiss-160-x-240-cm\/\",\"url\":\"https:\/\/www.csj-emballages.com\/de\/produit\/plp-vlies-oberlaken-fuer-1-person-weiss-160-x-240-cm\/\",\"name\":\"Einweglaken f\u00fcr 1 Person, PLP-Vliesstoff, Wei\u00df - 160 x 240 cm\",\"isPartOf\":{\"@id\":\"https:\/\/www.csj-emballages.com\/de\/#website\"},\"primaryImageOfPage\":{\"@id\":\"https:\/\/www.csj-emballages.com\/de\/produit\/plp-vlies-oberlaken-fuer-1-person-weiss-160-x-240-cm\/#primaryimage\"},\"image\":{\"@id\":\"https:\/\/www.csj-emballages.com\/de\/produit\/plp-vlies-oberlaken-fuer-1-person-weiss-160-x-240-cm\/#primaryimage\"},\"thumbnailUrl\":\"https:\/\/www.csj-emballages.com\/wp-content\/uploads\/2024\/03\/369582eb-f483-42de-a272-c9a17351ca61.b270d2129f2ddbe7db24f2d78a86fe70.webp\",\"datePublished\":\"2024-03-01T16:00:13+00:00\",\"dateModified\":\"2026-03-12T15:01:45+00:00\",\"description\":\"Einweglaken f\u00fcr 1 Person, 160 x 240 cm, aus wei\u00dfem PLP-Vliesstoff. Hygienisch, praktisch und komfortabel, ideal f\u00fcr Krankenh\u00e4user, Spas, Hotels oder den Heimgebrauch.\",\"breadcrumb\":{\"@id\":\"https:\/\/www.csj-emballages.com\/de\/produit\/plp-vlies-oberlaken-fuer-1-person-weiss-160-x-240-cm\/#breadcrumb\"},\"inLanguage\":\"de\",\"potentialAction\":[{\"@type\":\"ReadAction\",\"target\":[\"https:\/\/www.csj-emballages.com\/de\/produit\/plp-vlies-oberlaken-fuer-1-person-weiss-160-x-240-cm\/\"]}]},{\"@type\":\"ImageObject\",\"inLanguage\":\"de\",\"@id\":\"https:\/\/www.csj-emballages.com\/de\/produit\/plp-vlies-oberlaken-fuer-1-person-weiss-160-x-240-cm\/#primaryimage\",\"url\":\"https:\/\/www.csj-emballages.com\/wp-content\/uploads\/2024\/03\/369582eb-f483-42de-a272-c9a17351ca61.b270d2129f2ddbe7db24f2d78a86fe70.webp\",\"contentUrl\":\"https:\/\/www.csj-emballages.com\/wp-content\/uploads\/2024\/03\/369582eb-f483-42de-a272-c9a17351ca61.b270d2129f2ddbe7db24f2d78a86fe70.webp\",\"width\":1601,\"height\":1601,\"caption\":\"Drap jetable\"},{\"@type\":\"BreadcrumbList\",\"@id\":\"https:\/\/www.csj-emballages.com\/de\/produit\/plp-vlies-oberlaken-fuer-1-person-weiss-160-x-240-cm\/#breadcrumb\",\"itemListElement\":[{\"@type\":\"ListItem\",\"position\":1,\"name\":\"Accueil\",\"item\":\"https:\/\/www.csj-emballages.com\/de\/universum-lebensmittelverpackungen\/\"},{\"@type\":\"ListItem\",\"position\":2,\"name\":\"Shop\",\"item\":\"https:\/\/www.csj-emballages.com\/shop\/\"},{\"@type\":\"ListItem\",\"position\":3,\"name\":\"Einweglaken f\u00fcr 1 Person, PLP-Vliesstoff, wei\u00df, 160 x 240 cm\"}]},{\"@type\":\"WebSite\",\"@id\":\"https:\/\/www.csj-emballages.com\/de\/#website\",\"url\":\"https:\/\/www.csj-emballages.com\/de\/\",\"name\":\"CSJ Emballages\",\"description\":\"\",\"publisher\":{\"@id\":\"https:\/\/www.csj-emballages.com\/de\/#organization\"},\"potentialAction\":[{\"@type\":\"SearchAction\",\"target\":{\"@type\":\"EntryPoint\",\"urlTemplate\":\"https:\/\/www.csj-emballages.com\/de\/?s={search_term_string}\"},\"query-input\":{\"@type\":\"PropertyValueSpecification\",\"valueRequired\":true,\"valueName\":\"search_term_string\"}}],\"inLanguage\":\"de\"},{\"@type\":\"Organization\",\"@id\":\"https:\/\/www.csj-emballages.com\/de\/#Organization\/\",\"name\":\"CSJ Emballages\",\"url\":\"https:\/\/www.csj-emballages.com\/de\/\",\"logo\":{\"@type\":\"ImageObject\",\"inLanguage\":\"de\",\"@id\":\"https:\/\/www.csj-emballages.com\/de\/#\/schema\/logo\/image\/\",\"url\":\"https:\/\/www.csj-emballages.com\/wp-content\/uploads\/2023\/10\/logo_csj.webp\",\"contentUrl\":\"https:\/\/www.csj-emballages.com\/wp-content\/uploads\/2023\/10\/logo_csj.webp\",\"width\":250,\"height\":95,\"caption\":\"CSJ Emballages\"},\"image\":{\"@id\":\"https:\/\/www.csj-emballages.com\/de\/#\/schema\/logo\/image\/\"},\"sameAs\":[\"https:\/\/www.facebook.com\/csjemballages\"],\"address\":{\"@type\":\"PostalAddress\",\"streetAddress\":\"ZI La Lechere\",\"addressLocality\":\"Patornay\",\"postalCode\":\"39130\",\"addressCountry\":\"FR\"},\"contactPoint\":[{\"@type\":\"ContactPoint\",\"contactType\":\"Service client\",\"telephone\":\"0384254272\",\"email\":\"contact@csj-emballages.com\"}]}]}<\/script>\n<!-- \/ Yoast SEO Premium plugin. -->","yoast_head_json":{"title":"Einweglaken f\u00fcr 1 Person, PLP-Vliesstoff, Wei\u00df - 160 x 240 cm","description":"Einweglaken f\u00fcr 1 Person, 160 x 240 cm, aus wei\u00dfem PLP-Vliesstoff. Hygienisch, praktisch und komfortabel, ideal f\u00fcr Krankenh\u00e4user, Spas, Hotels oder den Heimgebrauch.","robots":{"index":"index","follow":"follow","max-snippet":"max-snippet:-1","max-image-preview":"max-image-preview:large","max-video-preview":"max-video-preview:-1"},"canonical":"https:\/\/www.csj-emballages.com\/de\/produit\/plp-vlies-oberlaken-fuer-1-person-weiss-160-x-240-cm\/","og_locale":"de_DE","og_type":"article","og_title":"Einweglaken f\u00fcr 1 Person, PLP-Vliesstoff, wei\u00df, 160 x 240 cm","og_description":"Einweglaken f\u00fcr 1 Person, 160 x 240 cm, aus wei\u00dfem PLP-Vliesstoff. Hygienisch, praktisch und komfortabel, ideal f\u00fcr Krankenh\u00e4user, Spas, Hotels oder den Heimgebrauch.","og_url":"https:\/\/www.csj-emballages.com\/de\/produit\/plp-vlies-oberlaken-fuer-1-person-weiss-160-x-240-cm\/","og_site_name":"CSJ Emballages","article_publisher":"https:\/\/www.facebook.com\/csjemballages","article_modified_time":"2026-03-12T15:01:45+00:00","og_image":[{"width":1601,"height":1601,"url":"https:\/\/www.csj-emballages.com\/wp-content\/uploads\/2024\/03\/369582eb-f483-42de-a272-c9a17351ca61.b270d2129f2ddbe7db24f2d78a86fe70.webp","type":"image\/webp"}],"twitter_card":"summary_large_image","twitter_misc":{"Gesch\u00e4tzte Lesezeit":"2 Minuten"},"schema":{"@context":"https:\/\/schema.org","@graph":[{"@type":"WebPage","@id":"https:\/\/www.csj-emballages.com\/de\/produit\/plp-vlies-oberlaken-fuer-1-person-weiss-160-x-240-cm\/","url":"https:\/\/www.csj-emballages.com\/de\/produit\/plp-vlies-oberlaken-fuer-1-person-weiss-160-x-240-cm\/","name":"Einweglaken f\u00fcr 1 Person, PLP-Vliesstoff, Wei\u00df - 160 x 240 cm","isPartOf":{"@id":"https:\/\/www.csj-emballages.com\/de\/#website"},"primaryImageOfPage":{"@id":"https:\/\/www.csj-emballages.com\/de\/produit\/plp-vlies-oberlaken-fuer-1-person-weiss-160-x-240-cm\/#primaryimage"},"image":{"@id":"https:\/\/www.csj-emballages.com\/de\/produit\/plp-vlies-oberlaken-fuer-1-person-weiss-160-x-240-cm\/#primaryimage"},"thumbnailUrl":"https:\/\/www.csj-emballages.com\/wp-content\/uploads\/2024\/03\/369582eb-f483-42de-a272-c9a17351ca61.b270d2129f2ddbe7db24f2d78a86fe70.webp","datePublished":"2024-03-01T16:00:13+00:00","dateModified":"2026-03-12T15:01:45+00:00","description":"Einweglaken f\u00fcr 1 Person, 160 x 240 cm, aus wei\u00dfem PLP-Vliesstoff. Hygienisch, praktisch und komfortabel, ideal f\u00fcr Krankenh\u00e4user, Spas, Hotels oder den Heimgebrauch.","breadcrumb":{"@id":"https:\/\/www.csj-emballages.com\/de\/produit\/plp-vlies-oberlaken-fuer-1-person-weiss-160-x-240-cm\/#breadcrumb"},"inLanguage":"de","potentialAction":[{"@type":"ReadAction","target":["https:\/\/www.csj-emballages.com\/de\/produit\/plp-vlies-oberlaken-fuer-1-person-weiss-160-x-240-cm\/"]}]},{"@type":"ImageObject","inLanguage":"de","@id":"https:\/\/www.csj-emballages.com\/de\/produit\/plp-vlies-oberlaken-fuer-1-person-weiss-160-x-240-cm\/#primaryimage","url":"https:\/\/www.csj-emballages.com\/wp-content\/uploads\/2024\/03\/369582eb-f483-42de-a272-c9a17351ca61.b270d2129f2ddbe7db24f2d78a86fe70.webp","contentUrl":"https:\/\/www.csj-emballages.com\/wp-content\/uploads\/2024\/03\/369582eb-f483-42de-a272-c9a17351ca61.b270d2129f2ddbe7db24f2d78a86fe70.webp","width":1601,"height":1601,"caption":"Drap jetable"},{"@type":"BreadcrumbList","@id":"https:\/\/www.csj-emballages.com\/de\/produit\/plp-vlies-oberlaken-fuer-1-person-weiss-160-x-240-cm\/#breadcrumb","itemListElement":[{"@type":"ListItem","position":1,"name":"Accueil","item":"https:\/\/www.csj-emballages.com\/de\/universum-lebensmittelverpackungen\/"},{"@type":"ListItem","position":2,"name":"Shop","item":"https:\/\/www.csj-emballages.com\/shop\/"},{"@type":"ListItem","position":3,"name":"Einweglaken f\u00fcr 1 Person, PLP-Vliesstoff, wei\u00df, 160 x 240 cm"}]},{"@type":"WebSite","@id":"https:\/\/www.csj-emballages.com\/de\/#website","url":"https:\/\/www.csj-emballages.com\/de\/","name":"CSJ Emballages","description":"","publisher":{"@id":"https:\/\/www.csj-emballages.com\/de\/#organization"},"potentialAction":[{"@type":"SearchAction","target":{"@type":"EntryPoint","urlTemplate":"https:\/\/www.csj-emballages.com\/de\/?s={search_term_string}"},"query-input":{"@type":"PropertyValueSpecification","valueRequired":true,"valueName":"search_term_string"}}],"inLanguage":"de"},{"@type":"Organization","@id":"https:\/\/www.csj-emballages.com\/de\/#Organization\/","name":"CSJ Emballages","url":"https:\/\/www.csj-emballages.com\/de\/","logo":{"@type":"ImageObject","inLanguage":"de","@id":"https:\/\/www.csj-emballages.com\/de\/#\/schema\/logo\/image\/","url":"https:\/\/www.csj-emballages.com\/wp-content\/uploads\/2023\/10\/logo_csj.webp","contentUrl":"https:\/\/www.csj-emballages.com\/wp-content\/uploads\/2023\/10\/logo_csj.webp","width":250,"height":95,"caption":"CSJ Emballages"},"image":{"@id":"https:\/\/www.csj-emballages.com\/de\/#\/schema\/logo\/image\/"},"sameAs":["https:\/\/www.facebook.com\/csjemballages"],"address":{"@type":"PostalAddress","streetAddress":"ZI La Lechere","addressLocality":"Patornay","postalCode":"39130","addressCountry":"FR"},"contactPoint":[{"@type":"ContactPoint","contactType":"Service client","telephone":"0384254272","email":"contact@csj-emballages.com"}]}]}},"df_price":0.67,"df_sale_price":"","df_regular_price":0.67,"df_image_link":"https:\/\/www.csj-emballages.com\/wp-content\/uploads\/2024\/03\/369582eb-f483-42de-a272-c9a17351ca61.b270d2129f2ddbe7db24f2d78a86fe70-300x300.webp","tiered_pricing_type":"fixed","tiered_pricing_fixed_rules":[],"tiered_pricing_percentage_rules":[],"tiered_pricing_minimum":1,"tiered_pricing_roles_data":[],"_links":{"self":[{"href":"https:\/\/www.csj-emballages.com\/de\/wp-json\/wp\/v2\/product\/17360","targetHints":{"allow":["GET"]}}],"collection":[{"href":"https:\/\/www.csj-emballages.com\/de\/wp-json\/wp\/v2\/product"}],"about":[{"href":"https:\/\/www.csj-emballages.com\/de\/wp-json\/wp\/v2\/types\/product"}],"wp:featuredmedia":[{"embeddable":true,"href":"https:\/\/www.csj-emballages.com\/de\/wp-json\/wp\/v2\/media\/221106"}],"wp:attachment":[{"href":"https:\/\/www.csj-emballages.com\/de\/wp-json\/wp\/v2\/media?parent=17360"}],"wp:term":[{"taxonomy":"product_brand","embeddable":true,"href":"https:\/\/www.csj-emballages.com\/de\/wp-json\/wp\/v2\/product_brand?post=17360"},{"taxonomy":"product_cat","embeddable":true,"href":"https:\/\/www.csj-emballages.com\/de\/wp-json\/wp\/v2\/product_cat?post=17360"},{"taxonomy":"product_tag","embeddable":true,"href":"https:\/\/www.csj-emballages.com\/de\/wp-json\/wp\/v2\/product_tag?post=17360"}],"curies":[{"name":"wp","href":"https:\/\/api.w.org\/{rel}","templated":true}]}}