{"id":17345,"date":"2024-03-01T17:00:14","date_gmt":"2024-03-01T16:00:14","guid":{"rendered":"https:\/\/u15jnbdpoq.preview.infomaniak.website\/produit\/3-flaschen-1-spray-zur-hydroalkoholischen-desinfektion-von-lebensmitteln-ohne-nachspuelen-75\/"},"modified":"2026-04-03T02:10:27","modified_gmt":"2026-04-03T00:10:27","slug":"3-flaschen-1-spray-zur-hydroalkoholischen-desinfektion-von-lebensmitteln-ohne-nachspuelen-75","status":"publish","type":"product","link":"https:\/\/www.csj-emballages.com\/de\/produit\/3-flaschen-1-spray-zur-hydroalkoholischen-desinfektion-von-lebensmitteln-ohne-nachspuelen-75\/","title":{"rendered":"Hydroalkoholisches Desinfektionsspray zur Lebensmitteldesinfektion ohne Nachsp\u00fclen 750ml"},"content":{"rendered":"<h2>Desinfektionsmittel f\u00fcr Lebensmittel<\/h2>\n<hr>\n<h3>Beschreibung von unserem hydroalkoholischen Lebensmitteldesinfektionsmittel ohne Sp\u00fclung 750ml<\/h3>\n<p><!--more--><\/p>\n<p class=\"\" data-start=\"281\" data-end=\"618\">Dieses <strong>hydroalkoholische Desinfektionsmittel<\/strong> <strong>ohne Nachsp\u00fclen<\/strong> ist ein Muss f\u00fcr alle, die in der Lebensmittelindustrie, im Gastgewerbe, in der Gastronomie oder im Einzelhandel t\u00e4tig sind. Dank seiner Formel sorgt es f\u00fcr eine schnelle und r\u00fcckstandsfreie Desinfektion von Fl\u00e4chen, die mit Lebensmitteln in Ber\u00fchrung kommen. <\/p>\n<p class=\"\" data-start=\"620\" data-end=\"947\">Au\u00dferdem entspricht es den Normen UNE-EN 13697 (bakterizid und fungizid) und UNE-EN 14476 (viruzid) und garantiert eine umfassende Wirkung gegen Bakterien, Pilze und Viren, einschlie\u00dflich beh\u00fcllter Viren wie Coronaviren. Seine gro\u00dfe Gr\u00f6\u00dfe von <strong>750 ml<\/strong> eignet sich besonders f\u00fcr den regelm\u00e4\u00dfigen Gebrauch in professionellen Umgebungen. <\/p>\n<p class=\"\" data-start=\"949\" data-end=\"1347\">Denn dieses Produkt ist gebrauchsfertig: Es wird mit einer Spr\u00fchflasche, einem Waschlappen oder einem sauberen Tuch direkt auf die Oberfl\u00e4chen aufgetragen. Es ist kein Nachsp\u00fclen erforderlich, was eine erhebliche Zeitersparnis bedeutet, ohne Kompromisse bei der Wirksamkeit einzugehen. Es kann auf Arbeitsfl\u00e4chen, Ger\u00e4ten, Werkzeugen oder anderen Materialien verwendet werden, die direkt oder indirekt mit Lebensmitteln in Ber\u00fchrung kommen.  <\/p>\n<p class=\"\" data-start=\"1349\" data-end=\"1553\">Zusammenfassend l\u00e4sst sich sagen, dass dieses <strong>hydroalkoholische Lebensmitteldesinfektionsmittel<\/strong> zuverl\u00e4ssig, wirtschaftlich und einfach zu handhaben ist. Es ist eine sichere Wahl f\u00fcr alle, die gleichzeitig Leistung, Einhaltung von Gesundheitsstandards und praktische Handhabung im Alltag w\u00fcnschen.<\/p>\n<p>&nbsp;<\/p>\n<p><!--more--><\/p>\n<h4>Seine Vorteile :<\/h4>\n<ul>\n<li>Ohne Absp\u00fclen: schnelle und bequeme Anwendung.<\/li>\n<li>Erf\u00fcllt die Normen f\u00fcr Bakterizide, Fungizide und Viruzide.<\/li>\n<li>Kann auf allen Arten von Lebensmitteloberfl\u00e4chen verwendet werden.<\/li>\n<li>Gro\u00dfes, preiswertes 5L-Format, ideal f\u00fcr den h\u00e4ufigen Gebrauch.<\/li>\n<li>Kompatibel mit der Lebensmittelindustrie und Gro\u00dfk\u00fcchen.<\/li>\n<\/ul>\n<p>&nbsp;<\/p>\n<p><!--more--><\/p>\n<h4>Gebrauchsanweisung :<\/h4>\n<p>Zugelassen f\u00fcr die Desinfektion der Umwelt und der Lebensmittelindustrie durch professionelles Personal. Lesen Sie n\u00e4mlich vor der Verwendung des Produkts das Etikett sorgf\u00e4ltig durch, um Gefahren f\u00fcr Mensch und Umwelt zu vermeiden. Um in der Lebensmittelindustrie zu desinfizieren, f\u00fchren Sie die Behandlung durch, wenn keine Lebensmittel vorhanden sind. Stellen Sie sicher, dass Lebensmittel, Maschinen und Utensilien, die in den mit DESCOL behandelten Bereichen gehandhabt werden, keine R\u00fcckst\u00e4nde des Produkts enthalten. Um dies zu gew\u00e4hrleisten, sp\u00fclen Sie die behandelten Fl\u00e4chen vor der Verwendung gr\u00fcndlich mit Wasser ab. Verwenden Sie DESCOL nicht in Kombination mit anderen Chemikalien. Es ist mit Oxidationsmitteln unvertr\u00e4glich. Verwenden Sie DESCOL je nach Bedarf pur oder bis zu 80 % mit Wasser verd\u00fcnnt. Zur Desinfektion von Oberfl\u00e4chen, Anlagen oder Ger\u00e4ten wenden Sie es durch Spr\u00fchen oder Tauchen an und lassen Sie es mindestens 15 Minuten lang einwirken, um eine optimale Wirkung zu erzielen.       <\/p>\n<p>.<\/p>\n<p>&nbsp;<\/p>\n<p><!--more--><\/p>\n<h4>Weitere Informationen :<\/h4>\n<ul>\n<li><strong>Verpackung<\/strong>: Einzeln<\/li>\n<li><strong>Farbe<\/strong>: Farblos<\/li>\n<li><strong>Volumen<\/strong>: 750ml<\/li>\n<li><strong>Verwendung<\/strong>: Desinfektionsmittel<\/li>\n<li><strong>pH-Wert <\/strong>: 8.5<\/li>\n<li><strong>T. Entz\u00fcndung<\/strong>: &lt;23 \u00baC<\/li>\n<\/ul>\n<p>&nbsp;<\/p>\n<p><!--more--><\/p>\n<p>Hier finden Sie unser alkoholisches, hydroalkoholisches Lebensmitteldesinfektionsmittel ohne Sp\u00fclung 5 Liter : <span style=\"color: #d12727;\"><a style=\"color: #d12727;\" href=\"https:\/\/www.csj-emballages.com\/pt-pt\/produit\/desinfetante-alimentar-hidroalcoolico-sem-enxaguamento-5-litros\/\">04705<\/a><\/span><\/p>\n<p>&nbsp;<\/p>\n<p><!--more--><\/p>\n<p><a href=\"https:\/\/www.csj-emballages.com\/de\/categorie-produit\/hygiene-und-pflege\/pflegeprodukte\/kuche\/\">Sehen Sie sich den Rest unseres Sortiments an K\u00fcchenreinigungsprodukten an.<\/a><\/p>\n","protected":false},"excerpt":{"rendered":"<p>Desinfektionsmittel f\u00fcr Lebensmittel Beschreibung von unserem hydroalkoholischen Lebensmitteldesinfektionsmittel ohne Sp\u00fclung 750ml<\/p>\n","protected":false},"featured_media":7995,"template":"","meta":{"_acf_changed":false},"product_brand":[],"product_cat":[1218,1219,1330],"product_tag":[],"class_list":{"0":"post-17345","1":"product","2":"type-product","3":"status-publish","4":"has-post-thumbnail","6":"product_cat-hygiene-und-pflege","7":"product_cat-pflegeprodukte","8":"product_cat-kuche","10":"first","11":"instock","12":"taxable","13":"shipping-taxable","14":"purchasable","15":"product-type-simple"},"acf":[],"yoast_head":"<!-- This site is optimized with the Yoast SEO Premium plugin v26.6 (Yoast SEO v26.6) - https:\/\/yoast.com\/wordpress\/plugins\/seo\/ -->\n<title>Hydroalkoholisches Desinfektionsmittel f\u00fcr Lebensmittel ohne Nachsp\u00fclen 750ml<\/title>\n<meta name=\"description\" content=\"Hydroalkoholisches Lebensmitteldesinfektionsmittel ohne Nachsp\u00fclen - 750ml. Entspricht den Gesundheitsnormen, ideal f\u00fcr die Lebensmittelindustrie.\" \/>\n<meta name=\"robots\" content=\"index, follow, max-snippet:-1, max-image-preview:large, max-video-preview:-1\" \/>\n<link rel=\"canonical\" href=\"https:\/\/www.csj-emballages.com\/de\/produit\/3-flaschen-1-spray-zur-hydroalkoholischen-desinfektion-von-lebensmitteln-ohne-nachspuelen-75\/\" \/>\n<meta property=\"og:locale\" content=\"de_DE\" \/>\n<meta property=\"og:type\" content=\"article\" \/>\n<meta property=\"og:title\" content=\"Hydroalkoholisches Desinfektionsspray zur Lebensmitteldesinfektion ohne Nachsp\u00fclen 750ml\" \/>\n<meta property=\"og:description\" content=\"Hydroalkoholisches Lebensmitteldesinfektionsmittel ohne Nachsp\u00fclen - 750ml. Entspricht den Gesundheitsnormen, ideal f\u00fcr die Lebensmittelindustrie.\" \/>\n<meta property=\"og:url\" content=\"https:\/\/www.csj-emballages.com\/de\/produit\/3-flaschen-1-spray-zur-hydroalkoholischen-desinfektion-von-lebensmitteln-ohne-nachspuelen-75\/\" \/>\n<meta property=\"og:site_name\" content=\"CSJ Emballages\" \/>\n<meta property=\"article:publisher\" content=\"https:\/\/www.facebook.com\/csjemballages\" \/>\n<meta property=\"article:modified_time\" content=\"2026-04-03T00:10:27+00:00\" \/>\n<meta property=\"og:image\" content=\"https:\/\/www.csj-emballages.com\/wp-content\/uploads\/2024\/03\/pistolet-desinfectant-covid-virucide-zoom-jpg.webp\" \/>\n\t<meta property=\"og:image:width\" content=\"800\" \/>\n\t<meta property=\"og:image:height\" content=\"800\" \/>\n\t<meta property=\"og:image:type\" content=\"image\/jpeg\" \/>\n<meta name=\"twitter:card\" content=\"summary_large_image\" \/>\n<meta name=\"twitter:label1\" content=\"Gesch\u00e4tzte Lesezeit\" \/>\n\t<meta name=\"twitter:data1\" content=\"2 Minuten\" \/>\n<script type=\"application\/ld+json\" class=\"yoast-schema-graph\">{\"@context\":\"https:\/\/schema.org\",\"@graph\":[{\"@type\":\"WebPage\",\"@id\":\"https:\/\/www.csj-emballages.com\/de\/produit\/3-flaschen-1-spray-zur-hydroalkoholischen-desinfektion-von-lebensmitteln-ohne-nachspuelen-75\/\",\"url\":\"https:\/\/www.csj-emballages.com\/de\/produit\/3-flaschen-1-spray-zur-hydroalkoholischen-desinfektion-von-lebensmitteln-ohne-nachspuelen-75\/\",\"name\":\"Hydroalkoholisches Desinfektionsmittel f\u00fcr Lebensmittel ohne Nachsp\u00fclen 750ml\",\"isPartOf\":{\"@id\":\"https:\/\/www.csj-emballages.com\/de\/#website\"},\"primaryImageOfPage\":{\"@id\":\"https:\/\/www.csj-emballages.com\/de\/produit\/3-flaschen-1-spray-zur-hydroalkoholischen-desinfektion-von-lebensmitteln-ohne-nachspuelen-75\/#primaryimage\"},\"image\":{\"@id\":\"https:\/\/www.csj-emballages.com\/de\/produit\/3-flaschen-1-spray-zur-hydroalkoholischen-desinfektion-von-lebensmitteln-ohne-nachspuelen-75\/#primaryimage\"},\"thumbnailUrl\":\"https:\/\/www.csj-emballages.com\/wp-content\/uploads\/2024\/03\/pistolet-desinfectant-covid-virucide-zoom-jpg.webp\",\"datePublished\":\"2024-03-01T16:00:14+00:00\",\"dateModified\":\"2026-04-03T00:10:27+00:00\",\"description\":\"Hydroalkoholisches Lebensmitteldesinfektionsmittel ohne Nachsp\u00fclen - 750ml. Entspricht den Gesundheitsnormen, ideal f\u00fcr die Lebensmittelindustrie.\",\"breadcrumb\":{\"@id\":\"https:\/\/www.csj-emballages.com\/de\/produit\/3-flaschen-1-spray-zur-hydroalkoholischen-desinfektion-von-lebensmitteln-ohne-nachspuelen-75\/#breadcrumb\"},\"inLanguage\":\"de\",\"potentialAction\":[{\"@type\":\"ReadAction\",\"target\":[\"https:\/\/www.csj-emballages.com\/de\/produit\/3-flaschen-1-spray-zur-hydroalkoholischen-desinfektion-von-lebensmitteln-ohne-nachspuelen-75\/\"]}]},{\"@type\":\"ImageObject\",\"inLanguage\":\"de\",\"@id\":\"https:\/\/www.csj-emballages.com\/de\/produit\/3-flaschen-1-spray-zur-hydroalkoholischen-desinfektion-von-lebensmitteln-ohne-nachspuelen-75\/#primaryimage\",\"url\":\"https:\/\/www.csj-emballages.com\/wp-content\/uploads\/2024\/03\/pistolet-desinfectant-covid-virucide-zoom-jpg.webp\",\"contentUrl\":\"https:\/\/www.csj-emballages.com\/wp-content\/uploads\/2024\/03\/pistolet-desinfectant-covid-virucide-zoom-jpg.webp\",\"width\":800,\"height\":800},{\"@type\":\"BreadcrumbList\",\"@id\":\"https:\/\/www.csj-emballages.com\/de\/produit\/3-flaschen-1-spray-zur-hydroalkoholischen-desinfektion-von-lebensmitteln-ohne-nachspuelen-75\/#breadcrumb\",\"itemListElement\":[{\"@type\":\"ListItem\",\"position\":1,\"name\":\"Accueil\",\"item\":\"https:\/\/www.csj-emballages.com\/de\/universum-lebensmittelverpackungen\/\"},{\"@type\":\"ListItem\",\"position\":2,\"name\":\"Shop\",\"item\":\"https:\/\/www.csj-emballages.com\/shop\/\"},{\"@type\":\"ListItem\",\"position\":3,\"name\":\"Hydroalkoholisches Desinfektionsspray zur Lebensmitteldesinfektion ohne Nachsp\u00fclen 750ml\"}]},{\"@type\":\"WebSite\",\"@id\":\"https:\/\/www.csj-emballages.com\/de\/#website\",\"url\":\"https:\/\/www.csj-emballages.com\/de\/\",\"name\":\"CSJ Emballages\",\"description\":\"\",\"publisher\":{\"@id\":\"https:\/\/www.csj-emballages.com\/de\/#organization\"},\"potentialAction\":[{\"@type\":\"SearchAction\",\"target\":{\"@type\":\"EntryPoint\",\"urlTemplate\":\"https:\/\/www.csj-emballages.com\/de\/?s={search_term_string}\"},\"query-input\":{\"@type\":\"PropertyValueSpecification\",\"valueRequired\":true,\"valueName\":\"search_term_string\"}}],\"inLanguage\":\"de\"},{\"@type\":\"Organization\",\"@id\":\"https:\/\/www.csj-emballages.com\/de\/#Organization\/\",\"name\":\"CSJ Emballages\",\"url\":\"https:\/\/www.csj-emballages.com\/de\/\",\"logo\":{\"@type\":\"ImageObject\",\"inLanguage\":\"de\",\"@id\":\"https:\/\/www.csj-emballages.com\/de\/#\/schema\/logo\/image\/\",\"url\":\"https:\/\/www.csj-emballages.com\/wp-content\/uploads\/2023\/10\/logo_csj.webp\",\"contentUrl\":\"https:\/\/www.csj-emballages.com\/wp-content\/uploads\/2023\/10\/logo_csj.webp\",\"width\":250,\"height\":95,\"caption\":\"CSJ Emballages\"},\"image\":{\"@id\":\"https:\/\/www.csj-emballages.com\/de\/#\/schema\/logo\/image\/\"},\"sameAs\":[\"https:\/\/www.facebook.com\/csjemballages\"],\"address\":{\"@type\":\"PostalAddress\",\"streetAddress\":\"ZI La Lechere\",\"addressLocality\":\"Patornay\",\"postalCode\":\"39130\",\"addressCountry\":\"FR\"},\"contactPoint\":[{\"@type\":\"ContactPoint\",\"contactType\":\"Service client\",\"telephone\":\"0384254272\",\"email\":\"contact@csj-emballages.com\"}]}]}<\/script>\n<!-- \/ Yoast SEO Premium plugin. -->","yoast_head_json":{"title":"Hydroalkoholisches Desinfektionsmittel f\u00fcr Lebensmittel ohne Nachsp\u00fclen 750ml","description":"Hydroalkoholisches Lebensmitteldesinfektionsmittel ohne Nachsp\u00fclen - 750ml. Entspricht den Gesundheitsnormen, ideal f\u00fcr die Lebensmittelindustrie.","robots":{"index":"index","follow":"follow","max-snippet":"max-snippet:-1","max-image-preview":"max-image-preview:large","max-video-preview":"max-video-preview:-1"},"canonical":"https:\/\/www.csj-emballages.com\/de\/produit\/3-flaschen-1-spray-zur-hydroalkoholischen-desinfektion-von-lebensmitteln-ohne-nachspuelen-75\/","og_locale":"de_DE","og_type":"article","og_title":"Hydroalkoholisches Desinfektionsspray zur Lebensmitteldesinfektion ohne Nachsp\u00fclen 750ml","og_description":"Hydroalkoholisches Lebensmitteldesinfektionsmittel ohne Nachsp\u00fclen - 750ml. Entspricht den Gesundheitsnormen, ideal f\u00fcr die Lebensmittelindustrie.","og_url":"https:\/\/www.csj-emballages.com\/de\/produit\/3-flaschen-1-spray-zur-hydroalkoholischen-desinfektion-von-lebensmitteln-ohne-nachspuelen-75\/","og_site_name":"CSJ Emballages","article_publisher":"https:\/\/www.facebook.com\/csjemballages","article_modified_time":"2026-04-03T00:10:27+00:00","og_image":[{"width":800,"height":800,"url":"https:\/\/www.csj-emballages.com\/wp-content\/uploads\/2024\/03\/pistolet-desinfectant-covid-virucide-zoom-jpg.webp","type":"image\/jpeg"}],"twitter_card":"summary_large_image","twitter_misc":{"Gesch\u00e4tzte Lesezeit":"2 Minuten"},"schema":{"@context":"https:\/\/schema.org","@graph":[{"@type":"WebPage","@id":"https:\/\/www.csj-emballages.com\/de\/produit\/3-flaschen-1-spray-zur-hydroalkoholischen-desinfektion-von-lebensmitteln-ohne-nachspuelen-75\/","url":"https:\/\/www.csj-emballages.com\/de\/produit\/3-flaschen-1-spray-zur-hydroalkoholischen-desinfektion-von-lebensmitteln-ohne-nachspuelen-75\/","name":"Hydroalkoholisches Desinfektionsmittel f\u00fcr Lebensmittel ohne Nachsp\u00fclen 750ml","isPartOf":{"@id":"https:\/\/www.csj-emballages.com\/de\/#website"},"primaryImageOfPage":{"@id":"https:\/\/www.csj-emballages.com\/de\/produit\/3-flaschen-1-spray-zur-hydroalkoholischen-desinfektion-von-lebensmitteln-ohne-nachspuelen-75\/#primaryimage"},"image":{"@id":"https:\/\/www.csj-emballages.com\/de\/produit\/3-flaschen-1-spray-zur-hydroalkoholischen-desinfektion-von-lebensmitteln-ohne-nachspuelen-75\/#primaryimage"},"thumbnailUrl":"https:\/\/www.csj-emballages.com\/wp-content\/uploads\/2024\/03\/pistolet-desinfectant-covid-virucide-zoom-jpg.webp","datePublished":"2024-03-01T16:00:14+00:00","dateModified":"2026-04-03T00:10:27+00:00","description":"Hydroalkoholisches Lebensmitteldesinfektionsmittel ohne Nachsp\u00fclen - 750ml. Entspricht den Gesundheitsnormen, ideal f\u00fcr die Lebensmittelindustrie.","breadcrumb":{"@id":"https:\/\/www.csj-emballages.com\/de\/produit\/3-flaschen-1-spray-zur-hydroalkoholischen-desinfektion-von-lebensmitteln-ohne-nachspuelen-75\/#breadcrumb"},"inLanguage":"de","potentialAction":[{"@type":"ReadAction","target":["https:\/\/www.csj-emballages.com\/de\/produit\/3-flaschen-1-spray-zur-hydroalkoholischen-desinfektion-von-lebensmitteln-ohne-nachspuelen-75\/"]}]},{"@type":"ImageObject","inLanguage":"de","@id":"https:\/\/www.csj-emballages.com\/de\/produit\/3-flaschen-1-spray-zur-hydroalkoholischen-desinfektion-von-lebensmitteln-ohne-nachspuelen-75\/#primaryimage","url":"https:\/\/www.csj-emballages.com\/wp-content\/uploads\/2024\/03\/pistolet-desinfectant-covid-virucide-zoom-jpg.webp","contentUrl":"https:\/\/www.csj-emballages.com\/wp-content\/uploads\/2024\/03\/pistolet-desinfectant-covid-virucide-zoom-jpg.webp","width":800,"height":800},{"@type":"BreadcrumbList","@id":"https:\/\/www.csj-emballages.com\/de\/produit\/3-flaschen-1-spray-zur-hydroalkoholischen-desinfektion-von-lebensmitteln-ohne-nachspuelen-75\/#breadcrumb","itemListElement":[{"@type":"ListItem","position":1,"name":"Accueil","item":"https:\/\/www.csj-emballages.com\/de\/universum-lebensmittelverpackungen\/"},{"@type":"ListItem","position":2,"name":"Shop","item":"https:\/\/www.csj-emballages.com\/shop\/"},{"@type":"ListItem","position":3,"name":"Hydroalkoholisches Desinfektionsspray zur Lebensmitteldesinfektion ohne Nachsp\u00fclen 750ml"}]},{"@type":"WebSite","@id":"https:\/\/www.csj-emballages.com\/de\/#website","url":"https:\/\/www.csj-emballages.com\/de\/","name":"CSJ Emballages","description":"","publisher":{"@id":"https:\/\/www.csj-emballages.com\/de\/#organization"},"potentialAction":[{"@type":"SearchAction","target":{"@type":"EntryPoint","urlTemplate":"https:\/\/www.csj-emballages.com\/de\/?s={search_term_string}"},"query-input":{"@type":"PropertyValueSpecification","valueRequired":true,"valueName":"search_term_string"}}],"inLanguage":"de"},{"@type":"Organization","@id":"https:\/\/www.csj-emballages.com\/de\/#Organization\/","name":"CSJ Emballages","url":"https:\/\/www.csj-emballages.com\/de\/","logo":{"@type":"ImageObject","inLanguage":"de","@id":"https:\/\/www.csj-emballages.com\/de\/#\/schema\/logo\/image\/","url":"https:\/\/www.csj-emballages.com\/wp-content\/uploads\/2023\/10\/logo_csj.webp","contentUrl":"https:\/\/www.csj-emballages.com\/wp-content\/uploads\/2023\/10\/logo_csj.webp","width":250,"height":95,"caption":"CSJ Emballages"},"image":{"@id":"https:\/\/www.csj-emballages.com\/de\/#\/schema\/logo\/image\/"},"sameAs":["https:\/\/www.facebook.com\/csjemballages"],"address":{"@type":"PostalAddress","streetAddress":"ZI La Lechere","addressLocality":"Patornay","postalCode":"39130","addressCountry":"FR"},"contactPoint":[{"@type":"ContactPoint","contactType":"Service client","telephone":"0384254272","email":"contact@csj-emballages.com"}]}]}},"df_price":4.98,"df_sale_price":"","df_regular_price":4.98,"df_image_link":"https:\/\/www.csj-emballages.com\/wp-content\/uploads\/2024\/03\/pistolet-desinfectant-covid-virucide-zoom-300x300.webp","tiered_pricing_type":"fixed","tiered_pricing_fixed_rules":[],"tiered_pricing_percentage_rules":[],"tiered_pricing_minimum":1,"tiered_pricing_roles_data":[],"_links":{"self":[{"href":"https:\/\/www.csj-emballages.com\/de\/wp-json\/wp\/v2\/product\/17345","targetHints":{"allow":["GET"]}}],"collection":[{"href":"https:\/\/www.csj-emballages.com\/de\/wp-json\/wp\/v2\/product"}],"about":[{"href":"https:\/\/www.csj-emballages.com\/de\/wp-json\/wp\/v2\/types\/product"}],"wp:featuredmedia":[{"embeddable":true,"href":"https:\/\/www.csj-emballages.com\/de\/wp-json\/wp\/v2\/media\/7995"}],"wp:attachment":[{"href":"https:\/\/www.csj-emballages.com\/de\/wp-json\/wp\/v2\/media?parent=17345"}],"wp:term":[{"taxonomy":"product_brand","embeddable":true,"href":"https:\/\/www.csj-emballages.com\/de\/wp-json\/wp\/v2\/product_brand?post=17345"},{"taxonomy":"product_cat","embeddable":true,"href":"https:\/\/www.csj-emballages.com\/de\/wp-json\/wp\/v2\/product_cat?post=17345"},{"taxonomy":"product_tag","embeddable":true,"href":"https:\/\/www.csj-emballages.com\/de\/wp-json\/wp\/v2\/product_tag?post=17345"}],"curies":[{"name":"wp","href":"https:\/\/api.w.org\/{rel}","templated":true}]}}