{"id":17333,"date":"2024-03-01T17:00:15","date_gmt":"2024-03-01T16:00:15","guid":{"rendered":"https:\/\/u15jnbdpoq.preview.infomaniak.website\/produit\/geschirrspuelmaschine-20-liter-hartes-wasser\/"},"modified":"2026-04-29T02:10:34","modified_gmt":"2026-04-29T00:10:34","slug":"geschirrspuelmaschine-20-liter-hartes-wasser","status":"publish","type":"product","link":"https:\/\/www.csj-emballages.com\/de\/produit\/geschirrspuelmaschine-20-liter-hartes-wasser\/","title":{"rendered":"Geschirrsp\u00fclmittel f\u00fcr Hartwassermaschinen 20 Liter"},"content":{"rendered":"<h2 class=\"p1\">Geschirrsp\u00fclmittel<\/h2>\n<hr>\n<h3>Beschreibung unseres Geschirrsp\u00fclmittels f\u00fcr Hartwassermaschinen 20 Liter<\/h3>\n<p><!--more--><\/p>\n<p class=\"\" data-start=\"260\" data-end=\"588\">Dieses <strong>maschinelle<\/strong> <strong>Geschirrsp\u00fclmittel<\/strong> <strong>im 20-Liter-Kanister<\/strong> wurde speziell f\u00fcr anspruchsvolle professionelle Umgebungen entwickelt: Restaurants, \u00f6ffentliche Einrichtungen, Kantinen oder Gro\u00dfk\u00fcchen. Denn es ist eine leistungsstarke L\u00f6sung, die so konzipiert ist, dass Sie selbst in Bereichen mit besonders hartem Wasser effizienter arbeiten k\u00f6nnen. <\/p>\n<p class=\"\" data-start=\"590\" data-end=\"1033\">Dank seiner <strong data-start=\"601\" data-end=\"636\">konzentrierten alkalischen Formulierung<\/strong> gew\u00e4hrleistet dieses Produkt ein <strong data-start=\"659\" data-end=\"692\">leistungsstarkes automatisches Waschen<\/strong> und schont gleichzeitig Ihre Ger\u00e4te. Es enth\u00e4lt einen hohen Anteil an <strong data-start=\"766\" data-end=\"782\">Komplexbildnern<\/strong>, <strong data-start=\"784\" data-end=\"799\">Dispergiermitteln<\/strong> und <strong data-start=\"803\" data-end=\"831\">Anti-Wiederablagerungswirkstoffen<\/strong>, die die Kalkbildung verhindern, die Entfernung von Fetten erleichtern und verhindern, dass sich R\u00fcckst\u00e4nde erneut auf dem Geschirr ablagern. Das Ergebnis ist sauberes, gl\u00e4nzendes und streifenfreies Geschirr.  <\/p>\n<p class=\"\" data-start=\"1035\" data-end=\"1424\">Durch das kontrollierte Aufsch\u00e4umen dieses <strong>Waschmittels<\/strong> ist es perfekt f\u00fcr Maschinen geeignet, ohne dass es \u00fcberl\u00e4uft oder an Leistung verliert. Ebenso wird es f\u00fcr den Einsatz in Wasser mit mittlerer bis hoher H\u00e4rte empfohlen, wo andere Produkte ihre Grenzen zeigen k\u00f6nnen. Dar\u00fcber hinaus erm\u00f6glicht die <strong>20-Liter-Gr\u00f6\u00dfe<\/strong> eine langfristige Verwendung, wodurch die Handhabung und das Auftreten von Fehlbest\u00e4nden reduziert werden.  <\/p>\n<p class=\"\" data-start=\"1426\" data-end=\"1578\">Zusammenfassend l\u00e4sst sich sagen, dass dies die Wahl der Zuverl\u00e4ssigkeit und Effizienz f\u00fcr alle Berufst\u00e4tigen ist, die bei der Hygiene ihres <strong>Geschirrs<\/strong> keine Kompromisse eingehen wollen.<\/p>\n<p data-start=\"1426\" data-end=\"1578\">\n<p data-start=\"1426\" data-end=\"1578\"><!--more--><\/p>\n<h4>Bestandteile :<\/h4>\n<ul>\n<li>Sequester<\/li>\n<li>Alkali<\/li>\n<li>Mittel gegen Wiederablagerung<\/li>\n<li>Dispersionsmittel<\/li>\n<li>Farbstoff<\/li>\n<\/ul>\n<p data-start=\"1426\" data-end=\"1578\">\n<p class=\"\" data-start=\"1302\" data-end=\"1517\"><!--more--><\/p>\n<p><strong>Ihre Vorteile :<\/strong><\/p>\n<ul>\n<li>Ideal f\u00fcr Gebiete mit hartem Wasser (mittlere bis hohe H\u00e4rte).<\/li>\n<li>Ausgezeichnete entfettende und Anti-Wiederablagerungswirkung.<\/li>\n<li>Kontrollierter Schaum, perfekt f\u00fcr den Maschinengebrauch.<\/li>\n<li>Gro\u00dfes Format 20L f\u00fcr anspruchsvolle Profis.<\/li>\n<\/ul>\n<p>&nbsp;<\/p>\n<p><!--more--><\/p>\n<p><strong>Weitere Informationen :  <\/strong><\/p>\n<ul>\n<li><strong>Verpackung<\/strong>: Einzeln<\/li>\n<li><strong>Volumen <\/strong>: 20 Liter<\/li>\n<li><strong>Verwendung<\/strong>: Geschirrsp\u00fclmittel<\/li>\n<li><strong>pH-Wert<\/strong>: 1 %.<\/li>\n<li><strong>Dichte bei 20\u00ba C<\/strong>: 1.25 gr\/cc<\/li>\n<li><strong>Sequestrierverm\u00f6gen<\/strong>: 7,5\u00baHF\/g<\/li>\n<\/ul>\n<p>&nbsp;<\/p>\n<p><!--more--><\/p>\n<p class=\"woocommerce-loop-product__title\">Finden Sie auch unseren Entkalker f\u00fcr automatische Geschirrsp\u00fclmaschinen 5 Liter : <span style=\"color: #d12727;\"><a style=\"color: #d12727;\" href=\"https:\/\/www.csj-emballages.com\/pt-pt\/produit\/descalcificador-para-maquinas-de-lavar-louca-automaticas\/\">62355<\/a><\/span><\/p>\n<p>&nbsp;<\/p>\n<p><!--more--><\/p>\n<p><a href=\"https:\/\/www.csj-emballages.com\/de\/categorie-produit\/hygiene-und-pflege\/pflegeprodukte\/geschirrpflege\/geschirrspuler\/\">Sehen Sie sich den Rest unseres Sortiments an Pflegeprodukten f\u00fcr Geschirrsp\u00fcler an.<\/a><\/p>\n","protected":false},"excerpt":{"rendered":"<p>Geschirrsp\u00fclmittel Beschreibung unseres Geschirrsp\u00fclmittels f\u00fcr Hartwassermaschinen 20 Liter<\/p>\n","protected":false},"featured_media":222400,"template":"","meta":{"_acf_changed":false},"product_brand":[],"product_cat":[1218,1219,1220,1376],"product_tag":[],"class_list":{"0":"post-17333","1":"product","2":"type-product","3":"status-publish","4":"has-post-thumbnail","6":"product_cat-hygiene-und-pflege","7":"product_cat-pflegeprodukte","8":"product_cat-geschirrpflege","9":"product_cat-geschirrspuler","10":"product_shipping_class-verboten-in-staffeln","12":"first","13":"instock","14":"taxable","15":"shipping-taxable","16":"purchasable","17":"product-type-simple"},"acf":[],"yoast_head":"<!-- This site is optimized with the Yoast SEO Premium plugin v26.6 (Yoast SEO v26.6) - https:\/\/yoast.com\/wordpress\/plugins\/seo\/ -->\n<title>Geschirrsp\u00fclmittel Maschine Hartwasser 20 Liter<\/title>\n<meta name=\"description\" content=\"Starkes maschinelles Geschirrsp\u00fclmittel 20L. Perfekt f\u00fcr hartes Wasser. Hohe Leistung, kontrollierter Schaum, sauberes und streifenfreies Geschirr.\" \/>\n<meta name=\"robots\" content=\"index, follow, max-snippet:-1, max-image-preview:large, max-video-preview:-1\" \/>\n<link rel=\"canonical\" href=\"https:\/\/www.csj-emballages.com\/de\/produit\/geschirrspuelmaschine-20-liter-hartes-wasser\/\" \/>\n<meta property=\"og:locale\" content=\"de_DE\" \/>\n<meta property=\"og:type\" content=\"article\" \/>\n<meta property=\"og:title\" content=\"Geschirrsp\u00fclmittel f\u00fcr Hartwassermaschinen 20 Liter\" \/>\n<meta property=\"og:description\" content=\"Starkes maschinelles Geschirrsp\u00fclmittel 20L. Perfekt f\u00fcr hartes Wasser. Hohe Leistung, kontrollierter Schaum, sauberes und streifenfreies Geschirr.\" \/>\n<meta property=\"og:url\" content=\"https:\/\/www.csj-emballages.com\/de\/produit\/geschirrspuelmaschine-20-liter-hartes-wasser\/\" \/>\n<meta property=\"og:site_name\" content=\"CSJ Emballages\" \/>\n<meta property=\"article:publisher\" content=\"https:\/\/www.facebook.com\/csjemballages\" \/>\n<meta property=\"article:modified_time\" content=\"2026-04-29T00:10:34+00:00\" \/>\n<meta property=\"og:image\" content=\"https:\/\/www.csj-emballages.com\/wp-content\/uploads\/2024\/03\/VAISSELLE-MACHINE.webp\" \/>\n\t<meta property=\"og:image:width\" content=\"800\" \/>\n\t<meta property=\"og:image:height\" content=\"800\" \/>\n\t<meta property=\"og:image:type\" content=\"image\/webp\" \/>\n<meta name=\"twitter:card\" content=\"summary_large_image\" \/>\n<meta name=\"twitter:label1\" content=\"Gesch\u00e4tzte Lesezeit\" \/>\n\t<meta name=\"twitter:data1\" content=\"2 Minuten\" \/>\n<script type=\"application\/ld+json\" class=\"yoast-schema-graph\">{\"@context\":\"https:\/\/schema.org\",\"@graph\":[{\"@type\":\"WebPage\",\"@id\":\"https:\/\/www.csj-emballages.com\/de\/produit\/geschirrspuelmaschine-20-liter-hartes-wasser\/\",\"url\":\"https:\/\/www.csj-emballages.com\/de\/produit\/geschirrspuelmaschine-20-liter-hartes-wasser\/\",\"name\":\"Geschirrsp\u00fclmittel Maschine Hartwasser 20 Liter\",\"isPartOf\":{\"@id\":\"https:\/\/www.csj-emballages.com\/de\/#website\"},\"primaryImageOfPage\":{\"@id\":\"https:\/\/www.csj-emballages.com\/de\/produit\/geschirrspuelmaschine-20-liter-hartes-wasser\/#primaryimage\"},\"image\":{\"@id\":\"https:\/\/www.csj-emballages.com\/de\/produit\/geschirrspuelmaschine-20-liter-hartes-wasser\/#primaryimage\"},\"thumbnailUrl\":\"https:\/\/www.csj-emballages.com\/wp-content\/uploads\/2024\/03\/VAISSELLE-MACHINE.webp\",\"datePublished\":\"2024-03-01T16:00:15+00:00\",\"dateModified\":\"2026-04-29T00:10:34+00:00\",\"description\":\"Starkes maschinelles Geschirrsp\u00fclmittel 20L. Perfekt f\u00fcr hartes Wasser. Hohe Leistung, kontrollierter Schaum, sauberes und streifenfreies Geschirr.\",\"breadcrumb\":{\"@id\":\"https:\/\/www.csj-emballages.com\/de\/produit\/geschirrspuelmaschine-20-liter-hartes-wasser\/#breadcrumb\"},\"inLanguage\":\"de\",\"potentialAction\":[{\"@type\":\"ReadAction\",\"target\":[\"https:\/\/www.csj-emballages.com\/de\/produit\/geschirrspuelmaschine-20-liter-hartes-wasser\/\"]}]},{\"@type\":\"ImageObject\",\"inLanguage\":\"de\",\"@id\":\"https:\/\/www.csj-emballages.com\/de\/produit\/geschirrspuelmaschine-20-liter-hartes-wasser\/#primaryimage\",\"url\":\"https:\/\/www.csj-emballages.com\/wp-content\/uploads\/2024\/03\/VAISSELLE-MACHINE.webp\",\"contentUrl\":\"https:\/\/www.csj-emballages.com\/wp-content\/uploads\/2024\/03\/VAISSELLE-MACHINE.webp\",\"width\":800,\"height\":800,\"caption\":\"Vaisselle machine\"},{\"@type\":\"BreadcrumbList\",\"@id\":\"https:\/\/www.csj-emballages.com\/de\/produit\/geschirrspuelmaschine-20-liter-hartes-wasser\/#breadcrumb\",\"itemListElement\":[{\"@type\":\"ListItem\",\"position\":1,\"name\":\"Accueil\",\"item\":\"https:\/\/www.csj-emballages.com\/de\/universum-lebensmittelverpackungen\/\"},{\"@type\":\"ListItem\",\"position\":2,\"name\":\"Shop\",\"item\":\"https:\/\/www.csj-emballages.com\/shop\/\"},{\"@type\":\"ListItem\",\"position\":3,\"name\":\"Geschirrsp\u00fclmittel f\u00fcr Hartwassermaschinen 20 Liter\"}]},{\"@type\":\"WebSite\",\"@id\":\"https:\/\/www.csj-emballages.com\/de\/#website\",\"url\":\"https:\/\/www.csj-emballages.com\/de\/\",\"name\":\"CSJ Emballages\",\"description\":\"\",\"publisher\":{\"@id\":\"https:\/\/www.csj-emballages.com\/de\/#organization\"},\"potentialAction\":[{\"@type\":\"SearchAction\",\"target\":{\"@type\":\"EntryPoint\",\"urlTemplate\":\"https:\/\/www.csj-emballages.com\/de\/?s={search_term_string}\"},\"query-input\":{\"@type\":\"PropertyValueSpecification\",\"valueRequired\":true,\"valueName\":\"search_term_string\"}}],\"inLanguage\":\"de\"},{\"@type\":\"Organization\",\"@id\":\"https:\/\/www.csj-emballages.com\/de\/#Organization\/\",\"name\":\"CSJ Emballages\",\"url\":\"https:\/\/www.csj-emballages.com\/de\/\",\"logo\":{\"@type\":\"ImageObject\",\"inLanguage\":\"de\",\"@id\":\"https:\/\/www.csj-emballages.com\/de\/#\/schema\/logo\/image\/\",\"url\":\"https:\/\/www.csj-emballages.com\/wp-content\/uploads\/2023\/10\/logo_csj.webp\",\"contentUrl\":\"https:\/\/www.csj-emballages.com\/wp-content\/uploads\/2023\/10\/logo_csj.webp\",\"width\":250,\"height\":95,\"caption\":\"CSJ Emballages\"},\"image\":{\"@id\":\"https:\/\/www.csj-emballages.com\/de\/#\/schema\/logo\/image\/\"},\"sameAs\":[\"https:\/\/www.facebook.com\/csjemballages\"],\"address\":{\"@type\":\"PostalAddress\",\"streetAddress\":\"ZI La Lechere\",\"addressLocality\":\"Patornay\",\"postalCode\":\"39130\",\"addressCountry\":\"FR\"},\"contactPoint\":[{\"@type\":\"ContactPoint\",\"contactType\":\"Service client\",\"telephone\":\"0384254272\",\"email\":\"contact@csj-emballages.com\"}]}]}<\/script>\n<!-- \/ Yoast SEO Premium plugin. -->","yoast_head_json":{"title":"Geschirrsp\u00fclmittel Maschine Hartwasser 20 Liter","description":"Starkes maschinelles Geschirrsp\u00fclmittel 20L. Perfekt f\u00fcr hartes Wasser. Hohe Leistung, kontrollierter Schaum, sauberes und streifenfreies Geschirr.","robots":{"index":"index","follow":"follow","max-snippet":"max-snippet:-1","max-image-preview":"max-image-preview:large","max-video-preview":"max-video-preview:-1"},"canonical":"https:\/\/www.csj-emballages.com\/de\/produit\/geschirrspuelmaschine-20-liter-hartes-wasser\/","og_locale":"de_DE","og_type":"article","og_title":"Geschirrsp\u00fclmittel f\u00fcr Hartwassermaschinen 20 Liter","og_description":"Starkes maschinelles Geschirrsp\u00fclmittel 20L. Perfekt f\u00fcr hartes Wasser. Hohe Leistung, kontrollierter Schaum, sauberes und streifenfreies Geschirr.","og_url":"https:\/\/www.csj-emballages.com\/de\/produit\/geschirrspuelmaschine-20-liter-hartes-wasser\/","og_site_name":"CSJ Emballages","article_publisher":"https:\/\/www.facebook.com\/csjemballages","article_modified_time":"2026-04-29T00:10:34+00:00","og_image":[{"width":800,"height":800,"url":"https:\/\/www.csj-emballages.com\/wp-content\/uploads\/2024\/03\/VAISSELLE-MACHINE.webp","type":"image\/webp"}],"twitter_card":"summary_large_image","twitter_misc":{"Gesch\u00e4tzte Lesezeit":"2 Minuten"},"schema":{"@context":"https:\/\/schema.org","@graph":[{"@type":"WebPage","@id":"https:\/\/www.csj-emballages.com\/de\/produit\/geschirrspuelmaschine-20-liter-hartes-wasser\/","url":"https:\/\/www.csj-emballages.com\/de\/produit\/geschirrspuelmaschine-20-liter-hartes-wasser\/","name":"Geschirrsp\u00fclmittel Maschine Hartwasser 20 Liter","isPartOf":{"@id":"https:\/\/www.csj-emballages.com\/de\/#website"},"primaryImageOfPage":{"@id":"https:\/\/www.csj-emballages.com\/de\/produit\/geschirrspuelmaschine-20-liter-hartes-wasser\/#primaryimage"},"image":{"@id":"https:\/\/www.csj-emballages.com\/de\/produit\/geschirrspuelmaschine-20-liter-hartes-wasser\/#primaryimage"},"thumbnailUrl":"https:\/\/www.csj-emballages.com\/wp-content\/uploads\/2024\/03\/VAISSELLE-MACHINE.webp","datePublished":"2024-03-01T16:00:15+00:00","dateModified":"2026-04-29T00:10:34+00:00","description":"Starkes maschinelles Geschirrsp\u00fclmittel 20L. Perfekt f\u00fcr hartes Wasser. Hohe Leistung, kontrollierter Schaum, sauberes und streifenfreies Geschirr.","breadcrumb":{"@id":"https:\/\/www.csj-emballages.com\/de\/produit\/geschirrspuelmaschine-20-liter-hartes-wasser\/#breadcrumb"},"inLanguage":"de","potentialAction":[{"@type":"ReadAction","target":["https:\/\/www.csj-emballages.com\/de\/produit\/geschirrspuelmaschine-20-liter-hartes-wasser\/"]}]},{"@type":"ImageObject","inLanguage":"de","@id":"https:\/\/www.csj-emballages.com\/de\/produit\/geschirrspuelmaschine-20-liter-hartes-wasser\/#primaryimage","url":"https:\/\/www.csj-emballages.com\/wp-content\/uploads\/2024\/03\/VAISSELLE-MACHINE.webp","contentUrl":"https:\/\/www.csj-emballages.com\/wp-content\/uploads\/2024\/03\/VAISSELLE-MACHINE.webp","width":800,"height":800,"caption":"Vaisselle machine"},{"@type":"BreadcrumbList","@id":"https:\/\/www.csj-emballages.com\/de\/produit\/geschirrspuelmaschine-20-liter-hartes-wasser\/#breadcrumb","itemListElement":[{"@type":"ListItem","position":1,"name":"Accueil","item":"https:\/\/www.csj-emballages.com\/de\/universum-lebensmittelverpackungen\/"},{"@type":"ListItem","position":2,"name":"Shop","item":"https:\/\/www.csj-emballages.com\/shop\/"},{"@type":"ListItem","position":3,"name":"Geschirrsp\u00fclmittel f\u00fcr Hartwassermaschinen 20 Liter"}]},{"@type":"WebSite","@id":"https:\/\/www.csj-emballages.com\/de\/#website","url":"https:\/\/www.csj-emballages.com\/de\/","name":"CSJ Emballages","description":"","publisher":{"@id":"https:\/\/www.csj-emballages.com\/de\/#organization"},"potentialAction":[{"@type":"SearchAction","target":{"@type":"EntryPoint","urlTemplate":"https:\/\/www.csj-emballages.com\/de\/?s={search_term_string}"},"query-input":{"@type":"PropertyValueSpecification","valueRequired":true,"valueName":"search_term_string"}}],"inLanguage":"de"},{"@type":"Organization","@id":"https:\/\/www.csj-emballages.com\/de\/#Organization\/","name":"CSJ Emballages","url":"https:\/\/www.csj-emballages.com\/de\/","logo":{"@type":"ImageObject","inLanguage":"de","@id":"https:\/\/www.csj-emballages.com\/de\/#\/schema\/logo\/image\/","url":"https:\/\/www.csj-emballages.com\/wp-content\/uploads\/2023\/10\/logo_csj.webp","contentUrl":"https:\/\/www.csj-emballages.com\/wp-content\/uploads\/2023\/10\/logo_csj.webp","width":250,"height":95,"caption":"CSJ Emballages"},"image":{"@id":"https:\/\/www.csj-emballages.com\/de\/#\/schema\/logo\/image\/"},"sameAs":["https:\/\/www.facebook.com\/csjemballages"],"address":{"@type":"PostalAddress","streetAddress":"ZI La Lechere","addressLocality":"Patornay","postalCode":"39130","addressCountry":"FR"},"contactPoint":[{"@type":"ContactPoint","contactType":"Service client","telephone":"0384254272","email":"contact@csj-emballages.com"}]}]}},"df_price":63.38,"df_sale_price":"","df_regular_price":63.38,"df_image_link":"https:\/\/www.csj-emballages.com\/wp-content\/uploads\/2024\/03\/VAISSELLE-MACHINE-300x300.webp","tiered_pricing_type":"fixed","tiered_pricing_fixed_rules":[],"tiered_pricing_percentage_rules":[],"tiered_pricing_minimum":1,"tiered_pricing_roles_data":[],"_links":{"self":[{"href":"https:\/\/www.csj-emballages.com\/de\/wp-json\/wp\/v2\/product\/17333","targetHints":{"allow":["GET"]}}],"collection":[{"href":"https:\/\/www.csj-emballages.com\/de\/wp-json\/wp\/v2\/product"}],"about":[{"href":"https:\/\/www.csj-emballages.com\/de\/wp-json\/wp\/v2\/types\/product"}],"wp:featuredmedia":[{"embeddable":true,"href":"https:\/\/www.csj-emballages.com\/de\/wp-json\/wp\/v2\/media\/222400"}],"wp:attachment":[{"href":"https:\/\/www.csj-emballages.com\/de\/wp-json\/wp\/v2\/media?parent=17333"}],"wp:term":[{"taxonomy":"product_brand","embeddable":true,"href":"https:\/\/www.csj-emballages.com\/de\/wp-json\/wp\/v2\/product_brand?post=17333"},{"taxonomy":"product_cat","embeddable":true,"href":"https:\/\/www.csj-emballages.com\/de\/wp-json\/wp\/v2\/product_cat?post=17333"},{"taxonomy":"product_tag","embeddable":true,"href":"https:\/\/www.csj-emballages.com\/de\/wp-json\/wp\/v2\/product_tag?post=17333"}],"curies":[{"name":"wp","href":"https:\/\/api.w.org\/{rel}","templated":true}]}}