{"id":17331,"date":"2024-03-01T17:00:13","date_gmt":"2024-03-01T16:00:13","guid":{"rendered":"https:\/\/u15jnbdpoq.preview.infomaniak.website\/produit\/desinfizierendes-fettentfernungsspray-750ml\/"},"modified":"2026-04-28T02:10:35","modified_gmt":"2026-04-28T00:10:35","slug":"desinfizierendes-fettentfernungsspray-750ml","status":"publish","type":"product","link":"https:\/\/www.csj-emballages.com\/de\/produit\/desinfizierendes-fettentfernungsspray-750ml\/","title":{"rendered":"Desinfizierendes Fettentfernungsspray 750ml"},"content":{"rendered":"<h2>Fettl\u00f6sendes Spray<\/h2>\n<hr>\n<h3>Beschreibung von Desinfektions- und Entfettungsspray 750ml<\/h3>\n<p><!--more--><\/p>\n<p class=\"\" data-start=\"157\" data-end=\"519\">Dieses <strong>fettl\u00f6sende Desinfektionsspray mit 750 ml Inhalt<\/strong> ist ein Muss f\u00fcr alle, die eine gr\u00fcndliche und schnelle Reinigung suchen, sei es in der professionellen K\u00fcche, in der Gemeinschaftsverpflegung oder zu Hause. Denn es wurde f\u00fcr stark verschmutzte Oberfl\u00e4chen entwickelt und kombiniert eine <strong data-start=\"426\" data-end=\"458\">starke Fettl\u00f6sekraft<\/strong> mit einer <strong data-start=\"462\" data-end=\"486\">desinfizierenden Wirkung<\/strong> f\u00fcr einwandfreie Hygiene. Dank seiner wirksamen Formel entfernt es m\u00fchelos gekochte Fette, Speisereste und Bakterien. Ob auf Kochplatten, Dunstabzugshauben, Arbeitsfl\u00e4chen oder Edelstahloberfl\u00e4chen, dieses <strong>Spray<\/strong> wirkt gr\u00fcndlich und hinterl\u00e4sst eine saubere, gesunde Umgebung ohne klebrige R\u00fcckst\u00e4nde. Denn seine fl\u00fcssige Textur erm\u00f6glicht ein gleichm\u00e4\u00dfiges Auftragen und ein einfaches, m\u00fcheloses Absp\u00fclen.    <\/p>\n<p class=\"\" data-start=\"946\" data-end=\"1281\">Auch in anspruchsvollen Umgebungen wie Gro\u00dfk\u00fcchen, Gemeinschaften, Food Trucks oder sogar in Privathaushalten, die ein <strong data-start=\"1097\" data-end=\"1132\">leistungsstarkes Mehrzweckprodukt<\/strong> w\u00fcnschen, ist dieses <strong>Spray<\/strong> der ideale Verb\u00fcndete, um Sauberkeit, Sicherheit und Zeitersparnis miteinander zu verbinden.<\/p>\n<p class=\"\" data-start=\"1283\" data-end=\"1440\">Zusammenfassend l\u00e4sst sich sagen, dass es so formuliert ist, dass es den Standards der Lebensmittelhygiene entspricht und Ihnen eine Reinigung in vollem Vertrauen garantiert, ohne Kompromisse bei der Sicherheit oder der Wirksamkeit einzugehen.<\/p>\n<p>&nbsp;<\/p>\n<p><!--more--><\/p>\n<h4>Seine Vorteile :<\/h4>\n<ul>\n<li>Entfettet stark verschmutzte Oberfl\u00e4chen gr\u00fcndlich.<\/li>\n<li><strong>Desinfiziert<\/strong>: bakterizid, fungizid und viruzid.<\/li>\n<li>Entspricht den professionellen Standards UNE-EN 13697 &amp; 14476.<\/li>\n<li>Geeignet f\u00fcr die Lebensmittelindustrie und sensible Umgebungen.<\/li>\n<li>Sparformat 5L, ideal f\u00fcr den intensiven Gebrauch.<\/li>\n<\/ul>\n<p>&nbsp;<\/p>\n<p><!--more--><\/p>\n<h4>Weitere Informationen :<\/h4>\n<ul>\n<li><strong>Verpackung<\/strong>: Einzeln<\/li>\n<li><strong>Farbe<\/strong>: Farblos<\/li>\n<li><strong>Volumen<\/strong>: 750 ml<\/li>\n<li><strong>Verwendung<\/strong>: Desinfizierendes Fettl\u00f6semittel<\/li>\n<\/ul>\n<p>&nbsp;<\/p>\n<p><!--more--><\/p>\n<p>Hier finden Sie unseren desinfizierenden Fettl\u00f6ser 5 Liter : <span style=\"color: #d12727;\"><a style=\"color: #d12727;\" href=\"https:\/\/www.csj-emballages.com\/de\/produit\/desinfizierender-fettloeser-5-liter\/\">07125<\/a><\/span><\/p>\n<p>&nbsp;<\/p>\n<p><!--more--><\/p>\n<p>Sehen Sie sich auch unser fettl\u00f6sendes Tintenentfernungsspray an: <span style=\"color: #d12727;\"><a style=\"color: #d12727;\" href=\"https:\/\/www.csj-emballages.com\/de\/produit\/entfettungsspray-zum-entfernen-von-tinte-750-ml\/\">6010750<\/a><\/span><\/p>\n<p>&nbsp;<\/p>\n<p><!--more--><\/p>\n<p><a href=\"https:\/\/www.csj-emballages.com\/de\/categorie-produit\/hygiene-und-pflege\/pflegeprodukte\/kuche\/\">Sehen Sie sich den Rest unseres Sortiments an K\u00fcchenreinigungsprodukten an.<\/a><\/p>\n","protected":false},"excerpt":{"rendered":"<p>Fettl\u00f6sendes Spray Beschreibung von Desinfektions- und Entfettungsspray 750ml<\/p>\n","protected":false},"featured_media":222251,"template":"","meta":{"_acf_changed":false},"product_brand":[],"product_cat":[1218,1219,1330],"product_tag":[],"class_list":{"0":"post-17331","1":"product","2":"type-product","3":"status-publish","4":"has-post-thumbnail","6":"product_cat-hygiene-und-pflege","7":"product_cat-pflegeprodukte","8":"product_cat-kuche","10":"first","11":"instock","12":"taxable","13":"shipping-taxable","14":"purchasable","15":"product-type-simple"},"acf":[],"yoast_head":"<!-- This site is optimized with the Yoast SEO Premium plugin v26.6 (Yoast SEO v26.6) - https:\/\/yoast.com\/wordpress\/plugins\/seo\/ -->\n<title>Desinfizierendes Fettentfernungsspray 750ml<\/title>\n<meta name=\"description\" content=\"Desinfizierendes Fettentfernungsspray 750ml. Entfernt Fett und Bakterien f\u00fcr perfekte Hygiene in der K\u00fcche. Ideal f\u00fcr Berufst\u00e4tige \/ Privatpersonen\" \/>\n<meta name=\"robots\" content=\"index, follow, max-snippet:-1, max-image-preview:large, max-video-preview:-1\" \/>\n<link rel=\"canonical\" href=\"https:\/\/www.csj-emballages.com\/de\/produit\/desinfizierendes-fettentfernungsspray-750ml\/\" \/>\n<meta property=\"og:locale\" content=\"de_DE\" \/>\n<meta property=\"og:type\" content=\"article\" \/>\n<meta property=\"og:title\" content=\"Desinfizierendes Fettentfernungsspray 750ml\" \/>\n<meta property=\"og:description\" content=\"Desinfizierendes Fettentfernungsspray 750ml. Entfernt Fett und Bakterien f\u00fcr perfekte Hygiene in der K\u00fcche. Ideal f\u00fcr Berufst\u00e4tige \/ Privatpersonen\" \/>\n<meta property=\"og:url\" content=\"https:\/\/www.csj-emballages.com\/de\/produit\/desinfizierendes-fettentfernungsspray-750ml\/\" \/>\n<meta property=\"og:site_name\" content=\"CSJ Emballages\" \/>\n<meta property=\"article:publisher\" content=\"https:\/\/www.facebook.com\/csjemballages\" \/>\n<meta property=\"article:modified_time\" content=\"2026-04-28T00:10:35+00:00\" \/>\n<meta property=\"og:image\" content=\"https:\/\/www.csj-emballages.com\/wp-content\/uploads\/2024\/03\/Dengras-food.webp\" \/>\n\t<meta property=\"og:image:width\" content=\"800\" \/>\n\t<meta property=\"og:image:height\" content=\"800\" \/>\n\t<meta property=\"og:image:type\" content=\"image\/webp\" \/>\n<meta name=\"twitter:card\" content=\"summary_large_image\" \/>\n<meta name=\"twitter:label1\" content=\"Gesch\u00e4tzte Lesezeit\" \/>\n\t<meta name=\"twitter:data1\" content=\"1\u00a0Minute\" \/>\n<script type=\"application\/ld+json\" class=\"yoast-schema-graph\">{\"@context\":\"https:\/\/schema.org\",\"@graph\":[{\"@type\":\"WebPage\",\"@id\":\"https:\/\/www.csj-emballages.com\/de\/produit\/desinfizierendes-fettentfernungsspray-750ml\/\",\"url\":\"https:\/\/www.csj-emballages.com\/de\/produit\/desinfizierendes-fettentfernungsspray-750ml\/\",\"name\":\"Desinfizierendes Fettentfernungsspray 750ml\",\"isPartOf\":{\"@id\":\"https:\/\/www.csj-emballages.com\/de\/#website\"},\"primaryImageOfPage\":{\"@id\":\"https:\/\/www.csj-emballages.com\/de\/produit\/desinfizierendes-fettentfernungsspray-750ml\/#primaryimage\"},\"image\":{\"@id\":\"https:\/\/www.csj-emballages.com\/de\/produit\/desinfizierendes-fettentfernungsspray-750ml\/#primaryimage\"},\"thumbnailUrl\":\"https:\/\/www.csj-emballages.com\/wp-content\/uploads\/2024\/03\/Dengras-food.webp\",\"datePublished\":\"2024-03-01T16:00:13+00:00\",\"dateModified\":\"2026-04-28T00:10:35+00:00\",\"description\":\"Desinfizierendes Fettentfernungsspray 750ml. Entfernt Fett und Bakterien f\u00fcr perfekte Hygiene in der K\u00fcche. Ideal f\u00fcr Berufst\u00e4tige \/ Privatpersonen\",\"breadcrumb\":{\"@id\":\"https:\/\/www.csj-emballages.com\/de\/produit\/desinfizierendes-fettentfernungsspray-750ml\/#breadcrumb\"},\"inLanguage\":\"de\",\"potentialAction\":[{\"@type\":\"ReadAction\",\"target\":[\"https:\/\/www.csj-emballages.com\/de\/produit\/desinfizierendes-fettentfernungsspray-750ml\/\"]}]},{\"@type\":\"ImageObject\",\"inLanguage\":\"de\",\"@id\":\"https:\/\/www.csj-emballages.com\/de\/produit\/desinfizierendes-fettentfernungsspray-750ml\/#primaryimage\",\"url\":\"https:\/\/www.csj-emballages.com\/wp-content\/uploads\/2024\/03\/Dengras-food.webp\",\"contentUrl\":\"https:\/\/www.csj-emballages.com\/wp-content\/uploads\/2024\/03\/Dengras-food.webp\",\"width\":800,\"height\":800,\"caption\":\"Spray d\u00e9graissant\"},{\"@type\":\"BreadcrumbList\",\"@id\":\"https:\/\/www.csj-emballages.com\/de\/produit\/desinfizierendes-fettentfernungsspray-750ml\/#breadcrumb\",\"itemListElement\":[{\"@type\":\"ListItem\",\"position\":1,\"name\":\"Accueil\",\"item\":\"https:\/\/www.csj-emballages.com\/de\/universum-lebensmittelverpackungen\/\"},{\"@type\":\"ListItem\",\"position\":2,\"name\":\"Shop\",\"item\":\"https:\/\/www.csj-emballages.com\/shop\/\"},{\"@type\":\"ListItem\",\"position\":3,\"name\":\"Desinfizierendes Fettentfernungsspray 750ml\"}]},{\"@type\":\"WebSite\",\"@id\":\"https:\/\/www.csj-emballages.com\/de\/#website\",\"url\":\"https:\/\/www.csj-emballages.com\/de\/\",\"name\":\"CSJ Emballages\",\"description\":\"\",\"publisher\":{\"@id\":\"https:\/\/www.csj-emballages.com\/de\/#organization\"},\"potentialAction\":[{\"@type\":\"SearchAction\",\"target\":{\"@type\":\"EntryPoint\",\"urlTemplate\":\"https:\/\/www.csj-emballages.com\/de\/?s={search_term_string}\"},\"query-input\":{\"@type\":\"PropertyValueSpecification\",\"valueRequired\":true,\"valueName\":\"search_term_string\"}}],\"inLanguage\":\"de\"},{\"@type\":\"Organization\",\"@id\":\"https:\/\/www.csj-emballages.com\/de\/#Organization\/\",\"name\":\"CSJ Emballages\",\"url\":\"https:\/\/www.csj-emballages.com\/de\/\",\"logo\":{\"@type\":\"ImageObject\",\"inLanguage\":\"de\",\"@id\":\"https:\/\/www.csj-emballages.com\/de\/#\/schema\/logo\/image\/\",\"url\":\"https:\/\/www.csj-emballages.com\/wp-content\/uploads\/2023\/10\/logo_csj.webp\",\"contentUrl\":\"https:\/\/www.csj-emballages.com\/wp-content\/uploads\/2023\/10\/logo_csj.webp\",\"width\":250,\"height\":95,\"caption\":\"CSJ Emballages\"},\"image\":{\"@id\":\"https:\/\/www.csj-emballages.com\/de\/#\/schema\/logo\/image\/\"},\"sameAs\":[\"https:\/\/www.facebook.com\/csjemballages\"],\"address\":{\"@type\":\"PostalAddress\",\"streetAddress\":\"ZI La Lechere\",\"addressLocality\":\"Patornay\",\"postalCode\":\"39130\",\"addressCountry\":\"FR\"},\"contactPoint\":[{\"@type\":\"ContactPoint\",\"contactType\":\"Service client\",\"telephone\":\"0384254272\",\"email\":\"contact@csj-emballages.com\"}]}]}<\/script>\n<!-- \/ Yoast SEO Premium plugin. -->","yoast_head_json":{"title":"Desinfizierendes Fettentfernungsspray 750ml","description":"Desinfizierendes Fettentfernungsspray 750ml. Entfernt Fett und Bakterien f\u00fcr perfekte Hygiene in der K\u00fcche. Ideal f\u00fcr Berufst\u00e4tige \/ Privatpersonen","robots":{"index":"index","follow":"follow","max-snippet":"max-snippet:-1","max-image-preview":"max-image-preview:large","max-video-preview":"max-video-preview:-1"},"canonical":"https:\/\/www.csj-emballages.com\/de\/produit\/desinfizierendes-fettentfernungsspray-750ml\/","og_locale":"de_DE","og_type":"article","og_title":"Desinfizierendes Fettentfernungsspray 750ml","og_description":"Desinfizierendes Fettentfernungsspray 750ml. Entfernt Fett und Bakterien f\u00fcr perfekte Hygiene in der K\u00fcche. Ideal f\u00fcr Berufst\u00e4tige \/ Privatpersonen","og_url":"https:\/\/www.csj-emballages.com\/de\/produit\/desinfizierendes-fettentfernungsspray-750ml\/","og_site_name":"CSJ Emballages","article_publisher":"https:\/\/www.facebook.com\/csjemballages","article_modified_time":"2026-04-28T00:10:35+00:00","og_image":[{"width":800,"height":800,"url":"https:\/\/www.csj-emballages.com\/wp-content\/uploads\/2024\/03\/Dengras-food.webp","type":"image\/webp"}],"twitter_card":"summary_large_image","twitter_misc":{"Gesch\u00e4tzte Lesezeit":"1\u00a0Minute"},"schema":{"@context":"https:\/\/schema.org","@graph":[{"@type":"WebPage","@id":"https:\/\/www.csj-emballages.com\/de\/produit\/desinfizierendes-fettentfernungsspray-750ml\/","url":"https:\/\/www.csj-emballages.com\/de\/produit\/desinfizierendes-fettentfernungsspray-750ml\/","name":"Desinfizierendes Fettentfernungsspray 750ml","isPartOf":{"@id":"https:\/\/www.csj-emballages.com\/de\/#website"},"primaryImageOfPage":{"@id":"https:\/\/www.csj-emballages.com\/de\/produit\/desinfizierendes-fettentfernungsspray-750ml\/#primaryimage"},"image":{"@id":"https:\/\/www.csj-emballages.com\/de\/produit\/desinfizierendes-fettentfernungsspray-750ml\/#primaryimage"},"thumbnailUrl":"https:\/\/www.csj-emballages.com\/wp-content\/uploads\/2024\/03\/Dengras-food.webp","datePublished":"2024-03-01T16:00:13+00:00","dateModified":"2026-04-28T00:10:35+00:00","description":"Desinfizierendes Fettentfernungsspray 750ml. Entfernt Fett und Bakterien f\u00fcr perfekte Hygiene in der K\u00fcche. Ideal f\u00fcr Berufst\u00e4tige \/ Privatpersonen","breadcrumb":{"@id":"https:\/\/www.csj-emballages.com\/de\/produit\/desinfizierendes-fettentfernungsspray-750ml\/#breadcrumb"},"inLanguage":"de","potentialAction":[{"@type":"ReadAction","target":["https:\/\/www.csj-emballages.com\/de\/produit\/desinfizierendes-fettentfernungsspray-750ml\/"]}]},{"@type":"ImageObject","inLanguage":"de","@id":"https:\/\/www.csj-emballages.com\/de\/produit\/desinfizierendes-fettentfernungsspray-750ml\/#primaryimage","url":"https:\/\/www.csj-emballages.com\/wp-content\/uploads\/2024\/03\/Dengras-food.webp","contentUrl":"https:\/\/www.csj-emballages.com\/wp-content\/uploads\/2024\/03\/Dengras-food.webp","width":800,"height":800,"caption":"Spray d\u00e9graissant"},{"@type":"BreadcrumbList","@id":"https:\/\/www.csj-emballages.com\/de\/produit\/desinfizierendes-fettentfernungsspray-750ml\/#breadcrumb","itemListElement":[{"@type":"ListItem","position":1,"name":"Accueil","item":"https:\/\/www.csj-emballages.com\/de\/universum-lebensmittelverpackungen\/"},{"@type":"ListItem","position":2,"name":"Shop","item":"https:\/\/www.csj-emballages.com\/shop\/"},{"@type":"ListItem","position":3,"name":"Desinfizierendes Fettentfernungsspray 750ml"}]},{"@type":"WebSite","@id":"https:\/\/www.csj-emballages.com\/de\/#website","url":"https:\/\/www.csj-emballages.com\/de\/","name":"CSJ Emballages","description":"","publisher":{"@id":"https:\/\/www.csj-emballages.com\/de\/#organization"},"potentialAction":[{"@type":"SearchAction","target":{"@type":"EntryPoint","urlTemplate":"https:\/\/www.csj-emballages.com\/de\/?s={search_term_string}"},"query-input":{"@type":"PropertyValueSpecification","valueRequired":true,"valueName":"search_term_string"}}],"inLanguage":"de"},{"@type":"Organization","@id":"https:\/\/www.csj-emballages.com\/de\/#Organization\/","name":"CSJ Emballages","url":"https:\/\/www.csj-emballages.com\/de\/","logo":{"@type":"ImageObject","inLanguage":"de","@id":"https:\/\/www.csj-emballages.com\/de\/#\/schema\/logo\/image\/","url":"https:\/\/www.csj-emballages.com\/wp-content\/uploads\/2023\/10\/logo_csj.webp","contentUrl":"https:\/\/www.csj-emballages.com\/wp-content\/uploads\/2023\/10\/logo_csj.webp","width":250,"height":95,"caption":"CSJ Emballages"},"image":{"@id":"https:\/\/www.csj-emballages.com\/de\/#\/schema\/logo\/image\/"},"sameAs":["https:\/\/www.facebook.com\/csjemballages"],"address":{"@type":"PostalAddress","streetAddress":"ZI La Lechere","addressLocality":"Patornay","postalCode":"39130","addressCountry":"FR"},"contactPoint":[{"@type":"ContactPoint","contactType":"Service client","telephone":"0384254272","email":"contact@csj-emballages.com"}]}]}},"df_price":3.12,"df_sale_price":"","df_regular_price":3.12,"df_image_link":"https:\/\/www.csj-emballages.com\/wp-content\/uploads\/2024\/03\/Dengras-food-300x300.webp","tiered_pricing_type":"fixed","tiered_pricing_fixed_rules":[],"tiered_pricing_percentage_rules":[],"tiered_pricing_minimum":1,"tiered_pricing_roles_data":[],"_links":{"self":[{"href":"https:\/\/www.csj-emballages.com\/de\/wp-json\/wp\/v2\/product\/17331","targetHints":{"allow":["GET"]}}],"collection":[{"href":"https:\/\/www.csj-emballages.com\/de\/wp-json\/wp\/v2\/product"}],"about":[{"href":"https:\/\/www.csj-emballages.com\/de\/wp-json\/wp\/v2\/types\/product"}],"wp:featuredmedia":[{"embeddable":true,"href":"https:\/\/www.csj-emballages.com\/de\/wp-json\/wp\/v2\/media\/222251"}],"wp:attachment":[{"href":"https:\/\/www.csj-emballages.com\/de\/wp-json\/wp\/v2\/media?parent=17331"}],"wp:term":[{"taxonomy":"product_brand","embeddable":true,"href":"https:\/\/www.csj-emballages.com\/de\/wp-json\/wp\/v2\/product_brand?post=17331"},{"taxonomy":"product_cat","embeddable":true,"href":"https:\/\/www.csj-emballages.com\/de\/wp-json\/wp\/v2\/product_cat?post=17331"},{"taxonomy":"product_tag","embeddable":true,"href":"https:\/\/www.csj-emballages.com\/de\/wp-json\/wp\/v2\/product_tag?post=17331"}],"curies":[{"name":"wp","href":"https:\/\/api.w.org\/{rel}","templated":true}]}}