{"id":17326,"date":"2024-03-01T17:00:15","date_gmt":"2024-03-01T16:00:15","guid":{"rendered":"https:\/\/u15jnbdpoq.preview.infomaniak.website\/produit\/anti-kalk-reiniger-1-liter\/"},"modified":"2026-03-12T16:01:26","modified_gmt":"2026-03-12T15:01:26","slug":"anti-kalk-reiniger-1-liter","status":"publish","type":"product","link":"https:\/\/www.csj-emballages.com\/de\/produit\/anti-kalk-reiniger-1-liter\/","title":{"rendered":"Anti-Kalk-Reiniger 1 Liter"},"content":{"rendered":"<div class=\"flex flex-grow flex-col max-w-full\">\n<div class=\"min-h-[20px] text-message flex flex-col items-start whitespace-pre-wrap break-words [.text-message+&amp;]:mt-5 juice:w-full juice:items-end overflow-x-auto gap-2\" dir=\"auto\" data-message-author-role=\"assistant\" data-message-id=\"2034782e-88f9-44ef-b4dc-07dd7bf0115f\">\n<div class=\"flex w-full flex-col gap-1 juice:empty:hidden juice:first:pt-[3px]\">\n<div class=\"markdown prose w-full break-words dark:prose-invert light\">\n<div style=\"font-family: Roboto, sans-serif;\">\n<div style=\"font-family: Roboto, sans-serif;\">\n<div style=\"font-family: Roboto, sans-serif;\">\n<div style=\"font-family: Roboto, sans-serif;\">\n<div style=\"font-family: Roboto, sans-serif;\">\n<div style=\"font-family: Roboto, sans-serif;\">\n<h2 class=\"p1\">Anti-Kalk-Reiniger<\/h2>\n<div style=\"font-family: Roboto, sans-serif;\">\n<div style=\"font-family: Roboto, sans-serif;\">\n<div style=\"font-family: Roboto, sans-serif;\">\n<div style=\"text-align: center;\">\n<div style=\"font-family: Roboto, sans-serif;\">\n<div style=\"font-family: Roboto, sans-serif;\">\n<div style=\"font-family: Roboto, sans-serif;\">\n<div style=\"font-family: Roboto, sans-serif;\">\n<div style=\"font-family: Roboto, sans-serif;\">\n<div style=\"font-family: Roboto, sans-serif; text-align: left;\">\n<hr>\n<h3 style=\"text-align: left;\">Beschreibung unseres Anti-Kalk-Reinigers 1 Liter<\/h3>\n<h3 style=\"text-align: left;\"><!--more--><\/h3>\n<p data-start=\"189\" data-end=\"631\">Lassen Sie nicht mehr zu, dass Kalk Ihre Oberfl\u00e4chen tr\u00fcbt! Dieses <strong data-start=\"242\" data-end=\"280\">1-Liter-Anti-Kalk-Reinigungsgel<\/strong> ist die ideale L\u00f6sung, um Ihr Badezimmer oder Ihre sanit\u00e4ren Anlagen wieder in neuem Glanz erstrahlen zu lassen. Dank seiner <strong data-start=\"391\" data-end=\"412\">leistungsstarken Formel<\/strong> entfernt es m\u00fchelos hartn\u00e4ckigen Kalk, Seifenreste und Wasserspuren von einer Vielzahl von Oberfl\u00e4chen: <strong data-start=\"529\" data-end=\"609\">Wasserh\u00e4hne, Fliesen, Duschw\u00e4nde, Toiletten, Edelstahl, Waschbecken, Badewannen<\/strong>&#8230; nichts kann ihm widerstehen.  <\/p>\n<p data-start=\"633\" data-end=\"1045\">Im Gegensatz zu herk\u00f6mmlichen Reinigern <strong data-start=\"677\" data-end=\"728\">haftet<\/strong> seine <strong data-start=\"677\" data-end=\"728\">Geltextur gut an vertikalen Oberfl\u00e4chen<\/strong> und erm\u00f6glicht so eine l\u00e4ngere Einwirkzeit f\u00fcr eine verst\u00e4rkte Wirksamkeit, selbst an schwer zug\u00e4nglichen Stellen. Er <strong data-start=\"850\" data-end=\"876\">reinigt nicht nur gr\u00fcndlich<\/strong>, sondern beugt durch seine Anti-Wiederablagerungswirkung auch <strong data-start=\"881\" data-end=\"926\">einer schnellen Neubildung von Kalk vor<\/strong>. Das bedeutet weniger t\u00e4gliche Pflege f\u00fcr ein l\u00e4ngeres sauberes Ergebnis.  <\/p>\n<p data-start=\"1047\" data-end=\"1260\">Einfach zu verwenden, einfach das Gel auf die zu behandelnde Fl\u00e4che auftragen, einige Minuten einwirken lassen, dann schrubben und absp\u00fclen. Sein frischer Duft hinterl\u00e4sst nach jeder Anwendung ein angenehm sauberes Gef\u00fchl. <\/p>\n<p data-start=\"1262\" data-end=\"1461\">Dieses Produkt eignet sich <strong data-start=\"1277\" data-end=\"1330\">perfekt f\u00fcr den privaten und gewerblichen Gebrauch<\/strong>: Hotels, Restaurants, \u00f6ffentliche Einrichtungen, aber auch f\u00fcr Privatpersonen, die Wert auf Hygiene und \u00c4sthetik in ihren R\u00e4umen legen.<\/p>\n<p data-start=\"1262\" data-end=\"1461\">\n<\/div>\n<\/div>\n<\/div>\n<\/div>\n<\/div>\n<\/div>\n<\/div>\n<\/div>\n<\/div>\n<\/div>\n<\/div>\n<\/div>\n<\/div>\n<\/div>\n<\/div>\n<\/div>\n<\/div>\n<\/div>\n<\/div>\n<\/div>\n<div class=\"flex flex-grow flex-col max-w-full\">\n<div class=\"min-h-[20px] text-message flex flex-col items-start whitespace-pre-wrap break-words [.text-message+&amp;]:mt-5 juice:w-full juice:items-end overflow-x-auto gap-2\" dir=\"auto\" data-message-author-role=\"assistant\" data-message-id=\"2034782e-88f9-44ef-b4dc-07dd7bf0115f\">\n<div class=\"flex w-full flex-col gap-1 juice:empty:hidden juice:first:pt-[3px]\">\n<div class=\"markdown prose w-full break-words dark:prose-invert light\">\n<div style=\"font-family: Roboto, sans-serif;\">\n<div style=\"font-family: Roboto, sans-serif;\">\n<div style=\"font-family: Roboto, sans-serif;\">\n<div style=\"font-family: Roboto, sans-serif;\">\n<div style=\"font-family: Roboto, sans-serif;\">\n<div style=\"font-family: Roboto, sans-serif;\">\n<p><!--more--><\/p>\n<h4 style=\"text-align: left;\"><strong>Vorteile :<\/strong><\/h4>\n<ul style=\"text-align: left;\">\n<li>Entfernt wirksam Kalk, Kesselstein und Seifenr\u00fcckst\u00e4nde.<\/li>\n<li>Gel-Formel f\u00fcr bessere Haftung.<\/li>\n<li>Verhindert die Ansammlung von Zahnstein.<\/li>\n<li>Mit vielen Oberfl\u00e4chen kompatibel.<\/li>\n<li>Leicht aufzutragen, schnell abzusp\u00fclen.<\/li>\n<\/ul>\n<p>&nbsp;<\/p>\n<\/div>\n<\/div>\n<p><!--more--><\/p>\n<h4>Weitere Informationen :<\/h4>\n<ul>\n<li><strong>Verpackung<\/strong>: Einzeln<\/li>\n<li><strong>Verwendung<\/strong>: Anti-Kalk-Reiniger<\/li>\n<li><strong>Volumen<\/strong>: 1 Liter<\/li>\n<\/ul>\n<\/div>\n<\/div>\n<\/div>\n<\/div>\n<\/div>\n<\/div>\n<\/div>\n<\/div>\n<p>&nbsp;<\/p>\n<p><!--more--><\/p>\n<p>Hier finden Sie unser Desinfektionsmittel f\u00fcr Toilettenbrillen sanitizer schaum 400 ml : <span style=\"color: #d12727;\"><a style=\"color: #d12727;\" href=\"https:\/\/www.csj-emballages.com\/es\/produit\/espuma-desinfectante\/\">03SCM03041<\/a><\/span><\/p>\n<p>&nbsp;<\/p>\n<p style=\"text-align: left;\"><!--more--><\/p>\n<p><a href=\"https:\/\/www.csj-emballages.com\/de\/categorie-produit\/hygiene-und-pflege\/pflegeprodukte\/sanitar\/\">Sehen Sie sich den Rest unseres Sortiments an Sanit\u00e4rreinigern an.<\/a><\/p>\n","protected":false},"excerpt":{"rendered":"<p>Anti-Kalk-Reiniger Beschreibung unseres Anti-Kalk-Reinigers 1 Liter<\/p>\n","protected":false},"featured_media":239409,"template":"","meta":{"_acf_changed":false},"product_brand":[],"product_cat":[1218,1219,1294],"product_tag":[],"class_list":{"0":"post-17326","1":"product","2":"type-product","3":"status-publish","4":"has-post-thumbnail","6":"product_cat-hygiene-und-pflege","7":"product_cat-pflegeprodukte","8":"product_cat-sanitar","10":"first","11":"instock","12":"taxable","13":"shipping-taxable","14":"purchasable","15":"product-type-simple"},"acf":[],"yoast_head":"<!-- This site is optimized with the Yoast SEO Premium plugin v26.6 (Yoast SEO v26.6) - https:\/\/yoast.com\/wordpress\/plugins\/seo\/ -->\n<title>Anti-Kalk-Reiniger 1 Liter<\/title>\n<meta name=\"description\" content=\"Anti-Kalk-Reiniger 1L: Wirkt gegen Kalk und R\u00fcckst\u00e4nde auf Armaturen, Toiletten und Duschw\u00e4nden. Reinigt und sch\u00fctzt nachhaltig\" \/>\n<meta name=\"robots\" content=\"index, follow, max-snippet:-1, max-image-preview:large, max-video-preview:-1\" \/>\n<link rel=\"canonical\" href=\"https:\/\/www.csj-emballages.com\/de\/produit\/anti-kalk-reiniger-1-liter\/\" \/>\n<meta property=\"og:locale\" content=\"de_DE\" \/>\n<meta property=\"og:type\" content=\"article\" \/>\n<meta property=\"og:title\" content=\"Anti-Kalk-Reiniger 1 Liter\" \/>\n<meta property=\"og:description\" content=\"Anti-Kalk-Reiniger 1L: Wirkt gegen Kalk und R\u00fcckst\u00e4nde auf Armaturen, Toiletten und Duschw\u00e4nden. Reinigt und sch\u00fctzt nachhaltig\" \/>\n<meta property=\"og:url\" content=\"https:\/\/www.csj-emballages.com\/de\/produit\/anti-kalk-reiniger-1-liter\/\" \/>\n<meta property=\"og:site_name\" content=\"CSJ Emballages\" \/>\n<meta property=\"article:publisher\" content=\"https:\/\/www.facebook.com\/csjemballages\" \/>\n<meta property=\"article:modified_time\" content=\"2026-03-12T15:01:26+00:00\" \/>\n<meta property=\"og:image\" content=\"https:\/\/www.csj-emballages.com\/wp-content\/uploads\/2024\/03\/saniataire-nettoyant-1-litre-csj-emballages-zoom-jpg.webp\" \/>\n\t<meta property=\"og:image:width\" content=\"515\" \/>\n\t<meta property=\"og:image:height\" content=\"515\" \/>\n\t<meta property=\"og:image:type\" content=\"image\/jpeg\" \/>\n<meta name=\"twitter:card\" content=\"summary_large_image\" \/>\n<meta name=\"twitter:label1\" content=\"Gesch\u00e4tzte Lesezeit\" \/>\n\t<meta name=\"twitter:data1\" content=\"1\u00a0Minute\" \/>\n<script type=\"application\/ld+json\" class=\"yoast-schema-graph\">{\"@context\":\"https:\/\/schema.org\",\"@graph\":[{\"@type\":\"WebPage\",\"@id\":\"https:\/\/www.csj-emballages.com\/de\/produit\/anti-kalk-reiniger-1-liter\/\",\"url\":\"https:\/\/www.csj-emballages.com\/de\/produit\/anti-kalk-reiniger-1-liter\/\",\"name\":\"Anti-Kalk-Reiniger 1 Liter\",\"isPartOf\":{\"@id\":\"https:\/\/www.csj-emballages.com\/de\/#website\"},\"primaryImageOfPage\":{\"@id\":\"https:\/\/www.csj-emballages.com\/de\/produit\/anti-kalk-reiniger-1-liter\/#primaryimage\"},\"image\":{\"@id\":\"https:\/\/www.csj-emballages.com\/de\/produit\/anti-kalk-reiniger-1-liter\/#primaryimage\"},\"thumbnailUrl\":\"https:\/\/www.csj-emballages.com\/wp-content\/uploads\/2024\/03\/04601.webp\",\"datePublished\":\"2024-03-01T16:00:15+00:00\",\"dateModified\":\"2026-03-12T15:01:26+00:00\",\"description\":\"Anti-Kalk-Reiniger 1L: Wirkt gegen Kalk und R\u00fcckst\u00e4nde auf Armaturen, Toiletten und Duschw\u00e4nden. Reinigt und sch\u00fctzt nachhaltig\",\"breadcrumb\":{\"@id\":\"https:\/\/www.csj-emballages.com\/de\/produit\/anti-kalk-reiniger-1-liter\/#breadcrumb\"},\"inLanguage\":\"de\",\"potentialAction\":[{\"@type\":\"ReadAction\",\"target\":[\"https:\/\/www.csj-emballages.com\/de\/produit\/anti-kalk-reiniger-1-liter\/\"]}]},{\"@type\":\"ImageObject\",\"inLanguage\":\"de\",\"@id\":\"https:\/\/www.csj-emballages.com\/de\/produit\/anti-kalk-reiniger-1-liter\/#primaryimage\",\"url\":\"https:\/\/www.csj-emballages.com\/wp-content\/uploads\/2024\/03\/04601.webp\",\"contentUrl\":\"https:\/\/www.csj-emballages.com\/wp-content\/uploads\/2024\/03\/04601.webp\",\"width\":800,\"height\":800,\"caption\":\"Nettoyant anticalcaire\"},{\"@type\":\"BreadcrumbList\",\"@id\":\"https:\/\/www.csj-emballages.com\/de\/produit\/anti-kalk-reiniger-1-liter\/#breadcrumb\",\"itemListElement\":[{\"@type\":\"ListItem\",\"position\":1,\"name\":\"Accueil\",\"item\":\"https:\/\/www.csj-emballages.com\/de\/universum-lebensmittelverpackungen\/\"},{\"@type\":\"ListItem\",\"position\":2,\"name\":\"Shop\",\"item\":\"https:\/\/www.csj-emballages.com\/shop\/\"},{\"@type\":\"ListItem\",\"position\":3,\"name\":\"Anti-Kalk-Reiniger 1 Liter\"}]},{\"@type\":\"WebSite\",\"@id\":\"https:\/\/www.csj-emballages.com\/de\/#website\",\"url\":\"https:\/\/www.csj-emballages.com\/de\/\",\"name\":\"CSJ Emballages\",\"description\":\"\",\"publisher\":{\"@id\":\"https:\/\/www.csj-emballages.com\/de\/#organization\"},\"potentialAction\":[{\"@type\":\"SearchAction\",\"target\":{\"@type\":\"EntryPoint\",\"urlTemplate\":\"https:\/\/www.csj-emballages.com\/de\/?s={search_term_string}\"},\"query-input\":{\"@type\":\"PropertyValueSpecification\",\"valueRequired\":true,\"valueName\":\"search_term_string\"}}],\"inLanguage\":\"de\"},{\"@type\":\"Organization\",\"@id\":\"https:\/\/www.csj-emballages.com\/de\/#Organization\/\",\"name\":\"CSJ Emballages\",\"url\":\"https:\/\/www.csj-emballages.com\/de\/\",\"logo\":{\"@type\":\"ImageObject\",\"inLanguage\":\"de\",\"@id\":\"https:\/\/www.csj-emballages.com\/de\/#\/schema\/logo\/image\/\",\"url\":\"https:\/\/www.csj-emballages.com\/wp-content\/uploads\/2023\/10\/logo_csj.webp\",\"contentUrl\":\"https:\/\/www.csj-emballages.com\/wp-content\/uploads\/2023\/10\/logo_csj.webp\",\"width\":250,\"height\":95,\"caption\":\"CSJ Emballages\"},\"image\":{\"@id\":\"https:\/\/www.csj-emballages.com\/de\/#\/schema\/logo\/image\/\"},\"sameAs\":[\"https:\/\/www.facebook.com\/csjemballages\"],\"address\":{\"@type\":\"PostalAddress\",\"streetAddress\":\"ZI La Lechere\",\"addressLocality\":\"Patornay\",\"postalCode\":\"39130\",\"addressCountry\":\"FR\"},\"contactPoint\":[{\"@type\":\"ContactPoint\",\"contactType\":\"Service client\",\"telephone\":\"0384254272\",\"email\":\"contact@csj-emballages.com\"}]}]}<\/script>\n<!-- \/ Yoast SEO Premium plugin. -->","yoast_head_json":{"title":"Anti-Kalk-Reiniger 1 Liter","description":"Anti-Kalk-Reiniger 1L: Wirkt gegen Kalk und R\u00fcckst\u00e4nde auf Armaturen, Toiletten und Duschw\u00e4nden. Reinigt und sch\u00fctzt nachhaltig","robots":{"index":"index","follow":"follow","max-snippet":"max-snippet:-1","max-image-preview":"max-image-preview:large","max-video-preview":"max-video-preview:-1"},"canonical":"https:\/\/www.csj-emballages.com\/de\/produit\/anti-kalk-reiniger-1-liter\/","og_locale":"de_DE","og_type":"article","og_title":"Anti-Kalk-Reiniger 1 Liter","og_description":"Anti-Kalk-Reiniger 1L: Wirkt gegen Kalk und R\u00fcckst\u00e4nde auf Armaturen, Toiletten und Duschw\u00e4nden. Reinigt und sch\u00fctzt nachhaltig","og_url":"https:\/\/www.csj-emballages.com\/de\/produit\/anti-kalk-reiniger-1-liter\/","og_site_name":"CSJ Emballages","article_publisher":"https:\/\/www.facebook.com\/csjemballages","article_modified_time":"2026-03-12T15:01:26+00:00","og_image":[{"width":515,"height":515,"url":"https:\/\/www.csj-emballages.com\/wp-content\/uploads\/2024\/03\/saniataire-nettoyant-1-litre-csj-emballages-zoom-jpg.webp","type":"image\/jpeg"}],"twitter_card":"summary_large_image","twitter_misc":{"Gesch\u00e4tzte Lesezeit":"1\u00a0Minute"},"schema":{"@context":"https:\/\/schema.org","@graph":[{"@type":"WebPage","@id":"https:\/\/www.csj-emballages.com\/de\/produit\/anti-kalk-reiniger-1-liter\/","url":"https:\/\/www.csj-emballages.com\/de\/produit\/anti-kalk-reiniger-1-liter\/","name":"Anti-Kalk-Reiniger 1 Liter","isPartOf":{"@id":"https:\/\/www.csj-emballages.com\/de\/#website"},"primaryImageOfPage":{"@id":"https:\/\/www.csj-emballages.com\/de\/produit\/anti-kalk-reiniger-1-liter\/#primaryimage"},"image":{"@id":"https:\/\/www.csj-emballages.com\/de\/produit\/anti-kalk-reiniger-1-liter\/#primaryimage"},"thumbnailUrl":"https:\/\/www.csj-emballages.com\/wp-content\/uploads\/2024\/03\/04601.webp","datePublished":"2024-03-01T16:00:15+00:00","dateModified":"2026-03-12T15:01:26+00:00","description":"Anti-Kalk-Reiniger 1L: Wirkt gegen Kalk und R\u00fcckst\u00e4nde auf Armaturen, Toiletten und Duschw\u00e4nden. Reinigt und sch\u00fctzt nachhaltig","breadcrumb":{"@id":"https:\/\/www.csj-emballages.com\/de\/produit\/anti-kalk-reiniger-1-liter\/#breadcrumb"},"inLanguage":"de","potentialAction":[{"@type":"ReadAction","target":["https:\/\/www.csj-emballages.com\/de\/produit\/anti-kalk-reiniger-1-liter\/"]}]},{"@type":"ImageObject","inLanguage":"de","@id":"https:\/\/www.csj-emballages.com\/de\/produit\/anti-kalk-reiniger-1-liter\/#primaryimage","url":"https:\/\/www.csj-emballages.com\/wp-content\/uploads\/2024\/03\/04601.webp","contentUrl":"https:\/\/www.csj-emballages.com\/wp-content\/uploads\/2024\/03\/04601.webp","width":800,"height":800,"caption":"Nettoyant anticalcaire"},{"@type":"BreadcrumbList","@id":"https:\/\/www.csj-emballages.com\/de\/produit\/anti-kalk-reiniger-1-liter\/#breadcrumb","itemListElement":[{"@type":"ListItem","position":1,"name":"Accueil","item":"https:\/\/www.csj-emballages.com\/de\/universum-lebensmittelverpackungen\/"},{"@type":"ListItem","position":2,"name":"Shop","item":"https:\/\/www.csj-emballages.com\/shop\/"},{"@type":"ListItem","position":3,"name":"Anti-Kalk-Reiniger 1 Liter"}]},{"@type":"WebSite","@id":"https:\/\/www.csj-emballages.com\/de\/#website","url":"https:\/\/www.csj-emballages.com\/de\/","name":"CSJ Emballages","description":"","publisher":{"@id":"https:\/\/www.csj-emballages.com\/de\/#organization"},"potentialAction":[{"@type":"SearchAction","target":{"@type":"EntryPoint","urlTemplate":"https:\/\/www.csj-emballages.com\/de\/?s={search_term_string}"},"query-input":{"@type":"PropertyValueSpecification","valueRequired":true,"valueName":"search_term_string"}}],"inLanguage":"de"},{"@type":"Organization","@id":"https:\/\/www.csj-emballages.com\/de\/#Organization\/","name":"CSJ Emballages","url":"https:\/\/www.csj-emballages.com\/de\/","logo":{"@type":"ImageObject","inLanguage":"de","@id":"https:\/\/www.csj-emballages.com\/de\/#\/schema\/logo\/image\/","url":"https:\/\/www.csj-emballages.com\/wp-content\/uploads\/2023\/10\/logo_csj.webp","contentUrl":"https:\/\/www.csj-emballages.com\/wp-content\/uploads\/2023\/10\/logo_csj.webp","width":250,"height":95,"caption":"CSJ Emballages"},"image":{"@id":"https:\/\/www.csj-emballages.com\/de\/#\/schema\/logo\/image\/"},"sameAs":["https:\/\/www.facebook.com\/csjemballages"],"address":{"@type":"PostalAddress","streetAddress":"ZI La Lechere","addressLocality":"Patornay","postalCode":"39130","addressCountry":"FR"},"contactPoint":[{"@type":"ContactPoint","contactType":"Service client","telephone":"0384254272","email":"contact@csj-emballages.com"}]}]}},"df_price":3.58,"df_sale_price":"","df_regular_price":3.58,"df_image_link":"https:\/\/www.csj-emballages.com\/wp-content\/uploads\/2024\/03\/04601-300x300.webp","tiered_pricing_type":"fixed","tiered_pricing_fixed_rules":[],"tiered_pricing_percentage_rules":[],"tiered_pricing_minimum":1,"tiered_pricing_roles_data":[],"_links":{"self":[{"href":"https:\/\/www.csj-emballages.com\/de\/wp-json\/wp\/v2\/product\/17326","targetHints":{"allow":["GET"]}}],"collection":[{"href":"https:\/\/www.csj-emballages.com\/de\/wp-json\/wp\/v2\/product"}],"about":[{"href":"https:\/\/www.csj-emballages.com\/de\/wp-json\/wp\/v2\/types\/product"}],"wp:featuredmedia":[{"embeddable":true,"href":"https:\/\/www.csj-emballages.com\/de\/wp-json\/wp\/v2\/media\/239409"}],"wp:attachment":[{"href":"https:\/\/www.csj-emballages.com\/de\/wp-json\/wp\/v2\/media?parent=17326"}],"wp:term":[{"taxonomy":"product_brand","embeddable":true,"href":"https:\/\/www.csj-emballages.com\/de\/wp-json\/wp\/v2\/product_brand?post=17326"},{"taxonomy":"product_cat","embeddable":true,"href":"https:\/\/www.csj-emballages.com\/de\/wp-json\/wp\/v2\/product_cat?post=17326"},{"taxonomy":"product_tag","embeddable":true,"href":"https:\/\/www.csj-emballages.com\/de\/wp-json\/wp\/v2\/product_tag?post=17326"}],"curies":[{"name":"wp","href":"https:\/\/api.w.org\/{rel}","templated":true}]}}