{"id":17310,"date":"2024-03-01T17:00:14","date_gmt":"2024-03-01T16:00:14","guid":{"rendered":"https:\/\/u15jnbdpoq.preview.infomaniak.website\/produit\/handgel-mit-mikroperlen-orangenduft-mit-pumpe-3-8-liter\/"},"modified":"2026-04-28T02:10:34","modified_gmt":"2026-04-28T00:10:34","slug":"handgel-mit-mikroperlen-orangenduft-mit-pumpe-3-8-liter","status":"publish","type":"product","link":"https:\/\/www.csj-emballages.com\/de\/produit\/handgel-mit-mikroperlen-orangenduft-mit-pumpe-3-8-liter\/","title":{"rendered":"Gel Mikroperlen H\u00e4nde Orangenduft mit Pumpe 3.8 Liter"},"content":{"rendered":"<h2 class=\"p1 ai-optimize-26\">Gel mit Mikroperlen H\u00e4nde<\/h2>\n<hr>\n<h3 class=\"ai-optimize-34\">Beschreibung unseres Mikroperlen-Handgels mit Orangenduft mit Pumpe 3.8 Liter<\/h3>\n<p><!--more--><\/p>\n<p class=\"ai-optimize-28 ai-optimize-introduction\" data-start=\"254\" data-end=\"746\">Dieses <strong>Handreinigungsgel mit Mikroperlen<\/strong> wurde speziell f\u00fcr die Anforderungen von Berufst\u00e4tigen entwickelt, die mit hartn\u00e4ckigen Verschmutzungen konfrontiert sind. Es ist der ideale Verb\u00fcndete in Umgebungen, in denen eine effiziente Reinigung von entscheidender Bedeutung ist. Dank seiner mit <g id=\"gid_1\">mineralischen Mikroperlen<\/g> angereicherten Formel entfernt es gr\u00fcndlich Fette, \u00d6le, Farben, Tinte, Industriestaub und andere hartn\u00e4ckige Verschmutzungen. Seine sanfte, aber kraftvolle mechanische Wirkung l\u00f6st Unreinheiten, ohne die Haut anzugreifen.  <\/p>\n<p class=\"ai-optimize-29\" data-start=\"748\" data-end=\"1150\">Der <strong data-start=\"751\" data-end=\"770\">Orangenduft<\/strong> verleiht jeder Anwendung einen frischen, angenehmen Hauch und macht den Moment der Hygiene angenehmer, selbst nach einem langen Tag mit k\u00f6rperlicher Arbeit. Das <g id=\"gid_1\">Gel<\/g> wird in einem <g id=\"gid_2\">3,8-Liter-Kanister mit Pumpe<\/g> geliefert, der eine einfache, sparsame und hygienische Entnahme bietet. Jede Dosis von <strong data-start=\"1059\" data-end=\"1069\">3,5 ml<\/strong> reicht aus, um eine effektive Reinigung zu gew\u00e4hrleisten und gleichzeitig den Produktverlust zu minimieren.  <\/p>\n<p class=\"ai-optimize-30\" data-start=\"1152\" data-end=\"1386\">Ideal f\u00fcr Werkst\u00e4tten, Garagen, Baustellen oder andere Orte, an denen intensives <strong>H\u00e4ndewaschen<\/strong> erforderlich ist. Dieses <strong>Handgel mit Mikroperlen<\/strong> eignet sich f\u00fcr Handwerker ebenso wie f\u00fcr Wartungsteams oder Fachkr\u00e4fte in der Gastronomie und der Industrie.<\/p>\n<p class=\"ai-optimize-31\" data-start=\"1388\" data-end=\"1560\">Seine nicht klebrige Textur und das einfache Absp\u00fclen erm\u00f6glichen eine regelm\u00e4\u00dfige Anwendung, ohne R\u00fcckst\u00e4nde zu hinterlassen. Sie vereint <strong data-start=\"1505\" data-end=\"1559\">Leistung, Anwendungskomfort und Hautfreundlichkeit<\/strong>. <\/p>\n<p><!--more--><\/p>\n<h4 class=\"ai-optimize-37\"><strong>Seine Vorteile :<\/strong><\/h4>\n<ul>\n<li class=\"ai-optimize-38\">Entfernt spezielle Verschmutzungen (Fette, \u00d6le, Farben usw.).<\/li>\n<li class=\"ai-optimize-39\">Enth\u00e4lt milde, aber effektive mineralische Mikroperlen.<\/li>\n<li class=\"ai-optimize-40\">Sparformat 3,8 L mit eingebauter Pumpe.<\/li>\n<li class=\"ai-optimize-42\">Optimale Dosis von 3,5 ml f\u00fcr eine kontrollierte Reinigung.<\/li>\n<li class=\"ai-optimize-43\">Schont die Epidermis, trocknet die H\u00e4nde nicht aus.<\/li>\n<\/ul>\n<p>&nbsp;<\/p>\n<p><!--more--><\/p>\n<h4 class=\"ai-optimize-44\">Weitere Informationen :<\/h4>\n<ul>\n<li class=\"ai-optimize-45\"><strong>Verpackung<\/strong>: Einzeln<\/li>\n<li class=\"ai-optimize-47\"><strong>Verwendung<\/strong>: Handreinigung<\/li>\n<li class=\"ai-optimize-48\"><b>Dosis\/Pumpe <\/b>: 3,5 ml<\/li>\n<li class=\"ai-optimize-32\"><strong>Farbe<\/strong>: Orange<\/li>\n<li class=\"ai-optimize-34\"><strong>Duftnote<\/strong>: Orange<\/li>\n<li class=\"ai-optimize-35\"><strong>Volumen<\/strong>: 3,8 Liter<\/li>\n<\/ul>\n<p>&nbsp;<\/p>\n<p><!--more--><\/p>\n<p class=\"ai-optimize-34\">Hier finden Sie unseren konzentrierten fettl\u00f6senden Bodenreiniger 5L : <span style=\"color: #d12727\"><a style=\"color: #d12727\" href=\"https:\/\/www.csj-emballages.com\/produit\/nettoyant-degraissant-alcalin-5l-2\/\">03265<\/a><\/span><\/p>\n<p>&nbsp;<\/p>\n<p><!--more--><\/p>\n<p class=\"ai-optimize-41\"><a href=\"https:\/\/www.csj-emballages.com\/de\/categorie-produit\/hygiene-und-pflege\/pflegeprodukte\/garage-de\/\">Sehen Sie sich den Rest unseres Sortiments an Garagenpflegeprodukten an<\/a><\/p>\n","protected":false},"excerpt":{"rendered":"<p>Gel mit Mikroperlen H\u00e4nde Beschreibung unseres Mikroperlen-Handgels mit Orangenduft mit Pumpe 3.8 Liter<\/p>\n","protected":false},"featured_media":235915,"template":"","meta":{"_acf_changed":false},"product_brand":[],"product_cat":[1218,1219,1396,1351,1352],"product_tag":[],"class_list":{"0":"post-17310","1":"product","2":"type-product","3":"status-publish","4":"has-post-thumbnail","6":"product_cat-hygiene-und-pflege","7":"product_cat-pflegeprodukte","8":"product_cat-garage-de","9":"product_cat-korperhygiene","10":"product_cat-handseife","11":"product_shipping_class-verboten-in-staffeln","13":"first","14":"instock","15":"taxable","16":"shipping-taxable","17":"purchasable","18":"product-type-simple"},"acf":[],"yoast_head":"<!-- This site is optimized with the Yoast SEO Premium plugin v26.6 (Yoast SEO v26.6) - https:\/\/yoast.com\/wordpress\/plugins\/seo\/ -->\n<title>Gel Mikroperlen H\u00e4nde Orangenduft mit Pumpe 3.8 Liter<\/title>\n<meta name=\"description\" content=\"Mikroperlen-Handgel Orangenduft 3,8 L mit Pumpe. Ideal f\u00fcr hartn\u00e4ckige Verschmutzungen. Starke Reinigung, frischer Duft, f\u00fcr den professionellen Gebrauch.\" \/>\n<meta name=\"robots\" content=\"index, follow, max-snippet:-1, max-image-preview:large, max-video-preview:-1\" \/>\n<link rel=\"canonical\" href=\"https:\/\/www.csj-emballages.com\/de\/produit\/handgel-mit-mikroperlen-orangenduft-mit-pumpe-3-8-liter\/\" \/>\n<meta property=\"og:locale\" content=\"de_DE\" \/>\n<meta property=\"og:type\" content=\"article\" \/>\n<meta property=\"og:title\" content=\"Gel Mikroperlen H\u00e4nde Orangenduft mit Pumpe 3.8 Liter\" \/>\n<meta property=\"og:description\" content=\"Mikroperlen-Handgel Orangenduft 3,8 L mit Pumpe. Ideal f\u00fcr hartn\u00e4ckige Verschmutzungen. Starke Reinigung, frischer Duft, f\u00fcr den professionellen Gebrauch.\" \/>\n<meta property=\"og:url\" content=\"https:\/\/www.csj-emballages.com\/de\/produit\/handgel-mit-mikroperlen-orangenduft-mit-pumpe-3-8-liter\/\" \/>\n<meta property=\"og:site_name\" content=\"CSJ Emballages\" \/>\n<meta property=\"article:publisher\" content=\"https:\/\/www.facebook.com\/csjemballages\" \/>\n<meta property=\"article:modified_time\" content=\"2026-04-28T00:10:34+00:00\" \/>\n<meta property=\"og:image\" content=\"https:\/\/www.csj-emballages.com\/wp-content\/uploads\/2024\/03\/04SBFCLEAN.webp\" \/>\n\t<meta property=\"og:image:width\" content=\"800\" \/>\n\t<meta property=\"og:image:height\" content=\"800\" \/>\n\t<meta property=\"og:image:type\" content=\"image\/webp\" \/>\n<meta name=\"twitter:card\" content=\"summary_large_image\" \/>\n<meta name=\"twitter:label1\" content=\"Gesch\u00e4tzte Lesezeit\" \/>\n\t<meta name=\"twitter:data1\" content=\"1\u00a0Minute\" \/>\n<script type=\"application\/ld+json\" class=\"yoast-schema-graph\">{\"@context\":\"https:\/\/schema.org\",\"@graph\":[{\"@type\":\"WebPage\",\"@id\":\"https:\/\/www.csj-emballages.com\/de\/produit\/handgel-mit-mikroperlen-orangenduft-mit-pumpe-3-8-liter\/\",\"url\":\"https:\/\/www.csj-emballages.com\/de\/produit\/handgel-mit-mikroperlen-orangenduft-mit-pumpe-3-8-liter\/\",\"name\":\"Gel Mikroperlen H\u00e4nde Orangenduft mit Pumpe 3.8 Liter\",\"isPartOf\":{\"@id\":\"https:\/\/www.csj-emballages.com\/de\/#website\"},\"primaryImageOfPage\":{\"@id\":\"https:\/\/www.csj-emballages.com\/de\/produit\/handgel-mit-mikroperlen-orangenduft-mit-pumpe-3-8-liter\/#primaryimage\"},\"image\":{\"@id\":\"https:\/\/www.csj-emballages.com\/de\/produit\/handgel-mit-mikroperlen-orangenduft-mit-pumpe-3-8-liter\/#primaryimage\"},\"thumbnailUrl\":\"https:\/\/www.csj-emballages.com\/wp-content\/uploads\/2024\/03\/04SBFCLEAN.webp\",\"datePublished\":\"2024-03-01T16:00:14+00:00\",\"dateModified\":\"2026-04-28T00:10:34+00:00\",\"description\":\"Mikroperlen-Handgel Orangenduft 3,8 L mit Pumpe. Ideal f\u00fcr hartn\u00e4ckige Verschmutzungen. Starke Reinigung, frischer Duft, f\u00fcr den professionellen Gebrauch.\",\"breadcrumb\":{\"@id\":\"https:\/\/www.csj-emballages.com\/de\/produit\/handgel-mit-mikroperlen-orangenduft-mit-pumpe-3-8-liter\/#breadcrumb\"},\"inLanguage\":\"de\",\"potentialAction\":[{\"@type\":\"ReadAction\",\"target\":[\"https:\/\/www.csj-emballages.com\/de\/produit\/handgel-mit-mikroperlen-orangenduft-mit-pumpe-3-8-liter\/\"]}]},{\"@type\":\"ImageObject\",\"inLanguage\":\"de\",\"@id\":\"https:\/\/www.csj-emballages.com\/de\/produit\/handgel-mit-mikroperlen-orangenduft-mit-pumpe-3-8-liter\/#primaryimage\",\"url\":\"https:\/\/www.csj-emballages.com\/wp-content\/uploads\/2024\/03\/04SBFCLEAN.webp\",\"contentUrl\":\"https:\/\/www.csj-emballages.com\/wp-content\/uploads\/2024\/03\/04SBFCLEAN.webp\",\"width\":800,\"height\":800,\"caption\":\"Gel microbilles mains\"},{\"@type\":\"BreadcrumbList\",\"@id\":\"https:\/\/www.csj-emballages.com\/de\/produit\/handgel-mit-mikroperlen-orangenduft-mit-pumpe-3-8-liter\/#breadcrumb\",\"itemListElement\":[{\"@type\":\"ListItem\",\"position\":1,\"name\":\"Accueil\",\"item\":\"https:\/\/www.csj-emballages.com\/de\/universum-lebensmittelverpackungen\/\"},{\"@type\":\"ListItem\",\"position\":2,\"name\":\"Shop\",\"item\":\"https:\/\/www.csj-emballages.com\/shop\/\"},{\"@type\":\"ListItem\",\"position\":3,\"name\":\"Gel Mikroperlen H\u00e4nde Orangenduft mit Pumpe 3.8 Liter\"}]},{\"@type\":\"WebSite\",\"@id\":\"https:\/\/www.csj-emballages.com\/de\/#website\",\"url\":\"https:\/\/www.csj-emballages.com\/de\/\",\"name\":\"CSJ Emballages\",\"description\":\"\",\"publisher\":{\"@id\":\"https:\/\/www.csj-emballages.com\/de\/#organization\"},\"potentialAction\":[{\"@type\":\"SearchAction\",\"target\":{\"@type\":\"EntryPoint\",\"urlTemplate\":\"https:\/\/www.csj-emballages.com\/de\/?s={search_term_string}\"},\"query-input\":{\"@type\":\"PropertyValueSpecification\",\"valueRequired\":true,\"valueName\":\"search_term_string\"}}],\"inLanguage\":\"de\"},{\"@type\":\"Organization\",\"@id\":\"https:\/\/www.csj-emballages.com\/de\/#Organization\/\",\"name\":\"CSJ Emballages\",\"url\":\"https:\/\/www.csj-emballages.com\/de\/\",\"logo\":{\"@type\":\"ImageObject\",\"inLanguage\":\"de\",\"@id\":\"https:\/\/www.csj-emballages.com\/de\/#\/schema\/logo\/image\/\",\"url\":\"https:\/\/www.csj-emballages.com\/wp-content\/uploads\/2023\/10\/logo_csj.webp\",\"contentUrl\":\"https:\/\/www.csj-emballages.com\/wp-content\/uploads\/2023\/10\/logo_csj.webp\",\"width\":250,\"height\":95,\"caption\":\"CSJ Emballages\"},\"image\":{\"@id\":\"https:\/\/www.csj-emballages.com\/de\/#\/schema\/logo\/image\/\"},\"sameAs\":[\"https:\/\/www.facebook.com\/csjemballages\"],\"address\":{\"@type\":\"PostalAddress\",\"streetAddress\":\"ZI La Lechere\",\"addressLocality\":\"Patornay\",\"postalCode\":\"39130\",\"addressCountry\":\"FR\"},\"contactPoint\":[{\"@type\":\"ContactPoint\",\"contactType\":\"Service client\",\"telephone\":\"0384254272\",\"email\":\"contact@csj-emballages.com\"}]}]}<\/script>\n<!-- \/ Yoast SEO Premium plugin. -->","yoast_head_json":{"title":"Gel Mikroperlen H\u00e4nde Orangenduft mit Pumpe 3.8 Liter","description":"Mikroperlen-Handgel Orangenduft 3,8 L mit Pumpe. Ideal f\u00fcr hartn\u00e4ckige Verschmutzungen. Starke Reinigung, frischer Duft, f\u00fcr den professionellen Gebrauch.","robots":{"index":"index","follow":"follow","max-snippet":"max-snippet:-1","max-image-preview":"max-image-preview:large","max-video-preview":"max-video-preview:-1"},"canonical":"https:\/\/www.csj-emballages.com\/de\/produit\/handgel-mit-mikroperlen-orangenduft-mit-pumpe-3-8-liter\/","og_locale":"de_DE","og_type":"article","og_title":"Gel Mikroperlen H\u00e4nde Orangenduft mit Pumpe 3.8 Liter","og_description":"Mikroperlen-Handgel Orangenduft 3,8 L mit Pumpe. Ideal f\u00fcr hartn\u00e4ckige Verschmutzungen. Starke Reinigung, frischer Duft, f\u00fcr den professionellen Gebrauch.","og_url":"https:\/\/www.csj-emballages.com\/de\/produit\/handgel-mit-mikroperlen-orangenduft-mit-pumpe-3-8-liter\/","og_site_name":"CSJ Emballages","article_publisher":"https:\/\/www.facebook.com\/csjemballages","article_modified_time":"2026-04-28T00:10:34+00:00","og_image":[{"width":800,"height":800,"url":"https:\/\/www.csj-emballages.com\/wp-content\/uploads\/2024\/03\/04SBFCLEAN.webp","type":"image\/webp"}],"twitter_card":"summary_large_image","twitter_misc":{"Gesch\u00e4tzte Lesezeit":"1\u00a0Minute"},"schema":{"@context":"https:\/\/schema.org","@graph":[{"@type":"WebPage","@id":"https:\/\/www.csj-emballages.com\/de\/produit\/handgel-mit-mikroperlen-orangenduft-mit-pumpe-3-8-liter\/","url":"https:\/\/www.csj-emballages.com\/de\/produit\/handgel-mit-mikroperlen-orangenduft-mit-pumpe-3-8-liter\/","name":"Gel Mikroperlen H\u00e4nde Orangenduft mit Pumpe 3.8 Liter","isPartOf":{"@id":"https:\/\/www.csj-emballages.com\/de\/#website"},"primaryImageOfPage":{"@id":"https:\/\/www.csj-emballages.com\/de\/produit\/handgel-mit-mikroperlen-orangenduft-mit-pumpe-3-8-liter\/#primaryimage"},"image":{"@id":"https:\/\/www.csj-emballages.com\/de\/produit\/handgel-mit-mikroperlen-orangenduft-mit-pumpe-3-8-liter\/#primaryimage"},"thumbnailUrl":"https:\/\/www.csj-emballages.com\/wp-content\/uploads\/2024\/03\/04SBFCLEAN.webp","datePublished":"2024-03-01T16:00:14+00:00","dateModified":"2026-04-28T00:10:34+00:00","description":"Mikroperlen-Handgel Orangenduft 3,8 L mit Pumpe. Ideal f\u00fcr hartn\u00e4ckige Verschmutzungen. Starke Reinigung, frischer Duft, f\u00fcr den professionellen Gebrauch.","breadcrumb":{"@id":"https:\/\/www.csj-emballages.com\/de\/produit\/handgel-mit-mikroperlen-orangenduft-mit-pumpe-3-8-liter\/#breadcrumb"},"inLanguage":"de","potentialAction":[{"@type":"ReadAction","target":["https:\/\/www.csj-emballages.com\/de\/produit\/handgel-mit-mikroperlen-orangenduft-mit-pumpe-3-8-liter\/"]}]},{"@type":"ImageObject","inLanguage":"de","@id":"https:\/\/www.csj-emballages.com\/de\/produit\/handgel-mit-mikroperlen-orangenduft-mit-pumpe-3-8-liter\/#primaryimage","url":"https:\/\/www.csj-emballages.com\/wp-content\/uploads\/2024\/03\/04SBFCLEAN.webp","contentUrl":"https:\/\/www.csj-emballages.com\/wp-content\/uploads\/2024\/03\/04SBFCLEAN.webp","width":800,"height":800,"caption":"Gel microbilles mains"},{"@type":"BreadcrumbList","@id":"https:\/\/www.csj-emballages.com\/de\/produit\/handgel-mit-mikroperlen-orangenduft-mit-pumpe-3-8-liter\/#breadcrumb","itemListElement":[{"@type":"ListItem","position":1,"name":"Accueil","item":"https:\/\/www.csj-emballages.com\/de\/universum-lebensmittelverpackungen\/"},{"@type":"ListItem","position":2,"name":"Shop","item":"https:\/\/www.csj-emballages.com\/shop\/"},{"@type":"ListItem","position":3,"name":"Gel Mikroperlen H\u00e4nde Orangenduft mit Pumpe 3.8 Liter"}]},{"@type":"WebSite","@id":"https:\/\/www.csj-emballages.com\/de\/#website","url":"https:\/\/www.csj-emballages.com\/de\/","name":"CSJ Emballages","description":"","publisher":{"@id":"https:\/\/www.csj-emballages.com\/de\/#organization"},"potentialAction":[{"@type":"SearchAction","target":{"@type":"EntryPoint","urlTemplate":"https:\/\/www.csj-emballages.com\/de\/?s={search_term_string}"},"query-input":{"@type":"PropertyValueSpecification","valueRequired":true,"valueName":"search_term_string"}}],"inLanguage":"de"},{"@type":"Organization","@id":"https:\/\/www.csj-emballages.com\/de\/#Organization\/","name":"CSJ Emballages","url":"https:\/\/www.csj-emballages.com\/de\/","logo":{"@type":"ImageObject","inLanguage":"de","@id":"https:\/\/www.csj-emballages.com\/de\/#\/schema\/logo\/image\/","url":"https:\/\/www.csj-emballages.com\/wp-content\/uploads\/2023\/10\/logo_csj.webp","contentUrl":"https:\/\/www.csj-emballages.com\/wp-content\/uploads\/2023\/10\/logo_csj.webp","width":250,"height":95,"caption":"CSJ Emballages"},"image":{"@id":"https:\/\/www.csj-emballages.com\/de\/#\/schema\/logo\/image\/"},"sameAs":["https:\/\/www.facebook.com\/csjemballages"],"address":{"@type":"PostalAddress","streetAddress":"ZI La Lechere","addressLocality":"Patornay","postalCode":"39130","addressCountry":"FR"},"contactPoint":[{"@type":"ContactPoint","contactType":"Service client","telephone":"0384254272","email":"contact@csj-emballages.com"}]}]}},"df_price":15.94,"df_sale_price":"","df_regular_price":15.94,"df_image_link":"https:\/\/www.csj-emballages.com\/wp-content\/uploads\/2024\/03\/04SBFCLEAN-300x300.webp","tiered_pricing_type":"fixed","tiered_pricing_fixed_rules":[],"tiered_pricing_percentage_rules":[],"tiered_pricing_minimum":1,"tiered_pricing_roles_data":[],"_links":{"self":[{"href":"https:\/\/www.csj-emballages.com\/de\/wp-json\/wp\/v2\/product\/17310","targetHints":{"allow":["GET"]}}],"collection":[{"href":"https:\/\/www.csj-emballages.com\/de\/wp-json\/wp\/v2\/product"}],"about":[{"href":"https:\/\/www.csj-emballages.com\/de\/wp-json\/wp\/v2\/types\/product"}],"wp:featuredmedia":[{"embeddable":true,"href":"https:\/\/www.csj-emballages.com\/de\/wp-json\/wp\/v2\/media\/235915"}],"wp:attachment":[{"href":"https:\/\/www.csj-emballages.com\/de\/wp-json\/wp\/v2\/media?parent=17310"}],"wp:term":[{"taxonomy":"product_brand","embeddable":true,"href":"https:\/\/www.csj-emballages.com\/de\/wp-json\/wp\/v2\/product_brand?post=17310"},{"taxonomy":"product_cat","embeddable":true,"href":"https:\/\/www.csj-emballages.com\/de\/wp-json\/wp\/v2\/product_cat?post=17310"},{"taxonomy":"product_tag","embeddable":true,"href":"https:\/\/www.csj-emballages.com\/de\/wp-json\/wp\/v2\/product_tag?post=17310"}],"curies":[{"name":"wp","href":"https:\/\/api.w.org\/{rel}","templated":true}]}}