{"id":17303,"date":"2024-03-01T17:00:15","date_gmt":"2024-03-01T16:00:15","guid":{"rendered":"https:\/\/u15jnbdpoq.preview.infomaniak.website\/produit\/desinfizierender-fettloeser-fuer-den-manuellen-gebrauch-oder-in-der-hygienezentrale-kanister-5-l\/"},"modified":"2026-05-01T02:10:21","modified_gmt":"2026-05-01T00:10:21","slug":"desinfizierender-fettloeser-fuer-den-manuellen-gebrauch-oder-in-der-hygienezentrale-kanister-5-l","status":"publish","type":"product","link":"https:\/\/www.csj-emballages.com\/de\/produit\/desinfizierender-fettloeser-fuer-den-manuellen-gebrauch-oder-in-der-hygienezentrale-kanister-5-l\/","title":{"rendered":"Desinfizierender Fettl\u00f6ser f\u00fcr den manuellen Gebrauch oder in der Hygienezentrale Kanister 5 L"},"content":{"rendered":"<h2>Desinfizierender Fettl\u00f6ser<\/h2>\n<div style=\"font-family: Roboto, sans-serif;\">\n<div style=\"font-family: Roboto, sans-serif;\">\n<div style=\"font-family: Roboto, sans-serif;\">\n<div style=\"font-family: Roboto, sans-serif;\">\n<div style=\"font-family: Roboto, sans-serif;\">\n<div style=\"font-family: Roboto, sans-serif;\">\n<hr>\n<h3>Beschreibung unseres desinfizierenden Fettl\u00f6sers manuelle Anwendung oder in der Hygienezentrale Kanister 5 L<\/h3>\n<p><!--more--><\/p>\n<p>Der <strong>desinfizierende Fettl\u00f6ser Kanister 5L<\/strong> ist ideal f\u00fcr den manuellen Gebrauch oder in Hygienezentralen. Es erm\u00f6glicht eine wirksame Reinigung aller Oberfl\u00e4chen bei gleichzeitiger gr\u00fcndlicher Desinfektion. Dieses Produkt wurde speziell entwickelt, um hartn\u00e4ckige Fette und Speisereste zu entfernen. Es wirkt schnell und hinterl\u00e4sst die Oberfl\u00e4chen sauber und streifenfrei. Dank seiner desinfizierenden Formel vernichtet es Bakterien, Viren und Pilze in einer einzigen Anwendung.    <\/p>\n<p>Dieser <strong>desinfizierende Fettl\u00f6ser im 5-Liter-Kanister<\/strong> ist ein unentbehrliches Hilfsmittel, um R\u00e4ume gesund zu halten und den Hygienevorschriften zu entsprechen. Seine Gr\u00f6\u00dfe von 20 L ist wirtschaftlich, langlebig und praktisch. Die regelm\u00e4\u00dfige Anwendung dieses Produkts garantiert eine einwandfreie Sauberkeit und eine zuverl\u00e4ssige Desinfektion.  <\/p>\n<p>&nbsp;<\/p>\n<\/div>\n<\/div>\n<\/div>\n<\/div>\n<\/div>\n<\/div>\n<p><!--more--><\/p>\n<div style=\"font-family: Roboto, sans-serif;\">\n<div style=\"font-family: Roboto, sans-serif;\">\n<div style=\"font-family: Roboto, sans-serif;\">\n<div style=\"font-family: Roboto, sans-serif;\">\n<div style=\"font-family: Roboto, sans-serif;\">\n<div style=\"font-family: Roboto, sans-serif;\">\n<p><span style=\"color: #3366ff;\"><strong>DETERQUAT DNA<\/strong><\/span> ist:<br \/>\n&#8211; Bakterizid<br \/>\n&#8211; Levurizid-Fungizid<br \/>\n&#8211; Fungizid<br \/>\n&#8211; Viruzid<\/p>\n<p>&nbsp;<\/p>\n<\/div>\n<\/div>\n<\/div>\n<\/div>\n<\/div>\n<\/div>\n<p><!--more--><\/p>\n<div style=\"font-family: Roboto, sans-serif;\">\n<div style=\"font-family: Roboto, sans-serif;\">\n<div style=\"font-family: Roboto, sans-serif;\">\n<div style=\"font-family: Roboto, sans-serif;\">\n<div style=\"font-family: Roboto, sans-serif;\">\n<div style=\"font-family: Roboto, sans-serif;\">\n<h4><b>Gebrauchsanweisung :<\/b><\/h4>\n<ul>\n<li><b>Bakterizid:<\/b> 50 mL in 5 l Wasser bei mindestens 30\u00b0C verd\u00fcnnen. Spr\u00fchen Sie auf die Oberfl\u00e4chen. Lassen Sie es 5 Minuten einwirken. Nach der Anwendung absp\u00fclen.   <\/li>\n<li><b>Levurozid &#8211; Fungizid:<\/b> 150 mL in 5 L Wasser bei mindestens 30\u00b0C verd\u00fcnnen. Auf die Oberfl\u00e4chen spr\u00fchen. 15 Minuten einwirken lassen. Nach der Anwendung absp\u00fclen.   <\/li>\n<li><b>Viruzid:<\/b> F\u00fcr Oberfl\u00e4chen, die mit Lebensmitteln in Ber\u00fchrung kommen, verd\u00fcnnen Sie je nach gew\u00fcnschter Wirksamkeit mit 5 L Wasser bei mindestens 20\u00b0C. Auf die Oberfl\u00e4chen aufspr\u00fchen. Je nach gew\u00fcnschter Wirksamkeit einwirken lassen und nach der Anwendung absp\u00fclen.  <\/li>\n<\/ul>\n<\/div>\n<\/div>\n<div style=\"font-family: Roboto, sans-serif;\">\n<div style=\"font-family: Roboto, sans-serif;\">\n<p>&nbsp;<\/p>\n<\/div>\n<\/div>\n<\/div>\n<\/div>\n<\/div>\n<\/div>\n<p><!--more--><\/p>\n<h4>Weitere Informationen :<\/h4>\n<ul>\n<li><strong>Verpackung<\/strong>: Einzeln<\/li>\n<li><strong>Volumen<\/strong>: 5 Liter<\/li>\n<li><strong>Verwendung<\/strong>: Desinfizierendes Fettl\u00f6semittel<\/li>\n<\/ul>\n<p>&nbsp;<\/p>\n<p><!--more--><\/p>\n<p>Entdecken Sie auch unser Deterquat DNA im 20L Kanister : <span style=\"color: #d12727;\"><a style=\"color: #d12727;\" href=\"https:\/\/www.csj-emballages.com\/es\/produit\/desinfectante-desengrasante-para-uso-manual-o-en-un-centro-de-higiene-recipiente-de-20-l\/\">041720<\/a><\/span><\/p>\n<p>&nbsp;<\/p>\n<p><!--more--><\/p>\n<p><a href=\"https:\/\/www.csj-emballages.com\/de\/categorie-produit\/hygiene-und-pflege\/pflegeprodukte\/kuche\/\">Sehen Sie sich hier den Rest unseres Sortiments an K\u00fcchenreinigern an.<\/a><\/p>\n","protected":false},"excerpt":{"rendered":"<p>Desinfizierender Fettl\u00f6ser Beschreibung unseres desinfizierenden Fettl\u00f6sers manuelle Anwendung oder in der Hygienezentrale Kanister 5 L<\/p>\n","protected":false},"featured_media":233169,"template":"","meta":{"_acf_changed":false},"product_brand":[],"product_cat":[1218,1219,1330,1390],"product_tag":[],"class_list":{"0":"post-17303","1":"product","2":"type-product","3":"status-publish","4":"has-post-thumbnail","6":"product_cat-hygiene-und-pflege","7":"product_cat-pflegeprodukte","8":"product_cat-kuche","9":"product_cat-boden","10":"product_shipping_class-verboten-in-staffeln","12":"first","13":"instock","14":"taxable","15":"shipping-taxable","16":"purchasable","17":"product-type-simple"},"acf":[],"yoast_head":"<!-- This site is optimized with the Yoast SEO Premium plugin v26.6 (Yoast SEO v26.6) - https:\/\/yoast.com\/wordpress\/plugins\/seo\/ -->\n<title>Fettl\u00f6ser Desinfektionsmittel Manuelle oder zentrale Anwendung Hygiene<\/title>\n<meta name=\"description\" content=\"Desinfizierender Entfetter Kanister 5L zur manuellen Anwendung oder in Hygienezentralen. Reinigt, entfettet und desinfiziert wirksam alle Oberfl\u00e4chen.\" \/>\n<meta name=\"robots\" content=\"index, follow, max-snippet:-1, max-image-preview:large, max-video-preview:-1\" \/>\n<link rel=\"canonical\" href=\"https:\/\/www.csj-emballages.com\/de\/produit\/desinfizierender-fettloeser-fuer-den-manuellen-gebrauch-oder-in-der-hygienezentrale-kanister-5-l\/\" \/>\n<meta property=\"og:locale\" content=\"de_DE\" \/>\n<meta property=\"og:type\" content=\"article\" \/>\n<meta property=\"og:title\" content=\"Desinfizierender Fettl\u00f6ser f\u00fcr den manuellen Gebrauch oder in der Hygienezentrale Kanister 5 L\" \/>\n<meta property=\"og:description\" content=\"Desinfizierender Entfetter Kanister 5L zur manuellen Anwendung oder in Hygienezentralen. Reinigt, entfettet und desinfiziert wirksam alle Oberfl\u00e4chen.\" \/>\n<meta property=\"og:url\" content=\"https:\/\/www.csj-emballages.com\/de\/produit\/desinfizierender-fettloeser-fuer-den-manuellen-gebrauch-oder-in-der-hygienezentrale-kanister-5-l\/\" \/>\n<meta property=\"og:site_name\" content=\"CSJ Emballages\" \/>\n<meta property=\"article:publisher\" content=\"https:\/\/www.facebook.com\/csjemballages\" \/>\n<meta property=\"article:modified_time\" content=\"2026-05-01T00:10:21+00:00\" \/>\n<meta property=\"og:image\" content=\"https:\/\/www.csj-emballages.com\/wp-content\/uploads\/2024\/03\/04345.webp\" \/>\n\t<meta property=\"og:image:width\" content=\"800\" \/>\n\t<meta property=\"og:image:height\" content=\"800\" \/>\n\t<meta property=\"og:image:type\" content=\"image\/webp\" \/>\n<meta name=\"twitter:card\" content=\"summary_large_image\" \/>\n<meta name=\"twitter:label1\" content=\"Gesch\u00e4tzte Lesezeit\" \/>\n\t<meta name=\"twitter:data1\" content=\"1\u00a0Minute\" \/>\n<script type=\"application\/ld+json\" class=\"yoast-schema-graph\">{\"@context\":\"https:\/\/schema.org\",\"@graph\":[{\"@type\":\"WebPage\",\"@id\":\"https:\/\/www.csj-emballages.com\/de\/produit\/desinfizierender-fettloeser-fuer-den-manuellen-gebrauch-oder-in-der-hygienezentrale-kanister-5-l\/\",\"url\":\"https:\/\/www.csj-emballages.com\/de\/produit\/desinfizierender-fettloeser-fuer-den-manuellen-gebrauch-oder-in-der-hygienezentrale-kanister-5-l\/\",\"name\":\"Fettl\u00f6ser Desinfektionsmittel Manuelle oder zentrale Anwendung Hygiene\",\"isPartOf\":{\"@id\":\"https:\/\/www.csj-emballages.com\/de\/#website\"},\"primaryImageOfPage\":{\"@id\":\"https:\/\/www.csj-emballages.com\/de\/produit\/desinfizierender-fettloeser-fuer-den-manuellen-gebrauch-oder-in-der-hygienezentrale-kanister-5-l\/#primaryimage\"},\"image\":{\"@id\":\"https:\/\/www.csj-emballages.com\/de\/produit\/desinfizierender-fettloeser-fuer-den-manuellen-gebrauch-oder-in-der-hygienezentrale-kanister-5-l\/#primaryimage\"},\"thumbnailUrl\":\"https:\/\/www.csj-emballages.com\/wp-content\/uploads\/2024\/03\/04345.webp\",\"datePublished\":\"2024-03-01T16:00:15+00:00\",\"dateModified\":\"2026-05-01T00:10:21+00:00\",\"description\":\"Desinfizierender Entfetter Kanister 5L zur manuellen Anwendung oder in Hygienezentralen. Reinigt, entfettet und desinfiziert wirksam alle Oberfl\u00e4chen.\",\"breadcrumb\":{\"@id\":\"https:\/\/www.csj-emballages.com\/de\/produit\/desinfizierender-fettloeser-fuer-den-manuellen-gebrauch-oder-in-der-hygienezentrale-kanister-5-l\/#breadcrumb\"},\"inLanguage\":\"de\",\"potentialAction\":[{\"@type\":\"ReadAction\",\"target\":[\"https:\/\/www.csj-emballages.com\/de\/produit\/desinfizierender-fettloeser-fuer-den-manuellen-gebrauch-oder-in-der-hygienezentrale-kanister-5-l\/\"]}]},{\"@type\":\"ImageObject\",\"inLanguage\":\"de\",\"@id\":\"https:\/\/www.csj-emballages.com\/de\/produit\/desinfizierender-fettloeser-fuer-den-manuellen-gebrauch-oder-in-der-hygienezentrale-kanister-5-l\/#primaryimage\",\"url\":\"https:\/\/www.csj-emballages.com\/wp-content\/uploads\/2024\/03\/04345.webp\",\"contentUrl\":\"https:\/\/www.csj-emballages.com\/wp-content\/uploads\/2024\/03\/04345.webp\",\"width\":800,\"height\":800,\"caption\":\"D\u00e9graissant d\u00e9sinfectant\"},{\"@type\":\"BreadcrumbList\",\"@id\":\"https:\/\/www.csj-emballages.com\/de\/produit\/desinfizierender-fettloeser-fuer-den-manuellen-gebrauch-oder-in-der-hygienezentrale-kanister-5-l\/#breadcrumb\",\"itemListElement\":[{\"@type\":\"ListItem\",\"position\":1,\"name\":\"Accueil\",\"item\":\"https:\/\/www.csj-emballages.com\/de\/universum-lebensmittelverpackungen\/\"},{\"@type\":\"ListItem\",\"position\":2,\"name\":\"Shop\",\"item\":\"https:\/\/www.csj-emballages.com\/shop\/\"},{\"@type\":\"ListItem\",\"position\":3,\"name\":\"Desinfizierender Fettl\u00f6ser f\u00fcr den manuellen Gebrauch oder in der Hygienezentrale Kanister 5 L\"}]},{\"@type\":\"WebSite\",\"@id\":\"https:\/\/www.csj-emballages.com\/de\/#website\",\"url\":\"https:\/\/www.csj-emballages.com\/de\/\",\"name\":\"CSJ Emballages\",\"description\":\"\",\"publisher\":{\"@id\":\"https:\/\/www.csj-emballages.com\/de\/#organization\"},\"potentialAction\":[{\"@type\":\"SearchAction\",\"target\":{\"@type\":\"EntryPoint\",\"urlTemplate\":\"https:\/\/www.csj-emballages.com\/de\/?s={search_term_string}\"},\"query-input\":{\"@type\":\"PropertyValueSpecification\",\"valueRequired\":true,\"valueName\":\"search_term_string\"}}],\"inLanguage\":\"de\"},{\"@type\":\"Organization\",\"@id\":\"https:\/\/www.csj-emballages.com\/de\/#Organization\/\",\"name\":\"CSJ Emballages\",\"url\":\"https:\/\/www.csj-emballages.com\/de\/\",\"logo\":{\"@type\":\"ImageObject\",\"inLanguage\":\"de\",\"@id\":\"https:\/\/www.csj-emballages.com\/de\/#\/schema\/logo\/image\/\",\"url\":\"https:\/\/www.csj-emballages.com\/wp-content\/uploads\/2023\/10\/logo_csj.webp\",\"contentUrl\":\"https:\/\/www.csj-emballages.com\/wp-content\/uploads\/2023\/10\/logo_csj.webp\",\"width\":250,\"height\":95,\"caption\":\"CSJ Emballages\"},\"image\":{\"@id\":\"https:\/\/www.csj-emballages.com\/de\/#\/schema\/logo\/image\/\"},\"sameAs\":[\"https:\/\/www.facebook.com\/csjemballages\"],\"address\":{\"@type\":\"PostalAddress\",\"streetAddress\":\"ZI La Lechere\",\"addressLocality\":\"Patornay\",\"postalCode\":\"39130\",\"addressCountry\":\"FR\"},\"contactPoint\":[{\"@type\":\"ContactPoint\",\"contactType\":\"Service client\",\"telephone\":\"0384254272\",\"email\":\"contact@csj-emballages.com\"}]}]}<\/script>\n<!-- \/ Yoast SEO Premium plugin. -->","yoast_head_json":{"title":"Fettl\u00f6ser Desinfektionsmittel Manuelle oder zentrale Anwendung Hygiene","description":"Desinfizierender Entfetter Kanister 5L zur manuellen Anwendung oder in Hygienezentralen. Reinigt, entfettet und desinfiziert wirksam alle Oberfl\u00e4chen.","robots":{"index":"index","follow":"follow","max-snippet":"max-snippet:-1","max-image-preview":"max-image-preview:large","max-video-preview":"max-video-preview:-1"},"canonical":"https:\/\/www.csj-emballages.com\/de\/produit\/desinfizierender-fettloeser-fuer-den-manuellen-gebrauch-oder-in-der-hygienezentrale-kanister-5-l\/","og_locale":"de_DE","og_type":"article","og_title":"Desinfizierender Fettl\u00f6ser f\u00fcr den manuellen Gebrauch oder in der Hygienezentrale Kanister 5 L","og_description":"Desinfizierender Entfetter Kanister 5L zur manuellen Anwendung oder in Hygienezentralen. Reinigt, entfettet und desinfiziert wirksam alle Oberfl\u00e4chen.","og_url":"https:\/\/www.csj-emballages.com\/de\/produit\/desinfizierender-fettloeser-fuer-den-manuellen-gebrauch-oder-in-der-hygienezentrale-kanister-5-l\/","og_site_name":"CSJ Emballages","article_publisher":"https:\/\/www.facebook.com\/csjemballages","article_modified_time":"2026-05-01T00:10:21+00:00","og_image":[{"width":800,"height":800,"url":"https:\/\/www.csj-emballages.com\/wp-content\/uploads\/2024\/03\/04345.webp","type":"image\/webp"}],"twitter_card":"summary_large_image","twitter_misc":{"Gesch\u00e4tzte Lesezeit":"1\u00a0Minute"},"schema":{"@context":"https:\/\/schema.org","@graph":[{"@type":"WebPage","@id":"https:\/\/www.csj-emballages.com\/de\/produit\/desinfizierender-fettloeser-fuer-den-manuellen-gebrauch-oder-in-der-hygienezentrale-kanister-5-l\/","url":"https:\/\/www.csj-emballages.com\/de\/produit\/desinfizierender-fettloeser-fuer-den-manuellen-gebrauch-oder-in-der-hygienezentrale-kanister-5-l\/","name":"Fettl\u00f6ser Desinfektionsmittel Manuelle oder zentrale Anwendung Hygiene","isPartOf":{"@id":"https:\/\/www.csj-emballages.com\/de\/#website"},"primaryImageOfPage":{"@id":"https:\/\/www.csj-emballages.com\/de\/produit\/desinfizierender-fettloeser-fuer-den-manuellen-gebrauch-oder-in-der-hygienezentrale-kanister-5-l\/#primaryimage"},"image":{"@id":"https:\/\/www.csj-emballages.com\/de\/produit\/desinfizierender-fettloeser-fuer-den-manuellen-gebrauch-oder-in-der-hygienezentrale-kanister-5-l\/#primaryimage"},"thumbnailUrl":"https:\/\/www.csj-emballages.com\/wp-content\/uploads\/2024\/03\/04345.webp","datePublished":"2024-03-01T16:00:15+00:00","dateModified":"2026-05-01T00:10:21+00:00","description":"Desinfizierender Entfetter Kanister 5L zur manuellen Anwendung oder in Hygienezentralen. Reinigt, entfettet und desinfiziert wirksam alle Oberfl\u00e4chen.","breadcrumb":{"@id":"https:\/\/www.csj-emballages.com\/de\/produit\/desinfizierender-fettloeser-fuer-den-manuellen-gebrauch-oder-in-der-hygienezentrale-kanister-5-l\/#breadcrumb"},"inLanguage":"de","potentialAction":[{"@type":"ReadAction","target":["https:\/\/www.csj-emballages.com\/de\/produit\/desinfizierender-fettloeser-fuer-den-manuellen-gebrauch-oder-in-der-hygienezentrale-kanister-5-l\/"]}]},{"@type":"ImageObject","inLanguage":"de","@id":"https:\/\/www.csj-emballages.com\/de\/produit\/desinfizierender-fettloeser-fuer-den-manuellen-gebrauch-oder-in-der-hygienezentrale-kanister-5-l\/#primaryimage","url":"https:\/\/www.csj-emballages.com\/wp-content\/uploads\/2024\/03\/04345.webp","contentUrl":"https:\/\/www.csj-emballages.com\/wp-content\/uploads\/2024\/03\/04345.webp","width":800,"height":800,"caption":"D\u00e9graissant d\u00e9sinfectant"},{"@type":"BreadcrumbList","@id":"https:\/\/www.csj-emballages.com\/de\/produit\/desinfizierender-fettloeser-fuer-den-manuellen-gebrauch-oder-in-der-hygienezentrale-kanister-5-l\/#breadcrumb","itemListElement":[{"@type":"ListItem","position":1,"name":"Accueil","item":"https:\/\/www.csj-emballages.com\/de\/universum-lebensmittelverpackungen\/"},{"@type":"ListItem","position":2,"name":"Shop","item":"https:\/\/www.csj-emballages.com\/shop\/"},{"@type":"ListItem","position":3,"name":"Desinfizierender Fettl\u00f6ser f\u00fcr den manuellen Gebrauch oder in der Hygienezentrale Kanister 5 L"}]},{"@type":"WebSite","@id":"https:\/\/www.csj-emballages.com\/de\/#website","url":"https:\/\/www.csj-emballages.com\/de\/","name":"CSJ Emballages","description":"","publisher":{"@id":"https:\/\/www.csj-emballages.com\/de\/#organization"},"potentialAction":[{"@type":"SearchAction","target":{"@type":"EntryPoint","urlTemplate":"https:\/\/www.csj-emballages.com\/de\/?s={search_term_string}"},"query-input":{"@type":"PropertyValueSpecification","valueRequired":true,"valueName":"search_term_string"}}],"inLanguage":"de"},{"@type":"Organization","@id":"https:\/\/www.csj-emballages.com\/de\/#Organization\/","name":"CSJ Emballages","url":"https:\/\/www.csj-emballages.com\/de\/","logo":{"@type":"ImageObject","inLanguage":"de","@id":"https:\/\/www.csj-emballages.com\/de\/#\/schema\/logo\/image\/","url":"https:\/\/www.csj-emballages.com\/wp-content\/uploads\/2023\/10\/logo_csj.webp","contentUrl":"https:\/\/www.csj-emballages.com\/wp-content\/uploads\/2023\/10\/logo_csj.webp","width":250,"height":95,"caption":"CSJ Emballages"},"image":{"@id":"https:\/\/www.csj-emballages.com\/de\/#\/schema\/logo\/image\/"},"sameAs":["https:\/\/www.facebook.com\/csjemballages"],"address":{"@type":"PostalAddress","streetAddress":"ZI La Lechere","addressLocality":"Patornay","postalCode":"39130","addressCountry":"FR"},"contactPoint":[{"@type":"ContactPoint","contactType":"Service client","telephone":"0384254272","email":"contact@csj-emballages.com"}]}]}},"df_price":20.93,"df_sale_price":"","df_regular_price":20.93,"df_image_link":"https:\/\/www.csj-emballages.com\/wp-content\/uploads\/2024\/03\/04345-300x300.webp","tiered_pricing_type":"fixed","tiered_pricing_fixed_rules":[],"tiered_pricing_percentage_rules":[],"tiered_pricing_minimum":1,"tiered_pricing_roles_data":[],"_links":{"self":[{"href":"https:\/\/www.csj-emballages.com\/de\/wp-json\/wp\/v2\/product\/17303","targetHints":{"allow":["GET"]}}],"collection":[{"href":"https:\/\/www.csj-emballages.com\/de\/wp-json\/wp\/v2\/product"}],"about":[{"href":"https:\/\/www.csj-emballages.com\/de\/wp-json\/wp\/v2\/types\/product"}],"wp:featuredmedia":[{"embeddable":true,"href":"https:\/\/www.csj-emballages.com\/de\/wp-json\/wp\/v2\/media\/233169"}],"wp:attachment":[{"href":"https:\/\/www.csj-emballages.com\/de\/wp-json\/wp\/v2\/media?parent=17303"}],"wp:term":[{"taxonomy":"product_brand","embeddable":true,"href":"https:\/\/www.csj-emballages.com\/de\/wp-json\/wp\/v2\/product_brand?post=17303"},{"taxonomy":"product_cat","embeddable":true,"href":"https:\/\/www.csj-emballages.com\/de\/wp-json\/wp\/v2\/product_cat?post=17303"},{"taxonomy":"product_tag","embeddable":true,"href":"https:\/\/www.csj-emballages.com\/de\/wp-json\/wp\/v2\/product_tag?post=17303"}],"curies":[{"name":"wp","href":"https:\/\/api.w.org\/{rel}","templated":true}]}}