{"id":17300,"date":"2024-03-01T17:00:16","date_gmt":"2024-03-01T16:00:16","guid":{"rendered":"https:\/\/u15jnbdpoq.preview.infomaniak.website\/produit\/flasche-waschseife-empfindliche-haut-pumpe-500ml\/"},"modified":"2026-05-06T16:00:28","modified_gmt":"2026-05-06T14:00:28","slug":"flasche-waschseife-empfindliche-haut-pumpe-500ml","status":"publish","type":"product","link":"https:\/\/www.csj-emballages.com\/de\/produit\/flasche-waschseife-empfindliche-haut-pumpe-500ml\/","title":{"rendered":"Handwaschlotion mit Pumpe 500ml"},"content":{"rendered":"<h2 class=\"p1 ai-optimize-33 ai-optimize-introduction\">Handwaschlotion<\/h2>\n<hr>\n<h3 class=\"ai-optimize-34\">Beschreibung unserer Handwaschlotion mit Pumpe 500 ml<\/h3>\n<p><!--more--><\/p>\n<p class=\"ai-optimize-35 ai-optimize-introduction\" data-start=\"37\" data-end=\"480\">Mit dieser <strong data-start=\"136\" data-end=\"180\">500 ml Handwaschlotion mit Pumpspender<\/strong> k\u00f6nnen Sie eine wirksame <strong data-start=\"136\" data-end=\"180\">Handhygiene<\/strong> durchf\u00fchren, die sowohl Ihre Haut als auch die Umwelt schont. Diese <g id=\"gid_1\">Lotion<\/g> wurde f\u00fcr den t\u00e4glichen Gebrauch entwickelt und ist Teil einer <g id=\"gid_2\">umweltfreundlichen Produktreihe<\/g>, die aus sorgf\u00e4ltig ausgew\u00e4hlten<g id=\"gid_3\">nat\u00fcrlichen Inhaltsstoffen<\/g> besteht. Sie enth\u00e4lt keine aggressiven Substanzen und bietet eine <g id=\"gid_4\">milde Formel<\/g>, die wirksam reinigt, ohne auszutrocknen, selbst nach mehrmaligem Waschen pro Tag. Der <g id=\"gid_5\">zarte Duft von Cranberry und Granatapfel<\/g> macht jedes H\u00e4ndewaschen zu einem wahren Frischemoment. Diese fruchtigen Noten hinterlassen einen <strong data-start=\"635\" data-end=\"656\">dezenten Duft<\/strong> auf der Haut, der sowohl zu Hause als auch am Arbeitsplatz angenehm ist.    <\/p>\n<p class=\"ai-optimize-37\" data-start=\"731\" data-end=\"1138\">Diese praktische und funktionelle <strong>Lotion<\/strong> ist in einer <strong data-start=\"796\" data-end=\"836\">500-ml-Flasche mit Pumpe<\/strong> verpackt, die eine <strong data-start=\"853\" data-end=\"892\">hygienische und kontrollierte Anwendung<\/strong> erm\u00f6glicht. Sie ist ideal f\u00fcr stark frequentierte Bereiche wie B\u00fcros, Restaurants, Hotels, Gesundheitseinrichtungen oder einfach zu Hause. Die fl\u00fcssige Textur l\u00e4sst sich leicht absp\u00fclen und hinterl\u00e4sst <strong data-start=\"1092\" data-end=\"1137\">weiche, saubere und angenehm duftende<\/strong> H\u00e4nde. <\/p>\n<p class=\"ai-optimize-38\" data-start=\"1140\" data-end=\"1390\">Mit dieser <strong>Waschlotion<\/strong> kombinieren Sie <strong data-start=\"1181\" data-end=\"1229\">Wirksamkeit, Komfort und \u00f6kologisches Engagement<\/strong>. Sie erf\u00fcllt perfekt die Erwartungen von Berufst\u00e4tigen und Privatpersonen, die Hygiene, Benutzerfreundlichkeit und Umweltfreundlichkeit miteinander verbinden m\u00f6chten. <\/p>\n<p><!--more--><\/p>\n<h4 class=\"ai-optimize-37\"><strong>Seine Vorteile :<\/strong><\/h4>\n<ul>\n<li class=\"ai-optimize-38\"><strong>\u00d6kologische Produktreihe<\/strong>: besteht aus nat\u00fcrlichen und biologisch abbaubaren Inhaltsstoffen.<\/li>\n<li class=\"ai-optimize-39\"><strong>Angenehmer Duft<\/strong>: Cranberry &amp; Granatapfel, f\u00fcr einen fruchtig-frischen Touch.<\/li>\n<li class=\"ai-optimize-40\"><strong>Praktisches<\/strong> <strong>Format<\/strong>: 500-ml-Pumpflasche, hygienisch und leicht zu dosieren.<\/li>\n<li class=\"ai-optimize-42\"><strong>T\u00e4gliche Anwendung<\/strong>: greift die Haut auch bei wiederholtem Waschen nicht an.<\/li>\n<li class=\"ai-optimize-46\">Ideal f\u00fcr alle Umgebungen: zu Hause, im B\u00fcro, an \u00f6ffentlichen Orten.<\/li>\n<\/ul>\n<p>&nbsp;<\/p>\n<p><!--more--><\/p>\n<h4 class=\"ai-optimize-44\">Weitere Informationen :<\/h4>\n<ul>\n<li class=\"ai-optimize-45\"><strong>Verpackung<\/strong>: Einzeln + Pumpe<\/li>\n<li class=\"ai-optimize-47\"><strong>Verwendung<\/strong>: Handwaschlotion<\/li>\n<li class=\"ai-optimize-32\"><strong>Farbe<\/strong>: Rosa<\/li>\n<li class=\"ai-optimize-35\"><strong>Volumen<\/strong>: 500 ml<\/li>\n<li class=\"ai-optimize-47\"><strong>Duftnote<\/strong>: Cranberry \/ Granatapfel<\/li>\n<\/ul>\n<p>&nbsp;<\/p>\n<p><!--more--><\/p>\n<p class=\"ai-optimize-34\">Hier finden Sie unser Handseifengel 5 Liter : <span style=\"color: #d12727\"><a style=\"color: #d12727\" href=\"https:\/\/www.csj-emballages.com\/de\/produit\/handseifengel-5-liter\/\"><span style=\"color: #d12727\">00105<\/span><\/a><\/span><\/p>\n<p>&nbsp;<\/p>\n<p><!--more--><\/p>\n<p class=\"ai-optimize-41\"><a href=\"https:\/\/www.csj-emballages.com\/de\/categorie-produit\/hygiene-und-pflege\/pflegeprodukte\/korperhygiene\/handseife\/\">Sehen Sie sich den Rest unseres Sortiments an Handseifen an<\/a><\/p>\n","protected":false},"excerpt":{"rendered":"<p>Handwaschlotion Beschreibung unserer Handwaschlotion mit Pumpe 500 ml<\/p>\n","protected":false},"featured_media":236041,"template":"","meta":{"_acf_changed":false},"product_brand":[],"product_cat":[1218,1219,1407,1351,1352],"product_tag":[],"class_list":{"0":"post-17300","1":"product","2":"type-product","3":"status-publish","4":"has-post-thumbnail","6":"product_cat-hygiene-und-pflege","7":"product_cat-pflegeprodukte","8":"product_cat-okologisches-sortiment","9":"product_cat-korperhygiene","10":"product_cat-handseife","12":"first","13":"instock","14":"taxable","15":"shipping-taxable","16":"purchasable","17":"product-type-simple"},"acf":[],"yoast_head":"<!-- This site is optimized with the Yoast SEO Premium plugin v26.6 (Yoast SEO v26.6) - https:\/\/yoast.com\/wordpress\/plugins\/seo\/ -->\n<title>Handwaschlotion mit Pumpe 500 ml<\/title>\n<meta name=\"description\" content=\"\u00d6kologische Handwaschlotion 500 ml mit dem fruchtigen Duft von Cranberry &amp; Granatapfel. Milde Formel mit praktischem Pumpspender f\u00fcr den t\u00e4glichen Gebrauch.\" \/>\n<meta name=\"robots\" content=\"index, follow, max-snippet:-1, max-image-preview:large, max-video-preview:-1\" \/>\n<link rel=\"canonical\" href=\"https:\/\/www.csj-emballages.com\/de\/produit\/flasche-waschseife-empfindliche-haut-pumpe-500ml\/\" \/>\n<meta property=\"og:locale\" content=\"de_DE\" \/>\n<meta property=\"og:type\" content=\"article\" \/>\n<meta property=\"og:title\" content=\"Handwaschlotion mit Pumpe 500ml\" \/>\n<meta property=\"og:description\" content=\"\u00d6kologische Handwaschlotion 500 ml mit dem fruchtigen Duft von Cranberry &amp; Granatapfel. Milde Formel mit praktischem Pumpspender f\u00fcr den t\u00e4glichen Gebrauch.\" \/>\n<meta property=\"og:url\" content=\"https:\/\/www.csj-emballages.com\/de\/produit\/flasche-waschseife-empfindliche-haut-pumpe-500ml\/\" \/>\n<meta property=\"og:site_name\" content=\"CSJ Emballages\" \/>\n<meta property=\"article:publisher\" content=\"https:\/\/www.facebook.com\/csjemballages\" \/>\n<meta property=\"article:modified_time\" content=\"2026-05-06T14:00:28+00:00\" \/>\n<meta property=\"og:image\" content=\"https:\/\/www.csj-emballages.com\/wp-content\/uploads\/2024\/03\/0397.webp\" \/>\n\t<meta property=\"og:image:width\" content=\"800\" \/>\n\t<meta property=\"og:image:height\" content=\"800\" \/>\n\t<meta property=\"og:image:type\" content=\"image\/webp\" \/>\n<meta name=\"twitter:card\" content=\"summary_large_image\" \/>\n<meta name=\"twitter:label1\" content=\"Gesch\u00e4tzte Lesezeit\" \/>\n\t<meta name=\"twitter:data1\" content=\"1\u00a0Minute\" \/>\n<script type=\"application\/ld+json\" class=\"yoast-schema-graph\">{\"@context\":\"https:\/\/schema.org\",\"@graph\":[{\"@type\":\"WebPage\",\"@id\":\"https:\/\/www.csj-emballages.com\/de\/produit\/flasche-waschseife-empfindliche-haut-pumpe-500ml\/\",\"url\":\"https:\/\/www.csj-emballages.com\/de\/produit\/flasche-waschseife-empfindliche-haut-pumpe-500ml\/\",\"name\":\"Handwaschlotion mit Pumpe 500 ml\",\"isPartOf\":{\"@id\":\"https:\/\/www.csj-emballages.com\/de\/#website\"},\"primaryImageOfPage\":{\"@id\":\"https:\/\/www.csj-emballages.com\/de\/produit\/flasche-waschseife-empfindliche-haut-pumpe-500ml\/#primaryimage\"},\"image\":{\"@id\":\"https:\/\/www.csj-emballages.com\/de\/produit\/flasche-waschseife-empfindliche-haut-pumpe-500ml\/#primaryimage\"},\"thumbnailUrl\":\"https:\/\/www.csj-emballages.com\/wp-content\/uploads\/2024\/03\/0397.webp\",\"datePublished\":\"2024-03-01T16:00:16+00:00\",\"dateModified\":\"2026-05-06T14:00:28+00:00\",\"description\":\"\u00d6kologische Handwaschlotion 500 ml mit dem fruchtigen Duft von Cranberry & Granatapfel. Milde Formel mit praktischem Pumpspender f\u00fcr den t\u00e4glichen Gebrauch.\",\"breadcrumb\":{\"@id\":\"https:\/\/www.csj-emballages.com\/de\/produit\/flasche-waschseife-empfindliche-haut-pumpe-500ml\/#breadcrumb\"},\"inLanguage\":\"de\",\"potentialAction\":[{\"@type\":\"ReadAction\",\"target\":[\"https:\/\/www.csj-emballages.com\/de\/produit\/flasche-waschseife-empfindliche-haut-pumpe-500ml\/\"]}]},{\"@type\":\"ImageObject\",\"inLanguage\":\"de\",\"@id\":\"https:\/\/www.csj-emballages.com\/de\/produit\/flasche-waschseife-empfindliche-haut-pumpe-500ml\/#primaryimage\",\"url\":\"https:\/\/www.csj-emballages.com\/wp-content\/uploads\/2024\/03\/0397.webp\",\"contentUrl\":\"https:\/\/www.csj-emballages.com\/wp-content\/uploads\/2024\/03\/0397.webp\",\"width\":800,\"height\":800,\"caption\":\"Lotion lavante mains\u00a0\"},{\"@type\":\"BreadcrumbList\",\"@id\":\"https:\/\/www.csj-emballages.com\/de\/produit\/flasche-waschseife-empfindliche-haut-pumpe-500ml\/#breadcrumb\",\"itemListElement\":[{\"@type\":\"ListItem\",\"position\":1,\"name\":\"Accueil\",\"item\":\"https:\/\/www.csj-emballages.com\/de\/universum-lebensmittelverpackungen\/\"},{\"@type\":\"ListItem\",\"position\":2,\"name\":\"Shop\",\"item\":\"https:\/\/www.csj-emballages.com\/shop\/\"},{\"@type\":\"ListItem\",\"position\":3,\"name\":\"Handwaschlotion mit Pumpe 500ml\"}]},{\"@type\":\"WebSite\",\"@id\":\"https:\/\/www.csj-emballages.com\/de\/#website\",\"url\":\"https:\/\/www.csj-emballages.com\/de\/\",\"name\":\"CSJ Emballages\",\"description\":\"\",\"publisher\":{\"@id\":\"https:\/\/www.csj-emballages.com\/de\/#organization\"},\"potentialAction\":[{\"@type\":\"SearchAction\",\"target\":{\"@type\":\"EntryPoint\",\"urlTemplate\":\"https:\/\/www.csj-emballages.com\/de\/?s={search_term_string}\"},\"query-input\":{\"@type\":\"PropertyValueSpecification\",\"valueRequired\":true,\"valueName\":\"search_term_string\"}}],\"inLanguage\":\"de\"},{\"@type\":\"Organization\",\"@id\":\"https:\/\/www.csj-emballages.com\/de\/#Organization\/\",\"name\":\"CSJ Emballages\",\"url\":\"https:\/\/www.csj-emballages.com\/de\/\",\"logo\":{\"@type\":\"ImageObject\",\"inLanguage\":\"de\",\"@id\":\"https:\/\/www.csj-emballages.com\/de\/#\/schema\/logo\/image\/\",\"url\":\"https:\/\/www.csj-emballages.com\/wp-content\/uploads\/2023\/10\/logo_csj.webp\",\"contentUrl\":\"https:\/\/www.csj-emballages.com\/wp-content\/uploads\/2023\/10\/logo_csj.webp\",\"width\":250,\"height\":95,\"caption\":\"CSJ Emballages\"},\"image\":{\"@id\":\"https:\/\/www.csj-emballages.com\/de\/#\/schema\/logo\/image\/\"},\"sameAs\":[\"https:\/\/www.facebook.com\/csjemballages\"],\"address\":{\"@type\":\"PostalAddress\",\"streetAddress\":\"ZI La Lechere\",\"addressLocality\":\"Patornay\",\"postalCode\":\"39130\",\"addressCountry\":\"FR\"},\"contactPoint\":[{\"@type\":\"ContactPoint\",\"contactType\":\"Service client\",\"telephone\":\"0384254272\",\"email\":\"contact@csj-emballages.com\"}]}]}<\/script>\n<!-- \/ Yoast SEO Premium plugin. -->","yoast_head_json":{"title":"Handwaschlotion mit Pumpe 500 ml","description":"\u00d6kologische Handwaschlotion 500 ml mit dem fruchtigen Duft von Cranberry & Granatapfel. Milde Formel mit praktischem Pumpspender f\u00fcr den t\u00e4glichen Gebrauch.","robots":{"index":"index","follow":"follow","max-snippet":"max-snippet:-1","max-image-preview":"max-image-preview:large","max-video-preview":"max-video-preview:-1"},"canonical":"https:\/\/www.csj-emballages.com\/de\/produit\/flasche-waschseife-empfindliche-haut-pumpe-500ml\/","og_locale":"de_DE","og_type":"article","og_title":"Handwaschlotion mit Pumpe 500ml","og_description":"\u00d6kologische Handwaschlotion 500 ml mit dem fruchtigen Duft von Cranberry & Granatapfel. Milde Formel mit praktischem Pumpspender f\u00fcr den t\u00e4glichen Gebrauch.","og_url":"https:\/\/www.csj-emballages.com\/de\/produit\/flasche-waschseife-empfindliche-haut-pumpe-500ml\/","og_site_name":"CSJ Emballages","article_publisher":"https:\/\/www.facebook.com\/csjemballages","article_modified_time":"2026-05-06T14:00:28+00:00","og_image":[{"width":800,"height":800,"url":"https:\/\/www.csj-emballages.com\/wp-content\/uploads\/2024\/03\/0397.webp","type":"image\/webp"}],"twitter_card":"summary_large_image","twitter_misc":{"Gesch\u00e4tzte Lesezeit":"1\u00a0Minute"},"schema":{"@context":"https:\/\/schema.org","@graph":[{"@type":"WebPage","@id":"https:\/\/www.csj-emballages.com\/de\/produit\/flasche-waschseife-empfindliche-haut-pumpe-500ml\/","url":"https:\/\/www.csj-emballages.com\/de\/produit\/flasche-waschseife-empfindliche-haut-pumpe-500ml\/","name":"Handwaschlotion mit Pumpe 500 ml","isPartOf":{"@id":"https:\/\/www.csj-emballages.com\/de\/#website"},"primaryImageOfPage":{"@id":"https:\/\/www.csj-emballages.com\/de\/produit\/flasche-waschseife-empfindliche-haut-pumpe-500ml\/#primaryimage"},"image":{"@id":"https:\/\/www.csj-emballages.com\/de\/produit\/flasche-waschseife-empfindliche-haut-pumpe-500ml\/#primaryimage"},"thumbnailUrl":"https:\/\/www.csj-emballages.com\/wp-content\/uploads\/2024\/03\/0397.webp","datePublished":"2024-03-01T16:00:16+00:00","dateModified":"2026-05-06T14:00:28+00:00","description":"\u00d6kologische Handwaschlotion 500 ml mit dem fruchtigen Duft von Cranberry & Granatapfel. Milde Formel mit praktischem Pumpspender f\u00fcr den t\u00e4glichen Gebrauch.","breadcrumb":{"@id":"https:\/\/www.csj-emballages.com\/de\/produit\/flasche-waschseife-empfindliche-haut-pumpe-500ml\/#breadcrumb"},"inLanguage":"de","potentialAction":[{"@type":"ReadAction","target":["https:\/\/www.csj-emballages.com\/de\/produit\/flasche-waschseife-empfindliche-haut-pumpe-500ml\/"]}]},{"@type":"ImageObject","inLanguage":"de","@id":"https:\/\/www.csj-emballages.com\/de\/produit\/flasche-waschseife-empfindliche-haut-pumpe-500ml\/#primaryimage","url":"https:\/\/www.csj-emballages.com\/wp-content\/uploads\/2024\/03\/0397.webp","contentUrl":"https:\/\/www.csj-emballages.com\/wp-content\/uploads\/2024\/03\/0397.webp","width":800,"height":800,"caption":"Lotion lavante mains\u00a0"},{"@type":"BreadcrumbList","@id":"https:\/\/www.csj-emballages.com\/de\/produit\/flasche-waschseife-empfindliche-haut-pumpe-500ml\/#breadcrumb","itemListElement":[{"@type":"ListItem","position":1,"name":"Accueil","item":"https:\/\/www.csj-emballages.com\/de\/universum-lebensmittelverpackungen\/"},{"@type":"ListItem","position":2,"name":"Shop","item":"https:\/\/www.csj-emballages.com\/shop\/"},{"@type":"ListItem","position":3,"name":"Handwaschlotion mit Pumpe 500ml"}]},{"@type":"WebSite","@id":"https:\/\/www.csj-emballages.com\/de\/#website","url":"https:\/\/www.csj-emballages.com\/de\/","name":"CSJ Emballages","description":"","publisher":{"@id":"https:\/\/www.csj-emballages.com\/de\/#organization"},"potentialAction":[{"@type":"SearchAction","target":{"@type":"EntryPoint","urlTemplate":"https:\/\/www.csj-emballages.com\/de\/?s={search_term_string}"},"query-input":{"@type":"PropertyValueSpecification","valueRequired":true,"valueName":"search_term_string"}}],"inLanguage":"de"},{"@type":"Organization","@id":"https:\/\/www.csj-emballages.com\/de\/#Organization\/","name":"CSJ Emballages","url":"https:\/\/www.csj-emballages.com\/de\/","logo":{"@type":"ImageObject","inLanguage":"de","@id":"https:\/\/www.csj-emballages.com\/de\/#\/schema\/logo\/image\/","url":"https:\/\/www.csj-emballages.com\/wp-content\/uploads\/2023\/10\/logo_csj.webp","contentUrl":"https:\/\/www.csj-emballages.com\/wp-content\/uploads\/2023\/10\/logo_csj.webp","width":250,"height":95,"caption":"CSJ Emballages"},"image":{"@id":"https:\/\/www.csj-emballages.com\/de\/#\/schema\/logo\/image\/"},"sameAs":["https:\/\/www.facebook.com\/csjemballages"],"address":{"@type":"PostalAddress","streetAddress":"ZI La Lechere","addressLocality":"Patornay","postalCode":"39130","addressCountry":"FR"},"contactPoint":[{"@type":"ContactPoint","contactType":"Service client","telephone":"0384254272","email":"contact@csj-emballages.com"}]}]}},"df_price":3.41,"df_sale_price":"","df_regular_price":3.41,"df_image_link":"https:\/\/www.csj-emballages.com\/wp-content\/uploads\/2024\/03\/0397-300x300.webp","tiered_pricing_type":"fixed","tiered_pricing_fixed_rules":[],"tiered_pricing_percentage_rules":[],"tiered_pricing_minimum":1,"tiered_pricing_roles_data":[],"_links":{"self":[{"href":"https:\/\/www.csj-emballages.com\/de\/wp-json\/wp\/v2\/product\/17300","targetHints":{"allow":["GET"]}}],"collection":[{"href":"https:\/\/www.csj-emballages.com\/de\/wp-json\/wp\/v2\/product"}],"about":[{"href":"https:\/\/www.csj-emballages.com\/de\/wp-json\/wp\/v2\/types\/product"}],"wp:featuredmedia":[{"embeddable":true,"href":"https:\/\/www.csj-emballages.com\/de\/wp-json\/wp\/v2\/media\/236041"}],"wp:attachment":[{"href":"https:\/\/www.csj-emballages.com\/de\/wp-json\/wp\/v2\/media?parent=17300"}],"wp:term":[{"taxonomy":"product_brand","embeddable":true,"href":"https:\/\/www.csj-emballages.com\/de\/wp-json\/wp\/v2\/product_brand?post=17300"},{"taxonomy":"product_cat","embeddable":true,"href":"https:\/\/www.csj-emballages.com\/de\/wp-json\/wp\/v2\/product_cat?post=17300"},{"taxonomy":"product_tag","embeddable":true,"href":"https:\/\/www.csj-emballages.com\/de\/wp-json\/wp\/v2\/product_tag?post=17300"}],"curies":[{"name":"wp","href":"https:\/\/api.w.org\/{rel}","templated":true}]}}