{"id":17297,"date":"2024-03-01T17:00:16","date_gmt":"2024-03-01T16:00:16","guid":{"rendered":"https:\/\/u15jnbdpoq.preview.infomaniak.website\/produit\/force-plus-abbeizmittel-backofen-und-fritteuse-fluessig-5l-orlav\/"},"modified":"2026-05-01T02:10:19","modified_gmt":"2026-05-01T00:10:19","slug":"force-plus-abbeizmittel-backofen-und-fritteuse-fluessig-5l-orlav","status":"publish","type":"product","link":"https:\/\/www.csj-emballages.com\/de\/produit\/force-plus-abbeizmittel-backofen-und-fritteuse-fluessig-5l-orlav\/","title":{"rendered":"Abbeizmittel f\u00fcr Backofen und Fritteuse Force Plus fl\u00fcssig 5L"},"content":{"rendered":"<h2>Abbeizmittel Ofen<\/h2>\n<hr>\n<h3>Beschreibung unseres Abbeizmittels f\u00fcr Backofen und Fritteuse Force Plus fl\u00fcssig 5L<\/h3>\n<p><!--more--><\/p>\n<p data-start=\"110\" data-end=\"563\">Der <strong data-start=\"152\" data-end=\"181\">Backofen- und Fritteusenentferner<\/strong> ist ein starker professioneller Reiniger, der speziell f\u00fcr die intensive Pflege von <strong data-start=\"272\" data-end=\"308\">Back\u00f6fen, Fritteusen, Grills, Dunstabzugshauben<\/strong> und anderen Oberfl\u00e4chen entwickelt wurde, die stark mit gekochten oder verkohlten Fetten verschmutzt sind. In der g\u00fcnstigen <strong data-start=\"413\" data-end=\"425\">5-Liter-Gr\u00f6\u00dfe<\/strong> ist dieses Produkt f\u00fcr professionelle Gastronomen, Caterer, aber auch f\u00fcr anspruchsvolle \u00f6ffentliche Einrichtungen oder Handwerker bestimmt. <\/p>\n<p data-start=\"565\" data-end=\"974\">Dank seiner hochkonzentrierten Formel greift dieser <strong>Backofen- und Friteusenentferner<\/strong> verbranntes Fett und hartn\u00e4ckige R\u00fcckst\u00e4nde wirksam an, ohne dass intensives Schrubben erforderlich ist. Er wirkt schnell und spart wertvolle Zeit bei der Reinigung am Ende der Betriebszeit, wo es auf Leistung ankommt. Das Produkt ist f\u00fcr die Anwendung auf hei\u00dfen oder warmen (nicht brennenden) Oberfl\u00e4chen konzipiert, um eine optimale Wirkung zu erzielen.  <\/p>\n<p data-start=\"976\" data-end=\"1289\">Kann mit einer alkalibest\u00e4ndigen Spr\u00fchflasche oder mit einem Schwamm verwendet werden. Es wird dringend empfohlen, bei der Anwendung Schutzausr\u00fcstung (Handschuhe, Brille) zu tragen. Nach einigen Minuten Einwirkzeit l\u00f6st sich das Fett ab, sodass Ihre Oberfl\u00e4chen sauber und gebrauchsfertig sind. <\/p>\n<p data-start=\"1291\" data-end=\"1496\">Wenn Sie sich f\u00fcr den <strong>Force Plus Abbeizer<\/strong> entscheiden, setzen Sie auf professionelle Effizienz, die Zuverl\u00e4ssigkeit einer anerkannten Marke und ein optimales Preis-Leistungs-Verh\u00e4ltnis f\u00fcr stets makellose K\u00fcchen.<\/p>\n<p><!--more--><\/p>\n<h4>Seine Vorteile :<\/h4>\n<ul>\n<li>Ultra-starke Formel gegen gekochte und verkohlte Fette.<\/li>\n<li>G\u00fcnstiges 5L-Format f\u00fcr den regelm\u00e4\u00dfigen Gebrauch.<\/li>\n<li>Ideal f\u00fcr \u00d6fen, Fritteusen, Grills und Abzugshauben.<\/li>\n<li>Erhebliche Zeitersparnis bei der Reinigung.<\/li>\n<li>Wirkt selbst auf lauwarmen Oberfl\u00e4chen.<\/li>\n<li>Einfache und effektive Nutzung.<\/li>\n<\/ul>\n<p>&nbsp;<\/p>\n<p><!--more--><\/p>\n<h4>Gebrauchsanweisung :<\/h4>\n<ul>\n<li>Das Produkt unverd\u00fcnnt aufspr\u00fchen.<\/li>\n<li>Je nach Verschmutzung 10 min bis 30 min einwirken lassen.<\/li>\n<li>Mit Wasser absp\u00fclen.<\/li>\n<li>Kann auch zum Einweichen in einer Verd\u00fcnnung von 2-5% verwendet werden.<\/li>\n<\/ul>\n<p>&nbsp;<\/p>\n<p><!--more--><\/p>\n<h4>Weitere Informationen :<\/h4>\n<ul>\n<li><strong>Verpackung<\/strong>: Einzeln<\/li>\n<li><strong>Farbe<\/strong>: Farblos<\/li>\n<li><strong>Volumen<\/strong>: 5 Liter<\/li>\n<li><strong>Verwendung<\/strong>: Force Plus Abbeizmittel<\/li>\n<li><strong>pH-Wert <\/strong>: &lt;2<\/li>\n<\/ul>\n<p>&nbsp;<\/p>\n<p><!--more--><\/p>\n<p>Hier finden Sie unseren Entfetter f\u00fcr Grills \/ Planchas 6 kg : <span style=\"color: #d12727;\"><a style=\"color: #d12727;\" href=\"https:\/\/www.csj-emballages.com\/pt-pt\/produit\/desengordurante-para-placas-de-grelhar-6-kg\/\">02555<\/a><\/span><\/p>\n<p>&nbsp;<\/p>\n<p><!--more--><\/p>\n<p><a href=\"https:\/\/www.csj-emballages.com\/de\/categorie-produit\/hygiene-und-pflege\/pflegeprodukte\/kuche\/\">Sehen Sie sich den Rest unseres Sortiments an K\u00fcchenreinigungsprodukten an.<\/a><\/p>\n","protected":false},"excerpt":{"rendered":"<p>Abbeizmittel Ofen Beschreibung unseres Abbeizmittels f\u00fcr Backofen und Fritteuse Force Plus fl\u00fcssig 5L<\/p>\n","protected":false},"featured_media":255341,"template":"","meta":{"_acf_changed":false},"product_brand":[],"product_cat":[1218,1219,1330],"product_tag":[],"class_list":{"0":"post-17297","1":"product","2":"type-product","3":"status-publish","4":"has-post-thumbnail","6":"product_cat-hygiene-und-pflege","7":"product_cat-pflegeprodukte","8":"product_cat-kuche","9":"product_shipping_class-verboten-in-staffeln","11":"first","12":"instock","13":"taxable","14":"shipping-taxable","15":"purchasable","16":"product-type-simple"},"acf":[],"yoast_head":"<!-- This site is optimized with the Yoast SEO Premium plugin v26.6 (Yoast SEO v26.6) - https:\/\/yoast.com\/wordpress\/plugins\/seo\/ -->\n<title>Force Plus Fl\u00fcssiger Abbeizer f\u00fcr Backofen und Fritteuse 5L<\/title>\n<meta name=\"description\" content=\"Professioneller 5L Backofen- und Friteusenentferner f\u00fcr Back\u00f6fen und Friteusen. Hochwirksam gegen eingebrannte Fette. Ideal f\u00fcr professionelle K\u00fcchen\" \/>\n<meta name=\"robots\" content=\"index, follow, max-snippet:-1, max-image-preview:large, max-video-preview:-1\" \/>\n<link rel=\"canonical\" href=\"https:\/\/www.csj-emballages.com\/de\/produit\/force-plus-abbeizmittel-backofen-und-fritteuse-fluessig-5l-orlav\/\" \/>\n<meta property=\"og:locale\" content=\"de_DE\" \/>\n<meta property=\"og:type\" content=\"article\" \/>\n<meta property=\"og:title\" content=\"Abbeizmittel f\u00fcr Backofen und Fritteuse Force Plus fl\u00fcssig 5L\" \/>\n<meta property=\"og:description\" content=\"Professioneller 5L Backofen- und Friteusenentferner f\u00fcr Back\u00f6fen und Friteusen. Hochwirksam gegen eingebrannte Fette. Ideal f\u00fcr professionelle K\u00fcchen\" \/>\n<meta property=\"og:url\" content=\"https:\/\/www.csj-emballages.com\/de\/produit\/force-plus-abbeizmittel-backofen-und-fritteuse-fluessig-5l-orlav\/\" \/>\n<meta property=\"og:site_name\" content=\"CSJ Emballages\" \/>\n<meta property=\"article:publisher\" content=\"https:\/\/www.facebook.com\/csjemballages\" \/>\n<meta property=\"article:modified_time\" content=\"2026-05-01T00:10:19+00:00\" \/>\n<meta property=\"og:image\" content=\"https:\/\/www.csj-emballages.com\/wp-content\/uploads\/2024\/03\/04165.webp\" \/>\n\t<meta property=\"og:image:width\" content=\"800\" \/>\n\t<meta property=\"og:image:height\" content=\"800\" \/>\n\t<meta property=\"og:image:type\" content=\"image\/webp\" \/>\n<meta name=\"twitter:card\" content=\"summary_large_image\" \/>\n<meta name=\"twitter:label1\" content=\"Gesch\u00e4tzte Lesezeit\" \/>\n\t<meta name=\"twitter:data1\" content=\"2 Minuten\" \/>\n<script type=\"application\/ld+json\" class=\"yoast-schema-graph\">{\"@context\":\"https:\/\/schema.org\",\"@graph\":[{\"@type\":\"WebPage\",\"@id\":\"https:\/\/www.csj-emballages.com\/de\/produit\/force-plus-abbeizmittel-backofen-und-fritteuse-fluessig-5l-orlav\/\",\"url\":\"https:\/\/www.csj-emballages.com\/de\/produit\/force-plus-abbeizmittel-backofen-und-fritteuse-fluessig-5l-orlav\/\",\"name\":\"Force Plus Fl\u00fcssiger Abbeizer f\u00fcr Backofen und Fritteuse 5L\",\"isPartOf\":{\"@id\":\"https:\/\/www.csj-emballages.com\/de\/#website\"},\"primaryImageOfPage\":{\"@id\":\"https:\/\/www.csj-emballages.com\/de\/produit\/force-plus-abbeizmittel-backofen-und-fritteuse-fluessig-5l-orlav\/#primaryimage\"},\"image\":{\"@id\":\"https:\/\/www.csj-emballages.com\/de\/produit\/force-plus-abbeizmittel-backofen-und-fritteuse-fluessig-5l-orlav\/#primaryimage\"},\"thumbnailUrl\":\"https:\/\/www.csj-emballages.com\/wp-content\/uploads\/2024\/03\/04165.webp\",\"datePublished\":\"2024-03-01T16:00:16+00:00\",\"dateModified\":\"2026-05-01T00:10:19+00:00\",\"description\":\"Professioneller 5L Backofen- und Friteusenentferner f\u00fcr Back\u00f6fen und Friteusen. Hochwirksam gegen eingebrannte Fette. Ideal f\u00fcr professionelle K\u00fcchen\",\"breadcrumb\":{\"@id\":\"https:\/\/www.csj-emballages.com\/de\/produit\/force-plus-abbeizmittel-backofen-und-fritteuse-fluessig-5l-orlav\/#breadcrumb\"},\"inLanguage\":\"de\",\"potentialAction\":[{\"@type\":\"ReadAction\",\"target\":[\"https:\/\/www.csj-emballages.com\/de\/produit\/force-plus-abbeizmittel-backofen-und-fritteuse-fluessig-5l-orlav\/\"]}]},{\"@type\":\"ImageObject\",\"inLanguage\":\"de\",\"@id\":\"https:\/\/www.csj-emballages.com\/de\/produit\/force-plus-abbeizmittel-backofen-und-fritteuse-fluessig-5l-orlav\/#primaryimage\",\"url\":\"https:\/\/www.csj-emballages.com\/wp-content\/uploads\/2024\/03\/04165.webp\",\"contentUrl\":\"https:\/\/www.csj-emballages.com\/wp-content\/uploads\/2024\/03\/04165.webp\",\"width\":800,\"height\":800,\"caption\":\"D\u00e9capant Force Plus\"},{\"@type\":\"BreadcrumbList\",\"@id\":\"https:\/\/www.csj-emballages.com\/de\/produit\/force-plus-abbeizmittel-backofen-und-fritteuse-fluessig-5l-orlav\/#breadcrumb\",\"itemListElement\":[{\"@type\":\"ListItem\",\"position\":1,\"name\":\"Accueil\",\"item\":\"https:\/\/www.csj-emballages.com\/de\/universum-lebensmittelverpackungen\/\"},{\"@type\":\"ListItem\",\"position\":2,\"name\":\"Shop\",\"item\":\"https:\/\/www.csj-emballages.com\/shop\/\"},{\"@type\":\"ListItem\",\"position\":3,\"name\":\"Abbeizmittel f\u00fcr Backofen und Fritteuse Force Plus fl\u00fcssig 5L\"}]},{\"@type\":\"WebSite\",\"@id\":\"https:\/\/www.csj-emballages.com\/de\/#website\",\"url\":\"https:\/\/www.csj-emballages.com\/de\/\",\"name\":\"CSJ Emballages\",\"description\":\"\",\"publisher\":{\"@id\":\"https:\/\/www.csj-emballages.com\/de\/#organization\"},\"potentialAction\":[{\"@type\":\"SearchAction\",\"target\":{\"@type\":\"EntryPoint\",\"urlTemplate\":\"https:\/\/www.csj-emballages.com\/de\/?s={search_term_string}\"},\"query-input\":{\"@type\":\"PropertyValueSpecification\",\"valueRequired\":true,\"valueName\":\"search_term_string\"}}],\"inLanguage\":\"de\"},{\"@type\":\"Organization\",\"@id\":\"https:\/\/www.csj-emballages.com\/de\/#Organization\/\",\"name\":\"CSJ Emballages\",\"url\":\"https:\/\/www.csj-emballages.com\/de\/\",\"logo\":{\"@type\":\"ImageObject\",\"inLanguage\":\"de\",\"@id\":\"https:\/\/www.csj-emballages.com\/de\/#\/schema\/logo\/image\/\",\"url\":\"https:\/\/www.csj-emballages.com\/wp-content\/uploads\/2023\/10\/logo_csj.webp\",\"contentUrl\":\"https:\/\/www.csj-emballages.com\/wp-content\/uploads\/2023\/10\/logo_csj.webp\",\"width\":250,\"height\":95,\"caption\":\"CSJ Emballages\"},\"image\":{\"@id\":\"https:\/\/www.csj-emballages.com\/de\/#\/schema\/logo\/image\/\"},\"sameAs\":[\"https:\/\/www.facebook.com\/csjemballages\"],\"address\":{\"@type\":\"PostalAddress\",\"streetAddress\":\"ZI La Lechere\",\"addressLocality\":\"Patornay\",\"postalCode\":\"39130\",\"addressCountry\":\"FR\"},\"contactPoint\":[{\"@type\":\"ContactPoint\",\"contactType\":\"Service client\",\"telephone\":\"0384254272\",\"email\":\"contact@csj-emballages.com\"}]}]}<\/script>\n<!-- \/ Yoast SEO Premium plugin. -->","yoast_head_json":{"title":"Force Plus Fl\u00fcssiger Abbeizer f\u00fcr Backofen und Fritteuse 5L","description":"Professioneller 5L Backofen- und Friteusenentferner f\u00fcr Back\u00f6fen und Friteusen. Hochwirksam gegen eingebrannte Fette. Ideal f\u00fcr professionelle K\u00fcchen","robots":{"index":"index","follow":"follow","max-snippet":"max-snippet:-1","max-image-preview":"max-image-preview:large","max-video-preview":"max-video-preview:-1"},"canonical":"https:\/\/www.csj-emballages.com\/de\/produit\/force-plus-abbeizmittel-backofen-und-fritteuse-fluessig-5l-orlav\/","og_locale":"de_DE","og_type":"article","og_title":"Abbeizmittel f\u00fcr Backofen und Fritteuse Force Plus fl\u00fcssig 5L","og_description":"Professioneller 5L Backofen- und Friteusenentferner f\u00fcr Back\u00f6fen und Friteusen. Hochwirksam gegen eingebrannte Fette. Ideal f\u00fcr professionelle K\u00fcchen","og_url":"https:\/\/www.csj-emballages.com\/de\/produit\/force-plus-abbeizmittel-backofen-und-fritteuse-fluessig-5l-orlav\/","og_site_name":"CSJ Emballages","article_publisher":"https:\/\/www.facebook.com\/csjemballages","article_modified_time":"2026-05-01T00:10:19+00:00","og_image":[{"width":800,"height":800,"url":"https:\/\/www.csj-emballages.com\/wp-content\/uploads\/2024\/03\/04165.webp","type":"image\/webp"}],"twitter_card":"summary_large_image","twitter_misc":{"Gesch\u00e4tzte Lesezeit":"2 Minuten"},"schema":{"@context":"https:\/\/schema.org","@graph":[{"@type":"WebPage","@id":"https:\/\/www.csj-emballages.com\/de\/produit\/force-plus-abbeizmittel-backofen-und-fritteuse-fluessig-5l-orlav\/","url":"https:\/\/www.csj-emballages.com\/de\/produit\/force-plus-abbeizmittel-backofen-und-fritteuse-fluessig-5l-orlav\/","name":"Force Plus Fl\u00fcssiger Abbeizer f\u00fcr Backofen und Fritteuse 5L","isPartOf":{"@id":"https:\/\/www.csj-emballages.com\/de\/#website"},"primaryImageOfPage":{"@id":"https:\/\/www.csj-emballages.com\/de\/produit\/force-plus-abbeizmittel-backofen-und-fritteuse-fluessig-5l-orlav\/#primaryimage"},"image":{"@id":"https:\/\/www.csj-emballages.com\/de\/produit\/force-plus-abbeizmittel-backofen-und-fritteuse-fluessig-5l-orlav\/#primaryimage"},"thumbnailUrl":"https:\/\/www.csj-emballages.com\/wp-content\/uploads\/2024\/03\/04165.webp","datePublished":"2024-03-01T16:00:16+00:00","dateModified":"2026-05-01T00:10:19+00:00","description":"Professioneller 5L Backofen- und Friteusenentferner f\u00fcr Back\u00f6fen und Friteusen. Hochwirksam gegen eingebrannte Fette. Ideal f\u00fcr professionelle K\u00fcchen","breadcrumb":{"@id":"https:\/\/www.csj-emballages.com\/de\/produit\/force-plus-abbeizmittel-backofen-und-fritteuse-fluessig-5l-orlav\/#breadcrumb"},"inLanguage":"de","potentialAction":[{"@type":"ReadAction","target":["https:\/\/www.csj-emballages.com\/de\/produit\/force-plus-abbeizmittel-backofen-und-fritteuse-fluessig-5l-orlav\/"]}]},{"@type":"ImageObject","inLanguage":"de","@id":"https:\/\/www.csj-emballages.com\/de\/produit\/force-plus-abbeizmittel-backofen-und-fritteuse-fluessig-5l-orlav\/#primaryimage","url":"https:\/\/www.csj-emballages.com\/wp-content\/uploads\/2024\/03\/04165.webp","contentUrl":"https:\/\/www.csj-emballages.com\/wp-content\/uploads\/2024\/03\/04165.webp","width":800,"height":800,"caption":"D\u00e9capant Force Plus"},{"@type":"BreadcrumbList","@id":"https:\/\/www.csj-emballages.com\/de\/produit\/force-plus-abbeizmittel-backofen-und-fritteuse-fluessig-5l-orlav\/#breadcrumb","itemListElement":[{"@type":"ListItem","position":1,"name":"Accueil","item":"https:\/\/www.csj-emballages.com\/de\/universum-lebensmittelverpackungen\/"},{"@type":"ListItem","position":2,"name":"Shop","item":"https:\/\/www.csj-emballages.com\/shop\/"},{"@type":"ListItem","position":3,"name":"Abbeizmittel f\u00fcr Backofen und Fritteuse Force Plus fl\u00fcssig 5L"}]},{"@type":"WebSite","@id":"https:\/\/www.csj-emballages.com\/de\/#website","url":"https:\/\/www.csj-emballages.com\/de\/","name":"CSJ Emballages","description":"","publisher":{"@id":"https:\/\/www.csj-emballages.com\/de\/#organization"},"potentialAction":[{"@type":"SearchAction","target":{"@type":"EntryPoint","urlTemplate":"https:\/\/www.csj-emballages.com\/de\/?s={search_term_string}"},"query-input":{"@type":"PropertyValueSpecification","valueRequired":true,"valueName":"search_term_string"}}],"inLanguage":"de"},{"@type":"Organization","@id":"https:\/\/www.csj-emballages.com\/de\/#Organization\/","name":"CSJ Emballages","url":"https:\/\/www.csj-emballages.com\/de\/","logo":{"@type":"ImageObject","inLanguage":"de","@id":"https:\/\/www.csj-emballages.com\/de\/#\/schema\/logo\/image\/","url":"https:\/\/www.csj-emballages.com\/wp-content\/uploads\/2023\/10\/logo_csj.webp","contentUrl":"https:\/\/www.csj-emballages.com\/wp-content\/uploads\/2023\/10\/logo_csj.webp","width":250,"height":95,"caption":"CSJ Emballages"},"image":{"@id":"https:\/\/www.csj-emballages.com\/de\/#\/schema\/logo\/image\/"},"sameAs":["https:\/\/www.facebook.com\/csjemballages"],"address":{"@type":"PostalAddress","streetAddress":"ZI La Lechere","addressLocality":"Patornay","postalCode":"39130","addressCountry":"FR"},"contactPoint":[{"@type":"ContactPoint","contactType":"Service client","telephone":"0384254272","email":"contact@csj-emballages.com"}]}]}},"df_price":21.34,"df_sale_price":"","df_regular_price":21.34,"df_image_link":"https:\/\/www.csj-emballages.com\/wp-content\/uploads\/2024\/03\/04165-300x300.webp","tiered_pricing_type":"fixed","tiered_pricing_fixed_rules":[],"tiered_pricing_percentage_rules":[],"tiered_pricing_minimum":1,"tiered_pricing_roles_data":[],"_links":{"self":[{"href":"https:\/\/www.csj-emballages.com\/de\/wp-json\/wp\/v2\/product\/17297","targetHints":{"allow":["GET"]}}],"collection":[{"href":"https:\/\/www.csj-emballages.com\/de\/wp-json\/wp\/v2\/product"}],"about":[{"href":"https:\/\/www.csj-emballages.com\/de\/wp-json\/wp\/v2\/types\/product"}],"wp:featuredmedia":[{"embeddable":true,"href":"https:\/\/www.csj-emballages.com\/de\/wp-json\/wp\/v2\/media\/255341"}],"wp:attachment":[{"href":"https:\/\/www.csj-emballages.com\/de\/wp-json\/wp\/v2\/media?parent=17297"}],"wp:term":[{"taxonomy":"product_brand","embeddable":true,"href":"https:\/\/www.csj-emballages.com\/de\/wp-json\/wp\/v2\/product_brand?post=17297"},{"taxonomy":"product_cat","embeddable":true,"href":"https:\/\/www.csj-emballages.com\/de\/wp-json\/wp\/v2\/product_cat?post=17297"},{"taxonomy":"product_tag","embeddable":true,"href":"https:\/\/www.csj-emballages.com\/de\/wp-json\/wp\/v2\/product_tag?post=17297"}],"curies":[{"name":"wp","href":"https:\/\/api.w.org\/{rel}","templated":true}]}}