{"id":17295,"date":"2024-03-01T17:00:16","date_gmt":"2024-03-01T16:00:16","guid":{"rendered":"https:\/\/u15jnbdpoq.preview.infomaniak.website\/produit\/tifon-seifenspender-mit-weisser-druckseife-1-liter\/"},"modified":"2026-04-15T02:10:16","modified_gmt":"2026-04-15T00:10:16","slug":"tifon-seifenspender-mit-weisser-druckseife-1-liter","status":"publish","type":"product","link":"https:\/\/www.csj-emballages.com\/de\/produit\/tifon-seifenspender-mit-weisser-druckseife-1-liter\/","title":{"rendered":"Seifenspender Patrone 1 Liter TIFON wei\u00df Druck"},"content":{"rendered":"<h2>Seifenspender<\/h2>\n<hr>\n<h3>Beschreibung unseres Seifenspenders 1 Liter TIFON wei\u00df drucken<!--more--><\/h3>\n<div class=\"flex max-w-full flex-col flex-grow\">\n<div class=\"min-h-8 text-message flex w-full flex-col items-end gap-2 whitespace-normal break-words text-start [.text-message+&amp;]:mt-5\" dir=\"auto\" data-message-author-role=\"assistant\" data-message-id=\"266ca6f3-5e07-4948-bd20-80ac5e6da4a5\" data-message-model-slug=\"gpt-4o\">\n<div class=\"flex w-full flex-col gap-1 empty:hidden first:pt-[3px]\">\n<div class=\"markdown prose w-full break-words dark:prose-invert dark\">\n<p data-start=\"238\" data-end=\"575\">Der <strong>Seifenspender<\/strong> <strong data-start=\"263\" data-end=\"280\">TIFON 1 Liter<\/strong> wurde entwickelt, um die t\u00e4gliche Hygiene ohne \u00fcberfl\u00fcssige Details zu vereinfachen. Sein <strong>wei\u00dfes Design<\/strong>, schlicht und modern, f\u00fcgt sich nahtlos in jede Umgebung ein: Sanit\u00e4rbereiche, professionelle K\u00fcchen, B\u00fcros, \u00f6ffentliche Einrichtungen oder Gesundheitseinrichtungen. Er erledigt seine Aufgabe einfach und gut.  <\/p>\n<p data-start=\"577\" data-end=\"937\">Dank seines <strong data-start=\"599\" data-end=\"620\">manuellen Drucksystems<\/strong> ist die Bedienung intuitiv und schnell. Ein einfacher Druck gen\u00fcgt, um die richtige Menge Seife abzugeben, was Verschwendung begrenzt und die Bereiche l\u00e4nger sauber h\u00e4lt. Zudem reduziert das <strong>1-Liter-Kartuschenformat<\/strong> die H\u00e4ufigkeit des Nachf\u00fcllens, ein echter Zeitgewinn bei hohem Besucheraufkommen.  <\/p>\n<p data-start=\"939\" data-end=\"1280\">Das robuste <strong>Geh\u00e4use<\/strong> sch\u00fctzt die Kartusche effektiv und h\u00e4lt intensivem Gebrauch stand. Es bleibt Tag f\u00fcr Tag zuverl\u00e4ssig, selbst an stark frequentierten Orten. Zudem erm\u00f6glicht das integrierte Sichtfenster, den Seifenstand auf einen Blick zu \u00fcberpr\u00fcfen, ohne es \u00f6ffnen zu m\u00fcssen. Praktisch, vor allem um Nachf\u00fcllungen fr\u00fchzeitig zu erkennen.   <\/p>\n<p data-start=\"1282\" data-end=\"1519\">Die Installation ist einfach und schnell, und die Wartung erfordert keinen besonderen Aufwand. Dieser Spender eignet sich perfekt f\u00fcr Profis, die eine funktionale, saubere und langlebige L\u00f6sung ohne unn\u00f6tige Komplikationen suchen. <\/p>\n<p data-start=\"1521\" data-end=\"1748\">Zusammenfassend konzentriert sich der <strong>TIFON Spender<\/strong> auf das Wesentliche: eine reibungslose Nutzung, eine komfortable Kapazit\u00e4t und ein diskretes Design. Er ist eine sichere Wahl, um eine effektive Hygiene zu gew\u00e4hrleisten und gleichzeitig saubere und organisierte Bereiche zu erhalten. <\/p>\n<\/div>\n<\/div>\n<p data-start=\"1521\" data-end=\"1748\">\n<div class=\"flex w-full flex-col gap-1 empty:hidden first:pt-[3px]\">\n<p><!--more--><\/p>\n<p><strong>Druckseifenspender,<\/strong> zur Verwendung mit den Referenzprodukten <span style=\"color: #d12727;\"><a style=\"color: #d12727;\" href=\"https:\/\/www.csj-emballages.com\/produit\/cartouche-liquide-nettoyant-antibacterien-900-ml-distributeur-03ds080001\/\">03ANTIBAC<\/a><\/span> \/ <span style=\"color: #d12727;\"><a style=\"color: #d12727;\" href=\"https:\/\/www.csj-emballages.com\/produit\/cartouche-savon-900-ml-distributeur-03ds080001\/\">03hairbod<\/a><\/span><\/p>\n<p>Manuelle Verwendung von bis zu 3 ml pro Druck.<\/p>\n<p data-start=\"238\" data-end=\"575\">\n<\/div>\n<\/div>\n<\/div>\n<p><!--more--><\/p>\n<h4>Weitere Informationen :<\/h4>\n<ul>\n<li><strong>Verpackung<\/strong>: Einzeln<\/li>\n<li><strong>Abmessungen<\/strong>: 11,5 x 11,5 x 26,5 cm (L x B x H)<\/li>\n<li><strong>Material<\/strong>: Kunststoff<\/li>\n<li><strong>Farbe<\/strong>: Wei\u00df<\/li>\n<li><strong>Nutzung<\/strong>: Druck \/ manuell<\/li>\n<li><strong>Kapazit\u00e4t<\/strong>: 1 Liter \/ 3 ml pro Druck<\/li>\n<\/ul>\n<p>&nbsp;<\/p>\n<p><!--more--><\/p>\n<p><a href=\"https:\/\/www.csj-emballages.com\/de\/categorie-produit\/hygiene-und-pflege\/vertriebspartner\/\">Sehen Sie sich den Rest unseres Sortiments an Vertriebspartnern an.<\/a><\/p>\n","protected":false},"excerpt":{"rendered":"<p>Seifenspender Beschreibung unseres Seifenspenders 1 Liter TIFON wei\u00df drucken<\/p>\n","protected":false},"featured_media":221572,"template":"","meta":{"_acf_changed":false},"product_brand":[],"product_cat":[1218,1409],"product_tag":[],"class_list":{"0":"post-17295","1":"product","2":"type-product","3":"status-publish","4":"has-post-thumbnail","6":"product_cat-hygiene-und-pflege","7":"product_cat-vertriebspartner","9":"first","10":"instock","11":"taxable","12":"shipping-taxable","13":"purchasable","14":"product-type-simple"},"acf":[],"yoast_head":"<!-- This site is optimized with the Yoast SEO Premium plugin v26.6 (Yoast SEO v26.6) - https:\/\/yoast.com\/wordpress\/plugins\/seo\/ -->\n<title>Seifenspender 1 Liter TIFON Wei\u00df Druckknopf<\/title>\n<meta name=\"description\" content=\"Entdecken Sie unseren wei\u00dfen TIFON 1-Liter-Druckseifenspender. Mit einem Fassungsverm\u00f6gen von 1L mit 3ml durch manuellen Druck. Manuelle Verwendung.\" \/>\n<meta name=\"robots\" content=\"index, follow, max-snippet:-1, max-image-preview:large, max-video-preview:-1\" \/>\n<link rel=\"canonical\" href=\"https:\/\/www.csj-emballages.com\/de\/produit\/tifon-seifenspender-mit-weisser-druckseife-1-liter\/\" \/>\n<meta property=\"og:locale\" content=\"de_DE\" \/>\n<meta property=\"og:type\" content=\"article\" \/>\n<meta property=\"og:title\" content=\"Seifenspender Patrone 1 Liter TIFON wei\u00df Druck\" \/>\n<meta property=\"og:description\" content=\"Entdecken Sie unseren wei\u00dfen TIFON 1-Liter-Druckseifenspender. Mit einem Fassungsverm\u00f6gen von 1L mit 3ml durch manuellen Druck. Manuelle Verwendung.\" \/>\n<meta property=\"og:url\" content=\"https:\/\/www.csj-emballages.com\/de\/produit\/tifon-seifenspender-mit-weisser-druckseife-1-liter\/\" \/>\n<meta property=\"og:site_name\" content=\"CSJ Emballages\" \/>\n<meta property=\"article:publisher\" content=\"https:\/\/www.facebook.com\/csjemballages\" \/>\n<meta property=\"article:modified_time\" content=\"2026-04-15T00:10:16+00:00\" \/>\n<meta property=\"og:image\" content=\"https:\/\/www.csj-emballages.com\/wp-content\/uploads\/2024\/03\/Tifon.webp\" \/>\n\t<meta property=\"og:image:width\" content=\"800\" \/>\n\t<meta property=\"og:image:height\" content=\"800\" \/>\n\t<meta property=\"og:image:type\" content=\"image\/webp\" \/>\n<meta name=\"twitter:card\" content=\"summary_large_image\" \/>\n<meta name=\"twitter:label1\" content=\"Gesch\u00e4tzte Lesezeit\" \/>\n\t<meta name=\"twitter:data1\" content=\"1\u00a0Minute\" \/>\n<script type=\"application\/ld+json\" class=\"yoast-schema-graph\">{\"@context\":\"https:\/\/schema.org\",\"@graph\":[{\"@type\":\"WebPage\",\"@id\":\"https:\/\/www.csj-emballages.com\/de\/produit\/tifon-seifenspender-mit-weisser-druckseife-1-liter\/\",\"url\":\"https:\/\/www.csj-emballages.com\/de\/produit\/tifon-seifenspender-mit-weisser-druckseife-1-liter\/\",\"name\":\"Seifenspender 1 Liter TIFON Wei\u00df Druckknopf\",\"isPartOf\":{\"@id\":\"https:\/\/www.csj-emballages.com\/de\/#website\"},\"primaryImageOfPage\":{\"@id\":\"https:\/\/www.csj-emballages.com\/de\/produit\/tifon-seifenspender-mit-weisser-druckseife-1-liter\/#primaryimage\"},\"image\":{\"@id\":\"https:\/\/www.csj-emballages.com\/de\/produit\/tifon-seifenspender-mit-weisser-druckseife-1-liter\/#primaryimage\"},\"thumbnailUrl\":\"https:\/\/www.csj-emballages.com\/wp-content\/uploads\/2024\/03\/Tifon.webp\",\"datePublished\":\"2024-03-01T16:00:16+00:00\",\"dateModified\":\"2026-04-15T00:10:16+00:00\",\"description\":\"Entdecken Sie unseren wei\u00dfen TIFON 1-Liter-Druckseifenspender. Mit einem Fassungsverm\u00f6gen von 1L mit 3ml durch manuellen Druck. Manuelle Verwendung.\",\"breadcrumb\":{\"@id\":\"https:\/\/www.csj-emballages.com\/de\/produit\/tifon-seifenspender-mit-weisser-druckseife-1-liter\/#breadcrumb\"},\"inLanguage\":\"de\",\"potentialAction\":[{\"@type\":\"ReadAction\",\"target\":[\"https:\/\/www.csj-emballages.com\/de\/produit\/tifon-seifenspender-mit-weisser-druckseife-1-liter\/\"]}]},{\"@type\":\"ImageObject\",\"inLanguage\":\"de\",\"@id\":\"https:\/\/www.csj-emballages.com\/de\/produit\/tifon-seifenspender-mit-weisser-druckseife-1-liter\/#primaryimage\",\"url\":\"https:\/\/www.csj-emballages.com\/wp-content\/uploads\/2024\/03\/Tifon.webp\",\"contentUrl\":\"https:\/\/www.csj-emballages.com\/wp-content\/uploads\/2024\/03\/Tifon.webp\",\"width\":800,\"height\":800,\"caption\":\"Distributeur savon\"},{\"@type\":\"BreadcrumbList\",\"@id\":\"https:\/\/www.csj-emballages.com\/de\/produit\/tifon-seifenspender-mit-weisser-druckseife-1-liter\/#breadcrumb\",\"itemListElement\":[{\"@type\":\"ListItem\",\"position\":1,\"name\":\"Accueil\",\"item\":\"https:\/\/www.csj-emballages.com\/de\/universum-lebensmittelverpackungen\/\"},{\"@type\":\"ListItem\",\"position\":2,\"name\":\"Shop\",\"item\":\"https:\/\/www.csj-emballages.com\/shop\/\"},{\"@type\":\"ListItem\",\"position\":3,\"name\":\"Seifenspender Patrone 1 Liter TIFON wei\u00df Druck\"}]},{\"@type\":\"WebSite\",\"@id\":\"https:\/\/www.csj-emballages.com\/de\/#website\",\"url\":\"https:\/\/www.csj-emballages.com\/de\/\",\"name\":\"CSJ Emballages\",\"description\":\"\",\"publisher\":{\"@id\":\"https:\/\/www.csj-emballages.com\/de\/#organization\"},\"potentialAction\":[{\"@type\":\"SearchAction\",\"target\":{\"@type\":\"EntryPoint\",\"urlTemplate\":\"https:\/\/www.csj-emballages.com\/de\/?s={search_term_string}\"},\"query-input\":{\"@type\":\"PropertyValueSpecification\",\"valueRequired\":true,\"valueName\":\"search_term_string\"}}],\"inLanguage\":\"de\"},{\"@type\":\"Organization\",\"@id\":\"https:\/\/www.csj-emballages.com\/de\/#Organization\/\",\"name\":\"CSJ Emballages\",\"url\":\"https:\/\/www.csj-emballages.com\/de\/\",\"logo\":{\"@type\":\"ImageObject\",\"inLanguage\":\"de\",\"@id\":\"https:\/\/www.csj-emballages.com\/de\/#\/schema\/logo\/image\/\",\"url\":\"https:\/\/www.csj-emballages.com\/wp-content\/uploads\/2023\/10\/logo_csj.webp\",\"contentUrl\":\"https:\/\/www.csj-emballages.com\/wp-content\/uploads\/2023\/10\/logo_csj.webp\",\"width\":250,\"height\":95,\"caption\":\"CSJ Emballages\"},\"image\":{\"@id\":\"https:\/\/www.csj-emballages.com\/de\/#\/schema\/logo\/image\/\"},\"sameAs\":[\"https:\/\/www.facebook.com\/csjemballages\"],\"address\":{\"@type\":\"PostalAddress\",\"streetAddress\":\"ZI La Lechere\",\"addressLocality\":\"Patornay\",\"postalCode\":\"39130\",\"addressCountry\":\"FR\"},\"contactPoint\":[{\"@type\":\"ContactPoint\",\"contactType\":\"Service client\",\"telephone\":\"0384254272\",\"email\":\"contact@csj-emballages.com\"}]}]}<\/script>\n<!-- \/ Yoast SEO Premium plugin. -->","yoast_head_json":{"title":"Seifenspender 1 Liter TIFON Wei\u00df Druckknopf","description":"Entdecken Sie unseren wei\u00dfen TIFON 1-Liter-Druckseifenspender. Mit einem Fassungsverm\u00f6gen von 1L mit 3ml durch manuellen Druck. Manuelle Verwendung.","robots":{"index":"index","follow":"follow","max-snippet":"max-snippet:-1","max-image-preview":"max-image-preview:large","max-video-preview":"max-video-preview:-1"},"canonical":"https:\/\/www.csj-emballages.com\/de\/produit\/tifon-seifenspender-mit-weisser-druckseife-1-liter\/","og_locale":"de_DE","og_type":"article","og_title":"Seifenspender Patrone 1 Liter TIFON wei\u00df Druck","og_description":"Entdecken Sie unseren wei\u00dfen TIFON 1-Liter-Druckseifenspender. Mit einem Fassungsverm\u00f6gen von 1L mit 3ml durch manuellen Druck. Manuelle Verwendung.","og_url":"https:\/\/www.csj-emballages.com\/de\/produit\/tifon-seifenspender-mit-weisser-druckseife-1-liter\/","og_site_name":"CSJ Emballages","article_publisher":"https:\/\/www.facebook.com\/csjemballages","article_modified_time":"2026-04-15T00:10:16+00:00","og_image":[{"width":800,"height":800,"url":"https:\/\/www.csj-emballages.com\/wp-content\/uploads\/2024\/03\/Tifon.webp","type":"image\/webp"}],"twitter_card":"summary_large_image","twitter_misc":{"Gesch\u00e4tzte Lesezeit":"1\u00a0Minute"},"schema":{"@context":"https:\/\/schema.org","@graph":[{"@type":"WebPage","@id":"https:\/\/www.csj-emballages.com\/de\/produit\/tifon-seifenspender-mit-weisser-druckseife-1-liter\/","url":"https:\/\/www.csj-emballages.com\/de\/produit\/tifon-seifenspender-mit-weisser-druckseife-1-liter\/","name":"Seifenspender 1 Liter TIFON Wei\u00df Druckknopf","isPartOf":{"@id":"https:\/\/www.csj-emballages.com\/de\/#website"},"primaryImageOfPage":{"@id":"https:\/\/www.csj-emballages.com\/de\/produit\/tifon-seifenspender-mit-weisser-druckseife-1-liter\/#primaryimage"},"image":{"@id":"https:\/\/www.csj-emballages.com\/de\/produit\/tifon-seifenspender-mit-weisser-druckseife-1-liter\/#primaryimage"},"thumbnailUrl":"https:\/\/www.csj-emballages.com\/wp-content\/uploads\/2024\/03\/Tifon.webp","datePublished":"2024-03-01T16:00:16+00:00","dateModified":"2026-04-15T00:10:16+00:00","description":"Entdecken Sie unseren wei\u00dfen TIFON 1-Liter-Druckseifenspender. Mit einem Fassungsverm\u00f6gen von 1L mit 3ml durch manuellen Druck. Manuelle Verwendung.","breadcrumb":{"@id":"https:\/\/www.csj-emballages.com\/de\/produit\/tifon-seifenspender-mit-weisser-druckseife-1-liter\/#breadcrumb"},"inLanguage":"de","potentialAction":[{"@type":"ReadAction","target":["https:\/\/www.csj-emballages.com\/de\/produit\/tifon-seifenspender-mit-weisser-druckseife-1-liter\/"]}]},{"@type":"ImageObject","inLanguage":"de","@id":"https:\/\/www.csj-emballages.com\/de\/produit\/tifon-seifenspender-mit-weisser-druckseife-1-liter\/#primaryimage","url":"https:\/\/www.csj-emballages.com\/wp-content\/uploads\/2024\/03\/Tifon.webp","contentUrl":"https:\/\/www.csj-emballages.com\/wp-content\/uploads\/2024\/03\/Tifon.webp","width":800,"height":800,"caption":"Distributeur savon"},{"@type":"BreadcrumbList","@id":"https:\/\/www.csj-emballages.com\/de\/produit\/tifon-seifenspender-mit-weisser-druckseife-1-liter\/#breadcrumb","itemListElement":[{"@type":"ListItem","position":1,"name":"Accueil","item":"https:\/\/www.csj-emballages.com\/de\/universum-lebensmittelverpackungen\/"},{"@type":"ListItem","position":2,"name":"Shop","item":"https:\/\/www.csj-emballages.com\/shop\/"},{"@type":"ListItem","position":3,"name":"Seifenspender Patrone 1 Liter TIFON wei\u00df Druck"}]},{"@type":"WebSite","@id":"https:\/\/www.csj-emballages.com\/de\/#website","url":"https:\/\/www.csj-emballages.com\/de\/","name":"CSJ Emballages","description":"","publisher":{"@id":"https:\/\/www.csj-emballages.com\/de\/#organization"},"potentialAction":[{"@type":"SearchAction","target":{"@type":"EntryPoint","urlTemplate":"https:\/\/www.csj-emballages.com\/de\/?s={search_term_string}"},"query-input":{"@type":"PropertyValueSpecification","valueRequired":true,"valueName":"search_term_string"}}],"inLanguage":"de"},{"@type":"Organization","@id":"https:\/\/www.csj-emballages.com\/de\/#Organization\/","name":"CSJ Emballages","url":"https:\/\/www.csj-emballages.com\/de\/","logo":{"@type":"ImageObject","inLanguage":"de","@id":"https:\/\/www.csj-emballages.com\/de\/#\/schema\/logo\/image\/","url":"https:\/\/www.csj-emballages.com\/wp-content\/uploads\/2023\/10\/logo_csj.webp","contentUrl":"https:\/\/www.csj-emballages.com\/wp-content\/uploads\/2023\/10\/logo_csj.webp","width":250,"height":95,"caption":"CSJ Emballages"},"image":{"@id":"https:\/\/www.csj-emballages.com\/de\/#\/schema\/logo\/image\/"},"sameAs":["https:\/\/www.facebook.com\/csjemballages"],"address":{"@type":"PostalAddress","streetAddress":"ZI La Lechere","addressLocality":"Patornay","postalCode":"39130","addressCountry":"FR"},"contactPoint":[{"@type":"ContactPoint","contactType":"Service client","telephone":"0384254272","email":"contact@csj-emballages.com"}]}]}},"df_price":13.92,"df_sale_price":"","df_regular_price":13.92,"df_image_link":"https:\/\/www.csj-emballages.com\/wp-content\/uploads\/2024\/03\/Tifon-300x300.webp","tiered_pricing_type":"fixed","tiered_pricing_fixed_rules":[],"tiered_pricing_percentage_rules":[],"tiered_pricing_minimum":1,"tiered_pricing_roles_data":[],"_links":{"self":[{"href":"https:\/\/www.csj-emballages.com\/de\/wp-json\/wp\/v2\/product\/17295","targetHints":{"allow":["GET"]}}],"collection":[{"href":"https:\/\/www.csj-emballages.com\/de\/wp-json\/wp\/v2\/product"}],"about":[{"href":"https:\/\/www.csj-emballages.com\/de\/wp-json\/wp\/v2\/types\/product"}],"wp:featuredmedia":[{"embeddable":true,"href":"https:\/\/www.csj-emballages.com\/de\/wp-json\/wp\/v2\/media\/221572"}],"wp:attachment":[{"href":"https:\/\/www.csj-emballages.com\/de\/wp-json\/wp\/v2\/media?parent=17295"}],"wp:term":[{"taxonomy":"product_brand","embeddable":true,"href":"https:\/\/www.csj-emballages.com\/de\/wp-json\/wp\/v2\/product_brand?post=17295"},{"taxonomy":"product_cat","embeddable":true,"href":"https:\/\/www.csj-emballages.com\/de\/wp-json\/wp\/v2\/product_cat?post=17295"},{"taxonomy":"product_tag","embeddable":true,"href":"https:\/\/www.csj-emballages.com\/de\/wp-json\/wp\/v2\/product_tag?post=17295"}],"curies":[{"name":"wp","href":"https:\/\/api.w.org\/{rel}","templated":true}]}}