{"id":17283,"date":"2024-03-01T17:00:16","date_gmt":"2024-03-01T16:00:16","guid":{"rendered":"https:\/\/u15jnbdpoq.preview.infomaniak.website\/produit\/900-ml-seifenkartusche-spender-03ds080001\/"},"modified":"2026-04-30T08:00:18","modified_gmt":"2026-04-30T06:00:18","slug":"900-ml-seifenkartusche-spender-03ds080001","status":"publish","type":"product","link":"https:\/\/www.csj-emballages.com\/de\/produit\/900-ml-seifenkartusche-spender-03ds080001\/","title":{"rendered":"Handseifenpatrone 900 ml Spender &#8222;03DS080001&#8220;."},"content":{"rendered":"<h2 class=\"p1 ai-optimize-36 ai-optimize-introduction\">Handseifenpatrone<\/h2>\n<hr>\n<h3 class=\"ai-optimize-34\">Beschreibung unserer Handseifenpatrone 900 ml Spender \u201e03DS080001\u201c.<\/h3>\n<p><!--more--><\/p>\n<p class=\"ai-optimize-38 ai-optimize-introduction\" data-start=\"394\" data-end=\"764\">Diese <strong>900-ml-Fl\u00fcssigseifenpatrone<\/strong> wurde f\u00fcr hygienisch anspruchsvolle Umgebungen entwickelt und ist speziell so konzipiert, dass sie perfekt in den Spender passt. <span style=\"color: #d12727\"><a style=\"color: #d12727\" href=\"https:\/\/www.csj-emballages.com\/es\/produit\/dosificador-de-jabon-blanco-a-presion-tifon-1-litro\/\">03DS080001<\/a><\/span>. Sie ist einfach zu installieren und bietet eine effiziente und hygienische L\u00f6sung f\u00fcr gewerbliche Waschr\u00e4ume, Gemeinschaften, Gesundheitseinrichtungen und stark frequentierte Orte. Ihr <strong>900-ml-Format<\/strong> erm\u00f6glicht eine l\u00e4ngere Betriebsdauer, wodurch die H\u00e4ufigkeit des Nachf\u00fcllens verringert und die Wartungszeiten optimiert werden. Diese milde <strong>Seife<\/strong> ist f\u00fcr den h\u00e4ufigen Gebrauch geeignet, ohne die Haut anzugreifen. Sie sch\u00e4umt leicht und sorgt f\u00fcr ein angenehmes Gef\u00fchl der Sauberkeit, w\u00e4hrend sie sich leicht absp\u00fclen l\u00e4sst.    <\/p>\n<p class=\"ai-optimize-40\" data-start=\"1062\" data-end=\"1367\">Die <strong>Handseifenpatrone<\/strong> wird unter Einhaltung der geltenden Hygienestandards hergestellt und ist versiegelt, um jegliche Kontamination zu vermeiden. Das geschlossene Spendersystem verringert die Verschwendung, gew\u00e4hrleistet eine einwandfreie Hygiene und tr\u00e4gt zu einem kontrollierten Verbrauch bei. Sie ist eine zuverl\u00e4ssige, saubere und wirtschaftliche L\u00f6sung.  <\/p>\n<p class=\"ai-optimize-41\" data-start=\"1369\" data-end=\"1617\">Zusammenfassend l\u00e4sst sich sagen, dass diese Patrone einfach zu lagern, schnell in den <strong>Spender<\/strong> einzusetzen und f\u00fcr eine Handhabung ohne direkten Kontakt mit der Seife konzipiert ist. Sie ist ein Muss f\u00fcr jede professionelle Struktur, die auf Qualit\u00e4t, Sicherheit und Effizienz bedacht ist.<\/p>\n<p>&nbsp;<\/p>\n<p><!--more--><\/p>\n<h4 class=\"ai-optimize-37\"><strong>Seine Vorteile :<\/strong><\/h4>\n<ul>\n<li class=\"ai-optimize-38\">Kompatibel mit dem Spender 03DS080001.<\/li>\n<li class=\"ai-optimize-39\">Dank des 900-ml-Formats muss weniger nachgef\u00fcllt werden und die Reichweite ist gr\u00f6\u00dfer.<\/li>\n<li class=\"ai-optimize-40\">Milde Seife, h\u00e4ufiger Gebrauch, ohne die Haut auszutrocknen.<\/li>\n<li class=\"ai-optimize-42\">Sparsame Verteilung und keine Verschwendung.<\/li>\n<li class=\"ai-optimize-43\">Ideal f\u00fcr \u00f6ffentliche Einrichtungen, Unternehmen, Krankenh\u00e4user und Schulen.<\/li>\n<\/ul>\n<p>&nbsp;<\/p>\n<p><!--more--><\/p>\n<h4 class=\"ai-optimize-44\">Weitere Informationen :<\/h4>\n<ul>\n<li class=\"ai-optimize-45\"><strong>Verpackung<\/strong>: Einzeln<\/li>\n<li class=\"ai-optimize-47\"><strong>Verwendung<\/strong>: K\u00f6rper \/ Haare<\/li>\n<li class=\"ai-optimize-48\"><strong>Volumen<\/strong>: 1 Liter<\/li>\n<\/ul>\n<p>&nbsp;<\/p>\n<p><!--more--><\/p>\n<p class=\"ai-optimize-49\">Hier finden Sie den passenden Spender f\u00fcr diese Handseife : <span style=\"color: #d12727\"><a style=\"color: #d12727\" href=\"https:\/\/www.csj-emballages.com\/es\/produit\/dosificador-de-jabon-blanco-a-presion-tifon-1-litro\/\">03DS080001<\/a><\/span><\/p>\n<p>&nbsp;<\/p>\n<p><!--more--><\/p>\n<p class=\"ai-optimize-41\"><a href=\"https:\/\/www.csj-emballages.com\/de\/categorie-produit\/lebensmittelverpackungen\/bio-sortiment\/bio-produkte-de\/\">Sehen Sie sich den Rest unseres Sortiments an Bio-Hygieneprodukten an<\/a><\/p>\n","protected":false},"excerpt":{"rendered":"<p>Handseifenpatrone Beschreibung unserer Handseifenpatrone 900 ml Spender \u201e03DS080001\u201c.<\/p>\n","protected":false},"featured_media":235188,"template":"","meta":{"_acf_changed":false},"product_brand":[],"product_cat":[1137,1146,6983,1218,1219,1351,1352],"product_tag":[],"class_list":{"0":"post-17283","1":"product","2":"type-product","3":"status-publish","4":"has-post-thumbnail","6":"product_cat-lebensmittelverpackungen","7":"product_cat-bio-sortiment","8":"product_cat-bio-produkte-de","9":"product_cat-hygiene-und-pflege","10":"product_cat-pflegeprodukte","11":"product_cat-korperhygiene","12":"product_cat-handseife","14":"first","15":"instock","16":"taxable","17":"shipping-taxable","18":"purchasable","19":"product-type-simple"},"acf":[],"yoast_head":"<!-- This site is optimized with the Yoast SEO Premium plugin v26.6 (Yoast SEO v26.6) - https:\/\/yoast.com\/wordpress\/plugins\/seo\/ -->\n<title>Kartusche Handseife 900 ml Spender \u201e03DS080001\u201c.<\/title>\n<meta name=\"description\" content=\"900 ml Handseifenpatrone f\u00fcr Spender 03DS080001: optimale Hygiene, kosteng\u00fcnstiges Format und einfache Installation. Ideal f\u00fcr Pro-Umgebungen.\" \/>\n<meta name=\"robots\" content=\"index, follow, max-snippet:-1, max-image-preview:large, max-video-preview:-1\" \/>\n<link rel=\"canonical\" href=\"https:\/\/www.csj-emballages.com\/de\/produit\/900-ml-seifenkartusche-spender-03ds080001\/\" \/>\n<meta property=\"og:locale\" content=\"de_DE\" \/>\n<meta property=\"og:type\" content=\"article\" \/>\n<meta property=\"og:title\" content=\"Handseifenpatrone 900 ml Spender &quot;03DS080001&quot;.\" \/>\n<meta property=\"og:description\" content=\"900 ml Handseifenpatrone f\u00fcr Spender 03DS080001: optimale Hygiene, kosteng\u00fcnstiges Format und einfache Installation. Ideal f\u00fcr Pro-Umgebungen.\" \/>\n<meta property=\"og:url\" content=\"https:\/\/www.csj-emballages.com\/de\/produit\/900-ml-seifenkartusche-spender-03ds080001\/\" \/>\n<meta property=\"og:site_name\" content=\"CSJ Emballages\" \/>\n<meta property=\"article:publisher\" content=\"https:\/\/www.facebook.com\/csjemballages\" \/>\n<meta property=\"article:modified_time\" content=\"2026-04-30T06:00:18+00:00\" \/>\n<meta property=\"og:image\" content=\"https:\/\/www.csj-emballages.com\/wp-content\/uploads\/2024\/03\/03HAIRBODY.webp\" \/>\n\t<meta property=\"og:image:width\" content=\"800\" \/>\n\t<meta property=\"og:image:height\" content=\"800\" \/>\n\t<meta property=\"og:image:type\" content=\"image\/webp\" \/>\n<meta name=\"twitter:card\" content=\"summary_large_image\" \/>\n<meta name=\"twitter:label1\" content=\"Gesch\u00e4tzte Lesezeit\" \/>\n\t<meta name=\"twitter:data1\" content=\"1\u00a0Minute\" \/>\n<script type=\"application\/ld+json\" class=\"yoast-schema-graph\">{\"@context\":\"https:\/\/schema.org\",\"@graph\":[{\"@type\":\"WebPage\",\"@id\":\"https:\/\/www.csj-emballages.com\/de\/produit\/900-ml-seifenkartusche-spender-03ds080001\/\",\"url\":\"https:\/\/www.csj-emballages.com\/de\/produit\/900-ml-seifenkartusche-spender-03ds080001\/\",\"name\":\"Kartusche Handseife 900 ml Spender \u201e03DS080001\u201c.\",\"isPartOf\":{\"@id\":\"https:\/\/www.csj-emballages.com\/de\/#website\"},\"primaryImageOfPage\":{\"@id\":\"https:\/\/www.csj-emballages.com\/de\/produit\/900-ml-seifenkartusche-spender-03ds080001\/#primaryimage\"},\"image\":{\"@id\":\"https:\/\/www.csj-emballages.com\/de\/produit\/900-ml-seifenkartusche-spender-03ds080001\/#primaryimage\"},\"thumbnailUrl\":\"https:\/\/www.csj-emballages.com\/wp-content\/uploads\/2024\/03\/03HAIRBODY.webp\",\"datePublished\":\"2024-03-01T16:00:16+00:00\",\"dateModified\":\"2026-04-30T06:00:18+00:00\",\"description\":\"900 ml Handseifenpatrone f\u00fcr Spender 03DS080001: optimale Hygiene, kosteng\u00fcnstiges Format und einfache Installation. Ideal f\u00fcr Pro-Umgebungen.\",\"breadcrumb\":{\"@id\":\"https:\/\/www.csj-emballages.com\/de\/produit\/900-ml-seifenkartusche-spender-03ds080001\/#breadcrumb\"},\"inLanguage\":\"de\",\"potentialAction\":[{\"@type\":\"ReadAction\",\"target\":[\"https:\/\/www.csj-emballages.com\/de\/produit\/900-ml-seifenkartusche-spender-03ds080001\/\"]}]},{\"@type\":\"ImageObject\",\"inLanguage\":\"de\",\"@id\":\"https:\/\/www.csj-emballages.com\/de\/produit\/900-ml-seifenkartusche-spender-03ds080001\/#primaryimage\",\"url\":\"https:\/\/www.csj-emballages.com\/wp-content\/uploads\/2024\/03\/03HAIRBODY.webp\",\"contentUrl\":\"https:\/\/www.csj-emballages.com\/wp-content\/uploads\/2024\/03\/03HAIRBODY.webp\",\"width\":800,\"height\":800,\"caption\":\"Cartouche savon mains\u00a0\"},{\"@type\":\"BreadcrumbList\",\"@id\":\"https:\/\/www.csj-emballages.com\/de\/produit\/900-ml-seifenkartusche-spender-03ds080001\/#breadcrumb\",\"itemListElement\":[{\"@type\":\"ListItem\",\"position\":1,\"name\":\"Accueil\",\"item\":\"https:\/\/www.csj-emballages.com\/de\/universum-lebensmittelverpackungen\/\"},{\"@type\":\"ListItem\",\"position\":2,\"name\":\"Shop\",\"item\":\"https:\/\/www.csj-emballages.com\/shop\/\"},{\"@type\":\"ListItem\",\"position\":3,\"name\":\"Handseifenpatrone 900 ml Spender \u00ab\u00a003DS080001\u00a0\u00bb.\"}]},{\"@type\":\"WebSite\",\"@id\":\"https:\/\/www.csj-emballages.com\/de\/#website\",\"url\":\"https:\/\/www.csj-emballages.com\/de\/\",\"name\":\"CSJ Emballages\",\"description\":\"\",\"publisher\":{\"@id\":\"https:\/\/www.csj-emballages.com\/de\/#organization\"},\"potentialAction\":[{\"@type\":\"SearchAction\",\"target\":{\"@type\":\"EntryPoint\",\"urlTemplate\":\"https:\/\/www.csj-emballages.com\/de\/?s={search_term_string}\"},\"query-input\":{\"@type\":\"PropertyValueSpecification\",\"valueRequired\":true,\"valueName\":\"search_term_string\"}}],\"inLanguage\":\"de\"},{\"@type\":\"Organization\",\"@id\":\"https:\/\/www.csj-emballages.com\/de\/#Organization\/\",\"name\":\"CSJ Emballages\",\"url\":\"https:\/\/www.csj-emballages.com\/de\/\",\"logo\":{\"@type\":\"ImageObject\",\"inLanguage\":\"de\",\"@id\":\"https:\/\/www.csj-emballages.com\/de\/#\/schema\/logo\/image\/\",\"url\":\"https:\/\/www.csj-emballages.com\/wp-content\/uploads\/2023\/10\/logo_csj.webp\",\"contentUrl\":\"https:\/\/www.csj-emballages.com\/wp-content\/uploads\/2023\/10\/logo_csj.webp\",\"width\":250,\"height\":95,\"caption\":\"CSJ Emballages\"},\"image\":{\"@id\":\"https:\/\/www.csj-emballages.com\/de\/#\/schema\/logo\/image\/\"},\"sameAs\":[\"https:\/\/www.facebook.com\/csjemballages\"],\"address\":{\"@type\":\"PostalAddress\",\"streetAddress\":\"ZI La Lechere\",\"addressLocality\":\"Patornay\",\"postalCode\":\"39130\",\"addressCountry\":\"FR\"},\"contactPoint\":[{\"@type\":\"ContactPoint\",\"contactType\":\"Service client\",\"telephone\":\"0384254272\",\"email\":\"contact@csj-emballages.com\"}]}]}<\/script>\n<!-- \/ Yoast SEO Premium plugin. -->","yoast_head_json":{"title":"Kartusche Handseife 900 ml Spender \u201e03DS080001\u201c.","description":"900 ml Handseifenpatrone f\u00fcr Spender 03DS080001: optimale Hygiene, kosteng\u00fcnstiges Format und einfache Installation. Ideal f\u00fcr Pro-Umgebungen.","robots":{"index":"index","follow":"follow","max-snippet":"max-snippet:-1","max-image-preview":"max-image-preview:large","max-video-preview":"max-video-preview:-1"},"canonical":"https:\/\/www.csj-emballages.com\/de\/produit\/900-ml-seifenkartusche-spender-03ds080001\/","og_locale":"de_DE","og_type":"article","og_title":"Handseifenpatrone 900 ml Spender \"03DS080001\".","og_description":"900 ml Handseifenpatrone f\u00fcr Spender 03DS080001: optimale Hygiene, kosteng\u00fcnstiges Format und einfache Installation. Ideal f\u00fcr Pro-Umgebungen.","og_url":"https:\/\/www.csj-emballages.com\/de\/produit\/900-ml-seifenkartusche-spender-03ds080001\/","og_site_name":"CSJ Emballages","article_publisher":"https:\/\/www.facebook.com\/csjemballages","article_modified_time":"2026-04-30T06:00:18+00:00","og_image":[{"width":800,"height":800,"url":"https:\/\/www.csj-emballages.com\/wp-content\/uploads\/2024\/03\/03HAIRBODY.webp","type":"image\/webp"}],"twitter_card":"summary_large_image","twitter_misc":{"Gesch\u00e4tzte Lesezeit":"1\u00a0Minute"},"schema":{"@context":"https:\/\/schema.org","@graph":[{"@type":"WebPage","@id":"https:\/\/www.csj-emballages.com\/de\/produit\/900-ml-seifenkartusche-spender-03ds080001\/","url":"https:\/\/www.csj-emballages.com\/de\/produit\/900-ml-seifenkartusche-spender-03ds080001\/","name":"Kartusche Handseife 900 ml Spender \u201e03DS080001\u201c.","isPartOf":{"@id":"https:\/\/www.csj-emballages.com\/de\/#website"},"primaryImageOfPage":{"@id":"https:\/\/www.csj-emballages.com\/de\/produit\/900-ml-seifenkartusche-spender-03ds080001\/#primaryimage"},"image":{"@id":"https:\/\/www.csj-emballages.com\/de\/produit\/900-ml-seifenkartusche-spender-03ds080001\/#primaryimage"},"thumbnailUrl":"https:\/\/www.csj-emballages.com\/wp-content\/uploads\/2024\/03\/03HAIRBODY.webp","datePublished":"2024-03-01T16:00:16+00:00","dateModified":"2026-04-30T06:00:18+00:00","description":"900 ml Handseifenpatrone f\u00fcr Spender 03DS080001: optimale Hygiene, kosteng\u00fcnstiges Format und einfache Installation. Ideal f\u00fcr Pro-Umgebungen.","breadcrumb":{"@id":"https:\/\/www.csj-emballages.com\/de\/produit\/900-ml-seifenkartusche-spender-03ds080001\/#breadcrumb"},"inLanguage":"de","potentialAction":[{"@type":"ReadAction","target":["https:\/\/www.csj-emballages.com\/de\/produit\/900-ml-seifenkartusche-spender-03ds080001\/"]}]},{"@type":"ImageObject","inLanguage":"de","@id":"https:\/\/www.csj-emballages.com\/de\/produit\/900-ml-seifenkartusche-spender-03ds080001\/#primaryimage","url":"https:\/\/www.csj-emballages.com\/wp-content\/uploads\/2024\/03\/03HAIRBODY.webp","contentUrl":"https:\/\/www.csj-emballages.com\/wp-content\/uploads\/2024\/03\/03HAIRBODY.webp","width":800,"height":800,"caption":"Cartouche savon mains\u00a0"},{"@type":"BreadcrumbList","@id":"https:\/\/www.csj-emballages.com\/de\/produit\/900-ml-seifenkartusche-spender-03ds080001\/#breadcrumb","itemListElement":[{"@type":"ListItem","position":1,"name":"Accueil","item":"https:\/\/www.csj-emballages.com\/de\/universum-lebensmittelverpackungen\/"},{"@type":"ListItem","position":2,"name":"Shop","item":"https:\/\/www.csj-emballages.com\/shop\/"},{"@type":"ListItem","position":3,"name":"Handseifenpatrone 900 ml Spender \u00ab\u00a003DS080001\u00a0\u00bb."}]},{"@type":"WebSite","@id":"https:\/\/www.csj-emballages.com\/de\/#website","url":"https:\/\/www.csj-emballages.com\/de\/","name":"CSJ Emballages","description":"","publisher":{"@id":"https:\/\/www.csj-emballages.com\/de\/#organization"},"potentialAction":[{"@type":"SearchAction","target":{"@type":"EntryPoint","urlTemplate":"https:\/\/www.csj-emballages.com\/de\/?s={search_term_string}"},"query-input":{"@type":"PropertyValueSpecification","valueRequired":true,"valueName":"search_term_string"}}],"inLanguage":"de"},{"@type":"Organization","@id":"https:\/\/www.csj-emballages.com\/de\/#Organization\/","name":"CSJ Emballages","url":"https:\/\/www.csj-emballages.com\/de\/","logo":{"@type":"ImageObject","inLanguage":"de","@id":"https:\/\/www.csj-emballages.com\/de\/#\/schema\/logo\/image\/","url":"https:\/\/www.csj-emballages.com\/wp-content\/uploads\/2023\/10\/logo_csj.webp","contentUrl":"https:\/\/www.csj-emballages.com\/wp-content\/uploads\/2023\/10\/logo_csj.webp","width":250,"height":95,"caption":"CSJ Emballages"},"image":{"@id":"https:\/\/www.csj-emballages.com\/de\/#\/schema\/logo\/image\/"},"sameAs":["https:\/\/www.facebook.com\/csjemballages"],"address":{"@type":"PostalAddress","streetAddress":"ZI La Lechere","addressLocality":"Patornay","postalCode":"39130","addressCountry":"FR"},"contactPoint":[{"@type":"ContactPoint","contactType":"Service client","telephone":"0384254272","email":"contact@csj-emballages.com"}]}]}},"df_price":7.68,"df_sale_price":"","df_regular_price":7.68,"df_image_link":"https:\/\/www.csj-emballages.com\/wp-content\/uploads\/2024\/03\/03HAIRBODY-300x300.webp","tiered_pricing_type":"fixed","tiered_pricing_fixed_rules":[],"tiered_pricing_percentage_rules":[],"tiered_pricing_minimum":1,"tiered_pricing_roles_data":[],"_links":{"self":[{"href":"https:\/\/www.csj-emballages.com\/de\/wp-json\/wp\/v2\/product\/17283","targetHints":{"allow":["GET"]}}],"collection":[{"href":"https:\/\/www.csj-emballages.com\/de\/wp-json\/wp\/v2\/product"}],"about":[{"href":"https:\/\/www.csj-emballages.com\/de\/wp-json\/wp\/v2\/types\/product"}],"wp:featuredmedia":[{"embeddable":true,"href":"https:\/\/www.csj-emballages.com\/de\/wp-json\/wp\/v2\/media\/235188"}],"wp:attachment":[{"href":"https:\/\/www.csj-emballages.com\/de\/wp-json\/wp\/v2\/media?parent=17283"}],"wp:term":[{"taxonomy":"product_brand","embeddable":true,"href":"https:\/\/www.csj-emballages.com\/de\/wp-json\/wp\/v2\/product_brand?post=17283"},{"taxonomy":"product_cat","embeddable":true,"href":"https:\/\/www.csj-emballages.com\/de\/wp-json\/wp\/v2\/product_cat?post=17283"},{"taxonomy":"product_tag","embeddable":true,"href":"https:\/\/www.csj-emballages.com\/de\/wp-json\/wp\/v2\/product_tag?post=17283"}],"curies":[{"name":"wp","href":"https:\/\/api.w.org\/{rel}","templated":true}]}}