{"id":17269,"date":"2024-03-01T17:00:17","date_gmt":"2024-03-01T16:00:17","guid":{"rendered":"https:\/\/u15jnbdpoq.preview.infomaniak.website\/produit\/alkalischer-entfettreiniger-5l\/"},"modified":"2026-05-13T02:10:26","modified_gmt":"2026-05-13T00:10:26","slug":"alkalischer-entfettreiniger-5l","status":"publish","type":"product","link":"https:\/\/www.csj-emballages.com\/de\/produit\/alkalischer-entfettreiniger-5l\/","title":{"rendered":"Konzentriertes Bodenentfettungsreinigungsmittel 5L"},"content":{"rendered":"<h2 class=\"p1 ai-optimize-35 ai-optimize-introduction\">Entfettender Bodenreiniger<\/h2>\n<hr>\n<h3 class=\"ai-optimize-34\">Beschreibung unseres konzentrierten Bodenentfettungsreinigers 5L<\/h3>\n<p><!--more--><\/p>\n<p class=\"ai-optimize-36 ai-optimize-introduction\" data-start=\"224\" data-end=\"639\">Hier ist ein Produkt f\u00fcr alle, die keine Zeit haben, zweimal vorbeizuschauen: <strong data-start=\"302\" data-end=\"350\">Unser konzentrierter fettl\u00f6sender Bodenreiniger 5L<\/strong> ist ein starker Verb\u00fcndeter, um selbst mit den hartn\u00e4ckigsten Verschmutzungen fertig zu werden. Er wurde f\u00fcr anspruchsvolle Umgebungen entwickelt und eignet sich sowohl f\u00fcr professionelle Anwender in der Industrie, im Gastst\u00e4ttengewerbe, in der Automobilbranche und in der Instandhaltung als auch f\u00fcr Privatanwender, die ein einwandfreies Ergebnis w\u00fcnschen. <\/p>\n<p class=\"ai-optimize-37\" data-start=\"641\" data-end=\"938\"><strong data-start=\"641\" data-end=\"668\">Dieser starke Entfetter<\/strong> wirkt gr\u00fcndlich gegen verkrustete Fette, \u00d6le und Kohlenwasserstoffe, selbst auf <strong>stark verschmutzten B\u00f6den<\/strong>. Dank seiner <strong data-start=\"791\" data-end=\"813\">konzentrierten Formel<\/strong> reicht eine kleine Menge aus, um gro\u00dfe Fl\u00e4chen zu behandeln, was es zu einem sparsamen und gleichzeitig leistungsstarken Produkt macht. <\/p>\n<p class=\"ai-optimize-38\" data-start=\"940\" data-end=\"1159\">Er kann hei\u00df oder kalt verwendet werden, je nach den Einschr\u00e4nkungen in Ihrer Umgebung. Da es <strong data-start=\"1027\" data-end=\"1044\">nicht brennbar<\/strong> ist, bietet es maximale Sicherheit bei der Verwendung, insbesondere in Gro\u00dfk\u00fcchen oder Werkst\u00e4tten.<\/p>\n<p class=\"ai-optimize-39\" data-start=\"1161\" data-end=\"1452\">Seine <strong data-start=\"1164\" data-end=\"1199\">starke Emulgierf\u00e4higkeit<\/strong> macht es zu einem gef\u00fcrchteten Produkt, um alte oder verbrannte Fette zu entfernen. Es eignet sich hervorragend f\u00fcr die Pflege von <strong data-start=\"1319\" data-end=\"1401\">Industrieb\u00f6den, Werkst\u00e4tten, Lagerr\u00e4umen, Gro\u00dfk\u00fcchen<\/strong> und schweren Maschinen. <\/p>\n<p class=\"ai-optimize-40\" data-start=\"1454\" data-end=\"1575\">Dieser <strong>konzentrierte fettl\u00f6sende Bodenreiniger<\/strong> ist die ideale L\u00f6sung, um R\u00e4ume sauber, sicher und hygienegerecht zu halten.<\/p>\n<p data-start=\"1454\" data-end=\"1575\">\n<p><!--more--><\/p>\n<h4 class=\"ai-optimize-37\"><strong>Seine Vorteile :<\/strong><\/h4>\n<ul>\n<li class=\"ai-optimize-38\">Starker Entfetter f\u00fcr Fette, \u00d6le und Kohlenwasserstoffe.<\/li>\n<li class=\"ai-optimize-39\">Je nach Bedarf hei\u00df oder kalt einsetzbar.<\/li>\n<li class=\"ai-optimize-40\">Ideal f\u00fcr Industrieb\u00f6den, Werkst\u00e4tten und K\u00fcchen.<\/li>\n<li class=\"ai-optimize-42\">Emulgiert hartn\u00e4ckigen Schmutz m\u00fchelos.<\/li>\n<\/ul>\n<p>&nbsp;<\/p>\n<p><!--more--><\/p>\n<h4 class=\"ai-optimize-44\">Weitere Informationen :<\/h4>\n<ul>\n<li class=\"ai-optimize-45\"><strong>Verpackung<\/strong>: Einzeln<\/li>\n<li class=\"ai-optimize-47\"><strong>Verwendung<\/strong>: Bodenreinigung<\/li>\n<li class=\"ai-optimize-32\"><strong>Farbe<\/strong>: Orange<\/li>\n<li class=\"ai-optimize-35\"><strong>Volumen<\/strong>: 5 Liter<\/li>\n<\/ul>\n<p>&nbsp;<\/p>\n<p><!--more--><\/p>\n<p class=\"ai-optimize-34\">Hier finden Sie unser Handgel mit Mikroperlen und Orangenduft mit 3.8 Liter Pumpe: <span style=\"color: #d12727\"><a style=\"color: #d12727\" href=\"https:\/\/www.csj-emballages.com\/es\/produit\/gel-de-manos-con-microesferas-perfumado-de-naranja-con-bomba-38-litros\/\">04SBFCLEAN<\/a><\/span><\/p>\n<p>&nbsp;<\/p>\n<p><!--more--><\/p>\n<p class=\"ai-optimize-41\"><a href=\"https:\/\/www.csj-emballages.com\/de\/categorie-produit\/hygiene-und-pflege\/pflegeprodukte\/garage-de\/\">Sehen Sie sich den Rest unseres Sortiments an Garagenpflegeprodukten an<\/a><\/p>\n","protected":false},"excerpt":{"rendered":"<p>Entfettender Bodenreiniger Beschreibung unseres konzentrierten Bodenentfettungsreinigers 5L<\/p>\n","protected":false},"featured_media":235924,"template":"","meta":{"_acf_changed":false},"product_brand":[],"product_cat":[1218,1219,1396],"product_tag":[],"class_list":{"0":"post-17269","1":"product","2":"type-product","3":"status-publish","4":"has-post-thumbnail","6":"product_cat-hygiene-und-pflege","7":"product_cat-pflegeprodukte","8":"product_cat-garage-de","10":"first","11":"outofstock","12":"taxable","13":"shipping-taxable","14":"purchasable","15":"product-type-simple"},"acf":[],"yoast_head":"<!-- This site is optimized with the Yoast SEO Premium plugin v26.6 (Yoast SEO v26.6) - https:\/\/yoast.com\/wordpress\/plugins\/seo\/ -->\n<title>Bodenreinigungs- und Fettentfernungskonzentrat 5L<\/title>\n<meta name=\"description\" content=\"Konzentrierter, fettl\u00f6sender Bodenreiniger 5L, kraftvoll und nicht entflammbar. Ideal f\u00fcr hartn\u00e4ckige Fette, Industrieb\u00f6den, Werkst\u00e4tten. Hei\u00dfe oder kalte Verwendung.\" \/>\n<meta name=\"robots\" content=\"index, follow, max-snippet:-1, max-image-preview:large, max-video-preview:-1\" \/>\n<link rel=\"canonical\" href=\"https:\/\/www.csj-emballages.com\/de\/produit\/alkalischer-entfettreiniger-5l\/\" \/>\n<meta property=\"og:locale\" content=\"de_DE\" \/>\n<meta property=\"og:type\" content=\"article\" \/>\n<meta property=\"og:title\" content=\"Konzentriertes Bodenentfettungsreinigungsmittel 5L\" \/>\n<meta property=\"og:description\" content=\"Konzentrierter, fettl\u00f6sender Bodenreiniger 5L, kraftvoll und nicht entflammbar. Ideal f\u00fcr hartn\u00e4ckige Fette, Industrieb\u00f6den, Werkst\u00e4tten. Hei\u00dfe oder kalte Verwendung.\" \/>\n<meta property=\"og:url\" content=\"https:\/\/www.csj-emballages.com\/de\/produit\/alkalischer-entfettreiniger-5l\/\" \/>\n<meta property=\"og:site_name\" content=\"CSJ Emballages\" \/>\n<meta property=\"article:publisher\" content=\"https:\/\/www.facebook.com\/csjemballages\" \/>\n<meta property=\"article:modified_time\" content=\"2026-05-13T00:10:26+00:00\" \/>\n<meta property=\"og:image\" content=\"https:\/\/www.csj-emballages.com\/wp-content\/uploads\/2024\/03\/03256.webp\" \/>\n\t<meta property=\"og:image:width\" content=\"800\" \/>\n\t<meta property=\"og:image:height\" content=\"800\" \/>\n\t<meta property=\"og:image:type\" content=\"image\/webp\" \/>\n<meta name=\"twitter:card\" content=\"summary_large_image\" \/>\n<meta name=\"twitter:label1\" content=\"Gesch\u00e4tzte Lesezeit\" \/>\n\t<meta name=\"twitter:data1\" content=\"1\u00a0Minute\" \/>\n<script type=\"application\/ld+json\" class=\"yoast-schema-graph\">{\"@context\":\"https:\/\/schema.org\",\"@graph\":[{\"@type\":\"WebPage\",\"@id\":\"https:\/\/www.csj-emballages.com\/de\/produit\/alkalischer-entfettreiniger-5l\/\",\"url\":\"https:\/\/www.csj-emballages.com\/de\/produit\/alkalischer-entfettreiniger-5l\/\",\"name\":\"Bodenreinigungs- und Fettentfernungskonzentrat 5L\",\"isPartOf\":{\"@id\":\"https:\/\/www.csj-emballages.com\/de\/#website\"},\"primaryImageOfPage\":{\"@id\":\"https:\/\/www.csj-emballages.com\/de\/produit\/alkalischer-entfettreiniger-5l\/#primaryimage\"},\"image\":{\"@id\":\"https:\/\/www.csj-emballages.com\/de\/produit\/alkalischer-entfettreiniger-5l\/#primaryimage\"},\"thumbnailUrl\":\"https:\/\/www.csj-emballages.com\/wp-content\/uploads\/2024\/03\/03256.webp\",\"datePublished\":\"2024-03-01T16:00:17+00:00\",\"dateModified\":\"2026-05-13T00:10:26+00:00\",\"description\":\"Konzentrierter, fettl\u00f6sender Bodenreiniger 5L, kraftvoll und nicht entflammbar. Ideal f\u00fcr hartn\u00e4ckige Fette, Industrieb\u00f6den, Werkst\u00e4tten. Hei\u00dfe oder kalte Verwendung.\",\"breadcrumb\":{\"@id\":\"https:\/\/www.csj-emballages.com\/de\/produit\/alkalischer-entfettreiniger-5l\/#breadcrumb\"},\"inLanguage\":\"de\",\"potentialAction\":[{\"@type\":\"ReadAction\",\"target\":[\"https:\/\/www.csj-emballages.com\/de\/produit\/alkalischer-entfettreiniger-5l\/\"]}]},{\"@type\":\"ImageObject\",\"inLanguage\":\"de\",\"@id\":\"https:\/\/www.csj-emballages.com\/de\/produit\/alkalischer-entfettreiniger-5l\/#primaryimage\",\"url\":\"https:\/\/www.csj-emballages.com\/wp-content\/uploads\/2024\/03\/03256.webp\",\"contentUrl\":\"https:\/\/www.csj-emballages.com\/wp-content\/uploads\/2024\/03\/03256.webp\",\"width\":800,\"height\":800,\"caption\":\"Nettoyant d\u00e9graissant sol\"},{\"@type\":\"BreadcrumbList\",\"@id\":\"https:\/\/www.csj-emballages.com\/de\/produit\/alkalischer-entfettreiniger-5l\/#breadcrumb\",\"itemListElement\":[{\"@type\":\"ListItem\",\"position\":1,\"name\":\"Accueil\",\"item\":\"https:\/\/www.csj-emballages.com\/de\/universum-lebensmittelverpackungen\/\"},{\"@type\":\"ListItem\",\"position\":2,\"name\":\"Shop\",\"item\":\"https:\/\/www.csj-emballages.com\/shop\/\"},{\"@type\":\"ListItem\",\"position\":3,\"name\":\"Konzentriertes Bodenentfettungsreinigungsmittel 5L\"}]},{\"@type\":\"WebSite\",\"@id\":\"https:\/\/www.csj-emballages.com\/de\/#website\",\"url\":\"https:\/\/www.csj-emballages.com\/de\/\",\"name\":\"CSJ Emballages\",\"description\":\"\",\"publisher\":{\"@id\":\"https:\/\/www.csj-emballages.com\/de\/#organization\"},\"potentialAction\":[{\"@type\":\"SearchAction\",\"target\":{\"@type\":\"EntryPoint\",\"urlTemplate\":\"https:\/\/www.csj-emballages.com\/de\/?s={search_term_string}\"},\"query-input\":{\"@type\":\"PropertyValueSpecification\",\"valueRequired\":true,\"valueName\":\"search_term_string\"}}],\"inLanguage\":\"de\"},{\"@type\":\"Organization\",\"@id\":\"https:\/\/www.csj-emballages.com\/de\/#Organization\/\",\"name\":\"CSJ Emballages\",\"url\":\"https:\/\/www.csj-emballages.com\/de\/\",\"logo\":{\"@type\":\"ImageObject\",\"inLanguage\":\"de\",\"@id\":\"https:\/\/www.csj-emballages.com\/de\/#\/schema\/logo\/image\/\",\"url\":\"https:\/\/www.csj-emballages.com\/wp-content\/uploads\/2023\/10\/logo_csj.webp\",\"contentUrl\":\"https:\/\/www.csj-emballages.com\/wp-content\/uploads\/2023\/10\/logo_csj.webp\",\"width\":250,\"height\":95,\"caption\":\"CSJ Emballages\"},\"image\":{\"@id\":\"https:\/\/www.csj-emballages.com\/de\/#\/schema\/logo\/image\/\"},\"sameAs\":[\"https:\/\/www.facebook.com\/csjemballages\"],\"address\":{\"@type\":\"PostalAddress\",\"streetAddress\":\"ZI La Lechere\",\"addressLocality\":\"Patornay\",\"postalCode\":\"39130\",\"addressCountry\":\"FR\"},\"contactPoint\":[{\"@type\":\"ContactPoint\",\"contactType\":\"Service client\",\"telephone\":\"0384254272\",\"email\":\"contact@csj-emballages.com\"}]}]}<\/script>\n<!-- \/ Yoast SEO Premium plugin. -->","yoast_head_json":{"title":"Bodenreinigungs- und Fettentfernungskonzentrat 5L","description":"Konzentrierter, fettl\u00f6sender Bodenreiniger 5L, kraftvoll und nicht entflammbar. Ideal f\u00fcr hartn\u00e4ckige Fette, Industrieb\u00f6den, Werkst\u00e4tten. Hei\u00dfe oder kalte Verwendung.","robots":{"index":"index","follow":"follow","max-snippet":"max-snippet:-1","max-image-preview":"max-image-preview:large","max-video-preview":"max-video-preview:-1"},"canonical":"https:\/\/www.csj-emballages.com\/de\/produit\/alkalischer-entfettreiniger-5l\/","og_locale":"de_DE","og_type":"article","og_title":"Konzentriertes Bodenentfettungsreinigungsmittel 5L","og_description":"Konzentrierter, fettl\u00f6sender Bodenreiniger 5L, kraftvoll und nicht entflammbar. Ideal f\u00fcr hartn\u00e4ckige Fette, Industrieb\u00f6den, Werkst\u00e4tten. Hei\u00dfe oder kalte Verwendung.","og_url":"https:\/\/www.csj-emballages.com\/de\/produit\/alkalischer-entfettreiniger-5l\/","og_site_name":"CSJ Emballages","article_publisher":"https:\/\/www.facebook.com\/csjemballages","article_modified_time":"2026-05-13T00:10:26+00:00","og_image":[{"width":800,"height":800,"url":"https:\/\/www.csj-emballages.com\/wp-content\/uploads\/2024\/03\/03256.webp","type":"image\/webp"}],"twitter_card":"summary_large_image","twitter_misc":{"Gesch\u00e4tzte Lesezeit":"1\u00a0Minute"},"schema":{"@context":"https:\/\/schema.org","@graph":[{"@type":"WebPage","@id":"https:\/\/www.csj-emballages.com\/de\/produit\/alkalischer-entfettreiniger-5l\/","url":"https:\/\/www.csj-emballages.com\/de\/produit\/alkalischer-entfettreiniger-5l\/","name":"Bodenreinigungs- und Fettentfernungskonzentrat 5L","isPartOf":{"@id":"https:\/\/www.csj-emballages.com\/de\/#website"},"primaryImageOfPage":{"@id":"https:\/\/www.csj-emballages.com\/de\/produit\/alkalischer-entfettreiniger-5l\/#primaryimage"},"image":{"@id":"https:\/\/www.csj-emballages.com\/de\/produit\/alkalischer-entfettreiniger-5l\/#primaryimage"},"thumbnailUrl":"https:\/\/www.csj-emballages.com\/wp-content\/uploads\/2024\/03\/03256.webp","datePublished":"2024-03-01T16:00:17+00:00","dateModified":"2026-05-13T00:10:26+00:00","description":"Konzentrierter, fettl\u00f6sender Bodenreiniger 5L, kraftvoll und nicht entflammbar. Ideal f\u00fcr hartn\u00e4ckige Fette, Industrieb\u00f6den, Werkst\u00e4tten. Hei\u00dfe oder kalte Verwendung.","breadcrumb":{"@id":"https:\/\/www.csj-emballages.com\/de\/produit\/alkalischer-entfettreiniger-5l\/#breadcrumb"},"inLanguage":"de","potentialAction":[{"@type":"ReadAction","target":["https:\/\/www.csj-emballages.com\/de\/produit\/alkalischer-entfettreiniger-5l\/"]}]},{"@type":"ImageObject","inLanguage":"de","@id":"https:\/\/www.csj-emballages.com\/de\/produit\/alkalischer-entfettreiniger-5l\/#primaryimage","url":"https:\/\/www.csj-emballages.com\/wp-content\/uploads\/2024\/03\/03256.webp","contentUrl":"https:\/\/www.csj-emballages.com\/wp-content\/uploads\/2024\/03\/03256.webp","width":800,"height":800,"caption":"Nettoyant d\u00e9graissant sol"},{"@type":"BreadcrumbList","@id":"https:\/\/www.csj-emballages.com\/de\/produit\/alkalischer-entfettreiniger-5l\/#breadcrumb","itemListElement":[{"@type":"ListItem","position":1,"name":"Accueil","item":"https:\/\/www.csj-emballages.com\/de\/universum-lebensmittelverpackungen\/"},{"@type":"ListItem","position":2,"name":"Shop","item":"https:\/\/www.csj-emballages.com\/shop\/"},{"@type":"ListItem","position":3,"name":"Konzentriertes Bodenentfettungsreinigungsmittel 5L"}]},{"@type":"WebSite","@id":"https:\/\/www.csj-emballages.com\/de\/#website","url":"https:\/\/www.csj-emballages.com\/de\/","name":"CSJ Emballages","description":"","publisher":{"@id":"https:\/\/www.csj-emballages.com\/de\/#organization"},"potentialAction":[{"@type":"SearchAction","target":{"@type":"EntryPoint","urlTemplate":"https:\/\/www.csj-emballages.com\/de\/?s={search_term_string}"},"query-input":{"@type":"PropertyValueSpecification","valueRequired":true,"valueName":"search_term_string"}}],"inLanguage":"de"},{"@type":"Organization","@id":"https:\/\/www.csj-emballages.com\/de\/#Organization\/","name":"CSJ Emballages","url":"https:\/\/www.csj-emballages.com\/de\/","logo":{"@type":"ImageObject","inLanguage":"de","@id":"https:\/\/www.csj-emballages.com\/de\/#\/schema\/logo\/image\/","url":"https:\/\/www.csj-emballages.com\/wp-content\/uploads\/2023\/10\/logo_csj.webp","contentUrl":"https:\/\/www.csj-emballages.com\/wp-content\/uploads\/2023\/10\/logo_csj.webp","width":250,"height":95,"caption":"CSJ Emballages"},"image":{"@id":"https:\/\/www.csj-emballages.com\/de\/#\/schema\/logo\/image\/"},"sameAs":["https:\/\/www.facebook.com\/csjemballages"],"address":{"@type":"PostalAddress","streetAddress":"ZI La Lechere","addressLocality":"Patornay","postalCode":"39130","addressCountry":"FR"},"contactPoint":[{"@type":"ContactPoint","contactType":"Service client","telephone":"0384254272","email":"contact@csj-emballages.com"}]}]}},"df_price":16.07,"df_sale_price":"","df_regular_price":16.07,"df_image_link":"https:\/\/www.csj-emballages.com\/wp-content\/uploads\/2024\/03\/03256-300x300.webp","tiered_pricing_type":"fixed","tiered_pricing_fixed_rules":[],"tiered_pricing_percentage_rules":[],"tiered_pricing_minimum":1,"tiered_pricing_roles_data":[],"_links":{"self":[{"href":"https:\/\/www.csj-emballages.com\/de\/wp-json\/wp\/v2\/product\/17269","targetHints":{"allow":["GET"]}}],"collection":[{"href":"https:\/\/www.csj-emballages.com\/de\/wp-json\/wp\/v2\/product"}],"about":[{"href":"https:\/\/www.csj-emballages.com\/de\/wp-json\/wp\/v2\/types\/product"}],"wp:featuredmedia":[{"embeddable":true,"href":"https:\/\/www.csj-emballages.com\/de\/wp-json\/wp\/v2\/media\/235924"}],"wp:attachment":[{"href":"https:\/\/www.csj-emballages.com\/de\/wp-json\/wp\/v2\/media?parent=17269"}],"wp:term":[{"taxonomy":"product_brand","embeddable":true,"href":"https:\/\/www.csj-emballages.com\/de\/wp-json\/wp\/v2\/product_brand?post=17269"},{"taxonomy":"product_cat","embeddable":true,"href":"https:\/\/www.csj-emballages.com\/de\/wp-json\/wp\/v2\/product_cat?post=17269"},{"taxonomy":"product_tag","embeddable":true,"href":"https:\/\/www.csj-emballages.com\/de\/wp-json\/wp\/v2\/product_tag?post=17269"}],"curies":[{"name":"wp","href":"https:\/\/api.w.org\/{rel}","templated":true}]}}