{"id":17268,"date":"2024-03-01T17:00:15","date_gmt":"2024-03-01T16:00:15","guid":{"rendered":"https:\/\/u15jnbdpoq.preview.infomaniak.website\/produit\/desinfizierendes-fettloesemittel-fuer-den-manuellen-gebrauch-oder-in-der-hygienezentrale-kanister-20-l\/"},"modified":"2026-03-12T16:01:22","modified_gmt":"2026-03-12T15:01:22","slug":"desinfizierendes-fettloesemittel-fuer-den-manuellen-gebrauch-oder-in-der-hygienezentrale-kanister-20-l","status":"publish","type":"product","link":"https:\/\/www.csj-emballages.com\/de\/produit\/desinfizierendes-fettloesemittel-fuer-den-manuellen-gebrauch-oder-in-der-hygienezentrale-kanister-20-l\/","title":{"rendered":"Fettl\u00f6sendes Desinfektionsmittel, 20-L-Kanister, f\u00fcr manuelle oder zentrale Hygieneanwendung"},"content":{"rendered":"<h2>Desinfizierender Fettl\u00f6ser<\/h2>\n<div style=\"font-family: Roboto, sans-serif;\">\n<div style=\"font-family: Roboto, sans-serif;\">\n<div style=\"font-family: Roboto, sans-serif;\">\n<div style=\"font-family: Roboto, sans-serif;\">\n<div style=\"font-family: Roboto, sans-serif;\">\n<div style=\"font-family: Roboto, sans-serif;\">\n<hr>\n<h3>Beschreibung unseres fettl\u00f6senden Desinfektionsmittels, 20-L-Kanister, f\u00fcr manuelle oder zentrale Hygieneanwendung<\/h3>\n<p><!--more--><\/p>\n<p>Der <strong>Fettl\u00f6sende Desinfektionsmittel-Kanister 20L<\/strong> ist ideal f\u00fcr die manuelle Anwendung oder in zentralen Hygieneanlagen. Er reinigt effektiv alle Oberfl\u00e4chen und desinfiziert gr\u00fcndlich. Dieses Produkt wurde speziell entwickelt, um hartn\u00e4ckige Fette und Speisereste zu entfernen. Es wirkt schnell und hinterl\u00e4sst saubere, streifenfreie Oberfl\u00e4chen. Dank seiner desinfizierenden Formel vernichtet es Bakterien, Viren und Pilze in einer einzigen Anwendung.    <\/p>\n<p>Dieser <strong>fettl\u00f6sende Desinfektionsmittel-Kanister 20L<\/strong> ist ein unverzichtbares Hilfsmittel, um R\u00e4umlichkeiten sauber und hygienekonform zu halten. Sein 20-L-Format ist wirtschaftlich, langlebig und praktisch. Die regelm\u00e4\u00dfige Anwendung dieses Produkts gew\u00e4hrleistet tadellose Sauberkeit und zuverl\u00e4ssige Desinfektion.  <\/p>\n<p>&nbsp;<\/p>\n<\/div>\n<\/div>\n<\/div>\n<\/div>\n<\/div>\n<\/div>\n<p><!--more--><\/p>\n<div style=\"font-family: Roboto, sans-serif;\">\n<div style=\"font-family: Roboto, sans-serif;\">\n<div style=\"font-family: Roboto, sans-serif;\">\n<div style=\"font-family: Roboto, sans-serif;\">\n<div style=\"font-family: Roboto, sans-serif;\">\n<div style=\"font-family: Roboto, sans-serif;\">\n<p><span style=\"color: #3366ff;\"><strong>DETERQUAT DNA<\/strong><\/span> ist:<br \/>\n&#8211; Bakterizid<br \/>\n&#8211; Levurizid-Fungizid<br \/>\n&#8211; Fungizid<br \/>\n&#8211; Viruzid<\/p>\n<p>&nbsp;<\/p>\n<\/div>\n<\/div>\n<\/div>\n<\/div>\n<\/div>\n<\/div>\n<p><!--more--><\/p>\n<div style=\"font-family: Roboto, sans-serif;\">\n<div style=\"font-family: Roboto, sans-serif;\">\n<div style=\"font-family: Roboto, sans-serif;\">\n<div style=\"font-family: Roboto, sans-serif;\">\n<div style=\"font-family: Roboto, sans-serif;\">\n<div style=\"font-family: Roboto, sans-serif;\">\n<p><b>Gebrauchsanweisung :<\/b><\/p>\n<ul>\n<li><b>Bakterizid:<\/b> 50 mL in 5 l Wasser bei mindestens 30\u00b0C verd\u00fcnnen. Spr\u00fchen Sie auf die Oberfl\u00e4chen. Lassen Sie es 5 Minuten einwirken. Nach der Anwendung absp\u00fclen.   <\/li>\n<li><b>Levurozid &#8211; Fungizid:<\/b> 150 mL in 5 L Wasser bei mindestens 30\u00b0C verd\u00fcnnen. Auf die Oberfl\u00e4chen spr\u00fchen. 15 Minuten einwirken lassen. Nach der Anwendung absp\u00fclen.   <\/li>\n<li><b>Viruzid:<\/b> F\u00fcr Oberfl\u00e4chen, die mit Lebensmitteln in Ber\u00fchrung kommen, verd\u00fcnnen Sie je nach gew\u00fcnschter Wirksamkeit mit 5 L Wasser bei mindestens 20\u00b0C. Auf die Oberfl\u00e4chen aufspr\u00fchen. Je nach gew\u00fcnschter Wirksamkeit einwirken lassen und nach der Anwendung absp\u00fclen.  <\/li>\n<\/ul>\n<\/div>\n<\/div>\n<div style=\"font-family: Roboto, sans-serif;\">\n<div style=\"font-family: Roboto, sans-serif;\">\n<p>&nbsp;<\/p>\n<\/div>\n<\/div>\n<\/div>\n<\/div>\n<\/div>\n<\/div>\n<p><!--more--><\/p>\n<h4>Weitere Informationen :<\/h4>\n<ul>\n<li><strong>Verpackung<\/strong>: Einzeln<\/li>\n<li><strong>Volumen<\/strong>: 20 Liter<\/li>\n<li><strong>Verwendung<\/strong>: Desinfizierendes Fettl\u00f6semittel<\/li>\n<\/ul>\n<p>&nbsp;<\/p>\n<p><!--more--><\/p>\n<p>Entdecken Sie auch unser Deterquat DNA im 5-L-Kanister: <span style=\"color: #d12727;\"><a style=\"color: #d12727;\" href=\"https:\/\/www.csj-emballages.com\/es\/produit\/desinfectante-desengrasante-para-uso-manual-o-en-un-centro-de-higiene-bidon-de-5-l\/\">04345<\/a><\/span><\/p>\n<p>&nbsp;<\/p>\n<p><!--more--><\/p>\n<p><a href=\"https:\/\/www.csj-emballages.com\/de\/categorie-produit\/hygiene-und-pflege\/pflegeprodukte\/kuche\/\">Sehen Sie sich hier den Rest unseres Sortiments an K\u00fcchenreinigern an.<\/a><\/p>\n","protected":false},"excerpt":{"rendered":"<p>Desinfizierender Fettl\u00f6ser Beschreibung unseres fettl\u00f6senden Desinfektionsmittels, 20-L-Kanister, f\u00fcr manuelle oder zentrale Hygieneanwendung<\/p>\n","protected":false},"featured_media":99613,"template":"","meta":{"_acf_changed":false},"product_brand":[],"product_cat":[1137,1218,1219,1330,10273],"product_tag":[],"class_list":{"0":"post-17268","1":"product","2":"type-product","3":"status-publish","4":"has-post-thumbnail","6":"product_cat-lebensmittelverpackungen","7":"product_cat-hygiene-und-pflege","8":"product_cat-pflegeprodukte","9":"product_cat-kuche","10":"product_cat-lagerbestand","11":"product_shipping_class-verboten-in-staffeln","13":"first","14":"instock","15":"sale","16":"taxable","17":"shipping-taxable","18":"purchasable","19":"product-type-simple"},"acf":[],"yoast_head":"<!-- This site is optimized with the Yoast SEO Premium plugin v26.6 (Yoast SEO v26.6) - https:\/\/yoast.com\/wordpress\/plugins\/seo\/ -->\n<title>Fettl\u00f6sendes Desinfektionsmittel, 20-L-Kanister \/ CSJ Emballages<\/title>\n<meta name=\"description\" content=\"Fettl\u00f6sendes Desinfektionsmittel, 20-L-Kanister, f\u00fcr manuelle oder zentrale Hygieneanwendung. Reinigt, entfettet und desinfiziert effektiv alle Oberfl\u00e4chen.\" \/>\n<meta name=\"robots\" content=\"index, follow, max-snippet:-1, max-image-preview:large, max-video-preview:-1\" \/>\n<link rel=\"canonical\" href=\"https:\/\/www.csj-emballages.com\/de\/produit\/desinfizierendes-fettloesemittel-fuer-den-manuellen-gebrauch-oder-in-der-hygienezentrale-kanister-20-l\/\" \/>\n<meta property=\"og:locale\" content=\"de_DE\" \/>\n<meta property=\"og:type\" content=\"article\" \/>\n<meta property=\"og:title\" content=\"Fettl\u00f6sendes Desinfektionsmittel, 20-L-Kanister, f\u00fcr manuelle oder zentrale Hygieneanwendung\" \/>\n<meta property=\"og:description\" content=\"Fettl\u00f6sendes Desinfektionsmittel, 20-L-Kanister, f\u00fcr manuelle oder zentrale Hygieneanwendung. Reinigt, entfettet und desinfiziert effektiv alle Oberfl\u00e4chen.\" \/>\n<meta property=\"og:url\" content=\"https:\/\/www.csj-emballages.com\/de\/produit\/desinfizierendes-fettloesemittel-fuer-den-manuellen-gebrauch-oder-in-der-hygienezentrale-kanister-20-l\/\" \/>\n<meta property=\"og:site_name\" content=\"CSJ Emballages\" \/>\n<meta property=\"article:publisher\" content=\"https:\/\/www.facebook.com\/csjemballages\" \/>\n<meta property=\"article:modified_time\" content=\"2026-03-12T15:01:22+00:00\" \/>\n<meta property=\"og:image\" content=\"https:\/\/www.csj-emballages.com\/wp-content\/uploads\/2024\/03\/909cfdfa-a049-444b-b3d8-e39813b1cfe8-removebg-preview.png\" \/>\n\t<meta property=\"og:image:width\" content=\"499\" \/>\n\t<meta property=\"og:image:height\" content=\"500\" \/>\n\t<meta property=\"og:image:type\" content=\"image\/png\" \/>\n<meta name=\"twitter:card\" content=\"summary_large_image\" \/>\n<meta name=\"twitter:label1\" content=\"Gesch\u00e4tzte Lesezeit\" \/>\n\t<meta name=\"twitter:data1\" content=\"1\u00a0Minute\" \/>\n<script type=\"application\/ld+json\" class=\"yoast-schema-graph\">{\"@context\":\"https:\/\/schema.org\",\"@graph\":[{\"@type\":\"WebPage\",\"@id\":\"https:\/\/www.csj-emballages.com\/de\/produit\/desinfizierendes-fettloesemittel-fuer-den-manuellen-gebrauch-oder-in-der-hygienezentrale-kanister-20-l\/\",\"url\":\"https:\/\/www.csj-emballages.com\/de\/produit\/desinfizierendes-fettloesemittel-fuer-den-manuellen-gebrauch-oder-in-der-hygienezentrale-kanister-20-l\/\",\"name\":\"Fettl\u00f6sendes Desinfektionsmittel, 20-L-Kanister \/ CSJ Emballages\",\"isPartOf\":{\"@id\":\"https:\/\/www.csj-emballages.com\/de\/#website\"},\"primaryImageOfPage\":{\"@id\":\"https:\/\/www.csj-emballages.com\/de\/produit\/desinfizierendes-fettloesemittel-fuer-den-manuellen-gebrauch-oder-in-der-hygienezentrale-kanister-20-l\/#primaryimage\"},\"image\":{\"@id\":\"https:\/\/www.csj-emballages.com\/de\/produit\/desinfizierendes-fettloesemittel-fuer-den-manuellen-gebrauch-oder-in-der-hygienezentrale-kanister-20-l\/#primaryimage\"},\"thumbnailUrl\":\"https:\/\/www.csj-emballages.com\/wp-content\/uploads\/2024\/03\/909cfdfa-a049-444b-b3d8-e39813b1cfe8-removebg-preview.png\",\"datePublished\":\"2024-03-01T16:00:15+00:00\",\"dateModified\":\"2026-03-12T15:01:22+00:00\",\"description\":\"Fettl\u00f6sendes Desinfektionsmittel, 20-L-Kanister, f\u00fcr manuelle oder zentrale Hygieneanwendung. Reinigt, entfettet und desinfiziert effektiv alle Oberfl\u00e4chen.\",\"breadcrumb\":{\"@id\":\"https:\/\/www.csj-emballages.com\/de\/produit\/desinfizierendes-fettloesemittel-fuer-den-manuellen-gebrauch-oder-in-der-hygienezentrale-kanister-20-l\/#breadcrumb\"},\"inLanguage\":\"de\",\"potentialAction\":[{\"@type\":\"ReadAction\",\"target\":[\"https:\/\/www.csj-emballages.com\/de\/produit\/desinfizierendes-fettloesemittel-fuer-den-manuellen-gebrauch-oder-in-der-hygienezentrale-kanister-20-l\/\"]}]},{\"@type\":\"ImageObject\",\"inLanguage\":\"de\",\"@id\":\"https:\/\/www.csj-emballages.com\/de\/produit\/desinfizierendes-fettloesemittel-fuer-den-manuellen-gebrauch-oder-in-der-hygienezentrale-kanister-20-l\/#primaryimage\",\"url\":\"https:\/\/www.csj-emballages.com\/wp-content\/uploads\/2024\/03\/909cfdfa-a049-444b-b3d8-e39813b1cfe8-removebg-preview.png\",\"contentUrl\":\"https:\/\/www.csj-emballages.com\/wp-content\/uploads\/2024\/03\/909cfdfa-a049-444b-b3d8-e39813b1cfe8-removebg-preview.png\",\"width\":499,\"height\":500,\"caption\":\"D\u00e9graissant d\u00e9sinfectant bidon 20L\"},{\"@type\":\"BreadcrumbList\",\"@id\":\"https:\/\/www.csj-emballages.com\/de\/produit\/desinfizierendes-fettloesemittel-fuer-den-manuellen-gebrauch-oder-in-der-hygienezentrale-kanister-20-l\/#breadcrumb\",\"itemListElement\":[{\"@type\":\"ListItem\",\"position\":1,\"name\":\"Accueil\",\"item\":\"https:\/\/www.csj-emballages.com\/de\/universum-lebensmittelverpackungen\/\"},{\"@type\":\"ListItem\",\"position\":2,\"name\":\"Shop\",\"item\":\"https:\/\/www.csj-emballages.com\/shop\/\"},{\"@type\":\"ListItem\",\"position\":3,\"name\":\"Fettl\u00f6sendes Desinfektionsmittel, 20-L-Kanister, f\u00fcr manuelle oder zentrale Hygieneanwendung\"}]},{\"@type\":\"WebSite\",\"@id\":\"https:\/\/www.csj-emballages.com\/de\/#website\",\"url\":\"https:\/\/www.csj-emballages.com\/de\/\",\"name\":\"CSJ Emballages\",\"description\":\"\",\"publisher\":{\"@id\":\"https:\/\/www.csj-emballages.com\/de\/#organization\"},\"potentialAction\":[{\"@type\":\"SearchAction\",\"target\":{\"@type\":\"EntryPoint\",\"urlTemplate\":\"https:\/\/www.csj-emballages.com\/de\/?s={search_term_string}\"},\"query-input\":{\"@type\":\"PropertyValueSpecification\",\"valueRequired\":true,\"valueName\":\"search_term_string\"}}],\"inLanguage\":\"de\"},{\"@type\":\"Organization\",\"@id\":\"https:\/\/www.csj-emballages.com\/de\/#Organization\/\",\"name\":\"CSJ Emballages\",\"url\":\"https:\/\/www.csj-emballages.com\/de\/\",\"logo\":{\"@type\":\"ImageObject\",\"inLanguage\":\"de\",\"@id\":\"https:\/\/www.csj-emballages.com\/de\/#\/schema\/logo\/image\/\",\"url\":\"https:\/\/www.csj-emballages.com\/wp-content\/uploads\/2023\/10\/logo_csj.webp\",\"contentUrl\":\"https:\/\/www.csj-emballages.com\/wp-content\/uploads\/2023\/10\/logo_csj.webp\",\"width\":250,\"height\":95,\"caption\":\"CSJ Emballages\"},\"image\":{\"@id\":\"https:\/\/www.csj-emballages.com\/de\/#\/schema\/logo\/image\/\"},\"sameAs\":[\"https:\/\/www.facebook.com\/csjemballages\"],\"address\":{\"@type\":\"PostalAddress\",\"streetAddress\":\"ZI La Lechere\",\"addressLocality\":\"Patornay\",\"postalCode\":\"39130\",\"addressCountry\":\"FR\"},\"contactPoint\":[{\"@type\":\"ContactPoint\",\"contactType\":\"Service client\",\"telephone\":\"0384254272\",\"email\":\"contact@csj-emballages.com\"}]}]}<\/script>\n<!-- \/ Yoast SEO Premium plugin. -->","yoast_head_json":{"title":"Fettl\u00f6sendes Desinfektionsmittel, 20-L-Kanister \/ CSJ Emballages","description":"Fettl\u00f6sendes Desinfektionsmittel, 20-L-Kanister, f\u00fcr manuelle oder zentrale Hygieneanwendung. Reinigt, entfettet und desinfiziert effektiv alle Oberfl\u00e4chen.","robots":{"index":"index","follow":"follow","max-snippet":"max-snippet:-1","max-image-preview":"max-image-preview:large","max-video-preview":"max-video-preview:-1"},"canonical":"https:\/\/www.csj-emballages.com\/de\/produit\/desinfizierendes-fettloesemittel-fuer-den-manuellen-gebrauch-oder-in-der-hygienezentrale-kanister-20-l\/","og_locale":"de_DE","og_type":"article","og_title":"Fettl\u00f6sendes Desinfektionsmittel, 20-L-Kanister, f\u00fcr manuelle oder zentrale Hygieneanwendung","og_description":"Fettl\u00f6sendes Desinfektionsmittel, 20-L-Kanister, f\u00fcr manuelle oder zentrale Hygieneanwendung. Reinigt, entfettet und desinfiziert effektiv alle Oberfl\u00e4chen.","og_url":"https:\/\/www.csj-emballages.com\/de\/produit\/desinfizierendes-fettloesemittel-fuer-den-manuellen-gebrauch-oder-in-der-hygienezentrale-kanister-20-l\/","og_site_name":"CSJ Emballages","article_publisher":"https:\/\/www.facebook.com\/csjemballages","article_modified_time":"2026-03-12T15:01:22+00:00","og_image":[{"width":499,"height":500,"url":"https:\/\/www.csj-emballages.com\/wp-content\/uploads\/2024\/03\/909cfdfa-a049-444b-b3d8-e39813b1cfe8-removebg-preview.png","type":"image\/png"}],"twitter_card":"summary_large_image","twitter_misc":{"Gesch\u00e4tzte Lesezeit":"1\u00a0Minute"},"schema":{"@context":"https:\/\/schema.org","@graph":[{"@type":"WebPage","@id":"https:\/\/www.csj-emballages.com\/de\/produit\/desinfizierendes-fettloesemittel-fuer-den-manuellen-gebrauch-oder-in-der-hygienezentrale-kanister-20-l\/","url":"https:\/\/www.csj-emballages.com\/de\/produit\/desinfizierendes-fettloesemittel-fuer-den-manuellen-gebrauch-oder-in-der-hygienezentrale-kanister-20-l\/","name":"Fettl\u00f6sendes Desinfektionsmittel, 20-L-Kanister \/ CSJ Emballages","isPartOf":{"@id":"https:\/\/www.csj-emballages.com\/de\/#website"},"primaryImageOfPage":{"@id":"https:\/\/www.csj-emballages.com\/de\/produit\/desinfizierendes-fettloesemittel-fuer-den-manuellen-gebrauch-oder-in-der-hygienezentrale-kanister-20-l\/#primaryimage"},"image":{"@id":"https:\/\/www.csj-emballages.com\/de\/produit\/desinfizierendes-fettloesemittel-fuer-den-manuellen-gebrauch-oder-in-der-hygienezentrale-kanister-20-l\/#primaryimage"},"thumbnailUrl":"https:\/\/www.csj-emballages.com\/wp-content\/uploads\/2024\/03\/909cfdfa-a049-444b-b3d8-e39813b1cfe8-removebg-preview.png","datePublished":"2024-03-01T16:00:15+00:00","dateModified":"2026-03-12T15:01:22+00:00","description":"Fettl\u00f6sendes Desinfektionsmittel, 20-L-Kanister, f\u00fcr manuelle oder zentrale Hygieneanwendung. Reinigt, entfettet und desinfiziert effektiv alle Oberfl\u00e4chen.","breadcrumb":{"@id":"https:\/\/www.csj-emballages.com\/de\/produit\/desinfizierendes-fettloesemittel-fuer-den-manuellen-gebrauch-oder-in-der-hygienezentrale-kanister-20-l\/#breadcrumb"},"inLanguage":"de","potentialAction":[{"@type":"ReadAction","target":["https:\/\/www.csj-emballages.com\/de\/produit\/desinfizierendes-fettloesemittel-fuer-den-manuellen-gebrauch-oder-in-der-hygienezentrale-kanister-20-l\/"]}]},{"@type":"ImageObject","inLanguage":"de","@id":"https:\/\/www.csj-emballages.com\/de\/produit\/desinfizierendes-fettloesemittel-fuer-den-manuellen-gebrauch-oder-in-der-hygienezentrale-kanister-20-l\/#primaryimage","url":"https:\/\/www.csj-emballages.com\/wp-content\/uploads\/2024\/03\/909cfdfa-a049-444b-b3d8-e39813b1cfe8-removebg-preview.png","contentUrl":"https:\/\/www.csj-emballages.com\/wp-content\/uploads\/2024\/03\/909cfdfa-a049-444b-b3d8-e39813b1cfe8-removebg-preview.png","width":499,"height":500,"caption":"D\u00e9graissant d\u00e9sinfectant bidon 20L"},{"@type":"BreadcrumbList","@id":"https:\/\/www.csj-emballages.com\/de\/produit\/desinfizierendes-fettloesemittel-fuer-den-manuellen-gebrauch-oder-in-der-hygienezentrale-kanister-20-l\/#breadcrumb","itemListElement":[{"@type":"ListItem","position":1,"name":"Accueil","item":"https:\/\/www.csj-emballages.com\/de\/universum-lebensmittelverpackungen\/"},{"@type":"ListItem","position":2,"name":"Shop","item":"https:\/\/www.csj-emballages.com\/shop\/"},{"@type":"ListItem","position":3,"name":"Fettl\u00f6sendes Desinfektionsmittel, 20-L-Kanister, f\u00fcr manuelle oder zentrale Hygieneanwendung"}]},{"@type":"WebSite","@id":"https:\/\/www.csj-emballages.com\/de\/#website","url":"https:\/\/www.csj-emballages.com\/de\/","name":"CSJ Emballages","description":"","publisher":{"@id":"https:\/\/www.csj-emballages.com\/de\/#organization"},"potentialAction":[{"@type":"SearchAction","target":{"@type":"EntryPoint","urlTemplate":"https:\/\/www.csj-emballages.com\/de\/?s={search_term_string}"},"query-input":{"@type":"PropertyValueSpecification","valueRequired":true,"valueName":"search_term_string"}}],"inLanguage":"de"},{"@type":"Organization","@id":"https:\/\/www.csj-emballages.com\/de\/#Organization\/","name":"CSJ Emballages","url":"https:\/\/www.csj-emballages.com\/de\/","logo":{"@type":"ImageObject","inLanguage":"de","@id":"https:\/\/www.csj-emballages.com\/de\/#\/schema\/logo\/image\/","url":"https:\/\/www.csj-emballages.com\/wp-content\/uploads\/2023\/10\/logo_csj.webp","contentUrl":"https:\/\/www.csj-emballages.com\/wp-content\/uploads\/2023\/10\/logo_csj.webp","width":250,"height":95,"caption":"CSJ Emballages"},"image":{"@id":"https:\/\/www.csj-emballages.com\/de\/#\/schema\/logo\/image\/"},"sameAs":["https:\/\/www.facebook.com\/csjemballages"],"address":{"@type":"PostalAddress","streetAddress":"ZI La Lechere","addressLocality":"Patornay","postalCode":"39130","addressCountry":"FR"},"contactPoint":[{"@type":"ContactPoint","contactType":"Service client","telephone":"0384254272","email":"contact@csj-emballages.com"}]}]}},"df_price":64.34,"df_sale_price":64.34,"df_regular_price":80.44,"df_image_link":"https:\/\/www.csj-emballages.com\/wp-content\/uploads\/2024\/03\/909cfdfa-a049-444b-b3d8-e39813b1cfe8-removebg-preview-300x300.png","tiered_pricing_type":"fixed","tiered_pricing_fixed_rules":[],"tiered_pricing_percentage_rules":[],"tiered_pricing_minimum":1,"tiered_pricing_roles_data":[],"_links":{"self":[{"href":"https:\/\/www.csj-emballages.com\/de\/wp-json\/wp\/v2\/product\/17268","targetHints":{"allow":["GET"]}}],"collection":[{"href":"https:\/\/www.csj-emballages.com\/de\/wp-json\/wp\/v2\/product"}],"about":[{"href":"https:\/\/www.csj-emballages.com\/de\/wp-json\/wp\/v2\/types\/product"}],"wp:featuredmedia":[{"embeddable":true,"href":"https:\/\/www.csj-emballages.com\/de\/wp-json\/wp\/v2\/media\/99613"}],"wp:attachment":[{"href":"https:\/\/www.csj-emballages.com\/de\/wp-json\/wp\/v2\/media?parent=17268"}],"wp:term":[{"taxonomy":"product_brand","embeddable":true,"href":"https:\/\/www.csj-emballages.com\/de\/wp-json\/wp\/v2\/product_brand?post=17268"},{"taxonomy":"product_cat","embeddable":true,"href":"https:\/\/www.csj-emballages.com\/de\/wp-json\/wp\/v2\/product_cat?post=17268"},{"taxonomy":"product_tag","embeddable":true,"href":"https:\/\/www.csj-emballages.com\/de\/wp-json\/wp\/v2\/product_tag?post=17268"}],"curies":[{"name":"wp","href":"https:\/\/api.w.org\/{rel}","templated":true}]}}