{"id":17266,"date":"2024-03-01T17:00:15","date_gmt":"2024-03-01T16:00:15","guid":{"rendered":"https:\/\/u15jnbdpoq.preview.infomaniak.website\/produit\/neutrale-bakterizide-handseife-5-liter\/"},"modified":"2026-05-01T02:10:20","modified_gmt":"2026-05-01T00:10:20","slug":"neutrale-bakterizide-handseife-5-liter","status":"publish","type":"product","link":"https:\/\/www.csj-emballages.com\/de\/produit\/neutrale-bakterizide-handseife-5-liter\/","title":{"rendered":"Desinfizierende Handwaschlotion 5 Liter"},"content":{"rendered":"<h2 class=\"p1\">Handwaschlotion<\/h2>\n<hr>\n<h3>Entdecken Sie unsere desinfizierende Handwaschlotion 5 Liter<\/h3>\n<p><!--more--><\/p>\n<p data-start=\"254\" data-end=\"673\">Die <strong>desinfizierende Handwaschlotion 5 Liter<\/strong> ist eine Komplettl\u00f6sung f\u00fcr effektive Handhygiene im professionellen Umfeld. Sie wurde entwickelt, um den strengen Anforderungen sensibler Bereiche gerecht zu werden, und wird besonders f\u00fcr die <strong>Lebensmittelindustrie, Gro\u00dfverbraucher, professionelle K\u00fcchen, Gesundheitseinrichtungen und Umgebungen<\/strong> empfohlen, die ein hohes Ma\u00df an Hygiene erfordern. <\/p>\n<p data-start=\"675\" data-end=\"1011\"><strong>Lotion\u2019Des<\/strong> kombiniert Wasch- und Desinfektionswirkung in einem Schritt, reinigt die H\u00e4nde und eliminiert Mikroorganismen. Ihre Formel ist f\u00fcr h\u00e4ufigen Gebrauch geeignet und gew\u00e4hrleistet optimale Hygiene, ohne die Haut anzugreifen. Sie tr\u00e4gt zur Einhaltung der geltenden Hygieneprotokolle bei.  <\/p>\n<p data-start=\"1013\" data-end=\"1340\">Ebenso ist diese <strong>Lotion<\/strong>, pr\u00e4sentiert im <strong>5-Liter-Kanister<\/strong>, ideal f\u00fcr den regelm\u00e4\u00dfigen und intensiven Gebrauch. Dank ihres wirtschaftlichen Formats eignet sie sich perfekt f\u00fcr Wandspender und Waschstationen in Unternehmen. Sie erleichtert die Bestandsverwaltung und sichert die kontinuierliche Versorgung in stark frequentierten Umgebungen.  <\/p>\n<p data-start=\"1342\" data-end=\"1616\">Die in Frankreich hergestellte <strong>desinfizierende Handwaschlotion<\/strong> bietet ein Qualit\u00e4ts- und R\u00fcckverfolgbarkeitsversprechen. Zusammenfassend erf\u00fcllt sie die Erwartungen von Fachleuten, die eine zuverl\u00e4ssige, leistungsstarke und an die regulatorischen Anforderungen der Lebensmittel- und Gemeinschaftsbereiche angepasste L\u00f6sung suchen. <\/p>\n<p data-start=\"1342\" data-end=\"1616\">\n<p><!--more--><\/p>\n<h4><strong>Vorteile :<\/strong><\/h4>\n<ul>\n<li data-start=\"1654\" data-end=\"1704\"><strong>Wasch- und Desinfektionswirkung<\/strong> in einem Schritt.<\/li>\n<li data-start=\"1707\" data-end=\"1762\">Geeignet f\u00fcr Lebensmittelindustrie und Gro\u00dfverbraucher.<\/li>\n<li data-start=\"1765\" data-end=\"1804\">Formel f\u00fcr h\u00e4ufigen Gebrauch konzipiert.<\/li>\n<li data-start=\"1807\" data-end=\"1854\">Tr\u00e4gt zur Einhaltung der Hygieneprotokolle bei.<\/li>\n<li data-start=\"1857\" data-end=\"1885\">Wirtschaftliches Format <strong>5 Liter<\/strong>.<\/li>\n<li data-start=\"1888\" data-end=\"1934\">Kompatibel mit professionellen Spendern.<\/li>\n<li data-start=\"1937\" data-end=\"1965\">Produkt hergestellt in Frankreich.<\/li>\n<\/ul>\n<p>&nbsp;<\/p>\n<p><!--more--><\/p>\n<h4>Weitere Informationen :<\/h4>\n<ul>\n<li><strong>Verpackung<\/strong>: Einzeln<\/li>\n<li><strong>Anwendung<\/strong>: Desinfizierende Handlotion<\/li>\n<li><strong>Farbe<\/strong>: Farblos<\/li>\n<li><strong>Dosis\/Pumpe<\/strong>: 3 ml<\/li>\n<li><strong>Volumen<\/strong>: 5 Liter<\/li>\n<\/ul>\n<p>&nbsp;<\/p>\n<p><!--more--><\/p>\n<p>Hier finden Sie unsere Seifenpatrone 900 ml Spender: <span style=\"color: #d12727;\"><a style=\"color: #d12727;\" href=\"https:\/\/www.csj-emballages.com\/es\/produit\/dispensador-de-cartucho-de-jabon-de-900-ml-03ds080001\/\">03HAIRBODY<\/a><\/span><\/p>\n<p>&nbsp;<\/p>\n<p><!--more--><\/p>\n<p><a href=\"https:\/\/www.csj-emballages.com\/de\/categorie-produit\/hygiene-und-pflege\/pflegeprodukte\/korperhygiene\/handseife\/\">Sehen Sie sich den Rest unseres Sortiments an Handseifen an<\/a><\/p>\n","protected":false},"excerpt":{"rendered":"<p>Handwaschlotion Entdecken Sie unsere desinfizierende Handwaschlotion 5 Liter<\/p>\n","protected":false},"featured_media":264233,"template":"","meta":{"_acf_changed":false},"product_brand":[],"product_cat":[1218,1219,1351,1352],"product_tag":[],"class_list":{"0":"post-17266","1":"product","2":"type-product","3":"status-publish","4":"has-post-thumbnail","6":"product_cat-hygiene-und-pflege","7":"product_cat-pflegeprodukte","8":"product_cat-korperhygiene","9":"product_cat-handseife","10":"product_shipping_class-verboten-in-staffeln","12":"first","13":"instock","14":"taxable","15":"shipping-taxable","16":"purchasable","17":"product-type-simple"},"acf":[],"yoast_head":"<!-- This site is optimized with the Yoast SEO Premium plugin v26.6 (Yoast SEO v26.6) - https:\/\/yoast.com\/wordpress\/plugins\/seo\/ -->\n<title>Desinfizierende Handwaschlotion 5 Liter<\/title>\n<meta name=\"description\" content=\"Desinfizierende Handwaschlotion 5 Liter, ideal f\u00fcr Lebensmittelindustrie und Gro\u00dfverbraucher. Franz\u00f6sische Herstellung, effektive professionelle Hygiene.\" \/>\n<meta name=\"robots\" content=\"index, follow, max-snippet:-1, max-image-preview:large, max-video-preview:-1\" \/>\n<link rel=\"canonical\" href=\"https:\/\/www.csj-emballages.com\/de\/produit\/neutrale-bakterizide-handseife-5-liter\/\" \/>\n<meta property=\"og:locale\" content=\"de_DE\" \/>\n<meta property=\"og:type\" content=\"article\" \/>\n<meta property=\"og:title\" content=\"Desinfizierende Handwaschlotion 5 Liter\" \/>\n<meta property=\"og:description\" content=\"Desinfizierende Handwaschlotion 5 Liter, ideal f\u00fcr Lebensmittelindustrie und Gro\u00dfverbraucher. Franz\u00f6sische Herstellung, effektive professionelle Hygiene.\" \/>\n<meta property=\"og:url\" content=\"https:\/\/www.csj-emballages.com\/de\/produit\/neutrale-bakterizide-handseife-5-liter\/\" \/>\n<meta property=\"og:site_name\" content=\"CSJ Emballages\" \/>\n<meta property=\"article:publisher\" content=\"https:\/\/www.facebook.com\/csjemballages\" \/>\n<meta property=\"article:modified_time\" content=\"2026-05-01T00:10:20+00:00\" \/>\n<meta property=\"og:image\" content=\"https:\/\/www.csj-emballages.com\/wp-content\/uploads\/2024\/03\/04255.webp\" \/>\n\t<meta property=\"og:image:width\" content=\"800\" \/>\n\t<meta property=\"og:image:height\" content=\"800\" \/>\n\t<meta property=\"og:image:type\" content=\"image\/webp\" \/>\n<meta name=\"twitter:card\" content=\"summary_large_image\" \/>\n<meta name=\"twitter:label1\" content=\"Gesch\u00e4tzte Lesezeit\" \/>\n\t<meta name=\"twitter:data1\" content=\"1\u00a0Minute\" \/>\n<script type=\"application\/ld+json\" class=\"yoast-schema-graph\">{\"@context\":\"https:\/\/schema.org\",\"@graph\":[{\"@type\":\"WebPage\",\"@id\":\"https:\/\/www.csj-emballages.com\/de\/produit\/neutrale-bakterizide-handseife-5-liter\/\",\"url\":\"https:\/\/www.csj-emballages.com\/de\/produit\/neutrale-bakterizide-handseife-5-liter\/\",\"name\":\"Desinfizierende Handwaschlotion 5 Liter\",\"isPartOf\":{\"@id\":\"https:\/\/www.csj-emballages.com\/de\/#website\"},\"primaryImageOfPage\":{\"@id\":\"https:\/\/www.csj-emballages.com\/de\/produit\/neutrale-bakterizide-handseife-5-liter\/#primaryimage\"},\"image\":{\"@id\":\"https:\/\/www.csj-emballages.com\/de\/produit\/neutrale-bakterizide-handseife-5-liter\/#primaryimage\"},\"thumbnailUrl\":\"https:\/\/www.csj-emballages.com\/wp-content\/uploads\/2024\/03\/04255.webp\",\"datePublished\":\"2024-03-01T16:00:15+00:00\",\"dateModified\":\"2026-05-01T00:10:20+00:00\",\"description\":\"Desinfizierende Handwaschlotion 5 Liter, ideal f\u00fcr Lebensmittelindustrie und Gro\u00dfverbraucher. Franz\u00f6sische Herstellung, effektive professionelle Hygiene.\",\"breadcrumb\":{\"@id\":\"https:\/\/www.csj-emballages.com\/de\/produit\/neutrale-bakterizide-handseife-5-liter\/#breadcrumb\"},\"inLanguage\":\"de\",\"potentialAction\":[{\"@type\":\"ReadAction\",\"target\":[\"https:\/\/www.csj-emballages.com\/de\/produit\/neutrale-bakterizide-handseife-5-liter\/\"]}]},{\"@type\":\"ImageObject\",\"inLanguage\":\"de\",\"@id\":\"https:\/\/www.csj-emballages.com\/de\/produit\/neutrale-bakterizide-handseife-5-liter\/#primaryimage\",\"url\":\"https:\/\/www.csj-emballages.com\/wp-content\/uploads\/2024\/03\/04255.webp\",\"contentUrl\":\"https:\/\/www.csj-emballages.com\/wp-content\/uploads\/2024\/03\/04255.webp\",\"width\":800,\"height\":800,\"caption\":\"Lotion lavante mains\"},{\"@type\":\"BreadcrumbList\",\"@id\":\"https:\/\/www.csj-emballages.com\/de\/produit\/neutrale-bakterizide-handseife-5-liter\/#breadcrumb\",\"itemListElement\":[{\"@type\":\"ListItem\",\"position\":1,\"name\":\"Accueil\",\"item\":\"https:\/\/www.csj-emballages.com\/de\/universum-lebensmittelverpackungen\/\"},{\"@type\":\"ListItem\",\"position\":2,\"name\":\"Shop\",\"item\":\"https:\/\/www.csj-emballages.com\/shop\/\"},{\"@type\":\"ListItem\",\"position\":3,\"name\":\"Desinfizierende Handwaschlotion 5 Liter\"}]},{\"@type\":\"WebSite\",\"@id\":\"https:\/\/www.csj-emballages.com\/de\/#website\",\"url\":\"https:\/\/www.csj-emballages.com\/de\/\",\"name\":\"CSJ Emballages\",\"description\":\"\",\"publisher\":{\"@id\":\"https:\/\/www.csj-emballages.com\/de\/#organization\"},\"potentialAction\":[{\"@type\":\"SearchAction\",\"target\":{\"@type\":\"EntryPoint\",\"urlTemplate\":\"https:\/\/www.csj-emballages.com\/de\/?s={search_term_string}\"},\"query-input\":{\"@type\":\"PropertyValueSpecification\",\"valueRequired\":true,\"valueName\":\"search_term_string\"}}],\"inLanguage\":\"de\"},{\"@type\":\"Organization\",\"@id\":\"https:\/\/www.csj-emballages.com\/de\/#Organization\/\",\"name\":\"CSJ Emballages\",\"url\":\"https:\/\/www.csj-emballages.com\/de\/\",\"logo\":{\"@type\":\"ImageObject\",\"inLanguage\":\"de\",\"@id\":\"https:\/\/www.csj-emballages.com\/de\/#\/schema\/logo\/image\/\",\"url\":\"https:\/\/www.csj-emballages.com\/wp-content\/uploads\/2023\/10\/logo_csj.webp\",\"contentUrl\":\"https:\/\/www.csj-emballages.com\/wp-content\/uploads\/2023\/10\/logo_csj.webp\",\"width\":250,\"height\":95,\"caption\":\"CSJ Emballages\"},\"image\":{\"@id\":\"https:\/\/www.csj-emballages.com\/de\/#\/schema\/logo\/image\/\"},\"sameAs\":[\"https:\/\/www.facebook.com\/csjemballages\"],\"address\":{\"@type\":\"PostalAddress\",\"streetAddress\":\"ZI La Lechere\",\"addressLocality\":\"Patornay\",\"postalCode\":\"39130\",\"addressCountry\":\"FR\"},\"contactPoint\":[{\"@type\":\"ContactPoint\",\"contactType\":\"Service client\",\"telephone\":\"0384254272\",\"email\":\"contact@csj-emballages.com\"}]}]}<\/script>\n<!-- \/ Yoast SEO Premium plugin. -->","yoast_head_json":{"title":"Desinfizierende Handwaschlotion 5 Liter","description":"Desinfizierende Handwaschlotion 5 Liter, ideal f\u00fcr Lebensmittelindustrie und Gro\u00dfverbraucher. Franz\u00f6sische Herstellung, effektive professionelle Hygiene.","robots":{"index":"index","follow":"follow","max-snippet":"max-snippet:-1","max-image-preview":"max-image-preview:large","max-video-preview":"max-video-preview:-1"},"canonical":"https:\/\/www.csj-emballages.com\/de\/produit\/neutrale-bakterizide-handseife-5-liter\/","og_locale":"de_DE","og_type":"article","og_title":"Desinfizierende Handwaschlotion 5 Liter","og_description":"Desinfizierende Handwaschlotion 5 Liter, ideal f\u00fcr Lebensmittelindustrie und Gro\u00dfverbraucher. Franz\u00f6sische Herstellung, effektive professionelle Hygiene.","og_url":"https:\/\/www.csj-emballages.com\/de\/produit\/neutrale-bakterizide-handseife-5-liter\/","og_site_name":"CSJ Emballages","article_publisher":"https:\/\/www.facebook.com\/csjemballages","article_modified_time":"2026-05-01T00:10:20+00:00","og_image":[{"width":800,"height":800,"url":"https:\/\/www.csj-emballages.com\/wp-content\/uploads\/2024\/03\/04255.webp","type":"image\/webp"}],"twitter_card":"summary_large_image","twitter_misc":{"Gesch\u00e4tzte Lesezeit":"1\u00a0Minute"},"schema":{"@context":"https:\/\/schema.org","@graph":[{"@type":"WebPage","@id":"https:\/\/www.csj-emballages.com\/de\/produit\/neutrale-bakterizide-handseife-5-liter\/","url":"https:\/\/www.csj-emballages.com\/de\/produit\/neutrale-bakterizide-handseife-5-liter\/","name":"Desinfizierende Handwaschlotion 5 Liter","isPartOf":{"@id":"https:\/\/www.csj-emballages.com\/de\/#website"},"primaryImageOfPage":{"@id":"https:\/\/www.csj-emballages.com\/de\/produit\/neutrale-bakterizide-handseife-5-liter\/#primaryimage"},"image":{"@id":"https:\/\/www.csj-emballages.com\/de\/produit\/neutrale-bakterizide-handseife-5-liter\/#primaryimage"},"thumbnailUrl":"https:\/\/www.csj-emballages.com\/wp-content\/uploads\/2024\/03\/04255.webp","datePublished":"2024-03-01T16:00:15+00:00","dateModified":"2026-05-01T00:10:20+00:00","description":"Desinfizierende Handwaschlotion 5 Liter, ideal f\u00fcr Lebensmittelindustrie und Gro\u00dfverbraucher. Franz\u00f6sische Herstellung, effektive professionelle Hygiene.","breadcrumb":{"@id":"https:\/\/www.csj-emballages.com\/de\/produit\/neutrale-bakterizide-handseife-5-liter\/#breadcrumb"},"inLanguage":"de","potentialAction":[{"@type":"ReadAction","target":["https:\/\/www.csj-emballages.com\/de\/produit\/neutrale-bakterizide-handseife-5-liter\/"]}]},{"@type":"ImageObject","inLanguage":"de","@id":"https:\/\/www.csj-emballages.com\/de\/produit\/neutrale-bakterizide-handseife-5-liter\/#primaryimage","url":"https:\/\/www.csj-emballages.com\/wp-content\/uploads\/2024\/03\/04255.webp","contentUrl":"https:\/\/www.csj-emballages.com\/wp-content\/uploads\/2024\/03\/04255.webp","width":800,"height":800,"caption":"Lotion lavante mains"},{"@type":"BreadcrumbList","@id":"https:\/\/www.csj-emballages.com\/de\/produit\/neutrale-bakterizide-handseife-5-liter\/#breadcrumb","itemListElement":[{"@type":"ListItem","position":1,"name":"Accueil","item":"https:\/\/www.csj-emballages.com\/de\/universum-lebensmittelverpackungen\/"},{"@type":"ListItem","position":2,"name":"Shop","item":"https:\/\/www.csj-emballages.com\/shop\/"},{"@type":"ListItem","position":3,"name":"Desinfizierende Handwaschlotion 5 Liter"}]},{"@type":"WebSite","@id":"https:\/\/www.csj-emballages.com\/de\/#website","url":"https:\/\/www.csj-emballages.com\/de\/","name":"CSJ Emballages","description":"","publisher":{"@id":"https:\/\/www.csj-emballages.com\/de\/#organization"},"potentialAction":[{"@type":"SearchAction","target":{"@type":"EntryPoint","urlTemplate":"https:\/\/www.csj-emballages.com\/de\/?s={search_term_string}"},"query-input":{"@type":"PropertyValueSpecification","valueRequired":true,"valueName":"search_term_string"}}],"inLanguage":"de"},{"@type":"Organization","@id":"https:\/\/www.csj-emballages.com\/de\/#Organization\/","name":"CSJ Emballages","url":"https:\/\/www.csj-emballages.com\/de\/","logo":{"@type":"ImageObject","inLanguage":"de","@id":"https:\/\/www.csj-emballages.com\/de\/#\/schema\/logo\/image\/","url":"https:\/\/www.csj-emballages.com\/wp-content\/uploads\/2023\/10\/logo_csj.webp","contentUrl":"https:\/\/www.csj-emballages.com\/wp-content\/uploads\/2023\/10\/logo_csj.webp","width":250,"height":95,"caption":"CSJ Emballages"},"image":{"@id":"https:\/\/www.csj-emballages.com\/de\/#\/schema\/logo\/image\/"},"sameAs":["https:\/\/www.facebook.com\/csjemballages"],"address":{"@type":"PostalAddress","streetAddress":"ZI La Lechere","addressLocality":"Patornay","postalCode":"39130","addressCountry":"FR"},"contactPoint":[{"@type":"ContactPoint","contactType":"Service client","telephone":"0384254272","email":"contact@csj-emballages.com"}]}]}},"df_price":16.78,"df_sale_price":"","df_regular_price":16.78,"df_image_link":"https:\/\/www.csj-emballages.com\/wp-content\/uploads\/2024\/03\/04255-300x300.webp","tiered_pricing_type":"fixed","tiered_pricing_fixed_rules":[],"tiered_pricing_percentage_rules":[],"tiered_pricing_minimum":1,"tiered_pricing_roles_data":[],"_links":{"self":[{"href":"https:\/\/www.csj-emballages.com\/de\/wp-json\/wp\/v2\/product\/17266","targetHints":{"allow":["GET"]}}],"collection":[{"href":"https:\/\/www.csj-emballages.com\/de\/wp-json\/wp\/v2\/product"}],"about":[{"href":"https:\/\/www.csj-emballages.com\/de\/wp-json\/wp\/v2\/types\/product"}],"wp:featuredmedia":[{"embeddable":true,"href":"https:\/\/www.csj-emballages.com\/de\/wp-json\/wp\/v2\/media\/264233"}],"wp:attachment":[{"href":"https:\/\/www.csj-emballages.com\/de\/wp-json\/wp\/v2\/media?parent=17266"}],"wp:term":[{"taxonomy":"product_brand","embeddable":true,"href":"https:\/\/www.csj-emballages.com\/de\/wp-json\/wp\/v2\/product_brand?post=17266"},{"taxonomy":"product_cat","embeddable":true,"href":"https:\/\/www.csj-emballages.com\/de\/wp-json\/wp\/v2\/product_cat?post=17266"},{"taxonomy":"product_tag","embeddable":true,"href":"https:\/\/www.csj-emballages.com\/de\/wp-json\/wp\/v2\/product_tag?post=17266"}],"curies":[{"name":"wp","href":"https:\/\/api.w.org\/{rel}","templated":true}]}}