{"id":17254,"date":"2024-03-01T17:00:18","date_gmt":"2024-03-01T16:00:18","guid":{"rendered":"https:\/\/u15jnbdpoq.preview.infomaniak.website\/produit\/edelstahlpoliermittel-spray-750ml\/"},"modified":"2026-04-30T02:10:15","modified_gmt":"2026-04-30T00:10:15","slug":"edelstahlpoliermittel-spray-750ml","status":"publish","type":"product","link":"https:\/\/www.csj-emballages.com\/de\/produit\/edelstahlpoliermittel-spray-750ml\/","title":{"rendered":"Edelstahlpoliermittel Spray 750ml"},"content":{"rendered":"<h2>Glanzmittel Inox<\/h2>\n<hr>\n<h3>Beschreibung unseres Edelstahlpoliermittels 400 ml<\/h3>\n<p><!--more--><\/p>\n<p class=\"\" data-start=\"227\" data-end=\"579\">Wenn man in der K\u00fcche oder in einem professionellen Umfeld arbeitet, in dem<strong>Edelstahl<\/strong> allgegenw\u00e4rtig ist (Arbeitsplatten, Dunstabzugshauben, Maschinen usw.), wei\u00df man, wie schwierig es ist, diese Oberfl\u00e4chen makellos zu halten. Dieser <strong data-start=\"443\" data-end=\"479\">Edelstahlglanzspray mit 750 ml Inhalt<\/strong> wurde entwickelt, um genau diese Anforderung an Sauberkeit und \u00c4sthetik kompromisslos zu erf\u00fcllen. <\/p>\n<p class=\"\" data-start=\"581\" data-end=\"1024\">Dank seiner innovativen Formulierung legt es einen d\u00fcnnen, gl\u00e4nzenden und gleichm\u00e4\u00dfigen Film auf alle <strong>Edelstahloberfl\u00e4chen<\/strong>, ohne Streifen oder Fettr\u00fcckst\u00e4nde zu hinterlassen. Dieser Schutzschleier erzeugt einen <strong data-start=\"783\" data-end=\"805\">antistatischen Effekt<\/strong>, der verhindert, dass sich Staub und Fettpartikel schnell wieder absetzen. Das Ergebnis: Eine l\u00e4nger gl\u00e4nzende Oberfl\u00e4che, weniger Reinigungsaufwand und eine K\u00fcche, die Gr\u00fcndlichkeit und Sauberkeit ausstrahlt.  <\/p>\n<p class=\"\" data-start=\"1026\" data-end=\"1319\">Sein <strong>Sprayformat<\/strong> ist ultrapraktisch: Eine einfache Geste gen\u00fcgt, um es gleichm\u00e4\u00dfig aufzuspr\u00fchen und mit einem weichen Tuch abzuwischen. Perfekt f\u00fcr professionelle Gastronomen, Caterer oder auch anspruchsvolle Privatpersonen, wird dieses Glanzmittel schnell zu einem unverzichtbaren Bestandteil der t\u00e4glichen Pflege. <\/p>\n<p class=\"\" data-start=\"1321\" data-end=\"1494\">Dieser <strong data-start=\"443\" data-end=\"479\">Edelstahlglanz<\/strong> verbessert nicht nur das optische Erscheinungsbild Ihrer Oberfl\u00e4chen, sondern wirkt auch als Schutzbarriere, die das Anhaften von Schmutz begrenzt und die nachfolgende Reinigung erleichtert.<\/p>\n<p><!--more--><\/p>\n<h4><strong>Seine Vorteile :<\/strong><\/h4>\n<ul>\n<li><strong>Antistatische Formel<\/strong>: Verhindert, dass sich Staub und Fett erneut ablagern.<\/li>\n<li>Gl\u00e4nzendes, gleichm\u00e4\u00dfiges, streifenfreies Finish.<\/li>\n<li>Einfaches Auftragen dank des ergonomischen Sprays.<\/li>\n<li><strong>Zeitersparnis<\/strong>: Schnelle und effektive Reinigung, die Ihnen stundenlange manuelle Arbeit erspart.<\/li>\n<li><strong>Streifenfreies Finish<\/strong>: Nicht fettende Textur, die nach dem Abwischen keine R\u00fcckst\u00e4nde hinterl\u00e4sst, f\u00fcr ein makelloses Ergebnis.<\/li>\n<\/ul>\n<p>&nbsp;<\/p>\n<p><!--more--><\/p>\n<h4>Gebrauchsanweisung :<\/h4>\n<ul>\n<li>Spr\u00fchen Sie eine kleine Menge BRINOX auf die zu behandelnde Oberfl\u00e4che und reiben Sie sie mit einem trockenen Tuch ab.<\/li>\n<li>Nicht auf Oberfl\u00e4chen mit direktem Kontakt zu Lebensmitteln verwenden.<\/li>\n<\/ul>\n<p>&nbsp;<\/p>\n<p><!--more--><\/p>\n<h4>Weitere Informationen :<\/h4>\n<ul>\n<li><strong>Verpackung<\/strong>: Einzeln<\/li>\n<li><strong>Farbe<\/strong>: Gelb<\/li>\n<li><strong>Volumen<\/strong>: 750 ml<\/li>\n<li><strong>Verwendung<\/strong>: Glanzmittel<\/li>\n<\/ul>\n<p>&nbsp;<\/p>\n<p><!--more--><\/p>\n<p>Hier finden Sie unsere Edelstahlpolitur in 400 ml : <span style=\"color: #d12727;\"><a style=\"color: #d12727;\" href=\"https:\/\/www.csj-emballages.com\/es\/produit\/pulimento-acero-inoxidable-en-spray-400ml\/\">0215400<\/a><\/span><\/p>\n<p>&nbsp;<\/p>\n<p><!--more--><\/p>\n<p><a href=\"https:\/\/www.csj-emballages.com\/de\/categorie-produit\/hygiene-und-pflege\/pflegeprodukte\/kuche\/\">Sehen Sie sich den Rest unseres Sortiments an K\u00fcchenreinigungsprodukten an.<\/a><\/p>\n","protected":false},"excerpt":{"rendered":"<p>Glanzmittel Inox Beschreibung unseres Edelstahlpoliermittels 400 ml<\/p>\n","protected":false},"featured_media":222185,"template":"","meta":{"_acf_changed":false},"product_brand":[],"product_cat":[1218,1219,1330],"product_tag":[],"class_list":{"0":"post-17254","1":"product","2":"type-product","3":"status-publish","4":"has-post-thumbnail","6":"product_cat-hygiene-und-pflege","7":"product_cat-pflegeprodukte","8":"product_cat-kuche","10":"first","11":"instock","12":"taxable","13":"shipping-taxable","14":"purchasable","15":"product-type-simple"},"acf":[],"yoast_head":"<!-- This site is optimized with the Yoast SEO Premium plugin v26.6 (Yoast SEO v26.6) - https:\/\/yoast.com\/wordpress\/plugins\/seo\/ -->\n<title>Poliermittel Inox Spray 750ml<\/title>\n<meta name=\"description\" content=\"Entdecken Sie unser Edelstahlglanzspray 750ml. Dieses Produkt ist ein Glanzmittel f\u00fcr rostfreie oder polierte Oberfl\u00e4chen. Verkauf pro Einheit\" \/>\n<meta name=\"robots\" content=\"index, follow, max-snippet:-1, max-image-preview:large, max-video-preview:-1\" \/>\n<link rel=\"canonical\" href=\"https:\/\/www.csj-emballages.com\/de\/produit\/edelstahlpoliermittel-spray-750ml\/\" \/>\n<meta property=\"og:locale\" content=\"de_DE\" \/>\n<meta property=\"og:type\" content=\"article\" \/>\n<meta property=\"og:title\" content=\"Edelstahlpoliermittel Spray 750ml\" \/>\n<meta property=\"og:description\" content=\"Entdecken Sie unser Edelstahlglanzspray 750ml. Dieses Produkt ist ein Glanzmittel f\u00fcr rostfreie oder polierte Oberfl\u00e4chen. Verkauf pro Einheit\" \/>\n<meta property=\"og:url\" content=\"https:\/\/www.csj-emballages.com\/de\/produit\/edelstahlpoliermittel-spray-750ml\/\" \/>\n<meta property=\"og:site_name\" content=\"CSJ Emballages\" \/>\n<meta property=\"article:publisher\" content=\"https:\/\/www.facebook.com\/csjemballages\" \/>\n<meta property=\"article:modified_time\" content=\"2026-04-30T00:10:15+00:00\" \/>\n<meta property=\"og:image\" content=\"https:\/\/www.csj-emballages.com\/wp-content\/uploads\/2024\/03\/Lustrant-inox.webp\" \/>\n\t<meta property=\"og:image:width\" content=\"800\" \/>\n\t<meta property=\"og:image:height\" content=\"800\" \/>\n\t<meta property=\"og:image:type\" content=\"image\/webp\" \/>\n<meta name=\"twitter:card\" content=\"summary_large_image\" \/>\n<meta name=\"twitter:label1\" content=\"Gesch\u00e4tzte Lesezeit\" \/>\n\t<meta name=\"twitter:data1\" content=\"2 Minuten\" \/>\n<script type=\"application\/ld+json\" class=\"yoast-schema-graph\">{\"@context\":\"https:\/\/schema.org\",\"@graph\":[{\"@type\":\"WebPage\",\"@id\":\"https:\/\/www.csj-emballages.com\/de\/produit\/edelstahlpoliermittel-spray-750ml\/\",\"url\":\"https:\/\/www.csj-emballages.com\/de\/produit\/edelstahlpoliermittel-spray-750ml\/\",\"name\":\"Poliermittel Inox Spray 750ml\",\"isPartOf\":{\"@id\":\"https:\/\/www.csj-emballages.com\/de\/#website\"},\"primaryImageOfPage\":{\"@id\":\"https:\/\/www.csj-emballages.com\/de\/produit\/edelstahlpoliermittel-spray-750ml\/#primaryimage\"},\"image\":{\"@id\":\"https:\/\/www.csj-emballages.com\/de\/produit\/edelstahlpoliermittel-spray-750ml\/#primaryimage\"},\"thumbnailUrl\":\"https:\/\/www.csj-emballages.com\/wp-content\/uploads\/2024\/03\/Lustrant-inox.webp\",\"datePublished\":\"2024-03-01T16:00:18+00:00\",\"dateModified\":\"2026-04-30T00:10:15+00:00\",\"description\":\"Entdecken Sie unser Edelstahlglanzspray 750ml. Dieses Produkt ist ein Glanzmittel f\u00fcr rostfreie oder polierte Oberfl\u00e4chen. Verkauf pro Einheit\",\"breadcrumb\":{\"@id\":\"https:\/\/www.csj-emballages.com\/de\/produit\/edelstahlpoliermittel-spray-750ml\/#breadcrumb\"},\"inLanguage\":\"de\",\"potentialAction\":[{\"@type\":\"ReadAction\",\"target\":[\"https:\/\/www.csj-emballages.com\/de\/produit\/edelstahlpoliermittel-spray-750ml\/\"]}]},{\"@type\":\"ImageObject\",\"inLanguage\":\"de\",\"@id\":\"https:\/\/www.csj-emballages.com\/de\/produit\/edelstahlpoliermittel-spray-750ml\/#primaryimage\",\"url\":\"https:\/\/www.csj-emballages.com\/wp-content\/uploads\/2024\/03\/Lustrant-inox.webp\",\"contentUrl\":\"https:\/\/www.csj-emballages.com\/wp-content\/uploads\/2024\/03\/Lustrant-inox.webp\",\"width\":800,\"height\":800,\"caption\":\"Lustrant inox\"},{\"@type\":\"BreadcrumbList\",\"@id\":\"https:\/\/www.csj-emballages.com\/de\/produit\/edelstahlpoliermittel-spray-750ml\/#breadcrumb\",\"itemListElement\":[{\"@type\":\"ListItem\",\"position\":1,\"name\":\"Accueil\",\"item\":\"https:\/\/www.csj-emballages.com\/de\/universum-lebensmittelverpackungen\/\"},{\"@type\":\"ListItem\",\"position\":2,\"name\":\"Shop\",\"item\":\"https:\/\/www.csj-emballages.com\/shop\/\"},{\"@type\":\"ListItem\",\"position\":3,\"name\":\"Edelstahlpoliermittel Spray 750ml\"}]},{\"@type\":\"WebSite\",\"@id\":\"https:\/\/www.csj-emballages.com\/de\/#website\",\"url\":\"https:\/\/www.csj-emballages.com\/de\/\",\"name\":\"CSJ Emballages\",\"description\":\"\",\"publisher\":{\"@id\":\"https:\/\/www.csj-emballages.com\/de\/#organization\"},\"potentialAction\":[{\"@type\":\"SearchAction\",\"target\":{\"@type\":\"EntryPoint\",\"urlTemplate\":\"https:\/\/www.csj-emballages.com\/de\/?s={search_term_string}\"},\"query-input\":{\"@type\":\"PropertyValueSpecification\",\"valueRequired\":true,\"valueName\":\"search_term_string\"}}],\"inLanguage\":\"de\"},{\"@type\":\"Organization\",\"@id\":\"https:\/\/www.csj-emballages.com\/de\/#Organization\/\",\"name\":\"CSJ Emballages\",\"url\":\"https:\/\/www.csj-emballages.com\/de\/\",\"logo\":{\"@type\":\"ImageObject\",\"inLanguage\":\"de\",\"@id\":\"https:\/\/www.csj-emballages.com\/de\/#\/schema\/logo\/image\/\",\"url\":\"https:\/\/www.csj-emballages.com\/wp-content\/uploads\/2023\/10\/logo_csj.webp\",\"contentUrl\":\"https:\/\/www.csj-emballages.com\/wp-content\/uploads\/2023\/10\/logo_csj.webp\",\"width\":250,\"height\":95,\"caption\":\"CSJ Emballages\"},\"image\":{\"@id\":\"https:\/\/www.csj-emballages.com\/de\/#\/schema\/logo\/image\/\"},\"sameAs\":[\"https:\/\/www.facebook.com\/csjemballages\"],\"address\":{\"@type\":\"PostalAddress\",\"streetAddress\":\"ZI La Lechere\",\"addressLocality\":\"Patornay\",\"postalCode\":\"39130\",\"addressCountry\":\"FR\"},\"contactPoint\":[{\"@type\":\"ContactPoint\",\"contactType\":\"Service client\",\"telephone\":\"0384254272\",\"email\":\"contact@csj-emballages.com\"}]}]}<\/script>\n<!-- \/ Yoast SEO Premium plugin. -->","yoast_head_json":{"title":"Poliermittel Inox Spray 750ml","description":"Entdecken Sie unser Edelstahlglanzspray 750ml. Dieses Produkt ist ein Glanzmittel f\u00fcr rostfreie oder polierte Oberfl\u00e4chen. Verkauf pro Einheit","robots":{"index":"index","follow":"follow","max-snippet":"max-snippet:-1","max-image-preview":"max-image-preview:large","max-video-preview":"max-video-preview:-1"},"canonical":"https:\/\/www.csj-emballages.com\/de\/produit\/edelstahlpoliermittel-spray-750ml\/","og_locale":"de_DE","og_type":"article","og_title":"Edelstahlpoliermittel Spray 750ml","og_description":"Entdecken Sie unser Edelstahlglanzspray 750ml. Dieses Produkt ist ein Glanzmittel f\u00fcr rostfreie oder polierte Oberfl\u00e4chen. Verkauf pro Einheit","og_url":"https:\/\/www.csj-emballages.com\/de\/produit\/edelstahlpoliermittel-spray-750ml\/","og_site_name":"CSJ Emballages","article_publisher":"https:\/\/www.facebook.com\/csjemballages","article_modified_time":"2026-04-30T00:10:15+00:00","og_image":[{"width":800,"height":800,"url":"https:\/\/www.csj-emballages.com\/wp-content\/uploads\/2024\/03\/Lustrant-inox.webp","type":"image\/webp"}],"twitter_card":"summary_large_image","twitter_misc":{"Gesch\u00e4tzte Lesezeit":"2 Minuten"},"schema":{"@context":"https:\/\/schema.org","@graph":[{"@type":"WebPage","@id":"https:\/\/www.csj-emballages.com\/de\/produit\/edelstahlpoliermittel-spray-750ml\/","url":"https:\/\/www.csj-emballages.com\/de\/produit\/edelstahlpoliermittel-spray-750ml\/","name":"Poliermittel Inox Spray 750ml","isPartOf":{"@id":"https:\/\/www.csj-emballages.com\/de\/#website"},"primaryImageOfPage":{"@id":"https:\/\/www.csj-emballages.com\/de\/produit\/edelstahlpoliermittel-spray-750ml\/#primaryimage"},"image":{"@id":"https:\/\/www.csj-emballages.com\/de\/produit\/edelstahlpoliermittel-spray-750ml\/#primaryimage"},"thumbnailUrl":"https:\/\/www.csj-emballages.com\/wp-content\/uploads\/2024\/03\/Lustrant-inox.webp","datePublished":"2024-03-01T16:00:18+00:00","dateModified":"2026-04-30T00:10:15+00:00","description":"Entdecken Sie unser Edelstahlglanzspray 750ml. Dieses Produkt ist ein Glanzmittel f\u00fcr rostfreie oder polierte Oberfl\u00e4chen. Verkauf pro Einheit","breadcrumb":{"@id":"https:\/\/www.csj-emballages.com\/de\/produit\/edelstahlpoliermittel-spray-750ml\/#breadcrumb"},"inLanguage":"de","potentialAction":[{"@type":"ReadAction","target":["https:\/\/www.csj-emballages.com\/de\/produit\/edelstahlpoliermittel-spray-750ml\/"]}]},{"@type":"ImageObject","inLanguage":"de","@id":"https:\/\/www.csj-emballages.com\/de\/produit\/edelstahlpoliermittel-spray-750ml\/#primaryimage","url":"https:\/\/www.csj-emballages.com\/wp-content\/uploads\/2024\/03\/Lustrant-inox.webp","contentUrl":"https:\/\/www.csj-emballages.com\/wp-content\/uploads\/2024\/03\/Lustrant-inox.webp","width":800,"height":800,"caption":"Lustrant inox"},{"@type":"BreadcrumbList","@id":"https:\/\/www.csj-emballages.com\/de\/produit\/edelstahlpoliermittel-spray-750ml\/#breadcrumb","itemListElement":[{"@type":"ListItem","position":1,"name":"Accueil","item":"https:\/\/www.csj-emballages.com\/de\/universum-lebensmittelverpackungen\/"},{"@type":"ListItem","position":2,"name":"Shop","item":"https:\/\/www.csj-emballages.com\/shop\/"},{"@type":"ListItem","position":3,"name":"Edelstahlpoliermittel Spray 750ml"}]},{"@type":"WebSite","@id":"https:\/\/www.csj-emballages.com\/de\/#website","url":"https:\/\/www.csj-emballages.com\/de\/","name":"CSJ Emballages","description":"","publisher":{"@id":"https:\/\/www.csj-emballages.com\/de\/#organization"},"potentialAction":[{"@type":"SearchAction","target":{"@type":"EntryPoint","urlTemplate":"https:\/\/www.csj-emballages.com\/de\/?s={search_term_string}"},"query-input":{"@type":"PropertyValueSpecification","valueRequired":true,"valueName":"search_term_string"}}],"inLanguage":"de"},{"@type":"Organization","@id":"https:\/\/www.csj-emballages.com\/de\/#Organization\/","name":"CSJ Emballages","url":"https:\/\/www.csj-emballages.com\/de\/","logo":{"@type":"ImageObject","inLanguage":"de","@id":"https:\/\/www.csj-emballages.com\/de\/#\/schema\/logo\/image\/","url":"https:\/\/www.csj-emballages.com\/wp-content\/uploads\/2023\/10\/logo_csj.webp","contentUrl":"https:\/\/www.csj-emballages.com\/wp-content\/uploads\/2023\/10\/logo_csj.webp","width":250,"height":95,"caption":"CSJ Emballages"},"image":{"@id":"https:\/\/www.csj-emballages.com\/de\/#\/schema\/logo\/image\/"},"sameAs":["https:\/\/www.facebook.com\/csjemballages"],"address":{"@type":"PostalAddress","streetAddress":"ZI La Lechere","addressLocality":"Patornay","postalCode":"39130","addressCountry":"FR"},"contactPoint":[{"@type":"ContactPoint","contactType":"Service client","telephone":"0384254272","email":"contact@csj-emballages.com"}]}]}},"df_price":5.48,"df_sale_price":"","df_regular_price":5.48,"df_image_link":"https:\/\/www.csj-emballages.com\/wp-content\/uploads\/2024\/03\/Lustrant-inox-300x300.webp","tiered_pricing_type":"fixed","tiered_pricing_fixed_rules":[],"tiered_pricing_percentage_rules":[],"tiered_pricing_minimum":1,"tiered_pricing_roles_data":[],"_links":{"self":[{"href":"https:\/\/www.csj-emballages.com\/de\/wp-json\/wp\/v2\/product\/17254","targetHints":{"allow":["GET"]}}],"collection":[{"href":"https:\/\/www.csj-emballages.com\/de\/wp-json\/wp\/v2\/product"}],"about":[{"href":"https:\/\/www.csj-emballages.com\/de\/wp-json\/wp\/v2\/types\/product"}],"wp:featuredmedia":[{"embeddable":true,"href":"https:\/\/www.csj-emballages.com\/de\/wp-json\/wp\/v2\/media\/222185"}],"wp:attachment":[{"href":"https:\/\/www.csj-emballages.com\/de\/wp-json\/wp\/v2\/media?parent=17254"}],"wp:term":[{"taxonomy":"product_brand","embeddable":true,"href":"https:\/\/www.csj-emballages.com\/de\/wp-json\/wp\/v2\/product_brand?post=17254"},{"taxonomy":"product_cat","embeddable":true,"href":"https:\/\/www.csj-emballages.com\/de\/wp-json\/wp\/v2\/product_cat?post=17254"},{"taxonomy":"product_tag","embeddable":true,"href":"https:\/\/www.csj-emballages.com\/de\/wp-json\/wp\/v2\/product_tag?post=17254"}],"curies":[{"name":"wp","href":"https:\/\/api.w.org\/{rel}","templated":true}]}}