{"id":17240,"date":"2024-03-01T17:00:18","date_gmt":"2024-03-01T16:00:18","guid":{"rendered":"https:\/\/u15jnbdpoq.preview.infomaniak.website\/produit\/fluessiges-waschmittel-5l\/"},"modified":"2026-04-24T02:10:22","modified_gmt":"2026-04-24T00:10:22","slug":"fluessiges-waschmittel-5l","status":"publish","type":"product","link":"https:\/\/www.csj-emballages.com\/de\/produit\/fluessiges-waschmittel-5l\/","title":{"rendered":"Fl\u00fcssiges Waschmittel 5L"},"content":{"rendered":"<h2>Waschmittel<\/h2>\n<div style=\"font-family: Roboto, sans-serif;\">\n<div style=\"font-family: Roboto, sans-serif;\">\n<div style=\"font-family: Roboto, sans-serif;\">\n<div style=\"text-align: center;\">\n<div style=\"font-family: Roboto, sans-serif;\">\n<div style=\"font-family: Roboto, sans-serif;\">\n<div style=\"font-family: Roboto, sans-serif;\">\n<div style=\"font-family: Roboto, sans-serif;\">\n<div style=\"font-family: Roboto, sans-serif;\">\n<div style=\"font-family: Roboto, sans-serif; text-align: left;\">\n<hr>\n<h3 style=\"text-align: left;\">Beschreibung des Fl\u00fcssigwaschmittels 5L<span class=\"Apple-converted-space\"> <\/span><\/h3>\n<h3 style=\"text-align: left;\"><!--more--><\/h3>\n<p data-start=\"221\" data-end=\"551\">Dieses <strong>Fl\u00fcssigwaschmittel 5L <\/strong>wurde entwickelt, um den Anforderungen professioneller W\u00e4schepflege gerecht zu werden, und bietet eine unvergleichliche Reinigungskraft. Dank seiner mit Tensiden, Feuchthaltemitteln und Enzymen angereicherten Formel wirkt es gr\u00fcndlich und entfernt selbst hartn\u00e4ckige Flecken bei niedrigen Temperaturen. Egal, ob Sie Baumwolle, Polyester oder synthetische Fasern waschen, dieses <strong>Waschmittel<\/strong> passt sich allen Textilarten an, ohne deren Qualit\u00e4t zu beeintr\u00e4chtigen. Es ist besonders wirksam bei organischen Flecken (Blut, Fette, Proteine&#8230;), da es aktive Enzymkomponenten enth\u00e4lt, die den Schmutz an der Quelle zersetzen.   <\/p>\n<p data-start=\"901\" data-end=\"1247\">Chlorstabile optische Aufheller verst\u00e4rken den Glanz wei\u00dfer W\u00e4sche auch nach mehreren W\u00e4schen und schonen dabei die Fasern. Dieses <strong>Fl\u00fcssigwaschmittel<\/strong> kann auch mit einem oxidativen Bleichmittel kombiniert werden, wodurch es sich ideal f\u00fcr anspruchsvolle Umgebungen wie Krankenh\u00e4user, Hotels, Restaurants oder W\u00e4schereien eignet. <\/p>\n<p data-start=\"1249\" data-end=\"1477\">Sie ist praktisch mit ihrer sparsamen <strong>5-Liter-Gr\u00f6\u00dfe<\/strong> und eignet sich auch f\u00fcr Privatpersonen, die zu Hause professionelle Qualit\u00e4t w\u00fcnschen. Seine fl\u00fcssige Textur l\u00e4sst sich leicht dosieren und l\u00f6st sich schnell auf, ohne R\u00fcckst\u00e4nde zu hinterlassen. <\/p>\n<p data-start=\"1479\" data-end=\"1580\">F\u00fcr eine saubere, strahlende und dauerhaft frische W\u00e4sche ist dieses <strong>Fl\u00fcssigwaschmittel<\/strong> ein Muss.<\/p>\n<p data-start=\"567\" data-end=\"584\">\n<\/div>\n<\/div>\n<\/div>\n<\/div>\n<\/div>\n<\/div>\n<\/div>\n<\/div>\n<\/div>\n<\/div>\n<p><!--more--><\/p>\n<h4 style=\"text-align: left;\"><strong>Seine Vorteile :<\/strong><\/h4>\n<ul>\n<li data-start=\"830\" data-end=\"918\">Konzentrierte Formel f\u00fcr eine verst\u00e4rkte Wirksamkeit.<\/li>\n<li data-start=\"919\" data-end=\"1013\">Fl\u00fcssigwaschmittel, das f\u00fcr alle Arten von Textilien geeignet ist.<\/li>\n<li data-start=\"1014\" data-end=\"1089\">Entfernt organische Flecken (Fett, Blut usw.).<\/li>\n<li data-start=\"1090\" data-end=\"1203\">Kompatibel mit oxidativen Bleichmitteln.<\/li>\n<li data-start=\"1204\" data-end=\"1303\" data-is-last-node=\"\" data-is-only-node=\"\">Optische Aufheller f\u00fcr ein strahlendes Wei\u00df<\/li>\n<li data-start=\"1204\" data-end=\"1303\" data-is-last-node=\"\" data-is-only-node=\"\">Sparsames Format 5L.<\/li>\n<\/ul>\n<p>&nbsp;<\/p>\n<p><!--more--><\/p>\n<h4>Weitere Informationen :<\/h4>\n<ul>\n<li><strong>Verpackung<\/strong>: Einzeln<\/li>\n<li><strong>Verwendung<\/strong>: Waschmittel<\/li>\n<li><strong>Volumen<\/strong>: 5 Liter<\/li>\n<\/ul>\n<div class=\"elementor elementor-2384 elementor-location-archive product\" data-elementor-type=\"product-archive\" data-elementor-id=\"2384\" data-elementor-post-type=\"elementor_library\">\n<div class=\"elementor-element elementor-element-c44cccd nt-archive-products e-flex e-con-boxed e-con e-parent e-lazyloaded\" data-id=\"c44cccd\" data-element_type=\"container\">\n<div class=\"e-con-inner\">\n<div class=\"elementor-element elementor-element-f35cc29 e-con-full e-flex e-con e-child\" data-id=\"f35cc29\" data-element_type=\"container\">\n<div class=\"elementor-element elementor-element-8781411 elementor-widget elementor-widget-woocommerce-archive-description\" data-id=\"8781411\" data-element_type=\"widget\" data-widget_type=\"woocommerce-archive-description.default\"><\/div>\n<\/div>\n<\/div>\n<\/div>\n<\/div>\n<p style=\"text-align: left;\"><!--more--><\/p>\n<p><a href=\"https:\/\/www.csj-emballages.com\/de\/categorie-produit\/hygiene-und-pflege\/pflegeprodukte\/wasche\/\">Sehen Sie sich den Rest unseres Sortiments an W\u00e4schepflegeprodukten an<\/a><\/p>\n","protected":false},"excerpt":{"rendered":"<p>Waschmittel Beschreibung des Fl\u00fcssigwaschmittels 5L<\/p>\n","protected":false},"featured_media":239101,"template":"","meta":{"_acf_changed":false},"product_brand":[],"product_cat":[1218,1219,1317],"product_tag":[],"class_list":{"0":"post-17240","1":"product","2":"type-product","3":"status-publish","4":"has-post-thumbnail","6":"product_cat-hygiene-und-pflege","7":"product_cat-pflegeprodukte","8":"product_cat-wasche","9":"product_shipping_class-verboten-in-staffeln","11":"first","12":"instock","13":"taxable","14":"shipping-taxable","15":"purchasable","16":"product-type-simple"},"acf":[],"yoast_head":"<!-- This site is optimized with the Yoast SEO Premium plugin v26.6 (Yoast SEO v26.6) - https:\/\/yoast.com\/wordpress\/plugins\/seo\/ -->\n<title>Fl\u00fcssiges Waschmittel 5L<\/title>\n<meta name=\"description\" content=\"Konzentriertes Fl\u00fcssigwaschmittel 5L f\u00fcr alle Textilien. Entfernt hartn\u00e4ckige Flecken, verst\u00e4rkt den Glanz von Wei\u00df und kann allein oder mit einem Bleichmittel verwendet werden.\" \/>\n<meta name=\"robots\" content=\"index, follow, max-snippet:-1, max-image-preview:large, max-video-preview:-1\" \/>\n<link rel=\"canonical\" href=\"https:\/\/www.csj-emballages.com\/de\/produit\/fluessiges-waschmittel-5l\/\" \/>\n<meta property=\"og:locale\" content=\"de_DE\" \/>\n<meta property=\"og:type\" content=\"article\" \/>\n<meta property=\"og:title\" content=\"Fl\u00fcssiges Waschmittel 5L\" \/>\n<meta property=\"og:description\" content=\"Konzentriertes Fl\u00fcssigwaschmittel 5L f\u00fcr alle Textilien. Entfernt hartn\u00e4ckige Flecken, verst\u00e4rkt den Glanz von Wei\u00df und kann allein oder mit einem Bleichmittel verwendet werden.\" \/>\n<meta property=\"og:url\" content=\"https:\/\/www.csj-emballages.com\/de\/produit\/fluessiges-waschmittel-5l\/\" \/>\n<meta property=\"og:site_name\" content=\"CSJ Emballages\" \/>\n<meta property=\"article:publisher\" content=\"https:\/\/www.facebook.com\/csjemballages\" \/>\n<meta property=\"article:modified_time\" content=\"2026-04-24T00:10:22+00:00\" \/>\n<meta property=\"og:image\" content=\"https:\/\/www.csj-emballages.com\/wp-content\/uploads\/2024\/03\/Lessive-liquide.webp\" \/>\n\t<meta property=\"og:image:width\" content=\"800\" \/>\n\t<meta property=\"og:image:height\" content=\"800\" \/>\n\t<meta property=\"og:image:type\" content=\"image\/webp\" \/>\n<meta name=\"twitter:card\" content=\"summary_large_image\" \/>\n<meta name=\"twitter:label1\" content=\"Gesch\u00e4tzte Lesezeit\" \/>\n\t<meta name=\"twitter:data1\" content=\"1\u00a0Minute\" \/>\n<script type=\"application\/ld+json\" class=\"yoast-schema-graph\">{\"@context\":\"https:\/\/schema.org\",\"@graph\":[{\"@type\":\"WebPage\",\"@id\":\"https:\/\/www.csj-emballages.com\/de\/produit\/fluessiges-waschmittel-5l\/\",\"url\":\"https:\/\/www.csj-emballages.com\/de\/produit\/fluessiges-waschmittel-5l\/\",\"name\":\"Fl\u00fcssiges Waschmittel 5L\",\"isPartOf\":{\"@id\":\"https:\/\/www.csj-emballages.com\/de\/#website\"},\"primaryImageOfPage\":{\"@id\":\"https:\/\/www.csj-emballages.com\/de\/produit\/fluessiges-waschmittel-5l\/#primaryimage\"},\"image\":{\"@id\":\"https:\/\/www.csj-emballages.com\/de\/produit\/fluessiges-waschmittel-5l\/#primaryimage\"},\"thumbnailUrl\":\"https:\/\/www.csj-emballages.com\/wp-content\/uploads\/2024\/03\/Lessive-liquide.webp\",\"datePublished\":\"2024-03-01T16:00:18+00:00\",\"dateModified\":\"2026-04-24T00:10:22+00:00\",\"description\":\"Konzentriertes Fl\u00fcssigwaschmittel 5L f\u00fcr alle Textilien. Entfernt hartn\u00e4ckige Flecken, verst\u00e4rkt den Glanz von Wei\u00df und kann allein oder mit einem Bleichmittel verwendet werden.\",\"breadcrumb\":{\"@id\":\"https:\/\/www.csj-emballages.com\/de\/produit\/fluessiges-waschmittel-5l\/#breadcrumb\"},\"inLanguage\":\"de\",\"potentialAction\":[{\"@type\":\"ReadAction\",\"target\":[\"https:\/\/www.csj-emballages.com\/de\/produit\/fluessiges-waschmittel-5l\/\"]}]},{\"@type\":\"ImageObject\",\"inLanguage\":\"de\",\"@id\":\"https:\/\/www.csj-emballages.com\/de\/produit\/fluessiges-waschmittel-5l\/#primaryimage\",\"url\":\"https:\/\/www.csj-emballages.com\/wp-content\/uploads\/2024\/03\/Lessive-liquide.webp\",\"contentUrl\":\"https:\/\/www.csj-emballages.com\/wp-content\/uploads\/2024\/03\/Lessive-liquide.webp\",\"width\":800,\"height\":800,\"caption\":\"Lessive\"},{\"@type\":\"BreadcrumbList\",\"@id\":\"https:\/\/www.csj-emballages.com\/de\/produit\/fluessiges-waschmittel-5l\/#breadcrumb\",\"itemListElement\":[{\"@type\":\"ListItem\",\"position\":1,\"name\":\"Accueil\",\"item\":\"https:\/\/www.csj-emballages.com\/de\/universum-lebensmittelverpackungen\/\"},{\"@type\":\"ListItem\",\"position\":2,\"name\":\"Shop\",\"item\":\"https:\/\/www.csj-emballages.com\/shop\/\"},{\"@type\":\"ListItem\",\"position\":3,\"name\":\"Fl\u00fcssiges Waschmittel 5L\"}]},{\"@type\":\"WebSite\",\"@id\":\"https:\/\/www.csj-emballages.com\/de\/#website\",\"url\":\"https:\/\/www.csj-emballages.com\/de\/\",\"name\":\"CSJ Emballages\",\"description\":\"\",\"publisher\":{\"@id\":\"https:\/\/www.csj-emballages.com\/de\/#organization\"},\"potentialAction\":[{\"@type\":\"SearchAction\",\"target\":{\"@type\":\"EntryPoint\",\"urlTemplate\":\"https:\/\/www.csj-emballages.com\/de\/?s={search_term_string}\"},\"query-input\":{\"@type\":\"PropertyValueSpecification\",\"valueRequired\":true,\"valueName\":\"search_term_string\"}}],\"inLanguage\":\"de\"},{\"@type\":\"Organization\",\"@id\":\"https:\/\/www.csj-emballages.com\/de\/#Organization\/\",\"name\":\"CSJ Emballages\",\"url\":\"https:\/\/www.csj-emballages.com\/de\/\",\"logo\":{\"@type\":\"ImageObject\",\"inLanguage\":\"de\",\"@id\":\"https:\/\/www.csj-emballages.com\/de\/#\/schema\/logo\/image\/\",\"url\":\"https:\/\/www.csj-emballages.com\/wp-content\/uploads\/2023\/10\/logo_csj.webp\",\"contentUrl\":\"https:\/\/www.csj-emballages.com\/wp-content\/uploads\/2023\/10\/logo_csj.webp\",\"width\":250,\"height\":95,\"caption\":\"CSJ Emballages\"},\"image\":{\"@id\":\"https:\/\/www.csj-emballages.com\/de\/#\/schema\/logo\/image\/\"},\"sameAs\":[\"https:\/\/www.facebook.com\/csjemballages\"],\"address\":{\"@type\":\"PostalAddress\",\"streetAddress\":\"ZI La Lechere\",\"addressLocality\":\"Patornay\",\"postalCode\":\"39130\",\"addressCountry\":\"FR\"},\"contactPoint\":[{\"@type\":\"ContactPoint\",\"contactType\":\"Service client\",\"telephone\":\"0384254272\",\"email\":\"contact@csj-emballages.com\"}]}]}<\/script>\n<!-- \/ Yoast SEO Premium plugin. -->","yoast_head_json":{"title":"Fl\u00fcssiges Waschmittel 5L","description":"Konzentriertes Fl\u00fcssigwaschmittel 5L f\u00fcr alle Textilien. Entfernt hartn\u00e4ckige Flecken, verst\u00e4rkt den Glanz von Wei\u00df und kann allein oder mit einem Bleichmittel verwendet werden.","robots":{"index":"index","follow":"follow","max-snippet":"max-snippet:-1","max-image-preview":"max-image-preview:large","max-video-preview":"max-video-preview:-1"},"canonical":"https:\/\/www.csj-emballages.com\/de\/produit\/fluessiges-waschmittel-5l\/","og_locale":"de_DE","og_type":"article","og_title":"Fl\u00fcssiges Waschmittel 5L","og_description":"Konzentriertes Fl\u00fcssigwaschmittel 5L f\u00fcr alle Textilien. Entfernt hartn\u00e4ckige Flecken, verst\u00e4rkt den Glanz von Wei\u00df und kann allein oder mit einem Bleichmittel verwendet werden.","og_url":"https:\/\/www.csj-emballages.com\/de\/produit\/fluessiges-waschmittel-5l\/","og_site_name":"CSJ Emballages","article_publisher":"https:\/\/www.facebook.com\/csjemballages","article_modified_time":"2026-04-24T00:10:22+00:00","og_image":[{"width":800,"height":800,"url":"https:\/\/www.csj-emballages.com\/wp-content\/uploads\/2024\/03\/Lessive-liquide.webp","type":"image\/webp"}],"twitter_card":"summary_large_image","twitter_misc":{"Gesch\u00e4tzte Lesezeit":"1\u00a0Minute"},"schema":{"@context":"https:\/\/schema.org","@graph":[{"@type":"WebPage","@id":"https:\/\/www.csj-emballages.com\/de\/produit\/fluessiges-waschmittel-5l\/","url":"https:\/\/www.csj-emballages.com\/de\/produit\/fluessiges-waschmittel-5l\/","name":"Fl\u00fcssiges Waschmittel 5L","isPartOf":{"@id":"https:\/\/www.csj-emballages.com\/de\/#website"},"primaryImageOfPage":{"@id":"https:\/\/www.csj-emballages.com\/de\/produit\/fluessiges-waschmittel-5l\/#primaryimage"},"image":{"@id":"https:\/\/www.csj-emballages.com\/de\/produit\/fluessiges-waschmittel-5l\/#primaryimage"},"thumbnailUrl":"https:\/\/www.csj-emballages.com\/wp-content\/uploads\/2024\/03\/Lessive-liquide.webp","datePublished":"2024-03-01T16:00:18+00:00","dateModified":"2026-04-24T00:10:22+00:00","description":"Konzentriertes Fl\u00fcssigwaschmittel 5L f\u00fcr alle Textilien. Entfernt hartn\u00e4ckige Flecken, verst\u00e4rkt den Glanz von Wei\u00df und kann allein oder mit einem Bleichmittel verwendet werden.","breadcrumb":{"@id":"https:\/\/www.csj-emballages.com\/de\/produit\/fluessiges-waschmittel-5l\/#breadcrumb"},"inLanguage":"de","potentialAction":[{"@type":"ReadAction","target":["https:\/\/www.csj-emballages.com\/de\/produit\/fluessiges-waschmittel-5l\/"]}]},{"@type":"ImageObject","inLanguage":"de","@id":"https:\/\/www.csj-emballages.com\/de\/produit\/fluessiges-waschmittel-5l\/#primaryimage","url":"https:\/\/www.csj-emballages.com\/wp-content\/uploads\/2024\/03\/Lessive-liquide.webp","contentUrl":"https:\/\/www.csj-emballages.com\/wp-content\/uploads\/2024\/03\/Lessive-liquide.webp","width":800,"height":800,"caption":"Lessive"},{"@type":"BreadcrumbList","@id":"https:\/\/www.csj-emballages.com\/de\/produit\/fluessiges-waschmittel-5l\/#breadcrumb","itemListElement":[{"@type":"ListItem","position":1,"name":"Accueil","item":"https:\/\/www.csj-emballages.com\/de\/universum-lebensmittelverpackungen\/"},{"@type":"ListItem","position":2,"name":"Shop","item":"https:\/\/www.csj-emballages.com\/shop\/"},{"@type":"ListItem","position":3,"name":"Fl\u00fcssiges Waschmittel 5L"}]},{"@type":"WebSite","@id":"https:\/\/www.csj-emballages.com\/de\/#website","url":"https:\/\/www.csj-emballages.com\/de\/","name":"CSJ Emballages","description":"","publisher":{"@id":"https:\/\/www.csj-emballages.com\/de\/#organization"},"potentialAction":[{"@type":"SearchAction","target":{"@type":"EntryPoint","urlTemplate":"https:\/\/www.csj-emballages.com\/de\/?s={search_term_string}"},"query-input":{"@type":"PropertyValueSpecification","valueRequired":true,"valueName":"search_term_string"}}],"inLanguage":"de"},{"@type":"Organization","@id":"https:\/\/www.csj-emballages.com\/de\/#Organization\/","name":"CSJ Emballages","url":"https:\/\/www.csj-emballages.com\/de\/","logo":{"@type":"ImageObject","inLanguage":"de","@id":"https:\/\/www.csj-emballages.com\/de\/#\/schema\/logo\/image\/","url":"https:\/\/www.csj-emballages.com\/wp-content\/uploads\/2023\/10\/logo_csj.webp","contentUrl":"https:\/\/www.csj-emballages.com\/wp-content\/uploads\/2023\/10\/logo_csj.webp","width":250,"height":95,"caption":"CSJ Emballages"},"image":{"@id":"https:\/\/www.csj-emballages.com\/de\/#\/schema\/logo\/image\/"},"sameAs":["https:\/\/www.facebook.com\/csjemballages"],"address":{"@type":"PostalAddress","streetAddress":"ZI La Lechere","addressLocality":"Patornay","postalCode":"39130","addressCountry":"FR"},"contactPoint":[{"@type":"ContactPoint","contactType":"Service client","telephone":"0384254272","email":"contact@csj-emballages.com"}]}]}},"df_price":17.18,"df_sale_price":"","df_regular_price":17.18,"df_image_link":"https:\/\/www.csj-emballages.com\/wp-content\/uploads\/2024\/03\/Lessive-liquide-300x300.webp","tiered_pricing_type":"fixed","tiered_pricing_fixed_rules":[],"tiered_pricing_percentage_rules":[],"tiered_pricing_minimum":1,"tiered_pricing_roles_data":[],"_links":{"self":[{"href":"https:\/\/www.csj-emballages.com\/de\/wp-json\/wp\/v2\/product\/17240","targetHints":{"allow":["GET"]}}],"collection":[{"href":"https:\/\/www.csj-emballages.com\/de\/wp-json\/wp\/v2\/product"}],"about":[{"href":"https:\/\/www.csj-emballages.com\/de\/wp-json\/wp\/v2\/types\/product"}],"wp:featuredmedia":[{"embeddable":true,"href":"https:\/\/www.csj-emballages.com\/de\/wp-json\/wp\/v2\/media\/239101"}],"wp:attachment":[{"href":"https:\/\/www.csj-emballages.com\/de\/wp-json\/wp\/v2\/media?parent=17240"}],"wp:term":[{"taxonomy":"product_brand","embeddable":true,"href":"https:\/\/www.csj-emballages.com\/de\/wp-json\/wp\/v2\/product_brand?post=17240"},{"taxonomy":"product_cat","embeddable":true,"href":"https:\/\/www.csj-emballages.com\/de\/wp-json\/wp\/v2\/product_cat?post=17240"},{"taxonomy":"product_tag","embeddable":true,"href":"https:\/\/www.csj-emballages.com\/de\/wp-json\/wp\/v2\/product_tag?post=17240"}],"curies":[{"name":"wp","href":"https:\/\/api.w.org\/{rel}","templated":true}]}}