{"id":17233,"date":"2024-03-01T17:00:18","date_gmt":"2024-03-01T16:00:18","guid":{"rendered":"https:\/\/u15jnbdpoq.preview.infomaniak.website\/produit\/4-rollen-toilettenpapier-aus-weisser-watte-3-lagig-200-formate\/"},"modified":"2026-05-01T02:10:17","modified_gmt":"2026-05-01T00:10:17","slug":"4-rollen-toilettenpapier-aus-weisser-watte-3-lagig-200-formate","status":"publish","type":"product","link":"https:\/\/www.csj-emballages.com\/de\/produit\/4-rollen-toilettenpapier-aus-weisser-watte-3-lagig-200-formate\/","title":{"rendered":"Toilettenpapierrolle, wei\u00df, 3-lagig, 200 Blatt, 4er-Pack"},"content":{"rendered":"<h2>Toilettenpapierrolle<\/h2>\n<hr>\n<h3>Beschreibung unserer 3-lagigen wei\u00dfen Zellstoff-Toilettenpapierrolle, 200 Blatt, 4er-Pack<\/h3>\n<p><!--more--><\/p>\n<div class=\"flex max-w-full flex-col flex-grow\">\n<div class=\"min-h-8 text-message flex w-full flex-col items-end gap-2 whitespace-normal break-words text-start [.text-message+&amp;]:mt-5\" dir=\"auto\" data-message-author-role=\"assistant\" data-message-id=\"266ca6f3-5e07-4948-bd20-80ac5e6da4a5\" data-message-model-slug=\"gpt-4o\">\n<div class=\"flex w-full flex-col gap-1 empty:hidden first:pt-[3px]\">\n<div class=\"markdown prose w-full break-words dark:prose-invert dark\">\n<p data-start=\"224\" data-end=\"601\">Diese <strong data-start=\"228\" data-end=\"283\">3-lagigen wei\u00dfen Zellstoff-Toilettenpapierrollen<\/strong> sind f\u00fcr echten Alltagskomfort ohne Qualit\u00e4tseinbu\u00dfen konzipiert. Dank ihrer dreilagigen St\u00e4rke bieten sie ein weiches und angenehmes Gef\u00fchl und bleiben dabei strapazierf\u00e4hig. Ein diskretes, aber unverzichtbares Produkt, auf das man sich Tag f\u00fcr Tag verlassen kann.  <\/p>\n<p data-start=\"603\" data-end=\"915\">Mit <strong data-start=\"608\" data-end=\"635\">200 Blatt pro Rolle<\/strong> h\u00e4lt jede <strong>Rolle<\/strong> l\u00e4nger. Dies reduziert die H\u00e4ufigkeit des Wechsels, was besonders in stark frequentierten Bereichen praktisch ist. Die <strong>Bl\u00e4tter<\/strong> lassen sich leicht abtrennen, ohne zu fr\u00fch zu rei\u00dfen, und gew\u00e4hrleisten eine saubere und effiziente Nutzung.  <\/p>\n<p data-start=\"917\" data-end=\"1315\">Der <strong data-start=\"920\" data-end=\"937\">wei\u00dfe Zellstoff<\/strong> vermittelt ein sauberes und gepflegtes Bild, perfekt geeignet f\u00fcr professionelle Sanit\u00e4rbereiche sowie den privaten Gebrauch. Ob in <strong>B\u00fcros, Restaurants, \u00f6ffentlichen Einrichtungen, Hotels oder \u00f6ffentlich zug\u00e4nglichen Bereichen<\/strong>, dieses <strong>Toilettenpapier<\/strong> f\u00fcgt sich nat\u00fcrlich in jede Umgebung ein. Es vereint Komfort f\u00fcr den Benutzer und Praktikabilit\u00e4t bei der Verbrauchsmaterialverwaltung.  <\/p>\n<p data-start=\"1317\" data-end=\"1538\">Verkauf <strong data-start=\"1323\" data-end=\"1348\">im 4er-Pack<\/strong>: Dieses Format ist ideal, um einen Vorrat aufzuf\u00fcllen oder eine kontinuierliche Versorgung zu gew\u00e4hrleisten, ohne Lagerfl\u00e4chen zu \u00fcberladen. Es bietet ein gutes Gleichgewicht zwischen Autonomie und einfacher Lagerung. <\/p>\n<p data-start=\"1540\" data-end=\"1727\">Zusammenfassend ist dieses <strong>3-lagige wei\u00dfe Zellstoff-Toilettenpapier<\/strong> eine zuverl\u00e4ssige und komfortable Wahl. Es erf\u00fcllt die t\u00e4glichen Bed\u00fcrfnisse mit Einfachheit, Effizienz und einem echten Qualit\u00e4tsgef\u00fchl. <\/p>\n<h3><\/h3>\n<\/div>\n<\/div>\n<\/div>\n<\/div>\n<p><!--more--><\/p>\n<h4>Vorteile :<\/h4>\n<ul>\n<li data-start=\"1755\" data-end=\"1790\"><strong>Toilettenpapier<\/strong> aus wei\u00dfem Zellstoff.<\/li>\n<li data-start=\"1793\" data-end=\"1829\">Verst\u00e4rkter Komfort dank der <strong>3 Lagen<\/strong>.<\/li>\n<li data-start=\"1832\" data-end=\"1858\"><strong>200 Blatt<\/strong> pro Rolle.<\/li>\n<li data-start=\"1861\" data-end=\"1890\">Gute Strapazierf\u00e4higkeit.<\/li>\n<li data-start=\"1893\" data-end=\"1944\">Geeignet f\u00fcr professionelle und private Sanit\u00e4rbereiche.<\/li>\n<li data-start=\"1947\" data-end=\"1974\">Praktischer <strong>4er-Pack<\/strong>.<\/li>\n<\/ul>\n<p>&nbsp;<\/p>\n<p><!--more--><\/p>\n<h4>Weitere Informationen :<\/h4>\n<ul>\n<li><strong>Verpackung<\/strong>: Packung mit 4 St\u00fcck<\/li>\n<li><strong>Material<\/strong>: Reine Zellulose<\/li>\n<li><strong>Anzahl der Lagen<\/strong>: 3<\/li>\n<li><strong>Anzahl der Blatt<\/strong>: 200<\/li>\n<li><strong>Typ<\/strong>: Gepr\u00e4gt<\/li>\n<li><strong>Farbe<\/strong>: Wei\u00df<\/li>\n<\/ul>\n<p>&nbsp;<\/p>\n<p><!--more--><\/p>\n<p><a href=\"\/?product_cat=papier-hygieneniques\">Entdecken Sie den Rest unseres Toilettenpapier-Sortiments<\/a><\/p>\n","protected":false},"excerpt":{"rendered":"<p>Toilettenpapierrolle Beschreibung unserer 3-lagigen wei\u00dfen Zellstoff-Toilettenpapierrolle, 200 Blatt, 4er-Pack<\/p>\n","protected":false},"featured_media":263206,"template":"","meta":{"_acf_changed":false},"product_brand":[],"product_cat":[1218,1377,1380],"product_tag":[],"class_list":{"0":"post-17233","1":"product","2":"type-product","3":"status-publish","4":"has-post-thumbnail","6":"product_cat-hygiene-und-pflege","7":"product_cat-wischtucher","8":"product_cat-toilettenpapier","10":"first","11":"instock","12":"taxable","13":"shipping-taxable","14":"purchasable","15":"product-type-simple"},"acf":[],"yoast_head":"<!-- This site is optimized with the Yoast SEO Premium plugin v26.6 (Yoast SEO v26.6) - https:\/\/yoast.com\/wordpress\/plugins\/seo\/ -->\n<title>Toilettenpapierrolle, Wei\u00df, 3-lagig, 200 Blatt, 4er-Pack<\/title>\n<meta name=\"description\" content=\"3-lagiges wei\u00dfes Zellstoff-Toilettenpapier, 200 Blatt pro Rolle. Im 4er-Pack erh\u00e4ltlich, komfortabel, strapazierf\u00e4hig und ideal f\u00fcr den professionellen und t\u00e4glichen Gebrauch.\" \/>\n<meta name=\"robots\" content=\"index, follow, max-snippet:-1, max-image-preview:large, max-video-preview:-1\" \/>\n<link rel=\"canonical\" href=\"https:\/\/www.csj-emballages.com\/de\/produit\/4-rollen-toilettenpapier-aus-weisser-watte-3-lagig-200-formate\/\" \/>\n<meta property=\"og:locale\" content=\"de_DE\" \/>\n<meta property=\"og:type\" content=\"article\" \/>\n<meta property=\"og:title\" content=\"Toilettenpapierrolle, wei\u00df, 3-lagig, 200 Blatt, 4er-Pack\" \/>\n<meta property=\"og:description\" content=\"3-lagiges wei\u00dfes Zellstoff-Toilettenpapier, 200 Blatt pro Rolle. Im 4er-Pack erh\u00e4ltlich, komfortabel, strapazierf\u00e4hig und ideal f\u00fcr den professionellen und t\u00e4glichen Gebrauch.\" \/>\n<meta property=\"og:url\" content=\"https:\/\/www.csj-emballages.com\/de\/produit\/4-rollen-toilettenpapier-aus-weisser-watte-3-lagig-200-formate\/\" \/>\n<meta property=\"og:site_name\" content=\"CSJ Emballages\" \/>\n<meta property=\"article:publisher\" content=\"https:\/\/www.facebook.com\/csjemballages\" \/>\n<meta property=\"article:modified_time\" content=\"2026-05-01T00:10:17+00:00\" \/>\n<meta property=\"og:image\" content=\"https:\/\/www.csj-emballages.com\/wp-content\/uploads\/2024\/03\/01H3P.webp\" \/>\n\t<meta property=\"og:image:width\" content=\"800\" \/>\n\t<meta property=\"og:image:height\" content=\"800\" \/>\n\t<meta property=\"og:image:type\" content=\"image\/webp\" \/>\n<meta name=\"twitter:card\" content=\"summary_large_image\" \/>\n<meta name=\"twitter:label1\" content=\"Gesch\u00e4tzte Lesezeit\" \/>\n\t<meta name=\"twitter:data1\" content=\"1\u00a0Minute\" \/>\n<script type=\"application\/ld+json\" class=\"yoast-schema-graph\">{\"@context\":\"https:\/\/schema.org\",\"@graph\":[{\"@type\":\"WebPage\",\"@id\":\"https:\/\/www.csj-emballages.com\/de\/produit\/4-rollen-toilettenpapier-aus-weisser-watte-3-lagig-200-formate\/\",\"url\":\"https:\/\/www.csj-emballages.com\/de\/produit\/4-rollen-toilettenpapier-aus-weisser-watte-3-lagig-200-formate\/\",\"name\":\"Toilettenpapierrolle, Wei\u00df, 3-lagig, 200 Blatt, 4er-Pack\",\"isPartOf\":{\"@id\":\"https:\/\/www.csj-emballages.com\/de\/#website\"},\"primaryImageOfPage\":{\"@id\":\"https:\/\/www.csj-emballages.com\/de\/produit\/4-rollen-toilettenpapier-aus-weisser-watte-3-lagig-200-formate\/#primaryimage\"},\"image\":{\"@id\":\"https:\/\/www.csj-emballages.com\/de\/produit\/4-rollen-toilettenpapier-aus-weisser-watte-3-lagig-200-formate\/#primaryimage\"},\"thumbnailUrl\":\"https:\/\/www.csj-emballages.com\/wp-content\/uploads\/2024\/03\/01H3P.webp\",\"datePublished\":\"2024-03-01T16:00:18+00:00\",\"dateModified\":\"2026-05-01T00:10:17+00:00\",\"description\":\"3-lagiges wei\u00dfes Zellstoff-Toilettenpapier, 200 Blatt pro Rolle. Im 4er-Pack erh\u00e4ltlich, komfortabel, strapazierf\u00e4hig und ideal f\u00fcr den professionellen und t\u00e4glichen Gebrauch.\",\"breadcrumb\":{\"@id\":\"https:\/\/www.csj-emballages.com\/de\/produit\/4-rollen-toilettenpapier-aus-weisser-watte-3-lagig-200-formate\/#breadcrumb\"},\"inLanguage\":\"de\",\"potentialAction\":[{\"@type\":\"ReadAction\",\"target\":[\"https:\/\/www.csj-emballages.com\/de\/produit\/4-rollen-toilettenpapier-aus-weisser-watte-3-lagig-200-formate\/\"]}]},{\"@type\":\"ImageObject\",\"inLanguage\":\"de\",\"@id\":\"https:\/\/www.csj-emballages.com\/de\/produit\/4-rollen-toilettenpapier-aus-weisser-watte-3-lagig-200-formate\/#primaryimage\",\"url\":\"https:\/\/www.csj-emballages.com\/wp-content\/uploads\/2024\/03\/01H3P.webp\",\"contentUrl\":\"https:\/\/www.csj-emballages.com\/wp-content\/uploads\/2024\/03\/01H3P.webp\",\"width\":800,\"height\":800,\"caption\":\"Rouleau papier toilette\"},{\"@type\":\"BreadcrumbList\",\"@id\":\"https:\/\/www.csj-emballages.com\/de\/produit\/4-rollen-toilettenpapier-aus-weisser-watte-3-lagig-200-formate\/#breadcrumb\",\"itemListElement\":[{\"@type\":\"ListItem\",\"position\":1,\"name\":\"Accueil\",\"item\":\"https:\/\/www.csj-emballages.com\/de\/universum-lebensmittelverpackungen\/\"},{\"@type\":\"ListItem\",\"position\":2,\"name\":\"Shop\",\"item\":\"https:\/\/www.csj-emballages.com\/shop\/\"},{\"@type\":\"ListItem\",\"position\":3,\"name\":\"Toilettenpapierrolle, wei\u00df, 3-lagig, 200 Blatt, 4er-Pack\"}]},{\"@type\":\"WebSite\",\"@id\":\"https:\/\/www.csj-emballages.com\/de\/#website\",\"url\":\"https:\/\/www.csj-emballages.com\/de\/\",\"name\":\"CSJ Emballages\",\"description\":\"\",\"publisher\":{\"@id\":\"https:\/\/www.csj-emballages.com\/de\/#organization\"},\"potentialAction\":[{\"@type\":\"SearchAction\",\"target\":{\"@type\":\"EntryPoint\",\"urlTemplate\":\"https:\/\/www.csj-emballages.com\/de\/?s={search_term_string}\"},\"query-input\":{\"@type\":\"PropertyValueSpecification\",\"valueRequired\":true,\"valueName\":\"search_term_string\"}}],\"inLanguage\":\"de\"},{\"@type\":\"Organization\",\"@id\":\"https:\/\/www.csj-emballages.com\/de\/#Organization\/\",\"name\":\"CSJ Emballages\",\"url\":\"https:\/\/www.csj-emballages.com\/de\/\",\"logo\":{\"@type\":\"ImageObject\",\"inLanguage\":\"de\",\"@id\":\"https:\/\/www.csj-emballages.com\/de\/#\/schema\/logo\/image\/\",\"url\":\"https:\/\/www.csj-emballages.com\/wp-content\/uploads\/2023\/10\/logo_csj.webp\",\"contentUrl\":\"https:\/\/www.csj-emballages.com\/wp-content\/uploads\/2023\/10\/logo_csj.webp\",\"width\":250,\"height\":95,\"caption\":\"CSJ Emballages\"},\"image\":{\"@id\":\"https:\/\/www.csj-emballages.com\/de\/#\/schema\/logo\/image\/\"},\"sameAs\":[\"https:\/\/www.facebook.com\/csjemballages\"],\"address\":{\"@type\":\"PostalAddress\",\"streetAddress\":\"ZI La Lechere\",\"addressLocality\":\"Patornay\",\"postalCode\":\"39130\",\"addressCountry\":\"FR\"},\"contactPoint\":[{\"@type\":\"ContactPoint\",\"contactType\":\"Service client\",\"telephone\":\"0384254272\",\"email\":\"contact@csj-emballages.com\"}]}]}<\/script>\n<!-- \/ Yoast SEO Premium plugin. -->","yoast_head_json":{"title":"Toilettenpapierrolle, Wei\u00df, 3-lagig, 200 Blatt, 4er-Pack","description":"3-lagiges wei\u00dfes Zellstoff-Toilettenpapier, 200 Blatt pro Rolle. Im 4er-Pack erh\u00e4ltlich, komfortabel, strapazierf\u00e4hig und ideal f\u00fcr den professionellen und t\u00e4glichen Gebrauch.","robots":{"index":"index","follow":"follow","max-snippet":"max-snippet:-1","max-image-preview":"max-image-preview:large","max-video-preview":"max-video-preview:-1"},"canonical":"https:\/\/www.csj-emballages.com\/de\/produit\/4-rollen-toilettenpapier-aus-weisser-watte-3-lagig-200-formate\/","og_locale":"de_DE","og_type":"article","og_title":"Toilettenpapierrolle, wei\u00df, 3-lagig, 200 Blatt, 4er-Pack","og_description":"3-lagiges wei\u00dfes Zellstoff-Toilettenpapier, 200 Blatt pro Rolle. Im 4er-Pack erh\u00e4ltlich, komfortabel, strapazierf\u00e4hig und ideal f\u00fcr den professionellen und t\u00e4glichen Gebrauch.","og_url":"https:\/\/www.csj-emballages.com\/de\/produit\/4-rollen-toilettenpapier-aus-weisser-watte-3-lagig-200-formate\/","og_site_name":"CSJ Emballages","article_publisher":"https:\/\/www.facebook.com\/csjemballages","article_modified_time":"2026-05-01T00:10:17+00:00","og_image":[{"width":800,"height":800,"url":"https:\/\/www.csj-emballages.com\/wp-content\/uploads\/2024\/03\/01H3P.webp","type":"image\/webp"}],"twitter_card":"summary_large_image","twitter_misc":{"Gesch\u00e4tzte Lesezeit":"1\u00a0Minute"},"schema":{"@context":"https:\/\/schema.org","@graph":[{"@type":"WebPage","@id":"https:\/\/www.csj-emballages.com\/de\/produit\/4-rollen-toilettenpapier-aus-weisser-watte-3-lagig-200-formate\/","url":"https:\/\/www.csj-emballages.com\/de\/produit\/4-rollen-toilettenpapier-aus-weisser-watte-3-lagig-200-formate\/","name":"Toilettenpapierrolle, Wei\u00df, 3-lagig, 200 Blatt, 4er-Pack","isPartOf":{"@id":"https:\/\/www.csj-emballages.com\/de\/#website"},"primaryImageOfPage":{"@id":"https:\/\/www.csj-emballages.com\/de\/produit\/4-rollen-toilettenpapier-aus-weisser-watte-3-lagig-200-formate\/#primaryimage"},"image":{"@id":"https:\/\/www.csj-emballages.com\/de\/produit\/4-rollen-toilettenpapier-aus-weisser-watte-3-lagig-200-formate\/#primaryimage"},"thumbnailUrl":"https:\/\/www.csj-emballages.com\/wp-content\/uploads\/2024\/03\/01H3P.webp","datePublished":"2024-03-01T16:00:18+00:00","dateModified":"2026-05-01T00:10:17+00:00","description":"3-lagiges wei\u00dfes Zellstoff-Toilettenpapier, 200 Blatt pro Rolle. Im 4er-Pack erh\u00e4ltlich, komfortabel, strapazierf\u00e4hig und ideal f\u00fcr den professionellen und t\u00e4glichen Gebrauch.","breadcrumb":{"@id":"https:\/\/www.csj-emballages.com\/de\/produit\/4-rollen-toilettenpapier-aus-weisser-watte-3-lagig-200-formate\/#breadcrumb"},"inLanguage":"de","potentialAction":[{"@type":"ReadAction","target":["https:\/\/www.csj-emballages.com\/de\/produit\/4-rollen-toilettenpapier-aus-weisser-watte-3-lagig-200-formate\/"]}]},{"@type":"ImageObject","inLanguage":"de","@id":"https:\/\/www.csj-emballages.com\/de\/produit\/4-rollen-toilettenpapier-aus-weisser-watte-3-lagig-200-formate\/#primaryimage","url":"https:\/\/www.csj-emballages.com\/wp-content\/uploads\/2024\/03\/01H3P.webp","contentUrl":"https:\/\/www.csj-emballages.com\/wp-content\/uploads\/2024\/03\/01H3P.webp","width":800,"height":800,"caption":"Rouleau papier toilette"},{"@type":"BreadcrumbList","@id":"https:\/\/www.csj-emballages.com\/de\/produit\/4-rollen-toilettenpapier-aus-weisser-watte-3-lagig-200-formate\/#breadcrumb","itemListElement":[{"@type":"ListItem","position":1,"name":"Accueil","item":"https:\/\/www.csj-emballages.com\/de\/universum-lebensmittelverpackungen\/"},{"@type":"ListItem","position":2,"name":"Shop","item":"https:\/\/www.csj-emballages.com\/shop\/"},{"@type":"ListItem","position":3,"name":"Toilettenpapierrolle, wei\u00df, 3-lagig, 200 Blatt, 4er-Pack"}]},{"@type":"WebSite","@id":"https:\/\/www.csj-emballages.com\/de\/#website","url":"https:\/\/www.csj-emballages.com\/de\/","name":"CSJ Emballages","description":"","publisher":{"@id":"https:\/\/www.csj-emballages.com\/de\/#organization"},"potentialAction":[{"@type":"SearchAction","target":{"@type":"EntryPoint","urlTemplate":"https:\/\/www.csj-emballages.com\/de\/?s={search_term_string}"},"query-input":{"@type":"PropertyValueSpecification","valueRequired":true,"valueName":"search_term_string"}}],"inLanguage":"de"},{"@type":"Organization","@id":"https:\/\/www.csj-emballages.com\/de\/#Organization\/","name":"CSJ Emballages","url":"https:\/\/www.csj-emballages.com\/de\/","logo":{"@type":"ImageObject","inLanguage":"de","@id":"https:\/\/www.csj-emballages.com\/de\/#\/schema\/logo\/image\/","url":"https:\/\/www.csj-emballages.com\/wp-content\/uploads\/2023\/10\/logo_csj.webp","contentUrl":"https:\/\/www.csj-emballages.com\/wp-content\/uploads\/2023\/10\/logo_csj.webp","width":250,"height":95,"caption":"CSJ Emballages"},"image":{"@id":"https:\/\/www.csj-emballages.com\/de\/#\/schema\/logo\/image\/"},"sameAs":["https:\/\/www.facebook.com\/csjemballages"],"address":{"@type":"PostalAddress","streetAddress":"ZI La Lechere","addressLocality":"Patornay","postalCode":"39130","addressCountry":"FR"},"contactPoint":[{"@type":"ContactPoint","contactType":"Service client","telephone":"0384254272","email":"contact@csj-emballages.com"}]}]}},"df_price":2.42,"df_sale_price":"","df_regular_price":2.42,"df_image_link":"https:\/\/www.csj-emballages.com\/wp-content\/uploads\/2024\/03\/01H3P-300x300.webp","tiered_pricing_type":"fixed","tiered_pricing_fixed_rules":[],"tiered_pricing_percentage_rules":[],"tiered_pricing_minimum":1,"tiered_pricing_roles_data":[],"_links":{"self":[{"href":"https:\/\/www.csj-emballages.com\/de\/wp-json\/wp\/v2\/product\/17233","targetHints":{"allow":["GET"]}}],"collection":[{"href":"https:\/\/www.csj-emballages.com\/de\/wp-json\/wp\/v2\/product"}],"about":[{"href":"https:\/\/www.csj-emballages.com\/de\/wp-json\/wp\/v2\/types\/product"}],"wp:featuredmedia":[{"embeddable":true,"href":"https:\/\/www.csj-emballages.com\/de\/wp-json\/wp\/v2\/media\/263206"}],"wp:attachment":[{"href":"https:\/\/www.csj-emballages.com\/de\/wp-json\/wp\/v2\/media?parent=17233"}],"wp:term":[{"taxonomy":"product_brand","embeddable":true,"href":"https:\/\/www.csj-emballages.com\/de\/wp-json\/wp\/v2\/product_brand?post=17233"},{"taxonomy":"product_cat","embeddable":true,"href":"https:\/\/www.csj-emballages.com\/de\/wp-json\/wp\/v2\/product_cat?post=17233"},{"taxonomy":"product_tag","embeddable":true,"href":"https:\/\/www.csj-emballages.com\/de\/wp-json\/wp\/v2\/product_tag?post=17233"}],"curies":[{"name":"wp","href":"https:\/\/api.w.org\/{rel}","templated":true}]}}