{"id":17230,"date":"2024-03-01T17:00:17","date_gmt":"2024-03-01T16:00:17","guid":{"rendered":"https:\/\/u15jnbdpoq.preview.infomaniak.website\/produit\/geschirrspuelmittel-abwasch-1-5-l\/"},"modified":"2026-04-29T02:10:31","modified_gmt":"2026-04-29T00:10:31","slug":"geschirrspuelmittel-abwasch-1-5-l","status":"publish","type":"product","link":"https:\/\/www.csj-emballages.com\/de\/produit\/geschirrspuelmittel-abwasch-1-5-l\/","title":{"rendered":"Geschirrsp\u00fclmittel Abwasch 1.5 L"},"content":{"rendered":"<div style=\"color: #000000;\">\n<div style=\"color: #000000;\">\n<div style=\"color: #000000;\">\n<div style=\"color: #000000;\">\n<div style=\"color: #000000;\">\n<div style=\"color: #000000;\">\n<h2 class=\"ai-optimize-26\">Geschirrsp\u00fclmittel<\/h2>\n<hr>\n<h3 class=\"ai-optimize-27\">Beschreibung unseres Geschirrsp\u00fclmittels Abwasch 1,5 L<\/h3>\n<p><!--more--><\/p>\n<p class=\"ai-optimize-28 ai-optimize-introduction\">Entdecken Sie das Geschirrsp\u00fclmittel in 1,5L, Ihr unentbehrlicher Verb\u00fcndeter f\u00fcr ein makelloses Geschirr in k\u00fcrzester Zeit.<\/p>\n<div class=\"column mcb-column one\">\n<p class=\"ai-optimize-29\">Fl\u00fcssiges Reinigungsmittel f\u00fcr die Handw\u00e4sche von T\u00f6pfen, Pfannen, Geschirr, Glaswaren und allen Arten von abwaschbaren Utensilien. Es hat einen angenehmen Duft und starke r\u00fcckfettende Eigenschaften f\u00fcr die Haut. <\/p>\n<\/div>\n<p class=\"ai-optimize-30\">Dank seiner verst\u00e4rkten Fettl\u00f6sekraft l\u00f6st das Geschirrsp\u00fclmittel Plonge schnell festsitzende Speisereste. Sein frischer und angenehmer Duft hinterl\u00e4sst ein unvergleichlich sauberes Gef\u00fchl auf Ihren K\u00fcchenutensilien. Die sparsame Gr\u00f6\u00dfe von 1,5L garantiert eine lange Lebensdauer ohne Qualit\u00e4tsverlust.  <\/p>\n<p class=\"ai-optimize-31\">Die praktische und ergonomische Flasche ist so konzipiert, dass sie leicht in die Hand genommen werden kann und eine pr\u00e4zise Dosierung erm\u00f6glicht. Er ist ideal f\u00fcr gro\u00dfe Familien oder passionierte Hobbyk\u00f6che und erleichtert den Alltag, indem er perfekte Ergebnisse garantiert. <\/p>\n<p class=\"ai-optimize-32\">Nehmen Sie das Geschirrsp\u00fclmittel in 1,5L f\u00fcr ein makelloses Geschirr und unbeschwerte Momente der Geselligkeit. Die Formel ist umweltfreundlich, biologisch abbaubar und phosphatfrei, so dass unser Planet gesch\u00fctzt wird. <\/p>\n<p>&nbsp;<\/p>\n<p><!--more--><\/p>\n<h4 class=\"ai-optimize-33\">Ihre Vorteile :<\/h4>\n<ul>\n<li class=\"ai-optimize-34\">Materialschonend: Geeignet f\u00fcr alle Arten von Geschirr, auch f\u00fcr empfindliches Geschirr, ohne es zu besch\u00e4digen.<\/li>\n<li class=\"ai-optimize-35\">Frischer Duft: Hinterl\u00e4sst einen angenehmen Geruch und ein sauberes Gef\u00fchl auf Ihren Tellern und Gl\u00e4sern.<\/li>\n<li>Gro\u00dfes Format: Das 1,5-Liter-Format bietet eine lange Nutzungsdauer und ist ideal f\u00fcr gro\u00dfe Familien.<!--more--><\/li>\n<\/ul>\n<h4 class=\"ai-optimize-36\">Gebrauchsanweisung :<\/h4>\n<ul>\n<li class=\"ai-optimize-37\">Verd\u00fcnnen Sie das Produkt in lauwarmem Wasser im Verh\u00e4ltnis von 4-9 ml pro 5 Liter Wasser.<\/li>\n<li class=\"ai-optimize-38\">Waschen und sp\u00fclen Sie mit klarem Wasser.<\/li>\n<li class=\"ai-optimize-39\">Reduzieren Sie die Dosis in S\u00fc\u00dfwasser.<\/li>\n<\/ul>\n<p><!--more--><\/p>\n<h4 class=\"ai-optimize-40\">Weitere Informationen :<\/h4>\n<\/div>\n<ul>\n<li class=\"ai-optimize-41\"><strong>Verpackung<\/strong>: Einzeln<\/li>\n<li class=\"ai-optimize-45\"><strong>Verwendung<\/strong>: Geschirrsp\u00fclen<\/li>\n<li class=\"ai-optimize-44\"><strong>Volumen<\/strong>: 1,5 Liter<\/li>\n<\/ul>\n<p>&nbsp;<\/p>\n<\/div>\n<\/div>\n<\/div>\n<\/div>\n<\/div>\n<p><!--more--><\/p>\n<p class=\"ai-optimize-42\">Finden Sie auch unser Geschirrsp\u00fclmittel Handabwasch 5 Liter : <span style=\"color: #d12727;\"><a style=\"color: #d12727;\" href=\"https:\/\/www.csj-emballages.com\/de\/produit\/geschirrspuelmittel-handabwasch-5-liter\/\">00585<\/a><\/span><\/p>\n<p>&nbsp;<\/p>\n<p><!--more--><\/p>\n<p class=\"ai-optimize-43\"><a href=\"\/?product_cat=vaiselle-manuelle\">Sehen Sie sich den Rest unseres Sortiments an Handgeschirrsp\u00fclmitteln an.<\/a><\/p>\n","protected":false},"excerpt":{"rendered":"<p>Geschirrsp\u00fclmittel Beschreibung unseres Geschirrsp\u00fclmittels Abwasch 1,5 L<\/p>\n","protected":false},"featured_media":235508,"template":"","meta":{"_acf_changed":false},"product_brand":[],"product_cat":[1218,1219,1220,1221],"product_tag":[],"class_list":{"0":"post-17230","1":"product","2":"type-product","3":"status-publish","4":"has-post-thumbnail","6":"product_cat-hygiene-und-pflege","7":"product_cat-pflegeprodukte","8":"product_cat-geschirrpflege","9":"product_cat-manuelle-waage","11":"first","12":"instock","13":"taxable","14":"shipping-taxable","15":"purchasable","16":"product-type-simple"},"acf":[],"yoast_head":"<!-- This site is optimized with the Yoast SEO Premium plugin v26.6 (Yoast SEO v26.6) - https:\/\/yoast.com\/wordpress\/plugins\/seo\/ -->\n<title>Geschirrsp\u00fclmittel in 1,5L<\/title>\n<meta name=\"description\" content=\"Entdecken Sie unser Geschirrsp\u00fclmittel in 1,5L: ultrakonzentriert und umweltfreundlich, f\u00fcr ein makelloses, schnelles und sparsames Geschirr!\" \/>\n<meta name=\"robots\" content=\"index, follow, max-snippet:-1, max-image-preview:large, max-video-preview:-1\" \/>\n<link rel=\"canonical\" href=\"https:\/\/www.csj-emballages.com\/de\/produit\/geschirrspuelmittel-abwasch-1-5-l\/\" \/>\n<meta property=\"og:locale\" content=\"de_DE\" \/>\n<meta property=\"og:type\" content=\"article\" \/>\n<meta property=\"og:title\" content=\"Geschirrsp\u00fclmittel Abwasch 1.5 L\" \/>\n<meta property=\"og:description\" content=\"Entdecken Sie unser Geschirrsp\u00fclmittel in 1,5L: ultrakonzentriert und umweltfreundlich, f\u00fcr ein makelloses, schnelles und sparsames Geschirr!\" \/>\n<meta property=\"og:url\" content=\"https:\/\/www.csj-emballages.com\/de\/produit\/geschirrspuelmittel-abwasch-1-5-l\/\" \/>\n<meta property=\"og:site_name\" content=\"CSJ Emballages\" \/>\n<meta property=\"article:publisher\" content=\"https:\/\/www.facebook.com\/csjemballages\" \/>\n<meta property=\"article:modified_time\" content=\"2026-04-29T00:10:31+00:00\" \/>\n<meta property=\"og:image\" content=\"https:\/\/www.csj-emballages.com\/wp-content\/uploads\/2024\/03\/03101.webp\" \/>\n\t<meta property=\"og:image:width\" content=\"800\" \/>\n\t<meta property=\"og:image:height\" content=\"800\" \/>\n\t<meta property=\"og:image:type\" content=\"image\/webp\" \/>\n<meta name=\"twitter:card\" content=\"summary_large_image\" \/>\n<meta name=\"twitter:label1\" content=\"Gesch\u00e4tzte Lesezeit\" \/>\n\t<meta name=\"twitter:data1\" content=\"1\u00a0Minute\" \/>\n<script type=\"application\/ld+json\" class=\"yoast-schema-graph\">{\"@context\":\"https:\/\/schema.org\",\"@graph\":[{\"@type\":\"WebPage\",\"@id\":\"https:\/\/www.csj-emballages.com\/de\/produit\/geschirrspuelmittel-abwasch-1-5-l\/\",\"url\":\"https:\/\/www.csj-emballages.com\/de\/produit\/geschirrspuelmittel-abwasch-1-5-l\/\",\"name\":\"Geschirrsp\u00fclmittel in 1,5L\",\"isPartOf\":{\"@id\":\"https:\/\/www.csj-emballages.com\/de\/#website\"},\"primaryImageOfPage\":{\"@id\":\"https:\/\/www.csj-emballages.com\/de\/produit\/geschirrspuelmittel-abwasch-1-5-l\/#primaryimage\"},\"image\":{\"@id\":\"https:\/\/www.csj-emballages.com\/de\/produit\/geschirrspuelmittel-abwasch-1-5-l\/#primaryimage\"},\"thumbnailUrl\":\"https:\/\/www.csj-emballages.com\/wp-content\/uploads\/2024\/03\/03101.webp\",\"datePublished\":\"2024-03-01T16:00:17+00:00\",\"dateModified\":\"2026-04-29T00:10:31+00:00\",\"description\":\"Entdecken Sie unser Geschirrsp\u00fclmittel in 1,5L: ultrakonzentriert und umweltfreundlich, f\u00fcr ein makelloses, schnelles und sparsames Geschirr!\",\"breadcrumb\":{\"@id\":\"https:\/\/www.csj-emballages.com\/de\/produit\/geschirrspuelmittel-abwasch-1-5-l\/#breadcrumb\"},\"inLanguage\":\"de\",\"potentialAction\":[{\"@type\":\"ReadAction\",\"target\":[\"https:\/\/www.csj-emballages.com\/de\/produit\/geschirrspuelmittel-abwasch-1-5-l\/\"]}]},{\"@type\":\"ImageObject\",\"inLanguage\":\"de\",\"@id\":\"https:\/\/www.csj-emballages.com\/de\/produit\/geschirrspuelmittel-abwasch-1-5-l\/#primaryimage\",\"url\":\"https:\/\/www.csj-emballages.com\/wp-content\/uploads\/2024\/03\/03101.webp\",\"contentUrl\":\"https:\/\/www.csj-emballages.com\/wp-content\/uploads\/2024\/03\/03101.webp\",\"width\":800,\"height\":800,\"caption\":\"Produit vaisselle\"},{\"@type\":\"BreadcrumbList\",\"@id\":\"https:\/\/www.csj-emballages.com\/de\/produit\/geschirrspuelmittel-abwasch-1-5-l\/#breadcrumb\",\"itemListElement\":[{\"@type\":\"ListItem\",\"position\":1,\"name\":\"Accueil\",\"item\":\"https:\/\/www.csj-emballages.com\/de\/universum-lebensmittelverpackungen\/\"},{\"@type\":\"ListItem\",\"position\":2,\"name\":\"Shop\",\"item\":\"https:\/\/www.csj-emballages.com\/shop\/\"},{\"@type\":\"ListItem\",\"position\":3,\"name\":\"Geschirrsp\u00fclmittel Abwasch 1.5 L\"}]},{\"@type\":\"WebSite\",\"@id\":\"https:\/\/www.csj-emballages.com\/de\/#website\",\"url\":\"https:\/\/www.csj-emballages.com\/de\/\",\"name\":\"CSJ Emballages\",\"description\":\"\",\"publisher\":{\"@id\":\"https:\/\/www.csj-emballages.com\/de\/#organization\"},\"potentialAction\":[{\"@type\":\"SearchAction\",\"target\":{\"@type\":\"EntryPoint\",\"urlTemplate\":\"https:\/\/www.csj-emballages.com\/de\/?s={search_term_string}\"},\"query-input\":{\"@type\":\"PropertyValueSpecification\",\"valueRequired\":true,\"valueName\":\"search_term_string\"}}],\"inLanguage\":\"de\"},{\"@type\":\"Organization\",\"@id\":\"https:\/\/www.csj-emballages.com\/de\/#Organization\/\",\"name\":\"CSJ Emballages\",\"url\":\"https:\/\/www.csj-emballages.com\/de\/\",\"logo\":{\"@type\":\"ImageObject\",\"inLanguage\":\"de\",\"@id\":\"https:\/\/www.csj-emballages.com\/de\/#\/schema\/logo\/image\/\",\"url\":\"https:\/\/www.csj-emballages.com\/wp-content\/uploads\/2023\/10\/logo_csj.webp\",\"contentUrl\":\"https:\/\/www.csj-emballages.com\/wp-content\/uploads\/2023\/10\/logo_csj.webp\",\"width\":250,\"height\":95,\"caption\":\"CSJ Emballages\"},\"image\":{\"@id\":\"https:\/\/www.csj-emballages.com\/de\/#\/schema\/logo\/image\/\"},\"sameAs\":[\"https:\/\/www.facebook.com\/csjemballages\"],\"address\":{\"@type\":\"PostalAddress\",\"streetAddress\":\"ZI La Lechere\",\"addressLocality\":\"Patornay\",\"postalCode\":\"39130\",\"addressCountry\":\"FR\"},\"contactPoint\":[{\"@type\":\"ContactPoint\",\"contactType\":\"Service client\",\"telephone\":\"0384254272\",\"email\":\"contact@csj-emballages.com\"}]}]}<\/script>\n<!-- \/ Yoast SEO Premium plugin. -->","yoast_head_json":{"title":"Geschirrsp\u00fclmittel in 1,5L","description":"Entdecken Sie unser Geschirrsp\u00fclmittel in 1,5L: ultrakonzentriert und umweltfreundlich, f\u00fcr ein makelloses, schnelles und sparsames Geschirr!","robots":{"index":"index","follow":"follow","max-snippet":"max-snippet:-1","max-image-preview":"max-image-preview:large","max-video-preview":"max-video-preview:-1"},"canonical":"https:\/\/www.csj-emballages.com\/de\/produit\/geschirrspuelmittel-abwasch-1-5-l\/","og_locale":"de_DE","og_type":"article","og_title":"Geschirrsp\u00fclmittel Abwasch 1.5 L","og_description":"Entdecken Sie unser Geschirrsp\u00fclmittel in 1,5L: ultrakonzentriert und umweltfreundlich, f\u00fcr ein makelloses, schnelles und sparsames Geschirr!","og_url":"https:\/\/www.csj-emballages.com\/de\/produit\/geschirrspuelmittel-abwasch-1-5-l\/","og_site_name":"CSJ Emballages","article_publisher":"https:\/\/www.facebook.com\/csjemballages","article_modified_time":"2026-04-29T00:10:31+00:00","og_image":[{"width":800,"height":800,"url":"https:\/\/www.csj-emballages.com\/wp-content\/uploads\/2024\/03\/03101.webp","type":"image\/webp"}],"twitter_card":"summary_large_image","twitter_misc":{"Gesch\u00e4tzte Lesezeit":"1\u00a0Minute"},"schema":{"@context":"https:\/\/schema.org","@graph":[{"@type":"WebPage","@id":"https:\/\/www.csj-emballages.com\/de\/produit\/geschirrspuelmittel-abwasch-1-5-l\/","url":"https:\/\/www.csj-emballages.com\/de\/produit\/geschirrspuelmittel-abwasch-1-5-l\/","name":"Geschirrsp\u00fclmittel in 1,5L","isPartOf":{"@id":"https:\/\/www.csj-emballages.com\/de\/#website"},"primaryImageOfPage":{"@id":"https:\/\/www.csj-emballages.com\/de\/produit\/geschirrspuelmittel-abwasch-1-5-l\/#primaryimage"},"image":{"@id":"https:\/\/www.csj-emballages.com\/de\/produit\/geschirrspuelmittel-abwasch-1-5-l\/#primaryimage"},"thumbnailUrl":"https:\/\/www.csj-emballages.com\/wp-content\/uploads\/2024\/03\/03101.webp","datePublished":"2024-03-01T16:00:17+00:00","dateModified":"2026-04-29T00:10:31+00:00","description":"Entdecken Sie unser Geschirrsp\u00fclmittel in 1,5L: ultrakonzentriert und umweltfreundlich, f\u00fcr ein makelloses, schnelles und sparsames Geschirr!","breadcrumb":{"@id":"https:\/\/www.csj-emballages.com\/de\/produit\/geschirrspuelmittel-abwasch-1-5-l\/#breadcrumb"},"inLanguage":"de","potentialAction":[{"@type":"ReadAction","target":["https:\/\/www.csj-emballages.com\/de\/produit\/geschirrspuelmittel-abwasch-1-5-l\/"]}]},{"@type":"ImageObject","inLanguage":"de","@id":"https:\/\/www.csj-emballages.com\/de\/produit\/geschirrspuelmittel-abwasch-1-5-l\/#primaryimage","url":"https:\/\/www.csj-emballages.com\/wp-content\/uploads\/2024\/03\/03101.webp","contentUrl":"https:\/\/www.csj-emballages.com\/wp-content\/uploads\/2024\/03\/03101.webp","width":800,"height":800,"caption":"Produit vaisselle"},{"@type":"BreadcrumbList","@id":"https:\/\/www.csj-emballages.com\/de\/produit\/geschirrspuelmittel-abwasch-1-5-l\/#breadcrumb","itemListElement":[{"@type":"ListItem","position":1,"name":"Accueil","item":"https:\/\/www.csj-emballages.com\/de\/universum-lebensmittelverpackungen\/"},{"@type":"ListItem","position":2,"name":"Shop","item":"https:\/\/www.csj-emballages.com\/shop\/"},{"@type":"ListItem","position":3,"name":"Geschirrsp\u00fclmittel Abwasch 1.5 L"}]},{"@type":"WebSite","@id":"https:\/\/www.csj-emballages.com\/de\/#website","url":"https:\/\/www.csj-emballages.com\/de\/","name":"CSJ Emballages","description":"","publisher":{"@id":"https:\/\/www.csj-emballages.com\/de\/#organization"},"potentialAction":[{"@type":"SearchAction","target":{"@type":"EntryPoint","urlTemplate":"https:\/\/www.csj-emballages.com\/de\/?s={search_term_string}"},"query-input":{"@type":"PropertyValueSpecification","valueRequired":true,"valueName":"search_term_string"}}],"inLanguage":"de"},{"@type":"Organization","@id":"https:\/\/www.csj-emballages.com\/de\/#Organization\/","name":"CSJ Emballages","url":"https:\/\/www.csj-emballages.com\/de\/","logo":{"@type":"ImageObject","inLanguage":"de","@id":"https:\/\/www.csj-emballages.com\/de\/#\/schema\/logo\/image\/","url":"https:\/\/www.csj-emballages.com\/wp-content\/uploads\/2023\/10\/logo_csj.webp","contentUrl":"https:\/\/www.csj-emballages.com\/wp-content\/uploads\/2023\/10\/logo_csj.webp","width":250,"height":95,"caption":"CSJ Emballages"},"image":{"@id":"https:\/\/www.csj-emballages.com\/de\/#\/schema\/logo\/image\/"},"sameAs":["https:\/\/www.facebook.com\/csjemballages"],"address":{"@type":"PostalAddress","streetAddress":"ZI La Lechere","addressLocality":"Patornay","postalCode":"39130","addressCountry":"FR"},"contactPoint":[{"@type":"ContactPoint","contactType":"Service client","telephone":"0384254272","email":"contact@csj-emballages.com"}]}]}},"df_price":2.92,"df_sale_price":"","df_regular_price":2.92,"df_image_link":"https:\/\/www.csj-emballages.com\/wp-content\/uploads\/2024\/03\/03101-300x300.webp","tiered_pricing_type":"fixed","tiered_pricing_fixed_rules":[],"tiered_pricing_percentage_rules":[],"tiered_pricing_minimum":1,"tiered_pricing_roles_data":[],"_links":{"self":[{"href":"https:\/\/www.csj-emballages.com\/de\/wp-json\/wp\/v2\/product\/17230","targetHints":{"allow":["GET"]}}],"collection":[{"href":"https:\/\/www.csj-emballages.com\/de\/wp-json\/wp\/v2\/product"}],"about":[{"href":"https:\/\/www.csj-emballages.com\/de\/wp-json\/wp\/v2\/types\/product"}],"wp:featuredmedia":[{"embeddable":true,"href":"https:\/\/www.csj-emballages.com\/de\/wp-json\/wp\/v2\/media\/235508"}],"wp:attachment":[{"href":"https:\/\/www.csj-emballages.com\/de\/wp-json\/wp\/v2\/media?parent=17230"}],"wp:term":[{"taxonomy":"product_brand","embeddable":true,"href":"https:\/\/www.csj-emballages.com\/de\/wp-json\/wp\/v2\/product_brand?post=17230"},{"taxonomy":"product_cat","embeddable":true,"href":"https:\/\/www.csj-emballages.com\/de\/wp-json\/wp\/v2\/product_cat?post=17230"},{"taxonomy":"product_tag","embeddable":true,"href":"https:\/\/www.csj-emballages.com\/de\/wp-json\/wp\/v2\/product_tag?post=17230"}],"curies":[{"name":"wp","href":"https:\/\/api.w.org\/{rel}","templated":true}]}}