{"id":17229,"date":"2024-03-01T17:00:18","date_gmt":"2024-03-01T16:00:18","guid":{"rendered":"https:\/\/u15jnbdpoq.preview.infomaniak.website\/produit\/sanitaer-und-wc-reiniger-1-l\/"},"modified":"2026-04-29T02:10:26","modified_gmt":"2026-04-29T00:10:26","slug":"sanitaer-und-wc-reiniger-1-l","status":"publish","type":"product","link":"https:\/\/www.csj-emballages.com\/de\/produit\/sanitaer-und-wc-reiniger-1-l\/","title":{"rendered":"WC-Entkalkungsreiniger 1 L"},"content":{"rendered":"<div class=\"flex flex-grow flex-col max-w-full\">\n<div class=\"min-h-[20px] text-message flex flex-col items-start whitespace-pre-wrap break-words [.text-message+&amp;]:mt-5 juice:w-full juice:items-end overflow-x-auto gap-2\" dir=\"auto\" data-message-author-role=\"assistant\" data-message-id=\"2034782e-88f9-44ef-b4dc-07dd7bf0115f\">\n<div class=\"flex w-full flex-col gap-1 juice:empty:hidden juice:first:pt-[3px]\">\n<div class=\"markdown prose w-full break-words dark:prose-invert light\">\n<div style=\"font-family: Roboto, sans-serif;\">\n<div style=\"font-family: Roboto, sans-serif;\">\n<div style=\"font-family: Roboto, sans-serif;\">\n<div style=\"font-family: Roboto, sans-serif;\">\n<div style=\"font-family: Roboto, sans-serif;\">\n<div style=\"font-family: Roboto, sans-serif;\">\n<h2 class=\"p1\">Entkalkender Reiniger<\/h2>\n<div style=\"font-family: Roboto, sans-serif;\">\n<div style=\"font-family: Roboto, sans-serif;\">\n<div style=\"font-family: Roboto, sans-serif;\">\n<div style=\"text-align: center;\">\n<div style=\"font-family: Roboto, sans-serif;\">\n<div style=\"font-family: Roboto, sans-serif;\">\n<div style=\"font-family: Roboto, sans-serif;\">\n<div style=\"font-family: Roboto, sans-serif;\">\n<div style=\"font-family: Roboto, sans-serif;\">\n<div style=\"font-family: Roboto, sans-serif; text-align: left;\">\n<hr>\n<h3 style=\"text-align: left;\">Beschreibung unseres WC-Entkalkungsreinigers 1 L<\/h3>\n<h3 style=\"text-align: left;\"><!--more--><\/h3>\n<p data-start=\"287\" data-end=\"704\">Dieser <strong data-start=\"404\" data-end=\"439\">1 Liter WC-Entkalkungsreiniger<\/strong> wurde entwickelt, um den Anforderungen von professionellen <strong data-start=\"404\" data-end=\"439\">Reinigern<\/strong> und hygienebewussten Privatpersonen gerecht zu werden. Er ist ein unverzichtbarer Verb\u00fcndeter bei der t\u00e4glichen Pflege von Toiletten und Urinalen. Seine <strong data-start=\"525\" data-end=\"546\">leistungsstarke Formel<\/strong> wirkt schnell auf alle Arten von Ablagerungen, selbst auf die hartn\u00e4ckigsten: <strong data-start=\"617\" data-end=\"669\">Kalk, Kesselstein, Rost oder Metallr\u00fcckst\u00e4nde<\/strong> k\u00f6nnen seiner Wirksamkeit nicht widerstehen. <\/p>\n<p data-start=\"706\" data-end=\"1137\">Zus\u00e4tzlich zu seinen Reinigungseigenschaften hat dieses Produkt einen <strong data-start=\"767\" data-end=\"789\">desodorierenden Effekt<\/strong>, der nach jeder Anwendung ein angenehmes Frischegef\u00fchl hinterl\u00e4sst. Es wird besonders f\u00fcr stark beanspruchte Sanit\u00e4rbereiche in \u00f6ffentlichen Einrichtungen, Restaurants, Hotels oder auch in Gemeinschaftseinrichtungen empfohlen. Seine fl\u00fcssige Textur erm\u00f6glicht ein gezieltes Auftragen, das perfekt an den W\u00e4nden haftet und so eine gr\u00fcndliche Reinigung erm\u00f6glicht.  <\/p>\n<p data-start=\"1139\" data-end=\"1420\">F\u00fcr optimale Sicherheit ist es wichtig, dass Sie dieses Produkt nicht direkt auf <strong data-start=\"1234\" data-end=\"1255\">Chromoberfl\u00e4chen<\/strong> oder <strong data-start=\"1263\" data-end=\"1275\">Wasserh\u00e4hnen<\/strong> verwenden, um Besch\u00e4digungen zu vermeiden. Verwenden Sie es ausschlie\u00dflich im Inneren von Sch\u00fcsseln oder Urinalen und halten Sie sich dabei an die Anwendungshinweise. <\/p>\n<p data-start=\"1422\" data-end=\"1624\">Zusammenfassend l\u00e4sst sich sagen, dass dieser <strong>WC-Entkalker<\/strong> einfach anzuwenden, sparsam und furchterregend wirksam ist. Er ist eine professionelle L\u00f6sung, die Ihnen saubere, gesunde und angenehm duftende Sanit\u00e4ranlagen garantiert, ohne dass Sie sich unn\u00f6tig anstrengen m\u00fcssen.<\/p>\n<p data-start=\"1422\" data-end=\"1624\">\n<\/div>\n<\/div>\n<\/div>\n<\/div>\n<\/div>\n<\/div>\n<\/div>\n<\/div>\n<\/div>\n<\/div>\n<\/div>\n<\/div>\n<\/div>\n<\/div>\n<\/div>\n<\/div>\n<\/div>\n<\/div>\n<\/div>\n<\/div>\n<div class=\"flex flex-grow flex-col max-w-full\">\n<div class=\"min-h-[20px] text-message flex flex-col items-start whitespace-pre-wrap break-words [.text-message+&amp;]:mt-5 juice:w-full juice:items-end overflow-x-auto gap-2\" dir=\"auto\" data-message-author-role=\"assistant\" data-message-id=\"2034782e-88f9-44ef-b4dc-07dd7bf0115f\">\n<div class=\"flex w-full flex-col gap-1 juice:empty:hidden juice:first:pt-[3px]\">\n<div class=\"markdown prose w-full break-words dark:prose-invert light\">\n<div style=\"font-family: Roboto, sans-serif;\">\n<div style=\"font-family: Roboto, sans-serif;\">\n<div style=\"font-family: Roboto, sans-serif;\">\n<div style=\"font-family: Roboto, sans-serif;\">\n<div style=\"font-family: Roboto, sans-serif;\">\n<div style=\"font-family: Roboto, sans-serif;\">\n<p><!--more--><\/p>\n<h4 style=\"text-align: left;\"><strong>Vorteile :<\/strong><\/h4>\n<ul style=\"text-align: left;\">\n<li>Entfernt wirksam Kalkablagerungen, Kalk, Rost und Metallsalze.<\/li>\n<li>Deodorierende Wirkung f\u00fcr ein lang anhaltendes Frischegef\u00fchl.<\/li>\n<li>Gezielte Reinigung dank der fl\u00fcssigen Textur.<\/li>\n<li>Geeignet f\u00fcr Berufst\u00e4tige und Privatpersonen.<\/li>\n<li>Einfach zu verwenden f\u00fcr ein schnelles und lang anhaltendes Ergebnis.<\/li>\n<\/ul>\n<p>&nbsp;<\/p>\n<\/div>\n<\/div>\n<p><!--more--><\/p>\n<h4>Weitere Informationen :<\/h4>\n<ul>\n<li><strong>Verpackung<\/strong>: Einzeln mit Schnabel<\/li>\n<li><strong>Verwendung<\/strong>: Entkalkendes Reinigungsmittel<\/li>\n<li><strong>Volumen<\/strong>: 1 Liter<\/li>\n<li><strong>Aussehen<\/strong>: blaue viskose Fl\u00fcssigkeit<\/li>\n<li><strong>pH-Wert<\/strong> (1%): 1,5<\/li>\n<li><strong>Dichte<\/strong> (20\u00baC): 1,04 g\/cc<\/li>\n<\/ul>\n<\/div>\n<\/div>\n<\/div>\n<\/div>\n<\/div>\n<\/div>\n<\/div>\n<\/div>\n<p>&nbsp;<\/p>\n<p><!--more--><\/p>\n<p>Hier finden Sie unseren WC-Entkalkungsreiniger in 5 Litern: <span style=\"color: #d12727;\"><a style=\"color: #d12727;\" href=\"https:\/\/www.csj-emballages.com\/es\/produit\/limpiador-higienizante-de-wc-5-l\/\">02675<\/a><\/span><\/p>\n<p>&nbsp;<\/p>\n<p style=\"text-align: left;\"><!--more--><\/p>\n<p><a href=\"https:\/\/www.csj-emballages.com\/de\/categorie-produit\/hygiene-und-pflege\/pflegeprodukte\/sanitar\/\">Sehen Sie sich den Rest unseres Sortiments an Sanit\u00e4rreinigern an.<\/a><\/p>\n","protected":false},"excerpt":{"rendered":"<p>Entkalkender Reiniger Beschreibung unseres WC-Entkalkungsreinigers 1 L<\/p>\n","protected":false},"featured_media":239549,"template":"","meta":{"_acf_changed":false},"product_brand":[],"product_cat":[1218,1219,1294],"product_tag":[],"class_list":{"0":"post-17229","1":"product","2":"type-product","3":"status-publish","4":"has-post-thumbnail","6":"product_cat-hygiene-und-pflege","7":"product_cat-pflegeprodukte","8":"product_cat-sanitar","10":"first","11":"instock","12":"taxable","13":"shipping-taxable","14":"purchasable","15":"product-type-simple"},"acf":[],"yoast_head":"<!-- This site is optimized with the Yoast SEO Premium plugin v26.6 (Yoast SEO v26.6) - https:\/\/yoast.com\/wordpress\/plugins\/seo\/ -->\n<title>Entkalkungsreiniger - WC 1 L<\/title>\n<meta name=\"description\" content=\"Entkalkender WC-Reiniger 1L wirksam gegen Kalk, Kesselstein und Rost. Ideal f\u00fcr die professionelle Pflege von Toiletten und Urinalen.\" \/>\n<meta name=\"robots\" content=\"index, follow, max-snippet:-1, max-image-preview:large, max-video-preview:-1\" \/>\n<link rel=\"canonical\" href=\"https:\/\/www.csj-emballages.com\/de\/produit\/sanitaer-und-wc-reiniger-1-l\/\" \/>\n<meta property=\"og:locale\" content=\"de_DE\" \/>\n<meta property=\"og:type\" content=\"article\" \/>\n<meta property=\"og:title\" content=\"WC-Entkalkungsreiniger 1 L\" \/>\n<meta property=\"og:description\" content=\"Entkalkender WC-Reiniger 1L wirksam gegen Kalk, Kesselstein und Rost. Ideal f\u00fcr die professionelle Pflege von Toiletten und Urinalen.\" \/>\n<meta property=\"og:url\" content=\"https:\/\/www.csj-emballages.com\/de\/produit\/sanitaer-und-wc-reiniger-1-l\/\" \/>\n<meta property=\"og:site_name\" content=\"CSJ Emballages\" \/>\n<meta property=\"article:publisher\" content=\"https:\/\/www.facebook.com\/csjemballages\" \/>\n<meta property=\"article:modified_time\" content=\"2026-04-29T00:10:26+00:00\" \/>\n<meta property=\"og:image\" content=\"https:\/\/www.csj-emballages.com\/wp-content\/uploads\/2024\/03\/02671.webp\" \/>\n\t<meta property=\"og:image:width\" content=\"800\" \/>\n\t<meta property=\"og:image:height\" content=\"800\" \/>\n\t<meta property=\"og:image:type\" content=\"image\/webp\" \/>\n<meta name=\"twitter:card\" content=\"summary_large_image\" \/>\n<meta name=\"twitter:label1\" content=\"Gesch\u00e4tzte Lesezeit\" \/>\n\t<meta name=\"twitter:data1\" content=\"1\u00a0Minute\" \/>\n<script type=\"application\/ld+json\" class=\"yoast-schema-graph\">{\"@context\":\"https:\/\/schema.org\",\"@graph\":[{\"@type\":\"WebPage\",\"@id\":\"https:\/\/www.csj-emballages.com\/de\/produit\/sanitaer-und-wc-reiniger-1-l\/\",\"url\":\"https:\/\/www.csj-emballages.com\/de\/produit\/sanitaer-und-wc-reiniger-1-l\/\",\"name\":\"Entkalkungsreiniger - WC 1 L\",\"isPartOf\":{\"@id\":\"https:\/\/www.csj-emballages.com\/de\/#website\"},\"primaryImageOfPage\":{\"@id\":\"https:\/\/www.csj-emballages.com\/de\/produit\/sanitaer-und-wc-reiniger-1-l\/#primaryimage\"},\"image\":{\"@id\":\"https:\/\/www.csj-emballages.com\/de\/produit\/sanitaer-und-wc-reiniger-1-l\/#primaryimage\"},\"thumbnailUrl\":\"https:\/\/www.csj-emballages.com\/wp-content\/uploads\/2024\/03\/02671.webp\",\"datePublished\":\"2024-03-01T16:00:18+00:00\",\"dateModified\":\"2026-04-29T00:10:26+00:00\",\"description\":\"Entkalkender WC-Reiniger 1L wirksam gegen Kalk, Kesselstein und Rost. Ideal f\u00fcr die professionelle Pflege von Toiletten und Urinalen.\",\"breadcrumb\":{\"@id\":\"https:\/\/www.csj-emballages.com\/de\/produit\/sanitaer-und-wc-reiniger-1-l\/#breadcrumb\"},\"inLanguage\":\"de\",\"potentialAction\":[{\"@type\":\"ReadAction\",\"target\":[\"https:\/\/www.csj-emballages.com\/de\/produit\/sanitaer-und-wc-reiniger-1-l\/\"]}]},{\"@type\":\"ImageObject\",\"inLanguage\":\"de\",\"@id\":\"https:\/\/www.csj-emballages.com\/de\/produit\/sanitaer-und-wc-reiniger-1-l\/#primaryimage\",\"url\":\"https:\/\/www.csj-emballages.com\/wp-content\/uploads\/2024\/03\/02671.webp\",\"contentUrl\":\"https:\/\/www.csj-emballages.com\/wp-content\/uploads\/2024\/03\/02671.webp\",\"width\":800,\"height\":800,\"caption\":\"Nettoyant d\u00e9tartrant\"},{\"@type\":\"BreadcrumbList\",\"@id\":\"https:\/\/www.csj-emballages.com\/de\/produit\/sanitaer-und-wc-reiniger-1-l\/#breadcrumb\",\"itemListElement\":[{\"@type\":\"ListItem\",\"position\":1,\"name\":\"Accueil\",\"item\":\"https:\/\/www.csj-emballages.com\/de\/universum-lebensmittelverpackungen\/\"},{\"@type\":\"ListItem\",\"position\":2,\"name\":\"Shop\",\"item\":\"https:\/\/www.csj-emballages.com\/shop\/\"},{\"@type\":\"ListItem\",\"position\":3,\"name\":\"WC-Entkalkungsreiniger 1 L\"}]},{\"@type\":\"WebSite\",\"@id\":\"https:\/\/www.csj-emballages.com\/de\/#website\",\"url\":\"https:\/\/www.csj-emballages.com\/de\/\",\"name\":\"CSJ Emballages\",\"description\":\"\",\"publisher\":{\"@id\":\"https:\/\/www.csj-emballages.com\/de\/#organization\"},\"potentialAction\":[{\"@type\":\"SearchAction\",\"target\":{\"@type\":\"EntryPoint\",\"urlTemplate\":\"https:\/\/www.csj-emballages.com\/de\/?s={search_term_string}\"},\"query-input\":{\"@type\":\"PropertyValueSpecification\",\"valueRequired\":true,\"valueName\":\"search_term_string\"}}],\"inLanguage\":\"de\"},{\"@type\":\"Organization\",\"@id\":\"https:\/\/www.csj-emballages.com\/de\/#Organization\/\",\"name\":\"CSJ Emballages\",\"url\":\"https:\/\/www.csj-emballages.com\/de\/\",\"logo\":{\"@type\":\"ImageObject\",\"inLanguage\":\"de\",\"@id\":\"https:\/\/www.csj-emballages.com\/de\/#\/schema\/logo\/image\/\",\"url\":\"https:\/\/www.csj-emballages.com\/wp-content\/uploads\/2023\/10\/logo_csj.webp\",\"contentUrl\":\"https:\/\/www.csj-emballages.com\/wp-content\/uploads\/2023\/10\/logo_csj.webp\",\"width\":250,\"height\":95,\"caption\":\"CSJ Emballages\"},\"image\":{\"@id\":\"https:\/\/www.csj-emballages.com\/de\/#\/schema\/logo\/image\/\"},\"sameAs\":[\"https:\/\/www.facebook.com\/csjemballages\"],\"address\":{\"@type\":\"PostalAddress\",\"streetAddress\":\"ZI La Lechere\",\"addressLocality\":\"Patornay\",\"postalCode\":\"39130\",\"addressCountry\":\"FR\"},\"contactPoint\":[{\"@type\":\"ContactPoint\",\"contactType\":\"Service client\",\"telephone\":\"0384254272\",\"email\":\"contact@csj-emballages.com\"}]}]}<\/script>\n<!-- \/ Yoast SEO Premium plugin. -->","yoast_head_json":{"title":"Entkalkungsreiniger - WC 1 L","description":"Entkalkender WC-Reiniger 1L wirksam gegen Kalk, Kesselstein und Rost. Ideal f\u00fcr die professionelle Pflege von Toiletten und Urinalen.","robots":{"index":"index","follow":"follow","max-snippet":"max-snippet:-1","max-image-preview":"max-image-preview:large","max-video-preview":"max-video-preview:-1"},"canonical":"https:\/\/www.csj-emballages.com\/de\/produit\/sanitaer-und-wc-reiniger-1-l\/","og_locale":"de_DE","og_type":"article","og_title":"WC-Entkalkungsreiniger 1 L","og_description":"Entkalkender WC-Reiniger 1L wirksam gegen Kalk, Kesselstein und Rost. Ideal f\u00fcr die professionelle Pflege von Toiletten und Urinalen.","og_url":"https:\/\/www.csj-emballages.com\/de\/produit\/sanitaer-und-wc-reiniger-1-l\/","og_site_name":"CSJ Emballages","article_publisher":"https:\/\/www.facebook.com\/csjemballages","article_modified_time":"2026-04-29T00:10:26+00:00","og_image":[{"width":800,"height":800,"url":"https:\/\/www.csj-emballages.com\/wp-content\/uploads\/2024\/03\/02671.webp","type":"image\/webp"}],"twitter_card":"summary_large_image","twitter_misc":{"Gesch\u00e4tzte Lesezeit":"1\u00a0Minute"},"schema":{"@context":"https:\/\/schema.org","@graph":[{"@type":"WebPage","@id":"https:\/\/www.csj-emballages.com\/de\/produit\/sanitaer-und-wc-reiniger-1-l\/","url":"https:\/\/www.csj-emballages.com\/de\/produit\/sanitaer-und-wc-reiniger-1-l\/","name":"Entkalkungsreiniger - WC 1 L","isPartOf":{"@id":"https:\/\/www.csj-emballages.com\/de\/#website"},"primaryImageOfPage":{"@id":"https:\/\/www.csj-emballages.com\/de\/produit\/sanitaer-und-wc-reiniger-1-l\/#primaryimage"},"image":{"@id":"https:\/\/www.csj-emballages.com\/de\/produit\/sanitaer-und-wc-reiniger-1-l\/#primaryimage"},"thumbnailUrl":"https:\/\/www.csj-emballages.com\/wp-content\/uploads\/2024\/03\/02671.webp","datePublished":"2024-03-01T16:00:18+00:00","dateModified":"2026-04-29T00:10:26+00:00","description":"Entkalkender WC-Reiniger 1L wirksam gegen Kalk, Kesselstein und Rost. Ideal f\u00fcr die professionelle Pflege von Toiletten und Urinalen.","breadcrumb":{"@id":"https:\/\/www.csj-emballages.com\/de\/produit\/sanitaer-und-wc-reiniger-1-l\/#breadcrumb"},"inLanguage":"de","potentialAction":[{"@type":"ReadAction","target":["https:\/\/www.csj-emballages.com\/de\/produit\/sanitaer-und-wc-reiniger-1-l\/"]}]},{"@type":"ImageObject","inLanguage":"de","@id":"https:\/\/www.csj-emballages.com\/de\/produit\/sanitaer-und-wc-reiniger-1-l\/#primaryimage","url":"https:\/\/www.csj-emballages.com\/wp-content\/uploads\/2024\/03\/02671.webp","contentUrl":"https:\/\/www.csj-emballages.com\/wp-content\/uploads\/2024\/03\/02671.webp","width":800,"height":800,"caption":"Nettoyant d\u00e9tartrant"},{"@type":"BreadcrumbList","@id":"https:\/\/www.csj-emballages.com\/de\/produit\/sanitaer-und-wc-reiniger-1-l\/#breadcrumb","itemListElement":[{"@type":"ListItem","position":1,"name":"Accueil","item":"https:\/\/www.csj-emballages.com\/de\/universum-lebensmittelverpackungen\/"},{"@type":"ListItem","position":2,"name":"Shop","item":"https:\/\/www.csj-emballages.com\/shop\/"},{"@type":"ListItem","position":3,"name":"WC-Entkalkungsreiniger 1 L"}]},{"@type":"WebSite","@id":"https:\/\/www.csj-emballages.com\/de\/#website","url":"https:\/\/www.csj-emballages.com\/de\/","name":"CSJ Emballages","description":"","publisher":{"@id":"https:\/\/www.csj-emballages.com\/de\/#organization"},"potentialAction":[{"@type":"SearchAction","target":{"@type":"EntryPoint","urlTemplate":"https:\/\/www.csj-emballages.com\/de\/?s={search_term_string}"},"query-input":{"@type":"PropertyValueSpecification","valueRequired":true,"valueName":"search_term_string"}}],"inLanguage":"de"},{"@type":"Organization","@id":"https:\/\/www.csj-emballages.com\/de\/#Organization\/","name":"CSJ Emballages","url":"https:\/\/www.csj-emballages.com\/de\/","logo":{"@type":"ImageObject","inLanguage":"de","@id":"https:\/\/www.csj-emballages.com\/de\/#\/schema\/logo\/image\/","url":"https:\/\/www.csj-emballages.com\/wp-content\/uploads\/2023\/10\/logo_csj.webp","contentUrl":"https:\/\/www.csj-emballages.com\/wp-content\/uploads\/2023\/10\/logo_csj.webp","width":250,"height":95,"caption":"CSJ Emballages"},"image":{"@id":"https:\/\/www.csj-emballages.com\/de\/#\/schema\/logo\/image\/"},"sameAs":["https:\/\/www.facebook.com\/csjemballages"],"address":{"@type":"PostalAddress","streetAddress":"ZI La Lechere","addressLocality":"Patornay","postalCode":"39130","addressCountry":"FR"},"contactPoint":[{"@type":"ContactPoint","contactType":"Service client","telephone":"0384254272","email":"contact@csj-emballages.com"}]}]}},"df_price":4.08,"df_sale_price":"","df_regular_price":4.08,"df_image_link":"https:\/\/www.csj-emballages.com\/wp-content\/uploads\/2024\/03\/02671-300x300.webp","tiered_pricing_type":"fixed","tiered_pricing_fixed_rules":[],"tiered_pricing_percentage_rules":[],"tiered_pricing_minimum":1,"tiered_pricing_roles_data":[],"_links":{"self":[{"href":"https:\/\/www.csj-emballages.com\/de\/wp-json\/wp\/v2\/product\/17229","targetHints":{"allow":["GET"]}}],"collection":[{"href":"https:\/\/www.csj-emballages.com\/de\/wp-json\/wp\/v2\/product"}],"about":[{"href":"https:\/\/www.csj-emballages.com\/de\/wp-json\/wp\/v2\/types\/product"}],"wp:featuredmedia":[{"embeddable":true,"href":"https:\/\/www.csj-emballages.com\/de\/wp-json\/wp\/v2\/media\/239549"}],"wp:attachment":[{"href":"https:\/\/www.csj-emballages.com\/de\/wp-json\/wp\/v2\/media?parent=17229"}],"wp:term":[{"taxonomy":"product_brand","embeddable":true,"href":"https:\/\/www.csj-emballages.com\/de\/wp-json\/wp\/v2\/product_brand?post=17229"},{"taxonomy":"product_cat","embeddable":true,"href":"https:\/\/www.csj-emballages.com\/de\/wp-json\/wp\/v2\/product_cat?post=17229"},{"taxonomy":"product_tag","embeddable":true,"href":"https:\/\/www.csj-emballages.com\/de\/wp-json\/wp\/v2\/product_tag?post=17229"}],"curies":[{"name":"wp","href":"https:\/\/api.w.org\/{rel}","templated":true}]}}