{"id":17223,"date":"2024-03-01T17:00:18","date_gmt":"2024-03-01T16:00:18","guid":{"rendered":"https:\/\/u15jnbdpoq.preview.infomaniak.website\/produit\/textilweichspueler-5-l\/"},"modified":"2026-04-24T02:10:23","modified_gmt":"2026-04-24T00:10:23","slug":"textilweichspueler-5-l","status":"publish","type":"product","link":"https:\/\/www.csj-emballages.com\/de\/produit\/textilweichspueler-5-l\/","title":{"rendered":"Textilweichsp\u00fcler 5L"},"content":{"rendered":"<h2 class=\"ai-optimize-33\">Textilweichsp\u00fcler<\/h2>\n<hr>\n<h3 class=\"ai-optimize-34\">Beschreibung unseres Textilweichsp\u00fclers 5L<\/h3>\n<p><!--more--><\/p>\n<p class=\"ai-optimize-46 ai-optimize-introduction\" data-start=\"242\" data-end=\"580\">Ob Sie nun eine professionelle W\u00e4scherei betreiben, ein Hotel oder Restaurant leiten oder einfach nur eine anspruchsvolle Privatperson sind, dieser <strong>Textilweichsp\u00fcler 5L <\/strong>ist genau das Richtige f\u00fcr Sie. Er wurde f\u00fcr den intensiven Gebrauch entwickelt und verleiht all Ihren Textilien eine unvergleichliche Weichheit: Bettlaken, Handt\u00fccher, Kleidung, Tischdecken oder auch Haushaltsw\u00e4sche. <\/p>\n<p class=\"ai-optimize-47\" data-start=\"582\" data-end=\"903\">Dank seiner konzentrierten und leistungsstarken Formel dringt es tief in die Fasern ein, um das Gewebe zu entspannen, die statische Aufladung zu reduzieren und das B\u00fcgeln zu erleichtern. Mit seinem angenehmen, frischen und lang anhaltenden Duft sorgt es auch nach tagelanger Lagerung f\u00fcr ein Gef\u00fchl von sauberer und gepflegter W\u00e4sche. <\/p>\n<p class=\"ai-optimize-48\" data-start=\"905\" data-end=\"1199\">Es kann sowohl in der Maschine als auch von Hand gewaschen werden und eignet sich sowohl f\u00fcr professionelle Hochtemperaturzyklen als auch f\u00fcr Haushaltsmaschinen. Auch seine fl\u00fcssige Textur und die sparsame Gr\u00f6\u00dfe im <strong>5-Liter-Kanister<\/strong> machen es zu einer idealen L\u00f6sung f\u00fcr alle Umgebungen mit hohem W\u00e4scheverbrauch. <\/p>\n<p class=\"ai-optimize-49\" data-start=\"1201\" data-end=\"1402\">Kurz gesagt, es ist ein Produkt, dem man vertrauen kann und das f\u00fcr Menschen gedacht ist, die Wert auf Details und ein gutes Endergebnis legen. G\u00f6nnen Sie Ihrer W\u00e4sche die Pflege, die sie verdient: Geschmeidigkeit, Duft und Frische. <\/p>\n<p><!--more--><\/p>\n<h4 class=\"ai-optimize-37\"><strong>Ihre Vorteile :<\/strong><\/h4>\n<ul>\n<li class=\"ai-optimize-38\">Verleiht der W\u00e4sche Geschmeidigkeit und eine angenehme Textur.<\/li>\n<li class=\"ai-optimize-39\">Frischer Duft und langer Halt.<\/li>\n<li class=\"ai-optimize-40\">Sparsames 5-Liter-Format.<\/li>\n<li class=\"ai-optimize-50\">Geeignet f\u00fcr gewerbliche und Haushaltsmaschinen<strong data-start=\"1662\" data-end=\"1704\">.<\/strong><\/li>\n<\/ul>\n<p>&nbsp;<\/p>\n<p><!--more--><\/p>\n<h4 class=\"ai-optimize-43\">Weitere Informationen :<\/h4>\n<ul>\n<li class=\"ai-optimize-44\"><strong>Verpackung<\/strong>: Einzeln<\/li>\n<li class=\"ai-optimize-51\"><strong>Verwendung<\/strong>: Weichsp\u00fcler f\u00fcr Textilien<\/li>\n<li class=\"ai-optimize-52\"><strong>Volumen<\/strong>: 5 Liter<\/li>\n<\/ul>\n<p>&nbsp;<\/p>\n<p><!--more--><\/p>\n<p class=\"ai-optimize-63\">Entdecken Sie auch unser Fl\u00fcssigwaschmittel in 5L : <span style=\"color: #d12727;\"><a style=\"color: #d12727;\" href=\"https:\/\/www.csj-emballages.com\/es\/produit\/detergente-liquido-5l\/\">02015<\/a><\/span><\/p>\n<p>&nbsp;<\/p>\n<p><!--more--><\/p>\n<p class=\"ai-optimize-45\"><a href=\"https:\/\/www.csj-emballages.com\/de\/categorie-produit\/hygiene-und-pflege\/pflegeprodukte\/wasche\/\">Sehen Sie sich den Rest unseres Sortiments an W\u00e4scheprodukten an.<\/a><\/p>\n","protected":false},"excerpt":{"rendered":"<p>Textilweichsp\u00fcler Beschreibung unseres Textilweichsp\u00fclers 5L<\/p>\n","protected":false},"featured_media":236877,"template":"","meta":{"_acf_changed":false},"product_brand":[],"product_cat":[1218,1219,1317],"product_tag":[],"class_list":{"0":"post-17223","1":"product","2":"type-product","3":"status-publish","4":"has-post-thumbnail","6":"product_cat-hygiene-und-pflege","7":"product_cat-pflegeprodukte","8":"product_cat-wasche","9":"product_shipping_class-verboten-in-staffeln","11":"first","12":"instock","13":"taxable","14":"shipping-taxable","15":"purchasable","16":"product-type-simple"},"acf":[],"yoast_head":"<!-- This site is optimized with the Yoast SEO Premium plugin v26.6 (Yoast SEO v26.6) - https:\/\/yoast.com\/wordpress\/plugins\/seo\/ -->\n<title>Textilweichsp\u00fcler 5L<\/title>\n<meta name=\"description\" content=\"Entdecken Sie unseren Textilweichsp\u00fcler 5L Kanister: Dieses Produkt ist sparsam und einfach zu dosieren und hat eine hohe Weichmacher- und Befeuchtungswirkung.\" \/>\n<meta name=\"robots\" content=\"index, follow, max-snippet:-1, max-image-preview:large, max-video-preview:-1\" \/>\n<link rel=\"canonical\" href=\"https:\/\/www.csj-emballages.com\/de\/produit\/textilweichspueler-5-l\/\" \/>\n<meta property=\"og:locale\" content=\"de_DE\" \/>\n<meta property=\"og:type\" content=\"article\" \/>\n<meta property=\"og:title\" content=\"Textilweichsp\u00fcler 5L\" \/>\n<meta property=\"og:description\" content=\"Entdecken Sie unseren Textilweichsp\u00fcler 5L Kanister: Dieses Produkt ist sparsam und einfach zu dosieren und hat eine hohe Weichmacher- und Befeuchtungswirkung.\" \/>\n<meta property=\"og:url\" content=\"https:\/\/www.csj-emballages.com\/de\/produit\/textilweichspueler-5-l\/\" \/>\n<meta property=\"og:site_name\" content=\"CSJ Emballages\" \/>\n<meta property=\"article:publisher\" content=\"https:\/\/www.facebook.com\/csjemballages\" \/>\n<meta property=\"article:modified_time\" content=\"2026-04-24T00:10:23+00:00\" \/>\n<meta property=\"og:image\" content=\"https:\/\/www.csj-emballages.com\/wp-content\/uploads\/2024\/03\/02025.webp\" \/>\n\t<meta property=\"og:image:width\" content=\"800\" \/>\n\t<meta property=\"og:image:height\" content=\"800\" \/>\n\t<meta property=\"og:image:type\" content=\"image\/webp\" \/>\n<meta name=\"twitter:card\" content=\"summary_large_image\" \/>\n<meta name=\"twitter:label1\" content=\"Gesch\u00e4tzte Lesezeit\" \/>\n\t<meta name=\"twitter:data1\" content=\"1\u00a0Minute\" \/>\n<script type=\"application\/ld+json\" class=\"yoast-schema-graph\">{\"@context\":\"https:\/\/schema.org\",\"@graph\":[{\"@type\":\"WebPage\",\"@id\":\"https:\/\/www.csj-emballages.com\/de\/produit\/textilweichspueler-5-l\/\",\"url\":\"https:\/\/www.csj-emballages.com\/de\/produit\/textilweichspueler-5-l\/\",\"name\":\"Textilweichsp\u00fcler 5L\",\"isPartOf\":{\"@id\":\"https:\/\/www.csj-emballages.com\/de\/#website\"},\"primaryImageOfPage\":{\"@id\":\"https:\/\/www.csj-emballages.com\/de\/produit\/textilweichspueler-5-l\/#primaryimage\"},\"image\":{\"@id\":\"https:\/\/www.csj-emballages.com\/de\/produit\/textilweichspueler-5-l\/#primaryimage\"},\"thumbnailUrl\":\"https:\/\/www.csj-emballages.com\/wp-content\/uploads\/2024\/03\/02025-1.webp\",\"datePublished\":\"2024-03-01T16:00:18+00:00\",\"dateModified\":\"2026-04-24T00:10:23+00:00\",\"description\":\"Entdecken Sie unseren Textilweichsp\u00fcler 5L Kanister: Dieses Produkt ist sparsam und einfach zu dosieren und hat eine hohe Weichmacher- und Befeuchtungswirkung.\",\"breadcrumb\":{\"@id\":\"https:\/\/www.csj-emballages.com\/de\/produit\/textilweichspueler-5-l\/#breadcrumb\"},\"inLanguage\":\"de\",\"potentialAction\":[{\"@type\":\"ReadAction\",\"target\":[\"https:\/\/www.csj-emballages.com\/de\/produit\/textilweichspueler-5-l\/\"]}]},{\"@type\":\"ImageObject\",\"inLanguage\":\"de\",\"@id\":\"https:\/\/www.csj-emballages.com\/de\/produit\/textilweichspueler-5-l\/#primaryimage\",\"url\":\"https:\/\/www.csj-emballages.com\/wp-content\/uploads\/2024\/03\/02025-1.webp\",\"contentUrl\":\"https:\/\/www.csj-emballages.com\/wp-content\/uploads\/2024\/03\/02025-1.webp\",\"width\":800,\"height\":800,\"caption\":\"Assouplissant textile 5L\"},{\"@type\":\"BreadcrumbList\",\"@id\":\"https:\/\/www.csj-emballages.com\/de\/produit\/textilweichspueler-5-l\/#breadcrumb\",\"itemListElement\":[{\"@type\":\"ListItem\",\"position\":1,\"name\":\"Accueil\",\"item\":\"https:\/\/www.csj-emballages.com\/de\/universum-lebensmittelverpackungen\/\"},{\"@type\":\"ListItem\",\"position\":2,\"name\":\"Shop\",\"item\":\"https:\/\/www.csj-emballages.com\/shop\/\"},{\"@type\":\"ListItem\",\"position\":3,\"name\":\"Textilweichsp\u00fcler 5L\"}]},{\"@type\":\"WebSite\",\"@id\":\"https:\/\/www.csj-emballages.com\/de\/#website\",\"url\":\"https:\/\/www.csj-emballages.com\/de\/\",\"name\":\"CSJ Emballages\",\"description\":\"\",\"publisher\":{\"@id\":\"https:\/\/www.csj-emballages.com\/de\/#organization\"},\"potentialAction\":[{\"@type\":\"SearchAction\",\"target\":{\"@type\":\"EntryPoint\",\"urlTemplate\":\"https:\/\/www.csj-emballages.com\/de\/?s={search_term_string}\"},\"query-input\":{\"@type\":\"PropertyValueSpecification\",\"valueRequired\":true,\"valueName\":\"search_term_string\"}}],\"inLanguage\":\"de\"},{\"@type\":\"Organization\",\"@id\":\"https:\/\/www.csj-emballages.com\/de\/#Organization\/\",\"name\":\"CSJ Emballages\",\"url\":\"https:\/\/www.csj-emballages.com\/de\/\",\"logo\":{\"@type\":\"ImageObject\",\"inLanguage\":\"de\",\"@id\":\"https:\/\/www.csj-emballages.com\/de\/#\/schema\/logo\/image\/\",\"url\":\"https:\/\/www.csj-emballages.com\/wp-content\/uploads\/2023\/10\/logo_csj.webp\",\"contentUrl\":\"https:\/\/www.csj-emballages.com\/wp-content\/uploads\/2023\/10\/logo_csj.webp\",\"width\":250,\"height\":95,\"caption\":\"CSJ Emballages\"},\"image\":{\"@id\":\"https:\/\/www.csj-emballages.com\/de\/#\/schema\/logo\/image\/\"},\"sameAs\":[\"https:\/\/www.facebook.com\/csjemballages\"],\"address\":{\"@type\":\"PostalAddress\",\"streetAddress\":\"ZI La Lechere\",\"addressLocality\":\"Patornay\",\"postalCode\":\"39130\",\"addressCountry\":\"FR\"},\"contactPoint\":[{\"@type\":\"ContactPoint\",\"contactType\":\"Service client\",\"telephone\":\"0384254272\",\"email\":\"contact@csj-emballages.com\"}]}]}<\/script>\n<!-- \/ Yoast SEO Premium plugin. -->","yoast_head_json":{"title":"Textilweichsp\u00fcler 5L","description":"Entdecken Sie unseren Textilweichsp\u00fcler 5L Kanister: Dieses Produkt ist sparsam und einfach zu dosieren und hat eine hohe Weichmacher- und Befeuchtungswirkung.","robots":{"index":"index","follow":"follow","max-snippet":"max-snippet:-1","max-image-preview":"max-image-preview:large","max-video-preview":"max-video-preview:-1"},"canonical":"https:\/\/www.csj-emballages.com\/de\/produit\/textilweichspueler-5-l\/","og_locale":"de_DE","og_type":"article","og_title":"Textilweichsp\u00fcler 5L","og_description":"Entdecken Sie unseren Textilweichsp\u00fcler 5L Kanister: Dieses Produkt ist sparsam und einfach zu dosieren und hat eine hohe Weichmacher- und Befeuchtungswirkung.","og_url":"https:\/\/www.csj-emballages.com\/de\/produit\/textilweichspueler-5-l\/","og_site_name":"CSJ Emballages","article_publisher":"https:\/\/www.facebook.com\/csjemballages","article_modified_time":"2026-04-24T00:10:23+00:00","og_image":[{"width":800,"height":800,"url":"https:\/\/www.csj-emballages.com\/wp-content\/uploads\/2024\/03\/02025.webp","type":"image\/webp"}],"twitter_card":"summary_large_image","twitter_misc":{"Gesch\u00e4tzte Lesezeit":"1\u00a0Minute"},"schema":{"@context":"https:\/\/schema.org","@graph":[{"@type":"WebPage","@id":"https:\/\/www.csj-emballages.com\/de\/produit\/textilweichspueler-5-l\/","url":"https:\/\/www.csj-emballages.com\/de\/produit\/textilweichspueler-5-l\/","name":"Textilweichsp\u00fcler 5L","isPartOf":{"@id":"https:\/\/www.csj-emballages.com\/de\/#website"},"primaryImageOfPage":{"@id":"https:\/\/www.csj-emballages.com\/de\/produit\/textilweichspueler-5-l\/#primaryimage"},"image":{"@id":"https:\/\/www.csj-emballages.com\/de\/produit\/textilweichspueler-5-l\/#primaryimage"},"thumbnailUrl":"https:\/\/www.csj-emballages.com\/wp-content\/uploads\/2024\/03\/02025-1.webp","datePublished":"2024-03-01T16:00:18+00:00","dateModified":"2026-04-24T00:10:23+00:00","description":"Entdecken Sie unseren Textilweichsp\u00fcler 5L Kanister: Dieses Produkt ist sparsam und einfach zu dosieren und hat eine hohe Weichmacher- und Befeuchtungswirkung.","breadcrumb":{"@id":"https:\/\/www.csj-emballages.com\/de\/produit\/textilweichspueler-5-l\/#breadcrumb"},"inLanguage":"de","potentialAction":[{"@type":"ReadAction","target":["https:\/\/www.csj-emballages.com\/de\/produit\/textilweichspueler-5-l\/"]}]},{"@type":"ImageObject","inLanguage":"de","@id":"https:\/\/www.csj-emballages.com\/de\/produit\/textilweichspueler-5-l\/#primaryimage","url":"https:\/\/www.csj-emballages.com\/wp-content\/uploads\/2024\/03\/02025-1.webp","contentUrl":"https:\/\/www.csj-emballages.com\/wp-content\/uploads\/2024\/03\/02025-1.webp","width":800,"height":800,"caption":"Assouplissant textile 5L"},{"@type":"BreadcrumbList","@id":"https:\/\/www.csj-emballages.com\/de\/produit\/textilweichspueler-5-l\/#breadcrumb","itemListElement":[{"@type":"ListItem","position":1,"name":"Accueil","item":"https:\/\/www.csj-emballages.com\/de\/universum-lebensmittelverpackungen\/"},{"@type":"ListItem","position":2,"name":"Shop","item":"https:\/\/www.csj-emballages.com\/shop\/"},{"@type":"ListItem","position":3,"name":"Textilweichsp\u00fcler 5L"}]},{"@type":"WebSite","@id":"https:\/\/www.csj-emballages.com\/de\/#website","url":"https:\/\/www.csj-emballages.com\/de\/","name":"CSJ Emballages","description":"","publisher":{"@id":"https:\/\/www.csj-emballages.com\/de\/#organization"},"potentialAction":[{"@type":"SearchAction","target":{"@type":"EntryPoint","urlTemplate":"https:\/\/www.csj-emballages.com\/de\/?s={search_term_string}"},"query-input":{"@type":"PropertyValueSpecification","valueRequired":true,"valueName":"search_term_string"}}],"inLanguage":"de"},{"@type":"Organization","@id":"https:\/\/www.csj-emballages.com\/de\/#Organization\/","name":"CSJ Emballages","url":"https:\/\/www.csj-emballages.com\/de\/","logo":{"@type":"ImageObject","inLanguage":"de","@id":"https:\/\/www.csj-emballages.com\/de\/#\/schema\/logo\/image\/","url":"https:\/\/www.csj-emballages.com\/wp-content\/uploads\/2023\/10\/logo_csj.webp","contentUrl":"https:\/\/www.csj-emballages.com\/wp-content\/uploads\/2023\/10\/logo_csj.webp","width":250,"height":95,"caption":"CSJ Emballages"},"image":{"@id":"https:\/\/www.csj-emballages.com\/de\/#\/schema\/logo\/image\/"},"sameAs":["https:\/\/www.facebook.com\/csjemballages"],"address":{"@type":"PostalAddress","streetAddress":"ZI La Lechere","addressLocality":"Patornay","postalCode":"39130","addressCountry":"FR"},"contactPoint":[{"@type":"ContactPoint","contactType":"Service client","telephone":"0384254272","email":"contact@csj-emballages.com"}]}]}},"df_price":10.01,"df_sale_price":"","df_regular_price":10.01,"df_image_link":"https:\/\/www.csj-emballages.com\/wp-content\/uploads\/2024\/03\/02025-1-300x300.webp","tiered_pricing_type":"fixed","tiered_pricing_fixed_rules":[],"tiered_pricing_percentage_rules":[],"tiered_pricing_minimum":1,"tiered_pricing_roles_data":[],"_links":{"self":[{"href":"https:\/\/www.csj-emballages.com\/de\/wp-json\/wp\/v2\/product\/17223","targetHints":{"allow":["GET"]}}],"collection":[{"href":"https:\/\/www.csj-emballages.com\/de\/wp-json\/wp\/v2\/product"}],"about":[{"href":"https:\/\/www.csj-emballages.com\/de\/wp-json\/wp\/v2\/types\/product"}],"wp:featuredmedia":[{"embeddable":true,"href":"https:\/\/www.csj-emballages.com\/de\/wp-json\/wp\/v2\/media\/236877"}],"wp:attachment":[{"href":"https:\/\/www.csj-emballages.com\/de\/wp-json\/wp\/v2\/media?parent=17223"}],"wp:term":[{"taxonomy":"product_brand","embeddable":true,"href":"https:\/\/www.csj-emballages.com\/de\/wp-json\/wp\/v2\/product_brand?post=17223"},{"taxonomy":"product_cat","embeddable":true,"href":"https:\/\/www.csj-emballages.com\/de\/wp-json\/wp\/v2\/product_cat?post=17223"},{"taxonomy":"product_tag","embeddable":true,"href":"https:\/\/www.csj-emballages.com\/de\/wp-json\/wp\/v2\/product_tag?post=17223"}],"curies":[{"name":"wp","href":"https:\/\/api.w.org\/{rel}","templated":true}]}}