{"id":17219,"date":"2024-03-01T17:00:20","date_gmt":"2024-03-01T16:00:20","guid":{"rendered":"https:\/\/u15jnbdpoq.preview.infomaniak.website\/produit\/super-activ-desinfektionstabletten-fuer-waschmaschinen-3-125-kg\/"},"modified":"2026-04-03T02:10:18","modified_gmt":"2026-04-03T00:10:18","slug":"super-activ-desinfektionstabletten-fuer-waschmaschinen-3-125-kg","status":"publish","type":"product","link":"https:\/\/www.csj-emballages.com\/de\/produit\/super-activ-desinfektionstabletten-fuer-waschmaschinen-3-125-kg\/","title":{"rendered":"Waschmittel Desinfektionstablette Waschmaschine Super ACTIV&#8216; 3.125 kg"},"content":{"rendered":"<h2>Waschmittel Desinfektionstablette<\/h2>\n<hr>\n<h3>Beschreibung unseres Waschmittels Desinfektionstablette Waschmaschine Super ACTIV&#8216; 3.125 kg<\/h3>\n<p><!--more--><\/p>\n<p data-start=\"326\" data-end=\"708\">Das Waschmittel <strong>SUPER ACTIV&#8216; TABS + Desinfektionstabletten<\/strong> wurde entwickelt, um eine hochwirksame Reinigung der <strong>W\u00e4sche<\/strong> zu erm\u00f6glichen, sei es im Haushalt, im medizinischen Bereich oder in anspruchsvollen Arbeitsumgebungen. Das Produkt ist in einer wirtschaftlichen <strong>3,125-kg-Gr\u00f6\u00dfe<\/strong> verpackt und vereint Waschkraft, Desinfektionswirkung und Fleckenentfernung in einem. <\/p>\n<p data-start=\"710\" data-end=\"1246\">Jede <strong>Tablette<\/strong> ist hochkonzentriert, um eine maximale Wirksamkeit ab <strong>30\u00b0C<\/strong> zu gew\u00e4hrleisten und gleichzeitig alle Textilarten (Synthetik, Baumwolle, Feinw\u00e4sche) zu schonen. Die fortschrittliche Formel enth\u00e4lt einen Bleichaktivator und optische Aufheller, die das Wei\u00df wieder strahlend wei\u00df machen &#8211; Waschgang f\u00fcr Waschgang. Dar\u00fcber hinaus wirken die <strong>Tabletten<\/strong> vollst\u00e4ndig <strong>desinfizierend<\/strong> und eignen sich daher ideal zur Beseitigung von Bakterien und schlechten Ger\u00fcchen auf Kleidung, Bettw\u00e4sche, Haushaltsw\u00e4sche und Berufsbekleidung.  <\/p>\n<p data-start=\"1248\" data-end=\"1443\">Zusammenfassend l\u00e4sst sich sagen, dass dieses <strong>Waschmittel<\/strong> mit <strong>Desinfektionstabletten<\/strong> Ihren Alltag vereinfacht, egal ob Sie Privatperson oder Gewerbetreibender sind.<\/p>\n<p data-start=\"1248\" data-end=\"1443\"><!--more--><\/p>\n<h4 data-start=\"1248\" data-end=\"1443\">Vorteile :<\/h4>\n<ul>\n<li><strong data-start=\"1492\" data-end=\"1513\">Hochkonzentrierte<\/strong> <strong>Tabletten<\/strong>: Wirksamkeit schon bei niedrigen Temperaturen.<\/li>\n<li>Integrierte desinfizierende Wirkung ohne Zusatz eines weiteren Produkts.<\/li>\n<li>Verst\u00e4rkter Fleckenentferner und Wei\u00dfheitsaktivator.<\/li>\n<li>Geeignet f\u00fcr alle Faserarten und Waschtemperaturen.<\/li>\n<\/ul>\n<p>&nbsp;<\/p>\n<p><!--more--><\/p>\n<h4>Weitere Informationen :<\/h4>\n<ul>\n<li><strong>Verpackung<\/strong>: 3,125kg Eimer<\/li>\n<li><strong>Verwendung<\/strong>: Waschmittel in Tablettenform<\/li>\n<li><strong>Aussehen<\/strong>: 25 g runde, zweischichtige Tablette in einem Flow-Pack<\/li>\n<li><strong>Farbe<\/strong>: Wei\u00df \/ Blau<\/li>\n<li><strong>Bakterizid<\/strong>: Ja<\/li>\n<li><strong>Fungizid<\/strong>: Ja<\/li>\n<li><strong>Geruch<\/strong>: Blumig<\/li>\n<\/ul>\n<p>&nbsp;<\/p>\n<p><!--more--><\/p>\n<p>Entdecken Sie auch unser professionelles superaktives Waschpulver 20kg : <span style=\"color: #d12727\"><a style=\"color: #d12727\" href=\"https:\/\/www.csj-emballages.com\/pt-pt\/produit\/po-de-lavagem-profissional-super-ativo-20kg\/\">0107<\/a><\/span><\/p>\n<p>&nbsp;<\/p>\n<p><!--more--><\/p>\n<p><a href=\"https:\/\/www.csj-emballages.com\/de\/categorie-produit\/hygiene-und-pflege\/pflegeprodukte\/wasche\/\">Sehen Sie sich den Rest unseres Sortiments an W\u00e4schepflegeprodukten an  <\/a><\/p>\n","protected":false},"excerpt":{"rendered":"<p>Waschmittel Desinfektionstablette Beschreibung unseres Waschmittels Desinfektionstablette Waschmaschine Super ACTIV&#8216; 3.125 kg<\/p>\n","protected":false},"featured_media":239220,"template":"","meta":{"_acf_changed":false},"product_brand":[],"product_cat":[1218,1219,1317],"product_tag":[],"class_list":{"0":"post-17219","1":"product","2":"type-product","3":"status-publish","4":"has-post-thumbnail","6":"product_cat-hygiene-und-pflege","7":"product_cat-pflegeprodukte","8":"product_cat-wasche","10":"first","11":"instock","12":"taxable","13":"shipping-taxable","14":"purchasable","15":"product-type-simple"},"acf":[],"yoast_head":"<!-- This site is optimized with the Yoast SEO Premium plugin v26.6 (Yoast SEO v26.6) - https:\/\/yoast.com\/wordpress\/plugins\/seo\/ -->\n<title>Waschmittel Desinfektionstablette Waschmaschine Super ACTIV&#039; 3.125 kg<\/title>\n<meta name=\"description\" content=\"Super ACTIV&#039; TABS+ Desinfektionswaschmittel-Tabs 3,125 kg: Wirksamkeit ab 30\u00b0C, verst\u00e4rkter Fleckentferner, strahlendes Wei\u00df und optimale Hygiene.\" \/>\n<meta name=\"robots\" content=\"index, follow, max-snippet:-1, max-image-preview:large, max-video-preview:-1\" \/>\n<link rel=\"canonical\" href=\"https:\/\/www.csj-emballages.com\/de\/produit\/super-activ-desinfektionstabletten-fuer-waschmaschinen-3-125-kg\/\" \/>\n<meta property=\"og:locale\" content=\"de_DE\" \/>\n<meta property=\"og:type\" content=\"article\" \/>\n<meta property=\"og:title\" content=\"Waschmittel Desinfektionstablette Waschmaschine Super ACTIV&#039; 3.125 kg\" \/>\n<meta property=\"og:description\" content=\"Super ACTIV&#039; TABS+ Desinfektionswaschmittel-Tabs 3,125 kg: Wirksamkeit ab 30\u00b0C, verst\u00e4rkter Fleckentferner, strahlendes Wei\u00df und optimale Hygiene.\" \/>\n<meta property=\"og:url\" content=\"https:\/\/www.csj-emballages.com\/de\/produit\/super-activ-desinfektionstabletten-fuer-waschmaschinen-3-125-kg\/\" \/>\n<meta property=\"og:site_name\" content=\"CSJ Emballages\" \/>\n<meta property=\"article:publisher\" content=\"https:\/\/www.facebook.com\/csjemballages\" \/>\n<meta property=\"article:modified_time\" content=\"2026-04-03T00:10:18+00:00\" \/>\n<meta property=\"og:image\" content=\"https:\/\/www.csj-emballages.com\/wp-content\/uploads\/2024\/03\/01025.webp\" \/>\n\t<meta property=\"og:image:width\" content=\"800\" \/>\n\t<meta property=\"og:image:height\" content=\"799\" \/>\n\t<meta property=\"og:image:type\" content=\"image\/webp\" \/>\n<meta name=\"twitter:card\" content=\"summary_large_image\" \/>\n<meta name=\"twitter:label1\" content=\"Gesch\u00e4tzte Lesezeit\" \/>\n\t<meta name=\"twitter:data1\" content=\"1\u00a0Minute\" \/>\n<script type=\"application\/ld+json\" class=\"yoast-schema-graph\">{\"@context\":\"https:\/\/schema.org\",\"@graph\":[{\"@type\":\"WebPage\",\"@id\":\"https:\/\/www.csj-emballages.com\/de\/produit\/super-activ-desinfektionstabletten-fuer-waschmaschinen-3-125-kg\/\",\"url\":\"https:\/\/www.csj-emballages.com\/de\/produit\/super-activ-desinfektionstabletten-fuer-waschmaschinen-3-125-kg\/\",\"name\":\"Waschmittel Desinfektionstablette Waschmaschine Super ACTIV' 3.125 kg\",\"isPartOf\":{\"@id\":\"https:\/\/www.csj-emballages.com\/de\/#website\"},\"primaryImageOfPage\":{\"@id\":\"https:\/\/www.csj-emballages.com\/de\/produit\/super-activ-desinfektionstabletten-fuer-waschmaschinen-3-125-kg\/#primaryimage\"},\"image\":{\"@id\":\"https:\/\/www.csj-emballages.com\/de\/produit\/super-activ-desinfektionstabletten-fuer-waschmaschinen-3-125-kg\/#primaryimage\"},\"thumbnailUrl\":\"https:\/\/www.csj-emballages.com\/wp-content\/uploads\/2024\/03\/01025.webp\",\"datePublished\":\"2024-03-01T16:00:20+00:00\",\"dateModified\":\"2026-04-03T00:10:18+00:00\",\"description\":\"Super ACTIV' TABS+ Desinfektionswaschmittel-Tabs 3,125 kg: Wirksamkeit ab 30\u00b0C, verst\u00e4rkter Fleckentferner, strahlendes Wei\u00df und optimale Hygiene.\",\"breadcrumb\":{\"@id\":\"https:\/\/www.csj-emballages.com\/de\/produit\/super-activ-desinfektionstabletten-fuer-waschmaschinen-3-125-kg\/#breadcrumb\"},\"inLanguage\":\"de\",\"potentialAction\":[{\"@type\":\"ReadAction\",\"target\":[\"https:\/\/www.csj-emballages.com\/de\/produit\/super-activ-desinfektionstabletten-fuer-waschmaschinen-3-125-kg\/\"]}]},{\"@type\":\"ImageObject\",\"inLanguage\":\"de\",\"@id\":\"https:\/\/www.csj-emballages.com\/de\/produit\/super-activ-desinfektionstabletten-fuer-waschmaschinen-3-125-kg\/#primaryimage\",\"url\":\"https:\/\/www.csj-emballages.com\/wp-content\/uploads\/2024\/03\/01025.webp\",\"contentUrl\":\"https:\/\/www.csj-emballages.com\/wp-content\/uploads\/2024\/03\/01025.webp\",\"width\":800,\"height\":799,\"caption\":\"Lessive pastille d\u00e9sinfectante\"},{\"@type\":\"BreadcrumbList\",\"@id\":\"https:\/\/www.csj-emballages.com\/de\/produit\/super-activ-desinfektionstabletten-fuer-waschmaschinen-3-125-kg\/#breadcrumb\",\"itemListElement\":[{\"@type\":\"ListItem\",\"position\":1,\"name\":\"Accueil\",\"item\":\"https:\/\/www.csj-emballages.com\/de\/universum-lebensmittelverpackungen\/\"},{\"@type\":\"ListItem\",\"position\":2,\"name\":\"Shop\",\"item\":\"https:\/\/www.csj-emballages.com\/shop\/\"},{\"@type\":\"ListItem\",\"position\":3,\"name\":\"Waschmittel Desinfektionstablette Waschmaschine Super ACTIV&rsquo; 3.125 kg\"}]},{\"@type\":\"WebSite\",\"@id\":\"https:\/\/www.csj-emballages.com\/de\/#website\",\"url\":\"https:\/\/www.csj-emballages.com\/de\/\",\"name\":\"CSJ Emballages\",\"description\":\"\",\"publisher\":{\"@id\":\"https:\/\/www.csj-emballages.com\/de\/#organization\"},\"potentialAction\":[{\"@type\":\"SearchAction\",\"target\":{\"@type\":\"EntryPoint\",\"urlTemplate\":\"https:\/\/www.csj-emballages.com\/de\/?s={search_term_string}\"},\"query-input\":{\"@type\":\"PropertyValueSpecification\",\"valueRequired\":true,\"valueName\":\"search_term_string\"}}],\"inLanguage\":\"de\"},{\"@type\":\"Organization\",\"@id\":\"https:\/\/www.csj-emballages.com\/de\/#Organization\/\",\"name\":\"CSJ Emballages\",\"url\":\"https:\/\/www.csj-emballages.com\/de\/\",\"logo\":{\"@type\":\"ImageObject\",\"inLanguage\":\"de\",\"@id\":\"https:\/\/www.csj-emballages.com\/de\/#\/schema\/logo\/image\/\",\"url\":\"https:\/\/www.csj-emballages.com\/wp-content\/uploads\/2023\/10\/logo_csj.webp\",\"contentUrl\":\"https:\/\/www.csj-emballages.com\/wp-content\/uploads\/2023\/10\/logo_csj.webp\",\"width\":250,\"height\":95,\"caption\":\"CSJ Emballages\"},\"image\":{\"@id\":\"https:\/\/www.csj-emballages.com\/de\/#\/schema\/logo\/image\/\"},\"sameAs\":[\"https:\/\/www.facebook.com\/csjemballages\"],\"address\":{\"@type\":\"PostalAddress\",\"streetAddress\":\"ZI La Lechere\",\"addressLocality\":\"Patornay\",\"postalCode\":\"39130\",\"addressCountry\":\"FR\"},\"contactPoint\":[{\"@type\":\"ContactPoint\",\"contactType\":\"Service client\",\"telephone\":\"0384254272\",\"email\":\"contact@csj-emballages.com\"}]}]}<\/script>\n<!-- \/ Yoast SEO Premium plugin. -->","yoast_head_json":{"title":"Waschmittel Desinfektionstablette Waschmaschine Super ACTIV' 3.125 kg","description":"Super ACTIV' TABS+ Desinfektionswaschmittel-Tabs 3,125 kg: Wirksamkeit ab 30\u00b0C, verst\u00e4rkter Fleckentferner, strahlendes Wei\u00df und optimale Hygiene.","robots":{"index":"index","follow":"follow","max-snippet":"max-snippet:-1","max-image-preview":"max-image-preview:large","max-video-preview":"max-video-preview:-1"},"canonical":"https:\/\/www.csj-emballages.com\/de\/produit\/super-activ-desinfektionstabletten-fuer-waschmaschinen-3-125-kg\/","og_locale":"de_DE","og_type":"article","og_title":"Waschmittel Desinfektionstablette Waschmaschine Super ACTIV' 3.125 kg","og_description":"Super ACTIV' TABS+ Desinfektionswaschmittel-Tabs 3,125 kg: Wirksamkeit ab 30\u00b0C, verst\u00e4rkter Fleckentferner, strahlendes Wei\u00df und optimale Hygiene.","og_url":"https:\/\/www.csj-emballages.com\/de\/produit\/super-activ-desinfektionstabletten-fuer-waschmaschinen-3-125-kg\/","og_site_name":"CSJ Emballages","article_publisher":"https:\/\/www.facebook.com\/csjemballages","article_modified_time":"2026-04-03T00:10:18+00:00","og_image":[{"width":800,"height":799,"url":"https:\/\/www.csj-emballages.com\/wp-content\/uploads\/2024\/03\/01025.webp","type":"image\/webp"}],"twitter_card":"summary_large_image","twitter_misc":{"Gesch\u00e4tzte Lesezeit":"1\u00a0Minute"},"schema":{"@context":"https:\/\/schema.org","@graph":[{"@type":"WebPage","@id":"https:\/\/www.csj-emballages.com\/de\/produit\/super-activ-desinfektionstabletten-fuer-waschmaschinen-3-125-kg\/","url":"https:\/\/www.csj-emballages.com\/de\/produit\/super-activ-desinfektionstabletten-fuer-waschmaschinen-3-125-kg\/","name":"Waschmittel Desinfektionstablette Waschmaschine Super ACTIV' 3.125 kg","isPartOf":{"@id":"https:\/\/www.csj-emballages.com\/de\/#website"},"primaryImageOfPage":{"@id":"https:\/\/www.csj-emballages.com\/de\/produit\/super-activ-desinfektionstabletten-fuer-waschmaschinen-3-125-kg\/#primaryimage"},"image":{"@id":"https:\/\/www.csj-emballages.com\/de\/produit\/super-activ-desinfektionstabletten-fuer-waschmaschinen-3-125-kg\/#primaryimage"},"thumbnailUrl":"https:\/\/www.csj-emballages.com\/wp-content\/uploads\/2024\/03\/01025.webp","datePublished":"2024-03-01T16:00:20+00:00","dateModified":"2026-04-03T00:10:18+00:00","description":"Super ACTIV' TABS+ Desinfektionswaschmittel-Tabs 3,125 kg: Wirksamkeit ab 30\u00b0C, verst\u00e4rkter Fleckentferner, strahlendes Wei\u00df und optimale Hygiene.","breadcrumb":{"@id":"https:\/\/www.csj-emballages.com\/de\/produit\/super-activ-desinfektionstabletten-fuer-waschmaschinen-3-125-kg\/#breadcrumb"},"inLanguage":"de","potentialAction":[{"@type":"ReadAction","target":["https:\/\/www.csj-emballages.com\/de\/produit\/super-activ-desinfektionstabletten-fuer-waschmaschinen-3-125-kg\/"]}]},{"@type":"ImageObject","inLanguage":"de","@id":"https:\/\/www.csj-emballages.com\/de\/produit\/super-activ-desinfektionstabletten-fuer-waschmaschinen-3-125-kg\/#primaryimage","url":"https:\/\/www.csj-emballages.com\/wp-content\/uploads\/2024\/03\/01025.webp","contentUrl":"https:\/\/www.csj-emballages.com\/wp-content\/uploads\/2024\/03\/01025.webp","width":800,"height":799,"caption":"Lessive pastille d\u00e9sinfectante"},{"@type":"BreadcrumbList","@id":"https:\/\/www.csj-emballages.com\/de\/produit\/super-activ-desinfektionstabletten-fuer-waschmaschinen-3-125-kg\/#breadcrumb","itemListElement":[{"@type":"ListItem","position":1,"name":"Accueil","item":"https:\/\/www.csj-emballages.com\/de\/universum-lebensmittelverpackungen\/"},{"@type":"ListItem","position":2,"name":"Shop","item":"https:\/\/www.csj-emballages.com\/shop\/"},{"@type":"ListItem","position":3,"name":"Waschmittel Desinfektionstablette Waschmaschine Super ACTIV&rsquo; 3.125 kg"}]},{"@type":"WebSite","@id":"https:\/\/www.csj-emballages.com\/de\/#website","url":"https:\/\/www.csj-emballages.com\/de\/","name":"CSJ Emballages","description":"","publisher":{"@id":"https:\/\/www.csj-emballages.com\/de\/#organization"},"potentialAction":[{"@type":"SearchAction","target":{"@type":"EntryPoint","urlTemplate":"https:\/\/www.csj-emballages.com\/de\/?s={search_term_string}"},"query-input":{"@type":"PropertyValueSpecification","valueRequired":true,"valueName":"search_term_string"}}],"inLanguage":"de"},{"@type":"Organization","@id":"https:\/\/www.csj-emballages.com\/de\/#Organization\/","name":"CSJ Emballages","url":"https:\/\/www.csj-emballages.com\/de\/","logo":{"@type":"ImageObject","inLanguage":"de","@id":"https:\/\/www.csj-emballages.com\/de\/#\/schema\/logo\/image\/","url":"https:\/\/www.csj-emballages.com\/wp-content\/uploads\/2023\/10\/logo_csj.webp","contentUrl":"https:\/\/www.csj-emballages.com\/wp-content\/uploads\/2023\/10\/logo_csj.webp","width":250,"height":95,"caption":"CSJ Emballages"},"image":{"@id":"https:\/\/www.csj-emballages.com\/de\/#\/schema\/logo\/image\/"},"sameAs":["https:\/\/www.facebook.com\/csjemballages"],"address":{"@type":"PostalAddress","streetAddress":"ZI La Lechere","addressLocality":"Patornay","postalCode":"39130","addressCountry":"FR"},"contactPoint":[{"@type":"ContactPoint","contactType":"Service client","telephone":"0384254272","email":"contact@csj-emballages.com"}]}]}},"df_price":46.37,"df_sale_price":"","df_regular_price":46.37,"df_image_link":"https:\/\/www.csj-emballages.com\/wp-content\/uploads\/2024\/03\/01025-300x300.webp","tiered_pricing_type":"fixed","tiered_pricing_fixed_rules":[],"tiered_pricing_percentage_rules":[],"tiered_pricing_minimum":1,"tiered_pricing_roles_data":[],"_links":{"self":[{"href":"https:\/\/www.csj-emballages.com\/de\/wp-json\/wp\/v2\/product\/17219","targetHints":{"allow":["GET"]}}],"collection":[{"href":"https:\/\/www.csj-emballages.com\/de\/wp-json\/wp\/v2\/product"}],"about":[{"href":"https:\/\/www.csj-emballages.com\/de\/wp-json\/wp\/v2\/types\/product"}],"wp:featuredmedia":[{"embeddable":true,"href":"https:\/\/www.csj-emballages.com\/de\/wp-json\/wp\/v2\/media\/239220"}],"wp:attachment":[{"href":"https:\/\/www.csj-emballages.com\/de\/wp-json\/wp\/v2\/media?parent=17219"}],"wp:term":[{"taxonomy":"product_brand","embeddable":true,"href":"https:\/\/www.csj-emballages.com\/de\/wp-json\/wp\/v2\/product_brand?post=17219"},{"taxonomy":"product_cat","embeddable":true,"href":"https:\/\/www.csj-emballages.com\/de\/wp-json\/wp\/v2\/product_cat?post=17219"},{"taxonomy":"product_tag","embeddable":true,"href":"https:\/\/www.csj-emballages.com\/de\/wp-json\/wp\/v2\/product_tag?post=17219"}],"curies":[{"name":"wp","href":"https:\/\/api.w.org\/{rel}","templated":true}]}}