{"id":17213,"date":"2024-03-01T17:00:17","date_gmt":"2024-03-01T16:00:17","guid":{"rendered":"https:\/\/u15jnbdpoq.preview.infomaniak.website\/produit\/urinalroste-mit-marineduft\/"},"modified":"2026-03-12T16:00:56","modified_gmt":"2026-03-12T15:00:56","slug":"urinalroste-mit-marineduft","status":"publish","type":"product","link":"https:\/\/www.csj-emballages.com\/de\/produit\/urinalroste-mit-marineduft\/","title":{"rendered":"Urinalrost Marineduft"},"content":{"rendered":"<h2>Urinalgitter<\/h2>\n<hr>\n<h3>Beschreibung von unserem Urinalrost Marineduft<\/h3>\n<p><!--more--><\/p>\n<p data-start=\"109\" data-end=\"513\">Das <strong data-start=\"243\" data-end=\"275\">Urinalgitter mit Marineduft<\/strong> wurde f\u00fcr Hygienefachleute und \u00f6ffentliche Einrichtungen (ERP) entwickelt und ist ein unverzichtbares Hilfsmittel, um Ihre Toiletten sauber zu halten und unangenehme Ger\u00fcche zu vermeiden. Egal, ob Sie ein Restaurant, ein Hotel, ein Einkaufszentrum oder sogar B\u00fcros betreiben, dieses kleine, diskrete Accessoire macht einen gro\u00dfen Unterschied. Der <strong>Urinalrost<\/strong> besteht aus einem weichen, widerstandsf\u00e4higen Material und passt auf die meisten Urinale. Es bildet eine wirksame Barriere gegen Urinspritzer, Spritzer und feste R\u00fcckst\u00e4nde, die die Abfl\u00fcsse verstopfen k\u00f6nnten. Dank seiner durchbrochenen Form und der spritzwassergesch\u00fctzten Textur erleichtert es den Abfluss und h\u00e4lt das Urinal l\u00e4nger sauber.    <\/p>\n<p data-start=\"889\" data-end=\"1138\">Aber wo es sich wirklich abhebt, ist sein <strong data-start=\"943\" data-end=\"968\">frischer &#8222;Meeresduft&#8220;<\/strong>, der mehrere Wochen lang einen angenehmen Duft verbreitet. Schluss mit hartn\u00e4ckigen schlechten Ger\u00fcchen: Ihre Sanit\u00e4ranlagen strahlen schon beim Betreten Sauberkeit und Frische aus. <\/p>\n<p data-start=\"1140\" data-end=\"1408\">Sie ist einfach zu installieren und zu ersetzen, spart dem Reinigungspersonal Zeit und sorgt gleichzeitig f\u00fcr ein besseres Nutzererlebnis. Eine kleine, einfache, aber wichtige Geste f\u00fcr sauberere, einladendere und nachhaltigere Sanit\u00e4ranlagen. <\/p>\n<p data-start=\"1248\" data-end=\"1443\"><!--more--><\/p>\n<h4 data-start=\"1248\" data-end=\"1443\">Vorteile :<\/h4>\n<ul>\n<li>Neutralisiert wirksam schlechte Ger\u00fcche.<\/li>\n<li>Frischer und lang anhaltender &#8222;Marine&#8220;-Duft.<\/li>\n<li>Spritzwassergesch\u00fctzte Form f\u00fcr mehr Hygiene.<\/li>\n<li>Einfach zu verlegen und zu ersetzen.<\/li>\n<\/ul>\n<p>&nbsp;<\/p>\n<p><!--more--><\/p>\n<h4>Weitere Informationen :<\/h4>\n<ul>\n<li><strong>Verpackung<\/strong>: Einzeln<\/li>\n<li><strong>Ma\u00dfe<\/strong>: 18,5 x 18 cm<\/li>\n<li><strong>Verwendung<\/strong>: Urinalrost<\/li>\n<li><strong>Duftnote<\/strong>: Marine<\/li>\n<\/ul>\n<p>&nbsp;<\/p>\n<p><!--more--><\/p>\n<p>Entdecken Sie auch unsere Pissoirpastillen 33 g mit Zitrusgeschmack: <span style=\"color: #d12727;\"><a style=\"color: #d12727;\" href=\"https:\/\/www.csj-emballages.com\/es\/produit\/comprimidos-urinarios-de-33-g-con-sabor-a-citricos\/\">1637<\/a><\/span><\/p>\n<p>&nbsp;<\/p>\n<p><!--more--><\/p>\n<p><a href=\"https:\/\/www.csj-emballages.com\/de\/categorie-produit\/hygiene-und-pflege\/pflegeprodukte\/sanitar\/\">Sehen Sie sich den Rest unseres Sortiments an Sanit\u00e4rreinigern an  <\/a><\/p>\n","protected":false},"excerpt":{"rendered":"<p>Urinalgitter Beschreibung von unserem Urinalrost Marineduft<\/p>\n","protected":false},"featured_media":239371,"template":"","meta":{"_acf_changed":false},"product_brand":[],"product_cat":[1218,1219,1294],"product_tag":[],"class_list":{"0":"post-17213","1":"product","2":"type-product","3":"status-publish","4":"has-post-thumbnail","6":"product_cat-hygiene-und-pflege","7":"product_cat-pflegeprodukte","8":"product_cat-sanitar","10":"first","11":"instock","12":"taxable","13":"shipping-taxable","14":"purchasable","15":"product-type-simple"},"acf":[],"yoast_head":"<!-- This site is optimized with the Yoast SEO Premium plugin v26.6 (Yoast SEO v26.6) - https:\/\/yoast.com\/wordpress\/plugins\/seo\/ -->\n<title>Rost Urinal Parfum Marine<\/title>\n<meta name=\"description\" content=\"Urinalrost mit Meeresduft: neutralisiert Ger\u00fcche, verhindert Spritzer und verl\u00e4ngert die Hygiene in Sanit\u00e4ranlagen. Ideal f\u00fcr ERPs und \u00f6ffentliche Einrichtungen.\" \/>\n<meta name=\"robots\" content=\"index, follow, max-snippet:-1, max-image-preview:large, max-video-preview:-1\" \/>\n<link rel=\"canonical\" href=\"https:\/\/www.csj-emballages.com\/de\/produit\/urinalroste-mit-marineduft\/\" \/>\n<meta property=\"og:locale\" content=\"de_DE\" \/>\n<meta property=\"og:type\" content=\"article\" \/>\n<meta property=\"og:title\" content=\"Urinalrost Marineduft\" \/>\n<meta property=\"og:description\" content=\"Urinalrost mit Meeresduft: neutralisiert Ger\u00fcche, verhindert Spritzer und verl\u00e4ngert die Hygiene in Sanit\u00e4ranlagen. Ideal f\u00fcr ERPs und \u00f6ffentliche Einrichtungen.\" \/>\n<meta property=\"og:url\" content=\"https:\/\/www.csj-emballages.com\/de\/produit\/urinalroste-mit-marineduft\/\" \/>\n<meta property=\"og:site_name\" content=\"CSJ Emballages\" \/>\n<meta property=\"article:publisher\" content=\"https:\/\/www.facebook.com\/csjemballages\" \/>\n<meta property=\"article:modified_time\" content=\"2026-03-12T15:00:56+00:00\" \/>\n<meta property=\"og:image\" content=\"https:\/\/www.csj-emballages.com\/wp-content\/uploads\/2024\/03\/02212.webp\" \/>\n\t<meta property=\"og:image:width\" content=\"800\" \/>\n\t<meta property=\"og:image:height\" content=\"800\" \/>\n\t<meta property=\"og:image:type\" content=\"image\/webp\" \/>\n<meta name=\"twitter:card\" content=\"summary_large_image\" \/>\n<meta name=\"twitter:label1\" content=\"Gesch\u00e4tzte Lesezeit\" \/>\n\t<meta name=\"twitter:data1\" content=\"1\u00a0Minute\" \/>\n<script type=\"application\/ld+json\" class=\"yoast-schema-graph\">{\"@context\":\"https:\/\/schema.org\",\"@graph\":[{\"@type\":\"WebPage\",\"@id\":\"https:\/\/www.csj-emballages.com\/de\/produit\/urinalroste-mit-marineduft\/\",\"url\":\"https:\/\/www.csj-emballages.com\/de\/produit\/urinalroste-mit-marineduft\/\",\"name\":\"Rost Urinal Parfum Marine\",\"isPartOf\":{\"@id\":\"https:\/\/www.csj-emballages.com\/de\/#website\"},\"primaryImageOfPage\":{\"@id\":\"https:\/\/www.csj-emballages.com\/de\/produit\/urinalroste-mit-marineduft\/#primaryimage\"},\"image\":{\"@id\":\"https:\/\/www.csj-emballages.com\/de\/produit\/urinalroste-mit-marineduft\/#primaryimage\"},\"thumbnailUrl\":\"https:\/\/www.csj-emballages.com\/wp-content\/uploads\/2024\/03\/02212.webp\",\"datePublished\":\"2024-03-01T16:00:17+00:00\",\"dateModified\":\"2026-03-12T15:00:56+00:00\",\"description\":\"Urinalrost mit Meeresduft: neutralisiert Ger\u00fcche, verhindert Spritzer und verl\u00e4ngert die Hygiene in Sanit\u00e4ranlagen. Ideal f\u00fcr ERPs und \u00f6ffentliche Einrichtungen.\",\"breadcrumb\":{\"@id\":\"https:\/\/www.csj-emballages.com\/de\/produit\/urinalroste-mit-marineduft\/#breadcrumb\"},\"inLanguage\":\"de\",\"potentialAction\":[{\"@type\":\"ReadAction\",\"target\":[\"https:\/\/www.csj-emballages.com\/de\/produit\/urinalroste-mit-marineduft\/\"]}]},{\"@type\":\"ImageObject\",\"inLanguage\":\"de\",\"@id\":\"https:\/\/www.csj-emballages.com\/de\/produit\/urinalroste-mit-marineduft\/#primaryimage\",\"url\":\"https:\/\/www.csj-emballages.com\/wp-content\/uploads\/2024\/03\/02212.webp\",\"contentUrl\":\"https:\/\/www.csj-emballages.com\/wp-content\/uploads\/2024\/03\/02212.webp\",\"width\":800,\"height\":800,\"caption\":\"Grille urinoir\"},{\"@type\":\"BreadcrumbList\",\"@id\":\"https:\/\/www.csj-emballages.com\/de\/produit\/urinalroste-mit-marineduft\/#breadcrumb\",\"itemListElement\":[{\"@type\":\"ListItem\",\"position\":1,\"name\":\"Accueil\",\"item\":\"https:\/\/www.csj-emballages.com\/de\/universum-lebensmittelverpackungen\/\"},{\"@type\":\"ListItem\",\"position\":2,\"name\":\"Shop\",\"item\":\"https:\/\/www.csj-emballages.com\/shop\/\"},{\"@type\":\"ListItem\",\"position\":3,\"name\":\"Urinalrost Marineduft\"}]},{\"@type\":\"WebSite\",\"@id\":\"https:\/\/www.csj-emballages.com\/de\/#website\",\"url\":\"https:\/\/www.csj-emballages.com\/de\/\",\"name\":\"CSJ Emballages\",\"description\":\"\",\"publisher\":{\"@id\":\"https:\/\/www.csj-emballages.com\/de\/#organization\"},\"potentialAction\":[{\"@type\":\"SearchAction\",\"target\":{\"@type\":\"EntryPoint\",\"urlTemplate\":\"https:\/\/www.csj-emballages.com\/de\/?s={search_term_string}\"},\"query-input\":{\"@type\":\"PropertyValueSpecification\",\"valueRequired\":true,\"valueName\":\"search_term_string\"}}],\"inLanguage\":\"de\"},{\"@type\":\"Organization\",\"@id\":\"https:\/\/www.csj-emballages.com\/de\/#Organization\/\",\"name\":\"CSJ Emballages\",\"url\":\"https:\/\/www.csj-emballages.com\/de\/\",\"logo\":{\"@type\":\"ImageObject\",\"inLanguage\":\"de\",\"@id\":\"https:\/\/www.csj-emballages.com\/de\/#\/schema\/logo\/image\/\",\"url\":\"https:\/\/www.csj-emballages.com\/wp-content\/uploads\/2023\/10\/logo_csj.webp\",\"contentUrl\":\"https:\/\/www.csj-emballages.com\/wp-content\/uploads\/2023\/10\/logo_csj.webp\",\"width\":250,\"height\":95,\"caption\":\"CSJ Emballages\"},\"image\":{\"@id\":\"https:\/\/www.csj-emballages.com\/de\/#\/schema\/logo\/image\/\"},\"sameAs\":[\"https:\/\/www.facebook.com\/csjemballages\"],\"address\":{\"@type\":\"PostalAddress\",\"streetAddress\":\"ZI La Lechere\",\"addressLocality\":\"Patornay\",\"postalCode\":\"39130\",\"addressCountry\":\"FR\"},\"contactPoint\":[{\"@type\":\"ContactPoint\",\"contactType\":\"Service client\",\"telephone\":\"0384254272\",\"email\":\"contact@csj-emballages.com\"}]}]}<\/script>\n<!-- \/ Yoast SEO Premium plugin. -->","yoast_head_json":{"title":"Rost Urinal Parfum Marine","description":"Urinalrost mit Meeresduft: neutralisiert Ger\u00fcche, verhindert Spritzer und verl\u00e4ngert die Hygiene in Sanit\u00e4ranlagen. Ideal f\u00fcr ERPs und \u00f6ffentliche Einrichtungen.","robots":{"index":"index","follow":"follow","max-snippet":"max-snippet:-1","max-image-preview":"max-image-preview:large","max-video-preview":"max-video-preview:-1"},"canonical":"https:\/\/www.csj-emballages.com\/de\/produit\/urinalroste-mit-marineduft\/","og_locale":"de_DE","og_type":"article","og_title":"Urinalrost Marineduft","og_description":"Urinalrost mit Meeresduft: neutralisiert Ger\u00fcche, verhindert Spritzer und verl\u00e4ngert die Hygiene in Sanit\u00e4ranlagen. Ideal f\u00fcr ERPs und \u00f6ffentliche Einrichtungen.","og_url":"https:\/\/www.csj-emballages.com\/de\/produit\/urinalroste-mit-marineduft\/","og_site_name":"CSJ Emballages","article_publisher":"https:\/\/www.facebook.com\/csjemballages","article_modified_time":"2026-03-12T15:00:56+00:00","og_image":[{"width":800,"height":800,"url":"https:\/\/www.csj-emballages.com\/wp-content\/uploads\/2024\/03\/02212.webp","type":"image\/webp"}],"twitter_card":"summary_large_image","twitter_misc":{"Gesch\u00e4tzte Lesezeit":"1\u00a0Minute"},"schema":{"@context":"https:\/\/schema.org","@graph":[{"@type":"WebPage","@id":"https:\/\/www.csj-emballages.com\/de\/produit\/urinalroste-mit-marineduft\/","url":"https:\/\/www.csj-emballages.com\/de\/produit\/urinalroste-mit-marineduft\/","name":"Rost Urinal Parfum Marine","isPartOf":{"@id":"https:\/\/www.csj-emballages.com\/de\/#website"},"primaryImageOfPage":{"@id":"https:\/\/www.csj-emballages.com\/de\/produit\/urinalroste-mit-marineduft\/#primaryimage"},"image":{"@id":"https:\/\/www.csj-emballages.com\/de\/produit\/urinalroste-mit-marineduft\/#primaryimage"},"thumbnailUrl":"https:\/\/www.csj-emballages.com\/wp-content\/uploads\/2024\/03\/02212.webp","datePublished":"2024-03-01T16:00:17+00:00","dateModified":"2026-03-12T15:00:56+00:00","description":"Urinalrost mit Meeresduft: neutralisiert Ger\u00fcche, verhindert Spritzer und verl\u00e4ngert die Hygiene in Sanit\u00e4ranlagen. Ideal f\u00fcr ERPs und \u00f6ffentliche Einrichtungen.","breadcrumb":{"@id":"https:\/\/www.csj-emballages.com\/de\/produit\/urinalroste-mit-marineduft\/#breadcrumb"},"inLanguage":"de","potentialAction":[{"@type":"ReadAction","target":["https:\/\/www.csj-emballages.com\/de\/produit\/urinalroste-mit-marineduft\/"]}]},{"@type":"ImageObject","inLanguage":"de","@id":"https:\/\/www.csj-emballages.com\/de\/produit\/urinalroste-mit-marineduft\/#primaryimage","url":"https:\/\/www.csj-emballages.com\/wp-content\/uploads\/2024\/03\/02212.webp","contentUrl":"https:\/\/www.csj-emballages.com\/wp-content\/uploads\/2024\/03\/02212.webp","width":800,"height":800,"caption":"Grille urinoir"},{"@type":"BreadcrumbList","@id":"https:\/\/www.csj-emballages.com\/de\/produit\/urinalroste-mit-marineduft\/#breadcrumb","itemListElement":[{"@type":"ListItem","position":1,"name":"Accueil","item":"https:\/\/www.csj-emballages.com\/de\/universum-lebensmittelverpackungen\/"},{"@type":"ListItem","position":2,"name":"Shop","item":"https:\/\/www.csj-emballages.com\/shop\/"},{"@type":"ListItem","position":3,"name":"Urinalrost Marineduft"}]},{"@type":"WebSite","@id":"https:\/\/www.csj-emballages.com\/de\/#website","url":"https:\/\/www.csj-emballages.com\/de\/","name":"CSJ Emballages","description":"","publisher":{"@id":"https:\/\/www.csj-emballages.com\/de\/#organization"},"potentialAction":[{"@type":"SearchAction","target":{"@type":"EntryPoint","urlTemplate":"https:\/\/www.csj-emballages.com\/de\/?s={search_term_string}"},"query-input":{"@type":"PropertyValueSpecification","valueRequired":true,"valueName":"search_term_string"}}],"inLanguage":"de"},{"@type":"Organization","@id":"https:\/\/www.csj-emballages.com\/de\/#Organization\/","name":"CSJ Emballages","url":"https:\/\/www.csj-emballages.com\/de\/","logo":{"@type":"ImageObject","inLanguage":"de","@id":"https:\/\/www.csj-emballages.com\/de\/#\/schema\/logo\/image\/","url":"https:\/\/www.csj-emballages.com\/wp-content\/uploads\/2023\/10\/logo_csj.webp","contentUrl":"https:\/\/www.csj-emballages.com\/wp-content\/uploads\/2023\/10\/logo_csj.webp","width":250,"height":95,"caption":"CSJ Emballages"},"image":{"@id":"https:\/\/www.csj-emballages.com\/de\/#\/schema\/logo\/image\/"},"sameAs":["https:\/\/www.facebook.com\/csjemballages"],"address":{"@type":"PostalAddress","streetAddress":"ZI La Lechere","addressLocality":"Patornay","postalCode":"39130","addressCountry":"FR"},"contactPoint":[{"@type":"ContactPoint","contactType":"Service client","telephone":"0384254272","email":"contact@csj-emballages.com"}]}]}},"df_price":2.63,"df_sale_price":"","df_regular_price":2.63,"df_image_link":"https:\/\/www.csj-emballages.com\/wp-content\/uploads\/2024\/03\/02212-300x300.webp","tiered_pricing_type":"fixed","tiered_pricing_fixed_rules":[],"tiered_pricing_percentage_rules":[],"tiered_pricing_minimum":1,"tiered_pricing_roles_data":[],"_links":{"self":[{"href":"https:\/\/www.csj-emballages.com\/de\/wp-json\/wp\/v2\/product\/17213","targetHints":{"allow":["GET"]}}],"collection":[{"href":"https:\/\/www.csj-emballages.com\/de\/wp-json\/wp\/v2\/product"}],"about":[{"href":"https:\/\/www.csj-emballages.com\/de\/wp-json\/wp\/v2\/types\/product"}],"wp:featuredmedia":[{"embeddable":true,"href":"https:\/\/www.csj-emballages.com\/de\/wp-json\/wp\/v2\/media\/239371"}],"wp:attachment":[{"href":"https:\/\/www.csj-emballages.com\/de\/wp-json\/wp\/v2\/media?parent=17213"}],"wp:term":[{"taxonomy":"product_brand","embeddable":true,"href":"https:\/\/www.csj-emballages.com\/de\/wp-json\/wp\/v2\/product_brand?post=17213"},{"taxonomy":"product_cat","embeddable":true,"href":"https:\/\/www.csj-emballages.com\/de\/wp-json\/wp\/v2\/product_cat?post=17213"},{"taxonomy":"product_tag","embeddable":true,"href":"https:\/\/www.csj-emballages.com\/de\/wp-json\/wp\/v2\/product_tag?post=17213"}],"curies":[{"name":"wp","href":"https:\/\/api.w.org\/{rel}","templated":true}]}}