{"id":17212,"date":"2024-03-01T17:00:20","date_gmt":"2024-03-01T16:00:20","guid":{"rendered":"https:\/\/u15jnbdpoq.preview.infomaniak.website\/produit\/neutrales-reinigungsmittel-mit-zitronenduft-5-liter\/"},"modified":"2026-04-16T02:10:11","modified_gmt":"2026-04-16T00:10:11","slug":"neutrales-reinigungsmittel-mit-zitronenduft-5-liter","status":"publish","type":"product","link":"https:\/\/www.csj-emballages.com\/de\/produit\/neutrales-reinigungsmittel-mit-zitronenduft-5-liter\/","title":{"rendered":"Neutraler Reiniger mit Zitronenduft 5 Liter"},"content":{"rendered":"<div class=\"flex flex-grow flex-col max-w-full\">\n<div class=\"min-h-[20px] text-message flex flex-col items-start whitespace-pre-wrap break-words [.text-message+&amp;]:mt-5 juice:w-full juice:items-end overflow-x-auto gap-2\" dir=\"auto\" data-message-author-role=\"assistant\" data-message-id=\"2034782e-88f9-44ef-b4dc-07dd7bf0115f\">\n<div class=\"flex w-full flex-col gap-1 juice:empty:hidden juice:first:pt-[3px]\">\n<div class=\"markdown prose w-full break-words dark:prose-invert light\">\n<div style=\"box-sizing: inherit; font-family: Roboto, sans-serif;\">\n<div style=\"box-sizing: inherit; font-family: Roboto, sans-serif;\">\n<div style=\"box-sizing: inherit; font-family: Roboto, sans-serif;\">\n<div style=\"box-sizing: inherit; font-family: Roboto, sans-serif;\">\n<div style=\"box-sizing: inherit; font-family: Roboto, sans-serif;\">\n<div style=\"box-sizing: inherit; font-family: Roboto, sans-serif;\">\n<h2 class=\"p1\">Neutraler Reiniger<\/h2>\n<div style=\"box-sizing: inherit; font-family: Roboto, sans-serif;\">\n<div style=\"box-sizing: inherit; font-family: Roboto, sans-serif;\">\n<div style=\"box-sizing: inherit; font-family: Roboto, sans-serif;\">\n<div style=\"text-align: center;\">\n<div style=\"box-sizing: inherit; font-family: Roboto, sans-serif;\">\n<div style=\"box-sizing: inherit; font-family: Roboto, sans-serif;\">\n<div style=\"box-sizing: inherit; font-family: Roboto, sans-serif;\">\n<div style=\"box-sizing: inherit; font-family: Roboto, sans-serif;\">\n<div style=\"box-sizing: inherit; font-family: Roboto, sans-serif;\">\n<div style=\"box-sizing: inherit; font-family: Roboto, sans-serif; text-align: left;\">\n<hr>\n<h3 style=\"text-align: left;\">Beschreibung unseres Neutralreinigers mit Zitronenduft 5 Liter<\/h3>\n<h3 style=\"text-align: left;\"><!--more--><\/h3>\n<p data-start=\"223\" data-end=\"610\">Der <strong data-start=\"276\" data-end=\"319\">5-Liter-Neutralreiniger mit Zitronenduft<\/strong> wurde f\u00fcr eine wirksame und gleichzeitig sanfte Reinigung entwickelt und ist der ideale Verb\u00fcndete f\u00fcr Profis und Privatpersonen, die sich um die Hygiene und Sauberkeit ihrer empfindlichen B\u00f6den sorgen. Dank seiner ausgewogenen Formulierung ist er perfekt f\u00fcr <strong data-start=\"513\" data-end=\"537\">empfindliche Bodenbel\u00e4ge<\/strong> wie Marmor, Terrazzo, Sandstein, Mosaik und viele andere geeignet. <\/p>\n<p data-start=\"612\" data-end=\"1109\">Im Gegensatz zu herk\u00f6mmlichen Produkten, die oft zu aggressiv sind, schont dieser Reiniger die Materialien und sorgt gleichzeitig f\u00fcr eine leistungsstarke Reinigung. Dank seiner <strong data-start=\"763\" data-end=\"825\">mit Bioalkoholen und desodorierenden Wirkstoffen angereicherten Zusammensetzung<\/strong> hinterl\u00e4sst er ein <strong data-start=\"854\" data-end=\"889\">angenehmes Gef\u00fchl von Zitronenfrische<\/strong>, das sofort an Sauberkeit erinnert. Er reinigt nicht nur, sondern <strong data-start=\"977\" data-end=\"1003\">desodoriert<\/strong> die behandelten Oberfl\u00e4chen <strong data-start=\"977\" data-end=\"1003\">nachhaltig<\/strong> und tr\u00e4gt zu einer gesunden Atmosph\u00e4re in Ihren Arbeits- und Wohnr\u00e4umen bei.  <\/p>\n<p data-start=\"1111\" data-end=\"1343\">Ein nicht zu vernachl\u00e4ssigendes Extra: Er enth\u00e4lt auch <strong data-start=\"1166\" data-end=\"1201\">Inhaltsstoffe mit insektenabwehrender Wirkung<\/strong>, eine diskrete, aber effektive L\u00f6sung, um die Anwesenheit bestimmter Insekten auf nat\u00fcrliche Weise einzuschr\u00e4nken, vor allem in den warmen Jahreszeiten.<\/p>\n<p data-start=\"1345\" data-end=\"1546\">Au\u00dferdem ist dieser <strong>neutrale Bodenreiniger<\/strong> in einem <strong>5-Liter-Kanister<\/strong> sparsam im Gebrauch, einfach zu verd\u00fcnnen und mit allen Arten von manuellen oder mechanischen Waschger\u00e4ten (Scheuersaugmaschinen, Mopps usw.) kompatibel.<\/p>\n<p data-start=\"1548\" data-end=\"1748\">Kurz gesagt: Ob in Eingangshallen, Gro\u00dfk\u00fcchen, Hotels oder sogar bei Ihnen zu Hause &#8211; dieses vielseitige und frische Produkt bietet eine <strong data-start=\"1687\" data-end=\"1708\">Komplettl\u00f6sung<\/strong> f\u00fcr die t\u00e4gliche Pflege Ihrer B\u00f6den.<\/p>\n<p data-start=\"1548\" data-end=\"1748\">\n<\/div>\n<\/div>\n<\/div>\n<\/div>\n<\/div>\n<\/div>\n<\/div>\n<\/div>\n<\/div>\n<\/div>\n<\/div>\n<\/div>\n<\/div>\n<\/div>\n<\/div>\n<\/div>\n<\/div>\n<\/div>\n<\/div>\n<\/div>\n<div class=\"flex flex-grow flex-col max-w-full\">\n<div class=\"min-h-[20px] text-message flex flex-col items-start whitespace-pre-wrap break-words [.text-message+&amp;]:mt-5 juice:w-full juice:items-end overflow-x-auto gap-2\" dir=\"auto\" data-message-author-role=\"assistant\" data-message-id=\"2034782e-88f9-44ef-b4dc-07dd7bf0115f\">\n<div class=\"flex w-full flex-col gap-1 juice:empty:hidden juice:first:pt-[3px]\">\n<div class=\"markdown prose w-full break-words dark:prose-invert light\">\n<div style=\"box-sizing: inherit; font-family: Roboto, sans-serif;\">\n<div style=\"box-sizing: inherit; font-family: Roboto, sans-serif;\">\n<div style=\"box-sizing: inherit; font-family: Roboto, sans-serif;\">\n<div style=\"box-sizing: inherit; font-family: Roboto, sans-serif;\">\n<div style=\"box-sizing: inherit; font-family: Roboto, sans-serif;\">\n<div style=\"box-sizing: inherit; font-family: Roboto, sans-serif;\">\n<p><!--more--><\/p>\n<h4 style=\"text-align: left;\"><strong>Vorteile :<\/strong><\/h4>\n<ul style=\"text-align: left;\">\n<li>Geeignet f\u00fcr empfindliche B\u00f6den: Marmor, Terrazzo, Sandstein, Mosaik&#8230;<\/li>\n<li>Frischer, lang anhaltender Zitronenduft.<\/li>\n<li>Sanfte, aber wirksame Formel, ohne die Oberfl\u00e4chen anzugreifen.<\/li>\n<li>Enth\u00e4lt Bioalkohole und desodorierende Wirkstoffe.<\/li>\n<li>Integrierter Insektenschutz-Effekt f\u00fcr eine ges\u00fcndere Umwelt.<\/li>\n<li>Kompatibel mit manueller Reinigung oder Scheuersaugmaschine.<\/li>\n<\/ul>\n<\/div>\n<\/div>\n<p>&nbsp;<\/p>\n<\/div>\n<\/div>\n<\/div>\n<\/div>\n<\/div>\n<\/div>\n<\/div>\n<\/div>\n<p><!--more--><\/p>\n<h4>Weitere Informationen :<\/h4>\n<ul>\n<li><strong>Verpackung<\/strong>: Einzeln<\/li>\n<li><strong>Verwendung<\/strong>: Neutraler Bodenreiniger<\/li>\n<li><strong>Volumen<\/strong>: 5 Liter<\/li>\n<li><strong>Aussehen<\/strong>: fl\u00fcssig<\/li>\n<li><strong>Farbe<\/strong>: Gelb<\/li>\n<li><strong>pH-Wert<\/strong>: 6.5<\/li>\n<li><strong>Dichte<\/strong> (20\u00ba C): 0.998 g\/ml<\/li>\n<\/ul>\n<p>&nbsp;<\/p>\n<p><!--more--><\/p>\n<p class=\"woocommerce-loop-product__title\">Finden Sie auch unsere 250 Portionen Reinigungsmittel mit Geruchsverlust, Desinfektionsmittel und Raumduft 20ml : <span style=\"color: #d12727;\"><a style=\"color: #d12727;\" href=\"https:\/\/www.csj-emballages.com\/es\/produit\/250-bolsitas-de-detergente-desinfectante-con-fragancia-ambiental-20-ml\/\">A50020<\/a><\/span><\/p>\n<p>&nbsp;<\/p>\n<p style=\"text-align: left;\"><!--more--><\/p>\n<p><a href=\"https:\/\/www.csj-emballages.com\/de\/categorie-produit\/hygiene-und-pflege\/pflegeprodukte\/boden\/\">Sehen Sie sich den Rest unseres Sortiments an Bodenpflegeprodukten an.<\/a><\/p>\n","protected":false},"excerpt":{"rendered":"<p>Neutraler Reiniger Beschreibung unseres Neutralreinigers mit Zitronenduft 5 Liter<\/p>\n","protected":false},"featured_media":239594,"template":"","meta":{"_acf_changed":false},"product_brand":[],"product_cat":[1218,1219,1390],"product_tag":[],"class_list":{"0":"post-17212","1":"product","2":"type-product","3":"status-publish","4":"has-post-thumbnail","6":"product_cat-hygiene-und-pflege","7":"product_cat-pflegeprodukte","8":"product_cat-boden","9":"product_shipping_class-verboten-in-staffeln","11":"first","12":"instock","13":"taxable","14":"shipping-taxable","15":"purchasable","16":"product-type-simple"},"acf":[],"yoast_head":"<!-- This site is optimized with the Yoast SEO Premium plugin v26.6 (Yoast SEO v26.6) - https:\/\/yoast.com\/wordpress\/plugins\/seo\/ -->\n<title>Neutraler Reiniger mit Zitronenduft 5 Liter<\/title>\n<meta name=\"description\" content=\"Neutraler Reiniger Zitrone 5L f\u00fcr empfindliche B\u00f6den. Frischer Duft, insektenabweisende Wirkung, ideal f\u00fcr Marmor, Terrazzo, Mosaik usw.\" \/>\n<meta name=\"robots\" content=\"index, follow, max-snippet:-1, max-image-preview:large, max-video-preview:-1\" \/>\n<link rel=\"canonical\" href=\"https:\/\/www.csj-emballages.com\/de\/produit\/neutrales-reinigungsmittel-mit-zitronenduft-5-liter\/\" \/>\n<meta property=\"og:locale\" content=\"de_DE\" \/>\n<meta property=\"og:type\" content=\"article\" \/>\n<meta property=\"og:title\" content=\"Neutraler Reiniger mit Zitronenduft 5 Liter\" \/>\n<meta property=\"og:description\" content=\"Neutraler Reiniger Zitrone 5L f\u00fcr empfindliche B\u00f6den. Frischer Duft, insektenabweisende Wirkung, ideal f\u00fcr Marmor, Terrazzo, Mosaik usw.\" \/>\n<meta property=\"og:url\" content=\"https:\/\/www.csj-emballages.com\/de\/produit\/neutrales-reinigungsmittel-mit-zitronenduft-5-liter\/\" \/>\n<meta property=\"og:site_name\" content=\"CSJ Emballages\" \/>\n<meta property=\"article:publisher\" content=\"https:\/\/www.facebook.com\/csjemballages\" \/>\n<meta property=\"article:modified_time\" content=\"2026-04-16T00:10:11+00:00\" \/>\n<meta property=\"og:image\" content=\"https:\/\/www.csj-emballages.com\/wp-content\/uploads\/2024\/03\/01095.webp\" \/>\n\t<meta property=\"og:image:width\" content=\"800\" \/>\n\t<meta property=\"og:image:height\" content=\"800\" \/>\n\t<meta property=\"og:image:type\" content=\"image\/webp\" \/>\n<meta name=\"twitter:card\" content=\"summary_large_image\" \/>\n<meta name=\"twitter:label1\" content=\"Gesch\u00e4tzte Lesezeit\" \/>\n\t<meta name=\"twitter:data1\" content=\"2 Minuten\" \/>\n<script type=\"application\/ld+json\" class=\"yoast-schema-graph\">{\"@context\":\"https:\/\/schema.org\",\"@graph\":[{\"@type\":\"WebPage\",\"@id\":\"https:\/\/www.csj-emballages.com\/de\/produit\/neutrales-reinigungsmittel-mit-zitronenduft-5-liter\/\",\"url\":\"https:\/\/www.csj-emballages.com\/de\/produit\/neutrales-reinigungsmittel-mit-zitronenduft-5-liter\/\",\"name\":\"Neutraler Reiniger mit Zitronenduft 5 Liter\",\"isPartOf\":{\"@id\":\"https:\/\/www.csj-emballages.com\/de\/#website\"},\"primaryImageOfPage\":{\"@id\":\"https:\/\/www.csj-emballages.com\/de\/produit\/neutrales-reinigungsmittel-mit-zitronenduft-5-liter\/#primaryimage\"},\"image\":{\"@id\":\"https:\/\/www.csj-emballages.com\/de\/produit\/neutrales-reinigungsmittel-mit-zitronenduft-5-liter\/#primaryimage\"},\"thumbnailUrl\":\"https:\/\/www.csj-emballages.com\/wp-content\/uploads\/2024\/03\/01095.webp\",\"datePublished\":\"2024-03-01T16:00:20+00:00\",\"dateModified\":\"2026-04-16T00:10:11+00:00\",\"description\":\"Neutraler Reiniger Zitrone 5L f\u00fcr empfindliche B\u00f6den. Frischer Duft, insektenabweisende Wirkung, ideal f\u00fcr Marmor, Terrazzo, Mosaik usw.\",\"breadcrumb\":{\"@id\":\"https:\/\/www.csj-emballages.com\/de\/produit\/neutrales-reinigungsmittel-mit-zitronenduft-5-liter\/#breadcrumb\"},\"inLanguage\":\"de\",\"potentialAction\":[{\"@type\":\"ReadAction\",\"target\":[\"https:\/\/www.csj-emballages.com\/de\/produit\/neutrales-reinigungsmittel-mit-zitronenduft-5-liter\/\"]}]},{\"@type\":\"ImageObject\",\"inLanguage\":\"de\",\"@id\":\"https:\/\/www.csj-emballages.com\/de\/produit\/neutrales-reinigungsmittel-mit-zitronenduft-5-liter\/#primaryimage\",\"url\":\"https:\/\/www.csj-emballages.com\/wp-content\/uploads\/2024\/03\/01095.webp\",\"contentUrl\":\"https:\/\/www.csj-emballages.com\/wp-content\/uploads\/2024\/03\/01095.webp\",\"width\":800,\"height\":800,\"caption\":\"Nettoyant neutre\"},{\"@type\":\"BreadcrumbList\",\"@id\":\"https:\/\/www.csj-emballages.com\/de\/produit\/neutrales-reinigungsmittel-mit-zitronenduft-5-liter\/#breadcrumb\",\"itemListElement\":[{\"@type\":\"ListItem\",\"position\":1,\"name\":\"Accueil\",\"item\":\"https:\/\/www.csj-emballages.com\/de\/universum-lebensmittelverpackungen\/\"},{\"@type\":\"ListItem\",\"position\":2,\"name\":\"Shop\",\"item\":\"https:\/\/www.csj-emballages.com\/shop\/\"},{\"@type\":\"ListItem\",\"position\":3,\"name\":\"Neutraler Reiniger mit Zitronenduft 5 Liter\"}]},{\"@type\":\"WebSite\",\"@id\":\"https:\/\/www.csj-emballages.com\/de\/#website\",\"url\":\"https:\/\/www.csj-emballages.com\/de\/\",\"name\":\"CSJ Emballages\",\"description\":\"\",\"publisher\":{\"@id\":\"https:\/\/www.csj-emballages.com\/de\/#organization\"},\"potentialAction\":[{\"@type\":\"SearchAction\",\"target\":{\"@type\":\"EntryPoint\",\"urlTemplate\":\"https:\/\/www.csj-emballages.com\/de\/?s={search_term_string}\"},\"query-input\":{\"@type\":\"PropertyValueSpecification\",\"valueRequired\":true,\"valueName\":\"search_term_string\"}}],\"inLanguage\":\"de\"},{\"@type\":\"Organization\",\"@id\":\"https:\/\/www.csj-emballages.com\/de\/#Organization\/\",\"name\":\"CSJ Emballages\",\"url\":\"https:\/\/www.csj-emballages.com\/de\/\",\"logo\":{\"@type\":\"ImageObject\",\"inLanguage\":\"de\",\"@id\":\"https:\/\/www.csj-emballages.com\/de\/#\/schema\/logo\/image\/\",\"url\":\"https:\/\/www.csj-emballages.com\/wp-content\/uploads\/2023\/10\/logo_csj.webp\",\"contentUrl\":\"https:\/\/www.csj-emballages.com\/wp-content\/uploads\/2023\/10\/logo_csj.webp\",\"width\":250,\"height\":95,\"caption\":\"CSJ Emballages\"},\"image\":{\"@id\":\"https:\/\/www.csj-emballages.com\/de\/#\/schema\/logo\/image\/\"},\"sameAs\":[\"https:\/\/www.facebook.com\/csjemballages\"],\"address\":{\"@type\":\"PostalAddress\",\"streetAddress\":\"ZI La Lechere\",\"addressLocality\":\"Patornay\",\"postalCode\":\"39130\",\"addressCountry\":\"FR\"},\"contactPoint\":[{\"@type\":\"ContactPoint\",\"contactType\":\"Service client\",\"telephone\":\"0384254272\",\"email\":\"contact@csj-emballages.com\"}]}]}<\/script>\n<!-- \/ Yoast SEO Premium plugin. -->","yoast_head_json":{"title":"Neutraler Reiniger mit Zitronenduft 5 Liter","description":"Neutraler Reiniger Zitrone 5L f\u00fcr empfindliche B\u00f6den. Frischer Duft, insektenabweisende Wirkung, ideal f\u00fcr Marmor, Terrazzo, Mosaik usw.","robots":{"index":"index","follow":"follow","max-snippet":"max-snippet:-1","max-image-preview":"max-image-preview:large","max-video-preview":"max-video-preview:-1"},"canonical":"https:\/\/www.csj-emballages.com\/de\/produit\/neutrales-reinigungsmittel-mit-zitronenduft-5-liter\/","og_locale":"de_DE","og_type":"article","og_title":"Neutraler Reiniger mit Zitronenduft 5 Liter","og_description":"Neutraler Reiniger Zitrone 5L f\u00fcr empfindliche B\u00f6den. Frischer Duft, insektenabweisende Wirkung, ideal f\u00fcr Marmor, Terrazzo, Mosaik usw.","og_url":"https:\/\/www.csj-emballages.com\/de\/produit\/neutrales-reinigungsmittel-mit-zitronenduft-5-liter\/","og_site_name":"CSJ Emballages","article_publisher":"https:\/\/www.facebook.com\/csjemballages","article_modified_time":"2026-04-16T00:10:11+00:00","og_image":[{"width":800,"height":800,"url":"https:\/\/www.csj-emballages.com\/wp-content\/uploads\/2024\/03\/01095.webp","type":"image\/webp"}],"twitter_card":"summary_large_image","twitter_misc":{"Gesch\u00e4tzte Lesezeit":"2 Minuten"},"schema":{"@context":"https:\/\/schema.org","@graph":[{"@type":"WebPage","@id":"https:\/\/www.csj-emballages.com\/de\/produit\/neutrales-reinigungsmittel-mit-zitronenduft-5-liter\/","url":"https:\/\/www.csj-emballages.com\/de\/produit\/neutrales-reinigungsmittel-mit-zitronenduft-5-liter\/","name":"Neutraler Reiniger mit Zitronenduft 5 Liter","isPartOf":{"@id":"https:\/\/www.csj-emballages.com\/de\/#website"},"primaryImageOfPage":{"@id":"https:\/\/www.csj-emballages.com\/de\/produit\/neutrales-reinigungsmittel-mit-zitronenduft-5-liter\/#primaryimage"},"image":{"@id":"https:\/\/www.csj-emballages.com\/de\/produit\/neutrales-reinigungsmittel-mit-zitronenduft-5-liter\/#primaryimage"},"thumbnailUrl":"https:\/\/www.csj-emballages.com\/wp-content\/uploads\/2024\/03\/01095.webp","datePublished":"2024-03-01T16:00:20+00:00","dateModified":"2026-04-16T00:10:11+00:00","description":"Neutraler Reiniger Zitrone 5L f\u00fcr empfindliche B\u00f6den. Frischer Duft, insektenabweisende Wirkung, ideal f\u00fcr Marmor, Terrazzo, Mosaik usw.","breadcrumb":{"@id":"https:\/\/www.csj-emballages.com\/de\/produit\/neutrales-reinigungsmittel-mit-zitronenduft-5-liter\/#breadcrumb"},"inLanguage":"de","potentialAction":[{"@type":"ReadAction","target":["https:\/\/www.csj-emballages.com\/de\/produit\/neutrales-reinigungsmittel-mit-zitronenduft-5-liter\/"]}]},{"@type":"ImageObject","inLanguage":"de","@id":"https:\/\/www.csj-emballages.com\/de\/produit\/neutrales-reinigungsmittel-mit-zitronenduft-5-liter\/#primaryimage","url":"https:\/\/www.csj-emballages.com\/wp-content\/uploads\/2024\/03\/01095.webp","contentUrl":"https:\/\/www.csj-emballages.com\/wp-content\/uploads\/2024\/03\/01095.webp","width":800,"height":800,"caption":"Nettoyant neutre"},{"@type":"BreadcrumbList","@id":"https:\/\/www.csj-emballages.com\/de\/produit\/neutrales-reinigungsmittel-mit-zitronenduft-5-liter\/#breadcrumb","itemListElement":[{"@type":"ListItem","position":1,"name":"Accueil","item":"https:\/\/www.csj-emballages.com\/de\/universum-lebensmittelverpackungen\/"},{"@type":"ListItem","position":2,"name":"Shop","item":"https:\/\/www.csj-emballages.com\/shop\/"},{"@type":"ListItem","position":3,"name":"Neutraler Reiniger mit Zitronenduft 5 Liter"}]},{"@type":"WebSite","@id":"https:\/\/www.csj-emballages.com\/de\/#website","url":"https:\/\/www.csj-emballages.com\/de\/","name":"CSJ Emballages","description":"","publisher":{"@id":"https:\/\/www.csj-emballages.com\/de\/#organization"},"potentialAction":[{"@type":"SearchAction","target":{"@type":"EntryPoint","urlTemplate":"https:\/\/www.csj-emballages.com\/de\/?s={search_term_string}"},"query-input":{"@type":"PropertyValueSpecification","valueRequired":true,"valueName":"search_term_string"}}],"inLanguage":"de"},{"@type":"Organization","@id":"https:\/\/www.csj-emballages.com\/de\/#Organization\/","name":"CSJ Emballages","url":"https:\/\/www.csj-emballages.com\/de\/","logo":{"@type":"ImageObject","inLanguage":"de","@id":"https:\/\/www.csj-emballages.com\/de\/#\/schema\/logo\/image\/","url":"https:\/\/www.csj-emballages.com\/wp-content\/uploads\/2023\/10\/logo_csj.webp","contentUrl":"https:\/\/www.csj-emballages.com\/wp-content\/uploads\/2023\/10\/logo_csj.webp","width":250,"height":95,"caption":"CSJ Emballages"},"image":{"@id":"https:\/\/www.csj-emballages.com\/de\/#\/schema\/logo\/image\/"},"sameAs":["https:\/\/www.facebook.com\/csjemballages"],"address":{"@type":"PostalAddress","streetAddress":"ZI La Lechere","addressLocality":"Patornay","postalCode":"39130","addressCountry":"FR"},"contactPoint":[{"@type":"ContactPoint","contactType":"Service client","telephone":"0384254272","email":"contact@csj-emballages.com"}]}]}},"df_price":9.16,"df_sale_price":"","df_regular_price":9.16,"df_image_link":"https:\/\/www.csj-emballages.com\/wp-content\/uploads\/2024\/03\/01095-300x300.webp","tiered_pricing_type":"fixed","tiered_pricing_fixed_rules":[],"tiered_pricing_percentage_rules":[],"tiered_pricing_minimum":1,"tiered_pricing_roles_data":[],"_links":{"self":[{"href":"https:\/\/www.csj-emballages.com\/de\/wp-json\/wp\/v2\/product\/17212","targetHints":{"allow":["GET"]}}],"collection":[{"href":"https:\/\/www.csj-emballages.com\/de\/wp-json\/wp\/v2\/product"}],"about":[{"href":"https:\/\/www.csj-emballages.com\/de\/wp-json\/wp\/v2\/types\/product"}],"wp:featuredmedia":[{"embeddable":true,"href":"https:\/\/www.csj-emballages.com\/de\/wp-json\/wp\/v2\/media\/239594"}],"wp:attachment":[{"href":"https:\/\/www.csj-emballages.com\/de\/wp-json\/wp\/v2\/media?parent=17212"}],"wp:term":[{"taxonomy":"product_brand","embeddable":true,"href":"https:\/\/www.csj-emballages.com\/de\/wp-json\/wp\/v2\/product_brand?post=17212"},{"taxonomy":"product_cat","embeddable":true,"href":"https:\/\/www.csj-emballages.com\/de\/wp-json\/wp\/v2\/product_cat?post=17212"},{"taxonomy":"product_tag","embeddable":true,"href":"https:\/\/www.csj-emballages.com\/de\/wp-json\/wp\/v2\/product_tag?post=17212"}],"curies":[{"name":"wp","href":"https:\/\/api.w.org\/{rel}","templated":true}]}}