{"id":17194,"date":"2024-03-01T17:00:19","date_gmt":"2024-03-01T16:00:19","guid":{"rendered":"https:\/\/u15jnbdpoq.preview.infomaniak.website\/produit\/professionelles-super-aktiv-waschmittelpulver-20kg\/"},"modified":"2026-03-12T16:00:37","modified_gmt":"2026-03-12T15:00:37","slug":"professionelles-super-aktiv-waschmittelpulver-20kg","status":"publish","type":"product","link":"https:\/\/www.csj-emballages.com\/de\/produit\/professionelles-super-aktiv-waschmittelpulver-20kg\/","title":{"rendered":"Professionelles superaktives Desinfektions-Waschpulver 20 kg"},"content":{"rendered":"<h2>Desinfektions-Waschpulver<\/h2>\n<div style=\"font-family: Roboto, sans-serif;\">\n<div style=\"font-family: Roboto, sans-serif;\">\n<div style=\"font-family: Roboto, sans-serif;\">\n<div style=\"text-align: center;\">\n<div style=\"font-family: Roboto, sans-serif;\">\n<div style=\"font-family: Roboto, sans-serif;\">\n<div style=\"font-family: Roboto, sans-serif;\">\n<div style=\"font-family: Roboto, sans-serif;\">\n<div style=\"font-family: Roboto, sans-serif;\">\n<div style=\"font-family: Roboto, sans-serif; text-align: left;\">\n<hr>\n<h3 style=\"text-align: left;\">Beschreibung des professionellen superaktiven Desinfektions-Waschpulvers 20 kg<\/h3>\n<h3 style=\"text-align: left;\"><!--more--><\/h3>\n<p data-start=\"289\" data-end=\"682\">Das <strong data-start=\"292\" data-end=\"317\">Waschmittel Pro Activ\u2019Des<\/strong> wurde f\u00fcr Profis entwickelt, die makellose W\u00e4sche ben\u00f6tigen, sowohl sauber als auch optisch einwandfrei. Dank seiner <strong data-start=\"460\" data-end=\"515\">desinfizierenden Formel mit hohem Bleichmittelanteil<\/strong> garantiert es einen <strong data-start=\"534\" data-end=\"562\">ausgezeichneten Wei\u00dfgrad<\/strong>, W\u00e4sche f\u00fcr W\u00e4sche. Die W\u00e4sche wird sauber, strahlend und perfekt gepflegt, selbst nach intensivem Gebrauch.  <\/p>\n<p data-start=\"684\" data-end=\"1049\">Dieses <strong>Waschpulver<\/strong> zeichnet sich durch seine <strong data-start=\"728\" data-end=\"743\">Vielseitigkeit<\/strong> aus. Es ist f\u00fcr <strong data-start=\"761\" data-end=\"782\">alle Textilien<\/strong> geeignet, sei es Baumwolle, Kunstfasern, Wei\u00dfw\u00e4sche oder Arbeitskleidung, und kann <strong data-start=\"885\" data-end=\"914\">bei allen Temperaturen<\/strong> verwendet werden. Sie m\u00fcssen also nicht mehrere Produkte verwenden: Ein einziges Waschmittel gen\u00fcgt, um Ihre gesamte professionelle W\u00e4sche zu bew\u00e4ltigen.  <\/p>\n<p data-start=\"1051\" data-end=\"1442\">Seine <strong data-start=\"1054\" data-end=\"1089\">alkalische Bio-Fleckentferner-Formel<\/strong> wirkt effektiv bei einer Vielzahl von Verschmutzungen. Es entfernt m\u00fchelos <strong data-start=\"1178\" data-end=\"1199\">proteinbasierte Flecken<\/strong> wie Blut oder Ei, <strong data-start=\"1228\" data-end=\"1248\">oxidierbare Flecken<\/strong> wie Kaffee, Wein, Gras oder Fruchts\u00e4fte, aber auch <strong data-start=\"1322\" data-end=\"1355\">Fett- und Kosmetikflecken<\/strong>, die oft am hartn\u00e4ckigsten sind. Ergebnis: saubere, hygienische und sichtbar wei\u00dfere W\u00e4sche.  <\/p>\n<p data-start=\"1444\" data-end=\"1716\">Mit seinem <strong data-start=\"1453\" data-end=\"1469\">20-kg-Format<\/strong> ist <strong>Pro Activ\u2019Des<\/strong> perfekt geeignet f\u00fcr Hotels, W\u00e4schereien, Gemeinden, Gesundheitseinrichtungen oder Reinigungsunternehmen. Es bietet eine hohe Autonomie, erleichtert die Lagerverwaltung und erf\u00fcllt die Anforderungen intensiver Waschvorg\u00e4nge. <\/p>\n<p data-start=\"1718\" data-end=\"1876\">Zusammenfassend vereint dieses superaktive <strong>Desinfektions-Waschmittel<\/strong> Kraft, Effizienz und Einfachheit, um den Bed\u00fcrfnissen der anspruchsvollsten Profis gerecht zu werden.<\/p>\n<p data-start=\"1718\" data-end=\"1876\">\n<\/div>\n<\/div>\n<\/div>\n<\/div>\n<\/div>\n<\/div>\n<\/div>\n<\/div>\n<\/div>\n<\/div>\n<p><!--more--><\/p>\n<h4 style=\"text-align: left;\"><strong>Vorteile :<\/strong><\/h4>\n<ul>\n<li data-start=\"1904\" data-end=\"1937\">Verst\u00e4rkte <strong>Desinfektionswirkung<\/strong>.<\/li>\n<li data-start=\"1940\" data-end=\"1973\">Ausgezeichnete Bleichkraft.<\/li>\n<li data-start=\"1976\" data-end=\"2031\">Wirksam bei <strong>proteinbasierten, oxidierbaren und Fettflecken<\/strong>.<\/li>\n<li data-start=\"2034\" data-end=\"2069\">Auf allen Textilien anwendbar.<\/li>\n<li data-start=\"2072\" data-end=\"2109\">F\u00fcr alle Temperaturen geeignet.<\/li>\n<li data-start=\"2112\" data-end=\"2148\">Gro\u00dfes <strong>professionelles<\/strong> <strong>20-kg-Format<\/strong>.<\/li>\n<\/ul>\n<p>&nbsp;<\/p>\n<p><!--more--><\/p>\n<h4>Weitere Informationen :<\/h4>\n<ul>\n<li><strong>Verpackung<\/strong>: 20 kg Packung<\/li>\n<li><strong>Aussehen<\/strong>: Pulver<\/li>\n<li><strong>Farbe<\/strong>: Farblos<\/li>\n<li><strong>pH-Wert<\/strong>: 11 +\/- 0,5<\/li>\n<li><strong>Geruch<\/strong>: Geruchlos<\/li>\n<\/ul>\n<p>&nbsp;<\/p>\n<p><!--more--><\/p>\n<div class=\"elementor elementor-2384 elementor-location-archive product\" data-elementor-type=\"product-archive\" data-elementor-id=\"2384\" data-elementor-post-type=\"elementor_library\">\n<div class=\"elementor-element elementor-element-c44cccd nt-archive-products e-flex e-con-boxed e-con e-parent e-lazyloaded\" data-id=\"c44cccd\" data-element_type=\"container\">\n<div class=\"e-con-inner\">\n<div class=\"elementor-element elementor-element-f35cc29 e-con-full e-flex e-con e-child\" data-id=\"f35cc29\" data-element_type=\"container\">\n<div class=\"elementor-element elementor-element-8781411 elementor-widget elementor-widget-woocommerce-archive-description\" data-id=\"8781411\" data-element_type=\"widget\" data-widget_type=\"woocommerce-archive-description.default\">Finden Sie hier unser professionelles superaktives konzentriertes Waschpulver: <span style=\"color: #d12727;\"><a style=\"color: #d12727;\" href=\"https:\/\/www.csj-emballages.com\/produit\/lessive-en-poudre-concentre-professionnelle-super-active-20kg\/?_gl=1*xs7mhb*_up*MQ..*_ga*MjA0NjIwOTA2Ni4xNzcwMDQwODUy*_ga_YNVJLRSSZT*czE3NzAwNDA4NTIkbzEkZzAkdDE3NzAwNDA4NTIkajYwJGwwJGgxODMwNDE1MDY4\">0108<\/a><\/span><\/div>\n<div data-id=\"8781411\" data-element_type=\"widget\" data-widget_type=\"woocommerce-archive-description.default\"><\/div>\n<\/div>\n<\/div>\n<\/div>\n<\/div>\n<p style=\"text-align: left;\"><!--more--><\/p>\n<p><a href=\"https:\/\/www.csj-emballages.com\/de\/categorie-produit\/hygiene-und-pflege\/pflegeprodukte\/wasche\/\">Sehen Sie sich den Rest unseres Sortiments an W\u00e4schepflegeprodukten an<\/a><\/p>\n","protected":false},"excerpt":{"rendered":"<p>Desinfektions-Waschpulver Beschreibung des professionellen superaktiven Desinfektions-Waschpulvers 20 kg<\/p>\n","protected":false},"featured_media":263185,"template":"","meta":{"_acf_changed":false},"product_brand":[],"product_cat":[1218,1219,1317],"product_tag":[],"class_list":{"0":"post-17194","1":"product","2":"type-product","3":"status-publish","4":"has-post-thumbnail","6":"product_cat-hygiene-und-pflege","7":"product_cat-pflegeprodukte","8":"product_cat-wasche","10":"first","11":"instock","12":"taxable","13":"shipping-taxable","14":"purchasable","15":"product-type-simple"},"acf":[],"yoast_head":"<!-- This site is optimized with the Yoast SEO Premium plugin v26.6 (Yoast SEO v26.6) - https:\/\/yoast.com\/wordpress\/plugins\/seo\/ -->\n<title>Professionelles Superaktives Desinfektions-Waschpulver<\/title>\n<meta name=\"description\" content=\"Professionelles superaktives Waschpulver 20 kg. Angereichert mit Aktivsauerstoff reinigt, entfleckt und desinfiziert es bereits ab 40 \u00b0C. Wirksam auf allen Textilien.\" \/>\n<meta name=\"robots\" content=\"index, follow, max-snippet:-1, max-image-preview:large, max-video-preview:-1\" \/>\n<link rel=\"canonical\" href=\"https:\/\/www.csj-emballages.com\/de\/produit\/professionelles-super-aktiv-waschmittelpulver-20kg\/\" \/>\n<meta property=\"og:locale\" content=\"de_DE\" \/>\n<meta property=\"og:type\" content=\"article\" \/>\n<meta property=\"og:title\" content=\"Professionelles superaktives Desinfektions-Waschpulver 20 kg\" \/>\n<meta property=\"og:description\" content=\"Professionelles superaktives Waschpulver 20 kg. Angereichert mit Aktivsauerstoff reinigt, entfleckt und desinfiziert es bereits ab 40 \u00b0C. Wirksam auf allen Textilien.\" \/>\n<meta property=\"og:url\" content=\"https:\/\/www.csj-emballages.com\/de\/produit\/professionelles-super-aktiv-waschmittelpulver-20kg\/\" \/>\n<meta property=\"og:site_name\" content=\"CSJ Emballages\" \/>\n<meta property=\"article:publisher\" content=\"https:\/\/www.facebook.com\/csjemballages\" \/>\n<meta property=\"article:modified_time\" content=\"2026-03-12T15:00:37+00:00\" \/>\n<meta property=\"og:image\" content=\"https:\/\/www.csj-emballages.com\/wp-content\/uploads\/2024\/03\/0107.webp\" \/>\n\t<meta property=\"og:image:width\" content=\"800\" \/>\n\t<meta property=\"og:image:height\" content=\"800\" \/>\n\t<meta property=\"og:image:type\" content=\"image\/webp\" \/>\n<meta name=\"twitter:card\" content=\"summary_large_image\" \/>\n<meta name=\"twitter:label1\" content=\"Gesch\u00e4tzte Lesezeit\" \/>\n\t<meta name=\"twitter:data1\" content=\"1\u00a0Minute\" \/>\n<script type=\"application\/ld+json\" class=\"yoast-schema-graph\">{\"@context\":\"https:\/\/schema.org\",\"@graph\":[{\"@type\":\"WebPage\",\"@id\":\"https:\/\/www.csj-emballages.com\/de\/produit\/professionelles-super-aktiv-waschmittelpulver-20kg\/\",\"url\":\"https:\/\/www.csj-emballages.com\/de\/produit\/professionelles-super-aktiv-waschmittelpulver-20kg\/\",\"name\":\"Professionelles Superaktives Desinfektions-Waschpulver\",\"isPartOf\":{\"@id\":\"https:\/\/www.csj-emballages.com\/de\/#website\"},\"primaryImageOfPage\":{\"@id\":\"https:\/\/www.csj-emballages.com\/de\/produit\/professionelles-super-aktiv-waschmittelpulver-20kg\/#primaryimage\"},\"image\":{\"@id\":\"https:\/\/www.csj-emballages.com\/de\/produit\/professionelles-super-aktiv-waschmittelpulver-20kg\/#primaryimage\"},\"thumbnailUrl\":\"https:\/\/www.csj-emballages.com\/wp-content\/uploads\/2024\/03\/0107.webp\",\"datePublished\":\"2024-03-01T16:00:19+00:00\",\"dateModified\":\"2026-03-12T15:00:37+00:00\",\"description\":\"Professionelles superaktives Waschpulver 20 kg. Angereichert mit Aktivsauerstoff reinigt, entfleckt und desinfiziert es bereits ab 40 \u00b0C. Wirksam auf allen Textilien.\",\"breadcrumb\":{\"@id\":\"https:\/\/www.csj-emballages.com\/de\/produit\/professionelles-super-aktiv-waschmittelpulver-20kg\/#breadcrumb\"},\"inLanguage\":\"de\",\"potentialAction\":[{\"@type\":\"ReadAction\",\"target\":[\"https:\/\/www.csj-emballages.com\/de\/produit\/professionelles-super-aktiv-waschmittelpulver-20kg\/\"]}]},{\"@type\":\"ImageObject\",\"inLanguage\":\"de\",\"@id\":\"https:\/\/www.csj-emballages.com\/de\/produit\/professionelles-super-aktiv-waschmittelpulver-20kg\/#primaryimage\",\"url\":\"https:\/\/www.csj-emballages.com\/wp-content\/uploads\/2024\/03\/0107.webp\",\"contentUrl\":\"https:\/\/www.csj-emballages.com\/wp-content\/uploads\/2024\/03\/0107.webp\",\"width\":800,\"height\":800,\"caption\":\"Lessive en poudre d\u00e9sinfectante\"},{\"@type\":\"BreadcrumbList\",\"@id\":\"https:\/\/www.csj-emballages.com\/de\/produit\/professionelles-super-aktiv-waschmittelpulver-20kg\/#breadcrumb\",\"itemListElement\":[{\"@type\":\"ListItem\",\"position\":1,\"name\":\"Accueil\",\"item\":\"https:\/\/www.csj-emballages.com\/de\/universum-lebensmittelverpackungen\/\"},{\"@type\":\"ListItem\",\"position\":2,\"name\":\"Shop\",\"item\":\"https:\/\/www.csj-emballages.com\/shop\/\"},{\"@type\":\"ListItem\",\"position\":3,\"name\":\"Professionelles superaktives Desinfektions-Waschpulver 20 kg\"}]},{\"@type\":\"WebSite\",\"@id\":\"https:\/\/www.csj-emballages.com\/de\/#website\",\"url\":\"https:\/\/www.csj-emballages.com\/de\/\",\"name\":\"CSJ Emballages\",\"description\":\"\",\"publisher\":{\"@id\":\"https:\/\/www.csj-emballages.com\/de\/#organization\"},\"potentialAction\":[{\"@type\":\"SearchAction\",\"target\":{\"@type\":\"EntryPoint\",\"urlTemplate\":\"https:\/\/www.csj-emballages.com\/de\/?s={search_term_string}\"},\"query-input\":{\"@type\":\"PropertyValueSpecification\",\"valueRequired\":true,\"valueName\":\"search_term_string\"}}],\"inLanguage\":\"de\"},{\"@type\":\"Organization\",\"@id\":\"https:\/\/www.csj-emballages.com\/de\/#Organization\/\",\"name\":\"CSJ Emballages\",\"url\":\"https:\/\/www.csj-emballages.com\/de\/\",\"logo\":{\"@type\":\"ImageObject\",\"inLanguage\":\"de\",\"@id\":\"https:\/\/www.csj-emballages.com\/de\/#\/schema\/logo\/image\/\",\"url\":\"https:\/\/www.csj-emballages.com\/wp-content\/uploads\/2023\/10\/logo_csj.webp\",\"contentUrl\":\"https:\/\/www.csj-emballages.com\/wp-content\/uploads\/2023\/10\/logo_csj.webp\",\"width\":250,\"height\":95,\"caption\":\"CSJ Emballages\"},\"image\":{\"@id\":\"https:\/\/www.csj-emballages.com\/de\/#\/schema\/logo\/image\/\"},\"sameAs\":[\"https:\/\/www.facebook.com\/csjemballages\"],\"address\":{\"@type\":\"PostalAddress\",\"streetAddress\":\"ZI La Lechere\",\"addressLocality\":\"Patornay\",\"postalCode\":\"39130\",\"addressCountry\":\"FR\"},\"contactPoint\":[{\"@type\":\"ContactPoint\",\"contactType\":\"Service client\",\"telephone\":\"0384254272\",\"email\":\"contact@csj-emballages.com\"}]}]}<\/script>\n<!-- \/ Yoast SEO Premium plugin. -->","yoast_head_json":{"title":"Professionelles Superaktives Desinfektions-Waschpulver","description":"Professionelles superaktives Waschpulver 20 kg. Angereichert mit Aktivsauerstoff reinigt, entfleckt und desinfiziert es bereits ab 40 \u00b0C. Wirksam auf allen Textilien.","robots":{"index":"index","follow":"follow","max-snippet":"max-snippet:-1","max-image-preview":"max-image-preview:large","max-video-preview":"max-video-preview:-1"},"canonical":"https:\/\/www.csj-emballages.com\/de\/produit\/professionelles-super-aktiv-waschmittelpulver-20kg\/","og_locale":"de_DE","og_type":"article","og_title":"Professionelles superaktives Desinfektions-Waschpulver 20 kg","og_description":"Professionelles superaktives Waschpulver 20 kg. Angereichert mit Aktivsauerstoff reinigt, entfleckt und desinfiziert es bereits ab 40 \u00b0C. Wirksam auf allen Textilien.","og_url":"https:\/\/www.csj-emballages.com\/de\/produit\/professionelles-super-aktiv-waschmittelpulver-20kg\/","og_site_name":"CSJ Emballages","article_publisher":"https:\/\/www.facebook.com\/csjemballages","article_modified_time":"2026-03-12T15:00:37+00:00","og_image":[{"width":800,"height":800,"url":"https:\/\/www.csj-emballages.com\/wp-content\/uploads\/2024\/03\/0107.webp","type":"image\/webp"}],"twitter_card":"summary_large_image","twitter_misc":{"Gesch\u00e4tzte Lesezeit":"1\u00a0Minute"},"schema":{"@context":"https:\/\/schema.org","@graph":[{"@type":"WebPage","@id":"https:\/\/www.csj-emballages.com\/de\/produit\/professionelles-super-aktiv-waschmittelpulver-20kg\/","url":"https:\/\/www.csj-emballages.com\/de\/produit\/professionelles-super-aktiv-waschmittelpulver-20kg\/","name":"Professionelles Superaktives Desinfektions-Waschpulver","isPartOf":{"@id":"https:\/\/www.csj-emballages.com\/de\/#website"},"primaryImageOfPage":{"@id":"https:\/\/www.csj-emballages.com\/de\/produit\/professionelles-super-aktiv-waschmittelpulver-20kg\/#primaryimage"},"image":{"@id":"https:\/\/www.csj-emballages.com\/de\/produit\/professionelles-super-aktiv-waschmittelpulver-20kg\/#primaryimage"},"thumbnailUrl":"https:\/\/www.csj-emballages.com\/wp-content\/uploads\/2024\/03\/0107.webp","datePublished":"2024-03-01T16:00:19+00:00","dateModified":"2026-03-12T15:00:37+00:00","description":"Professionelles superaktives Waschpulver 20 kg. Angereichert mit Aktivsauerstoff reinigt, entfleckt und desinfiziert es bereits ab 40 \u00b0C. Wirksam auf allen Textilien.","breadcrumb":{"@id":"https:\/\/www.csj-emballages.com\/de\/produit\/professionelles-super-aktiv-waschmittelpulver-20kg\/#breadcrumb"},"inLanguage":"de","potentialAction":[{"@type":"ReadAction","target":["https:\/\/www.csj-emballages.com\/de\/produit\/professionelles-super-aktiv-waschmittelpulver-20kg\/"]}]},{"@type":"ImageObject","inLanguage":"de","@id":"https:\/\/www.csj-emballages.com\/de\/produit\/professionelles-super-aktiv-waschmittelpulver-20kg\/#primaryimage","url":"https:\/\/www.csj-emballages.com\/wp-content\/uploads\/2024\/03\/0107.webp","contentUrl":"https:\/\/www.csj-emballages.com\/wp-content\/uploads\/2024\/03\/0107.webp","width":800,"height":800,"caption":"Lessive en poudre d\u00e9sinfectante"},{"@type":"BreadcrumbList","@id":"https:\/\/www.csj-emballages.com\/de\/produit\/professionelles-super-aktiv-waschmittelpulver-20kg\/#breadcrumb","itemListElement":[{"@type":"ListItem","position":1,"name":"Accueil","item":"https:\/\/www.csj-emballages.com\/de\/universum-lebensmittelverpackungen\/"},{"@type":"ListItem","position":2,"name":"Shop","item":"https:\/\/www.csj-emballages.com\/shop\/"},{"@type":"ListItem","position":3,"name":"Professionelles superaktives Desinfektions-Waschpulver 20 kg"}]},{"@type":"WebSite","@id":"https:\/\/www.csj-emballages.com\/de\/#website","url":"https:\/\/www.csj-emballages.com\/de\/","name":"CSJ Emballages","description":"","publisher":{"@id":"https:\/\/www.csj-emballages.com\/de\/#organization"},"potentialAction":[{"@type":"SearchAction","target":{"@type":"EntryPoint","urlTemplate":"https:\/\/www.csj-emballages.com\/de\/?s={search_term_string}"},"query-input":{"@type":"PropertyValueSpecification","valueRequired":true,"valueName":"search_term_string"}}],"inLanguage":"de"},{"@type":"Organization","@id":"https:\/\/www.csj-emballages.com\/de\/#Organization\/","name":"CSJ Emballages","url":"https:\/\/www.csj-emballages.com\/de\/","logo":{"@type":"ImageObject","inLanguage":"de","@id":"https:\/\/www.csj-emballages.com\/de\/#\/schema\/logo\/image\/","url":"https:\/\/www.csj-emballages.com\/wp-content\/uploads\/2023\/10\/logo_csj.webp","contentUrl":"https:\/\/www.csj-emballages.com\/wp-content\/uploads\/2023\/10\/logo_csj.webp","width":250,"height":95,"caption":"CSJ Emballages"},"image":{"@id":"https:\/\/www.csj-emballages.com\/de\/#\/schema\/logo\/image\/"},"sameAs":["https:\/\/www.facebook.com\/csjemballages"],"address":{"@type":"PostalAddress","streetAddress":"ZI La Lechere","addressLocality":"Patornay","postalCode":"39130","addressCountry":"FR"},"contactPoint":[{"@type":"ContactPoint","contactType":"Service client","telephone":"0384254272","email":"contact@csj-emballages.com"}]}]}},"df_price":77.22,"df_sale_price":"","df_regular_price":77.22,"df_image_link":"https:\/\/www.csj-emballages.com\/wp-content\/uploads\/2024\/03\/0107-300x300.webp","tiered_pricing_type":"fixed","tiered_pricing_fixed_rules":[],"tiered_pricing_percentage_rules":[],"tiered_pricing_minimum":1,"tiered_pricing_roles_data":[],"_links":{"self":[{"href":"https:\/\/www.csj-emballages.com\/de\/wp-json\/wp\/v2\/product\/17194","targetHints":{"allow":["GET"]}}],"collection":[{"href":"https:\/\/www.csj-emballages.com\/de\/wp-json\/wp\/v2\/product"}],"about":[{"href":"https:\/\/www.csj-emballages.com\/de\/wp-json\/wp\/v2\/types\/product"}],"wp:featuredmedia":[{"embeddable":true,"href":"https:\/\/www.csj-emballages.com\/de\/wp-json\/wp\/v2\/media\/263185"}],"wp:attachment":[{"href":"https:\/\/www.csj-emballages.com\/de\/wp-json\/wp\/v2\/media?parent=17194"}],"wp:term":[{"taxonomy":"product_brand","embeddable":true,"href":"https:\/\/www.csj-emballages.com\/de\/wp-json\/wp\/v2\/product_brand?post=17194"},{"taxonomy":"product_cat","embeddable":true,"href":"https:\/\/www.csj-emballages.com\/de\/wp-json\/wp\/v2\/product_cat?post=17194"},{"taxonomy":"product_tag","embeddable":true,"href":"https:\/\/www.csj-emballages.com\/de\/wp-json\/wp\/v2\/product_tag?post=17194"}],"curies":[{"name":"wp","href":"https:\/\/api.w.org\/{rel}","templated":true}]}}