{"id":17192,"date":"2024-03-01T17:00:18","date_gmt":"2024-03-01T16:00:18","guid":{"rendered":"https:\/\/u15jnbdpoq.preview.infomaniak.website\/produit\/edelstahlglanzspray-400ml\/"},"modified":"2026-03-12T16:00:53","modified_gmt":"2026-03-12T15:00:53","slug":"edelstahlglanzspray-400ml","status":"publish","type":"product","link":"https:\/\/www.csj-emballages.com\/de\/produit\/edelstahlglanzspray-400ml\/","title":{"rendered":"Edelstahlpoliermittel 400 ml"},"content":{"rendered":"<h2>Glanzmittel Inox<\/h2>\n<hr>\n<h3>Beschreibung unseres Edelstahlpoliermittels 400 ml<\/h3>\n<p><!--more--><\/p>\n<p class=\"\" data-start=\"206\" data-end=\"547\">Um Ihre <strong>Edelstahloberfl\u00e4chen<\/strong> makellos und streifenfrei zu halten, gibt es nichts Besseres als diesen <strong>Edelstahlglanzreiniger<\/strong> in der <strong>400-ml-Spr\u00fchdose<\/strong>. Dieses Produkt wurde f\u00fcr den professionellen Einsatz in der Gastronomie, in \u00f6ffentlichen Einrichtungen oder sogar f\u00fcr den anspruchsvollen Hausgebrauch entwickelt und ist weit mehr als ein einfacher Reiniger: Es ist eine echte Pflege f\u00fcr Ihre Edelstahloberfl\u00e4chen. Mithilfe seiner speziellen Formel wirkt dieses <strong>Reinigungsspray<\/strong> effektiv auf Theken, K\u00fchlschr\u00e4nke, Dunstabzugshauben, Edelstahlm\u00f6bel und Arbeitsplatten. Schon bei der ersten Anwendung entfernt es m\u00fchelos Fingerabdr\u00fccke, Fett und andere Verschmutzungen und hinterl\u00e4sst einen unsichtbaren Schutzfilm, der verhindert, dass sich Staub und Schmutz schnell wieder absetzen.   <\/p>\n<p class=\"\" data-start=\"206\" data-end=\"547\">Dank des antistatischen Effekts bleiben die Oberfl\u00e4chen l\u00e4nger gl\u00e4nzend, wodurch die Reinigungsh\u00e4ufigkeit verringert wird, w\u00e4hrend die Hygiene erhalten bleibt.<\/p>\n<p class=\"\" data-s=\"\">Die Anwendung ist einfach: Spr\u00fchen Sie es direkt auf die saubere und trockene Oberfl\u00e4che und wischen Sie es mit einem weichen Tuch ab. Auch der dezente Duft und die nicht fettende Textur machen das Produkt zu einem angenehm zu handhabenden Verb\u00fcndeten, selbst bei t\u00e4glichem Gebrauch. <\/p>\n<p class=\"\" data-s=\"\">Kurz gesagt: Mit diesem <strong>Edelstahlglanzmittel<\/strong> erhalten Ihre Ger\u00e4te ihren urspr\u00fcnglichen Glanz zur\u00fcck und werden gleichzeitig dauerhaft gesch\u00fctzt.<\/p>\n<p>&nbsp;<\/p>\n<p><!--more--><\/p>\n<h4><strong>Seine Vorteile :<\/strong><\/h4>\n<ul>\n<li>Sofortige <strong>Wirkung<\/strong>: Belebt sofort den Glanz von Edelstahl und entfernt Spuren und Verschmutzungen schon nach der ersten Anwendung.<\/li>\n<li><strong>Einfache Anwendung<\/strong>: Spray-Applikation f\u00fcr eine gleichm\u00e4\u00dfige Verteilung, die auch schwer zug\u00e4ngliche Bereiche leicht erreicht.<\/li>\n<li><strong>Vielseitig<\/strong>: Dieser 400 ml Edelstahlglanz ist ideal f\u00fcr eine Vielzahl von Edelstahloberfl\u00e4chen wie K\u00fchlschr\u00e4nke, Dunstabzugshauben, Sp\u00fclbecken und vieles mehr.<\/li>\n<li><strong>Zeitersparnis<\/strong>: Schnelle und effektive Reinigung, die Ihnen stundenlange manuelle Arbeit erspart.<\/li>\n<li><strong>Streifenfreies Finish<\/strong>: Nicht fettende Textur, die nach dem Abwischen keine R\u00fcckst\u00e4nde hinterl\u00e4sst, f\u00fcr ein makelloses Ergebnis.<\/li>\n<\/ul>\n<p>&nbsp;<\/p>\n<p><!--more--><\/p>\n<h4>Gebrauchsanweisung :<\/h4>\n<ul>\n<li>Spr\u00fchen Sie eine kleine Menge BRINOX SPRAY auf die zu behandelnde Fl\u00e4che.<\/li>\n<li>Mit einem trockenen Tuch abreiben.<\/li>\n<\/ul>\n<p>&nbsp;<\/p>\n<p><!--more--><\/p>\n<h4>Weitere Informationen :<\/h4>\n<ul>\n<li><strong>Verpackung<\/strong>: Einzeln<\/li>\n<li><strong>Volumen<\/strong>: 400 ml<\/li>\n<\/ul>\n<p>&nbsp;<\/p>\n<p><!--more--><\/p>\n<p>Hier finden Sie unser Edelstahl-Glanzspray : <span style=\"color: #d12727;\"><a style=\"color: #d12727;\" href=\"https:\/\/www.csj-emballages.com\/es\/produit\/pulimento-acero-inoxidable-spray-750ml\/\">0215750<\/a><\/span><\/p>\n<p>&nbsp;<\/p>\n<p><!--more--><\/p>\n<p><a href=\"https:\/\/www.csj-emballages.com\/de\/categorie-produit\/hygiene-und-pflege\/pflegeprodukte\/kuche\/\">Sehen Sie sich den Rest unseres Sortiments an K\u00fcchenreinigungsprodukten an.<\/a><\/p>\n","protected":false},"excerpt":{"rendered":"<p>Glanzmittel Inox Beschreibung unseres Edelstahlpoliermittels 400 ml<\/p>\n","protected":false},"featured_media":222237,"template":"","meta":{"_acf_changed":false},"product_brand":[],"product_cat":[1218,1219,1330],"product_tag":[],"class_list":{"0":"post-17192","1":"product","2":"type-product","3":"status-publish","4":"has-post-thumbnail","6":"product_cat-hygiene-und-pflege","7":"product_cat-pflegeprodukte","8":"product_cat-kuche","10":"first","11":"instock","12":"taxable","13":"shipping-taxable","14":"purchasable","15":"product-type-simple"},"acf":[],"yoast_head":"<!-- This site is optimized with the Yoast SEO Premium plugin v26.6 (Yoast SEO v26.6) - https:\/\/yoast.com\/wordpress\/plugins\/seo\/ -->\n<title>Glanzmittel Inox 400 ml<\/title>\n<meta name=\"description\" content=\"Entdecken Sie jetzt unseren Edelstahlglanz 400 ml, der ideal f\u00fcr die Pflege von Edelstahloberfl\u00e4chen wie Theken, M\u00f6bel usw. geeignet ist.\" \/>\n<meta name=\"robots\" content=\"index, follow, max-snippet:-1, max-image-preview:large, max-video-preview:-1\" \/>\n<link rel=\"canonical\" href=\"https:\/\/www.csj-emballages.com\/de\/produit\/edelstahlglanzspray-400ml\/\" \/>\n<meta property=\"og:locale\" content=\"de_DE\" \/>\n<meta property=\"og:type\" content=\"article\" \/>\n<meta property=\"og:title\" content=\"Edelstahlpoliermittel 400 ml\" \/>\n<meta property=\"og:description\" content=\"Entdecken Sie jetzt unseren Edelstahlglanz 400 ml, der ideal f\u00fcr die Pflege von Edelstahloberfl\u00e4chen wie Theken, M\u00f6bel usw. geeignet ist.\" \/>\n<meta property=\"og:url\" content=\"https:\/\/www.csj-emballages.com\/de\/produit\/edelstahlglanzspray-400ml\/\" \/>\n<meta property=\"og:site_name\" content=\"CSJ Emballages\" \/>\n<meta property=\"article:publisher\" content=\"https:\/\/www.facebook.com\/csjemballages\" \/>\n<meta property=\"article:modified_time\" content=\"2026-03-12T15:00:53+00:00\" \/>\n<meta property=\"og:image\" content=\"https:\/\/www.csj-emballages.com\/wp-content\/uploads\/2024\/03\/Brillant-inox.webp\" \/>\n\t<meta property=\"og:image:width\" content=\"800\" \/>\n\t<meta property=\"og:image:height\" content=\"800\" \/>\n\t<meta property=\"og:image:type\" content=\"image\/webp\" \/>\n<meta name=\"twitter:card\" content=\"summary_large_image\" \/>\n<meta name=\"twitter:label1\" content=\"Gesch\u00e4tzte Lesezeit\" \/>\n\t<meta name=\"twitter:data1\" content=\"2 Minuten\" \/>\n<script type=\"application\/ld+json\" class=\"yoast-schema-graph\">{\"@context\":\"https:\/\/schema.org\",\"@graph\":[{\"@type\":\"WebPage\",\"@id\":\"https:\/\/www.csj-emballages.com\/de\/produit\/edelstahlglanzspray-400ml\/\",\"url\":\"https:\/\/www.csj-emballages.com\/de\/produit\/edelstahlglanzspray-400ml\/\",\"name\":\"Glanzmittel Inox 400 ml\",\"isPartOf\":{\"@id\":\"https:\/\/www.csj-emballages.com\/de\/#website\"},\"primaryImageOfPage\":{\"@id\":\"https:\/\/www.csj-emballages.com\/de\/produit\/edelstahlglanzspray-400ml\/#primaryimage\"},\"image\":{\"@id\":\"https:\/\/www.csj-emballages.com\/de\/produit\/edelstahlglanzspray-400ml\/#primaryimage\"},\"thumbnailUrl\":\"https:\/\/www.csj-emballages.com\/wp-content\/uploads\/2024\/03\/Brillant-inox.webp\",\"datePublished\":\"2024-03-01T16:00:18+00:00\",\"dateModified\":\"2026-03-12T15:00:53+00:00\",\"description\":\"Entdecken Sie jetzt unseren Edelstahlglanz 400 ml, der ideal f\u00fcr die Pflege von Edelstahloberfl\u00e4chen wie Theken, M\u00f6bel usw. geeignet ist.\",\"breadcrumb\":{\"@id\":\"https:\/\/www.csj-emballages.com\/de\/produit\/edelstahlglanzspray-400ml\/#breadcrumb\"},\"inLanguage\":\"de\",\"potentialAction\":[{\"@type\":\"ReadAction\",\"target\":[\"https:\/\/www.csj-emballages.com\/de\/produit\/edelstahlglanzspray-400ml\/\"]}]},{\"@type\":\"ImageObject\",\"inLanguage\":\"de\",\"@id\":\"https:\/\/www.csj-emballages.com\/de\/produit\/edelstahlglanzspray-400ml\/#primaryimage\",\"url\":\"https:\/\/www.csj-emballages.com\/wp-content\/uploads\/2024\/03\/Brillant-inox.webp\",\"contentUrl\":\"https:\/\/www.csj-emballages.com\/wp-content\/uploads\/2024\/03\/Brillant-inox.webp\",\"width\":800,\"height\":800,\"caption\":\"Lustrant inox\"},{\"@type\":\"BreadcrumbList\",\"@id\":\"https:\/\/www.csj-emballages.com\/de\/produit\/edelstahlglanzspray-400ml\/#breadcrumb\",\"itemListElement\":[{\"@type\":\"ListItem\",\"position\":1,\"name\":\"Accueil\",\"item\":\"https:\/\/www.csj-emballages.com\/de\/universum-lebensmittelverpackungen\/\"},{\"@type\":\"ListItem\",\"position\":2,\"name\":\"Shop\",\"item\":\"https:\/\/www.csj-emballages.com\/shop\/\"},{\"@type\":\"ListItem\",\"position\":3,\"name\":\"Edelstahlpoliermittel 400 ml\"}]},{\"@type\":\"WebSite\",\"@id\":\"https:\/\/www.csj-emballages.com\/de\/#website\",\"url\":\"https:\/\/www.csj-emballages.com\/de\/\",\"name\":\"CSJ Emballages\",\"description\":\"\",\"publisher\":{\"@id\":\"https:\/\/www.csj-emballages.com\/de\/#organization\"},\"potentialAction\":[{\"@type\":\"SearchAction\",\"target\":{\"@type\":\"EntryPoint\",\"urlTemplate\":\"https:\/\/www.csj-emballages.com\/de\/?s={search_term_string}\"},\"query-input\":{\"@type\":\"PropertyValueSpecification\",\"valueRequired\":true,\"valueName\":\"search_term_string\"}}],\"inLanguage\":\"de\"},{\"@type\":\"Organization\",\"@id\":\"https:\/\/www.csj-emballages.com\/de\/#Organization\/\",\"name\":\"CSJ Emballages\",\"url\":\"https:\/\/www.csj-emballages.com\/de\/\",\"logo\":{\"@type\":\"ImageObject\",\"inLanguage\":\"de\",\"@id\":\"https:\/\/www.csj-emballages.com\/de\/#\/schema\/logo\/image\/\",\"url\":\"https:\/\/www.csj-emballages.com\/wp-content\/uploads\/2023\/10\/logo_csj.webp\",\"contentUrl\":\"https:\/\/www.csj-emballages.com\/wp-content\/uploads\/2023\/10\/logo_csj.webp\",\"width\":250,\"height\":95,\"caption\":\"CSJ Emballages\"},\"image\":{\"@id\":\"https:\/\/www.csj-emballages.com\/de\/#\/schema\/logo\/image\/\"},\"sameAs\":[\"https:\/\/www.facebook.com\/csjemballages\"],\"address\":{\"@type\":\"PostalAddress\",\"streetAddress\":\"ZI La Lechere\",\"addressLocality\":\"Patornay\",\"postalCode\":\"39130\",\"addressCountry\":\"FR\"},\"contactPoint\":[{\"@type\":\"ContactPoint\",\"contactType\":\"Service client\",\"telephone\":\"0384254272\",\"email\":\"contact@csj-emballages.com\"}]}]}<\/script>\n<!-- \/ Yoast SEO Premium plugin. -->","yoast_head_json":{"title":"Glanzmittel Inox 400 ml","description":"Entdecken Sie jetzt unseren Edelstahlglanz 400 ml, der ideal f\u00fcr die Pflege von Edelstahloberfl\u00e4chen wie Theken, M\u00f6bel usw. geeignet ist.","robots":{"index":"index","follow":"follow","max-snippet":"max-snippet:-1","max-image-preview":"max-image-preview:large","max-video-preview":"max-video-preview:-1"},"canonical":"https:\/\/www.csj-emballages.com\/de\/produit\/edelstahlglanzspray-400ml\/","og_locale":"de_DE","og_type":"article","og_title":"Edelstahlpoliermittel 400 ml","og_description":"Entdecken Sie jetzt unseren Edelstahlglanz 400 ml, der ideal f\u00fcr die Pflege von Edelstahloberfl\u00e4chen wie Theken, M\u00f6bel usw. geeignet ist.","og_url":"https:\/\/www.csj-emballages.com\/de\/produit\/edelstahlglanzspray-400ml\/","og_site_name":"CSJ Emballages","article_publisher":"https:\/\/www.facebook.com\/csjemballages","article_modified_time":"2026-03-12T15:00:53+00:00","og_image":[{"width":800,"height":800,"url":"https:\/\/www.csj-emballages.com\/wp-content\/uploads\/2024\/03\/Brillant-inox.webp","type":"image\/webp"}],"twitter_card":"summary_large_image","twitter_misc":{"Gesch\u00e4tzte Lesezeit":"2 Minuten"},"schema":{"@context":"https:\/\/schema.org","@graph":[{"@type":"WebPage","@id":"https:\/\/www.csj-emballages.com\/de\/produit\/edelstahlglanzspray-400ml\/","url":"https:\/\/www.csj-emballages.com\/de\/produit\/edelstahlglanzspray-400ml\/","name":"Glanzmittel Inox 400 ml","isPartOf":{"@id":"https:\/\/www.csj-emballages.com\/de\/#website"},"primaryImageOfPage":{"@id":"https:\/\/www.csj-emballages.com\/de\/produit\/edelstahlglanzspray-400ml\/#primaryimage"},"image":{"@id":"https:\/\/www.csj-emballages.com\/de\/produit\/edelstahlglanzspray-400ml\/#primaryimage"},"thumbnailUrl":"https:\/\/www.csj-emballages.com\/wp-content\/uploads\/2024\/03\/Brillant-inox.webp","datePublished":"2024-03-01T16:00:18+00:00","dateModified":"2026-03-12T15:00:53+00:00","description":"Entdecken Sie jetzt unseren Edelstahlglanz 400 ml, der ideal f\u00fcr die Pflege von Edelstahloberfl\u00e4chen wie Theken, M\u00f6bel usw. geeignet ist.","breadcrumb":{"@id":"https:\/\/www.csj-emballages.com\/de\/produit\/edelstahlglanzspray-400ml\/#breadcrumb"},"inLanguage":"de","potentialAction":[{"@type":"ReadAction","target":["https:\/\/www.csj-emballages.com\/de\/produit\/edelstahlglanzspray-400ml\/"]}]},{"@type":"ImageObject","inLanguage":"de","@id":"https:\/\/www.csj-emballages.com\/de\/produit\/edelstahlglanzspray-400ml\/#primaryimage","url":"https:\/\/www.csj-emballages.com\/wp-content\/uploads\/2024\/03\/Brillant-inox.webp","contentUrl":"https:\/\/www.csj-emballages.com\/wp-content\/uploads\/2024\/03\/Brillant-inox.webp","width":800,"height":800,"caption":"Lustrant inox"},{"@type":"BreadcrumbList","@id":"https:\/\/www.csj-emballages.com\/de\/produit\/edelstahlglanzspray-400ml\/#breadcrumb","itemListElement":[{"@type":"ListItem","position":1,"name":"Accueil","item":"https:\/\/www.csj-emballages.com\/de\/universum-lebensmittelverpackungen\/"},{"@type":"ListItem","position":2,"name":"Shop","item":"https:\/\/www.csj-emballages.com\/shop\/"},{"@type":"ListItem","position":3,"name":"Edelstahlpoliermittel 400 ml"}]},{"@type":"WebSite","@id":"https:\/\/www.csj-emballages.com\/de\/#website","url":"https:\/\/www.csj-emballages.com\/de\/","name":"CSJ Emballages","description":"","publisher":{"@id":"https:\/\/www.csj-emballages.com\/de\/#organization"},"potentialAction":[{"@type":"SearchAction","target":{"@type":"EntryPoint","urlTemplate":"https:\/\/www.csj-emballages.com\/de\/?s={search_term_string}"},"query-input":{"@type":"PropertyValueSpecification","valueRequired":true,"valueName":"search_term_string"}}],"inLanguage":"de"},{"@type":"Organization","@id":"https:\/\/www.csj-emballages.com\/de\/#Organization\/","name":"CSJ Emballages","url":"https:\/\/www.csj-emballages.com\/de\/","logo":{"@type":"ImageObject","inLanguage":"de","@id":"https:\/\/www.csj-emballages.com\/de\/#\/schema\/logo\/image\/","url":"https:\/\/www.csj-emballages.com\/wp-content\/uploads\/2023\/10\/logo_csj.webp","contentUrl":"https:\/\/www.csj-emballages.com\/wp-content\/uploads\/2023\/10\/logo_csj.webp","width":250,"height":95,"caption":"CSJ Emballages"},"image":{"@id":"https:\/\/www.csj-emballages.com\/de\/#\/schema\/logo\/image\/"},"sameAs":["https:\/\/www.facebook.com\/csjemballages"],"address":{"@type":"PostalAddress","streetAddress":"ZI La Lechere","addressLocality":"Patornay","postalCode":"39130","addressCountry":"FR"},"contactPoint":[{"@type":"ContactPoint","contactType":"Service client","telephone":"0384254272","email":"contact@csj-emballages.com"}]}]}},"df_price":6.74,"df_sale_price":"","df_regular_price":6.74,"df_image_link":"https:\/\/www.csj-emballages.com\/wp-content\/uploads\/2024\/03\/Brillant-inox-300x300.webp","tiered_pricing_type":"fixed","tiered_pricing_fixed_rules":[],"tiered_pricing_percentage_rules":[],"tiered_pricing_minimum":1,"tiered_pricing_roles_data":[],"_links":{"self":[{"href":"https:\/\/www.csj-emballages.com\/de\/wp-json\/wp\/v2\/product\/17192","targetHints":{"allow":["GET"]}}],"collection":[{"href":"https:\/\/www.csj-emballages.com\/de\/wp-json\/wp\/v2\/product"}],"about":[{"href":"https:\/\/www.csj-emballages.com\/de\/wp-json\/wp\/v2\/types\/product"}],"wp:featuredmedia":[{"embeddable":true,"href":"https:\/\/www.csj-emballages.com\/de\/wp-json\/wp\/v2\/media\/222237"}],"wp:attachment":[{"href":"https:\/\/www.csj-emballages.com\/de\/wp-json\/wp\/v2\/media?parent=17192"}],"wp:term":[{"taxonomy":"product_brand","embeddable":true,"href":"https:\/\/www.csj-emballages.com\/de\/wp-json\/wp\/v2\/product_brand?post=17192"},{"taxonomy":"product_cat","embeddable":true,"href":"https:\/\/www.csj-emballages.com\/de\/wp-json\/wp\/v2\/product_cat?post=17192"},{"taxonomy":"product_tag","embeddable":true,"href":"https:\/\/www.csj-emballages.com\/de\/wp-json\/wp\/v2\/product_tag?post=17192"}],"curies":[{"name":"wp","href":"https:\/\/api.w.org\/{rel}","templated":true}]}}