{"id":17177,"date":"2024-03-01T17:00:19","date_gmt":"2024-03-01T16:00:19","guid":{"rendered":"https:\/\/u15jnbdpoq.preview.infomaniak.website\/produit\/geschirrspueltablette-5kg-orlav\/"},"modified":"2026-05-01T02:10:15","modified_gmt":"2026-05-01T00:10:15","slug":"geschirrspueltablette-5kg-orlav","status":"publish","type":"product","link":"https:\/\/www.csj-emballages.com\/de\/produit\/geschirrspueltablette-5kg-orlav\/","title":{"rendered":"Geschirrsp\u00fcltablette 5kg ORLAV"},"content":{"rendered":"<h2 class=\"ai-optimize-29\">Geschirrsp\u00fcltablette<\/h2>\n<hr>\n<h3 class=\"ai-optimize-30\">Beschreibung von unserem ORLAV Geschirrsp\u00fcltablette 5Kg<\/h3>\n<p><!--more--><\/p>\n<p class=\"ai-optimize-33 ai-optimize-introduction\" data-start=\"158\" data-end=\"515\">Die <strong data-start=\"214\" data-end=\"248\">ORLAV-Geschirrsp\u00fclertabs<\/strong> in <strong>5-kg-Eimern<\/strong> wurden f\u00fcr die professionelle Gastronomie entwickelt und sind die ideale L\u00f6sung f\u00fcr ein kraftvolles und effizientes Sp\u00fclen Ihres Geschirrs in industriellen Maschinen. Sie eignen <strong data-start=\"380\" data-end=\"431\">sich besonders f\u00fcr Einhandmaschinen<\/strong>, wo ihre doppelte Wirkung, die <strong data-start=\"455\" data-end=\"489\">sowohl den Schmutz entfernt als auch den Glanz erh\u00f6ht,<\/strong> den Unterschied ausmacht. Au\u00dferdem ist jede <strong>20-Gramm-Tablette<\/strong> <strong data-start=\"551\" data-end=\"577\">individuell dosiert<\/strong>, was ihre Anwendung erleichtert und gleichzeitig eine optimale Hygiene gew\u00e4hrleistet. Dank ihrer <strong data-start=\"676\" data-end=\"691\">chlorfreien<\/strong> Formel sind sie umweltfreundlicher und reduzieren das Risiko sch\u00e4dlicher Emissionen. Angereichert mit <strong data-start=\"800\" data-end=\"819\">Aktivsauerstoff<\/strong> bieten sie selbst bei hartn\u00e4ckigsten Verschmutzungen eine gr\u00fcndliche Reinigung und schonen das Geschirr.    <\/p>\n<p class=\"ai-optimize-35\" data-start=\"939\" data-end=\"1240\">Diese <strong>Tabletten<\/strong> sorgen f\u00fcr eine <strong data-start=\"966\" data-end=\"1000\">schnelle und vollst\u00e4ndige Aufl\u00f6sung<\/strong>, selbst bei kurzen Zyklen, was in einem hektischen Arbeitsumfeld ein echtes Plus ist. Sie eignen sich hervorragend f\u00fcr <strong data-start=\"1149\" data-end=\"1201\">Teller, Gl\u00e4ser, Besteck und andere Utensilien<\/strong>, ohne Spuren oder R\u00fcckst\u00e4nde zu hinterlassen. <\/p>\n<p class=\"ai-optimize-36\" data-start=\"1242\" data-end=\"1544\">Denn die Gr\u00f6\u00dfe des <strong>5-kg-Eimers<\/strong> erm\u00f6glicht eine <strong data-start=\"1276\" data-end=\"1301\">l\u00e4ngere Verwendung<\/strong>, ideal f\u00fcr <strong data-start=\"1319\" data-end=\"1367\">Gro\u00dfk\u00fcchen, Caterer, Restaurants<\/strong> oder auch \u00f6ffentliche Einrichtungen. Kurz gesagt, Schluss mit den Sorgen um die Dosierung: Mit <strong>ORLAV<\/strong> haben Sie eine zuverl\u00e4ssige und professionelle L\u00f6sung. <\/p>\n<p data-start=\"1242\" data-end=\"1544\">\n<p><!--more--><\/p>\n<h4 class=\"ai-optimize-35\">Seine Vorteile :<\/h4>\n<ul>\n<li class=\"ai-optimize-36\">Starke chlorierte Alkaliformel.<\/li>\n<li class=\"ai-optimize-37\">Sehr wirksam gegen Gerbstoffe, Tein und Koffein.<\/li>\n<li class=\"ai-optimize-38\">Sp\u00fclmaschinenfest oder zum Einweichen geeignet.<\/li>\n<li class=\"ai-optimize-39\">Perfekt f\u00fcr Geschirr UND Kochausr\u00fcstung.<\/li>\n<li class=\"ai-optimize-40\">Packung mit 10 kg.<\/li>\n<\/ul>\n<h4><\/h4>\n<p><!--more--><\/p>\n<h4 class=\"ai-optimize-41\">Weitere Informationen :<\/h4>\n<ul>\n<li class=\"ai-optimize-42\"><strong>Verpackung<\/strong>: Einzeln<\/li>\n<li class=\"ai-optimize-43\"><strong>Gewicht<\/strong>: 10 kg \/ 250 Pellets<\/li>\n<li class=\"ai-optimize-44\"><strong>Verwendung<\/strong>: Geschirrrenovierer<\/li>\n<\/ul>\n<p>&nbsp;<\/p>\n<p><!--more--><\/p>\n<p class=\"ai-optimize-45\">Finden Sie auch unser Geschirrsp\u00fclmittel force plus 10 kg : <span style=\"color: #d12727;\"><a style=\"color: #d12727;\" href=\"https:\/\/www.csj-emballages.com\/pt-pt\/produit\/force-plus-10-kg-detergente-para-maquina-de-lavar-louca\/\">0411<\/a><\/span><\/p>\n<p>&nbsp;<\/p>\n<p><!--more--><\/p>\n<p class=\"ai-optimize-46\"><a href=\"https:\/\/www.csj-emballages.com\/wp-admin\/post.php?post=534&amp;action=edit&amp;lang=fr\">Sehen Sie sich den Rest unseres Sortiments an Pflegeprodukten f\u00fcr Geschirrsp\u00fcler an.<\/a><\/p>\n","protected":false},"excerpt":{"rendered":"<p>Geschirrsp\u00fcltablette Beschreibung von unserem ORLAV Geschirrsp\u00fcltablette 5Kg<\/p>\n","protected":false},"featured_media":235484,"template":"","meta":{"_acf_changed":false},"product_brand":[],"product_cat":[1218,1219,1220,1376],"product_tag":[],"class_list":{"0":"post-17177","1":"product","2":"type-product","3":"status-publish","4":"has-post-thumbnail","6":"product_cat-hygiene-und-pflege","7":"product_cat-pflegeprodukte","8":"product_cat-geschirrpflege","9":"product_cat-geschirrspuler","10":"product_shipping_class-verboten-in-staffeln","12":"first","13":"instock","14":"taxable","15":"shipping-taxable","16":"purchasable","17":"product-type-simple"},"acf":[],"yoast_head":"<!-- This site is optimized with the Yoast SEO Premium plugin v26.6 (Yoast SEO v26.6) - https:\/\/yoast.com\/wordpress\/plugins\/seo\/ -->\n<title>ORLAV Geschirrsp\u00fcltablette 5Kg<\/title>\n<meta name=\"description\" content=\"ORLAV Geschirrsp\u00fcltabs 5kg - Chlorfreie Formel mit Aktivsauerstoff. Glanz und Sauberkeit f\u00fcr Geschirr in Industriemaschinen.\" \/>\n<meta name=\"robots\" content=\"index, follow, max-snippet:-1, max-image-preview:large, max-video-preview:-1\" \/>\n<link rel=\"canonical\" href=\"https:\/\/www.csj-emballages.com\/de\/produit\/geschirrspueltablette-5kg-orlav\/\" \/>\n<meta property=\"og:locale\" content=\"de_DE\" \/>\n<meta property=\"og:type\" content=\"article\" \/>\n<meta property=\"og:title\" content=\"Geschirrsp\u00fcltablette 5kg ORLAV\" \/>\n<meta property=\"og:description\" content=\"ORLAV Geschirrsp\u00fcltabs 5kg - Chlorfreie Formel mit Aktivsauerstoff. Glanz und Sauberkeit f\u00fcr Geschirr in Industriemaschinen.\" \/>\n<meta property=\"og:url\" content=\"https:\/\/www.csj-emballages.com\/de\/produit\/geschirrspueltablette-5kg-orlav\/\" \/>\n<meta property=\"og:site_name\" content=\"CSJ Emballages\" \/>\n<meta property=\"article:publisher\" content=\"https:\/\/www.facebook.com\/csjemballages\" \/>\n<meta property=\"article:modified_time\" content=\"2026-05-01T00:10:15+00:00\" \/>\n<meta property=\"og:image\" content=\"https:\/\/www.csj-emballages.com\/wp-content\/uploads\/2024\/03\/01235.webp\" \/>\n\t<meta property=\"og:image:width\" content=\"800\" \/>\n\t<meta property=\"og:image:height\" content=\"800\" \/>\n\t<meta property=\"og:image:type\" content=\"image\/webp\" \/>\n<meta name=\"twitter:card\" content=\"summary_large_image\" \/>\n<meta name=\"twitter:label1\" content=\"Gesch\u00e4tzte Lesezeit\" \/>\n\t<meta name=\"twitter:data1\" content=\"1\u00a0Minute\" \/>\n<script type=\"application\/ld+json\" class=\"yoast-schema-graph\">{\"@context\":\"https:\/\/schema.org\",\"@graph\":[{\"@type\":\"WebPage\",\"@id\":\"https:\/\/www.csj-emballages.com\/de\/produit\/geschirrspueltablette-5kg-orlav\/\",\"url\":\"https:\/\/www.csj-emballages.com\/de\/produit\/geschirrspueltablette-5kg-orlav\/\",\"name\":\"ORLAV Geschirrsp\u00fcltablette 5Kg\",\"isPartOf\":{\"@id\":\"https:\/\/www.csj-emballages.com\/de\/#website\"},\"primaryImageOfPage\":{\"@id\":\"https:\/\/www.csj-emballages.com\/de\/produit\/geschirrspueltablette-5kg-orlav\/#primaryimage\"},\"image\":{\"@id\":\"https:\/\/www.csj-emballages.com\/de\/produit\/geschirrspueltablette-5kg-orlav\/#primaryimage\"},\"thumbnailUrl\":\"https:\/\/www.csj-emballages.com\/wp-content\/uploads\/2024\/03\/01235.webp\",\"datePublished\":\"2024-03-01T16:00:19+00:00\",\"dateModified\":\"2026-05-01T00:10:15+00:00\",\"description\":\"ORLAV Geschirrsp\u00fcltabs 5kg - Chlorfreie Formel mit Aktivsauerstoff. Glanz und Sauberkeit f\u00fcr Geschirr in Industriemaschinen.\",\"breadcrumb\":{\"@id\":\"https:\/\/www.csj-emballages.com\/de\/produit\/geschirrspueltablette-5kg-orlav\/#breadcrumb\"},\"inLanguage\":\"de\",\"potentialAction\":[{\"@type\":\"ReadAction\",\"target\":[\"https:\/\/www.csj-emballages.com\/de\/produit\/geschirrspueltablette-5kg-orlav\/\"]}]},{\"@type\":\"ImageObject\",\"inLanguage\":\"de\",\"@id\":\"https:\/\/www.csj-emballages.com\/de\/produit\/geschirrspueltablette-5kg-orlav\/#primaryimage\",\"url\":\"https:\/\/www.csj-emballages.com\/wp-content\/uploads\/2024\/03\/01235.webp\",\"contentUrl\":\"https:\/\/www.csj-emballages.com\/wp-content\/uploads\/2024\/03\/01235.webp\",\"width\":800,\"height\":800,\"caption\":\"Pastille lave-vaisselle\"},{\"@type\":\"BreadcrumbList\",\"@id\":\"https:\/\/www.csj-emballages.com\/de\/produit\/geschirrspueltablette-5kg-orlav\/#breadcrumb\",\"itemListElement\":[{\"@type\":\"ListItem\",\"position\":1,\"name\":\"Accueil\",\"item\":\"https:\/\/www.csj-emballages.com\/de\/universum-lebensmittelverpackungen\/\"},{\"@type\":\"ListItem\",\"position\":2,\"name\":\"Shop\",\"item\":\"https:\/\/www.csj-emballages.com\/shop\/\"},{\"@type\":\"ListItem\",\"position\":3,\"name\":\"Geschirrsp\u00fcltablette 5kg ORLAV\"}]},{\"@type\":\"WebSite\",\"@id\":\"https:\/\/www.csj-emballages.com\/de\/#website\",\"url\":\"https:\/\/www.csj-emballages.com\/de\/\",\"name\":\"CSJ Emballages\",\"description\":\"\",\"publisher\":{\"@id\":\"https:\/\/www.csj-emballages.com\/de\/#organization\"},\"potentialAction\":[{\"@type\":\"SearchAction\",\"target\":{\"@type\":\"EntryPoint\",\"urlTemplate\":\"https:\/\/www.csj-emballages.com\/de\/?s={search_term_string}\"},\"query-input\":{\"@type\":\"PropertyValueSpecification\",\"valueRequired\":true,\"valueName\":\"search_term_string\"}}],\"inLanguage\":\"de\"},{\"@type\":\"Organization\",\"@id\":\"https:\/\/www.csj-emballages.com\/de\/#Organization\/\",\"name\":\"CSJ Emballages\",\"url\":\"https:\/\/www.csj-emballages.com\/de\/\",\"logo\":{\"@type\":\"ImageObject\",\"inLanguage\":\"de\",\"@id\":\"https:\/\/www.csj-emballages.com\/de\/#\/schema\/logo\/image\/\",\"url\":\"https:\/\/www.csj-emballages.com\/wp-content\/uploads\/2023\/10\/logo_csj.webp\",\"contentUrl\":\"https:\/\/www.csj-emballages.com\/wp-content\/uploads\/2023\/10\/logo_csj.webp\",\"width\":250,\"height\":95,\"caption\":\"CSJ Emballages\"},\"image\":{\"@id\":\"https:\/\/www.csj-emballages.com\/de\/#\/schema\/logo\/image\/\"},\"sameAs\":[\"https:\/\/www.facebook.com\/csjemballages\"],\"address\":{\"@type\":\"PostalAddress\",\"streetAddress\":\"ZI La Lechere\",\"addressLocality\":\"Patornay\",\"postalCode\":\"39130\",\"addressCountry\":\"FR\"},\"contactPoint\":[{\"@type\":\"ContactPoint\",\"contactType\":\"Service client\",\"telephone\":\"0384254272\",\"email\":\"contact@csj-emballages.com\"}]}]}<\/script>\n<!-- \/ Yoast SEO Premium plugin. -->","yoast_head_json":{"title":"ORLAV Geschirrsp\u00fcltablette 5Kg","description":"ORLAV Geschirrsp\u00fcltabs 5kg - Chlorfreie Formel mit Aktivsauerstoff. Glanz und Sauberkeit f\u00fcr Geschirr in Industriemaschinen.","robots":{"index":"index","follow":"follow","max-snippet":"max-snippet:-1","max-image-preview":"max-image-preview:large","max-video-preview":"max-video-preview:-1"},"canonical":"https:\/\/www.csj-emballages.com\/de\/produit\/geschirrspueltablette-5kg-orlav\/","og_locale":"de_DE","og_type":"article","og_title":"Geschirrsp\u00fcltablette 5kg ORLAV","og_description":"ORLAV Geschirrsp\u00fcltabs 5kg - Chlorfreie Formel mit Aktivsauerstoff. Glanz und Sauberkeit f\u00fcr Geschirr in Industriemaschinen.","og_url":"https:\/\/www.csj-emballages.com\/de\/produit\/geschirrspueltablette-5kg-orlav\/","og_site_name":"CSJ Emballages","article_publisher":"https:\/\/www.facebook.com\/csjemballages","article_modified_time":"2026-05-01T00:10:15+00:00","og_image":[{"width":800,"height":800,"url":"https:\/\/www.csj-emballages.com\/wp-content\/uploads\/2024\/03\/01235.webp","type":"image\/webp"}],"twitter_card":"summary_large_image","twitter_misc":{"Gesch\u00e4tzte Lesezeit":"1\u00a0Minute"},"schema":{"@context":"https:\/\/schema.org","@graph":[{"@type":"WebPage","@id":"https:\/\/www.csj-emballages.com\/de\/produit\/geschirrspueltablette-5kg-orlav\/","url":"https:\/\/www.csj-emballages.com\/de\/produit\/geschirrspueltablette-5kg-orlav\/","name":"ORLAV Geschirrsp\u00fcltablette 5Kg","isPartOf":{"@id":"https:\/\/www.csj-emballages.com\/de\/#website"},"primaryImageOfPage":{"@id":"https:\/\/www.csj-emballages.com\/de\/produit\/geschirrspueltablette-5kg-orlav\/#primaryimage"},"image":{"@id":"https:\/\/www.csj-emballages.com\/de\/produit\/geschirrspueltablette-5kg-orlav\/#primaryimage"},"thumbnailUrl":"https:\/\/www.csj-emballages.com\/wp-content\/uploads\/2024\/03\/01235.webp","datePublished":"2024-03-01T16:00:19+00:00","dateModified":"2026-05-01T00:10:15+00:00","description":"ORLAV Geschirrsp\u00fcltabs 5kg - Chlorfreie Formel mit Aktivsauerstoff. Glanz und Sauberkeit f\u00fcr Geschirr in Industriemaschinen.","breadcrumb":{"@id":"https:\/\/www.csj-emballages.com\/de\/produit\/geschirrspueltablette-5kg-orlav\/#breadcrumb"},"inLanguage":"de","potentialAction":[{"@type":"ReadAction","target":["https:\/\/www.csj-emballages.com\/de\/produit\/geschirrspueltablette-5kg-orlav\/"]}]},{"@type":"ImageObject","inLanguage":"de","@id":"https:\/\/www.csj-emballages.com\/de\/produit\/geschirrspueltablette-5kg-orlav\/#primaryimage","url":"https:\/\/www.csj-emballages.com\/wp-content\/uploads\/2024\/03\/01235.webp","contentUrl":"https:\/\/www.csj-emballages.com\/wp-content\/uploads\/2024\/03\/01235.webp","width":800,"height":800,"caption":"Pastille lave-vaisselle"},{"@type":"BreadcrumbList","@id":"https:\/\/www.csj-emballages.com\/de\/produit\/geschirrspueltablette-5kg-orlav\/#breadcrumb","itemListElement":[{"@type":"ListItem","position":1,"name":"Accueil","item":"https:\/\/www.csj-emballages.com\/de\/universum-lebensmittelverpackungen\/"},{"@type":"ListItem","position":2,"name":"Shop","item":"https:\/\/www.csj-emballages.com\/shop\/"},{"@type":"ListItem","position":3,"name":"Geschirrsp\u00fcltablette 5kg ORLAV"}]},{"@type":"WebSite","@id":"https:\/\/www.csj-emballages.com\/de\/#website","url":"https:\/\/www.csj-emballages.com\/de\/","name":"CSJ Emballages","description":"","publisher":{"@id":"https:\/\/www.csj-emballages.com\/de\/#organization"},"potentialAction":[{"@type":"SearchAction","target":{"@type":"EntryPoint","urlTemplate":"https:\/\/www.csj-emballages.com\/de\/?s={search_term_string}"},"query-input":{"@type":"PropertyValueSpecification","valueRequired":true,"valueName":"search_term_string"}}],"inLanguage":"de"},{"@type":"Organization","@id":"https:\/\/www.csj-emballages.com\/de\/#Organization\/","name":"CSJ Emballages","url":"https:\/\/www.csj-emballages.com\/de\/","logo":{"@type":"ImageObject","inLanguage":"de","@id":"https:\/\/www.csj-emballages.com\/de\/#\/schema\/logo\/image\/","url":"https:\/\/www.csj-emballages.com\/wp-content\/uploads\/2023\/10\/logo_csj.webp","contentUrl":"https:\/\/www.csj-emballages.com\/wp-content\/uploads\/2023\/10\/logo_csj.webp","width":250,"height":95,"caption":"CSJ Emballages"},"image":{"@id":"https:\/\/www.csj-emballages.com\/de\/#\/schema\/logo\/image\/"},"sameAs":["https:\/\/www.facebook.com\/csjemballages"],"address":{"@type":"PostalAddress","streetAddress":"ZI La Lechere","addressLocality":"Patornay","postalCode":"39130","addressCountry":"FR"},"contactPoint":[{"@type":"ContactPoint","contactType":"Service client","telephone":"0384254272","email":"contact@csj-emballages.com"}]}]}},"df_price":51.71,"df_sale_price":"","df_regular_price":51.71,"df_image_link":"https:\/\/www.csj-emballages.com\/wp-content\/uploads\/2024\/03\/01235-300x300.webp","tiered_pricing_type":"fixed","tiered_pricing_fixed_rules":[],"tiered_pricing_percentage_rules":[],"tiered_pricing_minimum":1,"tiered_pricing_roles_data":[],"_links":{"self":[{"href":"https:\/\/www.csj-emballages.com\/de\/wp-json\/wp\/v2\/product\/17177","targetHints":{"allow":["GET"]}}],"collection":[{"href":"https:\/\/www.csj-emballages.com\/de\/wp-json\/wp\/v2\/product"}],"about":[{"href":"https:\/\/www.csj-emballages.com\/de\/wp-json\/wp\/v2\/types\/product"}],"wp:featuredmedia":[{"embeddable":true,"href":"https:\/\/www.csj-emballages.com\/de\/wp-json\/wp\/v2\/media\/235484"}],"wp:attachment":[{"href":"https:\/\/www.csj-emballages.com\/de\/wp-json\/wp\/v2\/media?parent=17177"}],"wp:term":[{"taxonomy":"product_brand","embeddable":true,"href":"https:\/\/www.csj-emballages.com\/de\/wp-json\/wp\/v2\/product_brand?post=17177"},{"taxonomy":"product_cat","embeddable":true,"href":"https:\/\/www.csj-emballages.com\/de\/wp-json\/wp\/v2\/product_cat?post=17177"},{"taxonomy":"product_tag","embeddable":true,"href":"https:\/\/www.csj-emballages.com\/de\/wp-json\/wp\/v2\/product_tag?post=17177"}],"curies":[{"name":"wp","href":"https:\/\/api.w.org\/{rel}","templated":true}]}}