{"id":17166,"date":"2024-03-01T17:00:20","date_gmt":"2024-03-01T16:00:20","guid":{"rendered":"https:\/\/u15jnbdpoq.preview.infomaniak.website\/produit\/javeltabletten-500g\/"},"modified":"2026-04-24T02:10:18","modified_gmt":"2026-04-24T00:10:18","slug":"javeltabletten-500g","status":"publish","type":"product","link":"https:\/\/www.csj-emballages.com\/de\/produit\/javeltabletten-500g\/","title":{"rendered":"Javeltabletten 500 gr"},"content":{"rendered":"<h2 class=\"p1 ai-optimize-44\">Bleichmitteltabletten<\/h2>\n<hr>\n<h3 class=\"ai-optimize-34\">Beschreibung unserer Bleichmitteltabletten 500 gr.<\/h3>\n<p><!--more--><\/p>\n<p class=\"ai-optimize-39 ai-optimize-introduction\" data-start=\"234\" data-end=\"526\">Die <strong>Bleichmitteltabletten in der 500-g-Dose<\/strong> sind ein unverzichtbares Hilfsmittel f\u00fcr die t\u00e4gliche Reinigung von Oberfl\u00e4chen, insbesondere in professionellen Umgebungen wie Restaurants, \u00f6ffentlichen Einrichtungen und Gesundheitseinrichtungen, aber auch f\u00fcr den anspruchsvollen Hausgebrauch.<\/p>\n<p class=\"ai-optimize-40\" data-start=\"528\" data-end=\"840\">Mit den leicht zu handhabenden <strong>Bleichmitteltabletten<\/strong> k\u00f6nnen Sie genau die Menge an <strong>Bleichmittel<\/strong> dosieren, die Sie je nach Bedarf ben\u00f6tigen: Desinfektion, Entkalkung, Bleichung oder auch Geruchsbeseitigung. L\u00f6sen Sie die <strong>Tabletten<\/strong> einfach in kaltem Wasser auf, um eine gebrauchsfertige L\u00f6sung zu erhalten &#8211; ohne Verschwendung oder Spritzer. <\/p>\n<p class=\"ai-optimize-41\" data-start=\"842\" data-end=\"1181\">Sie sind n\u00e4mlich hochkonzentriert und setzen nach dem Aufl\u00f6sen schnell aktives <strong>Chlor<\/strong> frei, was eine starke desinfizierende Wirkung gegen Viren, Bakterien, Pilze und schlechte Ger\u00fcche garantiert. Sie sind besonders wirksam bei der Reinigung von Sanit\u00e4ranlagen, Fliesenb\u00f6den, K\u00fcchen, Abfallbeh\u00e4ltern, Arbeitsfl\u00e4chen f\u00fcr den Non-Food-Bereich usw. <\/p>\n<p class=\"ai-optimize-42\" data-start=\"1183\" data-end=\"1451\">Auch die <strong>wiederverschlie\u00dfbare<\/strong> <strong>500-g-Dose<\/strong> ist praktisch in der Lagerung und Anwendung: Sie sch\u00fctzt die Tabletten vor Feuchtigkeit und sorgt f\u00fcr eine optimale Haltbarkeit des Produkts. Ein zuverl\u00e4ssiger Verb\u00fcndeter zur Aufrechterhaltung eines hohen Hygienestandards bei gleichzeitiger Vereinfachung der Reinigungsroutinen. <\/p>\n<p class=\"ai-optimize-43\" data-start=\"1453\" data-end=\"1659\">Kurz gesagt: ideal f\u00fcr alle, die eine <strong data-start=\"1512\" data-end=\"1524\">effiziente<\/strong>, <strong data-start=\"1526\" data-end=\"1540\">kosteng\u00fcnstige<\/strong> und <strong data-start=\"1544\" data-end=\"1559\">vielseitige<\/strong> L\u00f6sung suchen, egal ob Sie ein professionelles Reinigungsunternehmen oder eine sauberkeitsbewusste Privatperson sind.<\/p>\n<p data-start=\"1453\" data-end=\"1659\">\n<p><!--more--><\/p>\n<h4 class=\"ai-optimize-37\"><strong>Seine Vorteile :<\/strong><\/h4>\n<ul>\n<li class=\"ai-optimize-38\">Pr\u00e4zise Dosierung: vermeidet Verschwendung.<\/li>\n<li class=\"ai-optimize-39\">Schnelle und wirksame Desinfektion.<\/li>\n<li class=\"ai-optimize-40\"><strong>Vielseitig<\/strong> einsetzbar: B\u00f6den, Sanit\u00e4ranlagen, M\u00fclleimer usw.<\/li>\n<li class=\"ai-optimize-42\">Kompaktes, wiederverschlie\u00dfbares Format.<\/li>\n<li class=\"ai-optimize-46\">Wirtschaftlich und lange haltbar.<\/li>\n<\/ul>\n<p>&nbsp;<\/p>\n<p><!--more--><\/p>\n<h4 class=\"ai-optimize-44\">Weitere Informationen :<\/h4>\n<ul>\n<li class=\"ai-optimize-45\"><strong>Verpackung<\/strong>: Topf mit 500 g<\/li>\n<li class=\"ai-optimize-47\"><strong>Verwendung<\/strong>: Bleichmitteltablette<\/li>\n<li class=\"ai-optimize-47\">1 Tablette + 55 ml Wasser = 2,6% Bleiche<\/li>\n<\/ul>\n<p>&nbsp;<\/p>\n<p><!--more--><\/p>\n<p class=\"ai-optimize-34\">Hier finden Sie unsere fl\u00fcssige Bleiche 9.6% 5 : <span style=\"color: #d12727;\"><a style=\"color: #d12727;\" href=\"https:\/\/www.csj-emballages.com\/es\/produit\/lejia-liquida-96-5l\/\">00765<\/a><\/span><\/p>\n<p class=\"ai-optimize-52\">Oder auch unsere fl\u00fcssige Bleiche 2.6% 5L : <span style=\"color: #d12727;\"><a style=\"color: #d12727;\" href=\"https:\/\/www.csj-emballages.com\/es\/produit\/lejia-liquida-26-5l\/\"><span style=\"color: #d12727;\">00785<\/span><\/a><\/span><\/p>\n<p>&nbsp;<\/p>\n<p><!--more--><\/p>\n<p class=\"ai-optimize-41\"><a href=\"https:\/\/www.csj-emballages.com\/de\/categorie-produit\/hygiene-und-pflege\/pflegeprodukte\/bleiche-und-andere\/\">Sehen Sie sich den Rest unseres Javelsortiments an<\/a><\/p>\n","protected":false},"excerpt":{"rendered":"<p>Bleichmitteltabletten Beschreibung unserer Bleichmitteltabletten 500 gr.<\/p>\n","protected":false},"featured_media":236083,"template":"","meta":{"_acf_changed":false},"product_brand":[],"product_cat":[1218,1219,1354],"product_tag":[],"class_list":{"0":"post-17166","1":"product","2":"type-product","3":"status-publish","4":"has-post-thumbnail","6":"product_cat-hygiene-und-pflege","7":"product_cat-pflegeprodukte","8":"product_cat-bleiche-und-andere","10":"first","11":"instock","12":"taxable","13":"shipping-taxable","14":"purchasable","15":"product-type-simple"},"acf":[],"yoast_head":"<!-- This site is optimized with the Yoast SEO Premium plugin v26.6 (Yoast SEO v26.6) - https:\/\/yoast.com\/wordpress\/plugins\/seo\/ -->\n<title>Javel Pastillen 500 gr<\/title>\n<meta name=\"description\" content=\"500 g hochwirksame Javeltabletten zum Desinfizieren, Bleichen und Desodorieren. Perfekt f\u00fcr B\u00f6den und Oberfl\u00e4chen. Einfach zu dosieren, stark in der Anwendung.\" \/>\n<meta name=\"robots\" content=\"index, follow, max-snippet:-1, max-image-preview:large, max-video-preview:-1\" \/>\n<link rel=\"canonical\" href=\"https:\/\/www.csj-emballages.com\/de\/produit\/javeltabletten-500g\/\" \/>\n<meta property=\"og:locale\" content=\"de_DE\" \/>\n<meta property=\"og:type\" content=\"article\" \/>\n<meta property=\"og:title\" content=\"Javeltabletten 500 gr\" \/>\n<meta property=\"og:description\" content=\"500 g hochwirksame Javeltabletten zum Desinfizieren, Bleichen und Desodorieren. Perfekt f\u00fcr B\u00f6den und Oberfl\u00e4chen. Einfach zu dosieren, stark in der Anwendung.\" \/>\n<meta property=\"og:url\" content=\"https:\/\/www.csj-emballages.com\/de\/produit\/javeltabletten-500g\/\" \/>\n<meta property=\"og:site_name\" content=\"CSJ Emballages\" \/>\n<meta property=\"article:publisher\" content=\"https:\/\/www.facebook.com\/csjemballages\" \/>\n<meta property=\"article:modified_time\" content=\"2026-04-24T00:10:18+00:00\" \/>\n<meta property=\"og:image\" content=\"https:\/\/www.csj-emballages.com\/wp-content\/uploads\/2024\/03\/0079500.webp\" \/>\n\t<meta property=\"og:image:width\" content=\"800\" \/>\n\t<meta property=\"og:image:height\" content=\"800\" \/>\n\t<meta property=\"og:image:type\" content=\"image\/webp\" \/>\n<meta name=\"twitter:card\" content=\"summary_large_image\" \/>\n<meta name=\"twitter:label1\" content=\"Gesch\u00e4tzte Lesezeit\" \/>\n\t<meta name=\"twitter:data1\" content=\"1\u00a0Minute\" \/>\n<script type=\"application\/ld+json\" class=\"yoast-schema-graph\">{\"@context\":\"https:\/\/schema.org\",\"@graph\":[{\"@type\":\"WebPage\",\"@id\":\"https:\/\/www.csj-emballages.com\/de\/produit\/javeltabletten-500g\/\",\"url\":\"https:\/\/www.csj-emballages.com\/de\/produit\/javeltabletten-500g\/\",\"name\":\"Javel Pastillen 500 gr\",\"isPartOf\":{\"@id\":\"https:\/\/www.csj-emballages.com\/de\/#website\"},\"primaryImageOfPage\":{\"@id\":\"https:\/\/www.csj-emballages.com\/de\/produit\/javeltabletten-500g\/#primaryimage\"},\"image\":{\"@id\":\"https:\/\/www.csj-emballages.com\/de\/produit\/javeltabletten-500g\/#primaryimage\"},\"thumbnailUrl\":\"https:\/\/www.csj-emballages.com\/wp-content\/uploads\/2024\/03\/0079500.webp\",\"datePublished\":\"2024-03-01T16:00:20+00:00\",\"dateModified\":\"2026-04-24T00:10:18+00:00\",\"description\":\"500 g hochwirksame Javeltabletten zum Desinfizieren, Bleichen und Desodorieren. Perfekt f\u00fcr B\u00f6den und Oberfl\u00e4chen. Einfach zu dosieren, stark in der Anwendung.\",\"breadcrumb\":{\"@id\":\"https:\/\/www.csj-emballages.com\/de\/produit\/javeltabletten-500g\/#breadcrumb\"},\"inLanguage\":\"de\",\"potentialAction\":[{\"@type\":\"ReadAction\",\"target\":[\"https:\/\/www.csj-emballages.com\/de\/produit\/javeltabletten-500g\/\"]}]},{\"@type\":\"ImageObject\",\"inLanguage\":\"de\",\"@id\":\"https:\/\/www.csj-emballages.com\/de\/produit\/javeltabletten-500g\/#primaryimage\",\"url\":\"https:\/\/www.csj-emballages.com\/wp-content\/uploads\/2024\/03\/0079500.webp\",\"contentUrl\":\"https:\/\/www.csj-emballages.com\/wp-content\/uploads\/2024\/03\/0079500.webp\",\"width\":800,\"height\":800,\"caption\":\"Pastilles javel\u00a0\"},{\"@type\":\"BreadcrumbList\",\"@id\":\"https:\/\/www.csj-emballages.com\/de\/produit\/javeltabletten-500g\/#breadcrumb\",\"itemListElement\":[{\"@type\":\"ListItem\",\"position\":1,\"name\":\"Accueil\",\"item\":\"https:\/\/www.csj-emballages.com\/de\/universum-lebensmittelverpackungen\/\"},{\"@type\":\"ListItem\",\"position\":2,\"name\":\"Shop\",\"item\":\"https:\/\/www.csj-emballages.com\/shop\/\"},{\"@type\":\"ListItem\",\"position\":3,\"name\":\"Javeltabletten 500 gr\"}]},{\"@type\":\"WebSite\",\"@id\":\"https:\/\/www.csj-emballages.com\/de\/#website\",\"url\":\"https:\/\/www.csj-emballages.com\/de\/\",\"name\":\"CSJ Emballages\",\"description\":\"\",\"publisher\":{\"@id\":\"https:\/\/www.csj-emballages.com\/de\/#organization\"},\"potentialAction\":[{\"@type\":\"SearchAction\",\"target\":{\"@type\":\"EntryPoint\",\"urlTemplate\":\"https:\/\/www.csj-emballages.com\/de\/?s={search_term_string}\"},\"query-input\":{\"@type\":\"PropertyValueSpecification\",\"valueRequired\":true,\"valueName\":\"search_term_string\"}}],\"inLanguage\":\"de\"},{\"@type\":\"Organization\",\"@id\":\"https:\/\/www.csj-emballages.com\/de\/#Organization\/\",\"name\":\"CSJ Emballages\",\"url\":\"https:\/\/www.csj-emballages.com\/de\/\",\"logo\":{\"@type\":\"ImageObject\",\"inLanguage\":\"de\",\"@id\":\"https:\/\/www.csj-emballages.com\/de\/#\/schema\/logo\/image\/\",\"url\":\"https:\/\/www.csj-emballages.com\/wp-content\/uploads\/2023\/10\/logo_csj.webp\",\"contentUrl\":\"https:\/\/www.csj-emballages.com\/wp-content\/uploads\/2023\/10\/logo_csj.webp\",\"width\":250,\"height\":95,\"caption\":\"CSJ Emballages\"},\"image\":{\"@id\":\"https:\/\/www.csj-emballages.com\/de\/#\/schema\/logo\/image\/\"},\"sameAs\":[\"https:\/\/www.facebook.com\/csjemballages\"],\"address\":{\"@type\":\"PostalAddress\",\"streetAddress\":\"ZI La Lechere\",\"addressLocality\":\"Patornay\",\"postalCode\":\"39130\",\"addressCountry\":\"FR\"},\"contactPoint\":[{\"@type\":\"ContactPoint\",\"contactType\":\"Service client\",\"telephone\":\"0384254272\",\"email\":\"contact@csj-emballages.com\"}]}]}<\/script>\n<!-- \/ Yoast SEO Premium plugin. -->","yoast_head_json":{"title":"Javel Pastillen 500 gr","description":"500 g hochwirksame Javeltabletten zum Desinfizieren, Bleichen und Desodorieren. Perfekt f\u00fcr B\u00f6den und Oberfl\u00e4chen. Einfach zu dosieren, stark in der Anwendung.","robots":{"index":"index","follow":"follow","max-snippet":"max-snippet:-1","max-image-preview":"max-image-preview:large","max-video-preview":"max-video-preview:-1"},"canonical":"https:\/\/www.csj-emballages.com\/de\/produit\/javeltabletten-500g\/","og_locale":"de_DE","og_type":"article","og_title":"Javeltabletten 500 gr","og_description":"500 g hochwirksame Javeltabletten zum Desinfizieren, Bleichen und Desodorieren. Perfekt f\u00fcr B\u00f6den und Oberfl\u00e4chen. Einfach zu dosieren, stark in der Anwendung.","og_url":"https:\/\/www.csj-emballages.com\/de\/produit\/javeltabletten-500g\/","og_site_name":"CSJ Emballages","article_publisher":"https:\/\/www.facebook.com\/csjemballages","article_modified_time":"2026-04-24T00:10:18+00:00","og_image":[{"width":800,"height":800,"url":"https:\/\/www.csj-emballages.com\/wp-content\/uploads\/2024\/03\/0079500.webp","type":"image\/webp"}],"twitter_card":"summary_large_image","twitter_misc":{"Gesch\u00e4tzte Lesezeit":"1\u00a0Minute"},"schema":{"@context":"https:\/\/schema.org","@graph":[{"@type":"WebPage","@id":"https:\/\/www.csj-emballages.com\/de\/produit\/javeltabletten-500g\/","url":"https:\/\/www.csj-emballages.com\/de\/produit\/javeltabletten-500g\/","name":"Javel Pastillen 500 gr","isPartOf":{"@id":"https:\/\/www.csj-emballages.com\/de\/#website"},"primaryImageOfPage":{"@id":"https:\/\/www.csj-emballages.com\/de\/produit\/javeltabletten-500g\/#primaryimage"},"image":{"@id":"https:\/\/www.csj-emballages.com\/de\/produit\/javeltabletten-500g\/#primaryimage"},"thumbnailUrl":"https:\/\/www.csj-emballages.com\/wp-content\/uploads\/2024\/03\/0079500.webp","datePublished":"2024-03-01T16:00:20+00:00","dateModified":"2026-04-24T00:10:18+00:00","description":"500 g hochwirksame Javeltabletten zum Desinfizieren, Bleichen und Desodorieren. Perfekt f\u00fcr B\u00f6den und Oberfl\u00e4chen. Einfach zu dosieren, stark in der Anwendung.","breadcrumb":{"@id":"https:\/\/www.csj-emballages.com\/de\/produit\/javeltabletten-500g\/#breadcrumb"},"inLanguage":"de","potentialAction":[{"@type":"ReadAction","target":["https:\/\/www.csj-emballages.com\/de\/produit\/javeltabletten-500g\/"]}]},{"@type":"ImageObject","inLanguage":"de","@id":"https:\/\/www.csj-emballages.com\/de\/produit\/javeltabletten-500g\/#primaryimage","url":"https:\/\/www.csj-emballages.com\/wp-content\/uploads\/2024\/03\/0079500.webp","contentUrl":"https:\/\/www.csj-emballages.com\/wp-content\/uploads\/2024\/03\/0079500.webp","width":800,"height":800,"caption":"Pastilles javel\u00a0"},{"@type":"BreadcrumbList","@id":"https:\/\/www.csj-emballages.com\/de\/produit\/javeltabletten-500g\/#breadcrumb","itemListElement":[{"@type":"ListItem","position":1,"name":"Accueil","item":"https:\/\/www.csj-emballages.com\/de\/universum-lebensmittelverpackungen\/"},{"@type":"ListItem","position":2,"name":"Shop","item":"https:\/\/www.csj-emballages.com\/shop\/"},{"@type":"ListItem","position":3,"name":"Javeltabletten 500 gr"}]},{"@type":"WebSite","@id":"https:\/\/www.csj-emballages.com\/de\/#website","url":"https:\/\/www.csj-emballages.com\/de\/","name":"CSJ Emballages","description":"","publisher":{"@id":"https:\/\/www.csj-emballages.com\/de\/#organization"},"potentialAction":[{"@type":"SearchAction","target":{"@type":"EntryPoint","urlTemplate":"https:\/\/www.csj-emballages.com\/de\/?s={search_term_string}"},"query-input":{"@type":"PropertyValueSpecification","valueRequired":true,"valueName":"search_term_string"}}],"inLanguage":"de"},{"@type":"Organization","@id":"https:\/\/www.csj-emballages.com\/de\/#Organization\/","name":"CSJ Emballages","url":"https:\/\/www.csj-emballages.com\/de\/","logo":{"@type":"ImageObject","inLanguage":"de","@id":"https:\/\/www.csj-emballages.com\/de\/#\/schema\/logo\/image\/","url":"https:\/\/www.csj-emballages.com\/wp-content\/uploads\/2023\/10\/logo_csj.webp","contentUrl":"https:\/\/www.csj-emballages.com\/wp-content\/uploads\/2023\/10\/logo_csj.webp","width":250,"height":95,"caption":"CSJ Emballages"},"image":{"@id":"https:\/\/www.csj-emballages.com\/de\/#\/schema\/logo\/image\/"},"sameAs":["https:\/\/www.facebook.com\/csjemballages"],"address":{"@type":"PostalAddress","streetAddress":"ZI La Lechere","addressLocality":"Patornay","postalCode":"39130","addressCountry":"FR"},"contactPoint":[{"@type":"ContactPoint","contactType":"Service client","telephone":"0384254272","email":"contact@csj-emballages.com"}]}]}},"df_price":6.68,"df_sale_price":"","df_regular_price":6.68,"df_image_link":"https:\/\/www.csj-emballages.com\/wp-content\/uploads\/2024\/03\/0079500-300x300.webp","tiered_pricing_type":"fixed","tiered_pricing_fixed_rules":[],"tiered_pricing_percentage_rules":[],"tiered_pricing_minimum":1,"tiered_pricing_roles_data":[],"_links":{"self":[{"href":"https:\/\/www.csj-emballages.com\/de\/wp-json\/wp\/v2\/product\/17166","targetHints":{"allow":["GET"]}}],"collection":[{"href":"https:\/\/www.csj-emballages.com\/de\/wp-json\/wp\/v2\/product"}],"about":[{"href":"https:\/\/www.csj-emballages.com\/de\/wp-json\/wp\/v2\/types\/product"}],"wp:featuredmedia":[{"embeddable":true,"href":"https:\/\/www.csj-emballages.com\/de\/wp-json\/wp\/v2\/media\/236083"}],"wp:attachment":[{"href":"https:\/\/www.csj-emballages.com\/de\/wp-json\/wp\/v2\/media?parent=17166"}],"wp:term":[{"taxonomy":"product_brand","embeddable":true,"href":"https:\/\/www.csj-emballages.com\/de\/wp-json\/wp\/v2\/product_brand?post=17166"},{"taxonomy":"product_cat","embeddable":true,"href":"https:\/\/www.csj-emballages.com\/de\/wp-json\/wp\/v2\/product_cat?post=17166"},{"taxonomy":"product_tag","embeddable":true,"href":"https:\/\/www.csj-emballages.com\/de\/wp-json\/wp\/v2\/product_tag?post=17166"}],"curies":[{"name":"wp","href":"https:\/\/api.w.org\/{rel}","templated":true}]}}